{"id":92837,"date":"2025-03-05T10:39:11","date_gmt":"2025-03-04T12:40:58","guid":{"rendered":"https:\/\/www.lustandlove.eu\/?post_type=product&#038;p=92837"},"modified":"2026-04-13T10:26:41","modified_gmt":"2026-04-13T07:26:41","slug":"double-pleasure-kinkekomplekt-copy","status":"publish","type":"product","link":"https:\/\/lustandlove.eu\/et\/toode\/double-pleasure-kinkekomplekt-copy\/","title":{"rendered":"Iconic Duo Kinkekomplekt"},"content":{"rendered":"<p><strong>Nyx vibraatori eelised:<\/strong><br \/>\nNyx on ovaalse kujuga, mille keskel on v\u00e4ike k\u00f5rgendus, mist\u00f5ttu see sobib ideaalselt teie peopessa. K\u00f5rgus tagab t\u00e4iendava t\u00e4psuse, v\u00f5imaldades teil t\u00f5husamalt sihtida selliseid piirkondi nagu kliitor v\u00f5i peenise ots. Samuti v\u00f5ite asetada Nyxi peopessa ja libistada seda peenist m\u00f6\u00f6da \u00fcles-alla, sarnaselt <em>handjon<\/em>-i andmisega.<\/p>\n<p>Vibraator edastab v\u00f5imsaid vibratsioone ning on varustatud 3 intensiivsuse taseme ja 7 vibratsioonimustriga, et saaksite leida selle, mis teile k\u00f5ige rohkem meeldib. Nyx on valmistatud pehmest silikoonist, mist\u00f5ttu on see ideaalne tundlike piirkondade uurimiseks ja avastamiseks.<\/p>\n<p><strong>Power Loop eelised:<\/strong><br \/>\nPeenise p\u00f5hja asetatakse verevoolu piiramiseks peeniser\u00f5ngas. Selle tulemuseks v\u00f5ib olla tugevam ja kauem kestev erektsioon, mis v\u00f5ib pikendada seksuaalse tegevuse kestust ja pakkuda intensiivsemat orgasmi.<br \/>\nPower Loopil on 10 erinevat vibratsiooniseadet, mida saab juhtida otse peeniser\u00f5ngast v\u00f5i kaugjuhtimispuldi abil. See on nii praktiline kui ka lisab p\u00f5neva elemendi, v\u00f5imaldades kellelgi teisel juhtimise enda k\u00e4tte v\u00f5tta.<\/p>\n<p><b>Puhastamine ja hoiustamine<\/b><br \/>\nLelusid on lihtne puhastada, kasutage lihtsalt vett ja \u00f5rna seepi. Seej\u00e4rel saate selle lihtsalt pehme ja puhta lapiga maha p\u00fchkida.<\/p>\n<p>Me ei soovita seda hoida otsese p\u00e4ikesevalguse k\u00e4es, vaid pigem kuivas kohas. N\u00e4iteks riidest kotis, karbis v\u00f5i sahtlis.<\/p>\n<p><strong>Iconic Duo tehnilised andmed<\/strong><br \/>\nVeekindel<br \/>\n\u00dchildub veep\u00f5hise libestiga<br \/>\n10 erinevat vibratsiooniseadet<br \/>\nTaaslaetav: kaasas laadija<br \/>\nKomplektis kaugjuhtimispult<br \/>\nValmistatud kehale ohutust silikoonist<br \/>\nNyx m\u00f5\u00f5dud: Pikkus 9 cm x laius 5,5 cm<br \/>\nPower Loop m\u00f5\u00f5dud: r\u00f5nga l\u00e4bim\u00f5\u00f5t (veniv): 3 cm sisem\u00f5\u00f5t; 4 cm v\u00e4limine m\u00f5\u00f5t, vibreeriva detaili laius: 4,5 cm<\/p>\n","protected":false},"excerpt":{"rendered":"<p>See komplekt sobib suurep\u00e4raselt koos intiimsuse avastamiseks<\/p>\n<p>Sellest kinkekarbist saad kaks Peechi bestsellerit: Power Loop peeniser\u00f5nga ja Nyx vibraatori ilusas v\u00e4rvitoonis. Hellitage ennast selle kinkekarbiga v\u00f5i kinkige see kellelegi, kellest hoolite.<\/p>\n","protected":false},"featured_media":92851,"template":"","meta":[],"product_brand":[4229],"product_cat":[1493,1484],"product_tag":[1518,3786],"class_list":{"0":"post-92837","1":"product","2":"type-product","3":"status-publish","4":"has-post-thumbnail","6":"product_brand-peech-et","7":"product_cat-paaride-komplektid","8":"product_cat-sekslelud","9":"product_tag-kingi-karp","10":"product_tag-kingiidee","11":"pa_brand-peech-et","13":"first","14":"instock","15":"taxable","16":"shipping-taxable","17":"purchasable","18":"product-type-simple"},"yoast_head":"<!-- This site is optimized with the Yoast SEO plugin v27.4 - https:\/\/yoast.com\/product\/yoast-seo-wordpress\/ -->\n<title>Iconic Duo Kinkekomplekt | Lust &amp; Love Adult Toy Store<\/title>\n<meta name=\"description\" content=\"Avasta intiimsust uuel tasemel \u2013 see kinkekarp sobib suurep\u00e4raselt oma erogeensete tsoonide avastamiseks. Selles vibraatori kinkekarbis on kaks vibraatorit.\" \/>\n<meta name=\"robots\" content=\"index,follow,max-snippet:-1,max-image-preview:large,max-video-preview:-1\" \/>\n<link rel=\"canonical\" href=\"https:\/\/lustandlove.eu\/et\/toode\/double-pleasure-kinkekomplekt-copy\/\" \/>\n<script type=\"application\/ld+json\" class=\"yoast-schema-graph\">{\"@context\":\"https:\\\/\\\/schema.org\",\"@graph\":[{\"@type\":[\"WebPage\",\"ItemPage\"],\"@id\":\"https:\\\/\\\/lustandlove.eu\\\/et\\\/toode\\\/double-pleasure-kinkekomplekt-copy\\\/\",\"url\":\"https:\\\/\\\/lustandlove.eu\\\/et\\\/toode\\\/double-pleasure-kinkekomplekt-copy\\\/\",\"name\":\"Iconic Duo Kinkekomplekt | Lust & Love Adult Toy Store\",\"isPartOf\":{\"@id\":\"https:\\\/\\\/lustandlove.eu\\\/et\\\/#website\"},\"primaryImageOfPage\":{\"@id\":\"https:\\\/\\\/lustandlove.eu\\\/et\\\/toode\\\/double-pleasure-kinkekomplekt-copy\\\/#primaryimage\"},\"image\":{\"@id\":\"https:\\\/\\\/lustandlove.eu\\\/et\\\/toode\\\/double-pleasure-kinkekomplekt-copy\\\/#primaryimage\"},\"thumbnailUrl\":\"https:\\\/\\\/lustandlove.eu\\\/wp-content\\\/uploads\\\/ICONICDUO0660_13.jpg\",\"datePublished\":\"2025-03-04T12:40:58+00:00\",\"dateModified\":\"2026-04-13T07:26:41+00:00\",\"description\":\"Avasta intiimsust uuel tasemel \u2013 see kinkekarp sobib suurep\u00e4raselt oma erogeensete tsoonide avastamiseks. Selles vibraatori kinkekarbis on kaks vibraatorit.\",\"breadcrumb\":{\"@id\":\"https:\\\/\\\/lustandlove.eu\\\/et\\\/toode\\\/double-pleasure-kinkekomplekt-copy\\\/#breadcrumb\"},\"inLanguage\":\"et\",\"potentialAction\":[{\"@type\":\"ReadAction\",\"target\":[\"https:\\\/\\\/lustandlove.eu\\\/et\\\/toode\\\/double-pleasure-kinkekomplekt-copy\\\/\"]}]},{\"@type\":\"ImageObject\",\"inLanguage\":\"et\",\"@id\":\"https:\\\/\\\/lustandlove.eu\\\/et\\\/toode\\\/double-pleasure-kinkekomplekt-copy\\\/#primaryimage\",\"url\":\"https:\\\/\\\/lustandlove.eu\\\/wp-content\\\/uploads\\\/ICONICDUO0660_13.jpg\",\"contentUrl\":\"https:\\\/\\\/lustandlove.eu\\\/wp-content\\\/uploads\\\/ICONICDUO0660_13.jpg\",\"width\":768,\"height\":960},{\"@type\":\"BreadcrumbList\",\"@id\":\"https:\\\/\\\/lustandlove.eu\\\/et\\\/toode\\\/double-pleasure-kinkekomplekt-copy\\\/#breadcrumb\",\"itemListElement\":[{\"@type\":\"ListItem\",\"position\":1,\"name\":\"Lust and Love\",\"item\":\"https:\\\/\\\/lustandlove.eu\\\/et\\\/\"},{\"@type\":\"ListItem\",\"position\":2,\"name\":\"Pood\",\"item\":\"https:\\\/\\\/lustandlove.eu\\\/et\\\/pood\\\/\"},{\"@type\":\"ListItem\",\"position\":3,\"name\":\"Sekslelud\",\"item\":\"https:\\\/\\\/lustandlove.eu\\\/et\\\/pood\\\/sekslelud\\\/\"},{\"@type\":\"ListItem\",\"position\":4,\"name\":\"Paaride komplektid\",\"item\":\"https:\\\/\\\/lustandlove.eu\\\/et\\\/pood\\\/sekslelud\\\/paaride-komplektid\\\/\"},{\"@type\":\"ListItem\",\"position\":5,\"name\":\"Iconic Duo Kinkekomplekt\"}]},{\"@type\":\"WebSite\",\"@id\":\"https:\\\/\\\/lustandlove.eu\\\/et\\\/#website\",\"url\":\"https:\\\/\\\/lustandlove.eu\\\/et\\\/\",\"name\":\"Lust & Love\",\"description\":\"Online erootikapood tervise, ilu ja armastuse jaoks\",\"publisher\":{\"@id\":\"https:\\\/\\\/lustandlove.eu\\\/et\\\/#organization\"},\"potentialAction\":[{\"@type\":\"SearchAction\",\"target\":{\"@type\":\"EntryPoint\",\"urlTemplate\":\"https:\\\/\\\/lustandlove.eu\\\/et\\\/?s={search_term_string}\"},\"query-input\":{\"@type\":\"PropertyValueSpecification\",\"valueRequired\":true,\"valueName\":\"search_term_string\"}}],\"inLanguage\":\"et\"},{\"@type\":\"Organization\",\"@id\":\"https:\\\/\\\/lustandlove.eu\\\/et\\\/#organization\",\"name\":\"Bioconcept Baltics O\u00dc\",\"url\":\"https:\\\/\\\/lustandlove.eu\\\/et\\\/\",\"logo\":{\"@type\":\"ImageObject\",\"inLanguage\":\"et\",\"@id\":\"https:\\\/\\\/lustandlove.eu\\\/et\\\/#\\\/schema\\\/logo\\\/image\\\/\",\"url\":\"https:\\\/\\\/lustandlove.eu\\\/wp-content\\\/uploads\\\/logo-full-2.png\",\"contentUrl\":\"https:\\\/\\\/lustandlove.eu\\\/wp-content\\\/uploads\\\/logo-full-2.png\",\"width\":837,\"height\":200,\"caption\":\"Bioconcept Baltics O\u00dc\"},\"image\":{\"@id\":\"https:\\\/\\\/lustandlove.eu\\\/et\\\/#\\\/schema\\\/logo\\\/image\\\/\"},\"sameAs\":[\"https:\\\/\\\/www.facebook.com\\\/LustandLoveEU\\\/\",\"https:\\\/\\\/www.instagram.com\\\/lustandloveeu\\\/\"]}]}<\/script>\n<!-- \/ Yoast SEO plugin. -->","yoast_head_json":{"title":"Iconic Duo Kinkekomplekt | Lust & Love Adult Toy Store","description":"Avasta intiimsust uuel tasemel \u2013 see kinkekarp sobib suurep\u00e4raselt oma erogeensete tsoonide avastamiseks. Selles vibraatori kinkekarbis on kaks vibraatorit.","robots":{"index,follow,max-snippet":"index,follow,max-snippet:-1,max-image-preview:large,max-video-preview:-1"},"canonical":"https:\/\/lustandlove.eu\/et\/toode\/double-pleasure-kinkekomplekt-copy\/","schema":{"@context":"https:\/\/schema.org","@graph":[{"@type":["WebPage","ItemPage"],"@id":"https:\/\/lustandlove.eu\/et\/toode\/double-pleasure-kinkekomplekt-copy\/","url":"https:\/\/lustandlove.eu\/et\/toode\/double-pleasure-kinkekomplekt-copy\/","name":"Iconic Duo Kinkekomplekt | Lust & Love Adult Toy Store","isPartOf":{"@id":"https:\/\/lustandlove.eu\/et\/#website"},"primaryImageOfPage":{"@id":"https:\/\/lustandlove.eu\/et\/toode\/double-pleasure-kinkekomplekt-copy\/#primaryimage"},"image":{"@id":"https:\/\/lustandlove.eu\/et\/toode\/double-pleasure-kinkekomplekt-copy\/#primaryimage"},"thumbnailUrl":"https:\/\/lustandlove.eu\/wp-content\/uploads\/ICONICDUO0660_13.jpg","datePublished":"2025-03-04T12:40:58+00:00","dateModified":"2026-04-13T07:26:41+00:00","description":"Avasta intiimsust uuel tasemel \u2013 see kinkekarp sobib suurep\u00e4raselt oma erogeensete tsoonide avastamiseks. Selles vibraatori kinkekarbis on kaks vibraatorit.","breadcrumb":{"@id":"https:\/\/lustandlove.eu\/et\/toode\/double-pleasure-kinkekomplekt-copy\/#breadcrumb"},"inLanguage":"et","potentialAction":[{"@type":"ReadAction","target":["https:\/\/lustandlove.eu\/et\/toode\/double-pleasure-kinkekomplekt-copy\/"]}]},{"@type":"ImageObject","inLanguage":"et","@id":"https:\/\/lustandlove.eu\/et\/toode\/double-pleasure-kinkekomplekt-copy\/#primaryimage","url":"https:\/\/lustandlove.eu\/wp-content\/uploads\/ICONICDUO0660_13.jpg","contentUrl":"https:\/\/lustandlove.eu\/wp-content\/uploads\/ICONICDUO0660_13.jpg","width":768,"height":960},{"@type":"BreadcrumbList","@id":"https:\/\/lustandlove.eu\/et\/toode\/double-pleasure-kinkekomplekt-copy\/#breadcrumb","itemListElement":[{"@type":"ListItem","position":1,"name":"Lust and Love","item":"https:\/\/lustandlove.eu\/et\/"},{"@type":"ListItem","position":2,"name":"Pood","item":"https:\/\/lustandlove.eu\/et\/pood\/"},{"@type":"ListItem","position":3,"name":"Sekslelud","item":"https:\/\/lustandlove.eu\/et\/pood\/sekslelud\/"},{"@type":"ListItem","position":4,"name":"Paaride komplektid","item":"https:\/\/lustandlove.eu\/et\/pood\/sekslelud\/paaride-komplektid\/"},{"@type":"ListItem","position":5,"name":"Iconic Duo Kinkekomplekt"}]},{"@type":"WebSite","@id":"https:\/\/lustandlove.eu\/et\/#website","url":"https:\/\/lustandlove.eu\/et\/","name":"Lust & Love","description":"Online erootikapood tervise, ilu ja armastuse jaoks","publisher":{"@id":"https:\/\/lustandlove.eu\/et\/#organization"},"potentialAction":[{"@type":"SearchAction","target":{"@type":"EntryPoint","urlTemplate":"https:\/\/lustandlove.eu\/et\/?s={search_term_string}"},"query-input":{"@type":"PropertyValueSpecification","valueRequired":true,"valueName":"search_term_string"}}],"inLanguage":"et"},{"@type":"Organization","@id":"https:\/\/lustandlove.eu\/et\/#organization","name":"Bioconcept Baltics O\u00dc","url":"https:\/\/lustandlove.eu\/et\/","logo":{"@type":"ImageObject","inLanguage":"et","@id":"https:\/\/lustandlove.eu\/et\/#\/schema\/logo\/image\/","url":"https:\/\/lustandlove.eu\/wp-content\/uploads\/logo-full-2.png","contentUrl":"https:\/\/lustandlove.eu\/wp-content\/uploads\/logo-full-2.png","width":837,"height":200,"caption":"Bioconcept Baltics O\u00dc"},"image":{"@id":"https:\/\/lustandlove.eu\/et\/#\/schema\/logo\/image\/"},"sameAs":["https:\/\/www.facebook.com\/LustandLoveEU\/","https:\/\/www.instagram.com\/lustandloveeu\/"]}]}},"_links":{"self":[{"href":"https:\/\/lustandlove.eu\/et\/wp-json\/wp\/v2\/product\/92837","targetHints":{"allow":["GET"]}}],"collection":[{"href":"https:\/\/lustandlove.eu\/et\/wp-json\/wp\/v2\/product"}],"about":[{"href":"https:\/\/lustandlove.eu\/et\/wp-json\/wp\/v2\/types\/product"}],"wp:featuredmedia":[{"embeddable":true,"href":"https:\/\/lustandlove.eu\/et\/wp-json\/wp\/v2\/media\/92851"}],"wp:attachment":[{"href":"https:\/\/lustandlove.eu\/et\/wp-json\/wp\/v2\/media?parent=92837"}],"wp:term":[{"taxonomy":"product_brand","embeddable":true,"href":"https:\/\/lustandlove.eu\/et\/wp-json\/wp\/v2\/product_brand?post=92837"},{"taxonomy":"product_cat","embeddable":true,"href":"https:\/\/lustandlove.eu\/et\/wp-json\/wp\/v2\/product_cat?post=92837"},{"taxonomy":"product_tag","embeddable":true,"href":"https:\/\/lustandlove.eu\/et\/wp-json\/wp\/v2\/product_tag?post=92837"}],"curies":[{"name":"wp","href":"https:\/\/api.w.org\/{rel}","templated":true}]}}