{"id":92865,"date":"2025-03-05T10:39:10","date_gmt":"2025-03-05T07:07:56","guid":{"rendered":"https:\/\/www.lustandlove.eu\/?post_type=product&#038;p=92865"},"modified":"2026-04-13T10:26:41","modified_gmt":"2026-04-13T07:26:41","slug":"hare-janku-vibraator-copy","status":"publish","type":"product","link":"https:\/\/lustandlove.eu\/et\/toode\/hare-janku-vibraator-copy\/","title":{"rendered":"Pawny vibraator"},"content":{"rendered":"<p><strong>Pawny eelised:<\/strong><br \/>\n<em>Pawny-<\/em>l on \u00fcmar pea ja suur pindala, mis tagab vibratsiooni stimuleerimise laias piirkonnas. P\u00f5hi sobitub kindlalt teie k\u00e4tte, muutes selle ideaalseks keha erogeensete tsoonide uurimiseks. <em>Pawnyl<\/em> on 10 vibratsiooniseadet, mida saate kergelt vahetada. Vibraator on mitmek\u00fclgne ja veekindel, v\u00f5imaldades teil kogeda, kuidas vees kasutamine muudab vibratsiooni teistsuguseks stimulatsiooniks.<\/p>\n<p><em>Pawny<\/em> on ergonoomiline vibraator, mis annab v\u00f5imsa vibratsiooni, j\u00e4\u00e4des vaikseks.<\/p>\n<p>Veelgi sujuvamaks kogemuseks v\u00f5id kasutada <em>Pawnyt<\/em> koos veep\u00f5hise libestiga, muutes k\u00f5ik kergemini libisema.<\/p>\n<p><strong>Puhastamine ja hoiustamine<\/strong><br \/>\nLelu on lihtne puhastada, kasutage lihtsalt vett ja \u00f5rna seepi. Seej\u00e4rel saate selle lihtsalt pehme ja puhta lapiga maha p\u00fchkida.<\/p>\n<p>Me ei soovita seda hoida otsese p\u00e4ikesevalguse k\u00e4es, vaid pigem kuivas kohas. N\u00e4iteks riidest kotis, karbis v\u00f5i sahtlis.<\/p>\n<p><strong>Pawny spetsifikatsioonid:<\/strong><br \/>\nVeekindel<br \/>\nSobib veep\u00f5hise libestiga<br \/>\n10 erinevat vibratsiooniseadet<br \/>\nTaaslaetav: kaasas laadija<br \/>\nValmistatud kehale ohutust silikoonist<br \/>\nM\u00f5\u00f5dud: Pikkus: 8 cm x pea l\u00e4bim\u00f5\u00f5t: 3,8 cm x p\u00f5hja l\u00e4bim\u00f5\u00f5t: 4,8 cm<\/p>\n","protected":false},"excerpt":{"rendered":"<p><em>Pawny<\/em> on m\u00f5eldud neile, kes armastavad oma keha uurida<\/p>\n<p><em>Pawny<\/em> on mitmek\u00fclgne vibraator, mida saavad kasutada k\u00f5ik. Selle ergonoomiline vibraatori disain tagab, et see sobib mugavalt k\u00e4tte ja \u00fcmar pea muudab selle ideaalseks libisemiseks \u00fcle tundlike kehapiirkondade, nagu alak\u00f5ht, munandid v\u00f5i kliitor \u2013 ideaalne nii enda kui ka \u00fcksteise uurimiseks.<\/p>\n","protected":false},"featured_media":92867,"template":"","meta":[],"product_brand":[4229],"product_cat":[1484,3979,1488],"product_tag":[3792,3793,3794],"class_list":{"0":"post-92865","1":"product","2":"type-product","3":"status-publish","4":"has-post-thumbnail","6":"product_brand-peech-et","7":"product_cat-sekslelud","8":"product_cat-valispidised","9":"product_cat-vibraatorid","10":"product_tag-ergonoomiline","11":"product_tag-kergesti-kasutatav","12":"product_tag-ligipaasetav","13":"pa_brand-peech-et","15":"first","16":"instock","17":"taxable","18":"shipping-taxable","19":"purchasable","20":"product-type-simple"},"yoast_head":"<!-- This site is optimized with the Yoast SEO plugin v27.3 - https:\/\/yoast.com\/product\/yoast-seo-wordpress\/ -->\n<title>Pawny vibraator | Lust &amp; Love Adult Toy Store<\/title>\n<meta name=\"description\" content=\"Pawny on mitmek\u00fclgne vibraator, mida saavad kasutada k\u00f5ik. Selle ergonoomiline disain tagab, et see sobib mugavalt k\u00e4tte ja \u00fcmar pea libiseb kergesti\" \/>\n<meta name=\"robots\" content=\"index,follow,max-snippet:-1,max-image-preview:large,max-video-preview:-1\" \/>\n<link rel=\"canonical\" href=\"https:\/\/lustandlove.eu\/et\/toode\/hare-janku-vibraator-copy\/\" \/>\n<meta name=\"twitter:card\" content=\"summary_large_image\" \/>\n<meta name=\"twitter:title\" content=\"Pawny vibraator | Lust &amp; Love Adult Toy Store\" \/>\n<meta name=\"twitter:description\" content=\"Pawny on mitmek\u00fclgne vibraator, mida saavad kasutada k\u00f5ik. Selle ergonoomiline disain tagab, et see sobib mugavalt k\u00e4tte ja \u00fcmar pea libiseb kergesti\" \/>\n<meta name=\"twitter:image\" content=\"https:\/\/lustandlove.eu\/wp-content\/uploads\/PAWNY8122_.jpg\" \/>\n<meta name=\"twitter:label1\" content=\"Est. reading time\" \/>\n\t<meta name=\"twitter:data1\" content=\"1 minut\" \/>\n<script type=\"application\/ld+json\" class=\"yoast-schema-graph\">{\"@context\":\"https:\\\/\\\/schema.org\",\"@graph\":[{\"@type\":[\"WebPage\",\"ItemPage\"],\"@id\":\"https:\\\/\\\/lustandlove.eu\\\/et\\\/toode\\\/hare-janku-vibraator-copy\\\/\",\"url\":\"https:\\\/\\\/lustandlove.eu\\\/et\\\/toode\\\/hare-janku-vibraator-copy\\\/\",\"name\":\"Pawny vibraator | Lust & Love Adult Toy Store\",\"isPartOf\":{\"@id\":\"https:\\\/\\\/lustandlove.eu\\\/et\\\/#website\"},\"primaryImageOfPage\":{\"@id\":\"https:\\\/\\\/lustandlove.eu\\\/et\\\/toode\\\/hare-janku-vibraator-copy\\\/#primaryimage\"},\"image\":{\"@id\":\"https:\\\/\\\/lustandlove.eu\\\/et\\\/toode\\\/hare-janku-vibraator-copy\\\/#primaryimage\"},\"thumbnailUrl\":\"https:\\\/\\\/lustandlove.eu\\\/wp-content\\\/uploads\\\/PAWNY8122_.jpg\",\"datePublished\":\"2025-03-05T07:07:56+00:00\",\"dateModified\":\"2026-04-13T07:26:41+00:00\",\"description\":\"Pawny on mitmek\u00fclgne vibraator, mida saavad kasutada k\u00f5ik. Selle ergonoomiline disain tagab, et see sobib mugavalt k\u00e4tte ja \u00fcmar pea libiseb kergesti\",\"breadcrumb\":{\"@id\":\"https:\\\/\\\/lustandlove.eu\\\/et\\\/toode\\\/hare-janku-vibraator-copy\\\/#breadcrumb\"},\"inLanguage\":\"et\",\"potentialAction\":[{\"@type\":\"ReadAction\",\"target\":[\"https:\\\/\\\/lustandlove.eu\\\/et\\\/toode\\\/hare-janku-vibraator-copy\\\/\"]}]},{\"@type\":\"ImageObject\",\"inLanguage\":\"et\",\"@id\":\"https:\\\/\\\/lustandlove.eu\\\/et\\\/toode\\\/hare-janku-vibraator-copy\\\/#primaryimage\",\"url\":\"https:\\\/\\\/lustandlove.eu\\\/wp-content\\\/uploads\\\/PAWNY8122_.jpg\",\"contentUrl\":\"https:\\\/\\\/lustandlove.eu\\\/wp-content\\\/uploads\\\/PAWNY8122_.jpg\",\"width\":768,\"height\":960},{\"@type\":\"BreadcrumbList\",\"@id\":\"https:\\\/\\\/lustandlove.eu\\\/et\\\/toode\\\/hare-janku-vibraator-copy\\\/#breadcrumb\",\"itemListElement\":[{\"@type\":\"ListItem\",\"position\":1,\"name\":\"Lust and Love\",\"item\":\"https:\\\/\\\/lustandlove.eu\\\/et\\\/\"},{\"@type\":\"ListItem\",\"position\":2,\"name\":\"Pood\",\"item\":\"https:\\\/\\\/lustandlove.eu\\\/et\\\/pood\\\/\"},{\"@type\":\"ListItem\",\"position\":3,\"name\":\"Sekslelud\",\"item\":\"https:\\\/\\\/lustandlove.eu\\\/et\\\/pood\\\/sekslelud\\\/\"},{\"@type\":\"ListItem\",\"position\":4,\"name\":\"Pawny vibraator\"}]},{\"@type\":\"WebSite\",\"@id\":\"https:\\\/\\\/lustandlove.eu\\\/et\\\/#website\",\"url\":\"https:\\\/\\\/lustandlove.eu\\\/et\\\/\",\"name\":\"Lust &amp; Love\",\"description\":\"Online erootikapood tervise, ilu ja armastuse jaoks\",\"publisher\":{\"@id\":\"https:\\\/\\\/lustandlove.eu\\\/et\\\/#organization\"},\"potentialAction\":[{\"@type\":\"SearchAction\",\"target\":{\"@type\":\"EntryPoint\",\"urlTemplate\":\"https:\\\/\\\/lustandlove.eu\\\/et\\\/?s={search_term_string}\"},\"query-input\":{\"@type\":\"PropertyValueSpecification\",\"valueRequired\":true,\"valueName\":\"search_term_string\"}}],\"inLanguage\":\"et\"},{\"@type\":\"Organization\",\"@id\":\"https:\\\/\\\/lustandlove.eu\\\/et\\\/#organization\",\"name\":\"Bioconcept Baltics O\u00dc\",\"url\":\"https:\\\/\\\/lustandlove.eu\\\/et\\\/\",\"logo\":{\"@type\":\"ImageObject\",\"inLanguage\":\"et\",\"@id\":\"https:\\\/\\\/lustandlove.eu\\\/et\\\/#\\\/schema\\\/logo\\\/image\\\/\",\"url\":\"\",\"contentUrl\":\"\",\"caption\":\"Bioconcept Baltics O\u00dc\"},\"image\":{\"@id\":\"https:\\\/\\\/lustandlove.eu\\\/et\\\/#\\\/schema\\\/logo\\\/image\\\/\"},\"sameAs\":[\"https:\\\/\\\/www.facebook.com\\\/LustandLoveEU\\\/\",\"https:\\\/\\\/www.instagram.com\\\/lustandloveeu\\\/\"]}]}<\/script>\n<!-- \/ Yoast SEO plugin. -->","yoast_head_json":{"title":"Pawny vibraator | Lust & Love Adult Toy Store","description":"Pawny on mitmek\u00fclgne vibraator, mida saavad kasutada k\u00f5ik. Selle ergonoomiline disain tagab, et see sobib mugavalt k\u00e4tte ja \u00fcmar pea libiseb kergesti","robots":{"index,follow,max-snippet":"index,follow,max-snippet:-1,max-image-preview:large,max-video-preview:-1"},"canonical":"https:\/\/lustandlove.eu\/et\/toode\/hare-janku-vibraator-copy\/","twitter_card":"summary_large_image","twitter_title":"Pawny vibraator | Lust & Love Adult Toy Store","twitter_description":"Pawny on mitmek\u00fclgne vibraator, mida saavad kasutada k\u00f5ik. Selle ergonoomiline disain tagab, et see sobib mugavalt k\u00e4tte ja \u00fcmar pea libiseb kergesti","twitter_image":"https:\/\/lustandlove.eu\/wp-content\/uploads\/PAWNY8122_.jpg","twitter_misc":{"Est. reading time":"1 minut"},"schema":{"@context":"https:\/\/schema.org","@graph":[{"@type":["WebPage","ItemPage"],"@id":"https:\/\/lustandlove.eu\/et\/toode\/hare-janku-vibraator-copy\/","url":"https:\/\/lustandlove.eu\/et\/toode\/hare-janku-vibraator-copy\/","name":"Pawny vibraator | Lust & Love Adult Toy Store","isPartOf":{"@id":"https:\/\/lustandlove.eu\/et\/#website"},"primaryImageOfPage":{"@id":"https:\/\/lustandlove.eu\/et\/toode\/hare-janku-vibraator-copy\/#primaryimage"},"image":{"@id":"https:\/\/lustandlove.eu\/et\/toode\/hare-janku-vibraator-copy\/#primaryimage"},"thumbnailUrl":"https:\/\/lustandlove.eu\/wp-content\/uploads\/PAWNY8122_.jpg","datePublished":"2025-03-05T07:07:56+00:00","dateModified":"2026-04-13T07:26:41+00:00","description":"Pawny on mitmek\u00fclgne vibraator, mida saavad kasutada k\u00f5ik. Selle ergonoomiline disain tagab, et see sobib mugavalt k\u00e4tte ja \u00fcmar pea libiseb kergesti","breadcrumb":{"@id":"https:\/\/lustandlove.eu\/et\/toode\/hare-janku-vibraator-copy\/#breadcrumb"},"inLanguage":"et","potentialAction":[{"@type":"ReadAction","target":["https:\/\/lustandlove.eu\/et\/toode\/hare-janku-vibraator-copy\/"]}]},{"@type":"ImageObject","inLanguage":"et","@id":"https:\/\/lustandlove.eu\/et\/toode\/hare-janku-vibraator-copy\/#primaryimage","url":"https:\/\/lustandlove.eu\/wp-content\/uploads\/PAWNY8122_.jpg","contentUrl":"https:\/\/lustandlove.eu\/wp-content\/uploads\/PAWNY8122_.jpg","width":768,"height":960},{"@type":"BreadcrumbList","@id":"https:\/\/lustandlove.eu\/et\/toode\/hare-janku-vibraator-copy\/#breadcrumb","itemListElement":[{"@type":"ListItem","position":1,"name":"Lust and Love","item":"https:\/\/lustandlove.eu\/et\/"},{"@type":"ListItem","position":2,"name":"Pood","item":"https:\/\/lustandlove.eu\/et\/pood\/"},{"@type":"ListItem","position":3,"name":"Sekslelud","item":"https:\/\/lustandlove.eu\/et\/pood\/sekslelud\/"},{"@type":"ListItem","position":4,"name":"Pawny vibraator"}]},{"@type":"WebSite","@id":"https:\/\/lustandlove.eu\/et\/#website","url":"https:\/\/lustandlove.eu\/et\/","name":"Lust &amp; Love","description":"Online erootikapood tervise, ilu ja armastuse jaoks","publisher":{"@id":"https:\/\/lustandlove.eu\/et\/#organization"},"potentialAction":[{"@type":"SearchAction","target":{"@type":"EntryPoint","urlTemplate":"https:\/\/lustandlove.eu\/et\/?s={search_term_string}"},"query-input":{"@type":"PropertyValueSpecification","valueRequired":true,"valueName":"search_term_string"}}],"inLanguage":"et"},{"@type":"Organization","@id":"https:\/\/lustandlove.eu\/et\/#organization","name":"Bioconcept Baltics O\u00dc","url":"https:\/\/lustandlove.eu\/et\/","logo":{"@type":"ImageObject","inLanguage":"et","@id":"https:\/\/lustandlove.eu\/et\/#\/schema\/logo\/image\/","url":"","contentUrl":"","caption":"Bioconcept Baltics O\u00dc"},"image":{"@id":"https:\/\/lustandlove.eu\/et\/#\/schema\/logo\/image\/"},"sameAs":["https:\/\/www.facebook.com\/LustandLoveEU\/","https:\/\/www.instagram.com\/lustandloveeu\/"]}]}},"_links":{"self":[{"href":"https:\/\/lustandlove.eu\/et\/wp-json\/wp\/v2\/product\/92865","targetHints":{"allow":["GET"]}}],"collection":[{"href":"https:\/\/lustandlove.eu\/et\/wp-json\/wp\/v2\/product"}],"about":[{"href":"https:\/\/lustandlove.eu\/et\/wp-json\/wp\/v2\/types\/product"}],"wp:featuredmedia":[{"embeddable":true,"href":"https:\/\/lustandlove.eu\/et\/wp-json\/wp\/v2\/media\/92867"}],"wp:attachment":[{"href":"https:\/\/lustandlove.eu\/et\/wp-json\/wp\/v2\/media?parent=92865"}],"wp:term":[{"taxonomy":"product_brand","embeddable":true,"href":"https:\/\/lustandlove.eu\/et\/wp-json\/wp\/v2\/product_brand?post=92865"},{"taxonomy":"product_cat","embeddable":true,"href":"https:\/\/lustandlove.eu\/et\/wp-json\/wp\/v2\/product_cat?post=92865"},{"taxonomy":"product_tag","embeddable":true,"href":"https:\/\/lustandlove.eu\/et\/wp-json\/wp\/v2\/product_tag?post=92865"}],"curies":[{"name":"wp","href":"https:\/\/api.w.org\/{rel}","templated":true}]}}