{"id":92896,"date":"2025-03-05T10:39:08","date_gmt":"2025-03-05T07:28:15","guid":{"rendered":"https:\/\/www.lustandlove.eu\/?post_type=product&#038;p=92896"},"modified":"2026-04-13T10:26:42","modified_gmt":"2026-04-13T07:26:42","slug":"amber-klaasist-dildo-copy","status":"publish","type":"product","link":"https:\/\/lustandlove.eu\/et\/toode\/amber-klaasist-dildo-copy\/","title":{"rendered":"Pine Sisemise Raskusega Anaaltapp"},"content":{"rendered":"<p><strong>Pine eelised:<\/strong><br \/>\nPine&#8217;i sisestamisel on parima ja sujuvama tunde saavutamiseks soovitatav kasutada veep\u00f5hist libestit.<\/p>\n<p><em>Pine-i<\/em> saab kasutada penetratsiooniks v\u00f5i sisse j\u00e4tta, samal ajal uurides v\u00f5i stimuleerides teisi kehaosi. Aanuse t\u00e4isolemise tunne v\u00f5ib suurendada seksuaalkogemust ja intensiivistada orgasme.<\/p>\n<p>Pidage meeles, et enne sisestamist on hea aanust soojendada, n\u00e4iteks s\u00f5rmega v\u00f5i <em>pine<\/em> otsaga masseerides.<\/p>\n<p><b>Puhastamine ja hoiustamine<\/b><br \/>\nLelu on lihtne puhastada, kasutage lihtsalt vett ja \u00f5rna seepi. Seej\u00e4rel saate selle lihtsalt pehme ja puhta lapiga maha p\u00fchkida.<\/p>\n<p>Me ei soovita seda hoida otsese p\u00e4ikesevalguse k\u00e4es, vaid pigem kuivas kohas. N\u00e4iteks riidest kotis, karbis v\u00f5i sahtlis.<\/p>\n<p><b>Pine spetsifikatsioonid:<\/b><br \/>\nVeekindel<br \/>\nSobib veep\u00f5hise libestiga<br \/>\nValmistatud kehale ohutust silikoonist<br \/>\nT\u00e4ispikkus: 10 cm<br \/>\nSisestamise pikkus: 8 cm<br \/>\nMaksimaalne l\u00e4bim\u00f5\u00f5t: 3,7 cm<\/p>\n","protected":false},"excerpt":{"rendered":"<p><em>Pine<\/em> on neile, kes soovivad uurida anaalselt<\/p>\n<p><em>Pine<\/em> on silikoonist valmistatud sileda ja pehme pinnaga anaaltapp, mis tagab lihtsa ja mugava sisestamise. Pine on varustatud sisemise teraskuuliga, mis annab kandmise ajal masseeriva tunde.<\/p>\n","protected":false},"featured_media":92900,"template":"","meta":[],"product_brand":[4229],"product_cat":[1491],"product_tag":[3804],"class_list":{"0":"post-92896","1":"product","2":"type-product","3":"status-publish","4":"has-post-thumbnail","6":"product_brand-peech-et","7":"product_cat-anaallelud","8":"product_tag-raskusega","9":"pa_brand-peech-et","11":"first","12":"instock","13":"taxable","14":"shipping-taxable","15":"purchasable","16":"product-type-simple"},"yoast_head":"<!-- This site is optimized with the Yoast SEO plugin v27.3 - https:\/\/yoast.com\/product\/yoast-seo-wordpress\/ -->\n<title>Pine Sisemise Raskusega Anaaltapp | Lust and Love<\/title>\n<meta name=\"description\" content=\"Pine on sileda ja pehme pinnaga anaaltapp, mille sees on teraskuul, mis annab kandmise ajal masseeriva tunde.\" \/>\n<meta name=\"robots\" content=\"index,follow,max-snippet:-1,max-image-preview:large,max-video-preview:-1\" \/>\n<link rel=\"canonical\" href=\"https:\/\/lustandlove.eu\/et\/toode\/amber-klaasist-dildo-copy\/\" \/>\n<meta name=\"twitter:card\" content=\"summary_large_image\" \/>\n<meta name=\"twitter:title\" content=\"Pine Sisemise Raskusega Anaaltapp | Lust and Love\" \/>\n<meta name=\"twitter:description\" content=\"Pine on sileda ja pehme pinnaga anaaltapp, mille sees on teraskuul, mis annab kandmise ajal masseeriva tunde.\" \/>\n<meta name=\"twitter:image\" content=\"https:\/\/lustandlove.eu\/wp-content\/uploads\/PINE4417_.jpg\" \/>\n<meta name=\"twitter:label1\" content=\"Est. reading time\" \/>\n\t<meta name=\"twitter:data1\" content=\"1 minut\" \/>\n<script type=\"application\/ld+json\" class=\"yoast-schema-graph\">{\"@context\":\"https:\\\/\\\/schema.org\",\"@graph\":[{\"@type\":[\"WebPage\",\"ItemPage\"],\"@id\":\"https:\\\/\\\/lustandlove.eu\\\/et\\\/toode\\\/amber-klaasist-dildo-copy\\\/\",\"url\":\"https:\\\/\\\/lustandlove.eu\\\/et\\\/toode\\\/amber-klaasist-dildo-copy\\\/\",\"name\":\"Pine Sisemise Raskusega Anaaltapp | Lust and Love\",\"isPartOf\":{\"@id\":\"https:\\\/\\\/lustandlove.eu\\\/et\\\/#website\"},\"primaryImageOfPage\":{\"@id\":\"https:\\\/\\\/lustandlove.eu\\\/et\\\/toode\\\/amber-klaasist-dildo-copy\\\/#primaryimage\"},\"image\":{\"@id\":\"https:\\\/\\\/lustandlove.eu\\\/et\\\/toode\\\/amber-klaasist-dildo-copy\\\/#primaryimage\"},\"thumbnailUrl\":\"https:\\\/\\\/lustandlove.eu\\\/wp-content\\\/uploads\\\/PINE4417_.jpg\",\"datePublished\":\"2025-03-05T07:28:15+00:00\",\"dateModified\":\"2026-04-13T07:26:42+00:00\",\"description\":\"Pine on sileda ja pehme pinnaga anaaltapp, mille sees on teraskuul, mis annab kandmise ajal masseeriva tunde.\",\"breadcrumb\":{\"@id\":\"https:\\\/\\\/lustandlove.eu\\\/et\\\/toode\\\/amber-klaasist-dildo-copy\\\/#breadcrumb\"},\"inLanguage\":\"et\",\"potentialAction\":[{\"@type\":\"ReadAction\",\"target\":[\"https:\\\/\\\/lustandlove.eu\\\/et\\\/toode\\\/amber-klaasist-dildo-copy\\\/\"]}]},{\"@type\":\"ImageObject\",\"inLanguage\":\"et\",\"@id\":\"https:\\\/\\\/lustandlove.eu\\\/et\\\/toode\\\/amber-klaasist-dildo-copy\\\/#primaryimage\",\"url\":\"https:\\\/\\\/lustandlove.eu\\\/wp-content\\\/uploads\\\/PINE4417_.jpg\",\"contentUrl\":\"https:\\\/\\\/lustandlove.eu\\\/wp-content\\\/uploads\\\/PINE4417_.jpg\",\"width\":768,\"height\":960},{\"@type\":\"BreadcrumbList\",\"@id\":\"https:\\\/\\\/lustandlove.eu\\\/et\\\/toode\\\/amber-klaasist-dildo-copy\\\/#breadcrumb\",\"itemListElement\":[{\"@type\":\"ListItem\",\"position\":1,\"name\":\"Lust and Love\",\"item\":\"https:\\\/\\\/lustandlove.eu\\\/et\\\/\"},{\"@type\":\"ListItem\",\"position\":2,\"name\":\"Pood\",\"item\":\"https:\\\/\\\/lustandlove.eu\\\/et\\\/pood\\\/\"},{\"@type\":\"ListItem\",\"position\":3,\"name\":\"Sekslelud\",\"item\":\"https:\\\/\\\/lustandlove.eu\\\/et\\\/pood\\\/sekslelud\\\/\"},{\"@type\":\"ListItem\",\"position\":4,\"name\":\"Anaallelud\",\"item\":\"https:\\\/\\\/lustandlove.eu\\\/et\\\/pood\\\/sekslelud\\\/anaallelud\\\/\"},{\"@type\":\"ListItem\",\"position\":5,\"name\":\"Pine Sisemise Raskusega Anaaltapp\"}]},{\"@type\":\"WebSite\",\"@id\":\"https:\\\/\\\/lustandlove.eu\\\/et\\\/#website\",\"url\":\"https:\\\/\\\/lustandlove.eu\\\/et\\\/\",\"name\":\"Lust &amp; Love\",\"description\":\"Online erootikapood tervise, ilu ja armastuse jaoks\",\"publisher\":{\"@id\":\"https:\\\/\\\/lustandlove.eu\\\/et\\\/#organization\"},\"potentialAction\":[{\"@type\":\"SearchAction\",\"target\":{\"@type\":\"EntryPoint\",\"urlTemplate\":\"https:\\\/\\\/lustandlove.eu\\\/et\\\/?s={search_term_string}\"},\"query-input\":{\"@type\":\"PropertyValueSpecification\",\"valueRequired\":true,\"valueName\":\"search_term_string\"}}],\"inLanguage\":\"et\"},{\"@type\":\"Organization\",\"@id\":\"https:\\\/\\\/lustandlove.eu\\\/et\\\/#organization\",\"name\":\"Bioconcept Baltics O\u00dc\",\"url\":\"https:\\\/\\\/lustandlove.eu\\\/et\\\/\",\"logo\":{\"@type\":\"ImageObject\",\"inLanguage\":\"et\",\"@id\":\"https:\\\/\\\/lustandlove.eu\\\/et\\\/#\\\/schema\\\/logo\\\/image\\\/\",\"url\":\"\",\"contentUrl\":\"\",\"caption\":\"Bioconcept Baltics O\u00dc\"},\"image\":{\"@id\":\"https:\\\/\\\/lustandlove.eu\\\/et\\\/#\\\/schema\\\/logo\\\/image\\\/\"},\"sameAs\":[\"https:\\\/\\\/www.facebook.com\\\/LustandLoveEU\\\/\",\"https:\\\/\\\/www.instagram.com\\\/lustandloveeu\\\/\"]}]}<\/script>\n<!-- \/ Yoast SEO plugin. -->","yoast_head_json":{"title":"Pine Sisemise Raskusega Anaaltapp | Lust and Love","description":"Pine on sileda ja pehme pinnaga anaaltapp, mille sees on teraskuul, mis annab kandmise ajal masseeriva tunde.","robots":{"index,follow,max-snippet":"index,follow,max-snippet:-1,max-image-preview:large,max-video-preview:-1"},"canonical":"https:\/\/lustandlove.eu\/et\/toode\/amber-klaasist-dildo-copy\/","twitter_card":"summary_large_image","twitter_title":"Pine Sisemise Raskusega Anaaltapp | Lust and Love","twitter_description":"Pine on sileda ja pehme pinnaga anaaltapp, mille sees on teraskuul, mis annab kandmise ajal masseeriva tunde.","twitter_image":"https:\/\/lustandlove.eu\/wp-content\/uploads\/PINE4417_.jpg","twitter_misc":{"Est. reading time":"1 minut"},"schema":{"@context":"https:\/\/schema.org","@graph":[{"@type":["WebPage","ItemPage"],"@id":"https:\/\/lustandlove.eu\/et\/toode\/amber-klaasist-dildo-copy\/","url":"https:\/\/lustandlove.eu\/et\/toode\/amber-klaasist-dildo-copy\/","name":"Pine Sisemise Raskusega Anaaltapp | Lust and Love","isPartOf":{"@id":"https:\/\/lustandlove.eu\/et\/#website"},"primaryImageOfPage":{"@id":"https:\/\/lustandlove.eu\/et\/toode\/amber-klaasist-dildo-copy\/#primaryimage"},"image":{"@id":"https:\/\/lustandlove.eu\/et\/toode\/amber-klaasist-dildo-copy\/#primaryimage"},"thumbnailUrl":"https:\/\/lustandlove.eu\/wp-content\/uploads\/PINE4417_.jpg","datePublished":"2025-03-05T07:28:15+00:00","dateModified":"2026-04-13T07:26:42+00:00","description":"Pine on sileda ja pehme pinnaga anaaltapp, mille sees on teraskuul, mis annab kandmise ajal masseeriva tunde.","breadcrumb":{"@id":"https:\/\/lustandlove.eu\/et\/toode\/amber-klaasist-dildo-copy\/#breadcrumb"},"inLanguage":"et","potentialAction":[{"@type":"ReadAction","target":["https:\/\/lustandlove.eu\/et\/toode\/amber-klaasist-dildo-copy\/"]}]},{"@type":"ImageObject","inLanguage":"et","@id":"https:\/\/lustandlove.eu\/et\/toode\/amber-klaasist-dildo-copy\/#primaryimage","url":"https:\/\/lustandlove.eu\/wp-content\/uploads\/PINE4417_.jpg","contentUrl":"https:\/\/lustandlove.eu\/wp-content\/uploads\/PINE4417_.jpg","width":768,"height":960},{"@type":"BreadcrumbList","@id":"https:\/\/lustandlove.eu\/et\/toode\/amber-klaasist-dildo-copy\/#breadcrumb","itemListElement":[{"@type":"ListItem","position":1,"name":"Lust and Love","item":"https:\/\/lustandlove.eu\/et\/"},{"@type":"ListItem","position":2,"name":"Pood","item":"https:\/\/lustandlove.eu\/et\/pood\/"},{"@type":"ListItem","position":3,"name":"Sekslelud","item":"https:\/\/lustandlove.eu\/et\/pood\/sekslelud\/"},{"@type":"ListItem","position":4,"name":"Anaallelud","item":"https:\/\/lustandlove.eu\/et\/pood\/sekslelud\/anaallelud\/"},{"@type":"ListItem","position":5,"name":"Pine Sisemise Raskusega Anaaltapp"}]},{"@type":"WebSite","@id":"https:\/\/lustandlove.eu\/et\/#website","url":"https:\/\/lustandlove.eu\/et\/","name":"Lust &amp; Love","description":"Online erootikapood tervise, ilu ja armastuse jaoks","publisher":{"@id":"https:\/\/lustandlove.eu\/et\/#organization"},"potentialAction":[{"@type":"SearchAction","target":{"@type":"EntryPoint","urlTemplate":"https:\/\/lustandlove.eu\/et\/?s={search_term_string}"},"query-input":{"@type":"PropertyValueSpecification","valueRequired":true,"valueName":"search_term_string"}}],"inLanguage":"et"},{"@type":"Organization","@id":"https:\/\/lustandlove.eu\/et\/#organization","name":"Bioconcept Baltics O\u00dc","url":"https:\/\/lustandlove.eu\/et\/","logo":{"@type":"ImageObject","inLanguage":"et","@id":"https:\/\/lustandlove.eu\/et\/#\/schema\/logo\/image\/","url":"","contentUrl":"","caption":"Bioconcept Baltics O\u00dc"},"image":{"@id":"https:\/\/lustandlove.eu\/et\/#\/schema\/logo\/image\/"},"sameAs":["https:\/\/www.facebook.com\/LustandLoveEU\/","https:\/\/www.instagram.com\/lustandloveeu\/"]}]}},"_links":{"self":[{"href":"https:\/\/lustandlove.eu\/et\/wp-json\/wp\/v2\/product\/92896","targetHints":{"allow":["GET"]}}],"collection":[{"href":"https:\/\/lustandlove.eu\/et\/wp-json\/wp\/v2\/product"}],"about":[{"href":"https:\/\/lustandlove.eu\/et\/wp-json\/wp\/v2\/types\/product"}],"wp:featuredmedia":[{"embeddable":true,"href":"https:\/\/lustandlove.eu\/et\/wp-json\/wp\/v2\/media\/92900"}],"wp:attachment":[{"href":"https:\/\/lustandlove.eu\/et\/wp-json\/wp\/v2\/media?parent=92896"}],"wp:term":[{"taxonomy":"product_brand","embeddable":true,"href":"https:\/\/lustandlove.eu\/et\/wp-json\/wp\/v2\/product_brand?post=92896"},{"taxonomy":"product_cat","embeddable":true,"href":"https:\/\/lustandlove.eu\/et\/wp-json\/wp\/v2\/product_cat?post=92896"},{"taxonomy":"product_tag","embeddable":true,"href":"https:\/\/lustandlove.eu\/et\/wp-json\/wp\/v2\/product_tag?post=92896"}],"curies":[{"name":"wp","href":"https:\/\/api.w.org\/{rel}","templated":true}]}}