{"id":92908,"date":"2025-03-05T10:39:08","date_gmt":"2025-03-05T07:43:27","guid":{"rendered":"https:\/\/www.lustandlove.eu\/?post_type=product&#038;p=92908"},"modified":"2026-04-13T10:26:42","modified_gmt":"2026-04-13T07:26:42","slug":"power-loop-vibreeriv-peeniserongas","status":"publish","type":"product","link":"https:\/\/lustandlove.eu\/et\/toode\/power-loop-vibreeriv-peeniserongas\/","title":{"rendered":"Power Loop Vibreeriv Peeniser\u00f5ngas"},"content":{"rendered":"<p>Power Loop on vibreeriv peeniser\u00f5ngas, mis on loodud selleks et tekitada peenise \u00fcmber m\u00f5nusat survet, mis samuti aeglustab verevoolu. See v\u00f5ib pakkuda tugevama ja pikaajalisema erektsiooni ning intensiivsema orgasmi.<\/p>\n<p>Power Loop l\u00e4heb veel sammu edasi ja pakub lisaks m\u00f5nusat vibreerivat massaa\u017ei. V\u00f5id asetada vibreeriva osa allapoole, nii et see puudutab munandeid, v\u00f5i \u00fclespoole, et see stimuleeriks ka partnerit. Komplektis on kaasas ka pult, nii et v\u00f5id seda mugavalt ise juhtida v\u00f5i lasta teistel juhtimise \u00fcle v\u00f5tta. Alusta peenisr\u00f5nga sissel\u00fclitamisest, hoides k\u00fcljel olevat nuppu all \u2013 kui sa ei soovi pulti kasutada, saad siit nupust juhtida ka vibratsiooni kiirust v\u00f5i mustrit.<\/p>\n<p>Kui soovid \u00fchendada puldiga, hoia selle toitenuppu m\u00f5ni sekund all, kuni puldil tuluke p\u00f5lema l\u00e4heb. Seej\u00e4rel on see valmis peenisr\u00f5nga juhtimiseks.<\/p>\n<p>Power Loopil on 10 erinevat vibratsioonire\u017eiimi, mis avavad laia valiku stimuleerimisv\u00f5imalusi. See on ka veekindel, nii et saad seda nautida du\u0161i all. Power Loop vibreeriv peeniser\u00f5ngas on valmistatud paindlikust silikoonist ja sobib kasutamiseks\u00a0<a href=\"https:\/\/lustandlove.eu\/et\/toode\/sutil-luxe-natural-lubricant\/\">vee baasil libestiga<\/a>, et see libiseks veelgi kergemini. Puhasta peenisr\u00f5ngas p\u00e4rast kasutamist vee ja\u00a0lelupuhastusvahendiga\u00a0ning hoiusta seda kuivas, pimedas kohas.<\/p>\n<p><strong>M\u00f5\u00f5tmed<\/strong>:<br \/>\nL\u00e4bim\u00f5\u00f5t: 3 cm (venib kuni 6,5 cm)<br \/>\nVibreeriva osa laius: 4,5 cm<\/p>\n<ul>\n<li>Veekindel<\/li>\n<li>Valmistatud kehale ohutust silikoonist<\/li>\n<li>50 minutit t\u00f6\u00f6aega \u00fche laadimisega<\/li>\n<li>10 erinevat vibratsiooniseadet<\/li>\n<li>Kaasas kaugjuhtimispult<\/li>\n<\/ul>\n<p>&nbsp;<\/p>\n","protected":false},"excerpt":{"rendered":"<p>Power Loop: ideaalne vibreeriv r\u00f5ngas ka munandite v\u00f5i kliitori stimuleerimiseks<\/p>\n<p>Peenise \u00fcmber\u00a0 asetatakse verevoolu piiramiseks peeniser\u00f5ngas, mille tulemuseks v\u00f5ib olla tugevam ja kauem kestev erektsioon. See v\u00f5ib pikendada seksuaalakti ja pakkuda intensiivsemat orgasmi. Power Loop teeb veelgi enamat \u2013 see ka vibreerib!<\/p>\n","protected":false},"featured_media":92920,"template":"","meta":[],"product_brand":[4229],"product_cat":[1477,1478],"product_tag":[1553,3806,2899,3707],"class_list":{"0":"post-92908","1":"product","2":"type-product","3":"status-publish","4":"has-post-thumbnail","6":"product_brand-peech-et","7":"product_cat-meestele","8":"product_cat-peeniserongad","9":"product_tag-peenise-rongas","10":"product_tag-peenise-rongas-et","11":"product_tag-peeniserongas","12":"product_tag-vibreeriv","13":"pa_brand-peech-et","15":"first","16":"instock","17":"taxable","18":"shipping-taxable","19":"purchasable","20":"product-type-simple"},"yoast_head":"<!-- This site is optimized with the Yoast SEO plugin v27.3 - https:\/\/yoast.com\/product\/yoast-seo-wordpress\/ -->\n<title>Power Loop Vibreeriv Peeniser\u00f5ngas | Lust &amp; Love Adult Toy Store<\/title>\n<meta name=\"description\" content=\"See vibreeriv peeniser\u00f5ngas asetatakse peenise \u00fcmber, et piirata verevoolu ja stimuleerida munandeid v\u00f5i kliitorit veelgi tugevama orgasmi saavutamiseks\" \/>\n<meta name=\"robots\" content=\"index,follow,max-snippet:-1,max-image-preview:large,max-video-preview:-1\" \/>\n<link rel=\"canonical\" href=\"https:\/\/lustandlove.eu\/et\/toode\/power-loop-vibreeriv-peeniserongas\/\" \/>\n<meta name=\"twitter:card\" content=\"summary_large_image\" \/>\n<meta name=\"twitter:title\" content=\"Power Loop Vibreeriv Peeniser\u00f5ngas | Lust &amp; Love Adult Toy Store\" \/>\n<meta name=\"twitter:description\" content=\"See vibreeriv peeniser\u00f5ngas asetatakse peenise \u00fcmber, et piirata verevoolu ja stimuleerida munandeid v\u00f5i kliitorit veelgi tugevama orgasmi saavutamiseks\" \/>\n<meta name=\"twitter:image\" content=\"https:\/\/lustandlove.eu\/wp-content\/uploads\/POWERLOOP5369_.jpg\" \/>\n<meta name=\"twitter:label1\" content=\"Est. reading time\" \/>\n\t<meta name=\"twitter:data1\" content=\"1 minut\" \/>\n<script type=\"application\/ld+json\" class=\"yoast-schema-graph\">{\"@context\":\"https:\\\/\\\/schema.org\",\"@graph\":[{\"@type\":[\"WebPage\",\"ItemPage\"],\"@id\":\"https:\\\/\\\/lustandlove.eu\\\/et\\\/toode\\\/power-loop-vibreeriv-peeniserongas\\\/\",\"url\":\"https:\\\/\\\/lustandlove.eu\\\/et\\\/toode\\\/power-loop-vibreeriv-peeniserongas\\\/\",\"name\":\"Power Loop Vibreeriv Peeniser\u00f5ngas | Lust & Love Adult Toy Store\",\"isPartOf\":{\"@id\":\"https:\\\/\\\/lustandlove.eu\\\/et\\\/#website\"},\"primaryImageOfPage\":{\"@id\":\"https:\\\/\\\/lustandlove.eu\\\/et\\\/toode\\\/power-loop-vibreeriv-peeniserongas\\\/#primaryimage\"},\"image\":{\"@id\":\"https:\\\/\\\/lustandlove.eu\\\/et\\\/toode\\\/power-loop-vibreeriv-peeniserongas\\\/#primaryimage\"},\"thumbnailUrl\":\"https:\\\/\\\/lustandlove.eu\\\/wp-content\\\/uploads\\\/POWERLOOP5369_.jpg\",\"datePublished\":\"2025-03-05T07:43:27+00:00\",\"dateModified\":\"2026-04-13T07:26:42+00:00\",\"description\":\"See vibreeriv peeniser\u00f5ngas asetatakse peenise \u00fcmber, et piirata verevoolu ja stimuleerida munandeid v\u00f5i kliitorit veelgi tugevama orgasmi saavutamiseks\",\"breadcrumb\":{\"@id\":\"https:\\\/\\\/lustandlove.eu\\\/et\\\/toode\\\/power-loop-vibreeriv-peeniserongas\\\/#breadcrumb\"},\"inLanguage\":\"et\",\"potentialAction\":[{\"@type\":\"ReadAction\",\"target\":[\"https:\\\/\\\/lustandlove.eu\\\/et\\\/toode\\\/power-loop-vibreeriv-peeniserongas\\\/\"]}]},{\"@type\":\"ImageObject\",\"inLanguage\":\"et\",\"@id\":\"https:\\\/\\\/lustandlove.eu\\\/et\\\/toode\\\/power-loop-vibreeriv-peeniserongas\\\/#primaryimage\",\"url\":\"https:\\\/\\\/lustandlove.eu\\\/wp-content\\\/uploads\\\/POWERLOOP5369_.jpg\",\"contentUrl\":\"https:\\\/\\\/lustandlove.eu\\\/wp-content\\\/uploads\\\/POWERLOOP5369_.jpg\",\"width\":768,\"height\":960},{\"@type\":\"BreadcrumbList\",\"@id\":\"https:\\\/\\\/lustandlove.eu\\\/et\\\/toode\\\/power-loop-vibreeriv-peeniserongas\\\/#breadcrumb\",\"itemListElement\":[{\"@type\":\"ListItem\",\"position\":1,\"name\":\"Lust and Love\",\"item\":\"https:\\\/\\\/lustandlove.eu\\\/et\\\/\"},{\"@type\":\"ListItem\",\"position\":2,\"name\":\"Pood\",\"item\":\"https:\\\/\\\/lustandlove.eu\\\/et\\\/pood\\\/\"},{\"@type\":\"ListItem\",\"position\":3,\"name\":\"Meestele\",\"item\":\"https:\\\/\\\/lustandlove.eu\\\/et\\\/pood\\\/meestele\\\/\"},{\"@type\":\"ListItem\",\"position\":4,\"name\":\"Power Loop Vibreeriv Peeniser\u00f5ngas\"}]},{\"@type\":\"WebSite\",\"@id\":\"https:\\\/\\\/lustandlove.eu\\\/et\\\/#website\",\"url\":\"https:\\\/\\\/lustandlove.eu\\\/et\\\/\",\"name\":\"Lust &amp; Love\",\"description\":\"Online erootikapood tervise, ilu ja armastuse jaoks\",\"publisher\":{\"@id\":\"https:\\\/\\\/lustandlove.eu\\\/et\\\/#organization\"},\"potentialAction\":[{\"@type\":\"SearchAction\",\"target\":{\"@type\":\"EntryPoint\",\"urlTemplate\":\"https:\\\/\\\/lustandlove.eu\\\/et\\\/?s={search_term_string}\"},\"query-input\":{\"@type\":\"PropertyValueSpecification\",\"valueRequired\":true,\"valueName\":\"search_term_string\"}}],\"inLanguage\":\"et\"},{\"@type\":\"Organization\",\"@id\":\"https:\\\/\\\/lustandlove.eu\\\/et\\\/#organization\",\"name\":\"Bioconcept Baltics O\u00dc\",\"url\":\"https:\\\/\\\/lustandlove.eu\\\/et\\\/\",\"logo\":{\"@type\":\"ImageObject\",\"inLanguage\":\"et\",\"@id\":\"https:\\\/\\\/lustandlove.eu\\\/et\\\/#\\\/schema\\\/logo\\\/image\\\/\",\"url\":\"\",\"contentUrl\":\"\",\"caption\":\"Bioconcept Baltics O\u00dc\"},\"image\":{\"@id\":\"https:\\\/\\\/lustandlove.eu\\\/et\\\/#\\\/schema\\\/logo\\\/image\\\/\"},\"sameAs\":[\"https:\\\/\\\/www.facebook.com\\\/LustandLoveEU\\\/\",\"https:\\\/\\\/www.instagram.com\\\/lustandloveeu\\\/\"]}]}<\/script>\n<!-- \/ Yoast SEO plugin. -->","yoast_head_json":{"title":"Power Loop Vibreeriv Peeniser\u00f5ngas | Lust & Love Adult Toy Store","description":"See vibreeriv peeniser\u00f5ngas asetatakse peenise \u00fcmber, et piirata verevoolu ja stimuleerida munandeid v\u00f5i kliitorit veelgi tugevama orgasmi saavutamiseks","robots":{"index,follow,max-snippet":"index,follow,max-snippet:-1,max-image-preview:large,max-video-preview:-1"},"canonical":"https:\/\/lustandlove.eu\/et\/toode\/power-loop-vibreeriv-peeniserongas\/","twitter_card":"summary_large_image","twitter_title":"Power Loop Vibreeriv Peeniser\u00f5ngas | Lust & Love Adult Toy Store","twitter_description":"See vibreeriv peeniser\u00f5ngas asetatakse peenise \u00fcmber, et piirata verevoolu ja stimuleerida munandeid v\u00f5i kliitorit veelgi tugevama orgasmi saavutamiseks","twitter_image":"https:\/\/lustandlove.eu\/wp-content\/uploads\/POWERLOOP5369_.jpg","twitter_misc":{"Est. reading time":"1 minut"},"schema":{"@context":"https:\/\/schema.org","@graph":[{"@type":["WebPage","ItemPage"],"@id":"https:\/\/lustandlove.eu\/et\/toode\/power-loop-vibreeriv-peeniserongas\/","url":"https:\/\/lustandlove.eu\/et\/toode\/power-loop-vibreeriv-peeniserongas\/","name":"Power Loop Vibreeriv Peeniser\u00f5ngas | Lust & Love Adult Toy Store","isPartOf":{"@id":"https:\/\/lustandlove.eu\/et\/#website"},"primaryImageOfPage":{"@id":"https:\/\/lustandlove.eu\/et\/toode\/power-loop-vibreeriv-peeniserongas\/#primaryimage"},"image":{"@id":"https:\/\/lustandlove.eu\/et\/toode\/power-loop-vibreeriv-peeniserongas\/#primaryimage"},"thumbnailUrl":"https:\/\/lustandlove.eu\/wp-content\/uploads\/POWERLOOP5369_.jpg","datePublished":"2025-03-05T07:43:27+00:00","dateModified":"2026-04-13T07:26:42+00:00","description":"See vibreeriv peeniser\u00f5ngas asetatakse peenise \u00fcmber, et piirata verevoolu ja stimuleerida munandeid v\u00f5i kliitorit veelgi tugevama orgasmi saavutamiseks","breadcrumb":{"@id":"https:\/\/lustandlove.eu\/et\/toode\/power-loop-vibreeriv-peeniserongas\/#breadcrumb"},"inLanguage":"et","potentialAction":[{"@type":"ReadAction","target":["https:\/\/lustandlove.eu\/et\/toode\/power-loop-vibreeriv-peeniserongas\/"]}]},{"@type":"ImageObject","inLanguage":"et","@id":"https:\/\/lustandlove.eu\/et\/toode\/power-loop-vibreeriv-peeniserongas\/#primaryimage","url":"https:\/\/lustandlove.eu\/wp-content\/uploads\/POWERLOOP5369_.jpg","contentUrl":"https:\/\/lustandlove.eu\/wp-content\/uploads\/POWERLOOP5369_.jpg","width":768,"height":960},{"@type":"BreadcrumbList","@id":"https:\/\/lustandlove.eu\/et\/toode\/power-loop-vibreeriv-peeniserongas\/#breadcrumb","itemListElement":[{"@type":"ListItem","position":1,"name":"Lust and Love","item":"https:\/\/lustandlove.eu\/et\/"},{"@type":"ListItem","position":2,"name":"Pood","item":"https:\/\/lustandlove.eu\/et\/pood\/"},{"@type":"ListItem","position":3,"name":"Meestele","item":"https:\/\/lustandlove.eu\/et\/pood\/meestele\/"},{"@type":"ListItem","position":4,"name":"Power Loop Vibreeriv Peeniser\u00f5ngas"}]},{"@type":"WebSite","@id":"https:\/\/lustandlove.eu\/et\/#website","url":"https:\/\/lustandlove.eu\/et\/","name":"Lust &amp; Love","description":"Online erootikapood tervise, ilu ja armastuse jaoks","publisher":{"@id":"https:\/\/lustandlove.eu\/et\/#organization"},"potentialAction":[{"@type":"SearchAction","target":{"@type":"EntryPoint","urlTemplate":"https:\/\/lustandlove.eu\/et\/?s={search_term_string}"},"query-input":{"@type":"PropertyValueSpecification","valueRequired":true,"valueName":"search_term_string"}}],"inLanguage":"et"},{"@type":"Organization","@id":"https:\/\/lustandlove.eu\/et\/#organization","name":"Bioconcept Baltics O\u00dc","url":"https:\/\/lustandlove.eu\/et\/","logo":{"@type":"ImageObject","inLanguage":"et","@id":"https:\/\/lustandlove.eu\/et\/#\/schema\/logo\/image\/","url":"","contentUrl":"","caption":"Bioconcept Baltics O\u00dc"},"image":{"@id":"https:\/\/lustandlove.eu\/et\/#\/schema\/logo\/image\/"},"sameAs":["https:\/\/www.facebook.com\/LustandLoveEU\/","https:\/\/www.instagram.com\/lustandloveeu\/"]}]}},"_links":{"self":[{"href":"https:\/\/lustandlove.eu\/et\/wp-json\/wp\/v2\/product\/92908","targetHints":{"allow":["GET"]}}],"collection":[{"href":"https:\/\/lustandlove.eu\/et\/wp-json\/wp\/v2\/product"}],"about":[{"href":"https:\/\/lustandlove.eu\/et\/wp-json\/wp\/v2\/types\/product"}],"wp:featuredmedia":[{"embeddable":true,"href":"https:\/\/lustandlove.eu\/et\/wp-json\/wp\/v2\/media\/92920"}],"wp:attachment":[{"href":"https:\/\/lustandlove.eu\/et\/wp-json\/wp\/v2\/media?parent=92908"}],"wp:term":[{"taxonomy":"product_brand","embeddable":true,"href":"https:\/\/lustandlove.eu\/et\/wp-json\/wp\/v2\/product_brand?post=92908"},{"taxonomy":"product_cat","embeddable":true,"href":"https:\/\/lustandlove.eu\/et\/wp-json\/wp\/v2\/product_cat?post=92908"},{"taxonomy":"product_tag","embeddable":true,"href":"https:\/\/lustandlove.eu\/et\/wp-json\/wp\/v2\/product_tag?post=92908"}],"curies":[{"name":"wp","href":"https:\/\/api.w.org\/{rel}","templated":true}]}}