{"id":92926,"date":"2025-03-05T10:39:07","date_gmt":"2025-03-05T07:56:05","guid":{"rendered":"https:\/\/www.lustandlove.eu\/?post_type=product&#038;p=92926"},"modified":"2026-04-13T10:26:42","modified_gmt":"2026-04-13T07:26:42","slug":"seksi-sidumisteip-hall","status":"publish","type":"product","link":"https:\/\/lustandlove.eu\/et\/toode\/seksi-sidumisteip-hall\/","title":{"rendered":"Seksi Sidumisteip Hall"},"content":{"rendered":"<p><strong>Sex Tape eelised<\/strong>:<br \/>\nSee sidumisteip sobib suurep\u00e4raselt v\u00e4ikese ulakuse jaoks. Teip on valmistatud l\u00e4ikivast PVC-materjalist, mis kleepub ainult enda k\u00fclge \u2013 mitte naha ega karvade k\u00fclge. See on piisavalt tugev, et kinniseotut paigal hoida, kuid seda on lihtne eemaldada, mist\u00f5ttu on see ideaalne nii algajatele kui ka kogenumatele kasutajatele. Teipi saab kasutada p\u00f5neva lisana ning see on suurep\u00e4rane viis usalduse loomiseks. N\u00e4iteks saab sellega kellegi voodi k\u00fclge siduda v\u00f5i k\u00e4ed v\u00f5i jalad kokku siduda<\/p>\n","protected":false},"excerpt":{"rendered":"<p><em>Sex Tape<\/em> on nahas\u00f5bralik sidumisteip<\/p>\n<p><em>Sex Tape <\/em>on sidumisteip, mis on m\u00f5eldud sidumism\u00e4ngudeks ja BDSM-i jaoks. Teip kleepub ainult enda k\u00fclge \u2013 mitte nahale ega karvdele!<\/p>\n","protected":false},"featured_media":92938,"template":"","meta":[],"product_brand":[4229],"product_cat":[1470,4001],"product_tag":[],"class_list":{"0":"post-92926","1":"product","2":"type-product","3":"status-publish","4":"has-post-thumbnail","6":"product_brand-peech-et","7":"product_cat-bdsm-et","8":"product_cat-lobutooted","9":"pa_brand-peech-et","11":"first","12":"instock","13":"taxable","14":"shipping-taxable","15":"purchasable","16":"product-type-simple"},"yoast_head":"<!-- This site is optimized with the Yoast SEO plugin v27.3 - https:\/\/yoast.com\/product\/yoast-seo-wordpress\/ -->\n<title>Seksi Sidumisteip Hall | Lust and Love<\/title>\n<meta name=\"description\" content=\"Sex Tape on nahas\u00f5bralik sidumisteip Sex Tape on sidumisteip, mis on m\u00f5eldud sidumism\u00e4ngudeks ja BDSM-i jaoks, kuna see kleepub ainult enda k\u00fclge.\" \/>\n<meta name=\"robots\" content=\"index,follow,max-snippet:-1,max-image-preview:large,max-video-preview:-1\" \/>\n<link rel=\"canonical\" href=\"https:\/\/lustandlove.eu\/et\/toode\/seksi-sidumisteip-hall\/\" \/>\n<meta name=\"twitter:card\" content=\"summary_large_image\" \/>\n<meta name=\"twitter:title\" content=\"Seksi Sidumisteip Hall | Lust and Love\" \/>\n<meta name=\"twitter:description\" content=\"Sex Tape on nahas\u00f5bralik sidumisteip Sex Tape on sidumisteip, mis on m\u00f5eldud sidumism\u00e4ngudeks ja BDSM-i jaoks, kuna see kleepub ainult enda k\u00fclge.\" \/>\n<meta name=\"twitter:image\" content=\"https:\/\/lustandlove.eu\/wp-content\/uploads\/SEXTAPE0783_0790_3.jpg\" \/>\n<meta name=\"twitter:label1\" content=\"Est. reading time\" \/>\n\t<meta name=\"twitter:data1\" content=\"1 minut\" \/>\n<script type=\"application\/ld+json\" class=\"yoast-schema-graph\">{\"@context\":\"https:\\\/\\\/schema.org\",\"@graph\":[{\"@type\":[\"WebPage\",\"ItemPage\"],\"@id\":\"https:\\\/\\\/lustandlove.eu\\\/et\\\/toode\\\/seksi-sidumisteip-hall\\\/\",\"url\":\"https:\\\/\\\/lustandlove.eu\\\/et\\\/toode\\\/seksi-sidumisteip-hall\\\/\",\"name\":\"Seksi Sidumisteip Hall | Lust and Love\",\"isPartOf\":{\"@id\":\"https:\\\/\\\/lustandlove.eu\\\/et\\\/#website\"},\"primaryImageOfPage\":{\"@id\":\"https:\\\/\\\/lustandlove.eu\\\/et\\\/toode\\\/seksi-sidumisteip-hall\\\/#primaryimage\"},\"image\":{\"@id\":\"https:\\\/\\\/lustandlove.eu\\\/et\\\/toode\\\/seksi-sidumisteip-hall\\\/#primaryimage\"},\"thumbnailUrl\":\"https:\\\/\\\/lustandlove.eu\\\/wp-content\\\/uploads\\\/SEXTAPE0783_0790_3.jpg\",\"datePublished\":\"2025-03-05T07:56:05+00:00\",\"dateModified\":\"2026-04-13T07:26:42+00:00\",\"description\":\"Sex Tape on nahas\u00f5bralik sidumisteip Sex Tape on sidumisteip, mis on m\u00f5eldud sidumism\u00e4ngudeks ja BDSM-i jaoks, kuna see kleepub ainult enda k\u00fclge.\",\"breadcrumb\":{\"@id\":\"https:\\\/\\\/lustandlove.eu\\\/et\\\/toode\\\/seksi-sidumisteip-hall\\\/#breadcrumb\"},\"inLanguage\":\"et\",\"potentialAction\":[{\"@type\":\"ReadAction\",\"target\":[\"https:\\\/\\\/lustandlove.eu\\\/et\\\/toode\\\/seksi-sidumisteip-hall\\\/\"]}]},{\"@type\":\"ImageObject\",\"inLanguage\":\"et\",\"@id\":\"https:\\\/\\\/lustandlove.eu\\\/et\\\/toode\\\/seksi-sidumisteip-hall\\\/#primaryimage\",\"url\":\"https:\\\/\\\/lustandlove.eu\\\/wp-content\\\/uploads\\\/SEXTAPE0783_0790_3.jpg\",\"contentUrl\":\"https:\\\/\\\/lustandlove.eu\\\/wp-content\\\/uploads\\\/SEXTAPE0783_0790_3.jpg\",\"width\":768,\"height\":960},{\"@type\":\"BreadcrumbList\",\"@id\":\"https:\\\/\\\/lustandlove.eu\\\/et\\\/toode\\\/seksi-sidumisteip-hall\\\/#breadcrumb\",\"itemListElement\":[{\"@type\":\"ListItem\",\"position\":1,\"name\":\"Lust and Love\",\"item\":\"https:\\\/\\\/lustandlove.eu\\\/et\\\/\"},{\"@type\":\"ListItem\",\"position\":2,\"name\":\"Pood\",\"item\":\"https:\\\/\\\/lustandlove.eu\\\/et\\\/pood\\\/\"},{\"@type\":\"ListItem\",\"position\":3,\"name\":\"BDSM\",\"item\":\"https:\\\/\\\/lustandlove.eu\\\/et\\\/pood\\\/bdsm-et\\\/\"},{\"@type\":\"ListItem\",\"position\":4,\"name\":\"Seksi Sidumisteip Hall\"}]},{\"@type\":\"WebSite\",\"@id\":\"https:\\\/\\\/lustandlove.eu\\\/et\\\/#website\",\"url\":\"https:\\\/\\\/lustandlove.eu\\\/et\\\/\",\"name\":\"Lust &amp; Love\",\"description\":\"Online erootikapood tervise, ilu ja armastuse jaoks\",\"publisher\":{\"@id\":\"https:\\\/\\\/lustandlove.eu\\\/et\\\/#organization\"},\"potentialAction\":[{\"@type\":\"SearchAction\",\"target\":{\"@type\":\"EntryPoint\",\"urlTemplate\":\"https:\\\/\\\/lustandlove.eu\\\/et\\\/?s={search_term_string}\"},\"query-input\":{\"@type\":\"PropertyValueSpecification\",\"valueRequired\":true,\"valueName\":\"search_term_string\"}}],\"inLanguage\":\"et\"},{\"@type\":\"Organization\",\"@id\":\"https:\\\/\\\/lustandlove.eu\\\/et\\\/#organization\",\"name\":\"Bioconcept Baltics O\u00dc\",\"url\":\"https:\\\/\\\/lustandlove.eu\\\/et\\\/\",\"logo\":{\"@type\":\"ImageObject\",\"inLanguage\":\"et\",\"@id\":\"https:\\\/\\\/lustandlove.eu\\\/et\\\/#\\\/schema\\\/logo\\\/image\\\/\",\"url\":\"\",\"contentUrl\":\"\",\"caption\":\"Bioconcept Baltics O\u00dc\"},\"image\":{\"@id\":\"https:\\\/\\\/lustandlove.eu\\\/et\\\/#\\\/schema\\\/logo\\\/image\\\/\"},\"sameAs\":[\"https:\\\/\\\/www.facebook.com\\\/LustandLoveEU\\\/\",\"https:\\\/\\\/www.instagram.com\\\/lustandloveeu\\\/\"]}]}<\/script>\n<!-- \/ Yoast SEO plugin. -->","yoast_head_json":{"title":"Seksi Sidumisteip Hall | Lust and Love","description":"Sex Tape on nahas\u00f5bralik sidumisteip Sex Tape on sidumisteip, mis on m\u00f5eldud sidumism\u00e4ngudeks ja BDSM-i jaoks, kuna see kleepub ainult enda k\u00fclge.","robots":{"index,follow,max-snippet":"index,follow,max-snippet:-1,max-image-preview:large,max-video-preview:-1"},"canonical":"https:\/\/lustandlove.eu\/et\/toode\/seksi-sidumisteip-hall\/","twitter_card":"summary_large_image","twitter_title":"Seksi Sidumisteip Hall | Lust and Love","twitter_description":"Sex Tape on nahas\u00f5bralik sidumisteip Sex Tape on sidumisteip, mis on m\u00f5eldud sidumism\u00e4ngudeks ja BDSM-i jaoks, kuna see kleepub ainult enda k\u00fclge.","twitter_image":"https:\/\/lustandlove.eu\/wp-content\/uploads\/SEXTAPE0783_0790_3.jpg","twitter_misc":{"Est. reading time":"1 minut"},"schema":{"@context":"https:\/\/schema.org","@graph":[{"@type":["WebPage","ItemPage"],"@id":"https:\/\/lustandlove.eu\/et\/toode\/seksi-sidumisteip-hall\/","url":"https:\/\/lustandlove.eu\/et\/toode\/seksi-sidumisteip-hall\/","name":"Seksi Sidumisteip Hall | Lust and Love","isPartOf":{"@id":"https:\/\/lustandlove.eu\/et\/#website"},"primaryImageOfPage":{"@id":"https:\/\/lustandlove.eu\/et\/toode\/seksi-sidumisteip-hall\/#primaryimage"},"image":{"@id":"https:\/\/lustandlove.eu\/et\/toode\/seksi-sidumisteip-hall\/#primaryimage"},"thumbnailUrl":"https:\/\/lustandlove.eu\/wp-content\/uploads\/SEXTAPE0783_0790_3.jpg","datePublished":"2025-03-05T07:56:05+00:00","dateModified":"2026-04-13T07:26:42+00:00","description":"Sex Tape on nahas\u00f5bralik sidumisteip Sex Tape on sidumisteip, mis on m\u00f5eldud sidumism\u00e4ngudeks ja BDSM-i jaoks, kuna see kleepub ainult enda k\u00fclge.","breadcrumb":{"@id":"https:\/\/lustandlove.eu\/et\/toode\/seksi-sidumisteip-hall\/#breadcrumb"},"inLanguage":"et","potentialAction":[{"@type":"ReadAction","target":["https:\/\/lustandlove.eu\/et\/toode\/seksi-sidumisteip-hall\/"]}]},{"@type":"ImageObject","inLanguage":"et","@id":"https:\/\/lustandlove.eu\/et\/toode\/seksi-sidumisteip-hall\/#primaryimage","url":"https:\/\/lustandlove.eu\/wp-content\/uploads\/SEXTAPE0783_0790_3.jpg","contentUrl":"https:\/\/lustandlove.eu\/wp-content\/uploads\/SEXTAPE0783_0790_3.jpg","width":768,"height":960},{"@type":"BreadcrumbList","@id":"https:\/\/lustandlove.eu\/et\/toode\/seksi-sidumisteip-hall\/#breadcrumb","itemListElement":[{"@type":"ListItem","position":1,"name":"Lust and Love","item":"https:\/\/lustandlove.eu\/et\/"},{"@type":"ListItem","position":2,"name":"Pood","item":"https:\/\/lustandlove.eu\/et\/pood\/"},{"@type":"ListItem","position":3,"name":"BDSM","item":"https:\/\/lustandlove.eu\/et\/pood\/bdsm-et\/"},{"@type":"ListItem","position":4,"name":"Seksi Sidumisteip Hall"}]},{"@type":"WebSite","@id":"https:\/\/lustandlove.eu\/et\/#website","url":"https:\/\/lustandlove.eu\/et\/","name":"Lust &amp; Love","description":"Online erootikapood tervise, ilu ja armastuse jaoks","publisher":{"@id":"https:\/\/lustandlove.eu\/et\/#organization"},"potentialAction":[{"@type":"SearchAction","target":{"@type":"EntryPoint","urlTemplate":"https:\/\/lustandlove.eu\/et\/?s={search_term_string}"},"query-input":{"@type":"PropertyValueSpecification","valueRequired":true,"valueName":"search_term_string"}}],"inLanguage":"et"},{"@type":"Organization","@id":"https:\/\/lustandlove.eu\/et\/#organization","name":"Bioconcept Baltics O\u00dc","url":"https:\/\/lustandlove.eu\/et\/","logo":{"@type":"ImageObject","inLanguage":"et","@id":"https:\/\/lustandlove.eu\/et\/#\/schema\/logo\/image\/","url":"","contentUrl":"","caption":"Bioconcept Baltics O\u00dc"},"image":{"@id":"https:\/\/lustandlove.eu\/et\/#\/schema\/logo\/image\/"},"sameAs":["https:\/\/www.facebook.com\/LustandLoveEU\/","https:\/\/www.instagram.com\/lustandloveeu\/"]}]}},"_links":{"self":[{"href":"https:\/\/lustandlove.eu\/et\/wp-json\/wp\/v2\/product\/92926","targetHints":{"allow":["GET"]}}],"collection":[{"href":"https:\/\/lustandlove.eu\/et\/wp-json\/wp\/v2\/product"}],"about":[{"href":"https:\/\/lustandlove.eu\/et\/wp-json\/wp\/v2\/types\/product"}],"wp:featuredmedia":[{"embeddable":true,"href":"https:\/\/lustandlove.eu\/et\/wp-json\/wp\/v2\/media\/92938"}],"wp:attachment":[{"href":"https:\/\/lustandlove.eu\/et\/wp-json\/wp\/v2\/media?parent=92926"}],"wp:term":[{"taxonomy":"product_brand","embeddable":true,"href":"https:\/\/lustandlove.eu\/et\/wp-json\/wp\/v2\/product_brand?post=92926"},{"taxonomy":"product_cat","embeddable":true,"href":"https:\/\/lustandlove.eu\/et\/wp-json\/wp\/v2\/product_cat?post=92926"},{"taxonomy":"product_tag","embeddable":true,"href":"https:\/\/lustandlove.eu\/et\/wp-json\/wp\/v2\/product_tag?post=92926"}],"curies":[{"name":"wp","href":"https:\/\/api.w.org\/{rel}","templated":true}]}}