{"id":92940,"date":"2025-03-05T10:39:06","date_gmt":"2025-03-05T08:10:08","guid":{"rendered":"https:\/\/www.lustandlove.eu\/?post_type=product&#038;p=92940"},"modified":"2026-04-13T10:26:43","modified_gmt":"2026-04-13T07:26:43","slug":"pawny-vibraator-copy-2","status":"publish","type":"product","link":"https:\/\/lustandlove.eu\/et\/toode\/pawny-vibraator-copy-2\/","title":{"rendered":"Wander Wand Vibraator"},"content":{"rendered":"<p><strong>Wanderi eelised:<\/strong><br \/>\nTundke tugevat vibratsiooni, mida Wander pakub. See pakub 3 erinevat intensiivsuse taset ja 7 ainulaadset vibratsioonimustrit, mis v\u00f5imaldavad teil leida see p\u00e4ris enda oma.<\/p>\n<p><em>Wander<\/em> on mitmek\u00fclgne, kuna seda saab \u00fcmber p\u00f6\u00f6rata ja kasutada penetratsiooni jaoks.<\/p>\n<p>Kogu vibraator on valmistatud pehmest v\u00e4ga painduvast silikoonist, mis teeb erinevate kohtade ja survepunktide uurimise lihtsaks.<\/p>\n<p>Kasutage <em>Wanderit<\/em> koos veep\u00f5hise libestiga, et tagada sujuv libisemine \u00fcle keha. Wander on ka veekindel, nii et v\u00f5tke see julgelt du\u0161i alla.<\/p>\n<p><strong>N\u00e4pun\u00e4ide<\/strong><br \/>\nWander sobib suurep\u00e4raselt ka valusate lihaste masseerimiseks.<\/p>\n<p><b>Puhastamine ja hoiustamine<\/b><br \/>\nLelu on lihtne puhastada, kasutage lihtsalt vett ja \u00f5rna seepi. Seej\u00e4rel saate selle lihtsalt pehme ja puhta lapiga maha p\u00fchkida.<\/p>\n<p>Me ei soovita seda hoida otsese p\u00e4ikesevalguse k\u00e4es, vaid pigem kuivas kohas. N\u00e4iteks riidest kotis, karbis v\u00f5i sahtlis.<\/p>\n<p><b>Wander spetsifikatsioonid:<\/b><br \/>\nVeekindel<br \/>\nSobib veep\u00f5hise libestiga<br \/>\n10 erinevat vibratsiooniseadet<br \/>\nTaaslaetav: kaasas laadija<br \/>\nValmistatud kehale ohutust silikoonist<br \/>\nM\u00f5\u00f5dud: Pikkus 22 cm x max diameeter: 4,5 cm<\/p>\n","protected":false},"excerpt":{"rendered":"<p><em>Wander<\/em> on ideaalne vibraator neile, kes armastavad v\u00f5imsaid vibratsioone<\/p>\n<p><em>Wander<\/em> on painduv wand-vibraator, mis sobib suurep\u00e4raselt v\u00e4liseks stimulatsiooniks oma v\u00f5imsa vibreeriva peaga. Saate seda hoida kliitori kohal v\u00f5i tupeava \u00fcmber, kuhu on koondunud palju n\u00e4rvil\u00f5pmeid. See muudab selle ideaalseks teie lemmikkohtade stimuleerimiseks, nautides samal ajal selle siledat ja pehmet pinda.<\/p>\n","protected":false},"featured_media":92942,"template":"","meta":[],"product_brand":[4229],"product_cat":[1484,1488,1495],"product_tag":[1545],"class_list":{"0":"post-92940","1":"product","2":"type-product","3":"status-publish","4":"has-post-thumbnail","6":"product_brand-peech-et","7":"product_cat-sekslelud","8":"product_cat-vibraatorid","9":"product_cat-wandid","10":"product_tag-wand-et","11":"pa_brand-peech-et","13":"first","14":"instock","15":"taxable","16":"shipping-taxable","17":"purchasable","18":"product-type-simple"},"yoast_head":"<!-- This site is optimized with the Yoast SEO plugin v27.3 - https:\/\/yoast.com\/product\/yoast-seo-wordpress\/ -->\n<title>Wander Wand Vibraator | Lust &amp; Love Adult Toy Store<\/title>\n<meta name=\"description\" content=\"Wander on painduv wand-vibraator, mis sobib suurep\u00e4raselt v\u00e4liseks stimulatsiooniks oma v\u00f5imsa vibreeriva peaga. Sile silikoon tundub kasutamise ajal h\u00e4mmastavalt\" \/>\n<meta name=\"robots\" content=\"index,follow,max-snippet:-1,max-image-preview:large,max-video-preview:-1\" \/>\n<link rel=\"canonical\" href=\"https:\/\/lustandlove.eu\/et\/toode\/pawny-vibraator-copy-2\/\" \/>\n<meta name=\"twitter:card\" content=\"summary_large_image\" \/>\n<meta name=\"twitter:title\" content=\"Wander Wand Vibraator | Lust &amp; Love Adult Toy Store\" \/>\n<meta name=\"twitter:description\" content=\"Wander on painduv wand-vibraator, mis sobib suurep\u00e4raselt v\u00e4liseks stimulatsiooniks oma v\u00f5imsa vibreeriva peaga. Sile silikoon tundub kasutamise ajal h\u00e4mmastavalt\" \/>\n<meta name=\"twitter:image\" content=\"https:\/\/lustandlove.eu\/wp-content\/uploads\/WANDER2223_.jpg\" \/>\n<meta name=\"twitter:label1\" content=\"Est. reading time\" \/>\n\t<meta name=\"twitter:data1\" content=\"1 minut\" \/>\n<script type=\"application\/ld+json\" class=\"yoast-schema-graph\">{\"@context\":\"https:\\\/\\\/schema.org\",\"@graph\":[{\"@type\":[\"WebPage\",\"ItemPage\"],\"@id\":\"https:\\\/\\\/lustandlove.eu\\\/et\\\/toode\\\/pawny-vibraator-copy-2\\\/\",\"url\":\"https:\\\/\\\/lustandlove.eu\\\/et\\\/toode\\\/pawny-vibraator-copy-2\\\/\",\"name\":\"Wander Wand Vibraator | Lust & Love Adult Toy Store\",\"isPartOf\":{\"@id\":\"https:\\\/\\\/lustandlove.eu\\\/et\\\/#website\"},\"primaryImageOfPage\":{\"@id\":\"https:\\\/\\\/lustandlove.eu\\\/et\\\/toode\\\/pawny-vibraator-copy-2\\\/#primaryimage\"},\"image\":{\"@id\":\"https:\\\/\\\/lustandlove.eu\\\/et\\\/toode\\\/pawny-vibraator-copy-2\\\/#primaryimage\"},\"thumbnailUrl\":\"https:\\\/\\\/lustandlove.eu\\\/wp-content\\\/uploads\\\/WANDER2223_.jpg\",\"datePublished\":\"2025-03-05T08:10:08+00:00\",\"dateModified\":\"2026-04-13T07:26:43+00:00\",\"description\":\"Wander on painduv wand-vibraator, mis sobib suurep\u00e4raselt v\u00e4liseks stimulatsiooniks oma v\u00f5imsa vibreeriva peaga. Sile silikoon tundub kasutamise ajal h\u00e4mmastavalt\",\"breadcrumb\":{\"@id\":\"https:\\\/\\\/lustandlove.eu\\\/et\\\/toode\\\/pawny-vibraator-copy-2\\\/#breadcrumb\"},\"inLanguage\":\"et\",\"potentialAction\":[{\"@type\":\"ReadAction\",\"target\":[\"https:\\\/\\\/lustandlove.eu\\\/et\\\/toode\\\/pawny-vibraator-copy-2\\\/\"]}]},{\"@type\":\"ImageObject\",\"inLanguage\":\"et\",\"@id\":\"https:\\\/\\\/lustandlove.eu\\\/et\\\/toode\\\/pawny-vibraator-copy-2\\\/#primaryimage\",\"url\":\"https:\\\/\\\/lustandlove.eu\\\/wp-content\\\/uploads\\\/WANDER2223_.jpg\",\"contentUrl\":\"https:\\\/\\\/lustandlove.eu\\\/wp-content\\\/uploads\\\/WANDER2223_.jpg\",\"width\":768,\"height\":960},{\"@type\":\"BreadcrumbList\",\"@id\":\"https:\\\/\\\/lustandlove.eu\\\/et\\\/toode\\\/pawny-vibraator-copy-2\\\/#breadcrumb\",\"itemListElement\":[{\"@type\":\"ListItem\",\"position\":1,\"name\":\"Lust and Love\",\"item\":\"https:\\\/\\\/lustandlove.eu\\\/et\\\/\"},{\"@type\":\"ListItem\",\"position\":2,\"name\":\"Pood\",\"item\":\"https:\\\/\\\/lustandlove.eu\\\/et\\\/pood\\\/\"},{\"@type\":\"ListItem\",\"position\":3,\"name\":\"Sekslelud\",\"item\":\"https:\\\/\\\/lustandlove.eu\\\/et\\\/pood\\\/sekslelud\\\/\"},{\"@type\":\"ListItem\",\"position\":4,\"name\":\"Wander Wand Vibraator\"}]},{\"@type\":\"WebSite\",\"@id\":\"https:\\\/\\\/lustandlove.eu\\\/et\\\/#website\",\"url\":\"https:\\\/\\\/lustandlove.eu\\\/et\\\/\",\"name\":\"Lust &amp; Love\",\"description\":\"Online erootikapood tervise, ilu ja armastuse jaoks\",\"publisher\":{\"@id\":\"https:\\\/\\\/lustandlove.eu\\\/et\\\/#organization\"},\"potentialAction\":[{\"@type\":\"SearchAction\",\"target\":{\"@type\":\"EntryPoint\",\"urlTemplate\":\"https:\\\/\\\/lustandlove.eu\\\/et\\\/?s={search_term_string}\"},\"query-input\":{\"@type\":\"PropertyValueSpecification\",\"valueRequired\":true,\"valueName\":\"search_term_string\"}}],\"inLanguage\":\"et\"},{\"@type\":\"Organization\",\"@id\":\"https:\\\/\\\/lustandlove.eu\\\/et\\\/#organization\",\"name\":\"Bioconcept Baltics O\u00dc\",\"url\":\"https:\\\/\\\/lustandlove.eu\\\/et\\\/\",\"logo\":{\"@type\":\"ImageObject\",\"inLanguage\":\"et\",\"@id\":\"https:\\\/\\\/lustandlove.eu\\\/et\\\/#\\\/schema\\\/logo\\\/image\\\/\",\"url\":\"\",\"contentUrl\":\"\",\"caption\":\"Bioconcept Baltics O\u00dc\"},\"image\":{\"@id\":\"https:\\\/\\\/lustandlove.eu\\\/et\\\/#\\\/schema\\\/logo\\\/image\\\/\"},\"sameAs\":[\"https:\\\/\\\/www.facebook.com\\\/LustandLoveEU\\\/\",\"https:\\\/\\\/www.instagram.com\\\/lustandloveeu\\\/\"]}]}<\/script>\n<!-- \/ Yoast SEO plugin. -->","yoast_head_json":{"title":"Wander Wand Vibraator | Lust & Love Adult Toy Store","description":"Wander on painduv wand-vibraator, mis sobib suurep\u00e4raselt v\u00e4liseks stimulatsiooniks oma v\u00f5imsa vibreeriva peaga. Sile silikoon tundub kasutamise ajal h\u00e4mmastavalt","robots":{"index,follow,max-snippet":"index,follow,max-snippet:-1,max-image-preview:large,max-video-preview:-1"},"canonical":"https:\/\/lustandlove.eu\/et\/toode\/pawny-vibraator-copy-2\/","twitter_card":"summary_large_image","twitter_title":"Wander Wand Vibraator | Lust & Love Adult Toy Store","twitter_description":"Wander on painduv wand-vibraator, mis sobib suurep\u00e4raselt v\u00e4liseks stimulatsiooniks oma v\u00f5imsa vibreeriva peaga. Sile silikoon tundub kasutamise ajal h\u00e4mmastavalt","twitter_image":"https:\/\/lustandlove.eu\/wp-content\/uploads\/WANDER2223_.jpg","twitter_misc":{"Est. reading time":"1 minut"},"schema":{"@context":"https:\/\/schema.org","@graph":[{"@type":["WebPage","ItemPage"],"@id":"https:\/\/lustandlove.eu\/et\/toode\/pawny-vibraator-copy-2\/","url":"https:\/\/lustandlove.eu\/et\/toode\/pawny-vibraator-copy-2\/","name":"Wander Wand Vibraator | Lust & Love Adult Toy Store","isPartOf":{"@id":"https:\/\/lustandlove.eu\/et\/#website"},"primaryImageOfPage":{"@id":"https:\/\/lustandlove.eu\/et\/toode\/pawny-vibraator-copy-2\/#primaryimage"},"image":{"@id":"https:\/\/lustandlove.eu\/et\/toode\/pawny-vibraator-copy-2\/#primaryimage"},"thumbnailUrl":"https:\/\/lustandlove.eu\/wp-content\/uploads\/WANDER2223_.jpg","datePublished":"2025-03-05T08:10:08+00:00","dateModified":"2026-04-13T07:26:43+00:00","description":"Wander on painduv wand-vibraator, mis sobib suurep\u00e4raselt v\u00e4liseks stimulatsiooniks oma v\u00f5imsa vibreeriva peaga. Sile silikoon tundub kasutamise ajal h\u00e4mmastavalt","breadcrumb":{"@id":"https:\/\/lustandlove.eu\/et\/toode\/pawny-vibraator-copy-2\/#breadcrumb"},"inLanguage":"et","potentialAction":[{"@type":"ReadAction","target":["https:\/\/lustandlove.eu\/et\/toode\/pawny-vibraator-copy-2\/"]}]},{"@type":"ImageObject","inLanguage":"et","@id":"https:\/\/lustandlove.eu\/et\/toode\/pawny-vibraator-copy-2\/#primaryimage","url":"https:\/\/lustandlove.eu\/wp-content\/uploads\/WANDER2223_.jpg","contentUrl":"https:\/\/lustandlove.eu\/wp-content\/uploads\/WANDER2223_.jpg","width":768,"height":960},{"@type":"BreadcrumbList","@id":"https:\/\/lustandlove.eu\/et\/toode\/pawny-vibraator-copy-2\/#breadcrumb","itemListElement":[{"@type":"ListItem","position":1,"name":"Lust and Love","item":"https:\/\/lustandlove.eu\/et\/"},{"@type":"ListItem","position":2,"name":"Pood","item":"https:\/\/lustandlove.eu\/et\/pood\/"},{"@type":"ListItem","position":3,"name":"Sekslelud","item":"https:\/\/lustandlove.eu\/et\/pood\/sekslelud\/"},{"@type":"ListItem","position":4,"name":"Wander Wand Vibraator"}]},{"@type":"WebSite","@id":"https:\/\/lustandlove.eu\/et\/#website","url":"https:\/\/lustandlove.eu\/et\/","name":"Lust &amp; Love","description":"Online erootikapood tervise, ilu ja armastuse jaoks","publisher":{"@id":"https:\/\/lustandlove.eu\/et\/#organization"},"potentialAction":[{"@type":"SearchAction","target":{"@type":"EntryPoint","urlTemplate":"https:\/\/lustandlove.eu\/et\/?s={search_term_string}"},"query-input":{"@type":"PropertyValueSpecification","valueRequired":true,"valueName":"search_term_string"}}],"inLanguage":"et"},{"@type":"Organization","@id":"https:\/\/lustandlove.eu\/et\/#organization","name":"Bioconcept Baltics O\u00dc","url":"https:\/\/lustandlove.eu\/et\/","logo":{"@type":"ImageObject","inLanguage":"et","@id":"https:\/\/lustandlove.eu\/et\/#\/schema\/logo\/image\/","url":"","contentUrl":"","caption":"Bioconcept Baltics O\u00dc"},"image":{"@id":"https:\/\/lustandlove.eu\/et\/#\/schema\/logo\/image\/"},"sameAs":["https:\/\/www.facebook.com\/LustandLoveEU\/","https:\/\/www.instagram.com\/lustandloveeu\/"]}]}},"_links":{"self":[{"href":"https:\/\/lustandlove.eu\/et\/wp-json\/wp\/v2\/product\/92940","targetHints":{"allow":["GET"]}}],"collection":[{"href":"https:\/\/lustandlove.eu\/et\/wp-json\/wp\/v2\/product"}],"about":[{"href":"https:\/\/lustandlove.eu\/et\/wp-json\/wp\/v2\/types\/product"}],"wp:featuredmedia":[{"embeddable":true,"href":"https:\/\/lustandlove.eu\/et\/wp-json\/wp\/v2\/media\/92942"}],"wp:attachment":[{"href":"https:\/\/lustandlove.eu\/et\/wp-json\/wp\/v2\/media?parent=92940"}],"wp:term":[{"taxonomy":"product_brand","embeddable":true,"href":"https:\/\/lustandlove.eu\/et\/wp-json\/wp\/v2\/product_brand?post=92940"},{"taxonomy":"product_cat","embeddable":true,"href":"https:\/\/lustandlove.eu\/et\/wp-json\/wp\/v2\/product_cat?post=92940"},{"taxonomy":"product_tag","embeddable":true,"href":"https:\/\/lustandlove.eu\/et\/wp-json\/wp\/v2\/product_tag?post=92940"}],"curies":[{"name":"wp","href":"https:\/\/api.w.org\/{rel}","templated":true}]}}