{"id":92960,"date":"2025-03-05T10:39:05","date_gmt":"2025-03-05T08:25:37","guid":{"rendered":"https:\/\/www.lustandlove.eu\/?post_type=product&#038;p=92960"},"modified":"2026-04-13T10:26:43","modified_gmt":"2026-04-13T07:26:43","slug":"seksi-sidumisteip-hall-copy","status":"publish","type":"product","link":"https:\/\/lustandlove.eu\/et\/toode\/seksi-sidumisteip-hall-copy\/","title":{"rendered":"Trans Teip"},"content":{"rendered":"<p><strong>Binder Tape eelised:<\/strong><br \/>\nTeipi kinnitab lateksivaba h\u00fcpoallergeenne akr\u00fc\u00fclliim, mis s\u00e4ilitab oma nakketugevuse kuni 7 p\u00e4eva pideval kasutamisel. Kui kasutate \u00f5iget paigutusmeetodit, on teibiga ohutu magada ega takista hingamist.<\/p>\n<p>Trans teipi saab kanda rinna \u00fclaosast kuni kaenla alla, mitte kunagi allpool. <em>Binding<\/em> v\u00f5ib olla suurep\u00e4rane viis oma soolise identiteedi v\u00e4ljendamise kontrollimiseks. See v\u00f5ib anda teile kontrolli oma keha esitlemise \u00fcle ja v\u00f5ib paljude jaoks olla teeks parema vaimse tervise ja enesehinnanguni.<\/p>\n<p><strong>N\u00e4pun\u00e4ide<\/strong><br \/>\nKui teip muutub p\u00e4rast pikemaajalist kasutamist v\u00e4hem kleepuvaks v\u00f5i kui soovite selle lihtsalt eemaldada, katke see \u00f5liga, n\u00e4iteks mandli- v\u00f5i kookos\u00f5liga, v\u00f5i beebi\u00f5li.<\/p>\n<p><strong>Puhastamine ja hoiustamine<\/strong><br \/>\nMe ei soovita seda hoida otsese p\u00e4ikesevalguse k\u00e4es, vaid pigem kuivas kohas. N\u00e4iteks riidest kotis, karbis v\u00f5i sahtlis.<\/p>\n<p><strong>Trans teibi spetsifikatsioonid:<\/strong><br \/>\nKoostis 95% puuvillast ja 5% spandexist<br \/>\nSisaldab h\u00fcpoallergeenset akr\u00fc\u00fclliimi<br \/>\nEi sisalda lateksit<br \/>\nM\u00f5\u00f5dud: Pikkus: 5 m x Laius: 10 cm<\/p>\n","protected":false},"excerpt":{"rendered":"<p><em>Binder<\/em> Trans Teip \u2013 vastupidav transteip igap\u00e4evaseks kasutamiseks<\/p>\n<p>Seda teipi saab kasutada rindkere kudede lamestamiseks, mis annab lameda rindkere v\u00e4limuse. Teip on valmistatud mugavast puuvilla ja spandexi segust, mis on nii higi- kui ka veekindel, mist\u00f5ttu sobib seda kasutada treeningu ajal, du\u0161i all v\u00f5i isegi ujudes.<\/p>\n","protected":false},"featured_media":92976,"template":"","meta":[],"product_brand":[4229],"product_cat":[1497,1496],"product_tag":[],"class_list":{"0":"post-92960","1":"product","2":"type-product","3":"status-publish","4":"has-post-thumbnail","6":"product_brand-peech-et","7":"product_cat-aksessuaarid","8":"product_cat-lgbtq-et","9":"pa_brand-peech-et","11":"first","12":"instock","13":"taxable","14":"shipping-taxable","15":"purchasable","16":"product-type-variable"},"yoast_head":"<!-- This site is optimized with the Yoast SEO plugin v27.3 - https:\/\/yoast.com\/product\/yoast-seo-wordpress\/ -->\n<title>Trans Teip | Lust and Love<\/title>\n<meta name=\"description\" content=\"Seda trans teipi saab kasutada rindkere kudede sidumiseks. Teip on valmistatud mugavast puuvilla ja spandexi segust ning see on t\u00e4ielikult veekindel.\" \/>\n<meta name=\"robots\" content=\"index,follow,max-snippet:-1,max-image-preview:large,max-video-preview:-1\" \/>\n<link rel=\"canonical\" href=\"https:\/\/lustandlove.eu\/et\/toode\/seksi-sidumisteip-hall-copy\/\" \/>\n<meta name=\"twitter:card\" content=\"summary_large_image\" \/>\n<meta name=\"twitter:title\" content=\"Trans Teip | Lust and Love\" \/>\n<meta name=\"twitter:description\" content=\"Seda trans teipi saab kasutada rindkere kudede sidumiseks. Teip on valmistatud mugavast puuvilla ja spandexi segust ning see on t\u00e4ielikult veekindel.\" \/>\n<meta name=\"twitter:image\" content=\"https:\/\/lustandlove.eu\/wp-content\/uploads\/BINDERTAPE_5.jpg\" \/>\n<meta name=\"twitter:label1\" content=\"Est. reading time\" \/>\n\t<meta name=\"twitter:data1\" content=\"1 minut\" \/>\n<script type=\"application\/ld+json\" class=\"yoast-schema-graph\">{\"@context\":\"https:\\\/\\\/schema.org\",\"@graph\":[{\"@type\":[\"WebPage\",\"ItemPage\"],\"@id\":\"https:\\\/\\\/lustandlove.eu\\\/et\\\/toode\\\/seksi-sidumisteip-hall-copy\\\/\",\"url\":\"https:\\\/\\\/lustandlove.eu\\\/et\\\/toode\\\/seksi-sidumisteip-hall-copy\\\/\",\"name\":\"Trans Teip | Lust and Love\",\"isPartOf\":{\"@id\":\"https:\\\/\\\/lustandlove.eu\\\/et\\\/#website\"},\"primaryImageOfPage\":{\"@id\":\"https:\\\/\\\/lustandlove.eu\\\/et\\\/toode\\\/seksi-sidumisteip-hall-copy\\\/#primaryimage\"},\"image\":{\"@id\":\"https:\\\/\\\/lustandlove.eu\\\/et\\\/toode\\\/seksi-sidumisteip-hall-copy\\\/#primaryimage\"},\"thumbnailUrl\":\"https:\\\/\\\/lustandlove.eu\\\/wp-content\\\/uploads\\\/BINDERTAPE_5.jpg\",\"datePublished\":\"2025-03-05T08:25:37+00:00\",\"dateModified\":\"2026-04-13T07:26:43+00:00\",\"description\":\"Seda trans teipi saab kasutada rindkere kudede sidumiseks. Teip on valmistatud mugavast puuvilla ja spandexi segust ning see on t\u00e4ielikult veekindel.\",\"breadcrumb\":{\"@id\":\"https:\\\/\\\/lustandlove.eu\\\/et\\\/toode\\\/seksi-sidumisteip-hall-copy\\\/#breadcrumb\"},\"inLanguage\":\"et\",\"potentialAction\":[{\"@type\":\"ReadAction\",\"target\":[\"https:\\\/\\\/lustandlove.eu\\\/et\\\/toode\\\/seksi-sidumisteip-hall-copy\\\/\"]}]},{\"@type\":\"ImageObject\",\"inLanguage\":\"et\",\"@id\":\"https:\\\/\\\/lustandlove.eu\\\/et\\\/toode\\\/seksi-sidumisteip-hall-copy\\\/#primaryimage\",\"url\":\"https:\\\/\\\/lustandlove.eu\\\/wp-content\\\/uploads\\\/BINDERTAPE_5.jpg\",\"contentUrl\":\"https:\\\/\\\/lustandlove.eu\\\/wp-content\\\/uploads\\\/BINDERTAPE_5.jpg\",\"width\":768,\"height\":960},{\"@type\":\"BreadcrumbList\",\"@id\":\"https:\\\/\\\/lustandlove.eu\\\/et\\\/toode\\\/seksi-sidumisteip-hall-copy\\\/#breadcrumb\",\"itemListElement\":[{\"@type\":\"ListItem\",\"position\":1,\"name\":\"Lust and Love\",\"item\":\"https:\\\/\\\/lustandlove.eu\\\/et\\\/\"},{\"@type\":\"ListItem\",\"position\":2,\"name\":\"Pood\",\"item\":\"https:\\\/\\\/lustandlove.eu\\\/et\\\/pood\\\/\"},{\"@type\":\"ListItem\",\"position\":3,\"name\":\"Sekslelud\",\"item\":\"https:\\\/\\\/lustandlove.eu\\\/et\\\/pood\\\/sekslelud\\\/\"},{\"@type\":\"ListItem\",\"position\":4,\"name\":\"LGBTQ\",\"item\":\"https:\\\/\\\/lustandlove.eu\\\/et\\\/pood\\\/sekslelud\\\/lgbtq-et\\\/\"},{\"@type\":\"ListItem\",\"position\":5,\"name\":\"Trans Teip\"}]},{\"@type\":\"WebSite\",\"@id\":\"https:\\\/\\\/lustandlove.eu\\\/et\\\/#website\",\"url\":\"https:\\\/\\\/lustandlove.eu\\\/et\\\/\",\"name\":\"Lust &amp; Love\",\"description\":\"Online erootikapood tervise, ilu ja armastuse jaoks\",\"publisher\":{\"@id\":\"https:\\\/\\\/lustandlove.eu\\\/et\\\/#organization\"},\"potentialAction\":[{\"@type\":\"SearchAction\",\"target\":{\"@type\":\"EntryPoint\",\"urlTemplate\":\"https:\\\/\\\/lustandlove.eu\\\/et\\\/?s={search_term_string}\"},\"query-input\":{\"@type\":\"PropertyValueSpecification\",\"valueRequired\":true,\"valueName\":\"search_term_string\"}}],\"inLanguage\":\"et\"},{\"@type\":\"Organization\",\"@id\":\"https:\\\/\\\/lustandlove.eu\\\/et\\\/#organization\",\"name\":\"Bioconcept Baltics O\u00dc\",\"url\":\"https:\\\/\\\/lustandlove.eu\\\/et\\\/\",\"logo\":{\"@type\":\"ImageObject\",\"inLanguage\":\"et\",\"@id\":\"https:\\\/\\\/lustandlove.eu\\\/et\\\/#\\\/schema\\\/logo\\\/image\\\/\",\"url\":\"\",\"contentUrl\":\"\",\"caption\":\"Bioconcept Baltics O\u00dc\"},\"image\":{\"@id\":\"https:\\\/\\\/lustandlove.eu\\\/et\\\/#\\\/schema\\\/logo\\\/image\\\/\"},\"sameAs\":[\"https:\\\/\\\/www.facebook.com\\\/LustandLoveEU\\\/\",\"https:\\\/\\\/www.instagram.com\\\/lustandloveeu\\\/\"]}]}<\/script>\n<!-- \/ Yoast SEO plugin. -->","yoast_head_json":{"title":"Trans Teip | Lust and Love","description":"Seda trans teipi saab kasutada rindkere kudede sidumiseks. Teip on valmistatud mugavast puuvilla ja spandexi segust ning see on t\u00e4ielikult veekindel.","robots":{"index,follow,max-snippet":"index,follow,max-snippet:-1,max-image-preview:large,max-video-preview:-1"},"canonical":"https:\/\/lustandlove.eu\/et\/toode\/seksi-sidumisteip-hall-copy\/","twitter_card":"summary_large_image","twitter_title":"Trans Teip | Lust and Love","twitter_description":"Seda trans teipi saab kasutada rindkere kudede sidumiseks. Teip on valmistatud mugavast puuvilla ja spandexi segust ning see on t\u00e4ielikult veekindel.","twitter_image":"https:\/\/lustandlove.eu\/wp-content\/uploads\/BINDERTAPE_5.jpg","twitter_misc":{"Est. reading time":"1 minut"},"schema":{"@context":"https:\/\/schema.org","@graph":[{"@type":["WebPage","ItemPage"],"@id":"https:\/\/lustandlove.eu\/et\/toode\/seksi-sidumisteip-hall-copy\/","url":"https:\/\/lustandlove.eu\/et\/toode\/seksi-sidumisteip-hall-copy\/","name":"Trans Teip | Lust and Love","isPartOf":{"@id":"https:\/\/lustandlove.eu\/et\/#website"},"primaryImageOfPage":{"@id":"https:\/\/lustandlove.eu\/et\/toode\/seksi-sidumisteip-hall-copy\/#primaryimage"},"image":{"@id":"https:\/\/lustandlove.eu\/et\/toode\/seksi-sidumisteip-hall-copy\/#primaryimage"},"thumbnailUrl":"https:\/\/lustandlove.eu\/wp-content\/uploads\/BINDERTAPE_5.jpg","datePublished":"2025-03-05T08:25:37+00:00","dateModified":"2026-04-13T07:26:43+00:00","description":"Seda trans teipi saab kasutada rindkere kudede sidumiseks. Teip on valmistatud mugavast puuvilla ja spandexi segust ning see on t\u00e4ielikult veekindel.","breadcrumb":{"@id":"https:\/\/lustandlove.eu\/et\/toode\/seksi-sidumisteip-hall-copy\/#breadcrumb"},"inLanguage":"et","potentialAction":[{"@type":"ReadAction","target":["https:\/\/lustandlove.eu\/et\/toode\/seksi-sidumisteip-hall-copy\/"]}]},{"@type":"ImageObject","inLanguage":"et","@id":"https:\/\/lustandlove.eu\/et\/toode\/seksi-sidumisteip-hall-copy\/#primaryimage","url":"https:\/\/lustandlove.eu\/wp-content\/uploads\/BINDERTAPE_5.jpg","contentUrl":"https:\/\/lustandlove.eu\/wp-content\/uploads\/BINDERTAPE_5.jpg","width":768,"height":960},{"@type":"BreadcrumbList","@id":"https:\/\/lustandlove.eu\/et\/toode\/seksi-sidumisteip-hall-copy\/#breadcrumb","itemListElement":[{"@type":"ListItem","position":1,"name":"Lust and Love","item":"https:\/\/lustandlove.eu\/et\/"},{"@type":"ListItem","position":2,"name":"Pood","item":"https:\/\/lustandlove.eu\/et\/pood\/"},{"@type":"ListItem","position":3,"name":"Sekslelud","item":"https:\/\/lustandlove.eu\/et\/pood\/sekslelud\/"},{"@type":"ListItem","position":4,"name":"LGBTQ","item":"https:\/\/lustandlove.eu\/et\/pood\/sekslelud\/lgbtq-et\/"},{"@type":"ListItem","position":5,"name":"Trans Teip"}]},{"@type":"WebSite","@id":"https:\/\/lustandlove.eu\/et\/#website","url":"https:\/\/lustandlove.eu\/et\/","name":"Lust &amp; Love","description":"Online erootikapood tervise, ilu ja armastuse jaoks","publisher":{"@id":"https:\/\/lustandlove.eu\/et\/#organization"},"potentialAction":[{"@type":"SearchAction","target":{"@type":"EntryPoint","urlTemplate":"https:\/\/lustandlove.eu\/et\/?s={search_term_string}"},"query-input":{"@type":"PropertyValueSpecification","valueRequired":true,"valueName":"search_term_string"}}],"inLanguage":"et"},{"@type":"Organization","@id":"https:\/\/lustandlove.eu\/et\/#organization","name":"Bioconcept Baltics O\u00dc","url":"https:\/\/lustandlove.eu\/et\/","logo":{"@type":"ImageObject","inLanguage":"et","@id":"https:\/\/lustandlove.eu\/et\/#\/schema\/logo\/image\/","url":"","contentUrl":"","caption":"Bioconcept Baltics O\u00dc"},"image":{"@id":"https:\/\/lustandlove.eu\/et\/#\/schema\/logo\/image\/"},"sameAs":["https:\/\/www.facebook.com\/LustandLoveEU\/","https:\/\/www.instagram.com\/lustandloveeu\/"]}]}},"_links":{"self":[{"href":"https:\/\/lustandlove.eu\/et\/wp-json\/wp\/v2\/product\/92960","targetHints":{"allow":["GET"]}}],"collection":[{"href":"https:\/\/lustandlove.eu\/et\/wp-json\/wp\/v2\/product"}],"about":[{"href":"https:\/\/lustandlove.eu\/et\/wp-json\/wp\/v2\/types\/product"}],"wp:featuredmedia":[{"embeddable":true,"href":"https:\/\/lustandlove.eu\/et\/wp-json\/wp\/v2\/media\/92976"}],"wp:attachment":[{"href":"https:\/\/lustandlove.eu\/et\/wp-json\/wp\/v2\/media?parent=92960"}],"wp:term":[{"taxonomy":"product_brand","embeddable":true,"href":"https:\/\/lustandlove.eu\/et\/wp-json\/wp\/v2\/product_brand?post=92960"},{"taxonomy":"product_cat","embeddable":true,"href":"https:\/\/lustandlove.eu\/et\/wp-json\/wp\/v2\/product_cat?post=92960"},{"taxonomy":"product_tag","embeddable":true,"href":"https:\/\/lustandlove.eu\/et\/wp-json\/wp\/v2\/product_tag?post=92960"}],"curies":[{"name":"wp","href":"https:\/\/api.w.org\/{rel}","templated":true}]}}