{"id":93021,"date":"2025-03-20T15:42:11","date_gmt":"2025-03-20T13:42:11","guid":{"rendered":"https:\/\/www.lustandlove.eu\/?post_type=product&#038;p=93021"},"modified":"2026-04-13T10:26:39","modified_gmt":"2026-04-13T07:26:39","slug":"xtc-puni-toro-gold-copy-2","status":"publish","type":"product","link":"https:\/\/lustandlove.eu\/et\/toode\/xtc-puni-toro-gold-copy-2\/","title":{"rendered":"Puni B*tch Girl Stella"},"content":{"rendered":"<p><strong>Visuaalne, sensuaalne nauding<\/strong><br \/>\n<em>Seiraku<\/em> m\u00e4nguasjade s\u00e4ravad ja kujutlusv\u00f5imelised disainerid ei s\u00e4\u00e4stnud selle Tsundere jumalanna jaoks \u00fchtegi senti. See Stella Vermillioni hentai <em>cosplay<\/em> on visuaalne pidu, alates tema intensiivsest pilgust kuni h\u00f5\u00f5guvate lillakaspunaste juusteni.<\/p>\n<p><strong>Kuid ta on palju enamat kui lihtsalt silmailu.<\/strong><\/p>\n<p>Tema 360-kraadine disain v\u00f5imaldab teil uurida teda iga nurga alt, olenemata sellest, kas tunnete tema kuuma, kutsuvat vagiinat v\u00f5i kitsast tagumikku, mis ei anna eales alla. Stella vastupidavus hoolitseb ka selle eest, et ta p\u00fcsiks paigal, nii et v\u00f5ite end hetkes ilma igasuguste katkestusteta kaotada, kuni ta on teid edukalt kuivaks l\u00fcpsnud.<\/p>\n<p><strong><em>Dual Delight:<\/em> vagiina- ja anaaltunnelid<\/strong><br \/>\nStella tunnelid on hoolikalt vormitud ja loodud selleks, et maksimeerida teie naudingut ja pakkuda mitmesuguseid v\u00fcrtsikaid tundeid. Valige tema vagiina tuliseks seikluseks v\u00f5i anaaltunnel tihedaks ja intensiivseks s\u00f5iduks.<\/p>\n<p><strong>Vaginaalsed naudingutsoonid<\/strong><\/p>\n<p>1. <em>Flameborn-<\/em>i sissep\u00e4\u00e4s<br \/>\nSee tuline kamber on loodud teid tugevasti haarama, \u00fcmbritsedes teie riista haarava tervitusega, mis loob aluse intensiivsetele m\u00f5nudele. Tema tihedus ja tekstuur j\u00e4ljendavad Stella enda kirglikku \u00f5hinat, tagades, et olete juba esimesest kontakti hetkest haaratud naudinguleegist.<\/p>\n<p>2. Kuum Ember<br \/>\nKui te s\u00fcgavamale sisenete, ootab Kuuma Emberi tsoon, mis kiirgab s\u00e4risevat naudingut, mis kiusab ja ahvatleb. Selle sektsiooni pehmed, lainetavad seinad pulseerivad iga t\u00f5ukega, luues r\u00fctmilise kuumustantsu, mis ajab sind metsikuks, k\u00e4ivitades pulseeriva ekstaasi ahelreaktsiooni, mis j\u00e4tab sind ihaldama rohkem.<\/p>\n<p>3. P\u00f5levad <em>Barrow<\/em> muhud<br \/>\nSisenege P\u00f5leva <em>Barrow<\/em> muhutsooni \u2013 tekstureeritud m\u00e4eharjade maastikule, mis s\u00fctitavad iga t\u00f5uke korral tundes\u00e4demeid. Need strateegilised konarused on loodud tundlikkuse suurendamiseks, h\u00f5\u00f5rudes vastu teie peenist k\u00f5igis \u00f5igetes kohtades. Iga konarus on uus naudingu tipp, mis s\u00fcvendab teie teekonda, kui surute s\u00fcgavamale Stella tulisesse tuuma.<\/p>\n<p>4. <em>Vermillion-i<\/em> Ribilised Seinad<br \/>\nVermillion-i Ribilised Seinad pakub ainulaadset tekstuuri, mis tundub nii kutsuv kui ka v\u00e4ljakutset pakkuv.<br \/>\nKui libistate vastu neid hoolikalt kujundatud ribisid, tabab iga l\u00f6\u00f6k vastupanu, mis suurendab teie erutust ja kiirendab teie orgasmi. Erinevad mustrid hoiavad teid serval, pakkudes stimuleerivat kogemust, mis j\u00e4ljendab Stella enda \u00e4gedat ja ettearvamatut olemust.<\/p>\n<p>5. Tuline l\u00f5puv\u00e4rav<br \/>\nL\u00f5puks j\u00f5udke Tulisesse L\u00f5puv\u00e4ravasse, kus ootab plahvatuslik kulminatsioon. See viimane kamber haarab sind tugevalt, l\u00fcpstes iga viimsegi tilga, kui lased valdavast naudingust lahti. Siinne intensiivne surve ja keerukad tekstuurid tagavad meeleheitliku l\u00f5pu, j\u00e4ttes teid t\u00e4iesti kulutatuks ja s\u00fcgavalt rahuldatuks.<\/p>\n<p><strong>Anaalse naudingu tsoonid<\/strong><\/p>\n<p>1. <em>Scarlet<\/em> Salajane Spiraal<br \/>\nSisenege Scarlet Salajasse Spiraali, keerdk\u00e4ik, mis keerdub teie \u00fcmber nagu keerdunud madu. Iga spiraali p\u00f6\u00f6re haarab ja vabastab, luues korgitser-efekti, mis viib teid s\u00fcgavamale ekstaasi keerisesse.<\/p>\n<p>2. <em>Serration Shaft<\/em><br \/>\n<em>Serration Shaft<\/em> on vooderdatud ridadega, mis pakuvad \u00e4gedat ja haaravat tunnet. Sisse-v\u00e4lja libistades tekitavad sakilised tekstuurid ahvatlevat h\u00f5\u00f5rdumist, mis v\u00f5imendub iga liigutusega. See osa on loodud j\u00e4ljendama Stella tulise iseloomu tihedat ja j\u00e4releandmatut embust, tagades, et igale t\u00f5ukele vastatakse intensiivse ja virgutava haardega.<\/p>\n<p>3. <em>Vertex Nubs<\/em><br \/>\nTeie teekonna l\u00f5pus asuvad <em>Vertex Nubs<\/em>, mis on strateegiliselt paigutatud, et anda viimane, meelt plahvatav puudutus. Need nupud on suunatud teie k\u00f5ige tundlikumatele kohtadele, pakkudes kontsentreeritud stimulatsiooni, mis surub teid \u00fcle \u00e4\u00e4re. Teie teekonna kulminatsioon l\u00e4bi Stella anaaltunneli tiheda ja tekstureeritud tee l\u00f5peb plahvatusliku unustamatu haripunktiga!<\/p>\n<p><strong>S\u00fc\u00fctage oma soovid<\/strong><br \/>\nPuni B*tch Girl Stella ei ole n\u00f5rgan\u00e4rvilistele. Ta on plahvatus, mis ootab s\u00e4det ning ainult tugevad ja vaprad saavad oma m\u00f5\u00f5gad selle tulise <em>Tsundere Onahipi<\/em> sisse pista.<\/p>\n<p>Kui ihkad intensiivseid erootilisest animest inspireeritud seksim\u00e4nguasju ja saad hakkama Stella l\u00f5\u00f5mava kirega, ootab sind metsik s\u00f5it. Kas olete valmis v\u00e4ljakutsele vastu astuma? Tunda Stella hoolikalt valmistatud tunnelite k\u00f5rvetavat haaret ja tuua end tema halastamatute tekstuuride t\u00f5ttu \u00e4\u00e4rele?<\/p>\n<p>Puni B*tch Girl Stella on loodud selleks, et \u00fcletada teie piire, panna proovile teie vastupidavus ja pakkuda kogemust, mis on sama intensiivne ja ettearvamatu kui ta on.<\/p>\n<p><strong>Tehnilised andmed:<\/strong><br \/>\nLaius: 28 cm<br \/>\nTagumiku k\u00f5rgus: 23 cm<br \/>\n\u00dclaosa \u00fcmberm\u00f5\u00f5t: 53,5 cm<br \/>\nTagumiku \u00fcmberm\u00f5\u00f5t: 81,2 cm<br \/>\nMaterjal: TPE (elastomeer)<br \/>\nKaal: 6,1 kg<br \/>\nKaubam\u00e4rk: Seiraku Toys<\/p>\n","protected":false},"excerpt":{"rendered":"<p><strong>Kas olete valmis lihalikuks kogemuseks, mis on kuumem kui p\u00f5rgu ise?<\/strong><br \/>\nTutvuge Puni B*tch Girl Stellaga, \u00e4ge ja andeka r\u00fc\u00fctliga, kes unistab sinu m\u00f5\u00f5gast. Kas olete kunagi vaadanud <em>Chivalry of a Failed Knight<\/em>? Siis pole te pime Stella Vermillioni tulise vaimu ja intensiivse veetluse suhtes. Kujutage n\u00fc\u00fcd ette, et suunate kogu selle soojuse 6.1 kg <em>onahipi<\/em>, mis on loodud teie tuliseid soove s\u00fctitama.<\/p>\n<p><em>&#8220;T\u00e4ida mind, ma ootan sind.&#8221;<\/em> &#8211; Stella<\/p>\n","protected":false},"featured_media":93040,"template":"","meta":[],"product_brand":[4142],"product_cat":[3525,1477,4006],"product_tag":[3825,3824,3826],"class_list":{"0":"post-93021","1":"product","2":"type-product","3":"status-publish","4":"has-post-thumbnail","6":"product_brand-motsutoys-et","7":"product_cat-hentai","8":"product_cat-meestele","9":"product_cat-onahip-ja-nukud","10":"product_tag-anime-et","11":"product_tag-hentai-et","12":"product_tag-onahip-et","13":"product_shipping_class-raske","14":"pa_brand-motsutoys-et","16":"first","17":"instock","18":"taxable","19":"shipping-taxable","20":"purchasable","21":"product-type-simple"},"yoast_head":"<!-- This site is optimized with the Yoast SEO plugin v27.3 - https:\/\/yoast.com\/product\/yoast-seo-wordpress\/ -->\n<title>Puni B*tch Girl Stella | Lust and Love<\/title>\n<meta name=\"description\" content=\"Kas olete valmis lihalikuks kogemuseks, mis on kuumem kui p\u00f5rgu ise? Kujutage n\u00fc\u00fcd ette, et suunate kogu soojuse 6.1 kg onahipi, mis on loodud teie tuliseid soove s\u00fctitama.\" \/>\n<meta name=\"robots\" content=\"index,follow,max-snippet:-1,max-image-preview:large,max-video-preview:-1\" \/>\n<link rel=\"canonical\" href=\"https:\/\/lustandlove.eu\/et\/toode\/xtc-puni-toro-gold-copy-2\/\" \/>\n<meta name=\"twitter:card\" content=\"summary_large_image\" \/>\n<meta name=\"twitter:title\" content=\"Puni B*tch Girl Stella | Lust and Love\" \/>\n<meta name=\"twitter:description\" content=\"Kas olete valmis lihalikuks kogemuseks, mis on kuumem kui p\u00f5rgu ise? Kujutage n\u00fc\u00fcd ette, et suunate kogu soojuse 6.1 kg onahipi, mis on loodud teie tuliseid soove s\u00fctitama.\" \/>\n<meta name=\"twitter:image\" content=\"https:\/\/lustandlove.eu\/wp-content\/uploads\/puni-b_tch-girl-stella-1.jpg\" \/>\n<meta name=\"twitter:label1\" content=\"Est. reading time\" \/>\n\t<meta name=\"twitter:data1\" content=\"3 minutit\" \/>\n<script type=\"application\/ld+json\" class=\"yoast-schema-graph\">{\"@context\":\"https:\\\/\\\/schema.org\",\"@graph\":[{\"@type\":[\"WebPage\",\"ItemPage\"],\"@id\":\"https:\\\/\\\/lustandlove.eu\\\/et\\\/toode\\\/xtc-puni-toro-gold-copy-2\\\/\",\"url\":\"https:\\\/\\\/lustandlove.eu\\\/et\\\/toode\\\/xtc-puni-toro-gold-copy-2\\\/\",\"name\":\"Puni B*tch Girl Stella | Lust and Love\",\"isPartOf\":{\"@id\":\"https:\\\/\\\/lustandlove.eu\\\/et\\\/#website\"},\"primaryImageOfPage\":{\"@id\":\"https:\\\/\\\/lustandlove.eu\\\/et\\\/toode\\\/xtc-puni-toro-gold-copy-2\\\/#primaryimage\"},\"image\":{\"@id\":\"https:\\\/\\\/lustandlove.eu\\\/et\\\/toode\\\/xtc-puni-toro-gold-copy-2\\\/#primaryimage\"},\"thumbnailUrl\":\"https:\\\/\\\/lustandlove.eu\\\/wp-content\\\/uploads\\\/puni-b_tch-girl-stella-1.jpg\",\"datePublished\":\"2025-03-20T13:42:11+00:00\",\"dateModified\":\"2026-04-13T07:26:39+00:00\",\"description\":\"Kas olete valmis lihalikuks kogemuseks, mis on kuumem kui p\u00f5rgu ise? Kujutage n\u00fc\u00fcd ette, et suunate kogu soojuse 6.1 kg onahipi, mis on loodud teie tuliseid soove s\u00fctitama.\",\"breadcrumb\":{\"@id\":\"https:\\\/\\\/lustandlove.eu\\\/et\\\/toode\\\/xtc-puni-toro-gold-copy-2\\\/#breadcrumb\"},\"inLanguage\":\"et\",\"potentialAction\":[{\"@type\":\"ReadAction\",\"target\":[\"https:\\\/\\\/lustandlove.eu\\\/et\\\/toode\\\/xtc-puni-toro-gold-copy-2\\\/\"]}]},{\"@type\":\"ImageObject\",\"inLanguage\":\"et\",\"@id\":\"https:\\\/\\\/lustandlove.eu\\\/et\\\/toode\\\/xtc-puni-toro-gold-copy-2\\\/#primaryimage\",\"url\":\"https:\\\/\\\/lustandlove.eu\\\/wp-content\\\/uploads\\\/puni-b_tch-girl-stella-1.jpg\",\"contentUrl\":\"https:\\\/\\\/lustandlove.eu\\\/wp-content\\\/uploads\\\/puni-b_tch-girl-stella-1.jpg\",\"width\":1000,\"height\":1000},{\"@type\":\"BreadcrumbList\",\"@id\":\"https:\\\/\\\/lustandlove.eu\\\/et\\\/toode\\\/xtc-puni-toro-gold-copy-2\\\/#breadcrumb\",\"itemListElement\":[{\"@type\":\"ListItem\",\"position\":1,\"name\":\"Lust and Love\",\"item\":\"https:\\\/\\\/lustandlove.eu\\\/et\\\/\"},{\"@type\":\"ListItem\",\"position\":2,\"name\":\"Pood\",\"item\":\"https:\\\/\\\/lustandlove.eu\\\/et\\\/pood\\\/\"},{\"@type\":\"ListItem\",\"position\":3,\"name\":\"Meestele\",\"item\":\"https:\\\/\\\/lustandlove.eu\\\/et\\\/pood\\\/meestele\\\/\"},{\"@type\":\"ListItem\",\"position\":4,\"name\":\"Hentai\",\"item\":\"https:\\\/\\\/lustandlove.eu\\\/et\\\/pood\\\/meestele\\\/hentai\\\/\"},{\"@type\":\"ListItem\",\"position\":5,\"name\":\"Puni B*tch Girl Stella\"}]},{\"@type\":\"WebSite\",\"@id\":\"https:\\\/\\\/lustandlove.eu\\\/et\\\/#website\",\"url\":\"https:\\\/\\\/lustandlove.eu\\\/et\\\/\",\"name\":\"Lust &amp; Love\",\"description\":\"Online erootikapood tervise, ilu ja armastuse jaoks\",\"publisher\":{\"@id\":\"https:\\\/\\\/lustandlove.eu\\\/et\\\/#organization\"},\"potentialAction\":[{\"@type\":\"SearchAction\",\"target\":{\"@type\":\"EntryPoint\",\"urlTemplate\":\"https:\\\/\\\/lustandlove.eu\\\/et\\\/?s={search_term_string}\"},\"query-input\":{\"@type\":\"PropertyValueSpecification\",\"valueRequired\":true,\"valueName\":\"search_term_string\"}}],\"inLanguage\":\"et\"},{\"@type\":\"Organization\",\"@id\":\"https:\\\/\\\/lustandlove.eu\\\/et\\\/#organization\",\"name\":\"Bioconcept Baltics O\u00dc\",\"url\":\"https:\\\/\\\/lustandlove.eu\\\/et\\\/\",\"logo\":{\"@type\":\"ImageObject\",\"inLanguage\":\"et\",\"@id\":\"https:\\\/\\\/lustandlove.eu\\\/et\\\/#\\\/schema\\\/logo\\\/image\\\/\",\"url\":\"\",\"contentUrl\":\"\",\"caption\":\"Bioconcept Baltics O\u00dc\"},\"image\":{\"@id\":\"https:\\\/\\\/lustandlove.eu\\\/et\\\/#\\\/schema\\\/logo\\\/image\\\/\"},\"sameAs\":[\"https:\\\/\\\/www.facebook.com\\\/LustandLoveEU\\\/\",\"https:\\\/\\\/www.instagram.com\\\/lustandloveeu\\\/\"]}]}<\/script>\n<!-- \/ Yoast SEO plugin. -->","yoast_head_json":{"title":"Puni B*tch Girl Stella | Lust and Love","description":"Kas olete valmis lihalikuks kogemuseks, mis on kuumem kui p\u00f5rgu ise? Kujutage n\u00fc\u00fcd ette, et suunate kogu soojuse 6.1 kg onahipi, mis on loodud teie tuliseid soove s\u00fctitama.","robots":{"index,follow,max-snippet":"index,follow,max-snippet:-1,max-image-preview:large,max-video-preview:-1"},"canonical":"https:\/\/lustandlove.eu\/et\/toode\/xtc-puni-toro-gold-copy-2\/","twitter_card":"summary_large_image","twitter_title":"Puni B*tch Girl Stella | Lust and Love","twitter_description":"Kas olete valmis lihalikuks kogemuseks, mis on kuumem kui p\u00f5rgu ise? Kujutage n\u00fc\u00fcd ette, et suunate kogu soojuse 6.1 kg onahipi, mis on loodud teie tuliseid soove s\u00fctitama.","twitter_image":"https:\/\/lustandlove.eu\/wp-content\/uploads\/puni-b_tch-girl-stella-1.jpg","twitter_misc":{"Est. reading time":"3 minutit"},"schema":{"@context":"https:\/\/schema.org","@graph":[{"@type":["WebPage","ItemPage"],"@id":"https:\/\/lustandlove.eu\/et\/toode\/xtc-puni-toro-gold-copy-2\/","url":"https:\/\/lustandlove.eu\/et\/toode\/xtc-puni-toro-gold-copy-2\/","name":"Puni B*tch Girl Stella | Lust and Love","isPartOf":{"@id":"https:\/\/lustandlove.eu\/et\/#website"},"primaryImageOfPage":{"@id":"https:\/\/lustandlove.eu\/et\/toode\/xtc-puni-toro-gold-copy-2\/#primaryimage"},"image":{"@id":"https:\/\/lustandlove.eu\/et\/toode\/xtc-puni-toro-gold-copy-2\/#primaryimage"},"thumbnailUrl":"https:\/\/lustandlove.eu\/wp-content\/uploads\/puni-b_tch-girl-stella-1.jpg","datePublished":"2025-03-20T13:42:11+00:00","dateModified":"2026-04-13T07:26:39+00:00","description":"Kas olete valmis lihalikuks kogemuseks, mis on kuumem kui p\u00f5rgu ise? Kujutage n\u00fc\u00fcd ette, et suunate kogu soojuse 6.1 kg onahipi, mis on loodud teie tuliseid soove s\u00fctitama.","breadcrumb":{"@id":"https:\/\/lustandlove.eu\/et\/toode\/xtc-puni-toro-gold-copy-2\/#breadcrumb"},"inLanguage":"et","potentialAction":[{"@type":"ReadAction","target":["https:\/\/lustandlove.eu\/et\/toode\/xtc-puni-toro-gold-copy-2\/"]}]},{"@type":"ImageObject","inLanguage":"et","@id":"https:\/\/lustandlove.eu\/et\/toode\/xtc-puni-toro-gold-copy-2\/#primaryimage","url":"https:\/\/lustandlove.eu\/wp-content\/uploads\/puni-b_tch-girl-stella-1.jpg","contentUrl":"https:\/\/lustandlove.eu\/wp-content\/uploads\/puni-b_tch-girl-stella-1.jpg","width":1000,"height":1000},{"@type":"BreadcrumbList","@id":"https:\/\/lustandlove.eu\/et\/toode\/xtc-puni-toro-gold-copy-2\/#breadcrumb","itemListElement":[{"@type":"ListItem","position":1,"name":"Lust and Love","item":"https:\/\/lustandlove.eu\/et\/"},{"@type":"ListItem","position":2,"name":"Pood","item":"https:\/\/lustandlove.eu\/et\/pood\/"},{"@type":"ListItem","position":3,"name":"Meestele","item":"https:\/\/lustandlove.eu\/et\/pood\/meestele\/"},{"@type":"ListItem","position":4,"name":"Hentai","item":"https:\/\/lustandlove.eu\/et\/pood\/meestele\/hentai\/"},{"@type":"ListItem","position":5,"name":"Puni B*tch Girl Stella"}]},{"@type":"WebSite","@id":"https:\/\/lustandlove.eu\/et\/#website","url":"https:\/\/lustandlove.eu\/et\/","name":"Lust &amp; Love","description":"Online erootikapood tervise, ilu ja armastuse jaoks","publisher":{"@id":"https:\/\/lustandlove.eu\/et\/#organization"},"potentialAction":[{"@type":"SearchAction","target":{"@type":"EntryPoint","urlTemplate":"https:\/\/lustandlove.eu\/et\/?s={search_term_string}"},"query-input":{"@type":"PropertyValueSpecification","valueRequired":true,"valueName":"search_term_string"}}],"inLanguage":"et"},{"@type":"Organization","@id":"https:\/\/lustandlove.eu\/et\/#organization","name":"Bioconcept Baltics O\u00dc","url":"https:\/\/lustandlove.eu\/et\/","logo":{"@type":"ImageObject","inLanguage":"et","@id":"https:\/\/lustandlove.eu\/et\/#\/schema\/logo\/image\/","url":"","contentUrl":"","caption":"Bioconcept Baltics O\u00dc"},"image":{"@id":"https:\/\/lustandlove.eu\/et\/#\/schema\/logo\/image\/"},"sameAs":["https:\/\/www.facebook.com\/LustandLoveEU\/","https:\/\/www.instagram.com\/lustandloveeu\/"]}]}},"_links":{"self":[{"href":"https:\/\/lustandlove.eu\/et\/wp-json\/wp\/v2\/product\/93021","targetHints":{"allow":["GET"]}}],"collection":[{"href":"https:\/\/lustandlove.eu\/et\/wp-json\/wp\/v2\/product"}],"about":[{"href":"https:\/\/lustandlove.eu\/et\/wp-json\/wp\/v2\/types\/product"}],"wp:featuredmedia":[{"embeddable":true,"href":"https:\/\/lustandlove.eu\/et\/wp-json\/wp\/v2\/media\/93040"}],"wp:attachment":[{"href":"https:\/\/lustandlove.eu\/et\/wp-json\/wp\/v2\/media?parent=93021"}],"wp:term":[{"taxonomy":"product_brand","embeddable":true,"href":"https:\/\/lustandlove.eu\/et\/wp-json\/wp\/v2\/product_brand?post=93021"},{"taxonomy":"product_cat","embeddable":true,"href":"https:\/\/lustandlove.eu\/et\/wp-json\/wp\/v2\/product_cat?post=93021"},{"taxonomy":"product_tag","embeddable":true,"href":"https:\/\/lustandlove.eu\/et\/wp-json\/wp\/v2\/product_tag?post=93021"}],"curies":[{"name":"wp","href":"https:\/\/api.w.org\/{rel}","templated":true}]}}