{"id":93061,"date":"2025-03-24T12:22:53","date_gmt":"2025-03-24T10:22:53","guid":{"rendered":"https:\/\/www.lustandlove.eu\/?post_type=product&#038;p=93061"},"modified":"2026-04-13T10:26:39","modified_gmt":"2026-04-13T07:26:39","slug":"puni-btch-girl-stella-copy","status":"publish","type":"product","link":"https:\/\/lustandlove.eu\/et\/toode\/puni-btch-girl-stella-copy\/","title":{"rendered":"Rika likes Anal"},"content":{"rendered":"<p><strong>Mis teeb Rika eriliseks?<\/strong><br \/>\nK\u00f5igepealt r\u00e4\u00e4gime tema mahlakast kiisust ja \u00fcmarast tagumikust. Ilu on detailides ja Rikal on need h\u00e4sti kokku pandud. Kas olete kunagi m\u00f5elnud, mis tunne on uurida anaalset m\u00e4ngu kellegagi, kes teab, mida nad teevad? Rika tihke aanus on teie v\u00e4rav fantaasiasse. Meestele m\u00f5eldud seksleludest paistab Rika silma oma realistliku disaini ja v\u00f5rratu naudinguga.<\/p>\n<p>Seest leiate kaks sisemist r\u00f5ngast, mis j\u00e4ljendavad t\u00f5eliste p\u00e4rakulihaste tunnet, muutes iga t\u00f5uke uskumatult t\u00f5eliseks. See on nii hea, et peate k\u00f5vasti pingutama, et mitte sekunditega tulla! Lisaks tema erkpunane sisemus? See on nagu kirss juba niigi h\u00e4mmastava koogi peal.<\/p>\n<p><strong>Kahekihiline disain<\/strong><br \/>\nRika kahekihiline disain t\u00e4hendab, et ta on v\u00e4ljast pehme, kuid t\u00e4iesti tihe seal, kus see loeb. See k\u00f5ik on seotud tasakaaluga ja Rika saab sellest aru. V\u00e4limus on katsudes pehme, j\u00e4ljendades t\u00f5elise naha tunnet, samal ajal kui sisemised r\u00f5ngad annavad teile vajaliku lisapigistuse. Olenemata sellest, kas olete kogenud professionaal v\u00f5i uus anaal-<em>onaholide<\/em> maailmas, on Rika valmis pakkuma teile kogemust, mida soovite ikka ja j\u00e4lle uuesti l\u00e4bi elada.<\/p>\n<p><strong>Proovi ise<\/strong><br \/>\n\u00c4rge lihtsalt uskuge meie s\u00f5na \u2013 kogege Rikat ise. Ta ei ole lihtsalt m\u00e4nguasi, ta on seiklus, mis ootab s\u00fcndimist. Viige oma sooloseansid j\u00e4rgmisele tasemele. Lisage <em>Rika Likes Anal<\/em> oma anaal-onahole kollektsiooni juba t\u00e4na ja laske headel aegadel veereda!<\/p>\n<p>Tehnilised andmed:<br \/>\nPikkus: 15 cm \/ 5,9 tolli<br \/>\nLaius: 10,9 cm \/ 4,3 tolli<br \/>\nTunneli pikkus: 12,5 cm \/ 4,9 tolli<br \/>\nKaal: 700 g \/ 1,54 naela<br \/>\nMaterjal: kahekihiline onahole<br \/>\nKaubam\u00e4rk: XTC Jaapan<\/p>\n","protected":false},"excerpt":{"rendered":"<p>Tutvuge Rikaga, kellega koos teie allutatud fantaasia \u00e4rkab ellu. Talle meeldib see karmilt ja metsikult ning ta on siin selleks, et teid rahuldada. Nagu pakendilt on n\u00e4ha, on tema suu t\u00e4idetud suupalliga, tema silmad paluvad, innukas ja valmis metsikuks tegevuseks.<\/p>\n<p>Rahuldavalt 700 g kaaluv Rika on siin, et viia teie nauding uude s\u00fcgavusse \u2013 s\u00f5na otseses m\u00f5ttes. Ta ihkab intensiivset anaalset m\u00e4ngu ega j\u00f5ua \u00e4ra oodata, kuni paned ta kontrollimatult oigama, tema suupall tagab, et ta alistub ilma helita.<\/p>\n","protected":false},"featured_media":93079,"template":"","meta":[],"product_brand":[4142],"product_cat":[3525,4005,1477],"product_tag":[1506,3825,3824,1526],"class_list":{"0":"post-93061","1":"product","2":"type-product","3":"status-publish","4":"has-post-thumbnail","6":"product_brand-motsutoys-et","7":"product_cat-hentai","8":"product_cat-masturbaatorid-et","9":"product_cat-meestele","10":"product_tag-anaal-et","11":"product_tag-anime-et","12":"product_tag-hentai-et","13":"product_tag-masturbaator","14":"pa_brand-motsutoys-et","16":"first","17":"instock","18":"taxable","19":"shipping-taxable","20":"purchasable","21":"product-type-simple"},"yoast_head":"<!-- This site is optimized with the Yoast SEO plugin v27.3 - https:\/\/yoast.com\/product\/yoast-seo-wordpress\/ -->\n<title>Rika likes Anal | Lust and Love<\/title>\n<meta name=\"description\" content=\"Rahuldavalt 700 g kaaluv Rika on siin, et viia teie nauding uude s\u00fcgavusse \u2013 s\u00f5na otseses m\u00f5ttes. Ta ihkab intensiivset anaalset m\u00e4ngu ja kutsub teid ennast vallutama.\" \/>\n<meta name=\"robots\" content=\"index,follow,max-snippet:-1,max-image-preview:large,max-video-preview:-1\" \/>\n<link rel=\"canonical\" href=\"https:\/\/lustandlove.eu\/et\/toode\/puni-btch-girl-stella-copy\/\" \/>\n<meta name=\"twitter:card\" content=\"summary_large_image\" \/>\n<meta name=\"twitter:title\" content=\"Rika likes Anal | Lust and Love\" \/>\n<meta name=\"twitter:description\" content=\"Rahuldavalt 700 g kaaluv Rika on siin, et viia teie nauding uude s\u00fcgavusse \u2013 s\u00f5na otseses m\u00f5ttes. Ta ihkab intensiivset anaalset m\u00e4ngu ja kutsub teid ennast vallutama.\" \/>\n<meta name=\"twitter:image\" content=\"https:\/\/lustandlove.eu\/wp-content\/uploads\/rika-likes-anal-onahole-1.jpg\" \/>\n<meta name=\"twitter:label1\" content=\"Est. reading time\" \/>\n\t<meta name=\"twitter:data1\" content=\"1 minut\" \/>\n<script type=\"application\/ld+json\" class=\"yoast-schema-graph\">{\"@context\":\"https:\\\/\\\/schema.org\",\"@graph\":[{\"@type\":[\"WebPage\",\"ItemPage\"],\"@id\":\"https:\\\/\\\/lustandlove.eu\\\/et\\\/toode\\\/puni-btch-girl-stella-copy\\\/\",\"url\":\"https:\\\/\\\/lustandlove.eu\\\/et\\\/toode\\\/puni-btch-girl-stella-copy\\\/\",\"name\":\"Rika likes Anal | Lust and Love\",\"isPartOf\":{\"@id\":\"https:\\\/\\\/lustandlove.eu\\\/et\\\/#website\"},\"primaryImageOfPage\":{\"@id\":\"https:\\\/\\\/lustandlove.eu\\\/et\\\/toode\\\/puni-btch-girl-stella-copy\\\/#primaryimage\"},\"image\":{\"@id\":\"https:\\\/\\\/lustandlove.eu\\\/et\\\/toode\\\/puni-btch-girl-stella-copy\\\/#primaryimage\"},\"thumbnailUrl\":\"https:\\\/\\\/lustandlove.eu\\\/wp-content\\\/uploads\\\/rika-likes-anal-onahole-1.jpg\",\"datePublished\":\"2025-03-24T10:22:53+00:00\",\"dateModified\":\"2026-04-13T07:26:39+00:00\",\"description\":\"Rahuldavalt 700 g kaaluv Rika on siin, et viia teie nauding uude s\u00fcgavusse \u2013 s\u00f5na otseses m\u00f5ttes. Ta ihkab intensiivset anaalset m\u00e4ngu ja kutsub teid ennast vallutama.\",\"breadcrumb\":{\"@id\":\"https:\\\/\\\/lustandlove.eu\\\/et\\\/toode\\\/puni-btch-girl-stella-copy\\\/#breadcrumb\"},\"inLanguage\":\"et\",\"potentialAction\":[{\"@type\":\"ReadAction\",\"target\":[\"https:\\\/\\\/lustandlove.eu\\\/et\\\/toode\\\/puni-btch-girl-stella-copy\\\/\"]}]},{\"@type\":\"ImageObject\",\"inLanguage\":\"et\",\"@id\":\"https:\\\/\\\/lustandlove.eu\\\/et\\\/toode\\\/puni-btch-girl-stella-copy\\\/#primaryimage\",\"url\":\"https:\\\/\\\/lustandlove.eu\\\/wp-content\\\/uploads\\\/rika-likes-anal-onahole-1.jpg\",\"contentUrl\":\"https:\\\/\\\/lustandlove.eu\\\/wp-content\\\/uploads\\\/rika-likes-anal-onahole-1.jpg\",\"width\":1000,\"height\":1000},{\"@type\":\"BreadcrumbList\",\"@id\":\"https:\\\/\\\/lustandlove.eu\\\/et\\\/toode\\\/puni-btch-girl-stella-copy\\\/#breadcrumb\",\"itemListElement\":[{\"@type\":\"ListItem\",\"position\":1,\"name\":\"Lust and Love\",\"item\":\"https:\\\/\\\/lustandlove.eu\\\/et\\\/\"},{\"@type\":\"ListItem\",\"position\":2,\"name\":\"Pood\",\"item\":\"https:\\\/\\\/lustandlove.eu\\\/et\\\/pood\\\/\"},{\"@type\":\"ListItem\",\"position\":3,\"name\":\"Meestele\",\"item\":\"https:\\\/\\\/lustandlove.eu\\\/et\\\/pood\\\/meestele\\\/\"},{\"@type\":\"ListItem\",\"position\":4,\"name\":\"Hentai\",\"item\":\"https:\\\/\\\/lustandlove.eu\\\/et\\\/pood\\\/meestele\\\/hentai\\\/\"},{\"@type\":\"ListItem\",\"position\":5,\"name\":\"Rika likes Anal\"}]},{\"@type\":\"WebSite\",\"@id\":\"https:\\\/\\\/lustandlove.eu\\\/et\\\/#website\",\"url\":\"https:\\\/\\\/lustandlove.eu\\\/et\\\/\",\"name\":\"Lust &amp; Love\",\"description\":\"Online erootikapood tervise, ilu ja armastuse jaoks\",\"publisher\":{\"@id\":\"https:\\\/\\\/lustandlove.eu\\\/et\\\/#organization\"},\"potentialAction\":[{\"@type\":\"SearchAction\",\"target\":{\"@type\":\"EntryPoint\",\"urlTemplate\":\"https:\\\/\\\/lustandlove.eu\\\/et\\\/?s={search_term_string}\"},\"query-input\":{\"@type\":\"PropertyValueSpecification\",\"valueRequired\":true,\"valueName\":\"search_term_string\"}}],\"inLanguage\":\"et\"},{\"@type\":\"Organization\",\"@id\":\"https:\\\/\\\/lustandlove.eu\\\/et\\\/#organization\",\"name\":\"Bioconcept Baltics O\u00dc\",\"url\":\"https:\\\/\\\/lustandlove.eu\\\/et\\\/\",\"logo\":{\"@type\":\"ImageObject\",\"inLanguage\":\"et\",\"@id\":\"https:\\\/\\\/lustandlove.eu\\\/et\\\/#\\\/schema\\\/logo\\\/image\\\/\",\"url\":\"\",\"contentUrl\":\"\",\"caption\":\"Bioconcept Baltics O\u00dc\"},\"image\":{\"@id\":\"https:\\\/\\\/lustandlove.eu\\\/et\\\/#\\\/schema\\\/logo\\\/image\\\/\"},\"sameAs\":[\"https:\\\/\\\/www.facebook.com\\\/LustandLoveEU\\\/\",\"https:\\\/\\\/www.instagram.com\\\/lustandloveeu\\\/\"]}]}<\/script>\n<!-- \/ Yoast SEO plugin. -->","yoast_head_json":{"title":"Rika likes Anal | Lust and Love","description":"Rahuldavalt 700 g kaaluv Rika on siin, et viia teie nauding uude s\u00fcgavusse \u2013 s\u00f5na otseses m\u00f5ttes. Ta ihkab intensiivset anaalset m\u00e4ngu ja kutsub teid ennast vallutama.","robots":{"index,follow,max-snippet":"index,follow,max-snippet:-1,max-image-preview:large,max-video-preview:-1"},"canonical":"https:\/\/lustandlove.eu\/et\/toode\/puni-btch-girl-stella-copy\/","twitter_card":"summary_large_image","twitter_title":"Rika likes Anal | Lust and Love","twitter_description":"Rahuldavalt 700 g kaaluv Rika on siin, et viia teie nauding uude s\u00fcgavusse \u2013 s\u00f5na otseses m\u00f5ttes. Ta ihkab intensiivset anaalset m\u00e4ngu ja kutsub teid ennast vallutama.","twitter_image":"https:\/\/lustandlove.eu\/wp-content\/uploads\/rika-likes-anal-onahole-1.jpg","twitter_misc":{"Est. reading time":"1 minut"},"schema":{"@context":"https:\/\/schema.org","@graph":[{"@type":["WebPage","ItemPage"],"@id":"https:\/\/lustandlove.eu\/et\/toode\/puni-btch-girl-stella-copy\/","url":"https:\/\/lustandlove.eu\/et\/toode\/puni-btch-girl-stella-copy\/","name":"Rika likes Anal | Lust and Love","isPartOf":{"@id":"https:\/\/lustandlove.eu\/et\/#website"},"primaryImageOfPage":{"@id":"https:\/\/lustandlove.eu\/et\/toode\/puni-btch-girl-stella-copy\/#primaryimage"},"image":{"@id":"https:\/\/lustandlove.eu\/et\/toode\/puni-btch-girl-stella-copy\/#primaryimage"},"thumbnailUrl":"https:\/\/lustandlove.eu\/wp-content\/uploads\/rika-likes-anal-onahole-1.jpg","datePublished":"2025-03-24T10:22:53+00:00","dateModified":"2026-04-13T07:26:39+00:00","description":"Rahuldavalt 700 g kaaluv Rika on siin, et viia teie nauding uude s\u00fcgavusse \u2013 s\u00f5na otseses m\u00f5ttes. Ta ihkab intensiivset anaalset m\u00e4ngu ja kutsub teid ennast vallutama.","breadcrumb":{"@id":"https:\/\/lustandlove.eu\/et\/toode\/puni-btch-girl-stella-copy\/#breadcrumb"},"inLanguage":"et","potentialAction":[{"@type":"ReadAction","target":["https:\/\/lustandlove.eu\/et\/toode\/puni-btch-girl-stella-copy\/"]}]},{"@type":"ImageObject","inLanguage":"et","@id":"https:\/\/lustandlove.eu\/et\/toode\/puni-btch-girl-stella-copy\/#primaryimage","url":"https:\/\/lustandlove.eu\/wp-content\/uploads\/rika-likes-anal-onahole-1.jpg","contentUrl":"https:\/\/lustandlove.eu\/wp-content\/uploads\/rika-likes-anal-onahole-1.jpg","width":1000,"height":1000},{"@type":"BreadcrumbList","@id":"https:\/\/lustandlove.eu\/et\/toode\/puni-btch-girl-stella-copy\/#breadcrumb","itemListElement":[{"@type":"ListItem","position":1,"name":"Lust and Love","item":"https:\/\/lustandlove.eu\/et\/"},{"@type":"ListItem","position":2,"name":"Pood","item":"https:\/\/lustandlove.eu\/et\/pood\/"},{"@type":"ListItem","position":3,"name":"Meestele","item":"https:\/\/lustandlove.eu\/et\/pood\/meestele\/"},{"@type":"ListItem","position":4,"name":"Hentai","item":"https:\/\/lustandlove.eu\/et\/pood\/meestele\/hentai\/"},{"@type":"ListItem","position":5,"name":"Rika likes Anal"}]},{"@type":"WebSite","@id":"https:\/\/lustandlove.eu\/et\/#website","url":"https:\/\/lustandlove.eu\/et\/","name":"Lust &amp; Love","description":"Online erootikapood tervise, ilu ja armastuse jaoks","publisher":{"@id":"https:\/\/lustandlove.eu\/et\/#organization"},"potentialAction":[{"@type":"SearchAction","target":{"@type":"EntryPoint","urlTemplate":"https:\/\/lustandlove.eu\/et\/?s={search_term_string}"},"query-input":{"@type":"PropertyValueSpecification","valueRequired":true,"valueName":"search_term_string"}}],"inLanguage":"et"},{"@type":"Organization","@id":"https:\/\/lustandlove.eu\/et\/#organization","name":"Bioconcept Baltics O\u00dc","url":"https:\/\/lustandlove.eu\/et\/","logo":{"@type":"ImageObject","inLanguage":"et","@id":"https:\/\/lustandlove.eu\/et\/#\/schema\/logo\/image\/","url":"","contentUrl":"","caption":"Bioconcept Baltics O\u00dc"},"image":{"@id":"https:\/\/lustandlove.eu\/et\/#\/schema\/logo\/image\/"},"sameAs":["https:\/\/www.facebook.com\/LustandLoveEU\/","https:\/\/www.instagram.com\/lustandloveeu\/"]}]}},"_links":{"self":[{"href":"https:\/\/lustandlove.eu\/et\/wp-json\/wp\/v2\/product\/93061","targetHints":{"allow":["GET"]}}],"collection":[{"href":"https:\/\/lustandlove.eu\/et\/wp-json\/wp\/v2\/product"}],"about":[{"href":"https:\/\/lustandlove.eu\/et\/wp-json\/wp\/v2\/types\/product"}],"wp:featuredmedia":[{"embeddable":true,"href":"https:\/\/lustandlove.eu\/et\/wp-json\/wp\/v2\/media\/93079"}],"wp:attachment":[{"href":"https:\/\/lustandlove.eu\/et\/wp-json\/wp\/v2\/media?parent=93061"}],"wp:term":[{"taxonomy":"product_brand","embeddable":true,"href":"https:\/\/lustandlove.eu\/et\/wp-json\/wp\/v2\/product_brand?post=93061"},{"taxonomy":"product_cat","embeddable":true,"href":"https:\/\/lustandlove.eu\/et\/wp-json\/wp\/v2\/product_cat?post=93061"},{"taxonomy":"product_tag","embeddable":true,"href":"https:\/\/lustandlove.eu\/et\/wp-json\/wp\/v2\/product_tag?post=93061"}],"curies":[{"name":"wp","href":"https:\/\/api.w.org\/{rel}","templated":true}]}}