{"id":93087,"date":"2025-03-24T12:43:31","date_gmt":"2025-03-24T10:43:31","guid":{"rendered":"https:\/\/www.lustandlove.eu\/?post_type=product&#038;p=93087"},"modified":"2026-04-13T10:26:38","modified_gmt":"2026-04-13T07:26:38","slug":"rika-likes-anal-copy","status":"publish","type":"product","link":"https:\/\/lustandlove.eu\/et\/toode\/rika-likes-anal-copy\/","title":{"rendered":"The Three Ages"},"content":{"rendered":"<p>Ostke kohe ja \u00e4rge j\u00e4tke kasutamata v\u00f5imalust nautida <em>The Three Ages<\/em> Onahip. Selle kolm lihtsasti kasutatavat sisendit on loodud teie meeli paitama ja pakkuma \u00fclimat v\u00fcrtsi: mitmekesisust. Sellest saab peagi \u00fcks teie lemmiktoode. Nautige tundide kaupa puhast naudingut, kui avastate enam kui 20 ainulaadset naudingupunkti, mis on loodud \u00fcllatama, ergutama ja teid ekstaasi lainel hoidma.<\/p>\n<p><strong>18-aastase tunnel:<\/strong><br \/>\nTa soovib sind rahuldada, kuid tal pole piisavalt kogemust. \u00d5nneks olete n\u00f5us teda kiusama ja \u00f5petama, kuidas end avada. Kui teil on iha kitsa, kuid tervitatava tunneli j\u00e4rele, paneb see teid kindlasti naudingust plahvatama.<\/p>\n<p>Nautige nende 6 ainulaadse ja uuendusliku naudingupunkti teekonda:<br \/>\nV\u00e4rske <em>Fleur&#8217;i<\/em> V\u00e4rske<br \/>\n\u00c4rganud paistes G-punkt<br \/>\n\u00d5iepungade punnid<br \/>\nKiimas teismeliste tsoon<br \/>\nTuksuv l\u00e4bip\u00e4\u00e4s<br \/>\nSensatsioonide kamber<\/p>\n<p><strong>28-aastase tunnel:<\/strong><br \/>\n28-aastane naine teab, mida ta tahab ja kuidas seda saada. Tema s\u00e4ravad vastutulelikud huuled paluvad teie seltskonna r\u00f5\u00f5mu. Libistage neist m\u00f6\u00f6da ja uurige tema sensuaalset Opaalset V\u00e4ravat. Tunneta, kuidas tema kogemused ja hedonistlik loomus v\u00f5ivad sind metsikuks ajada.<\/p>\n<p>Sellel tunnelil on 5 ainulaadselt kujundatud naudingupunkti:<br \/>\nS\u00e4ravad tervitavad huuled<br \/>\nOpaali v\u00e4rav<br \/>\nP\u00e4ikesevarjutuse Kuulid<br \/>\nSuured p\u00e4rlit\u00f5kked<br \/>\nSooniline l\u00f5pp<\/p>\n<p><strong>38-aastase tunnel:<\/strong><br \/>\nM\u00f5nikord soovite lihtsalt, et ekspert v\u00f5taks kontrolli enda k\u00e4tte ja aitaks teie mahlal v\u00e4lja tulla. Tema vanemlik tunnel suurendab kindlasti teie naudingut. Leia end m\u00f5nulemas pehmest, elutruust tunnelist. Ta anub, et viskaksid teda ringi ja uuriksid tema roosa tunneli igat kurvi, kurvi ja mahlast nurka.<\/p>\n<p>Avastage selle kogenud kiisu 5 naudingupunkti:<br \/>\nTuleleegi V\u00e4ravad<br \/>\nTipu Sisenemine<br \/>\n<em>Vortex<\/em> l\u00e4bik\u00e4ik<br \/>\nTs\u00fcklon <em>Helix<\/em><br \/>\nSperma pigistamise v\u00e4li<\/p>\n<p><strong>Anaaltunneli BOONUS<\/strong><br \/>\nV\u00f5tke oma r\u00e4pased m\u00f5tted omaks selle puhta ja tiheda anaaltunneliga. Tema siidiselt pingul aanus viib teid edasi imelisse tunnelisse, kus kaotate end tunnete merre. Haarake tema h\u00f5rgult realistlike kanne\u00a0 ja libistage sisse. Helid, mida ta libestatud august kuulda v\u00f5ib, ajavad teid metsikuks.<\/p>\n<p>Nautige anaaltunneli 7 naudingupunkti:<br \/>\n<em>Anal Star<\/em> sissep\u00e4\u00e4s<br \/>\nHaldja Kammikoridor<br \/>\nS\u00e4ravate Soomuste Marsruut<br \/>\nTilkuvad Tornid<br \/>\nEl\u00fc\u00fcsia G-punkti Membraanid<br \/>\nMunakivitee<br \/>\nTaevakuppel<\/p>\n<p><strong>Thee Ages Onahipi spetsifikatsioonid:<\/strong><br \/>\nPuusa \u00fcmberm\u00f5\u00f5t: 21 cm<br \/>\nK\u00f5rgus (istudes): 26 cm<br \/>\nK\u00f5rgus (\u00fcle painutatud): 20 cm<br \/>\nLaius (reiest-reieni): 27 cm<br \/>\nAnaalse tunneli pikkus: 12 cm<br \/>\nVagiinatunneli pikkused: 14cm<br \/>\nKaal: 8,6 kg<br \/>\nMaterjal: TPE<br \/>\nKaubam\u00e4rk: Seiraku Toys<\/p>\n","protected":false},"excerpt":{"rendered":"<p>Kolm vanust, \u00fcks unustamatu teekond \u2013 kohandage oma soove vahetatavate vanusetunnelitega.<\/p>\n<p>20+ unikaalse disainiga naudingupunkti \u2013 avastage, kasutage ja nautige iga nurka.<br \/>\nUltra-realistlik tunne \u2013 pehme roosa nahk kutsuvate, elutruude detailidega.<br \/>\nLihtne puhastamine \u2013 loodud mugavuse ja kasutuslihtsuse tagamiseks.<br \/>\nBoonusanaaltunnel \u2013 avastage veelgi rohkem naudinguv\u00f5imalusi.<\/p>\n","protected":false},"featured_media":93137,"template":"","meta":[],"product_brand":[4142],"product_cat":[3525,1477,4006],"product_tag":[1506,3825,3824,1526],"class_list":{"0":"post-93087","1":"product","2":"type-product","3":"status-publish","4":"has-post-thumbnail","6":"product_brand-motsutoys-et","7":"product_cat-hentai","8":"product_cat-meestele","9":"product_cat-onahip-ja-nukud","10":"product_tag-anaal-et","11":"product_tag-anime-et","12":"product_tag-hentai-et","13":"product_tag-masturbaator","14":"pa_brand-motsutoys-et","16":"first","17":"instock","18":"taxable","19":"shipping-taxable","20":"purchasable","21":"product-type-simple"},"yoast_head":"<!-- This site is optimized with the Yoast SEO plugin v27.3 - https:\/\/yoast.com\/product\/yoast-seo-wordpress\/ -->\n<title>The Three Ages | Lust and Love<\/title>\n<meta name=\"description\" content=\"Kolm vanust, \u00fcks unustamatu teekond \u2013 kohandage oma soove vahetatavate vanusetunnelitega. Lihtne puhastada, anaaltunneliga.\" \/>\n<meta name=\"robots\" content=\"index,follow,max-snippet:-1,max-image-preview:large,max-video-preview:-1\" \/>\n<link rel=\"canonical\" href=\"https:\/\/lustandlove.eu\/et\/toode\/rika-likes-anal-copy\/\" \/>\n<meta name=\"twitter:card\" content=\"summary_large_image\" \/>\n<meta name=\"twitter:title\" content=\"The Three Ages | Lust and Love\" \/>\n<meta name=\"twitter:description\" content=\"Kolm vanust, \u00fcks unustamatu teekond \u2013 kohandage oma soove vahetatavate vanusetunnelitega. Lihtne puhastada, anaaltunneliga.\" \/>\n<meta name=\"twitter:image\" content=\"https:\/\/lustandlove.eu\/wp-content\/uploads\/1_the_three_ages.jpg\" \/>\n<meta name=\"twitter:label1\" content=\"Est. reading time\" \/>\n\t<meta name=\"twitter:data1\" content=\"2 minutit\" \/>\n<script type=\"application\/ld+json\" class=\"yoast-schema-graph\">{\"@context\":\"https:\\\/\\\/schema.org\",\"@graph\":[{\"@type\":[\"WebPage\",\"ItemPage\"],\"@id\":\"https:\\\/\\\/lustandlove.eu\\\/et\\\/toode\\\/rika-likes-anal-copy\\\/\",\"url\":\"https:\\\/\\\/lustandlove.eu\\\/et\\\/toode\\\/rika-likes-anal-copy\\\/\",\"name\":\"The Three Ages | Lust and Love\",\"isPartOf\":{\"@id\":\"https:\\\/\\\/lustandlove.eu\\\/et\\\/#website\"},\"primaryImageOfPage\":{\"@id\":\"https:\\\/\\\/lustandlove.eu\\\/et\\\/toode\\\/rika-likes-anal-copy\\\/#primaryimage\"},\"image\":{\"@id\":\"https:\\\/\\\/lustandlove.eu\\\/et\\\/toode\\\/rika-likes-anal-copy\\\/#primaryimage\"},\"thumbnailUrl\":\"https:\\\/\\\/lustandlove.eu\\\/wp-content\\\/uploads\\\/1_the_three_ages.jpg\",\"datePublished\":\"2025-03-24T10:43:31+00:00\",\"dateModified\":\"2026-04-13T07:26:38+00:00\",\"description\":\"Kolm vanust, \u00fcks unustamatu teekond \u2013 kohandage oma soove vahetatavate vanusetunnelitega. Lihtne puhastada, anaaltunneliga.\",\"breadcrumb\":{\"@id\":\"https:\\\/\\\/lustandlove.eu\\\/et\\\/toode\\\/rika-likes-anal-copy\\\/#breadcrumb\"},\"inLanguage\":\"et\",\"potentialAction\":[{\"@type\":\"ReadAction\",\"target\":[\"https:\\\/\\\/lustandlove.eu\\\/et\\\/toode\\\/rika-likes-anal-copy\\\/\"]}]},{\"@type\":\"ImageObject\",\"inLanguage\":\"et\",\"@id\":\"https:\\\/\\\/lustandlove.eu\\\/et\\\/toode\\\/rika-likes-anal-copy\\\/#primaryimage\",\"url\":\"https:\\\/\\\/lustandlove.eu\\\/wp-content\\\/uploads\\\/1_the_three_ages.jpg\",\"contentUrl\":\"https:\\\/\\\/lustandlove.eu\\\/wp-content\\\/uploads\\\/1_the_three_ages.jpg\",\"width\":1400,\"height\":1400},{\"@type\":\"BreadcrumbList\",\"@id\":\"https:\\\/\\\/lustandlove.eu\\\/et\\\/toode\\\/rika-likes-anal-copy\\\/#breadcrumb\",\"itemListElement\":[{\"@type\":\"ListItem\",\"position\":1,\"name\":\"Lust and Love\",\"item\":\"https:\\\/\\\/lustandlove.eu\\\/et\\\/\"},{\"@type\":\"ListItem\",\"position\":2,\"name\":\"Pood\",\"item\":\"https:\\\/\\\/lustandlove.eu\\\/et\\\/pood\\\/\"},{\"@type\":\"ListItem\",\"position\":3,\"name\":\"Meestele\",\"item\":\"https:\\\/\\\/lustandlove.eu\\\/et\\\/pood\\\/meestele\\\/\"},{\"@type\":\"ListItem\",\"position\":4,\"name\":\"Hentai\",\"item\":\"https:\\\/\\\/lustandlove.eu\\\/et\\\/pood\\\/meestele\\\/hentai\\\/\"},{\"@type\":\"ListItem\",\"position\":5,\"name\":\"The Three Ages\"}]},{\"@type\":\"WebSite\",\"@id\":\"https:\\\/\\\/lustandlove.eu\\\/et\\\/#website\",\"url\":\"https:\\\/\\\/lustandlove.eu\\\/et\\\/\",\"name\":\"Lust &amp; Love\",\"description\":\"Online erootikapood tervise, ilu ja armastuse jaoks\",\"publisher\":{\"@id\":\"https:\\\/\\\/lustandlove.eu\\\/et\\\/#organization\"},\"potentialAction\":[{\"@type\":\"SearchAction\",\"target\":{\"@type\":\"EntryPoint\",\"urlTemplate\":\"https:\\\/\\\/lustandlove.eu\\\/et\\\/?s={search_term_string}\"},\"query-input\":{\"@type\":\"PropertyValueSpecification\",\"valueRequired\":true,\"valueName\":\"search_term_string\"}}],\"inLanguage\":\"et\"},{\"@type\":\"Organization\",\"@id\":\"https:\\\/\\\/lustandlove.eu\\\/et\\\/#organization\",\"name\":\"Bioconcept Baltics O\u00dc\",\"url\":\"https:\\\/\\\/lustandlove.eu\\\/et\\\/\",\"logo\":{\"@type\":\"ImageObject\",\"inLanguage\":\"et\",\"@id\":\"https:\\\/\\\/lustandlove.eu\\\/et\\\/#\\\/schema\\\/logo\\\/image\\\/\",\"url\":\"\",\"contentUrl\":\"\",\"caption\":\"Bioconcept Baltics O\u00dc\"},\"image\":{\"@id\":\"https:\\\/\\\/lustandlove.eu\\\/et\\\/#\\\/schema\\\/logo\\\/image\\\/\"},\"sameAs\":[\"https:\\\/\\\/www.facebook.com\\\/LustandLoveEU\\\/\",\"https:\\\/\\\/www.instagram.com\\\/lustandloveeu\\\/\"]}]}<\/script>\n<!-- \/ Yoast SEO plugin. -->","yoast_head_json":{"title":"The Three Ages | Lust and Love","description":"Kolm vanust, \u00fcks unustamatu teekond \u2013 kohandage oma soove vahetatavate vanusetunnelitega. Lihtne puhastada, anaaltunneliga.","robots":{"index,follow,max-snippet":"index,follow,max-snippet:-1,max-image-preview:large,max-video-preview:-1"},"canonical":"https:\/\/lustandlove.eu\/et\/toode\/rika-likes-anal-copy\/","twitter_card":"summary_large_image","twitter_title":"The Three Ages | Lust and Love","twitter_description":"Kolm vanust, \u00fcks unustamatu teekond \u2013 kohandage oma soove vahetatavate vanusetunnelitega. Lihtne puhastada, anaaltunneliga.","twitter_image":"https:\/\/lustandlove.eu\/wp-content\/uploads\/1_the_three_ages.jpg","twitter_misc":{"Est. reading time":"2 minutit"},"schema":{"@context":"https:\/\/schema.org","@graph":[{"@type":["WebPage","ItemPage"],"@id":"https:\/\/lustandlove.eu\/et\/toode\/rika-likes-anal-copy\/","url":"https:\/\/lustandlove.eu\/et\/toode\/rika-likes-anal-copy\/","name":"The Three Ages | Lust and Love","isPartOf":{"@id":"https:\/\/lustandlove.eu\/et\/#website"},"primaryImageOfPage":{"@id":"https:\/\/lustandlove.eu\/et\/toode\/rika-likes-anal-copy\/#primaryimage"},"image":{"@id":"https:\/\/lustandlove.eu\/et\/toode\/rika-likes-anal-copy\/#primaryimage"},"thumbnailUrl":"https:\/\/lustandlove.eu\/wp-content\/uploads\/1_the_three_ages.jpg","datePublished":"2025-03-24T10:43:31+00:00","dateModified":"2026-04-13T07:26:38+00:00","description":"Kolm vanust, \u00fcks unustamatu teekond \u2013 kohandage oma soove vahetatavate vanusetunnelitega. Lihtne puhastada, anaaltunneliga.","breadcrumb":{"@id":"https:\/\/lustandlove.eu\/et\/toode\/rika-likes-anal-copy\/#breadcrumb"},"inLanguage":"et","potentialAction":[{"@type":"ReadAction","target":["https:\/\/lustandlove.eu\/et\/toode\/rika-likes-anal-copy\/"]}]},{"@type":"ImageObject","inLanguage":"et","@id":"https:\/\/lustandlove.eu\/et\/toode\/rika-likes-anal-copy\/#primaryimage","url":"https:\/\/lustandlove.eu\/wp-content\/uploads\/1_the_three_ages.jpg","contentUrl":"https:\/\/lustandlove.eu\/wp-content\/uploads\/1_the_three_ages.jpg","width":1400,"height":1400},{"@type":"BreadcrumbList","@id":"https:\/\/lustandlove.eu\/et\/toode\/rika-likes-anal-copy\/#breadcrumb","itemListElement":[{"@type":"ListItem","position":1,"name":"Lust and Love","item":"https:\/\/lustandlove.eu\/et\/"},{"@type":"ListItem","position":2,"name":"Pood","item":"https:\/\/lustandlove.eu\/et\/pood\/"},{"@type":"ListItem","position":3,"name":"Meestele","item":"https:\/\/lustandlove.eu\/et\/pood\/meestele\/"},{"@type":"ListItem","position":4,"name":"Hentai","item":"https:\/\/lustandlove.eu\/et\/pood\/meestele\/hentai\/"},{"@type":"ListItem","position":5,"name":"The Three Ages"}]},{"@type":"WebSite","@id":"https:\/\/lustandlove.eu\/et\/#website","url":"https:\/\/lustandlove.eu\/et\/","name":"Lust &amp; Love","description":"Online erootikapood tervise, ilu ja armastuse jaoks","publisher":{"@id":"https:\/\/lustandlove.eu\/et\/#organization"},"potentialAction":[{"@type":"SearchAction","target":{"@type":"EntryPoint","urlTemplate":"https:\/\/lustandlove.eu\/et\/?s={search_term_string}"},"query-input":{"@type":"PropertyValueSpecification","valueRequired":true,"valueName":"search_term_string"}}],"inLanguage":"et"},{"@type":"Organization","@id":"https:\/\/lustandlove.eu\/et\/#organization","name":"Bioconcept Baltics O\u00dc","url":"https:\/\/lustandlove.eu\/et\/","logo":{"@type":"ImageObject","inLanguage":"et","@id":"https:\/\/lustandlove.eu\/et\/#\/schema\/logo\/image\/","url":"","contentUrl":"","caption":"Bioconcept Baltics O\u00dc"},"image":{"@id":"https:\/\/lustandlove.eu\/et\/#\/schema\/logo\/image\/"},"sameAs":["https:\/\/www.facebook.com\/LustandLoveEU\/","https:\/\/www.instagram.com\/lustandloveeu\/"]}]}},"_links":{"self":[{"href":"https:\/\/lustandlove.eu\/et\/wp-json\/wp\/v2\/product\/93087","targetHints":{"allow":["GET"]}}],"collection":[{"href":"https:\/\/lustandlove.eu\/et\/wp-json\/wp\/v2\/product"}],"about":[{"href":"https:\/\/lustandlove.eu\/et\/wp-json\/wp\/v2\/types\/product"}],"wp:featuredmedia":[{"embeddable":true,"href":"https:\/\/lustandlove.eu\/et\/wp-json\/wp\/v2\/media\/93137"}],"wp:attachment":[{"href":"https:\/\/lustandlove.eu\/et\/wp-json\/wp\/v2\/media?parent=93087"}],"wp:term":[{"taxonomy":"product_brand","embeddable":true,"href":"https:\/\/lustandlove.eu\/et\/wp-json\/wp\/v2\/product_brand?post=93087"},{"taxonomy":"product_cat","embeddable":true,"href":"https:\/\/lustandlove.eu\/et\/wp-json\/wp\/v2\/product_cat?post=93087"},{"taxonomy":"product_tag","embeddable":true,"href":"https:\/\/lustandlove.eu\/et\/wp-json\/wp\/v2\/product_tag?post=93087"}],"curies":[{"name":"wp","href":"https:\/\/api.w.org\/{rel}","templated":true}]}}