{"id":93143,"date":"2025-03-24T13:23:05","date_gmt":"2025-03-24T11:23:05","guid":{"rendered":"https:\/\/www.lustandlove.eu\/?post_type=product&#038;p=93143"},"modified":"2026-04-13T10:26:38","modified_gmt":"2026-04-13T07:26:38","slug":"the-three-ages-copy","status":"publish","type":"product","link":"https:\/\/lustandlove.eu\/et\/toode\/the-three-ages-copy\/","title":{"rendered":"After-School Ballet Girl"},"content":{"rendered":"<p><strong>K\u00f5ige pehmem ja mugavam nahk<\/strong><br \/>\nTeid \u00fcllatab koolij\u00e4rgse balletit\u00fcdruku realistlik nahk. Soovitame masseerida veep\u00f5hist libestit tema kahte tihedasse tunnelisse. Tema naudingupunkte uurides tunnete end joovastatuna nii selle Onahipi pehmest puudutusest kui ka keerukalt kujundatud d\u00fcnaamikast. V\u00f5ite olla kindel, ta pole puudutamisel mitte ainult siidiselt sile, vaid ka vastupidav ja lubab tundide kaupa ekstaasi. Kui olete tema v\u00f5rgutava tantsuga l\u00f5petanud, on koristamine imelihtne.<\/p>\n<p><strong>Vaginaalne tunnel<\/strong><br \/>\n<em>After-School Ballet Girl<\/em> sisaldab kahte spetsiaalselt disainitud tunnelit meie k\u00f5igi aegade pehmeimast materjalist ja pakub uurimiseks \u00fcle 10 intiimse naudingupunkti.<\/p>\n<p>Libistage tema Tantsja V\u00e4rvavast m\u00f6\u00f6da tema vagiinasse. Ballett on koht, kus maagia kohtub liikumisega ja ta soovib teile n\u00e4idata, mida ta on \u00f5ppinud. Selle Onahipiga m\u00e4ngimine on kiusatuse ja naudingu tants.<\/p>\n<p>Avastage tema vaginaalse tunneli naudingupunktid:<br \/>\nTuutu Lained<br \/>\nSatiinist kamber<br \/>\n<em>Chass\u00e9<\/em> kanal<br \/>\nTantsija T\u00e4pid<br \/>\n<em>En Pointe<\/em> P\u00e4rli Kumerus<\/p>\n<p><strong>Anaaltunnel<\/strong><br \/>\n<em>Un, deux, trois, quatre<\/em>. Sisenege r\u00fctmi ja tunnetage, kuidas tema pehmed ja \u00fclemeelikud kannid \u00fcles-alla h\u00fcppavad. Tantsimine on distsipliin ja ta on otsustanud oma liigutusi \u00f5ppida. \u00dcks selle tantsija saladusi? Tihe anaaltunnel 6 naudingupunktiga, mis on treenimiseks valmis.<\/p>\n<p>Avastage tema anaaltunneli naudingupunktid:<br \/>\n<em>Adagio<\/em> ukseava<br \/>\n<em>Grand Jet\u00e9<\/em> kalliskivid<br \/>\nBalleti tee elegantsi juurde<br \/>\n<em>Pli\u00e9<\/em> S\u00f5lmed<br \/>\n<em>Relev\u00e9<\/em> P\u00f6\u00f6rded<br \/>\n<em>Arabeski<\/em> Tipp<\/p>\n<p><strong>Puudutades pehme: t\u00e4iuslik esineja<\/strong><br \/>\nAvastage juba t\u00e4na, mis toimub balletitunnis koos teie t\u00e4iusliku balletit\u00fcdrukuga. Ta on populaarne kaastantsijate seas ja rahvahulga seas menukas. Sellel on p\u00f5hjus, miks ta on \u00f5petaja lemmikloom ja peamine tantsija. K\u00f5ik imetlevad tema distsipliini ja p\u00fchendumust laitmatule liikumisele. Ta avaldab teile kindlasti muljet ja j\u00e4tab teid kurnatuks. Tema veatult vormitud tagaotsast, pehmest realistlikust nahast ja kahest tervitavast tunnelist kaotate end sensuaalsesse tantsu.<\/p>\n<p><strong>Toote spetsifikatsioonid:<\/strong><br \/>\nPikkus: 20 cm<br \/>\nV\u00f6\u00f6\u00fcmberm\u00f5\u00f5t: 36 cm<br \/>\nPuusa \u00fcmberm\u00f5\u00f5t: 21 cm<br \/>\nVagiinatunnel: 13,5 cm<br \/>\nAnaaltunnel: 11,5 cm<\/p>\n","protected":false},"excerpt":{"rendered":"<p>Ta on staar\u00f5pilane ja distsiplineeritud tantsija, kuid ennek\u00f5ike armastab ta teie t\u00e4helepanu. Balletit\u00fcdrukust saab \u00fcks teie lemmikkollektsion\u00e4\u00e4ride esemeid. Las ta n\u00e4itab sulle, kui krapsakas ta v\u00f5ib olla. Jookse k\u00e4tega m\u00f6\u00f6da tema v\u00f5luvat v\u00f6\u00f6kohta, k\u00f5veraid puusi ja tantsija tagumikku. Andke talle jultunud laks ja uurige tema pehmeid tunnelhuuli. Ta on valmis teile m\u00f5nda uut trikki n\u00e4itama.<\/p>\n<p>Ballett on v\u00f5rgutamise kunst v\u00f5i antud juhul imemise kunst. Kahe uuritava tunneli ja \u00fcle 10 naudingupunktiga kaotate end tundideks naudingutesse. Olge valmis minema s\u00fcgavuti ja avastama k\u00f5iki nurki. Aga ole ettevaatlik! Ta on k\u00f5vasti treeninud ja p\u00e4rast tundidepikkust tantsu pingutab. Kas olete valmis aitama tal l\u00f5\u00f5gastuda ja l\u00f5dvestuda? Ta vajab paari v\u00f5imekat k\u00e4tt, mis aitaksid vabastada pingeid tema \u00f5rnadest reitest ja kitsastest tunnelitest.<\/p>\n","protected":false},"featured_media":93185,"template":"","meta":[],"product_brand":[4142],"product_cat":[3525,1477,4006],"product_tag":[1506,3825,3824,1526,3826],"class_list":{"0":"post-93143","1":"product","2":"type-product","3":"status-publish","4":"has-post-thumbnail","6":"product_brand-motsutoys-et","7":"product_cat-hentai","8":"product_cat-meestele","9":"product_cat-onahip-ja-nukud","10":"product_tag-anaal-et","11":"product_tag-anime-et","12":"product_tag-hentai-et","13":"product_tag-masturbaator","14":"product_tag-onahip-et","15":"pa_brand-motsutoys-et","17":"first","18":"instock","19":"taxable","20":"shipping-taxable","21":"purchasable","22":"product-type-simple"},"yoast_head":"<!-- This site is optimized with the Yoast SEO plugin v27.3 - https:\/\/yoast.com\/product\/yoast-seo-wordpress\/ -->\n<title>After-School Ballet Girl | Lust and Love<\/title>\n<meta name=\"description\" content=\"Ta on staar\u00f5pilane ja distsiplineeritud tantsija, kuid ennek\u00f5ike armastab ta teie t\u00e4helepanu. Las ta n\u00e4itab sulle, kui krapsakas ta v\u00f5ib olla.\" \/>\n<meta name=\"robots\" content=\"index,follow,max-snippet:-1,max-image-preview:large,max-video-preview:-1\" \/>\n<link rel=\"canonical\" href=\"https:\/\/lustandlove.eu\/et\/toode\/the-three-ages-copy\/\" \/>\n<meta name=\"twitter:card\" content=\"summary_large_image\" \/>\n<meta name=\"twitter:title\" content=\"After-School Ballet Girl | Lust and Love\" \/>\n<meta name=\"twitter:description\" content=\"Ta on staar\u00f5pilane ja distsiplineeritud tantsija, kuid ennek\u00f5ike armastab ta teie t\u00e4helepanu. Las ta n\u00e4itab sulle, kui krapsakas ta v\u00f5ib olla.\" \/>\n<meta name=\"twitter:image\" content=\"https:\/\/lustandlove.eu\/wp-content\/uploads\/1_after-school_ballet_girl.jpg\" \/>\n<meta name=\"twitter:label1\" content=\"Est. reading time\" \/>\n\t<meta name=\"twitter:data1\" content=\"1 minut\" \/>\n<script type=\"application\/ld+json\" class=\"yoast-schema-graph\">{\"@context\":\"https:\\\/\\\/schema.org\",\"@graph\":[{\"@type\":[\"WebPage\",\"ItemPage\"],\"@id\":\"https:\\\/\\\/lustandlove.eu\\\/et\\\/toode\\\/the-three-ages-copy\\\/\",\"url\":\"https:\\\/\\\/lustandlove.eu\\\/et\\\/toode\\\/the-three-ages-copy\\\/\",\"name\":\"After-School Ballet Girl | Lust and Love\",\"isPartOf\":{\"@id\":\"https:\\\/\\\/lustandlove.eu\\\/et\\\/#website\"},\"primaryImageOfPage\":{\"@id\":\"https:\\\/\\\/lustandlove.eu\\\/et\\\/toode\\\/the-three-ages-copy\\\/#primaryimage\"},\"image\":{\"@id\":\"https:\\\/\\\/lustandlove.eu\\\/et\\\/toode\\\/the-three-ages-copy\\\/#primaryimage\"},\"thumbnailUrl\":\"https:\\\/\\\/lustandlove.eu\\\/wp-content\\\/uploads\\\/1_after-school_ballet_girl.jpg\",\"datePublished\":\"2025-03-24T11:23:05+00:00\",\"dateModified\":\"2026-04-13T07:26:38+00:00\",\"description\":\"Ta on staar\u00f5pilane ja distsiplineeritud tantsija, kuid ennek\u00f5ike armastab ta teie t\u00e4helepanu. Las ta n\u00e4itab sulle, kui krapsakas ta v\u00f5ib olla.\",\"breadcrumb\":{\"@id\":\"https:\\\/\\\/lustandlove.eu\\\/et\\\/toode\\\/the-three-ages-copy\\\/#breadcrumb\"},\"inLanguage\":\"et\",\"potentialAction\":[{\"@type\":\"ReadAction\",\"target\":[\"https:\\\/\\\/lustandlove.eu\\\/et\\\/toode\\\/the-three-ages-copy\\\/\"]}]},{\"@type\":\"ImageObject\",\"inLanguage\":\"et\",\"@id\":\"https:\\\/\\\/lustandlove.eu\\\/et\\\/toode\\\/the-three-ages-copy\\\/#primaryimage\",\"url\":\"https:\\\/\\\/lustandlove.eu\\\/wp-content\\\/uploads\\\/1_after-school_ballet_girl.jpg\",\"contentUrl\":\"https:\\\/\\\/lustandlove.eu\\\/wp-content\\\/uploads\\\/1_after-school_ballet_girl.jpg\",\"width\":1400,\"height\":1400},{\"@type\":\"BreadcrumbList\",\"@id\":\"https:\\\/\\\/lustandlove.eu\\\/et\\\/toode\\\/the-three-ages-copy\\\/#breadcrumb\",\"itemListElement\":[{\"@type\":\"ListItem\",\"position\":1,\"name\":\"Lust and Love\",\"item\":\"https:\\\/\\\/lustandlove.eu\\\/et\\\/\"},{\"@type\":\"ListItem\",\"position\":2,\"name\":\"Pood\",\"item\":\"https:\\\/\\\/lustandlove.eu\\\/et\\\/pood\\\/\"},{\"@type\":\"ListItem\",\"position\":3,\"name\":\"Meestele\",\"item\":\"https:\\\/\\\/lustandlove.eu\\\/et\\\/pood\\\/meestele\\\/\"},{\"@type\":\"ListItem\",\"position\":4,\"name\":\"Hentai\",\"item\":\"https:\\\/\\\/lustandlove.eu\\\/et\\\/pood\\\/meestele\\\/hentai\\\/\"},{\"@type\":\"ListItem\",\"position\":5,\"name\":\"After-School Ballet Girl\"}]},{\"@type\":\"WebSite\",\"@id\":\"https:\\\/\\\/lustandlove.eu\\\/et\\\/#website\",\"url\":\"https:\\\/\\\/lustandlove.eu\\\/et\\\/\",\"name\":\"Lust &amp; Love\",\"description\":\"Online erootikapood tervise, ilu ja armastuse jaoks\",\"publisher\":{\"@id\":\"https:\\\/\\\/lustandlove.eu\\\/et\\\/#organization\"},\"potentialAction\":[{\"@type\":\"SearchAction\",\"target\":{\"@type\":\"EntryPoint\",\"urlTemplate\":\"https:\\\/\\\/lustandlove.eu\\\/et\\\/?s={search_term_string}\"},\"query-input\":{\"@type\":\"PropertyValueSpecification\",\"valueRequired\":true,\"valueName\":\"search_term_string\"}}],\"inLanguage\":\"et\"},{\"@type\":\"Organization\",\"@id\":\"https:\\\/\\\/lustandlove.eu\\\/et\\\/#organization\",\"name\":\"Bioconcept Baltics O\u00dc\",\"url\":\"https:\\\/\\\/lustandlove.eu\\\/et\\\/\",\"logo\":{\"@type\":\"ImageObject\",\"inLanguage\":\"et\",\"@id\":\"https:\\\/\\\/lustandlove.eu\\\/et\\\/#\\\/schema\\\/logo\\\/image\\\/\",\"url\":\"\",\"contentUrl\":\"\",\"caption\":\"Bioconcept Baltics O\u00dc\"},\"image\":{\"@id\":\"https:\\\/\\\/lustandlove.eu\\\/et\\\/#\\\/schema\\\/logo\\\/image\\\/\"},\"sameAs\":[\"https:\\\/\\\/www.facebook.com\\\/LustandLoveEU\\\/\",\"https:\\\/\\\/www.instagram.com\\\/lustandloveeu\\\/\"]}]}<\/script>\n<!-- \/ Yoast SEO plugin. -->","yoast_head_json":{"title":"After-School Ballet Girl | Lust and Love","description":"Ta on staar\u00f5pilane ja distsiplineeritud tantsija, kuid ennek\u00f5ike armastab ta teie t\u00e4helepanu. Las ta n\u00e4itab sulle, kui krapsakas ta v\u00f5ib olla.","robots":{"index,follow,max-snippet":"index,follow,max-snippet:-1,max-image-preview:large,max-video-preview:-1"},"canonical":"https:\/\/lustandlove.eu\/et\/toode\/the-three-ages-copy\/","twitter_card":"summary_large_image","twitter_title":"After-School Ballet Girl | Lust and Love","twitter_description":"Ta on staar\u00f5pilane ja distsiplineeritud tantsija, kuid ennek\u00f5ike armastab ta teie t\u00e4helepanu. Las ta n\u00e4itab sulle, kui krapsakas ta v\u00f5ib olla.","twitter_image":"https:\/\/lustandlove.eu\/wp-content\/uploads\/1_after-school_ballet_girl.jpg","twitter_misc":{"Est. reading time":"1 minut"},"schema":{"@context":"https:\/\/schema.org","@graph":[{"@type":["WebPage","ItemPage"],"@id":"https:\/\/lustandlove.eu\/et\/toode\/the-three-ages-copy\/","url":"https:\/\/lustandlove.eu\/et\/toode\/the-three-ages-copy\/","name":"After-School Ballet Girl | Lust and Love","isPartOf":{"@id":"https:\/\/lustandlove.eu\/et\/#website"},"primaryImageOfPage":{"@id":"https:\/\/lustandlove.eu\/et\/toode\/the-three-ages-copy\/#primaryimage"},"image":{"@id":"https:\/\/lustandlove.eu\/et\/toode\/the-three-ages-copy\/#primaryimage"},"thumbnailUrl":"https:\/\/lustandlove.eu\/wp-content\/uploads\/1_after-school_ballet_girl.jpg","datePublished":"2025-03-24T11:23:05+00:00","dateModified":"2026-04-13T07:26:38+00:00","description":"Ta on staar\u00f5pilane ja distsiplineeritud tantsija, kuid ennek\u00f5ike armastab ta teie t\u00e4helepanu. Las ta n\u00e4itab sulle, kui krapsakas ta v\u00f5ib olla.","breadcrumb":{"@id":"https:\/\/lustandlove.eu\/et\/toode\/the-three-ages-copy\/#breadcrumb"},"inLanguage":"et","potentialAction":[{"@type":"ReadAction","target":["https:\/\/lustandlove.eu\/et\/toode\/the-three-ages-copy\/"]}]},{"@type":"ImageObject","inLanguage":"et","@id":"https:\/\/lustandlove.eu\/et\/toode\/the-three-ages-copy\/#primaryimage","url":"https:\/\/lustandlove.eu\/wp-content\/uploads\/1_after-school_ballet_girl.jpg","contentUrl":"https:\/\/lustandlove.eu\/wp-content\/uploads\/1_after-school_ballet_girl.jpg","width":1400,"height":1400},{"@type":"BreadcrumbList","@id":"https:\/\/lustandlove.eu\/et\/toode\/the-three-ages-copy\/#breadcrumb","itemListElement":[{"@type":"ListItem","position":1,"name":"Lust and Love","item":"https:\/\/lustandlove.eu\/et\/"},{"@type":"ListItem","position":2,"name":"Pood","item":"https:\/\/lustandlove.eu\/et\/pood\/"},{"@type":"ListItem","position":3,"name":"Meestele","item":"https:\/\/lustandlove.eu\/et\/pood\/meestele\/"},{"@type":"ListItem","position":4,"name":"Hentai","item":"https:\/\/lustandlove.eu\/et\/pood\/meestele\/hentai\/"},{"@type":"ListItem","position":5,"name":"After-School Ballet Girl"}]},{"@type":"WebSite","@id":"https:\/\/lustandlove.eu\/et\/#website","url":"https:\/\/lustandlove.eu\/et\/","name":"Lust &amp; Love","description":"Online erootikapood tervise, ilu ja armastuse jaoks","publisher":{"@id":"https:\/\/lustandlove.eu\/et\/#organization"},"potentialAction":[{"@type":"SearchAction","target":{"@type":"EntryPoint","urlTemplate":"https:\/\/lustandlove.eu\/et\/?s={search_term_string}"},"query-input":{"@type":"PropertyValueSpecification","valueRequired":true,"valueName":"search_term_string"}}],"inLanguage":"et"},{"@type":"Organization","@id":"https:\/\/lustandlove.eu\/et\/#organization","name":"Bioconcept Baltics O\u00dc","url":"https:\/\/lustandlove.eu\/et\/","logo":{"@type":"ImageObject","inLanguage":"et","@id":"https:\/\/lustandlove.eu\/et\/#\/schema\/logo\/image\/","url":"","contentUrl":"","caption":"Bioconcept Baltics O\u00dc"},"image":{"@id":"https:\/\/lustandlove.eu\/et\/#\/schema\/logo\/image\/"},"sameAs":["https:\/\/www.facebook.com\/LustandLoveEU\/","https:\/\/www.instagram.com\/lustandloveeu\/"]}]}},"_links":{"self":[{"href":"https:\/\/lustandlove.eu\/et\/wp-json\/wp\/v2\/product\/93143","targetHints":{"allow":["GET"]}}],"collection":[{"href":"https:\/\/lustandlove.eu\/et\/wp-json\/wp\/v2\/product"}],"about":[{"href":"https:\/\/lustandlove.eu\/et\/wp-json\/wp\/v2\/types\/product"}],"wp:featuredmedia":[{"embeddable":true,"href":"https:\/\/lustandlove.eu\/et\/wp-json\/wp\/v2\/media\/93185"}],"wp:attachment":[{"href":"https:\/\/lustandlove.eu\/et\/wp-json\/wp\/v2\/media?parent=93143"}],"wp:term":[{"taxonomy":"product_brand","embeddable":true,"href":"https:\/\/lustandlove.eu\/et\/wp-json\/wp\/v2\/product_brand?post=93143"},{"taxonomy":"product_cat","embeddable":true,"href":"https:\/\/lustandlove.eu\/et\/wp-json\/wp\/v2\/product_cat?post=93143"},{"taxonomy":"product_tag","embeddable":true,"href":"https:\/\/lustandlove.eu\/et\/wp-json\/wp\/v2\/product_tag?post=93143"}],"curies":[{"name":"wp","href":"https:\/\/api.w.org\/{rel}","templated":true}]}}