{"id":93246,"date":"2025-03-25T12:27:38","date_gmt":"2025-03-25T10:27:38","guid":{"rendered":"https:\/\/www.lustandlove.eu\/?post_type=product&#038;p=93246"},"modified":"2026-04-13T10:26:37","modified_gmt":"2026-04-13T07:26:37","slug":"rika-likes-anal-copy-2","status":"publish","type":"product","link":"https:\/\/lustandlove.eu\/et\/toode\/rika-likes-anal-copy-2\/","title":{"rendered":"Jupo-Jupo Ryujin Deep Throat"},"content":{"rendered":"<p><strong>Seitse imemisre\u017eiimi<\/strong><br \/>\n<em>Jupo-Jupo Ryujin Deep Throat<\/em> pakub elumuutvat <em>deepthroat<\/em> seanssi mitmekesiste ja d\u00fcnaamiliste tehnikatega. Alates argliku keele pehmest kiusast kuni n\u00e4ljase suu intensiivse imemiseni; sa v\u00e4\u00e4rid naudingute teekonnale minekut. Ryujin laskub taevast Ibaraki kohal, et jagada oma kingitusi kiimas surelike meestega.<\/p>\n<p><strong>Seitse vibratsioonire\u017eiimi<\/strong><br \/>\n\u00d6eldakse, et Ryujin v\u00f5ib panna draakonid merest t\u00f5usma oma suva j\u00e4rgi. Kas olete valmis viima selle j\u00e4rgmisele tasemele? Meie intuitiivse juhtimiss\u00fcsteemiga on see lihtne. Kasutage \u00e4ra Ryujini seitset vibratsioonire\u017eiimi, mis panevad teid nagu Fuji m\u00e4gi purskama.<\/p>\n<p><strong>M\u00f5nur\u00f5ngaga v\u00f5i ilma<\/strong><br \/>\nT\u00e4iustage oma kogemust Ryujini pehme kurgu tulisesse koopasse. V\u00f5ite proovida Jupo-Jupo Ryujin Deep Throatit koos lisaavaga v\u00f5i ilma. Tema sametine kurk on kohandatav teie liikme vajadustele. See toode sobib suurep\u00e4raselt veep\u00f5hise libestiga. Tee ta m\u00e4rjaks ja naudi n\u00e4ljase kurgu lohakaid helisid.<\/p>\n","protected":false},"excerpt":{"rendered":"<p>Ryujin on valmis teie draakoni taltsutama. Tema uuenduslike imemisre\u017eiimide, k\u00f5rgendatud vibratsiooniv\u00f5imsuse ja valikulise kurgu r\u00f5nga abil saate peagi teada, kuidas tema v\u00f5rgused v\u00f5luvad isegi k\u00f5ige tugevamaid metsloomi. Kas arvate, et teil on piisavalt vastupidavust ja jaksu, et talle muljet avaldada? Tellige juba t\u00e4na, et v\u00e4ljakutsele vastata. Ainus, mida sa kaotad, on sinu sperma.<\/p>\n<p>Draakonijumal Ryujin on tagasi ja valmis oma j\u00f5ud kokku v\u00f5tma, et anda teile elu parim l\u00f6\u00f6k. Jupo-Jupo Ryujin Deep Throat on uusim meie draakonjumalatest inspireeritud m\u00e4nguasjade sarjas. Olge valmis soojaks ja s\u00fcgavaks seikluseks, mis paneb teid tuld hingama. See pole tavaline m\u00e4nguasi, see on plahvatuslik kaaslane, mis pakub erinevaid v\u00f5imalusi Ryujini k\u00f5ri kohandamiseks.<\/p>\n","protected":false},"featured_media":93270,"template":"","meta":[],"product_brand":[4142],"product_cat":[3525,4005,1477],"product_tag":[3825,3841,3824,3842,3840,1526],"class_list":{"0":"post-93246","1":"product","2":"type-product","3":"status-publish","4":"has-post-thumbnail","6":"product_brand-motsutoys-et","7":"product_cat-hentai","8":"product_cat-masturbaatorid-et","9":"product_cat-meestele","10":"product_tag-anime-et","11":"product_tag-automaatne","12":"product_tag-hentai-et","13":"product_tag-imemis","14":"product_tag-imev","15":"product_tag-masturbaator","16":"pa_brand-motsutoys-et","18":"first","19":"instock","20":"taxable","21":"shipping-taxable","22":"purchasable","23":"product-type-simple"},"yoast_head":"<!-- This site is optimized with the Yoast SEO plugin v27.3 - https:\/\/yoast.com\/product\/yoast-seo-wordpress\/ -->\n<title>Jupo-Jupo Ryujin Deep Throat | Lust and Love<\/title>\n<meta name=\"description\" content=\"Ryujin Hentai Masturbator taltsutab teie draakonit oma imemis- ja vibratsioonire\u017eiimidega. Peagi saate teada, kuidas tema v\u00f5rgutavad v\u00f5lud teid lummavad\" \/>\n<meta name=\"robots\" content=\"index,follow,max-snippet:-1,max-image-preview:large,max-video-preview:-1\" \/>\n<link rel=\"canonical\" href=\"https:\/\/lustandlove.eu\/et\/toode\/rika-likes-anal-copy-2\/\" \/>\n<meta name=\"twitter:card\" content=\"summary_large_image\" \/>\n<meta name=\"twitter:title\" content=\"Jupo-Jupo Ryujin Deep Throat | Lust and Love\" \/>\n<meta name=\"twitter:description\" content=\"Ryujin Hentai Masturbator taltsutab teie draakonit oma imemis- ja vibratsioonire\u017eiimidega. Peagi saate teada, kuidas tema v\u00f5rgutavad v\u00f5lud teid lummavad\" \/>\n<meta name=\"twitter:image\" content=\"https:\/\/lustandlove.eu\/wp-content\/uploads\/1_jupo-jupo_ryujin_deep_throat.jpg\" \/>\n<meta name=\"twitter:label1\" content=\"Est. reading time\" \/>\n\t<meta name=\"twitter:data1\" content=\"1 minut\" \/>\n<script type=\"application\/ld+json\" class=\"yoast-schema-graph\">{\"@context\":\"https:\\\/\\\/schema.org\",\"@graph\":[{\"@type\":[\"WebPage\",\"ItemPage\"],\"@id\":\"https:\\\/\\\/lustandlove.eu\\\/et\\\/toode\\\/rika-likes-anal-copy-2\\\/\",\"url\":\"https:\\\/\\\/lustandlove.eu\\\/et\\\/toode\\\/rika-likes-anal-copy-2\\\/\",\"name\":\"Jupo-Jupo Ryujin Deep Throat | Lust and Love\",\"isPartOf\":{\"@id\":\"https:\\\/\\\/lustandlove.eu\\\/et\\\/#website\"},\"primaryImageOfPage\":{\"@id\":\"https:\\\/\\\/lustandlove.eu\\\/et\\\/toode\\\/rika-likes-anal-copy-2\\\/#primaryimage\"},\"image\":{\"@id\":\"https:\\\/\\\/lustandlove.eu\\\/et\\\/toode\\\/rika-likes-anal-copy-2\\\/#primaryimage\"},\"thumbnailUrl\":\"https:\\\/\\\/lustandlove.eu\\\/wp-content\\\/uploads\\\/1_jupo-jupo_ryujin_deep_throat.jpg\",\"datePublished\":\"2025-03-25T10:27:38+00:00\",\"dateModified\":\"2026-04-13T07:26:37+00:00\",\"description\":\"Ryujin Hentai Masturbator taltsutab teie draakonit oma imemis- ja vibratsioonire\u017eiimidega. Peagi saate teada, kuidas tema v\u00f5rgutavad v\u00f5lud teid lummavad\",\"breadcrumb\":{\"@id\":\"https:\\\/\\\/lustandlove.eu\\\/et\\\/toode\\\/rika-likes-anal-copy-2\\\/#breadcrumb\"},\"inLanguage\":\"et\",\"potentialAction\":[{\"@type\":\"ReadAction\",\"target\":[\"https:\\\/\\\/lustandlove.eu\\\/et\\\/toode\\\/rika-likes-anal-copy-2\\\/\"]}]},{\"@type\":\"ImageObject\",\"inLanguage\":\"et\",\"@id\":\"https:\\\/\\\/lustandlove.eu\\\/et\\\/toode\\\/rika-likes-anal-copy-2\\\/#primaryimage\",\"url\":\"https:\\\/\\\/lustandlove.eu\\\/wp-content\\\/uploads\\\/1_jupo-jupo_ryujin_deep_throat.jpg\",\"contentUrl\":\"https:\\\/\\\/lustandlove.eu\\\/wp-content\\\/uploads\\\/1_jupo-jupo_ryujin_deep_throat.jpg\",\"width\":1400,\"height\":1400},{\"@type\":\"BreadcrumbList\",\"@id\":\"https:\\\/\\\/lustandlove.eu\\\/et\\\/toode\\\/rika-likes-anal-copy-2\\\/#breadcrumb\",\"itemListElement\":[{\"@type\":\"ListItem\",\"position\":1,\"name\":\"Lust and Love\",\"item\":\"https:\\\/\\\/lustandlove.eu\\\/et\\\/\"},{\"@type\":\"ListItem\",\"position\":2,\"name\":\"Pood\",\"item\":\"https:\\\/\\\/lustandlove.eu\\\/et\\\/pood\\\/\"},{\"@type\":\"ListItem\",\"position\":3,\"name\":\"Meestele\",\"item\":\"https:\\\/\\\/lustandlove.eu\\\/et\\\/pood\\\/meestele\\\/\"},{\"@type\":\"ListItem\",\"position\":4,\"name\":\"Jupo-Jupo Ryujin Deep Throat\"}]},{\"@type\":\"WebSite\",\"@id\":\"https:\\\/\\\/lustandlove.eu\\\/et\\\/#website\",\"url\":\"https:\\\/\\\/lustandlove.eu\\\/et\\\/\",\"name\":\"Lust &amp; Love\",\"description\":\"Online erootikapood tervise, ilu ja armastuse jaoks\",\"publisher\":{\"@id\":\"https:\\\/\\\/lustandlove.eu\\\/et\\\/#organization\"},\"potentialAction\":[{\"@type\":\"SearchAction\",\"target\":{\"@type\":\"EntryPoint\",\"urlTemplate\":\"https:\\\/\\\/lustandlove.eu\\\/et\\\/?s={search_term_string}\"},\"query-input\":{\"@type\":\"PropertyValueSpecification\",\"valueRequired\":true,\"valueName\":\"search_term_string\"}}],\"inLanguage\":\"et\"},{\"@type\":\"Organization\",\"@id\":\"https:\\\/\\\/lustandlove.eu\\\/et\\\/#organization\",\"name\":\"Bioconcept Baltics O\u00dc\",\"url\":\"https:\\\/\\\/lustandlove.eu\\\/et\\\/\",\"logo\":{\"@type\":\"ImageObject\",\"inLanguage\":\"et\",\"@id\":\"https:\\\/\\\/lustandlove.eu\\\/et\\\/#\\\/schema\\\/logo\\\/image\\\/\",\"url\":\"\",\"contentUrl\":\"\",\"caption\":\"Bioconcept Baltics O\u00dc\"},\"image\":{\"@id\":\"https:\\\/\\\/lustandlove.eu\\\/et\\\/#\\\/schema\\\/logo\\\/image\\\/\"},\"sameAs\":[\"https:\\\/\\\/www.facebook.com\\\/LustandLoveEU\\\/\",\"https:\\\/\\\/www.instagram.com\\\/lustandloveeu\\\/\"]}]}<\/script>\n<!-- \/ Yoast SEO plugin. -->","yoast_head_json":{"title":"Jupo-Jupo Ryujin Deep Throat | Lust and Love","description":"Ryujin Hentai Masturbator taltsutab teie draakonit oma imemis- ja vibratsioonire\u017eiimidega. Peagi saate teada, kuidas tema v\u00f5rgutavad v\u00f5lud teid lummavad","robots":{"index,follow,max-snippet":"index,follow,max-snippet:-1,max-image-preview:large,max-video-preview:-1"},"canonical":"https:\/\/lustandlove.eu\/et\/toode\/rika-likes-anal-copy-2\/","twitter_card":"summary_large_image","twitter_title":"Jupo-Jupo Ryujin Deep Throat | Lust and Love","twitter_description":"Ryujin Hentai Masturbator taltsutab teie draakonit oma imemis- ja vibratsioonire\u017eiimidega. Peagi saate teada, kuidas tema v\u00f5rgutavad v\u00f5lud teid lummavad","twitter_image":"https:\/\/lustandlove.eu\/wp-content\/uploads\/1_jupo-jupo_ryujin_deep_throat.jpg","twitter_misc":{"Est. reading time":"1 minut"},"schema":{"@context":"https:\/\/schema.org","@graph":[{"@type":["WebPage","ItemPage"],"@id":"https:\/\/lustandlove.eu\/et\/toode\/rika-likes-anal-copy-2\/","url":"https:\/\/lustandlove.eu\/et\/toode\/rika-likes-anal-copy-2\/","name":"Jupo-Jupo Ryujin Deep Throat | Lust and Love","isPartOf":{"@id":"https:\/\/lustandlove.eu\/et\/#website"},"primaryImageOfPage":{"@id":"https:\/\/lustandlove.eu\/et\/toode\/rika-likes-anal-copy-2\/#primaryimage"},"image":{"@id":"https:\/\/lustandlove.eu\/et\/toode\/rika-likes-anal-copy-2\/#primaryimage"},"thumbnailUrl":"https:\/\/lustandlove.eu\/wp-content\/uploads\/1_jupo-jupo_ryujin_deep_throat.jpg","datePublished":"2025-03-25T10:27:38+00:00","dateModified":"2026-04-13T07:26:37+00:00","description":"Ryujin Hentai Masturbator taltsutab teie draakonit oma imemis- ja vibratsioonire\u017eiimidega. Peagi saate teada, kuidas tema v\u00f5rgutavad v\u00f5lud teid lummavad","breadcrumb":{"@id":"https:\/\/lustandlove.eu\/et\/toode\/rika-likes-anal-copy-2\/#breadcrumb"},"inLanguage":"et","potentialAction":[{"@type":"ReadAction","target":["https:\/\/lustandlove.eu\/et\/toode\/rika-likes-anal-copy-2\/"]}]},{"@type":"ImageObject","inLanguage":"et","@id":"https:\/\/lustandlove.eu\/et\/toode\/rika-likes-anal-copy-2\/#primaryimage","url":"https:\/\/lustandlove.eu\/wp-content\/uploads\/1_jupo-jupo_ryujin_deep_throat.jpg","contentUrl":"https:\/\/lustandlove.eu\/wp-content\/uploads\/1_jupo-jupo_ryujin_deep_throat.jpg","width":1400,"height":1400},{"@type":"BreadcrumbList","@id":"https:\/\/lustandlove.eu\/et\/toode\/rika-likes-anal-copy-2\/#breadcrumb","itemListElement":[{"@type":"ListItem","position":1,"name":"Lust and Love","item":"https:\/\/lustandlove.eu\/et\/"},{"@type":"ListItem","position":2,"name":"Pood","item":"https:\/\/lustandlove.eu\/et\/pood\/"},{"@type":"ListItem","position":3,"name":"Meestele","item":"https:\/\/lustandlove.eu\/et\/pood\/meestele\/"},{"@type":"ListItem","position":4,"name":"Jupo-Jupo Ryujin Deep Throat"}]},{"@type":"WebSite","@id":"https:\/\/lustandlove.eu\/et\/#website","url":"https:\/\/lustandlove.eu\/et\/","name":"Lust &amp; Love","description":"Online erootikapood tervise, ilu ja armastuse jaoks","publisher":{"@id":"https:\/\/lustandlove.eu\/et\/#organization"},"potentialAction":[{"@type":"SearchAction","target":{"@type":"EntryPoint","urlTemplate":"https:\/\/lustandlove.eu\/et\/?s={search_term_string}"},"query-input":{"@type":"PropertyValueSpecification","valueRequired":true,"valueName":"search_term_string"}}],"inLanguage":"et"},{"@type":"Organization","@id":"https:\/\/lustandlove.eu\/et\/#organization","name":"Bioconcept Baltics O\u00dc","url":"https:\/\/lustandlove.eu\/et\/","logo":{"@type":"ImageObject","inLanguage":"et","@id":"https:\/\/lustandlove.eu\/et\/#\/schema\/logo\/image\/","url":"","contentUrl":"","caption":"Bioconcept Baltics O\u00dc"},"image":{"@id":"https:\/\/lustandlove.eu\/et\/#\/schema\/logo\/image\/"},"sameAs":["https:\/\/www.facebook.com\/LustandLoveEU\/","https:\/\/www.instagram.com\/lustandloveeu\/"]}]}},"_links":{"self":[{"href":"https:\/\/lustandlove.eu\/et\/wp-json\/wp\/v2\/product\/93246","targetHints":{"allow":["GET"]}}],"collection":[{"href":"https:\/\/lustandlove.eu\/et\/wp-json\/wp\/v2\/product"}],"about":[{"href":"https:\/\/lustandlove.eu\/et\/wp-json\/wp\/v2\/types\/product"}],"wp:featuredmedia":[{"embeddable":true,"href":"https:\/\/lustandlove.eu\/et\/wp-json\/wp\/v2\/media\/93270"}],"wp:attachment":[{"href":"https:\/\/lustandlove.eu\/et\/wp-json\/wp\/v2\/media?parent=93246"}],"wp:term":[{"taxonomy":"product_brand","embeddable":true,"href":"https:\/\/lustandlove.eu\/et\/wp-json\/wp\/v2\/product_brand?post=93246"},{"taxonomy":"product_cat","embeddable":true,"href":"https:\/\/lustandlove.eu\/et\/wp-json\/wp\/v2\/product_cat?post=93246"},{"taxonomy":"product_tag","embeddable":true,"href":"https:\/\/lustandlove.eu\/et\/wp-json\/wp\/v2\/product_tag?post=93246"}],"curies":[{"name":"wp","href":"https:\/\/api.w.org\/{rel}","templated":true}]}}