{"id":93423,"date":"2025-05-05T12:48:44","date_gmt":"2025-05-05T09:48:44","guid":{"rendered":"https:\/\/www.lustandlove.eu\/?post_type=product&#038;p=93423"},"modified":"2026-04-13T10:26:36","modified_gmt":"2026-04-13T07:26:36","slug":"penny-g-punkti-vibraator-copy-2","status":"publish","type":"product","link":"https:\/\/lustandlove.eu\/et\/toode\/penny-g-punkti-vibraator-copy-2\/","title":{"rendered":"Lithea G-punkti Vibraator"},"content":{"rendered":"<p>Sellel on sirge ja sile keha ning v\u00e4ga k\u00f5ver ots, mis stimuleerib t\u00e4pselt sealt, kust vaja. Kuna see on t\u00e4iesti j\u00e4ik, on seda v\u00e4ga lihtne manipuleerida, stimuleerimine veelgi t\u00e4psemalt fokusseerida ja penetratsiooni paremini kontrollida.<\/p>\n<p>See v\u00f5imaldab nautida t\u00e4pset, pehmet ja v\u00f5imsat tunnet t\u00e4nu vibratsioonimustritele, mida on kokku 7 t\u00fckki. See on valmistatud ABS-ist ja kehas\u00f5bralikust PU-st ning sellel on \u00fcks juhtnupp. See on laetav USB-kaabli abil (pakendis kaasas), veekindel ja kergesti puhastatav.<\/p>\n<p>See on t\u00f5esti v\u00e4ga lihtne, praktiline ja ideaalne vibraator inimestele, kes soovivad alustada vaginaalse penetratsiooni ja t\u00e4pse G-punkti stimuleerimisega. Veep\u00f5hise libesti kasutamine muudab selle kasutamise palju lihtsamaks.<\/p>\n<p>Miks valida S Pleasuresi Lithea laetav vibraator:<\/p>\n<p>G-punkti stimuleeriv vibraator<br \/>\nIdeaalne algajatele<br \/>\nAitab kaasa vaagnap\u00f5hja taastumisele<br \/>\nV\u00e4hendab valu vahekorra ajal<br \/>\nAitab parandada loomulikku &#8220;niisutamist&#8221;<br \/>\nAitab parandada vereringet perianaalses piirkonnas<br \/>\nValmistatud ABS-ist ja PU-st<br \/>\n\u00dcks juhtnupp<br \/>\nLaetav USB kaudu (kaabel on kaasas)<br \/>\nVeekindel<br \/>\nLihtne puhastada<br \/>\n7 vibratsioonimustrit<br \/>\nLihtne ja intuitiivne kasutamine<\/p>\n<p>M\u00f5\u00f5tmed: kogupikkus 18 cm, \u00d8 2,5 cm<\/p>\n","protected":false},"excerpt":{"rendered":"<p>S Pleasuresi laetav Lithea vibraator on v\u00e4ga \u00f5rn vibraator, mis on spetsiaalselt loodud otseseks G-punkti massaa\u017eiks ja sobib ideaalselt ka neile kasutajatele, kellel on raskusi penetratsiooniga ja kes soovivad alustada millegi lihtsama ja \u00f5rnemaga.<\/p>\n<p>See on kasulik neile, kellel on raskusi tupe sissep\u00e4\u00e4su lihaste l\u00f5dvestamisega. Lithea aitab oluliselt kaasa vaagnap\u00f5hja taastamisele, valu v\u00e4hendamisele vahekorra ajal ja loomuliku niisutamise parandamisele. See aitab ka perineumi t\u00f6\u00f6d, suurendab lihastoonust ja soodustab verevoolu perineumi piirkonda.<\/p>\n","protected":false},"featured_media":93433,"template":"","meta":[],"product_brand":[4236],"product_cat":[3980,1484,1488],"product_tag":[],"class_list":{"0":"post-93423","1":"product","2":"type-product","3":"status-publish","4":"has-post-thumbnail","6":"product_brand-s-pleasures-et","7":"product_cat-klassikalised","8":"product_cat-sekslelud","9":"product_cat-vibraatorid","10":"pa_brand-s-pleasures-et","12":"first","13":"instock","14":"taxable","15":"shipping-taxable","16":"purchasable","17":"product-type-variable"},"yoast_head":"<!-- This site is optimized with the Yoast SEO plugin v27.4 - https:\/\/yoast.com\/product\/yoast-seo-wordpress\/ -->\n<title>Lithea G-punkti Vibraator | Lust &amp; Love Adult Toy Store<\/title>\n<meta name=\"description\" content=\"Lithea on v\u00e4ga \u00f5rn vibraator, mis on spetsiaalselt loodud otseseks G-punkti massaa\u017eiks ja sobib ideaalselt ka neile, kellel on raskusi penetratsiooniga.\" \/>\n<meta name=\"robots\" content=\"index,follow,max-snippet:-1,max-image-preview:large,max-video-preview:-1\" \/>\n<link rel=\"canonical\" href=\"https:\/\/lustandlove.eu\/et\/toode\/penny-g-punkti-vibraator-copy-2\/\" \/>\n<script type=\"application\/ld+json\" class=\"yoast-schema-graph\">{\"@context\":\"https:\\\/\\\/schema.org\",\"@graph\":[{\"@type\":[\"WebPage\",\"ItemPage\"],\"@id\":\"https:\\\/\\\/lustandlove.eu\\\/et\\\/toode\\\/penny-g-punkti-vibraator-copy-2\\\/\",\"url\":\"https:\\\/\\\/lustandlove.eu\\\/et\\\/toode\\\/penny-g-punkti-vibraator-copy-2\\\/\",\"name\":\"Lithea G-punkti Vibraator | Lust & Love Adult Toy Store\",\"isPartOf\":{\"@id\":\"https:\\\/\\\/lustandlove.eu\\\/et\\\/#website\"},\"primaryImageOfPage\":{\"@id\":\"https:\\\/\\\/lustandlove.eu\\\/et\\\/toode\\\/penny-g-punkti-vibraator-copy-2\\\/#primaryimage\"},\"image\":{\"@id\":\"https:\\\/\\\/lustandlove.eu\\\/et\\\/toode\\\/penny-g-punkti-vibraator-copy-2\\\/#primaryimage\"},\"thumbnailUrl\":\"https:\\\/\\\/lustandlove.eu\\\/wp-content\\\/uploads\\\/lithea_trio.jpg\",\"datePublished\":\"2025-05-05T09:48:44+00:00\",\"dateModified\":\"2026-04-13T07:26:36+00:00\",\"description\":\"Lithea on v\u00e4ga \u00f5rn vibraator, mis on spetsiaalselt loodud otseseks G-punkti massaa\u017eiks ja sobib ideaalselt ka neile, kellel on raskusi penetratsiooniga.\",\"breadcrumb\":{\"@id\":\"https:\\\/\\\/lustandlove.eu\\\/et\\\/toode\\\/penny-g-punkti-vibraator-copy-2\\\/#breadcrumb\"},\"inLanguage\":\"et\",\"potentialAction\":[{\"@type\":\"ReadAction\",\"target\":[\"https:\\\/\\\/lustandlove.eu\\\/et\\\/toode\\\/penny-g-punkti-vibraator-copy-2\\\/\"]}]},{\"@type\":\"ImageObject\",\"inLanguage\":\"et\",\"@id\":\"https:\\\/\\\/lustandlove.eu\\\/et\\\/toode\\\/penny-g-punkti-vibraator-copy-2\\\/#primaryimage\",\"url\":\"https:\\\/\\\/lustandlove.eu\\\/wp-content\\\/uploads\\\/lithea_trio.jpg\",\"contentUrl\":\"https:\\\/\\\/lustandlove.eu\\\/wp-content\\\/uploads\\\/lithea_trio.jpg\",\"width\":800,\"height\":800},{\"@type\":\"BreadcrumbList\",\"@id\":\"https:\\\/\\\/lustandlove.eu\\\/et\\\/toode\\\/penny-g-punkti-vibraator-copy-2\\\/#breadcrumb\",\"itemListElement\":[{\"@type\":\"ListItem\",\"position\":1,\"name\":\"Lust and Love\",\"item\":\"https:\\\/\\\/lustandlove.eu\\\/et\\\/\"},{\"@type\":\"ListItem\",\"position\":2,\"name\":\"Pood\",\"item\":\"https:\\\/\\\/lustandlove.eu\\\/et\\\/pood\\\/\"},{\"@type\":\"ListItem\",\"position\":3,\"name\":\"Sekslelud\",\"item\":\"https:\\\/\\\/lustandlove.eu\\\/et\\\/pood\\\/sekslelud\\\/\"},{\"@type\":\"ListItem\",\"position\":4,\"name\":\"Lithea G-punkti Vibraator\"}]},{\"@type\":\"WebSite\",\"@id\":\"https:\\\/\\\/lustandlove.eu\\\/et\\\/#website\",\"url\":\"https:\\\/\\\/lustandlove.eu\\\/et\\\/\",\"name\":\"Lust & Love\",\"description\":\"Online erootikapood tervise, ilu ja armastuse jaoks\",\"publisher\":{\"@id\":\"https:\\\/\\\/lustandlove.eu\\\/et\\\/#organization\"},\"potentialAction\":[{\"@type\":\"SearchAction\",\"target\":{\"@type\":\"EntryPoint\",\"urlTemplate\":\"https:\\\/\\\/lustandlove.eu\\\/et\\\/?s={search_term_string}\"},\"query-input\":{\"@type\":\"PropertyValueSpecification\",\"valueRequired\":true,\"valueName\":\"search_term_string\"}}],\"inLanguage\":\"et\"},{\"@type\":\"Organization\",\"@id\":\"https:\\\/\\\/lustandlove.eu\\\/et\\\/#organization\",\"name\":\"Bioconcept Baltics O\u00dc\",\"url\":\"https:\\\/\\\/lustandlove.eu\\\/et\\\/\",\"logo\":{\"@type\":\"ImageObject\",\"inLanguage\":\"et\",\"@id\":\"https:\\\/\\\/lustandlove.eu\\\/et\\\/#\\\/schema\\\/logo\\\/image\\\/\",\"url\":\"https:\\\/\\\/lustandlove.eu\\\/wp-content\\\/uploads\\\/logo-full-2.png\",\"contentUrl\":\"https:\\\/\\\/lustandlove.eu\\\/wp-content\\\/uploads\\\/logo-full-2.png\",\"width\":837,\"height\":200,\"caption\":\"Bioconcept Baltics O\u00dc\"},\"image\":{\"@id\":\"https:\\\/\\\/lustandlove.eu\\\/et\\\/#\\\/schema\\\/logo\\\/image\\\/\"},\"sameAs\":[\"https:\\\/\\\/www.facebook.com\\\/LustandLoveEU\\\/\",\"https:\\\/\\\/www.instagram.com\\\/lustandloveeu\\\/\"]}]}<\/script>\n<!-- \/ Yoast SEO plugin. -->","yoast_head_json":{"title":"Lithea G-punkti Vibraator | Lust & Love Adult Toy Store","description":"Lithea on v\u00e4ga \u00f5rn vibraator, mis on spetsiaalselt loodud otseseks G-punkti massaa\u017eiks ja sobib ideaalselt ka neile, kellel on raskusi penetratsiooniga.","robots":{"index,follow,max-snippet":"index,follow,max-snippet:-1,max-image-preview:large,max-video-preview:-1"},"canonical":"https:\/\/lustandlove.eu\/et\/toode\/penny-g-punkti-vibraator-copy-2\/","schema":{"@context":"https:\/\/schema.org","@graph":[{"@type":["WebPage","ItemPage"],"@id":"https:\/\/lustandlove.eu\/et\/toode\/penny-g-punkti-vibraator-copy-2\/","url":"https:\/\/lustandlove.eu\/et\/toode\/penny-g-punkti-vibraator-copy-2\/","name":"Lithea G-punkti Vibraator | Lust & Love Adult Toy Store","isPartOf":{"@id":"https:\/\/lustandlove.eu\/et\/#website"},"primaryImageOfPage":{"@id":"https:\/\/lustandlove.eu\/et\/toode\/penny-g-punkti-vibraator-copy-2\/#primaryimage"},"image":{"@id":"https:\/\/lustandlove.eu\/et\/toode\/penny-g-punkti-vibraator-copy-2\/#primaryimage"},"thumbnailUrl":"https:\/\/lustandlove.eu\/wp-content\/uploads\/lithea_trio.jpg","datePublished":"2025-05-05T09:48:44+00:00","dateModified":"2026-04-13T07:26:36+00:00","description":"Lithea on v\u00e4ga \u00f5rn vibraator, mis on spetsiaalselt loodud otseseks G-punkti massaa\u017eiks ja sobib ideaalselt ka neile, kellel on raskusi penetratsiooniga.","breadcrumb":{"@id":"https:\/\/lustandlove.eu\/et\/toode\/penny-g-punkti-vibraator-copy-2\/#breadcrumb"},"inLanguage":"et","potentialAction":[{"@type":"ReadAction","target":["https:\/\/lustandlove.eu\/et\/toode\/penny-g-punkti-vibraator-copy-2\/"]}]},{"@type":"ImageObject","inLanguage":"et","@id":"https:\/\/lustandlove.eu\/et\/toode\/penny-g-punkti-vibraator-copy-2\/#primaryimage","url":"https:\/\/lustandlove.eu\/wp-content\/uploads\/lithea_trio.jpg","contentUrl":"https:\/\/lustandlove.eu\/wp-content\/uploads\/lithea_trio.jpg","width":800,"height":800},{"@type":"BreadcrumbList","@id":"https:\/\/lustandlove.eu\/et\/toode\/penny-g-punkti-vibraator-copy-2\/#breadcrumb","itemListElement":[{"@type":"ListItem","position":1,"name":"Lust and Love","item":"https:\/\/lustandlove.eu\/et\/"},{"@type":"ListItem","position":2,"name":"Pood","item":"https:\/\/lustandlove.eu\/et\/pood\/"},{"@type":"ListItem","position":3,"name":"Sekslelud","item":"https:\/\/lustandlove.eu\/et\/pood\/sekslelud\/"},{"@type":"ListItem","position":4,"name":"Lithea G-punkti Vibraator"}]},{"@type":"WebSite","@id":"https:\/\/lustandlove.eu\/et\/#website","url":"https:\/\/lustandlove.eu\/et\/","name":"Lust & Love","description":"Online erootikapood tervise, ilu ja armastuse jaoks","publisher":{"@id":"https:\/\/lustandlove.eu\/et\/#organization"},"potentialAction":[{"@type":"SearchAction","target":{"@type":"EntryPoint","urlTemplate":"https:\/\/lustandlove.eu\/et\/?s={search_term_string}"},"query-input":{"@type":"PropertyValueSpecification","valueRequired":true,"valueName":"search_term_string"}}],"inLanguage":"et"},{"@type":"Organization","@id":"https:\/\/lustandlove.eu\/et\/#organization","name":"Bioconcept Baltics O\u00dc","url":"https:\/\/lustandlove.eu\/et\/","logo":{"@type":"ImageObject","inLanguage":"et","@id":"https:\/\/lustandlove.eu\/et\/#\/schema\/logo\/image\/","url":"https:\/\/lustandlove.eu\/wp-content\/uploads\/logo-full-2.png","contentUrl":"https:\/\/lustandlove.eu\/wp-content\/uploads\/logo-full-2.png","width":837,"height":200,"caption":"Bioconcept Baltics O\u00dc"},"image":{"@id":"https:\/\/lustandlove.eu\/et\/#\/schema\/logo\/image\/"},"sameAs":["https:\/\/www.facebook.com\/LustandLoveEU\/","https:\/\/www.instagram.com\/lustandloveeu\/"]}]}},"_links":{"self":[{"href":"https:\/\/lustandlove.eu\/et\/wp-json\/wp\/v2\/product\/93423","targetHints":{"allow":["GET"]}}],"collection":[{"href":"https:\/\/lustandlove.eu\/et\/wp-json\/wp\/v2\/product"}],"about":[{"href":"https:\/\/lustandlove.eu\/et\/wp-json\/wp\/v2\/types\/product"}],"wp:featuredmedia":[{"embeddable":true,"href":"https:\/\/lustandlove.eu\/et\/wp-json\/wp\/v2\/media\/93433"}],"wp:attachment":[{"href":"https:\/\/lustandlove.eu\/et\/wp-json\/wp\/v2\/media?parent=93423"}],"wp:term":[{"taxonomy":"product_brand","embeddable":true,"href":"https:\/\/lustandlove.eu\/et\/wp-json\/wp\/v2\/product_brand?post=93423"},{"taxonomy":"product_cat","embeddable":true,"href":"https:\/\/lustandlove.eu\/et\/wp-json\/wp\/v2\/product_cat?post=93423"},{"taxonomy":"product_tag","embeddable":true,"href":"https:\/\/lustandlove.eu\/et\/wp-json\/wp\/v2\/product_tag?post=93423"}],"curies":[{"name":"wp","href":"https:\/\/api.w.org\/{rel}","templated":true}]}}