{"id":93446,"date":"2025-05-06T14:34:50","date_gmt":"2025-05-06T11:34:50","guid":{"rendered":"https:\/\/www.lustandlove.eu\/?post_type=product&#038;p=93446"},"modified":"2026-04-13T10:26:36","modified_gmt":"2026-04-13T07:26:36","slug":"silikoonist-nibuimejad-vaike-copy","status":"publish","type":"product","link":"https:\/\/lustandlove.eu\/et\/toode\/silikoonist-nibuimejad-vaike-copy\/","title":{"rendered":"Nibble vaakumiga nibuimejad"},"content":{"rendered":"<div class=\"wpb-content-wrapper\"><p>[vc_row][vc_column][vc_column_text css=&#8221;&#8221; woodmart_inline=&#8221;no&#8221; text_larger=&#8221;no&#8221;]Valmistatud t\u00e4ielikult roosast silikoonist, pehme ja painduva puudutusega ning v\u00e4ga kergesti kasutatavad. Lihtsalt asetage imeja nibude vastu ja pigistage tekstuuriga pirni, et tekitada imemisj\u00f5udu. Kui verevool selles piirkonnas suureneb, suureneb ka nibude tundlikkus. Neid on v\u00e4ga lihtne puhastada ja need on t\u00e4ielikult veekindlad. Veep\u00f5hise libesti abil on kogemus nauditavam.<\/p>\n<p>Nibude iminappade pakk:<br \/>\nSuurus S on aluse l\u00e4bim\u00f5\u00f5t 35 mm<br \/>\nSuurus M on aluse l\u00e4bim\u00f5\u00f5t 45 mm[\/vc_column_text][\/vc_column][\/vc_row]<\/p>\n<\/div>","protected":false},"excerpt":{"rendered":"<p>Vaakumiga nibuimejad mis on loodud imemise kasutamisel verd kontsentreeruma, muutes piirkonna veelgi tundlikumaks ja suurendades selle suurust.<\/p>\n","protected":false},"featured_media":93455,"template":"","meta":[],"product_brand":[4236],"product_cat":[1470,4002],"product_tag":[3095],"class_list":{"0":"post-93446","1":"product","2":"type-product","3":"status-publish","4":"has-post-thumbnail","6":"product_brand-s-pleasures-et","7":"product_cat-bdsm-et","8":"product_cat-nibuklambrid","9":"product_tag-stc_bdsm-et","10":"pa_brand-s-pleasures-et","12":"first","13":"instock","14":"taxable","15":"shipping-taxable","16":"purchasable","17":"product-type-variable"},"yoast_head":"<!-- This site is optimized with the Yoast SEO plugin v27.3 - https:\/\/yoast.com\/product\/yoast-seo-wordpress\/ -->\n<title>Nibble vaakumiga nibuimejad | Lust and Love<\/title>\n<meta name=\"description\" content=\"Vaakumiga nibuimejad mis on loodud imemise kasutamisel verd kontsentreeruma, muutes piirkonna veelgi tundlikumaks ja suurendades selle suurust.\" \/>\n<meta name=\"robots\" content=\"index,follow,max-snippet:-1,max-image-preview:large,max-video-preview:-1\" \/>\n<link rel=\"canonical\" href=\"https:\/\/lustandlove.eu\/et\/toode\/silikoonist-nibuimejad-vaike-copy\/\" \/>\n<meta name=\"twitter:card\" content=\"summary_large_image\" \/>\n<meta name=\"twitter:title\" content=\"Nibble vaakumiga nibuimejad | Lust and Love\" \/>\n<meta name=\"twitter:description\" content=\"Vaakumiga nibuimejad mis on loodud imemise kasutamisel verd kontsentreeruma, muutes piirkonna veelgi tundlikumaks ja suurendades selle suurust.\" \/>\n<meta name=\"twitter:image\" content=\"https:\/\/lustandlove.eu\/wp-content\/uploads\/nibbel.png\" \/>\n<meta name=\"twitter:label1\" content=\"Est. reading time\" \/>\n\t<meta name=\"twitter:data1\" content=\"1 minut\" \/>\n<script type=\"application\/ld+json\" class=\"yoast-schema-graph\">{\"@context\":\"https:\\\/\\\/schema.org\",\"@graph\":[{\"@type\":[\"WebPage\",\"ItemPage\"],\"@id\":\"https:\\\/\\\/lustandlove.eu\\\/et\\\/toode\\\/silikoonist-nibuimejad-vaike-copy\\\/\",\"url\":\"https:\\\/\\\/lustandlove.eu\\\/et\\\/toode\\\/silikoonist-nibuimejad-vaike-copy\\\/\",\"name\":\"Nibble vaakumiga nibuimejad | Lust and Love\",\"isPartOf\":{\"@id\":\"https:\\\/\\\/lustandlove.eu\\\/et\\\/#website\"},\"primaryImageOfPage\":{\"@id\":\"https:\\\/\\\/lustandlove.eu\\\/et\\\/toode\\\/silikoonist-nibuimejad-vaike-copy\\\/#primaryimage\"},\"image\":{\"@id\":\"https:\\\/\\\/lustandlove.eu\\\/et\\\/toode\\\/silikoonist-nibuimejad-vaike-copy\\\/#primaryimage\"},\"thumbnailUrl\":\"https:\\\/\\\/lustandlove.eu\\\/wp-content\\\/uploads\\\/nibbel.png\",\"datePublished\":\"2025-05-06T11:34:50+00:00\",\"dateModified\":\"2026-04-13T07:26:36+00:00\",\"description\":\"Vaakumiga nibuimejad mis on loodud imemise kasutamisel verd kontsentreeruma, muutes piirkonna veelgi tundlikumaks ja suurendades selle suurust.\",\"breadcrumb\":{\"@id\":\"https:\\\/\\\/lustandlove.eu\\\/et\\\/toode\\\/silikoonist-nibuimejad-vaike-copy\\\/#breadcrumb\"},\"inLanguage\":\"et\",\"potentialAction\":[{\"@type\":\"ReadAction\",\"target\":[\"https:\\\/\\\/lustandlove.eu\\\/et\\\/toode\\\/silikoonist-nibuimejad-vaike-copy\\\/\"]}]},{\"@type\":\"ImageObject\",\"inLanguage\":\"et\",\"@id\":\"https:\\\/\\\/lustandlove.eu\\\/et\\\/toode\\\/silikoonist-nibuimejad-vaike-copy\\\/#primaryimage\",\"url\":\"https:\\\/\\\/lustandlove.eu\\\/wp-content\\\/uploads\\\/nibbel.png\",\"contentUrl\":\"https:\\\/\\\/lustandlove.eu\\\/wp-content\\\/uploads\\\/nibbel.png\",\"width\":420,\"height\":630},{\"@type\":\"BreadcrumbList\",\"@id\":\"https:\\\/\\\/lustandlove.eu\\\/et\\\/toode\\\/silikoonist-nibuimejad-vaike-copy\\\/#breadcrumb\",\"itemListElement\":[{\"@type\":\"ListItem\",\"position\":1,\"name\":\"Lust and Love\",\"item\":\"https:\\\/\\\/lustandlove.eu\\\/et\\\/\"},{\"@type\":\"ListItem\",\"position\":2,\"name\":\"Pood\",\"item\":\"https:\\\/\\\/lustandlove.eu\\\/et\\\/pood\\\/\"},{\"@type\":\"ListItem\",\"position\":3,\"name\":\"BDSM\",\"item\":\"https:\\\/\\\/lustandlove.eu\\\/et\\\/pood\\\/bdsm-et\\\/\"},{\"@type\":\"ListItem\",\"position\":4,\"name\":\"Nibble vaakumiga nibuimejad\"}]},{\"@type\":\"WebSite\",\"@id\":\"https:\\\/\\\/lustandlove.eu\\\/et\\\/#website\",\"url\":\"https:\\\/\\\/lustandlove.eu\\\/et\\\/\",\"name\":\"Lust &amp; Love\",\"description\":\"Online erootikapood tervise, ilu ja armastuse jaoks\",\"publisher\":{\"@id\":\"https:\\\/\\\/lustandlove.eu\\\/et\\\/#organization\"},\"potentialAction\":[{\"@type\":\"SearchAction\",\"target\":{\"@type\":\"EntryPoint\",\"urlTemplate\":\"https:\\\/\\\/lustandlove.eu\\\/et\\\/?s={search_term_string}\"},\"query-input\":{\"@type\":\"PropertyValueSpecification\",\"valueRequired\":true,\"valueName\":\"search_term_string\"}}],\"inLanguage\":\"et\"},{\"@type\":\"Organization\",\"@id\":\"https:\\\/\\\/lustandlove.eu\\\/et\\\/#organization\",\"name\":\"Bioconcept Baltics O\u00dc\",\"url\":\"https:\\\/\\\/lustandlove.eu\\\/et\\\/\",\"logo\":{\"@type\":\"ImageObject\",\"inLanguage\":\"et\",\"@id\":\"https:\\\/\\\/lustandlove.eu\\\/et\\\/#\\\/schema\\\/logo\\\/image\\\/\",\"url\":\"\",\"contentUrl\":\"\",\"caption\":\"Bioconcept Baltics O\u00dc\"},\"image\":{\"@id\":\"https:\\\/\\\/lustandlove.eu\\\/et\\\/#\\\/schema\\\/logo\\\/image\\\/\"},\"sameAs\":[\"https:\\\/\\\/www.facebook.com\\\/LustandLoveEU\\\/\",\"https:\\\/\\\/www.instagram.com\\\/lustandloveeu\\\/\"]}]}<\/script>\n<!-- \/ Yoast SEO plugin. -->","yoast_head_json":{"title":"Nibble vaakumiga nibuimejad | Lust and Love","description":"Vaakumiga nibuimejad mis on loodud imemise kasutamisel verd kontsentreeruma, muutes piirkonna veelgi tundlikumaks ja suurendades selle suurust.","robots":{"index,follow,max-snippet":"index,follow,max-snippet:-1,max-image-preview:large,max-video-preview:-1"},"canonical":"https:\/\/lustandlove.eu\/et\/toode\/silikoonist-nibuimejad-vaike-copy\/","twitter_card":"summary_large_image","twitter_title":"Nibble vaakumiga nibuimejad | Lust and Love","twitter_description":"Vaakumiga nibuimejad mis on loodud imemise kasutamisel verd kontsentreeruma, muutes piirkonna veelgi tundlikumaks ja suurendades selle suurust.","twitter_image":"https:\/\/lustandlove.eu\/wp-content\/uploads\/nibbel.png","twitter_misc":{"Est. reading time":"1 minut"},"schema":{"@context":"https:\/\/schema.org","@graph":[{"@type":["WebPage","ItemPage"],"@id":"https:\/\/lustandlove.eu\/et\/toode\/silikoonist-nibuimejad-vaike-copy\/","url":"https:\/\/lustandlove.eu\/et\/toode\/silikoonist-nibuimejad-vaike-copy\/","name":"Nibble vaakumiga nibuimejad | Lust and Love","isPartOf":{"@id":"https:\/\/lustandlove.eu\/et\/#website"},"primaryImageOfPage":{"@id":"https:\/\/lustandlove.eu\/et\/toode\/silikoonist-nibuimejad-vaike-copy\/#primaryimage"},"image":{"@id":"https:\/\/lustandlove.eu\/et\/toode\/silikoonist-nibuimejad-vaike-copy\/#primaryimage"},"thumbnailUrl":"https:\/\/lustandlove.eu\/wp-content\/uploads\/nibbel.png","datePublished":"2025-05-06T11:34:50+00:00","dateModified":"2026-04-13T07:26:36+00:00","description":"Vaakumiga nibuimejad mis on loodud imemise kasutamisel verd kontsentreeruma, muutes piirkonna veelgi tundlikumaks ja suurendades selle suurust.","breadcrumb":{"@id":"https:\/\/lustandlove.eu\/et\/toode\/silikoonist-nibuimejad-vaike-copy\/#breadcrumb"},"inLanguage":"et","potentialAction":[{"@type":"ReadAction","target":["https:\/\/lustandlove.eu\/et\/toode\/silikoonist-nibuimejad-vaike-copy\/"]}]},{"@type":"ImageObject","inLanguage":"et","@id":"https:\/\/lustandlove.eu\/et\/toode\/silikoonist-nibuimejad-vaike-copy\/#primaryimage","url":"https:\/\/lustandlove.eu\/wp-content\/uploads\/nibbel.png","contentUrl":"https:\/\/lustandlove.eu\/wp-content\/uploads\/nibbel.png","width":420,"height":630},{"@type":"BreadcrumbList","@id":"https:\/\/lustandlove.eu\/et\/toode\/silikoonist-nibuimejad-vaike-copy\/#breadcrumb","itemListElement":[{"@type":"ListItem","position":1,"name":"Lust and Love","item":"https:\/\/lustandlove.eu\/et\/"},{"@type":"ListItem","position":2,"name":"Pood","item":"https:\/\/lustandlove.eu\/et\/pood\/"},{"@type":"ListItem","position":3,"name":"BDSM","item":"https:\/\/lustandlove.eu\/et\/pood\/bdsm-et\/"},{"@type":"ListItem","position":4,"name":"Nibble vaakumiga nibuimejad"}]},{"@type":"WebSite","@id":"https:\/\/lustandlove.eu\/et\/#website","url":"https:\/\/lustandlove.eu\/et\/","name":"Lust &amp; Love","description":"Online erootikapood tervise, ilu ja armastuse jaoks","publisher":{"@id":"https:\/\/lustandlove.eu\/et\/#organization"},"potentialAction":[{"@type":"SearchAction","target":{"@type":"EntryPoint","urlTemplate":"https:\/\/lustandlove.eu\/et\/?s={search_term_string}"},"query-input":{"@type":"PropertyValueSpecification","valueRequired":true,"valueName":"search_term_string"}}],"inLanguage":"et"},{"@type":"Organization","@id":"https:\/\/lustandlove.eu\/et\/#organization","name":"Bioconcept Baltics O\u00dc","url":"https:\/\/lustandlove.eu\/et\/","logo":{"@type":"ImageObject","inLanguage":"et","@id":"https:\/\/lustandlove.eu\/et\/#\/schema\/logo\/image\/","url":"","contentUrl":"","caption":"Bioconcept Baltics O\u00dc"},"image":{"@id":"https:\/\/lustandlove.eu\/et\/#\/schema\/logo\/image\/"},"sameAs":["https:\/\/www.facebook.com\/LustandLoveEU\/","https:\/\/www.instagram.com\/lustandloveeu\/"]}]}},"_links":{"self":[{"href":"https:\/\/lustandlove.eu\/et\/wp-json\/wp\/v2\/product\/93446","targetHints":{"allow":["GET"]}}],"collection":[{"href":"https:\/\/lustandlove.eu\/et\/wp-json\/wp\/v2\/product"}],"about":[{"href":"https:\/\/lustandlove.eu\/et\/wp-json\/wp\/v2\/types\/product"}],"wp:featuredmedia":[{"embeddable":true,"href":"https:\/\/lustandlove.eu\/et\/wp-json\/wp\/v2\/media\/93455"}],"wp:attachment":[{"href":"https:\/\/lustandlove.eu\/et\/wp-json\/wp\/v2\/media?parent=93446"}],"wp:term":[{"taxonomy":"product_brand","embeddable":true,"href":"https:\/\/lustandlove.eu\/et\/wp-json\/wp\/v2\/product_brand?post=93446"},{"taxonomy":"product_cat","embeddable":true,"href":"https:\/\/lustandlove.eu\/et\/wp-json\/wp\/v2\/product_cat?post=93446"},{"taxonomy":"product_tag","embeddable":true,"href":"https:\/\/lustandlove.eu\/et\/wp-json\/wp\/v2\/product_tag?post=93446"}],"curies":[{"name":"wp","href":"https:\/\/api.w.org\/{rel}","templated":true}]}}