{"id":93460,"date":"2025-05-07T09:14:20","date_gmt":"2025-05-07T06:14:21","guid":{"rendered":"https:\/\/www.lustandlove.eu\/?post_type=product&#038;p=93460"},"modified":"2026-04-13T10:26:35","modified_gmt":"2026-04-13T07:26:35","slug":"lithea-g-punkti-vibraator-copy","status":"publish","type":"product","link":"https:\/\/lustandlove.eu\/et\/toode\/lithea-g-punkti-vibraator-copy\/","title":{"rendered":"Sensui imemis-vibraator"},"content":{"rendered":"<p>Valmistatud pehmest silikoonist ja kuldse ABS-detailiga, mis lisab elegantse ja peene ilme. Sellel on kaks juhtnuppu ja 9 imemismustrit. See sobib ideaalselt ka teiste v\u00e4liste erogeensete tsoonide, n\u00e4iteks nibude v\u00f5i perineumi stimuleerimiseks. See on USB kaudu laetav, veekindel ja v\u00e4ga lihtne puhastada. Soovitame kasutada veep\u00f5hist libestit, et muuta kogemus veelgi nauditavamaks ja paremaks.<\/p>\n<p><strong>Peamised omadused:<\/strong><br \/>\nIntensiivse kliitori stimuleerimiseks<br \/>\nKerge, kompaktne ja v\u00e4ga ergonoomiline<br \/>\nDiskreetne ja kaasaskantav<br \/>\nSobib peopessa<br \/>\nValmistatud silikoonist ja ABS-ist<br \/>\nKaks juhtnuppu<br \/>\n9 imemisre\u017eiimi<br \/>\nStimuleerib ka teisi erogeenseid piirkondi (nibud, perineum jne)<br \/>\nLaetav USB-kaabli abil<br \/>\nVeekindel<br \/>\nLihtne puhastada<br \/>\nSoovitatav on kasutada veep\u00f5hist libestit<\/p>\n<p>M\u00f5\u00f5tmed: 100 mm x 55 mm x 45 mm<br \/>\nKaal: 75 g<\/p>\n","protected":false},"excerpt":{"rendered":"<p>Sensui on v\u00e4ike imemism\u00e4nguasi, mis sobib ideaalselt intensiivseks kliitori stimuleerimiseks r\u00f5hulainete abil. See on kerge, kompaktne ja v\u00e4ga ergonoomiline, sobides mugavalt peopessa kindla haarde tagamiseks. Oma v\u00e4iksuse t\u00f5ttu sobib see ideaalselt diskreetseks kandmiseks ja transportimiseks. Imemise asemel tekitab see r\u00f5hulaineid v\u00e4ikeste koputuste kaudu, mis tekitavad nahaga kokkupuutel meeldiva imemistunde.<\/p>\n","protected":false},"featured_media":93475,"template":"","meta":[],"product_brand":[4236],"product_cat":[3982,1484,1488],"product_tag":[3842,3875,3653],"class_list":{"0":"post-93460","1":"product","2":"type-product","3":"status-publish","4":"has-post-thumbnail","6":"product_brand-s-pleasures-et","7":"product_cat-ohksurve-simulaator","8":"product_cat-sekslelud","9":"product_cat-vibraatorid","10":"product_tag-imemis","11":"product_tag-ohulaine","12":"product_tag-satisfyer-et","13":"pa_brand-s-pleasures-et","15":"first","16":"instock","17":"taxable","18":"shipping-taxable","19":"purchasable","20":"product-type-variable"},"yoast_head":"<!-- This site is optimized with the Yoast SEO plugin v27.4 - https:\/\/yoast.com\/product\/yoast-seo-wordpress\/ -->\n<title>Sensui imemis-vibraator | Lust &amp; Love Adult Toy Store<\/title>\n<meta name=\"description\" content=\"Sensui on v\u00e4ike imemism\u00e4nguasi, mis sobib ideaalselt intensiivseks kliitori stimuleerimiseks r\u00f5hulainete abil. See on kerge ja kompaktne\" \/>\n<meta name=\"robots\" content=\"index,follow,max-snippet:-1,max-image-preview:large,max-video-preview:-1\" \/>\n<link rel=\"canonical\" href=\"https:\/\/lustandlove.eu\/et\/toode\/lithea-g-punkti-vibraator-copy\/\" \/>\n<script type=\"application\/ld+json\" class=\"yoast-schema-graph\">{\"@context\":\"https:\\\/\\\/schema.org\",\"@graph\":[{\"@type\":[\"WebPage\",\"ItemPage\"],\"@id\":\"https:\\\/\\\/lustandlove.eu\\\/et\\\/toode\\\/lithea-g-punkti-vibraator-copy\\\/\",\"url\":\"https:\\\/\\\/lustandlove.eu\\\/et\\\/toode\\\/lithea-g-punkti-vibraator-copy\\\/\",\"name\":\"Sensui imemis-vibraator | Lust & Love Adult Toy Store\",\"isPartOf\":{\"@id\":\"https:\\\/\\\/lustandlove.eu\\\/et\\\/#website\"},\"primaryImageOfPage\":{\"@id\":\"https:\\\/\\\/lustandlove.eu\\\/et\\\/toode\\\/lithea-g-punkti-vibraator-copy\\\/#primaryimage\"},\"image\":{\"@id\":\"https:\\\/\\\/lustandlove.eu\\\/et\\\/toode\\\/lithea-g-punkti-vibraator-copy\\\/#primaryimage\"},\"thumbnailUrl\":\"https:\\\/\\\/lustandlove.eu\\\/wp-content\\\/uploads\\\/sensui_duo.jpg\",\"datePublished\":\"2025-05-07T06:14:21+00:00\",\"dateModified\":\"2026-04-13T07:26:35+00:00\",\"description\":\"Sensui on v\u00e4ike imemism\u00e4nguasi, mis sobib ideaalselt intensiivseks kliitori stimuleerimiseks r\u00f5hulainete abil. See on kerge ja kompaktne\",\"breadcrumb\":{\"@id\":\"https:\\\/\\\/lustandlove.eu\\\/et\\\/toode\\\/lithea-g-punkti-vibraator-copy\\\/#breadcrumb\"},\"inLanguage\":\"et\",\"potentialAction\":[{\"@type\":\"ReadAction\",\"target\":[\"https:\\\/\\\/lustandlove.eu\\\/et\\\/toode\\\/lithea-g-punkti-vibraator-copy\\\/\"]}]},{\"@type\":\"ImageObject\",\"inLanguage\":\"et\",\"@id\":\"https:\\\/\\\/lustandlove.eu\\\/et\\\/toode\\\/lithea-g-punkti-vibraator-copy\\\/#primaryimage\",\"url\":\"https:\\\/\\\/lustandlove.eu\\\/wp-content\\\/uploads\\\/sensui_duo.jpg\",\"contentUrl\":\"https:\\\/\\\/lustandlove.eu\\\/wp-content\\\/uploads\\\/sensui_duo.jpg\",\"width\":1500,\"height\":1500},{\"@type\":\"BreadcrumbList\",\"@id\":\"https:\\\/\\\/lustandlove.eu\\\/et\\\/toode\\\/lithea-g-punkti-vibraator-copy\\\/#breadcrumb\",\"itemListElement\":[{\"@type\":\"ListItem\",\"position\":1,\"name\":\"Lust and Love\",\"item\":\"https:\\\/\\\/lustandlove.eu\\\/et\\\/\"},{\"@type\":\"ListItem\",\"position\":2,\"name\":\"Pood\",\"item\":\"https:\\\/\\\/lustandlove.eu\\\/et\\\/pood\\\/\"},{\"@type\":\"ListItem\",\"position\":3,\"name\":\"Sekslelud\",\"item\":\"https:\\\/\\\/lustandlove.eu\\\/et\\\/pood\\\/sekslelud\\\/\"},{\"@type\":\"ListItem\",\"position\":4,\"name\":\"Sensui imemis-vibraator\"}]},{\"@type\":\"WebSite\",\"@id\":\"https:\\\/\\\/lustandlove.eu\\\/et\\\/#website\",\"url\":\"https:\\\/\\\/lustandlove.eu\\\/et\\\/\",\"name\":\"Lust & Love\",\"description\":\"Online erootikapood tervise, ilu ja armastuse jaoks\",\"publisher\":{\"@id\":\"https:\\\/\\\/lustandlove.eu\\\/et\\\/#organization\"},\"potentialAction\":[{\"@type\":\"SearchAction\",\"target\":{\"@type\":\"EntryPoint\",\"urlTemplate\":\"https:\\\/\\\/lustandlove.eu\\\/et\\\/?s={search_term_string}\"},\"query-input\":{\"@type\":\"PropertyValueSpecification\",\"valueRequired\":true,\"valueName\":\"search_term_string\"}}],\"inLanguage\":\"et\"},{\"@type\":\"Organization\",\"@id\":\"https:\\\/\\\/lustandlove.eu\\\/et\\\/#organization\",\"name\":\"Bioconcept Baltics O\u00dc\",\"url\":\"https:\\\/\\\/lustandlove.eu\\\/et\\\/\",\"logo\":{\"@type\":\"ImageObject\",\"inLanguage\":\"et\",\"@id\":\"https:\\\/\\\/lustandlove.eu\\\/et\\\/#\\\/schema\\\/logo\\\/image\\\/\",\"url\":\"https:\\\/\\\/lustandlove.eu\\\/wp-content\\\/uploads\\\/logo-full-2.png\",\"contentUrl\":\"https:\\\/\\\/lustandlove.eu\\\/wp-content\\\/uploads\\\/logo-full-2.png\",\"width\":837,\"height\":200,\"caption\":\"Bioconcept Baltics O\u00dc\"},\"image\":{\"@id\":\"https:\\\/\\\/lustandlove.eu\\\/et\\\/#\\\/schema\\\/logo\\\/image\\\/\"},\"sameAs\":[\"https:\\\/\\\/www.facebook.com\\\/LustandLoveEU\\\/\",\"https:\\\/\\\/www.instagram.com\\\/lustandloveeu\\\/\"]}]}<\/script>\n<!-- \/ Yoast SEO plugin. -->","yoast_head_json":{"title":"Sensui imemis-vibraator | Lust & Love Adult Toy Store","description":"Sensui on v\u00e4ike imemism\u00e4nguasi, mis sobib ideaalselt intensiivseks kliitori stimuleerimiseks r\u00f5hulainete abil. See on kerge ja kompaktne","robots":{"index,follow,max-snippet":"index,follow,max-snippet:-1,max-image-preview:large,max-video-preview:-1"},"canonical":"https:\/\/lustandlove.eu\/et\/toode\/lithea-g-punkti-vibraator-copy\/","schema":{"@context":"https:\/\/schema.org","@graph":[{"@type":["WebPage","ItemPage"],"@id":"https:\/\/lustandlove.eu\/et\/toode\/lithea-g-punkti-vibraator-copy\/","url":"https:\/\/lustandlove.eu\/et\/toode\/lithea-g-punkti-vibraator-copy\/","name":"Sensui imemis-vibraator | Lust & Love Adult Toy Store","isPartOf":{"@id":"https:\/\/lustandlove.eu\/et\/#website"},"primaryImageOfPage":{"@id":"https:\/\/lustandlove.eu\/et\/toode\/lithea-g-punkti-vibraator-copy\/#primaryimage"},"image":{"@id":"https:\/\/lustandlove.eu\/et\/toode\/lithea-g-punkti-vibraator-copy\/#primaryimage"},"thumbnailUrl":"https:\/\/lustandlove.eu\/wp-content\/uploads\/sensui_duo.jpg","datePublished":"2025-05-07T06:14:21+00:00","dateModified":"2026-04-13T07:26:35+00:00","description":"Sensui on v\u00e4ike imemism\u00e4nguasi, mis sobib ideaalselt intensiivseks kliitori stimuleerimiseks r\u00f5hulainete abil. See on kerge ja kompaktne","breadcrumb":{"@id":"https:\/\/lustandlove.eu\/et\/toode\/lithea-g-punkti-vibraator-copy\/#breadcrumb"},"inLanguage":"et","potentialAction":[{"@type":"ReadAction","target":["https:\/\/lustandlove.eu\/et\/toode\/lithea-g-punkti-vibraator-copy\/"]}]},{"@type":"ImageObject","inLanguage":"et","@id":"https:\/\/lustandlove.eu\/et\/toode\/lithea-g-punkti-vibraator-copy\/#primaryimage","url":"https:\/\/lustandlove.eu\/wp-content\/uploads\/sensui_duo.jpg","contentUrl":"https:\/\/lustandlove.eu\/wp-content\/uploads\/sensui_duo.jpg","width":1500,"height":1500},{"@type":"BreadcrumbList","@id":"https:\/\/lustandlove.eu\/et\/toode\/lithea-g-punkti-vibraator-copy\/#breadcrumb","itemListElement":[{"@type":"ListItem","position":1,"name":"Lust and Love","item":"https:\/\/lustandlove.eu\/et\/"},{"@type":"ListItem","position":2,"name":"Pood","item":"https:\/\/lustandlove.eu\/et\/pood\/"},{"@type":"ListItem","position":3,"name":"Sekslelud","item":"https:\/\/lustandlove.eu\/et\/pood\/sekslelud\/"},{"@type":"ListItem","position":4,"name":"Sensui imemis-vibraator"}]},{"@type":"WebSite","@id":"https:\/\/lustandlove.eu\/et\/#website","url":"https:\/\/lustandlove.eu\/et\/","name":"Lust & Love","description":"Online erootikapood tervise, ilu ja armastuse jaoks","publisher":{"@id":"https:\/\/lustandlove.eu\/et\/#organization"},"potentialAction":[{"@type":"SearchAction","target":{"@type":"EntryPoint","urlTemplate":"https:\/\/lustandlove.eu\/et\/?s={search_term_string}"},"query-input":{"@type":"PropertyValueSpecification","valueRequired":true,"valueName":"search_term_string"}}],"inLanguage":"et"},{"@type":"Organization","@id":"https:\/\/lustandlove.eu\/et\/#organization","name":"Bioconcept Baltics O\u00dc","url":"https:\/\/lustandlove.eu\/et\/","logo":{"@type":"ImageObject","inLanguage":"et","@id":"https:\/\/lustandlove.eu\/et\/#\/schema\/logo\/image\/","url":"https:\/\/lustandlove.eu\/wp-content\/uploads\/logo-full-2.png","contentUrl":"https:\/\/lustandlove.eu\/wp-content\/uploads\/logo-full-2.png","width":837,"height":200,"caption":"Bioconcept Baltics O\u00dc"},"image":{"@id":"https:\/\/lustandlove.eu\/et\/#\/schema\/logo\/image\/"},"sameAs":["https:\/\/www.facebook.com\/LustandLoveEU\/","https:\/\/www.instagram.com\/lustandloveeu\/"]}]}},"_links":{"self":[{"href":"https:\/\/lustandlove.eu\/et\/wp-json\/wp\/v2\/product\/93460","targetHints":{"allow":["GET"]}}],"collection":[{"href":"https:\/\/lustandlove.eu\/et\/wp-json\/wp\/v2\/product"}],"about":[{"href":"https:\/\/lustandlove.eu\/et\/wp-json\/wp\/v2\/types\/product"}],"wp:featuredmedia":[{"embeddable":true,"href":"https:\/\/lustandlove.eu\/et\/wp-json\/wp\/v2\/media\/93475"}],"wp:attachment":[{"href":"https:\/\/lustandlove.eu\/et\/wp-json\/wp\/v2\/media?parent=93460"}],"wp:term":[{"taxonomy":"product_brand","embeddable":true,"href":"https:\/\/lustandlove.eu\/et\/wp-json\/wp\/v2\/product_brand?post=93460"},{"taxonomy":"product_cat","embeddable":true,"href":"https:\/\/lustandlove.eu\/et\/wp-json\/wp\/v2\/product_cat?post=93460"},{"taxonomy":"product_tag","embeddable":true,"href":"https:\/\/lustandlove.eu\/et\/wp-json\/wp\/v2\/product_tag?post=93460"}],"curies":[{"name":"wp","href":"https:\/\/api.w.org\/{rel}","templated":true}]}}