{"id":93487,"date":"2025-05-07T10:44:54","date_gmt":"2025-05-07T07:44:55","guid":{"rendered":"https:\/\/www.lustandlove.eu\/?post_type=product&#038;p=93487"},"modified":"2026-04-13T10:26:35","modified_gmt":"2026-04-13T07:26:35","slug":"sensui-imemis-vibraator-copy","status":"publish","type":"product","link":"https:\/\/lustandlove.eu\/et\/toode\/sensui-imemis-vibraator-copy\/","title":{"rendered":"Kahepoolne g-punkti ja \u00f5hulaine vibraator"},"content":{"rendered":"<p>Sisestatud osa on v\u00e4ga pehme, \u00fcmara otsaga ja painduva osaga, et m\u00e4nguasi p\u00fcsiks t\u00e4pselt seal, kus vajad. Silikoonist ja ABS-detailidest valmistatud vaginaalselt sisestataval osal on 10 vibratsioonire\u017eiimi ja imemisfunktsioon pakub 10 mustrit. Sellel on v\u00e4ga intuitiivne kahe nupuga lihtne juhtimine.<\/p>\n<p>See on USB-kaabli abil laetav ja t\u00e4ielikult veekindel. Laadimisaeg on 90 minutit 1 t\u00f6\u00f6tunni kohta. Soovitatav on seda puhastada sooja vee ja pH-neutraalse seebiga v\u00f5i kasutada <a href=\"https:\/\/www.lustandlove.eu\/et\/toode\/lelupuhastaja\/\">lelupuhastajat<\/a>. Kasutada tuleks ainult veep\u00f5hiseid libesteid, kuna silikoonp\u00f5hised libestid v\u00f5ivad tooteid kahjustada.<\/p>\n","protected":false},"excerpt":{"rendered":"<p>Dual Suction on kahekordse stimulatsiooniga m\u00e4nguasi, mis stimuleerib samaaegselt G-punkti ja kliitorit. See on v\u00e4ga kerge ja kohandub t\u00e4nu oma disainile ideaalselt igat t\u00fc\u00fcpi kehadega. See koosneb kahest s\u00f5ltumatust mootorist, millest \u00fcks annab G-punktile tugeva vibratsiooni, samas kui teine \u200b\u200bstimuleerib kliitorit imemise abil.<\/p>\n","protected":false},"featured_media":93504,"template":"","meta":[],"product_brand":[4236],"product_cat":[3980,3982,1484,1488],"product_tag":[3882,1557,3842,3875,3883,3653],"class_list":{"0":"post-93487","1":"product","2":"type-product","3":"status-publish","4":"has-post-thumbnail","6":"product_brand-s-pleasures-et","7":"product_cat-klassikalised","8":"product_cat-ohksurve-simulaator","9":"product_cat-sekslelud","10":"product_cat-vibraatorid","11":"product_tag-dual-et","12":"product_tag-g-punkt","13":"product_tag-imemis","14":"product_tag-ohulaine","15":"product_tag-rabbit-et","16":"product_tag-satisfyer-et","17":"pa_brand-s-pleasures-et","19":"first","20":"instock","21":"taxable","22":"shipping-taxable","23":"purchasable","24":"product-type-variable"},"yoast_head":"<!-- This site is optimized with the Yoast SEO plugin v27.3 - https:\/\/yoast.com\/product\/yoast-seo-wordpress\/ -->\n<title>Kahepoolne g-punkti ja \u00f5hulaine vibraator | Lust &amp; Love Adult Toy Store<\/title>\n<meta name=\"description\" content=\"Dual Suction on kahekordse stimulatsiooniga m\u00e4nguasi, mis stimuleerib G-punkti ja kliitorit. See on v\u00e4ga kerge ja kohandub ideaalselt igat t\u00fc\u00fcpi kehadega.\" \/>\n<meta name=\"robots\" content=\"index,follow,max-snippet:-1,max-image-preview:large,max-video-preview:-1\" \/>\n<link rel=\"canonical\" href=\"https:\/\/lustandlove.eu\/et\/toode\/sensui-imemis-vibraator-copy\/\" \/>\n<meta name=\"twitter:card\" content=\"summary_large_image\" \/>\n<meta name=\"twitter:title\" content=\"Kahepoolne g-punkti ja \u00f5hulaine vibraator | Lust &amp; Love Adult Toy Store\" \/>\n<meta name=\"twitter:description\" content=\"Dual Suction on kahekordse stimulatsiooniga m\u00e4nguasi, mis stimuleerib G-punkti ja kliitorit. See on v\u00e4ga kerge ja kohandub ideaalselt igat t\u00fc\u00fcpi kehadega.\" \/>\n<meta name=\"twitter:image\" content=\"https:\/\/lustandlove.eu\/wp-content\/uploads\/DS_trio.jpg\" \/>\n<script type=\"application\/ld+json\" class=\"yoast-schema-graph\">{\"@context\":\"https:\\\/\\\/schema.org\",\"@graph\":[{\"@type\":[\"WebPage\",\"ItemPage\"],\"@id\":\"https:\\\/\\\/lustandlove.eu\\\/et\\\/toode\\\/sensui-imemis-vibraator-copy\\\/\",\"url\":\"https:\\\/\\\/lustandlove.eu\\\/et\\\/toode\\\/sensui-imemis-vibraator-copy\\\/\",\"name\":\"Kahepoolne g-punkti ja \u00f5hulaine vibraator | Lust & Love Adult Toy Store\",\"isPartOf\":{\"@id\":\"https:\\\/\\\/lustandlove.eu\\\/et\\\/#website\"},\"primaryImageOfPage\":{\"@id\":\"https:\\\/\\\/lustandlove.eu\\\/et\\\/toode\\\/sensui-imemis-vibraator-copy\\\/#primaryimage\"},\"image\":{\"@id\":\"https:\\\/\\\/lustandlove.eu\\\/et\\\/toode\\\/sensui-imemis-vibraator-copy\\\/#primaryimage\"},\"thumbnailUrl\":\"https:\\\/\\\/lustandlove.eu\\\/wp-content\\\/uploads\\\/DS_trio.jpg\",\"datePublished\":\"2025-05-07T07:44:55+00:00\",\"dateModified\":\"2026-04-13T07:26:35+00:00\",\"description\":\"Dual Suction on kahekordse stimulatsiooniga m\u00e4nguasi, mis stimuleerib G-punkti ja kliitorit. See on v\u00e4ga kerge ja kohandub ideaalselt igat t\u00fc\u00fcpi kehadega.\",\"breadcrumb\":{\"@id\":\"https:\\\/\\\/lustandlove.eu\\\/et\\\/toode\\\/sensui-imemis-vibraator-copy\\\/#breadcrumb\"},\"inLanguage\":\"et\",\"potentialAction\":[{\"@type\":\"ReadAction\",\"target\":[\"https:\\\/\\\/lustandlove.eu\\\/et\\\/toode\\\/sensui-imemis-vibraator-copy\\\/\"]}]},{\"@type\":\"ImageObject\",\"inLanguage\":\"et\",\"@id\":\"https:\\\/\\\/lustandlove.eu\\\/et\\\/toode\\\/sensui-imemis-vibraator-copy\\\/#primaryimage\",\"url\":\"https:\\\/\\\/lustandlove.eu\\\/wp-content\\\/uploads\\\/DS_trio.jpg\",\"contentUrl\":\"https:\\\/\\\/lustandlove.eu\\\/wp-content\\\/uploads\\\/DS_trio.jpg\",\"width\":1500,\"height\":1500},{\"@type\":\"BreadcrumbList\",\"@id\":\"https:\\\/\\\/lustandlove.eu\\\/et\\\/toode\\\/sensui-imemis-vibraator-copy\\\/#breadcrumb\",\"itemListElement\":[{\"@type\":\"ListItem\",\"position\":1,\"name\":\"Lust and Love\",\"item\":\"https:\\\/\\\/lustandlove.eu\\\/et\\\/\"},{\"@type\":\"ListItem\",\"position\":2,\"name\":\"Pood\",\"item\":\"https:\\\/\\\/lustandlove.eu\\\/et\\\/pood\\\/\"},{\"@type\":\"ListItem\",\"position\":3,\"name\":\"Sekslelud\",\"item\":\"https:\\\/\\\/lustandlove.eu\\\/et\\\/pood\\\/sekslelud\\\/\"},{\"@type\":\"ListItem\",\"position\":4,\"name\":\"Kahepoolne g-punkti ja \u00f5hulaine vibraator\"}]},{\"@type\":\"WebSite\",\"@id\":\"https:\\\/\\\/lustandlove.eu\\\/et\\\/#website\",\"url\":\"https:\\\/\\\/lustandlove.eu\\\/et\\\/\",\"name\":\"Lust &amp; Love\",\"description\":\"Online erootikapood tervise, ilu ja armastuse jaoks\",\"publisher\":{\"@id\":\"https:\\\/\\\/lustandlove.eu\\\/et\\\/#organization\"},\"potentialAction\":[{\"@type\":\"SearchAction\",\"target\":{\"@type\":\"EntryPoint\",\"urlTemplate\":\"https:\\\/\\\/lustandlove.eu\\\/et\\\/?s={search_term_string}\"},\"query-input\":{\"@type\":\"PropertyValueSpecification\",\"valueRequired\":true,\"valueName\":\"search_term_string\"}}],\"inLanguage\":\"et\"},{\"@type\":\"Organization\",\"@id\":\"https:\\\/\\\/lustandlove.eu\\\/et\\\/#organization\",\"name\":\"Bioconcept Baltics O\u00dc\",\"url\":\"https:\\\/\\\/lustandlove.eu\\\/et\\\/\",\"logo\":{\"@type\":\"ImageObject\",\"inLanguage\":\"et\",\"@id\":\"https:\\\/\\\/lustandlove.eu\\\/et\\\/#\\\/schema\\\/logo\\\/image\\\/\",\"url\":\"\",\"contentUrl\":\"\",\"caption\":\"Bioconcept Baltics O\u00dc\"},\"image\":{\"@id\":\"https:\\\/\\\/lustandlove.eu\\\/et\\\/#\\\/schema\\\/logo\\\/image\\\/\"},\"sameAs\":[\"https:\\\/\\\/www.facebook.com\\\/LustandLoveEU\\\/\",\"https:\\\/\\\/www.instagram.com\\\/lustandloveeu\\\/\"]}]}<\/script>\n<!-- \/ Yoast SEO plugin. -->","yoast_head_json":{"title":"Kahepoolne g-punkti ja \u00f5hulaine vibraator | Lust & Love Adult Toy Store","description":"Dual Suction on kahekordse stimulatsiooniga m\u00e4nguasi, mis stimuleerib G-punkti ja kliitorit. See on v\u00e4ga kerge ja kohandub ideaalselt igat t\u00fc\u00fcpi kehadega.","robots":{"index,follow,max-snippet":"index,follow,max-snippet:-1,max-image-preview:large,max-video-preview:-1"},"canonical":"https:\/\/lustandlove.eu\/et\/toode\/sensui-imemis-vibraator-copy\/","twitter_card":"summary_large_image","twitter_title":"Kahepoolne g-punkti ja \u00f5hulaine vibraator | Lust & Love Adult Toy Store","twitter_description":"Dual Suction on kahekordse stimulatsiooniga m\u00e4nguasi, mis stimuleerib G-punkti ja kliitorit. See on v\u00e4ga kerge ja kohandub ideaalselt igat t\u00fc\u00fcpi kehadega.","twitter_image":"https:\/\/lustandlove.eu\/wp-content\/uploads\/DS_trio.jpg","schema":{"@context":"https:\/\/schema.org","@graph":[{"@type":["WebPage","ItemPage"],"@id":"https:\/\/lustandlove.eu\/et\/toode\/sensui-imemis-vibraator-copy\/","url":"https:\/\/lustandlove.eu\/et\/toode\/sensui-imemis-vibraator-copy\/","name":"Kahepoolne g-punkti ja \u00f5hulaine vibraator | Lust & Love Adult Toy Store","isPartOf":{"@id":"https:\/\/lustandlove.eu\/et\/#website"},"primaryImageOfPage":{"@id":"https:\/\/lustandlove.eu\/et\/toode\/sensui-imemis-vibraator-copy\/#primaryimage"},"image":{"@id":"https:\/\/lustandlove.eu\/et\/toode\/sensui-imemis-vibraator-copy\/#primaryimage"},"thumbnailUrl":"https:\/\/lustandlove.eu\/wp-content\/uploads\/DS_trio.jpg","datePublished":"2025-05-07T07:44:55+00:00","dateModified":"2026-04-13T07:26:35+00:00","description":"Dual Suction on kahekordse stimulatsiooniga m\u00e4nguasi, mis stimuleerib G-punkti ja kliitorit. See on v\u00e4ga kerge ja kohandub ideaalselt igat t\u00fc\u00fcpi kehadega.","breadcrumb":{"@id":"https:\/\/lustandlove.eu\/et\/toode\/sensui-imemis-vibraator-copy\/#breadcrumb"},"inLanguage":"et","potentialAction":[{"@type":"ReadAction","target":["https:\/\/lustandlove.eu\/et\/toode\/sensui-imemis-vibraator-copy\/"]}]},{"@type":"ImageObject","inLanguage":"et","@id":"https:\/\/lustandlove.eu\/et\/toode\/sensui-imemis-vibraator-copy\/#primaryimage","url":"https:\/\/lustandlove.eu\/wp-content\/uploads\/DS_trio.jpg","contentUrl":"https:\/\/lustandlove.eu\/wp-content\/uploads\/DS_trio.jpg","width":1500,"height":1500},{"@type":"BreadcrumbList","@id":"https:\/\/lustandlove.eu\/et\/toode\/sensui-imemis-vibraator-copy\/#breadcrumb","itemListElement":[{"@type":"ListItem","position":1,"name":"Lust and Love","item":"https:\/\/lustandlove.eu\/et\/"},{"@type":"ListItem","position":2,"name":"Pood","item":"https:\/\/lustandlove.eu\/et\/pood\/"},{"@type":"ListItem","position":3,"name":"Sekslelud","item":"https:\/\/lustandlove.eu\/et\/pood\/sekslelud\/"},{"@type":"ListItem","position":4,"name":"Kahepoolne g-punkti ja \u00f5hulaine vibraator"}]},{"@type":"WebSite","@id":"https:\/\/lustandlove.eu\/et\/#website","url":"https:\/\/lustandlove.eu\/et\/","name":"Lust &amp; Love","description":"Online erootikapood tervise, ilu ja armastuse jaoks","publisher":{"@id":"https:\/\/lustandlove.eu\/et\/#organization"},"potentialAction":[{"@type":"SearchAction","target":{"@type":"EntryPoint","urlTemplate":"https:\/\/lustandlove.eu\/et\/?s={search_term_string}"},"query-input":{"@type":"PropertyValueSpecification","valueRequired":true,"valueName":"search_term_string"}}],"inLanguage":"et"},{"@type":"Organization","@id":"https:\/\/lustandlove.eu\/et\/#organization","name":"Bioconcept Baltics O\u00dc","url":"https:\/\/lustandlove.eu\/et\/","logo":{"@type":"ImageObject","inLanguage":"et","@id":"https:\/\/lustandlove.eu\/et\/#\/schema\/logo\/image\/","url":"","contentUrl":"","caption":"Bioconcept Baltics O\u00dc"},"image":{"@id":"https:\/\/lustandlove.eu\/et\/#\/schema\/logo\/image\/"},"sameAs":["https:\/\/www.facebook.com\/LustandLoveEU\/","https:\/\/www.instagram.com\/lustandloveeu\/"]}]}},"_links":{"self":[{"href":"https:\/\/lustandlove.eu\/et\/wp-json\/wp\/v2\/product\/93487","targetHints":{"allow":["GET"]}}],"collection":[{"href":"https:\/\/lustandlove.eu\/et\/wp-json\/wp\/v2\/product"}],"about":[{"href":"https:\/\/lustandlove.eu\/et\/wp-json\/wp\/v2\/types\/product"}],"wp:featuredmedia":[{"embeddable":true,"href":"https:\/\/lustandlove.eu\/et\/wp-json\/wp\/v2\/media\/93504"}],"wp:attachment":[{"href":"https:\/\/lustandlove.eu\/et\/wp-json\/wp\/v2\/media?parent=93487"}],"wp:term":[{"taxonomy":"product_brand","embeddable":true,"href":"https:\/\/lustandlove.eu\/et\/wp-json\/wp\/v2\/product_brand?post=93487"},{"taxonomy":"product_cat","embeddable":true,"href":"https:\/\/lustandlove.eu\/et\/wp-json\/wp\/v2\/product_cat?post=93487"},{"taxonomy":"product_tag","embeddable":true,"href":"https:\/\/lustandlove.eu\/et\/wp-json\/wp\/v2\/product_tag?post=93487"}],"curies":[{"name":"wp","href":"https:\/\/api.w.org\/{rel}","templated":true}]}}