{"id":93625,"date":"2025-05-21T10:13:31","date_gmt":"2025-05-21T07:13:32","guid":{"rendered":"https:\/\/www.lustandlove.eu\/?post_type=product&#038;p=93625"},"modified":"2026-04-13T10:26:34","modified_gmt":"2026-04-13T07:26:34","slug":"cecii-klaasist-dildo","status":"publish","type":"product","link":"https:\/\/lustandlove.eu\/et\/toode\/cecii-klaasist-dildo\/","title":{"rendered":"Cecii Klaasist Dildo"},"content":{"rendered":"<h2>Klaasist dildo imelistes vikerkaarev\u00e4rvides!<\/h2>\n<p>Vabadus oma naudinguid avastada \u2013 see ongi Cecii olemus. Kasuta Cecii-d, et avastada enda v\u00f5i oma partneri keha ja avada uusi naudingutasemeid. K\u00e4sit\u00f6\u00f6na valmistatud k\u00f5rgborosilikaatklaasist Cecii sobib ideaalselt temperatuurim\u00e4ngudeks ja\u2026 kas oled n\u00e4inud seda vikerkaarev\u00e4rvi? Oh jumal! Ja et l\u00f5bu j\u00e4tkuks kauemaks, on kaasas ka vegan nahast valmistatud hoiukott \ud83c\udf3f<\/p>\n<p><strong>Suurus ja kaal<\/strong><br \/>\nPikkus: 16 cm \/ 6,3 tolli.<br \/>\nL\u00e4bim\u00f5\u00f5t: 3 cm \/ 1,18 tolli.<br \/>\nKaal: 155 g \/ 0,34 naela.<\/p>\n<p><strong>Kas klaasist dildot on ohutu kasutada?<\/strong><\/p>\n<p>Jah! Cecii on valmistatud k\u00f5rgborosilikaatklaasist, mis annab sellele lisatugevuse ja vastupidavuse. Enne Cecii kasutamist v\u00f5tke lisameetmeid ja kontrollige toote maha kukkumisel tekkida v\u00f5inud defekte. Kui m\u00e4rkate klaasist pragusid v\u00f5i eraldunud t\u00fckke, l\u00f5petage kohe Cecii kasutamine ja utiliseerige see ohutul viisil.<\/p>\n<p><strong>Kuidas peaksin Cecii&#8217;d pesema?<\/strong><\/p>\n<p>Piisab \u00f5rnast pesemisest seebi ja veega. Kuivata Cecii korralikult ja hoia seda kaasasolevas hoiukarbis. Soovitame Ceciid n\u00f5udepesumasinas mitte pesta.<\/p>\n","protected":false},"excerpt":{"rendered":"<p>Vabadus oma naudinguid avastada \u2013 see ongi Cecii olemus. Kasuta Ceciid, et avastada enda \u2013 v\u00f5i oma partneri \u2013 keha ja avada uusi naudingutasemeid. K\u00e4sitsi valmistatud k\u00f5rgborosilikaatklaasist Cecii sobib ideaalselt temperatuurim\u00e4ngudeks ja\u2026 kas oled n\u00e4inud seda vikerkaarev\u00e4rvi? OMG.<\/p>\n","protected":false},"featured_media":93530,"template":"","meta":[],"product_brand":[4198],"product_cat":[1485,4064,1484],"product_tag":[1567],"class_list":{"0":"post-93625","1":"product","2":"type-product","3":"status-publish","4":"has-post-thumbnail","6":"product_brand-biird-et","7":"product_cat-dildod","8":"product_cat-klaas-ja-metall","9":"product_cat-sekslelud","10":"product_tag-klaas","11":"pa_brand-biird-et","13":"first","14":"instock","15":"taxable","16":"shipping-taxable","17":"purchasable","18":"product-type-simple"},"yoast_head":"<!-- This site is optimized with the Yoast SEO plugin v27.3 - https:\/\/yoast.com\/product\/yoast-seo-wordpress\/ -->\n<title>Cecii Klaasist Dildo | Lust and Love<\/title>\n<meta name=\"description\" content=\"Boorsilikaat klaasist k\u00e4sit\u00f6\u00f6na valmistatud Cecii sobib ideaalselt temperatuurimuutustega m\u00e4ngimiseks ja\u2026 kas olete n\u00e4inud seda vikerkaarev\u00e4rvi? OMG\" \/>\n<meta name=\"robots\" content=\"index,follow,max-snippet:-1,max-image-preview:large,max-video-preview:-1\" \/>\n<link rel=\"canonical\" href=\"https:\/\/lustandlove.eu\/et\/toode\/cecii-klaasist-dildo\/\" \/>\n<meta name=\"twitter:card\" content=\"summary_large_image\" \/>\n<meta name=\"twitter:title\" content=\"Cecii Klaasist Dildo | Lust and Love\" \/>\n<meta name=\"twitter:description\" content=\"Boorsilikaat klaasist k\u00e4sit\u00f6\u00f6na valmistatud Cecii sobib ideaalselt temperatuurimuutustega m\u00e4ngimiseks ja\u2026 kas olete n\u00e4inud seda vikerkaarev\u00e4rvi? OMG\" \/>\n<meta name=\"twitter:image\" content=\"https:\/\/lustandlove.eu\/wp-content\/uploads\/Biird_Cecii-fafafa_Purple_900x.jpg\" \/>\n<meta name=\"twitter:label1\" content=\"Est. reading time\" \/>\n\t<meta name=\"twitter:data1\" content=\"1 minut\" \/>\n<script type=\"application\/ld+json\" class=\"yoast-schema-graph\">{\"@context\":\"https:\\\/\\\/schema.org\",\"@graph\":[{\"@type\":[\"WebPage\",\"ItemPage\"],\"@id\":\"https:\\\/\\\/lustandlove.eu\\\/et\\\/toode\\\/cecii-klaasist-dildo\\\/\",\"url\":\"https:\\\/\\\/lustandlove.eu\\\/et\\\/toode\\\/cecii-klaasist-dildo\\\/\",\"name\":\"Cecii Klaasist Dildo | Lust and Love\",\"isPartOf\":{\"@id\":\"https:\\\/\\\/lustandlove.eu\\\/et\\\/#website\"},\"primaryImageOfPage\":{\"@id\":\"https:\\\/\\\/lustandlove.eu\\\/et\\\/toode\\\/cecii-klaasist-dildo\\\/#primaryimage\"},\"image\":{\"@id\":\"https:\\\/\\\/lustandlove.eu\\\/et\\\/toode\\\/cecii-klaasist-dildo\\\/#primaryimage\"},\"thumbnailUrl\":\"https:\\\/\\\/lustandlove.eu\\\/wp-content\\\/uploads\\\/Biird_Cecii-fafafa_Purple_900x.jpg\",\"datePublished\":\"2025-05-21T07:13:32+00:00\",\"dateModified\":\"2026-04-13T07:26:34+00:00\",\"description\":\"Boorsilikaat klaasist k\u00e4sit\u00f6\u00f6na valmistatud Cecii sobib ideaalselt temperatuurimuutustega m\u00e4ngimiseks ja\u2026 kas olete n\u00e4inud seda vikerkaarev\u00e4rvi? OMG\",\"breadcrumb\":{\"@id\":\"https:\\\/\\\/lustandlove.eu\\\/et\\\/toode\\\/cecii-klaasist-dildo\\\/#breadcrumb\"},\"inLanguage\":\"et\",\"potentialAction\":[{\"@type\":\"ReadAction\",\"target\":[\"https:\\\/\\\/lustandlove.eu\\\/et\\\/toode\\\/cecii-klaasist-dildo\\\/\"]}]},{\"@type\":\"ImageObject\",\"inLanguage\":\"et\",\"@id\":\"https:\\\/\\\/lustandlove.eu\\\/et\\\/toode\\\/cecii-klaasist-dildo\\\/#primaryimage\",\"url\":\"https:\\\/\\\/lustandlove.eu\\\/wp-content\\\/uploads\\\/Biird_Cecii-fafafa_Purple_900x.jpg\",\"contentUrl\":\"https:\\\/\\\/lustandlove.eu\\\/wp-content\\\/uploads\\\/Biird_Cecii-fafafa_Purple_900x.jpg\",\"width\":900,\"height\":900},{\"@type\":\"BreadcrumbList\",\"@id\":\"https:\\\/\\\/lustandlove.eu\\\/et\\\/toode\\\/cecii-klaasist-dildo\\\/#breadcrumb\",\"itemListElement\":[{\"@type\":\"ListItem\",\"position\":1,\"name\":\"Lust and Love\",\"item\":\"https:\\\/\\\/lustandlove.eu\\\/et\\\/\"},{\"@type\":\"ListItem\",\"position\":2,\"name\":\"Pood\",\"item\":\"https:\\\/\\\/lustandlove.eu\\\/et\\\/pood\\\/\"},{\"@type\":\"ListItem\",\"position\":3,\"name\":\"Sekslelud\",\"item\":\"https:\\\/\\\/lustandlove.eu\\\/et\\\/pood\\\/sekslelud\\\/\"},{\"@type\":\"ListItem\",\"position\":4,\"name\":\"Dildod\",\"item\":\"https:\\\/\\\/lustandlove.eu\\\/et\\\/pood\\\/sekslelud\\\/dildod\\\/\"},{\"@type\":\"ListItem\",\"position\":5,\"name\":\"Cecii Klaasist Dildo\"}]},{\"@type\":\"WebSite\",\"@id\":\"https:\\\/\\\/lustandlove.eu\\\/et\\\/#website\",\"url\":\"https:\\\/\\\/lustandlove.eu\\\/et\\\/\",\"name\":\"Lust &amp; Love\",\"description\":\"Online erootikapood tervise, ilu ja armastuse jaoks\",\"publisher\":{\"@id\":\"https:\\\/\\\/lustandlove.eu\\\/et\\\/#organization\"},\"potentialAction\":[{\"@type\":\"SearchAction\",\"target\":{\"@type\":\"EntryPoint\",\"urlTemplate\":\"https:\\\/\\\/lustandlove.eu\\\/et\\\/?s={search_term_string}\"},\"query-input\":{\"@type\":\"PropertyValueSpecification\",\"valueRequired\":true,\"valueName\":\"search_term_string\"}}],\"inLanguage\":\"et\"},{\"@type\":\"Organization\",\"@id\":\"https:\\\/\\\/lustandlove.eu\\\/et\\\/#organization\",\"name\":\"Bioconcept Baltics O\u00dc\",\"url\":\"https:\\\/\\\/lustandlove.eu\\\/et\\\/\",\"logo\":{\"@type\":\"ImageObject\",\"inLanguage\":\"et\",\"@id\":\"https:\\\/\\\/lustandlove.eu\\\/et\\\/#\\\/schema\\\/logo\\\/image\\\/\",\"url\":\"\",\"contentUrl\":\"\",\"caption\":\"Bioconcept Baltics O\u00dc\"},\"image\":{\"@id\":\"https:\\\/\\\/lustandlove.eu\\\/et\\\/#\\\/schema\\\/logo\\\/image\\\/\"},\"sameAs\":[\"https:\\\/\\\/www.facebook.com\\\/LustandLoveEU\\\/\",\"https:\\\/\\\/www.instagram.com\\\/lustandloveeu\\\/\"]}]}<\/script>\n<!-- \/ Yoast SEO plugin. -->","yoast_head_json":{"title":"Cecii Klaasist Dildo | Lust and Love","description":"Boorsilikaat klaasist k\u00e4sit\u00f6\u00f6na valmistatud Cecii sobib ideaalselt temperatuurimuutustega m\u00e4ngimiseks ja\u2026 kas olete n\u00e4inud seda vikerkaarev\u00e4rvi? OMG","robots":{"index,follow,max-snippet":"index,follow,max-snippet:-1,max-image-preview:large,max-video-preview:-1"},"canonical":"https:\/\/lustandlove.eu\/et\/toode\/cecii-klaasist-dildo\/","twitter_card":"summary_large_image","twitter_title":"Cecii Klaasist Dildo | Lust and Love","twitter_description":"Boorsilikaat klaasist k\u00e4sit\u00f6\u00f6na valmistatud Cecii sobib ideaalselt temperatuurimuutustega m\u00e4ngimiseks ja\u2026 kas olete n\u00e4inud seda vikerkaarev\u00e4rvi? OMG","twitter_image":"https:\/\/lustandlove.eu\/wp-content\/uploads\/Biird_Cecii-fafafa_Purple_900x.jpg","twitter_misc":{"Est. reading time":"1 minut"},"schema":{"@context":"https:\/\/schema.org","@graph":[{"@type":["WebPage","ItemPage"],"@id":"https:\/\/lustandlove.eu\/et\/toode\/cecii-klaasist-dildo\/","url":"https:\/\/lustandlove.eu\/et\/toode\/cecii-klaasist-dildo\/","name":"Cecii Klaasist Dildo | Lust and Love","isPartOf":{"@id":"https:\/\/lustandlove.eu\/et\/#website"},"primaryImageOfPage":{"@id":"https:\/\/lustandlove.eu\/et\/toode\/cecii-klaasist-dildo\/#primaryimage"},"image":{"@id":"https:\/\/lustandlove.eu\/et\/toode\/cecii-klaasist-dildo\/#primaryimage"},"thumbnailUrl":"https:\/\/lustandlove.eu\/wp-content\/uploads\/Biird_Cecii-fafafa_Purple_900x.jpg","datePublished":"2025-05-21T07:13:32+00:00","dateModified":"2026-04-13T07:26:34+00:00","description":"Boorsilikaat klaasist k\u00e4sit\u00f6\u00f6na valmistatud Cecii sobib ideaalselt temperatuurimuutustega m\u00e4ngimiseks ja\u2026 kas olete n\u00e4inud seda vikerkaarev\u00e4rvi? OMG","breadcrumb":{"@id":"https:\/\/lustandlove.eu\/et\/toode\/cecii-klaasist-dildo\/#breadcrumb"},"inLanguage":"et","potentialAction":[{"@type":"ReadAction","target":["https:\/\/lustandlove.eu\/et\/toode\/cecii-klaasist-dildo\/"]}]},{"@type":"ImageObject","inLanguage":"et","@id":"https:\/\/lustandlove.eu\/et\/toode\/cecii-klaasist-dildo\/#primaryimage","url":"https:\/\/lustandlove.eu\/wp-content\/uploads\/Biird_Cecii-fafafa_Purple_900x.jpg","contentUrl":"https:\/\/lustandlove.eu\/wp-content\/uploads\/Biird_Cecii-fafafa_Purple_900x.jpg","width":900,"height":900},{"@type":"BreadcrumbList","@id":"https:\/\/lustandlove.eu\/et\/toode\/cecii-klaasist-dildo\/#breadcrumb","itemListElement":[{"@type":"ListItem","position":1,"name":"Lust and Love","item":"https:\/\/lustandlove.eu\/et\/"},{"@type":"ListItem","position":2,"name":"Pood","item":"https:\/\/lustandlove.eu\/et\/pood\/"},{"@type":"ListItem","position":3,"name":"Sekslelud","item":"https:\/\/lustandlove.eu\/et\/pood\/sekslelud\/"},{"@type":"ListItem","position":4,"name":"Dildod","item":"https:\/\/lustandlove.eu\/et\/pood\/sekslelud\/dildod\/"},{"@type":"ListItem","position":5,"name":"Cecii Klaasist Dildo"}]},{"@type":"WebSite","@id":"https:\/\/lustandlove.eu\/et\/#website","url":"https:\/\/lustandlove.eu\/et\/","name":"Lust &amp; Love","description":"Online erootikapood tervise, ilu ja armastuse jaoks","publisher":{"@id":"https:\/\/lustandlove.eu\/et\/#organization"},"potentialAction":[{"@type":"SearchAction","target":{"@type":"EntryPoint","urlTemplate":"https:\/\/lustandlove.eu\/et\/?s={search_term_string}"},"query-input":{"@type":"PropertyValueSpecification","valueRequired":true,"valueName":"search_term_string"}}],"inLanguage":"et"},{"@type":"Organization","@id":"https:\/\/lustandlove.eu\/et\/#organization","name":"Bioconcept Baltics O\u00dc","url":"https:\/\/lustandlove.eu\/et\/","logo":{"@type":"ImageObject","inLanguage":"et","@id":"https:\/\/lustandlove.eu\/et\/#\/schema\/logo\/image\/","url":"","contentUrl":"","caption":"Bioconcept Baltics O\u00dc"},"image":{"@id":"https:\/\/lustandlove.eu\/et\/#\/schema\/logo\/image\/"},"sameAs":["https:\/\/www.facebook.com\/LustandLoveEU\/","https:\/\/www.instagram.com\/lustandloveeu\/"]}]}},"_links":{"self":[{"href":"https:\/\/lustandlove.eu\/et\/wp-json\/wp\/v2\/product\/93625","targetHints":{"allow":["GET"]}}],"collection":[{"href":"https:\/\/lustandlove.eu\/et\/wp-json\/wp\/v2\/product"}],"about":[{"href":"https:\/\/lustandlove.eu\/et\/wp-json\/wp\/v2\/types\/product"}],"wp:featuredmedia":[{"embeddable":true,"href":"https:\/\/lustandlove.eu\/et\/wp-json\/wp\/v2\/media\/93530"}],"wp:attachment":[{"href":"https:\/\/lustandlove.eu\/et\/wp-json\/wp\/v2\/media?parent=93625"}],"wp:term":[{"taxonomy":"product_brand","embeddable":true,"href":"https:\/\/lustandlove.eu\/et\/wp-json\/wp\/v2\/product_brand?post=93625"},{"taxonomy":"product_cat","embeddable":true,"href":"https:\/\/lustandlove.eu\/et\/wp-json\/wp\/v2\/product_cat?post=93625"},{"taxonomy":"product_tag","embeddable":true,"href":"https:\/\/lustandlove.eu\/et\/wp-json\/wp\/v2\/product_tag?post=93625"}],"curies":[{"name":"wp","href":"https:\/\/api.w.org\/{rel}","templated":true}]}}