{"id":93627,"date":"2025-05-21T10:48:02","date_gmt":"2025-05-21T07:48:03","guid":{"rendered":"https:\/\/www.lustandlove.eu\/?post_type=product&#038;p=93627"},"modified":"2026-04-13T10:26:34","modified_gmt":"2026-04-13T07:26:34","slug":"cecii-klaasist-dildo-copy","status":"publish","type":"product","link":"https:\/\/lustandlove.eu\/et\/toode\/cecii-klaasist-dildo-copy\/","title":{"rendered":"Kalii Klaasist Dildo"},"content":{"rendered":"<h2>Klaasist dildo imelistes vikerkaarev\u00e4rvides!<\/h2>\n<p>Koge naudingu kehastust Kalii-ga \u2013 vapustav klaasist G-punkti dildo, mis on loodud viima teie sensuaalse naudingu uutesse k\u00f5rgustesse. Kalii on detailidele p\u00f6\u00f6ratud t\u00e4helepanuga valmistatud \u00fcllatav naudinguvahend, mis mitte ainult ei paku intensiivset G-punkti stimulatsiooni, vaid lisab teie kollektsioonile ka stiili ja elegantsi. Kombineerides sileda pinna \u00f5rnade kumeruste ja voolavate ribidega, viib Kalii teid \u00fclimasse G-punkti naudingukogemusse. Ja et l\u00f5bu j\u00e4tkuks kauemaks, on kaasas ka vegan nahast valmistatud hoiukott \ud83c\udf3f<\/p>\n<p><strong>Suurus ja kaal<\/strong><br \/>\nPikkus: 18 cm<br \/>\nL\u00e4bim\u00f5\u00f5t: 3 cm<br \/>\nKaal: 456 g<\/p>\n<p><strong>Kas klaasist dildot on ohutu kasutada?<\/strong><\/p>\n<p>Jah! Kalii on valmistatud k\u00f5rgborosilikaatklaasist, mis annab sellele lisatugevuse ja vastupidavuse. Enne Kalii kasutamist v\u00f5tke lisameetmeid ja kontrollige toote maha kukkumisel tekkida v\u00f5inud defekte. Kui m\u00e4rkate klaasist pragusid v\u00f5i eraldunud t\u00fckke, l\u00f5petage kohe Kalii kasutamine ja utiliseerige see ohutul viisil.<\/p>\n<p><strong>Kuidas peaksin Kalii&#8217;d pesema?<\/strong><\/p>\n<p>Piisab \u00f5rnast pesemisest seebi ja veega. Kuivata Kalii korralikult ja hoia seda kaasasolevas hoiukarbis. Soovitame Kaliid n\u00f5udepesumasinas mitte pesta.<\/p>\n","protected":false},"excerpt":{"rendered":"<p>K\u00e4sitsi valmistatud k\u00f5rgborosilikaatklaasist ja kauni vikerkaarelilla tooniga Kalii pakub l\u00f5putut sensuaalset G-punkti naudingut. Kalii neelab kiiresti teie kehatemperatuuri ja lisab teie naudingukogemusele t\u00e4iesti uue dimensiooni. V\u00f5i jahutage Kalii maha, et kogeda jahutavat tunnet.<\/p>\n","protected":false},"featured_media":93568,"template":"","meta":[],"product_brand":[4198],"product_cat":[1485,4064,1484],"product_tag":[1567],"class_list":{"0":"post-93627","1":"product","2":"type-product","3":"status-publish","4":"has-post-thumbnail","6":"product_brand-biird-et","7":"product_cat-dildod","8":"product_cat-klaas-ja-metall","9":"product_cat-sekslelud","10":"product_tag-klaas","11":"pa_brand-biird-et","13":"first","14":"instock","15":"taxable","16":"shipping-taxable","17":"purchasable","18":"product-type-simple"},"yoast_head":"<!-- This site is optimized with the Yoast SEO plugin v27.3 - https:\/\/yoast.com\/product\/yoast-seo-wordpress\/ -->\n<title>Kalii Klaasist Dildo | Lust and Love<\/title>\n<meta name=\"description\" content=\"K\u00e4sitsi valmistatud k\u00f5rge borosilikaatklaasist ja viimistletud vapustava vikerkaarelilla tooniga, pakub Kalii l\u00f5putut sensuaalset G-punkti naudingut.\" \/>\n<meta name=\"robots\" content=\"index,follow,max-snippet:-1,max-image-preview:large,max-video-preview:-1\" \/>\n<link rel=\"canonical\" href=\"https:\/\/lustandlove.eu\/et\/toode\/cecii-klaasist-dildo-copy\/\" \/>\n<meta name=\"twitter:card\" content=\"summary_large_image\" \/>\n<meta name=\"twitter:title\" content=\"Kalii Klaasist Dildo | Lust and Love\" \/>\n<meta name=\"twitter:description\" content=\"K\u00e4sitsi valmistatud k\u00f5rge borosilikaatklaasist ja viimistletud vapustava vikerkaarelilla tooniga, pakub Kalii l\u00f5putut sensuaalset G-punkti naudingut.\" \/>\n<meta name=\"twitter:image\" content=\"https:\/\/lustandlove.eu\/wp-content\/uploads\/Biird_Kalii-fafafa_Mint_900x.jpg\" \/>\n<meta name=\"twitter:label1\" content=\"Est. reading time\" \/>\n\t<meta name=\"twitter:data1\" content=\"1 minut\" \/>\n<script type=\"application\/ld+json\" class=\"yoast-schema-graph\">{\"@context\":\"https:\\\/\\\/schema.org\",\"@graph\":[{\"@type\":[\"WebPage\",\"ItemPage\"],\"@id\":\"https:\\\/\\\/lustandlove.eu\\\/et\\\/toode\\\/cecii-klaasist-dildo-copy\\\/\",\"url\":\"https:\\\/\\\/lustandlove.eu\\\/et\\\/toode\\\/cecii-klaasist-dildo-copy\\\/\",\"name\":\"Kalii Klaasist Dildo | Lust and Love\",\"isPartOf\":{\"@id\":\"https:\\\/\\\/lustandlove.eu\\\/et\\\/#website\"},\"primaryImageOfPage\":{\"@id\":\"https:\\\/\\\/lustandlove.eu\\\/et\\\/toode\\\/cecii-klaasist-dildo-copy\\\/#primaryimage\"},\"image\":{\"@id\":\"https:\\\/\\\/lustandlove.eu\\\/et\\\/toode\\\/cecii-klaasist-dildo-copy\\\/#primaryimage\"},\"thumbnailUrl\":\"https:\\\/\\\/lustandlove.eu\\\/wp-content\\\/uploads\\\/Biird_Kalii-fafafa_Mint_900x.jpg\",\"datePublished\":\"2025-05-21T07:48:03+00:00\",\"dateModified\":\"2026-04-13T07:26:34+00:00\",\"description\":\"K\u00e4sitsi valmistatud k\u00f5rge borosilikaatklaasist ja viimistletud vapustava vikerkaarelilla tooniga, pakub Kalii l\u00f5putut sensuaalset G-punkti naudingut.\",\"breadcrumb\":{\"@id\":\"https:\\\/\\\/lustandlove.eu\\\/et\\\/toode\\\/cecii-klaasist-dildo-copy\\\/#breadcrumb\"},\"inLanguage\":\"et\",\"potentialAction\":[{\"@type\":\"ReadAction\",\"target\":[\"https:\\\/\\\/lustandlove.eu\\\/et\\\/toode\\\/cecii-klaasist-dildo-copy\\\/\"]}]},{\"@type\":\"ImageObject\",\"inLanguage\":\"et\",\"@id\":\"https:\\\/\\\/lustandlove.eu\\\/et\\\/toode\\\/cecii-klaasist-dildo-copy\\\/#primaryimage\",\"url\":\"https:\\\/\\\/lustandlove.eu\\\/wp-content\\\/uploads\\\/Biird_Kalii-fafafa_Mint_900x.jpg\",\"contentUrl\":\"https:\\\/\\\/lustandlove.eu\\\/wp-content\\\/uploads\\\/Biird_Kalii-fafafa_Mint_900x.jpg\",\"width\":900,\"height\":900},{\"@type\":\"BreadcrumbList\",\"@id\":\"https:\\\/\\\/lustandlove.eu\\\/et\\\/toode\\\/cecii-klaasist-dildo-copy\\\/#breadcrumb\",\"itemListElement\":[{\"@type\":\"ListItem\",\"position\":1,\"name\":\"Lust and Love\",\"item\":\"https:\\\/\\\/lustandlove.eu\\\/et\\\/\"},{\"@type\":\"ListItem\",\"position\":2,\"name\":\"Pood\",\"item\":\"https:\\\/\\\/lustandlove.eu\\\/et\\\/pood\\\/\"},{\"@type\":\"ListItem\",\"position\":3,\"name\":\"Sekslelud\",\"item\":\"https:\\\/\\\/lustandlove.eu\\\/et\\\/pood\\\/sekslelud\\\/\"},{\"@type\":\"ListItem\",\"position\":4,\"name\":\"Dildod\",\"item\":\"https:\\\/\\\/lustandlove.eu\\\/et\\\/pood\\\/sekslelud\\\/dildod\\\/\"},{\"@type\":\"ListItem\",\"position\":5,\"name\":\"Kalii Klaasist Dildo\"}]},{\"@type\":\"WebSite\",\"@id\":\"https:\\\/\\\/lustandlove.eu\\\/et\\\/#website\",\"url\":\"https:\\\/\\\/lustandlove.eu\\\/et\\\/\",\"name\":\"Lust &amp; Love\",\"description\":\"Online erootikapood tervise, ilu ja armastuse jaoks\",\"publisher\":{\"@id\":\"https:\\\/\\\/lustandlove.eu\\\/et\\\/#organization\"},\"potentialAction\":[{\"@type\":\"SearchAction\",\"target\":{\"@type\":\"EntryPoint\",\"urlTemplate\":\"https:\\\/\\\/lustandlove.eu\\\/et\\\/?s={search_term_string}\"},\"query-input\":{\"@type\":\"PropertyValueSpecification\",\"valueRequired\":true,\"valueName\":\"search_term_string\"}}],\"inLanguage\":\"et\"},{\"@type\":\"Organization\",\"@id\":\"https:\\\/\\\/lustandlove.eu\\\/et\\\/#organization\",\"name\":\"Bioconcept Baltics O\u00dc\",\"url\":\"https:\\\/\\\/lustandlove.eu\\\/et\\\/\",\"logo\":{\"@type\":\"ImageObject\",\"inLanguage\":\"et\",\"@id\":\"https:\\\/\\\/lustandlove.eu\\\/et\\\/#\\\/schema\\\/logo\\\/image\\\/\",\"url\":\"\",\"contentUrl\":\"\",\"caption\":\"Bioconcept Baltics O\u00dc\"},\"image\":{\"@id\":\"https:\\\/\\\/lustandlove.eu\\\/et\\\/#\\\/schema\\\/logo\\\/image\\\/\"},\"sameAs\":[\"https:\\\/\\\/www.facebook.com\\\/LustandLoveEU\\\/\",\"https:\\\/\\\/www.instagram.com\\\/lustandloveeu\\\/\"]}]}<\/script>\n<!-- \/ Yoast SEO plugin. -->","yoast_head_json":{"title":"Kalii Klaasist Dildo | Lust and Love","description":"K\u00e4sitsi valmistatud k\u00f5rge borosilikaatklaasist ja viimistletud vapustava vikerkaarelilla tooniga, pakub Kalii l\u00f5putut sensuaalset G-punkti naudingut.","robots":{"index,follow,max-snippet":"index,follow,max-snippet:-1,max-image-preview:large,max-video-preview:-1"},"canonical":"https:\/\/lustandlove.eu\/et\/toode\/cecii-klaasist-dildo-copy\/","twitter_card":"summary_large_image","twitter_title":"Kalii Klaasist Dildo | Lust and Love","twitter_description":"K\u00e4sitsi valmistatud k\u00f5rge borosilikaatklaasist ja viimistletud vapustava vikerkaarelilla tooniga, pakub Kalii l\u00f5putut sensuaalset G-punkti naudingut.","twitter_image":"https:\/\/lustandlove.eu\/wp-content\/uploads\/Biird_Kalii-fafafa_Mint_900x.jpg","twitter_misc":{"Est. reading time":"1 minut"},"schema":{"@context":"https:\/\/schema.org","@graph":[{"@type":["WebPage","ItemPage"],"@id":"https:\/\/lustandlove.eu\/et\/toode\/cecii-klaasist-dildo-copy\/","url":"https:\/\/lustandlove.eu\/et\/toode\/cecii-klaasist-dildo-copy\/","name":"Kalii Klaasist Dildo | Lust and Love","isPartOf":{"@id":"https:\/\/lustandlove.eu\/et\/#website"},"primaryImageOfPage":{"@id":"https:\/\/lustandlove.eu\/et\/toode\/cecii-klaasist-dildo-copy\/#primaryimage"},"image":{"@id":"https:\/\/lustandlove.eu\/et\/toode\/cecii-klaasist-dildo-copy\/#primaryimage"},"thumbnailUrl":"https:\/\/lustandlove.eu\/wp-content\/uploads\/Biird_Kalii-fafafa_Mint_900x.jpg","datePublished":"2025-05-21T07:48:03+00:00","dateModified":"2026-04-13T07:26:34+00:00","description":"K\u00e4sitsi valmistatud k\u00f5rge borosilikaatklaasist ja viimistletud vapustava vikerkaarelilla tooniga, pakub Kalii l\u00f5putut sensuaalset G-punkti naudingut.","breadcrumb":{"@id":"https:\/\/lustandlove.eu\/et\/toode\/cecii-klaasist-dildo-copy\/#breadcrumb"},"inLanguage":"et","potentialAction":[{"@type":"ReadAction","target":["https:\/\/lustandlove.eu\/et\/toode\/cecii-klaasist-dildo-copy\/"]}]},{"@type":"ImageObject","inLanguage":"et","@id":"https:\/\/lustandlove.eu\/et\/toode\/cecii-klaasist-dildo-copy\/#primaryimage","url":"https:\/\/lustandlove.eu\/wp-content\/uploads\/Biird_Kalii-fafafa_Mint_900x.jpg","contentUrl":"https:\/\/lustandlove.eu\/wp-content\/uploads\/Biird_Kalii-fafafa_Mint_900x.jpg","width":900,"height":900},{"@type":"BreadcrumbList","@id":"https:\/\/lustandlove.eu\/et\/toode\/cecii-klaasist-dildo-copy\/#breadcrumb","itemListElement":[{"@type":"ListItem","position":1,"name":"Lust and Love","item":"https:\/\/lustandlove.eu\/et\/"},{"@type":"ListItem","position":2,"name":"Pood","item":"https:\/\/lustandlove.eu\/et\/pood\/"},{"@type":"ListItem","position":3,"name":"Sekslelud","item":"https:\/\/lustandlove.eu\/et\/pood\/sekslelud\/"},{"@type":"ListItem","position":4,"name":"Dildod","item":"https:\/\/lustandlove.eu\/et\/pood\/sekslelud\/dildod\/"},{"@type":"ListItem","position":5,"name":"Kalii Klaasist Dildo"}]},{"@type":"WebSite","@id":"https:\/\/lustandlove.eu\/et\/#website","url":"https:\/\/lustandlove.eu\/et\/","name":"Lust &amp; Love","description":"Online erootikapood tervise, ilu ja armastuse jaoks","publisher":{"@id":"https:\/\/lustandlove.eu\/et\/#organization"},"potentialAction":[{"@type":"SearchAction","target":{"@type":"EntryPoint","urlTemplate":"https:\/\/lustandlove.eu\/et\/?s={search_term_string}"},"query-input":{"@type":"PropertyValueSpecification","valueRequired":true,"valueName":"search_term_string"}}],"inLanguage":"et"},{"@type":"Organization","@id":"https:\/\/lustandlove.eu\/et\/#organization","name":"Bioconcept Baltics O\u00dc","url":"https:\/\/lustandlove.eu\/et\/","logo":{"@type":"ImageObject","inLanguage":"et","@id":"https:\/\/lustandlove.eu\/et\/#\/schema\/logo\/image\/","url":"","contentUrl":"","caption":"Bioconcept Baltics O\u00dc"},"image":{"@id":"https:\/\/lustandlove.eu\/et\/#\/schema\/logo\/image\/"},"sameAs":["https:\/\/www.facebook.com\/LustandLoveEU\/","https:\/\/www.instagram.com\/lustandloveeu\/"]}]}},"_links":{"self":[{"href":"https:\/\/lustandlove.eu\/et\/wp-json\/wp\/v2\/product\/93627","targetHints":{"allow":["GET"]}}],"collection":[{"href":"https:\/\/lustandlove.eu\/et\/wp-json\/wp\/v2\/product"}],"about":[{"href":"https:\/\/lustandlove.eu\/et\/wp-json\/wp\/v2\/types\/product"}],"wp:featuredmedia":[{"embeddable":true,"href":"https:\/\/lustandlove.eu\/et\/wp-json\/wp\/v2\/media\/93568"}],"wp:attachment":[{"href":"https:\/\/lustandlove.eu\/et\/wp-json\/wp\/v2\/media?parent=93627"}],"wp:term":[{"taxonomy":"product_brand","embeddable":true,"href":"https:\/\/lustandlove.eu\/et\/wp-json\/wp\/v2\/product_brand?post=93627"},{"taxonomy":"product_cat","embeddable":true,"href":"https:\/\/lustandlove.eu\/et\/wp-json\/wp\/v2\/product_cat?post=93627"},{"taxonomy":"product_tag","embeddable":true,"href":"https:\/\/lustandlove.eu\/et\/wp-json\/wp\/v2\/product_tag?post=93627"}],"curies":[{"name":"wp","href":"https:\/\/api.w.org\/{rel}","templated":true}]}}