{"id":93629,"date":"2025-05-21T12:42:19","date_gmt":"2025-05-21T09:42:19","guid":{"rendered":"https:\/\/www.lustandlove.eu\/?post_type=product&#038;p=93629"},"modified":"2026-04-13T10:26:34","modified_gmt":"2026-04-13T07:26:34","slug":"anii-klaasist-anaaltapp","status":"publish","type":"product","link":"https:\/\/lustandlove.eu\/et\/toode\/anii-klaasist-anaaltapp\/","title":{"rendered":"Anii Klaasist Anaaltapp"},"content":{"rendered":"<p>Avastage uusi elamusi ja rikastage olemasolevaid klaasist anaaltapp Anii abil. Mugavaks kandmiseks professionaalselt disainitud Anii on elegantne ese, mis pakub intiimset l\u00e4hedust ja sensuaalset avastamisr\u00f5\u00f5mu. Selle lummav ilu, mis on k\u00e4sitsi valmistatud k\u00f5rgekvaliteedilisest h\u00fcpoallergeensest borosilikaatklaasist, paistab silma hingematva l\u00e4bipaistvusega, mis toob esile selle veatu selguse.<\/p>\n<p>Klaasist anaaltapp sobib kandmiseks nii vahekorra ajal kui ka igap\u00e4evaselt. Vahekorra ajal kandmine avab t\u00e4iesti uued tunded, kuna stimuleeritakse uut piirkonda. Lisaks v\u00f5ib see tekitada ka kergelt tihedama tunde ja pakkuda lisastimulatsiooni. Klaasist anaaltapp sobib eriti h\u00e4sti ka temperatuurim\u00e4ngudeks. Hoides seda k\u00fclma v\u00f5i sooja vee all, langeb v\u00f5i t\u00f5useb klaasi temperatuur.<\/p>\n<p>Anaaltappi kasutamine on lihtne ja mugav. Kandke peale oma lemmik libestit ja sisestage Anii ettevaatlikult. Kui kasutate anaaltappi esimest korda, alustage k\u00f5igepealt s\u00f5rmedega, et lasta kehal kohaneda. Sisestage anaaltapp aeglaselt, hoides \u00f5rna survet kuid mitte liiga tugevalt surudes. Maksimaalse mugavuse saavutamiseks kasutage \u00fcmmargust p\u00f5hja, et nurka ja asendit reguleerida. Eemaldamiseks t\u00f5mmake \u00f5rnalt p\u00f5hjast.<\/p>\n<p>Klaasleludega on ohutu kasutuda k\u00f5iki libesteid, olgu need vee, silikooni v\u00f5i \u00f5li baasil. Eriti intiimse keskkonna loomiseks soovitame <a href=\"https:\/\/lustandlove.eu\/et\/toode\/touch-massage-lubricant-with-organic-oils\/\">Touch \u00f5li baasil libesti-massa\u017ei\u00f5li<\/a>, mille magus mandli aroom sind koheselt \u00e4ra v\u00f5lub. Kas teadsid, et klaasist anaaltapp sobib v\u00e4ga h\u00e4sti ka sihitud massa\u017ei jaoks? Lihtsalt v\u00f5ta anaaltapp s\u00f5rmede vahele, k\u00e4epide peos (nagu Wolverine!) ja kasuta selle peenikest otsa, et sihtida valutavaid lihaseid.<\/p>\n<p>Enne igat kasutamist tehke ka kiire kontroll, et klaasi poleks tekkinud m\u00f5rasid. V\u00f5ime aga kinnitada, et klaasist anaaltapid on palju tugevamad, kui v\u00f5iksid arvata. Borosilikaat klaas on v\u00e4ga tugev ja vastupidav, ning ei purune v\u00e4ikeste l\u00f6\u00f6kide peale. Me ei soovita seda ise j\u00e4rgi testida, aga oleme kukutanud klaasist lelusid nii laua kui p\u00f5randa peale, ja seni ei ole \u00fckski katki l\u00e4inud. Kuid alati tasub olla ettevaatlik ja veenduda, et toode on kasutusk\u00f5lblik.<\/p>\n<p><strong>Suurus ja kaal<\/strong><\/p>\n<ul>\n<li>Pikkus: 11,6 cm<\/li>\n<li>K\u00f5ige laiem sisestatav koht: 2,9 cm<\/li>\n<li>P\u00f5hja l\u00e4bim\u00f5\u00f5t: 3,8 cm<\/li>\n<li>Kaal: 112 g<\/li>\n<\/ul>\n<p>M\u00e4rkus: Kuna see toode on k\u00e4sit\u00f6\u00f6na valmistatud, v\u00f5ivad v\u00e4rvus, suurus ja kaal kergelt erineda.<\/p>\n<p><strong>Kas klaasist anaaltappi on ohutu kasutada?<\/strong><br \/>\nJah! Anii on valmistatud k\u00f5rgborosilikaatklaasist, mis annab sellele lisatugevuse ja vastupidavuse. Enne Anii kasutamist tehke kiire \u00fclevaade ja kontrollige, et tootel ei oleks tekkinud defekte. Kui m\u00e4rkate klaasikilde v\u00f5i pragusid, l\u00f5petage Anii kasutamine koheselt ja utiliseerige see ohutul viisil.<\/p>\n<p><strong>Kuidas peaksin Anii anaaltappi pesema?<\/strong><\/p>\n<p>Piisab \u00f5rnast pesust seebi ja veega. Kuivatage Anii kindlasti korralikult ja hoidke seda kaasasolevas hoiukarbis. Soovitame Anii-d mitte n\u00f5udepesumasinas pesta.<\/p>\n<p><strong>Kas seda lelu saavad kasutada algajad?<\/strong><\/p>\n<p>Jah, Anii on loodud mugavaks kasutamiseks ja sobib algajatele. Siiski on alati oluline alustada aeglaselt ja kuulata oma keha.<\/p>\n","protected":false},"excerpt":{"rendered":"<p>Avasta uusi m\u00f5nusid ja v\u00f5imenda olemasolevaid meie Anii\u2122 klaasist anaaltappiga. Asjatundlikult mugavaks kandmiseks disainitud Anii on elegantne ja intiimne. Selle lummav ilu on k\u00e4sitsi valmistatud kvaliteetsest h\u00fcpoallergeensest borosilikaatklaasist ning hingemattev l\u00e4bipaistvus toob esile selle laitmatu selguse.<\/p>\n","protected":false},"featured_media":93556,"template":"","meta":[],"product_brand":[4198],"product_cat":[1491],"product_tag":[1567],"class_list":{"0":"post-93629","1":"product","2":"type-product","3":"status-publish","4":"has-post-thumbnail","6":"product_brand-biird-et","7":"product_cat-anaallelud","8":"product_tag-klaas","9":"pa_brand-biird-et","11":"first","12":"instock","13":"taxable","14":"shipping-taxable","15":"purchasable","16":"product-type-simple"},"yoast_head":"<!-- This site is optimized with the Yoast SEO plugin v27.3 - https:\/\/yoast.com\/product\/yoast-seo-wordpress\/ -->\n<title>Anii Klaasist Anaaltapp | Lust and Love<\/title>\n<meta name=\"description\" content=\"Avasta uusi m\u00f5nusid ja v\u00f5imenda olemasolevaid meie klaasist anaaltapp Anii-ga, mis on asjatundlikult disainitud mugavaks kandmiseks ja on elegantne intiimse ilu t\u00fckk.\" \/>\n<meta name=\"robots\" content=\"index,follow,max-snippet:-1,max-image-preview:large,max-video-preview:-1\" \/>\n<link rel=\"canonical\" href=\"https:\/\/lustandlove.eu\/et\/toode\/anii-klaasist-anaaltapp\/\" \/>\n<meta name=\"twitter:card\" content=\"summary_large_image\" \/>\n<meta name=\"twitter:title\" content=\"Anii Klaasist Anaaltapp | Lust and Love\" \/>\n<meta name=\"twitter:description\" content=\"Avasta uusi m\u00f5nusid ja v\u00f5imenda olemasolevaid meie klaasist anaaltapp Anii-ga, mis on asjatundlikult disainitud mugavaks kandmiseks ja on elegantne intiimse ilu t\u00fckk.\" \/>\n<meta name=\"twitter:image\" content=\"https:\/\/lustandlove.eu\/wp-content\/uploads\/Biird_Anii_1_Free-storage_900x.jpg\" \/>\n<meta name=\"twitter:label1\" content=\"Est. reading time\" \/>\n\t<meta name=\"twitter:data1\" content=\"1 minut\" \/>\n<script type=\"application\/ld+json\" class=\"yoast-schema-graph\">{\"@context\":\"https:\\\/\\\/schema.org\",\"@graph\":[{\"@type\":[\"WebPage\",\"ItemPage\"],\"@id\":\"https:\\\/\\\/lustandlove.eu\\\/et\\\/toode\\\/anii-klaasist-anaaltapp\\\/\",\"url\":\"https:\\\/\\\/lustandlove.eu\\\/et\\\/toode\\\/anii-klaasist-anaaltapp\\\/\",\"name\":\"Anii Klaasist Anaaltapp | Lust and Love\",\"isPartOf\":{\"@id\":\"https:\\\/\\\/lustandlove.eu\\\/et\\\/#website\"},\"primaryImageOfPage\":{\"@id\":\"https:\\\/\\\/lustandlove.eu\\\/et\\\/toode\\\/anii-klaasist-anaaltapp\\\/#primaryimage\"},\"image\":{\"@id\":\"https:\\\/\\\/lustandlove.eu\\\/et\\\/toode\\\/anii-klaasist-anaaltapp\\\/#primaryimage\"},\"thumbnailUrl\":\"https:\\\/\\\/lustandlove.eu\\\/wp-content\\\/uploads\\\/Biird_Anii_1_Free-storage_900x.jpg\",\"datePublished\":\"2025-05-21T09:42:19+00:00\",\"dateModified\":\"2026-04-13T07:26:34+00:00\",\"description\":\"Avasta uusi m\u00f5nusid ja v\u00f5imenda olemasolevaid meie klaasist anaaltapp Anii-ga, mis on asjatundlikult disainitud mugavaks kandmiseks ja on elegantne intiimse ilu t\u00fckk.\",\"breadcrumb\":{\"@id\":\"https:\\\/\\\/lustandlove.eu\\\/et\\\/toode\\\/anii-klaasist-anaaltapp\\\/#breadcrumb\"},\"inLanguage\":\"et\",\"potentialAction\":[{\"@type\":\"ReadAction\",\"target\":[\"https:\\\/\\\/lustandlove.eu\\\/et\\\/toode\\\/anii-klaasist-anaaltapp\\\/\"]}]},{\"@type\":\"ImageObject\",\"inLanguage\":\"et\",\"@id\":\"https:\\\/\\\/lustandlove.eu\\\/et\\\/toode\\\/anii-klaasist-anaaltapp\\\/#primaryimage\",\"url\":\"https:\\\/\\\/lustandlove.eu\\\/wp-content\\\/uploads\\\/Biird_Anii_1_Free-storage_900x.jpg\",\"contentUrl\":\"https:\\\/\\\/lustandlove.eu\\\/wp-content\\\/uploads\\\/Biird_Anii_1_Free-storage_900x.jpg\",\"width\":900,\"height\":900},{\"@type\":\"BreadcrumbList\",\"@id\":\"https:\\\/\\\/lustandlove.eu\\\/et\\\/toode\\\/anii-klaasist-anaaltapp\\\/#breadcrumb\",\"itemListElement\":[{\"@type\":\"ListItem\",\"position\":1,\"name\":\"Lust and Love\",\"item\":\"https:\\\/\\\/lustandlove.eu\\\/et\\\/\"},{\"@type\":\"ListItem\",\"position\":2,\"name\":\"Pood\",\"item\":\"https:\\\/\\\/lustandlove.eu\\\/et\\\/pood\\\/\"},{\"@type\":\"ListItem\",\"position\":3,\"name\":\"Sekslelud\",\"item\":\"https:\\\/\\\/lustandlove.eu\\\/et\\\/pood\\\/sekslelud\\\/\"},{\"@type\":\"ListItem\",\"position\":4,\"name\":\"Anaallelud\",\"item\":\"https:\\\/\\\/lustandlove.eu\\\/et\\\/pood\\\/sekslelud\\\/anaallelud\\\/\"},{\"@type\":\"ListItem\",\"position\":5,\"name\":\"Anii Klaasist Anaaltapp\"}]},{\"@type\":\"WebSite\",\"@id\":\"https:\\\/\\\/lustandlove.eu\\\/et\\\/#website\",\"url\":\"https:\\\/\\\/lustandlove.eu\\\/et\\\/\",\"name\":\"Lust &amp; Love\",\"description\":\"Online erootikapood tervise, ilu ja armastuse jaoks\",\"publisher\":{\"@id\":\"https:\\\/\\\/lustandlove.eu\\\/et\\\/#organization\"},\"potentialAction\":[{\"@type\":\"SearchAction\",\"target\":{\"@type\":\"EntryPoint\",\"urlTemplate\":\"https:\\\/\\\/lustandlove.eu\\\/et\\\/?s={search_term_string}\"},\"query-input\":{\"@type\":\"PropertyValueSpecification\",\"valueRequired\":true,\"valueName\":\"search_term_string\"}}],\"inLanguage\":\"et\"},{\"@type\":\"Organization\",\"@id\":\"https:\\\/\\\/lustandlove.eu\\\/et\\\/#organization\",\"name\":\"Bioconcept Baltics O\u00dc\",\"url\":\"https:\\\/\\\/lustandlove.eu\\\/et\\\/\",\"logo\":{\"@type\":\"ImageObject\",\"inLanguage\":\"et\",\"@id\":\"https:\\\/\\\/lustandlove.eu\\\/et\\\/#\\\/schema\\\/logo\\\/image\\\/\",\"url\":\"\",\"contentUrl\":\"\",\"caption\":\"Bioconcept Baltics O\u00dc\"},\"image\":{\"@id\":\"https:\\\/\\\/lustandlove.eu\\\/et\\\/#\\\/schema\\\/logo\\\/image\\\/\"},\"sameAs\":[\"https:\\\/\\\/www.facebook.com\\\/LustandLoveEU\\\/\",\"https:\\\/\\\/www.instagram.com\\\/lustandloveeu\\\/\"]}]}<\/script>\n<!-- \/ Yoast SEO plugin. -->","yoast_head_json":{"title":"Anii Klaasist Anaaltapp | Lust and Love","description":"Avasta uusi m\u00f5nusid ja v\u00f5imenda olemasolevaid meie klaasist anaaltapp Anii-ga, mis on asjatundlikult disainitud mugavaks kandmiseks ja on elegantne intiimse ilu t\u00fckk.","robots":{"index,follow,max-snippet":"index,follow,max-snippet:-1,max-image-preview:large,max-video-preview:-1"},"canonical":"https:\/\/lustandlove.eu\/et\/toode\/anii-klaasist-anaaltapp\/","twitter_card":"summary_large_image","twitter_title":"Anii Klaasist Anaaltapp | Lust and Love","twitter_description":"Avasta uusi m\u00f5nusid ja v\u00f5imenda olemasolevaid meie klaasist anaaltapp Anii-ga, mis on asjatundlikult disainitud mugavaks kandmiseks ja on elegantne intiimse ilu t\u00fckk.","twitter_image":"https:\/\/lustandlove.eu\/wp-content\/uploads\/Biird_Anii_1_Free-storage_900x.jpg","twitter_misc":{"Est. reading time":"1 minut"},"schema":{"@context":"https:\/\/schema.org","@graph":[{"@type":["WebPage","ItemPage"],"@id":"https:\/\/lustandlove.eu\/et\/toode\/anii-klaasist-anaaltapp\/","url":"https:\/\/lustandlove.eu\/et\/toode\/anii-klaasist-anaaltapp\/","name":"Anii Klaasist Anaaltapp | Lust and Love","isPartOf":{"@id":"https:\/\/lustandlove.eu\/et\/#website"},"primaryImageOfPage":{"@id":"https:\/\/lustandlove.eu\/et\/toode\/anii-klaasist-anaaltapp\/#primaryimage"},"image":{"@id":"https:\/\/lustandlove.eu\/et\/toode\/anii-klaasist-anaaltapp\/#primaryimage"},"thumbnailUrl":"https:\/\/lustandlove.eu\/wp-content\/uploads\/Biird_Anii_1_Free-storage_900x.jpg","datePublished":"2025-05-21T09:42:19+00:00","dateModified":"2026-04-13T07:26:34+00:00","description":"Avasta uusi m\u00f5nusid ja v\u00f5imenda olemasolevaid meie klaasist anaaltapp Anii-ga, mis on asjatundlikult disainitud mugavaks kandmiseks ja on elegantne intiimse ilu t\u00fckk.","breadcrumb":{"@id":"https:\/\/lustandlove.eu\/et\/toode\/anii-klaasist-anaaltapp\/#breadcrumb"},"inLanguage":"et","potentialAction":[{"@type":"ReadAction","target":["https:\/\/lustandlove.eu\/et\/toode\/anii-klaasist-anaaltapp\/"]}]},{"@type":"ImageObject","inLanguage":"et","@id":"https:\/\/lustandlove.eu\/et\/toode\/anii-klaasist-anaaltapp\/#primaryimage","url":"https:\/\/lustandlove.eu\/wp-content\/uploads\/Biird_Anii_1_Free-storage_900x.jpg","contentUrl":"https:\/\/lustandlove.eu\/wp-content\/uploads\/Biird_Anii_1_Free-storage_900x.jpg","width":900,"height":900},{"@type":"BreadcrumbList","@id":"https:\/\/lustandlove.eu\/et\/toode\/anii-klaasist-anaaltapp\/#breadcrumb","itemListElement":[{"@type":"ListItem","position":1,"name":"Lust and Love","item":"https:\/\/lustandlove.eu\/et\/"},{"@type":"ListItem","position":2,"name":"Pood","item":"https:\/\/lustandlove.eu\/et\/pood\/"},{"@type":"ListItem","position":3,"name":"Sekslelud","item":"https:\/\/lustandlove.eu\/et\/pood\/sekslelud\/"},{"@type":"ListItem","position":4,"name":"Anaallelud","item":"https:\/\/lustandlove.eu\/et\/pood\/sekslelud\/anaallelud\/"},{"@type":"ListItem","position":5,"name":"Anii Klaasist Anaaltapp"}]},{"@type":"WebSite","@id":"https:\/\/lustandlove.eu\/et\/#website","url":"https:\/\/lustandlove.eu\/et\/","name":"Lust &amp; Love","description":"Online erootikapood tervise, ilu ja armastuse jaoks","publisher":{"@id":"https:\/\/lustandlove.eu\/et\/#organization"},"potentialAction":[{"@type":"SearchAction","target":{"@type":"EntryPoint","urlTemplate":"https:\/\/lustandlove.eu\/et\/?s={search_term_string}"},"query-input":{"@type":"PropertyValueSpecification","valueRequired":true,"valueName":"search_term_string"}}],"inLanguage":"et"},{"@type":"Organization","@id":"https:\/\/lustandlove.eu\/et\/#organization","name":"Bioconcept Baltics O\u00dc","url":"https:\/\/lustandlove.eu\/et\/","logo":{"@type":"ImageObject","inLanguage":"et","@id":"https:\/\/lustandlove.eu\/et\/#\/schema\/logo\/image\/","url":"","contentUrl":"","caption":"Bioconcept Baltics O\u00dc"},"image":{"@id":"https:\/\/lustandlove.eu\/et\/#\/schema\/logo\/image\/"},"sameAs":["https:\/\/www.facebook.com\/LustandLoveEU\/","https:\/\/www.instagram.com\/lustandloveeu\/"]}]}},"_links":{"self":[{"href":"https:\/\/lustandlove.eu\/et\/wp-json\/wp\/v2\/product\/93629","targetHints":{"allow":["GET"]}}],"collection":[{"href":"https:\/\/lustandlove.eu\/et\/wp-json\/wp\/v2\/product"}],"about":[{"href":"https:\/\/lustandlove.eu\/et\/wp-json\/wp\/v2\/types\/product"}],"wp:featuredmedia":[{"embeddable":true,"href":"https:\/\/lustandlove.eu\/et\/wp-json\/wp\/v2\/media\/93556"}],"wp:attachment":[{"href":"https:\/\/lustandlove.eu\/et\/wp-json\/wp\/v2\/media?parent=93629"}],"wp:term":[{"taxonomy":"product_brand","embeddable":true,"href":"https:\/\/lustandlove.eu\/et\/wp-json\/wp\/v2\/product_brand?post=93629"},{"taxonomy":"product_cat","embeddable":true,"href":"https:\/\/lustandlove.eu\/et\/wp-json\/wp\/v2\/product_cat?post=93629"},{"taxonomy":"product_tag","embeddable":true,"href":"https:\/\/lustandlove.eu\/et\/wp-json\/wp\/v2\/product_tag?post=93629"}],"curies":[{"name":"wp","href":"https:\/\/api.w.org\/{rel}","templated":true}]}}