{"id":93631,"date":"2025-05-21T13:24:54","date_gmt":"2025-05-21T10:24:55","guid":{"rendered":"https:\/\/www.lustandlove.eu\/?post_type=product&#038;p=93631"},"modified":"2025-08-19T15:35:44","modified_gmt":"2025-08-19T12:35:44","slug":"maasikas-copy","status":"publish","type":"product","link":"https:\/\/lustandlove.eu\/et\/toode\/maasikas-copy\/","title":{"rendered":"Lumii \u00d5hkstimulaator"},"content":{"rendered":"<h2>Lihtsalt kasutatav \u00d5hkstimulaator<\/h2>\n<p>T\u00e4ielikult veekindel ja \u00fclipehmest silikoonist valmistatud Lumii uhkeldab seitsme imemisintensiivsuse tasemega, millele p\u00e4\u00e4seb h\u00f5lpsalt ligi \u00fche nupuvajutuse kaudu. Vikerkaarev\u00e4rvilise viimistlusega Lumiil on kaasas sobiv kvaliteetne l\u00e4ikiv peegliga hoiukott.<\/p>\n<p><strong>M\u00f5\u00f5tmed ja kaal<\/strong><br \/>\nLumii suurus: 71 x 77 x 31 mm<br \/>\nLumii kaal: 90 g<\/p>\n<p><strong>Aku ja laadimine<\/strong><br \/>\nAku: 500 mAh.<br \/>\nKasutusaeg: kuni 2 tundi.<br \/>\nLaadimisaeg: 2,5 tundi.<\/p>\n<p><strong>Materjalid ja kasutamine<\/strong><br \/>\nMaterjalid: kvaliteetne \u00fclipehme silikoon ja ABS.<br \/>\nKasutamine: \u00fche nupuga liides. Pikk vajutus (5 sekundit) reisire\u017eiimi lukustamiseks\/avamiseks. Intensiivsuse alustamiseks ja muutmiseks 1 kl\u00f5ps.<br \/>\nIP7X veekindlus: Lumii\u2122 saab vannis vette uputada ja kasutada.<br \/>\nMaks. M\u00fcratase: 50 dB.<\/p>\n","protected":false},"excerpt":{"rendered":"<p>Avasta Lumii\u2122, meie h\u00f5lpsasti kasutatav ja ligip\u00e4\u00e4setav imemism\u00e4nguasi, mis on sama v\u00f5imas kui t\u00e4issuuruses lelu. V\u00e4ike, aga v\u00f5imas \u2013 Lumii\u2122 on h\u00f5lpsasti kasutatav ja mahub peopessa, olles samal ajal sosinvaikne.<\/p>\n","protected":false},"featured_media":93536,"template":"","meta":[],"product_brand":[],"product_cat":[3982,1484,1488],"product_tag":[3842,3893,3388],"class_list":{"0":"post-93631","1":"product","2":"type-product","3":"status-publish","4":"has-post-thumbnail","6":"product_cat-ohksurve-simulaator","7":"product_cat-sekslelud","8":"product_cat-vibraatorid","9":"product_tag-imemis","10":"product_tag-ohk","11":"product_tag-pride-et","12":"pa_brand-biird-et","14":"first","15":"instock","16":"taxable","17":"shipping-taxable","18":"purchasable","19":"product-type-variable"},"yoast_head":"<!-- This site is optimized with the Yoast SEO plugin v27.3 - https:\/\/yoast.com\/product\/yoast-seo-wordpress\/ -->\n<title>Lumii \u00d5hkstimulaator | Lust and Love<\/title>\n<meta name=\"description\" content=\"Lumii on h\u00f5lpsasti kasutatav imemisvibraator, mis pakub sama palju j\u00f5udu kui t\u00e4issuuruses vibraator. Lumii mahub peopessa ja on sosinvaikne.\" \/>\n<meta name=\"robots\" content=\"index,follow,max-snippet:-1,max-image-preview:large,max-video-preview:-1\" \/>\n<link rel=\"canonical\" href=\"https:\/\/lustandlove.eu\/et\/toode\/maasikas-copy\/\" \/>\n<meta name=\"twitter:card\" content=\"summary_large_image\" \/>\n<meta name=\"twitter:title\" content=\"Lumii \u00d5hkstimulaator | Lust and Love\" \/>\n<meta name=\"twitter:description\" content=\"Lumii on h\u00f5lpsasti kasutatav imemisvibraator, mis pakub sama palju j\u00f5udu kui t\u00e4issuuruses vibraator. Lumii mahub peopessa ja on sosinvaikne.\" \/>\n<meta name=\"twitter:image\" content=\"https:\/\/lustandlove.eu\/wp-content\/uploads\/Biird_Lumii_on-white_lilac_fafafa_5bfbd5c6-d080-4f5e-bdcd-5a8fc0935d3a_900x.jpg\" \/>\n<script type=\"application\/ld+json\" class=\"yoast-schema-graph\">{\"@context\":\"https:\\\/\\\/schema.org\",\"@graph\":[{\"@type\":[\"WebPage\",\"ItemPage\"],\"@id\":\"https:\\\/\\\/lustandlove.eu\\\/et\\\/toode\\\/maasikas-copy\\\/\",\"url\":\"https:\\\/\\\/lustandlove.eu\\\/et\\\/toode\\\/maasikas-copy\\\/\",\"name\":\"Lumii \u00d5hkstimulaator | Lust and Love\",\"isPartOf\":{\"@id\":\"https:\\\/\\\/lustandlove.eu\\\/et\\\/#website\"},\"primaryImageOfPage\":{\"@id\":\"https:\\\/\\\/lustandlove.eu\\\/et\\\/toode\\\/maasikas-copy\\\/#primaryimage\"},\"image\":{\"@id\":\"https:\\\/\\\/lustandlove.eu\\\/et\\\/toode\\\/maasikas-copy\\\/#primaryimage\"},\"thumbnailUrl\":\"https:\\\/\\\/lustandlove.eu\\\/wp-content\\\/uploads\\\/Biird_Lumii_on-white_lilac_fafafa_5bfbd5c6-d080-4f5e-bdcd-5a8fc0935d3a_900x.jpg\",\"datePublished\":\"2025-05-21T10:24:55+00:00\",\"dateModified\":\"2025-08-19T12:35:44+00:00\",\"description\":\"Lumii on h\u00f5lpsasti kasutatav imemisvibraator, mis pakub sama palju j\u00f5udu kui t\u00e4issuuruses vibraator. Lumii mahub peopessa ja on sosinvaikne.\",\"breadcrumb\":{\"@id\":\"https:\\\/\\\/lustandlove.eu\\\/et\\\/toode\\\/maasikas-copy\\\/#breadcrumb\"},\"inLanguage\":\"et\",\"potentialAction\":[{\"@type\":\"ReadAction\",\"target\":[\"https:\\\/\\\/lustandlove.eu\\\/et\\\/toode\\\/maasikas-copy\\\/\"]}]},{\"@type\":\"ImageObject\",\"inLanguage\":\"et\",\"@id\":\"https:\\\/\\\/lustandlove.eu\\\/et\\\/toode\\\/maasikas-copy\\\/#primaryimage\",\"url\":\"https:\\\/\\\/lustandlove.eu\\\/wp-content\\\/uploads\\\/Biird_Lumii_on-white_lilac_fafafa_5bfbd5c6-d080-4f5e-bdcd-5a8fc0935d3a_900x.jpg\",\"contentUrl\":\"https:\\\/\\\/lustandlove.eu\\\/wp-content\\\/uploads\\\/Biird_Lumii_on-white_lilac_fafafa_5bfbd5c6-d080-4f5e-bdcd-5a8fc0935d3a_900x.jpg\",\"width\":900,\"height\":900},{\"@type\":\"BreadcrumbList\",\"@id\":\"https:\\\/\\\/lustandlove.eu\\\/et\\\/toode\\\/maasikas-copy\\\/#breadcrumb\",\"itemListElement\":[{\"@type\":\"ListItem\",\"position\":1,\"name\":\"Lust and Love\",\"item\":\"https:\\\/\\\/lustandlove.eu\\\/et\\\/\"},{\"@type\":\"ListItem\",\"position\":2,\"name\":\"Pood\",\"item\":\"https:\\\/\\\/lustandlove.eu\\\/shop\\\/\"},{\"@type\":\"ListItem\",\"position\":3,\"name\":\"Sekslelud\",\"item\":\"https:\\\/\\\/lustandlove.eu\\\/et\\\/pood\\\/sekslelud\\\/\"},{\"@type\":\"ListItem\",\"position\":4,\"name\":\"Lumii \u00d5hkstimulaator\"}]},{\"@type\":\"WebSite\",\"@id\":\"https:\\\/\\\/lustandlove.eu\\\/et\\\/#website\",\"url\":\"https:\\\/\\\/lustandlove.eu\\\/et\\\/\",\"name\":\"Lust &amp; Love\",\"description\":\"Online erootikapood tervise, ilu ja armastuse jaoks\",\"publisher\":{\"@id\":\"https:\\\/\\\/lustandlove.eu\\\/et\\\/#organization\"},\"potentialAction\":[{\"@type\":\"SearchAction\",\"target\":{\"@type\":\"EntryPoint\",\"urlTemplate\":\"https:\\\/\\\/lustandlove.eu\\\/et\\\/?s={search_term_string}\"},\"query-input\":{\"@type\":\"PropertyValueSpecification\",\"valueRequired\":true,\"valueName\":\"search_term_string\"}}],\"inLanguage\":\"et\"},{\"@type\":\"Organization\",\"@id\":\"https:\\\/\\\/lustandlove.eu\\\/et\\\/#organization\",\"name\":\"Bioconcept Baltics O\u00dc\",\"url\":\"https:\\\/\\\/lustandlove.eu\\\/et\\\/\",\"logo\":{\"@type\":\"ImageObject\",\"inLanguage\":\"et\",\"@id\":\"https:\\\/\\\/lustandlove.eu\\\/et\\\/#\\\/schema\\\/logo\\\/image\\\/\",\"url\":\"\",\"contentUrl\":\"\",\"caption\":\"Bioconcept Baltics O\u00dc\"},\"image\":{\"@id\":\"https:\\\/\\\/lustandlove.eu\\\/et\\\/#\\\/schema\\\/logo\\\/image\\\/\"},\"sameAs\":[\"https:\\\/\\\/www.facebook.com\\\/LustandLoveEU\\\/\",\"https:\\\/\\\/www.instagram.com\\\/lustandloveeu\\\/\"]}]}<\/script>\n<!-- \/ Yoast SEO plugin. -->","yoast_head_json":{"title":"Lumii \u00d5hkstimulaator | Lust and Love","description":"Lumii on h\u00f5lpsasti kasutatav imemisvibraator, mis pakub sama palju j\u00f5udu kui t\u00e4issuuruses vibraator. Lumii mahub peopessa ja on sosinvaikne.","robots":{"index,follow,max-snippet":"index,follow,max-snippet:-1,max-image-preview:large,max-video-preview:-1"},"canonical":"https:\/\/lustandlove.eu\/et\/toode\/maasikas-copy\/","twitter_card":"summary_large_image","twitter_title":"Lumii \u00d5hkstimulaator | Lust and Love","twitter_description":"Lumii on h\u00f5lpsasti kasutatav imemisvibraator, mis pakub sama palju j\u00f5udu kui t\u00e4issuuruses vibraator. Lumii mahub peopessa ja on sosinvaikne.","twitter_image":"https:\/\/lustandlove.eu\/wp-content\/uploads\/Biird_Lumii_on-white_lilac_fafafa_5bfbd5c6-d080-4f5e-bdcd-5a8fc0935d3a_900x.jpg","schema":{"@context":"https:\/\/schema.org","@graph":[{"@type":["WebPage","ItemPage"],"@id":"https:\/\/lustandlove.eu\/et\/toode\/maasikas-copy\/","url":"https:\/\/lustandlove.eu\/et\/toode\/maasikas-copy\/","name":"Lumii \u00d5hkstimulaator | Lust and Love","isPartOf":{"@id":"https:\/\/lustandlove.eu\/et\/#website"},"primaryImageOfPage":{"@id":"https:\/\/lustandlove.eu\/et\/toode\/maasikas-copy\/#primaryimage"},"image":{"@id":"https:\/\/lustandlove.eu\/et\/toode\/maasikas-copy\/#primaryimage"},"thumbnailUrl":"https:\/\/lustandlove.eu\/wp-content\/uploads\/Biird_Lumii_on-white_lilac_fafafa_5bfbd5c6-d080-4f5e-bdcd-5a8fc0935d3a_900x.jpg","datePublished":"2025-05-21T10:24:55+00:00","dateModified":"2025-08-19T12:35:44+00:00","description":"Lumii on h\u00f5lpsasti kasutatav imemisvibraator, mis pakub sama palju j\u00f5udu kui t\u00e4issuuruses vibraator. Lumii mahub peopessa ja on sosinvaikne.","breadcrumb":{"@id":"https:\/\/lustandlove.eu\/et\/toode\/maasikas-copy\/#breadcrumb"},"inLanguage":"et","potentialAction":[{"@type":"ReadAction","target":["https:\/\/lustandlove.eu\/et\/toode\/maasikas-copy\/"]}]},{"@type":"ImageObject","inLanguage":"et","@id":"https:\/\/lustandlove.eu\/et\/toode\/maasikas-copy\/#primaryimage","url":"https:\/\/lustandlove.eu\/wp-content\/uploads\/Biird_Lumii_on-white_lilac_fafafa_5bfbd5c6-d080-4f5e-bdcd-5a8fc0935d3a_900x.jpg","contentUrl":"https:\/\/lustandlove.eu\/wp-content\/uploads\/Biird_Lumii_on-white_lilac_fafafa_5bfbd5c6-d080-4f5e-bdcd-5a8fc0935d3a_900x.jpg","width":900,"height":900},{"@type":"BreadcrumbList","@id":"https:\/\/lustandlove.eu\/et\/toode\/maasikas-copy\/#breadcrumb","itemListElement":[{"@type":"ListItem","position":1,"name":"Lust and Love","item":"https:\/\/lustandlove.eu\/et\/"},{"@type":"ListItem","position":2,"name":"Pood","item":"https:\/\/lustandlove.eu\/shop\/"},{"@type":"ListItem","position":3,"name":"Sekslelud","item":"https:\/\/lustandlove.eu\/et\/pood\/sekslelud\/"},{"@type":"ListItem","position":4,"name":"Lumii \u00d5hkstimulaator"}]},{"@type":"WebSite","@id":"https:\/\/lustandlove.eu\/et\/#website","url":"https:\/\/lustandlove.eu\/et\/","name":"Lust &amp; Love","description":"Online erootikapood tervise, ilu ja armastuse jaoks","publisher":{"@id":"https:\/\/lustandlove.eu\/et\/#organization"},"potentialAction":[{"@type":"SearchAction","target":{"@type":"EntryPoint","urlTemplate":"https:\/\/lustandlove.eu\/et\/?s={search_term_string}"},"query-input":{"@type":"PropertyValueSpecification","valueRequired":true,"valueName":"search_term_string"}}],"inLanguage":"et"},{"@type":"Organization","@id":"https:\/\/lustandlove.eu\/et\/#organization","name":"Bioconcept Baltics O\u00dc","url":"https:\/\/lustandlove.eu\/et\/","logo":{"@type":"ImageObject","inLanguage":"et","@id":"https:\/\/lustandlove.eu\/et\/#\/schema\/logo\/image\/","url":"","contentUrl":"","caption":"Bioconcept Baltics O\u00dc"},"image":{"@id":"https:\/\/lustandlove.eu\/et\/#\/schema\/logo\/image\/"},"sameAs":["https:\/\/www.facebook.com\/LustandLoveEU\/","https:\/\/www.instagram.com\/lustandloveeu\/"]}]}},"_links":{"self":[{"href":"https:\/\/lustandlove.eu\/et\/wp-json\/wp\/v2\/product\/93631","targetHints":{"allow":["GET"]}}],"collection":[{"href":"https:\/\/lustandlove.eu\/et\/wp-json\/wp\/v2\/product"}],"about":[{"href":"https:\/\/lustandlove.eu\/et\/wp-json\/wp\/v2\/types\/product"}],"wp:featuredmedia":[{"embeddable":true,"href":"https:\/\/lustandlove.eu\/et\/wp-json\/wp\/v2\/media\/93536"}],"wp:attachment":[{"href":"https:\/\/lustandlove.eu\/et\/wp-json\/wp\/v2\/media?parent=93631"}],"wp:term":[{"taxonomy":"product_brand","embeddable":true,"href":"https:\/\/lustandlove.eu\/et\/wp-json\/wp\/v2\/product_brand?post=93631"},{"taxonomy":"product_cat","embeddable":true,"href":"https:\/\/lustandlove.eu\/et\/wp-json\/wp\/v2\/product_cat?post=93631"},{"taxonomy":"product_tag","embeddable":true,"href":"https:\/\/lustandlove.eu\/et\/wp-json\/wp\/v2\/product_tag?post=93631"}],"curies":[{"name":"wp","href":"https:\/\/api.w.org\/{rel}","templated":true}]}}