{"id":93639,"date":"2025-05-21T13:53:51","date_gmt":"2025-05-21T10:53:52","guid":{"rendered":"https:\/\/www.lustandlove.eu\/?post_type=product&#038;p=93639"},"modified":"2026-04-13T10:26:33","modified_gmt":"2026-04-13T07:26:33","slug":"lumii-ohkstimulaator-copy","status":"publish","type":"product","link":"https:\/\/lustandlove.eu\/et\/toode\/lumii-ohkstimulaator-copy\/","title":{"rendered":"Boo Lai Dildo"},"content":{"rendered":"<h2>Lai l\u00fchike dildo naudingu saamiseks<\/h2>\n<p>Valmistatud Biirdi \u00fclipehmest silikoonist ja viimistletud pritsmemustriga, Boo\u2122 abil saate nautida laiemat ja t\u00e4itvamat penetratsiooni ilma t\u00fc\u00fcpilise pikkuseta, mis tavaliselt kaasneb suurema suurusega dildoga. See pakub kliitori piirkonnale laiemat stimulatsiooni, v\u00e4ltides samal ajal emakakaela ebamugavust. Mugava penetratsiooni nautimiseks kandke piisavalt veep\u00f5hist libestit.<\/p>\n<p>Boo\u2122-ga on kaasas sametist kott, millele on tikitud Jouissance Clubi muster, ja Jouissance Clubi v\u00f5tmehoidja.<\/p>\n<p><strong>M\u00f5\u00f5tmed<\/strong><br \/>\nKogupikkus: 14 cm<br \/>\nL\u00e4bim\u00f5\u00f5t: min 4,1 cm, max 4,8 cm<br \/>\nKaal: 265 g<br \/>\nIminapa l\u00e4bim\u00f5\u00f5t: 9 cm \/ 3,54 tolli<\/p>\n<p><strong>Kuidas peaksin Bood puhastama?<\/strong><br \/>\nBood saab h\u00f5lpsasti puhastada sooja seebiveega v\u00f5i <a href=\"https:\/\/www.lustandlove.eu\/et\/product\/kiotos-toy-cleaner-150-ml\/\">m\u00e4nguasjade puhastusvahendiga<\/a>. Enne m\u00e4nguasja hoiustamist loputage ja kuivatage see kindlasti hoolikalt. Kui plaanite seda kasutada nii vaginaalselt kui ka anaalselt, soovitame anaalseks kasutamiseks kondoomi kasutada.<\/p>\n<p><strong>Kas ma saan Boo&#8217;d kasutada reguleeritava strap-on rakmetega?<\/strong><br \/>\nJah! Boo sobib enamikesse strap-on rakmetesse. Lihtsalt libistage see oma lemmik rakmetesse, et nautida <em>pegging<\/em>&#8211; v\u00f5i strap-on seksi m\u00f5nusid.<\/p>\n<p><strong>L\u00f5putu valik<\/strong><br \/>\nBoo pehme, painduv ja kehas\u00f5bralik silikoonkeha v\u00f5imaldab teil stimuleerida oma G- v\u00f5i P-punkte, olenemata sellest, kas kinnitate selle oma lemmikpinnale k\u00e4ed-vabad l\u00f5bu jaoks, asetate selle oma valitud rakmetele partneri rahuldamiseks v\u00f5i hoiate seda lihtsalt k\u00e4te vahel! Teie olete oma naudingute peremees!<\/p>\n","protected":false},"excerpt":{"rendered":"<p>Tutvustame Boo\u2122-d, Biirdi ja Jouissance Clubi uusimat naudingutoodet.<\/p>\n<p>Boo on tavalisest dildost laiem, kuid mitte eriti pikk. See avab t\u00e4iesti uue m\u00f5nude maailma. Saavuta laius ilma s\u00fcgavuseta. Kinnita Boo iminapp pinnale, kasuta k\u00e4si v\u00f5i strap-on rakmeid. Nauding on sinu.<\/p>\n","protected":false},"featured_media":93546,"template":"","meta":[],"product_brand":[4198],"product_cat":[1485,1484,4062],"product_tag":[3897,3899,3898],"class_list":{"0":"post-93639","1":"product","2":"type-product","3":"status-publish","4":"has-post-thumbnail","6":"product_brand-biird-et","7":"product_cat-dildod","8":"product_cat-sekslelud","9":"product_cat-suured","10":"product_tag-lai","11":"product_tag-luhike","12":"product_tag-paks","13":"pa_brand-biird-et","15":"first","16":"instock","17":"taxable","18":"shipping-taxable","19":"purchasable","20":"product-type-simple"},"yoast_head":"<!-- This site is optimized with the Yoast SEO plugin v27.3 - https:\/\/yoast.com\/product\/yoast-seo-wordpress\/ -->\n<title>Boo Lai Dildo | Lust and Love<\/title>\n<meta name=\"description\" content=\"Lumii on h\u00f5lpsasti kasutatav imemisvibraator, mis pakub sama palju j\u00f5udu kui t\u00e4issuuruses vibraator. Lumii mahub peopessa ja on sosinvaikne.\" \/>\n<meta name=\"robots\" content=\"index,follow,max-snippet:-1,max-image-preview:large,max-video-preview:-1\" \/>\n<link rel=\"canonical\" href=\"https:\/\/lustandlove.eu\/et\/toode\/lumii-ohkstimulaator-copy\/\" \/>\n<meta name=\"twitter:card\" content=\"summary_large_image\" \/>\n<meta name=\"twitter:title\" content=\"Boo Lai Dildo | Lust and Love\" \/>\n<meta name=\"twitter:description\" content=\"Lumii on h\u00f5lpsasti kasutatav imemisvibraator, mis pakub sama palju j\u00f5udu kui t\u00e4issuuruses vibraator. Lumii mahub peopessa ja on sosinvaikne.\" \/>\n<meta name=\"twitter:image\" content=\"https:\/\/lustandlove.eu\/wp-content\/uploads\/Biird_Boo_on-white_1_1080_fafafa_d4e701de-a80c-41e4-8752-f42717e0459a_900x.jpg\" \/>\n<meta name=\"twitter:label1\" content=\"Est. reading time\" \/>\n\t<meta name=\"twitter:data1\" content=\"1 minut\" \/>\n<script type=\"application\/ld+json\" class=\"yoast-schema-graph\">{\"@context\":\"https:\\\/\\\/schema.org\",\"@graph\":[{\"@type\":[\"WebPage\",\"ItemPage\"],\"@id\":\"https:\\\/\\\/lustandlove.eu\\\/et\\\/toode\\\/lumii-ohkstimulaator-copy\\\/\",\"url\":\"https:\\\/\\\/lustandlove.eu\\\/et\\\/toode\\\/lumii-ohkstimulaator-copy\\\/\",\"name\":\"Boo Lai Dildo | Lust and Love\",\"isPartOf\":{\"@id\":\"https:\\\/\\\/lustandlove.eu\\\/et\\\/#website\"},\"primaryImageOfPage\":{\"@id\":\"https:\\\/\\\/lustandlove.eu\\\/et\\\/toode\\\/lumii-ohkstimulaator-copy\\\/#primaryimage\"},\"image\":{\"@id\":\"https:\\\/\\\/lustandlove.eu\\\/et\\\/toode\\\/lumii-ohkstimulaator-copy\\\/#primaryimage\"},\"thumbnailUrl\":\"https:\\\/\\\/lustandlove.eu\\\/wp-content\\\/uploads\\\/Biird_Boo_on-white_1_1080_fafafa_d4e701de-a80c-41e4-8752-f42717e0459a_900x.jpg\",\"datePublished\":\"2025-05-21T10:53:52+00:00\",\"dateModified\":\"2026-04-13T07:26:33+00:00\",\"description\":\"Lumii on h\u00f5lpsasti kasutatav imemisvibraator, mis pakub sama palju j\u00f5udu kui t\u00e4issuuruses vibraator. Lumii mahub peopessa ja on sosinvaikne.\",\"breadcrumb\":{\"@id\":\"https:\\\/\\\/lustandlove.eu\\\/et\\\/toode\\\/lumii-ohkstimulaator-copy\\\/#breadcrumb\"},\"inLanguage\":\"et\",\"potentialAction\":[{\"@type\":\"ReadAction\",\"target\":[\"https:\\\/\\\/lustandlove.eu\\\/et\\\/toode\\\/lumii-ohkstimulaator-copy\\\/\"]}]},{\"@type\":\"ImageObject\",\"inLanguage\":\"et\",\"@id\":\"https:\\\/\\\/lustandlove.eu\\\/et\\\/toode\\\/lumii-ohkstimulaator-copy\\\/#primaryimage\",\"url\":\"https:\\\/\\\/lustandlove.eu\\\/wp-content\\\/uploads\\\/Biird_Boo_on-white_1_1080_fafafa_d4e701de-a80c-41e4-8752-f42717e0459a_900x.jpg\",\"contentUrl\":\"https:\\\/\\\/lustandlove.eu\\\/wp-content\\\/uploads\\\/Biird_Boo_on-white_1_1080_fafafa_d4e701de-a80c-41e4-8752-f42717e0459a_900x.jpg\",\"width\":900,\"height\":900},{\"@type\":\"BreadcrumbList\",\"@id\":\"https:\\\/\\\/lustandlove.eu\\\/et\\\/toode\\\/lumii-ohkstimulaator-copy\\\/#breadcrumb\",\"itemListElement\":[{\"@type\":\"ListItem\",\"position\":1,\"name\":\"Lust and Love\",\"item\":\"https:\\\/\\\/lustandlove.eu\\\/et\\\/\"},{\"@type\":\"ListItem\",\"position\":2,\"name\":\"Pood\",\"item\":\"https:\\\/\\\/lustandlove.eu\\\/et\\\/pood\\\/\"},{\"@type\":\"ListItem\",\"position\":3,\"name\":\"Sekslelud\",\"item\":\"https:\\\/\\\/lustandlove.eu\\\/et\\\/pood\\\/sekslelud\\\/\"},{\"@type\":\"ListItem\",\"position\":4,\"name\":\"Boo Lai Dildo\"}]},{\"@type\":\"WebSite\",\"@id\":\"https:\\\/\\\/lustandlove.eu\\\/et\\\/#website\",\"url\":\"https:\\\/\\\/lustandlove.eu\\\/et\\\/\",\"name\":\"Lust &amp; Love\",\"description\":\"Online erootikapood tervise, ilu ja armastuse jaoks\",\"publisher\":{\"@id\":\"https:\\\/\\\/lustandlove.eu\\\/et\\\/#organization\"},\"potentialAction\":[{\"@type\":\"SearchAction\",\"target\":{\"@type\":\"EntryPoint\",\"urlTemplate\":\"https:\\\/\\\/lustandlove.eu\\\/et\\\/?s={search_term_string}\"},\"query-input\":{\"@type\":\"PropertyValueSpecification\",\"valueRequired\":true,\"valueName\":\"search_term_string\"}}],\"inLanguage\":\"et\"},{\"@type\":\"Organization\",\"@id\":\"https:\\\/\\\/lustandlove.eu\\\/et\\\/#organization\",\"name\":\"Bioconcept Baltics O\u00dc\",\"url\":\"https:\\\/\\\/lustandlove.eu\\\/et\\\/\",\"logo\":{\"@type\":\"ImageObject\",\"inLanguage\":\"et\",\"@id\":\"https:\\\/\\\/lustandlove.eu\\\/et\\\/#\\\/schema\\\/logo\\\/image\\\/\",\"url\":\"\",\"contentUrl\":\"\",\"caption\":\"Bioconcept Baltics O\u00dc\"},\"image\":{\"@id\":\"https:\\\/\\\/lustandlove.eu\\\/et\\\/#\\\/schema\\\/logo\\\/image\\\/\"},\"sameAs\":[\"https:\\\/\\\/www.facebook.com\\\/LustandLoveEU\\\/\",\"https:\\\/\\\/www.instagram.com\\\/lustandloveeu\\\/\"]}]}<\/script>\n<!-- \/ Yoast SEO plugin. -->","yoast_head_json":{"title":"Boo Lai Dildo | Lust and Love","description":"Lumii on h\u00f5lpsasti kasutatav imemisvibraator, mis pakub sama palju j\u00f5udu kui t\u00e4issuuruses vibraator. Lumii mahub peopessa ja on sosinvaikne.","robots":{"index,follow,max-snippet":"index,follow,max-snippet:-1,max-image-preview:large,max-video-preview:-1"},"canonical":"https:\/\/lustandlove.eu\/et\/toode\/lumii-ohkstimulaator-copy\/","twitter_card":"summary_large_image","twitter_title":"Boo Lai Dildo | Lust and Love","twitter_description":"Lumii on h\u00f5lpsasti kasutatav imemisvibraator, mis pakub sama palju j\u00f5udu kui t\u00e4issuuruses vibraator. Lumii mahub peopessa ja on sosinvaikne.","twitter_image":"https:\/\/lustandlove.eu\/wp-content\/uploads\/Biird_Boo_on-white_1_1080_fafafa_d4e701de-a80c-41e4-8752-f42717e0459a_900x.jpg","twitter_misc":{"Est. reading time":"1 minut"},"schema":{"@context":"https:\/\/schema.org","@graph":[{"@type":["WebPage","ItemPage"],"@id":"https:\/\/lustandlove.eu\/et\/toode\/lumii-ohkstimulaator-copy\/","url":"https:\/\/lustandlove.eu\/et\/toode\/lumii-ohkstimulaator-copy\/","name":"Boo Lai Dildo | Lust and Love","isPartOf":{"@id":"https:\/\/lustandlove.eu\/et\/#website"},"primaryImageOfPage":{"@id":"https:\/\/lustandlove.eu\/et\/toode\/lumii-ohkstimulaator-copy\/#primaryimage"},"image":{"@id":"https:\/\/lustandlove.eu\/et\/toode\/lumii-ohkstimulaator-copy\/#primaryimage"},"thumbnailUrl":"https:\/\/lustandlove.eu\/wp-content\/uploads\/Biird_Boo_on-white_1_1080_fafafa_d4e701de-a80c-41e4-8752-f42717e0459a_900x.jpg","datePublished":"2025-05-21T10:53:52+00:00","dateModified":"2026-04-13T07:26:33+00:00","description":"Lumii on h\u00f5lpsasti kasutatav imemisvibraator, mis pakub sama palju j\u00f5udu kui t\u00e4issuuruses vibraator. Lumii mahub peopessa ja on sosinvaikne.","breadcrumb":{"@id":"https:\/\/lustandlove.eu\/et\/toode\/lumii-ohkstimulaator-copy\/#breadcrumb"},"inLanguage":"et","potentialAction":[{"@type":"ReadAction","target":["https:\/\/lustandlove.eu\/et\/toode\/lumii-ohkstimulaator-copy\/"]}]},{"@type":"ImageObject","inLanguage":"et","@id":"https:\/\/lustandlove.eu\/et\/toode\/lumii-ohkstimulaator-copy\/#primaryimage","url":"https:\/\/lustandlove.eu\/wp-content\/uploads\/Biird_Boo_on-white_1_1080_fafafa_d4e701de-a80c-41e4-8752-f42717e0459a_900x.jpg","contentUrl":"https:\/\/lustandlove.eu\/wp-content\/uploads\/Biird_Boo_on-white_1_1080_fafafa_d4e701de-a80c-41e4-8752-f42717e0459a_900x.jpg","width":900,"height":900},{"@type":"BreadcrumbList","@id":"https:\/\/lustandlove.eu\/et\/toode\/lumii-ohkstimulaator-copy\/#breadcrumb","itemListElement":[{"@type":"ListItem","position":1,"name":"Lust and Love","item":"https:\/\/lustandlove.eu\/et\/"},{"@type":"ListItem","position":2,"name":"Pood","item":"https:\/\/lustandlove.eu\/et\/pood\/"},{"@type":"ListItem","position":3,"name":"Sekslelud","item":"https:\/\/lustandlove.eu\/et\/pood\/sekslelud\/"},{"@type":"ListItem","position":4,"name":"Boo Lai Dildo"}]},{"@type":"WebSite","@id":"https:\/\/lustandlove.eu\/et\/#website","url":"https:\/\/lustandlove.eu\/et\/","name":"Lust &amp; Love","description":"Online erootikapood tervise, ilu ja armastuse jaoks","publisher":{"@id":"https:\/\/lustandlove.eu\/et\/#organization"},"potentialAction":[{"@type":"SearchAction","target":{"@type":"EntryPoint","urlTemplate":"https:\/\/lustandlove.eu\/et\/?s={search_term_string}"},"query-input":{"@type":"PropertyValueSpecification","valueRequired":true,"valueName":"search_term_string"}}],"inLanguage":"et"},{"@type":"Organization","@id":"https:\/\/lustandlove.eu\/et\/#organization","name":"Bioconcept Baltics O\u00dc","url":"https:\/\/lustandlove.eu\/et\/","logo":{"@type":"ImageObject","inLanguage":"et","@id":"https:\/\/lustandlove.eu\/et\/#\/schema\/logo\/image\/","url":"","contentUrl":"","caption":"Bioconcept Baltics O\u00dc"},"image":{"@id":"https:\/\/lustandlove.eu\/et\/#\/schema\/logo\/image\/"},"sameAs":["https:\/\/www.facebook.com\/LustandLoveEU\/","https:\/\/www.instagram.com\/lustandloveeu\/"]}]}},"_links":{"self":[{"href":"https:\/\/lustandlove.eu\/et\/wp-json\/wp\/v2\/product\/93639","targetHints":{"allow":["GET"]}}],"collection":[{"href":"https:\/\/lustandlove.eu\/et\/wp-json\/wp\/v2\/product"}],"about":[{"href":"https:\/\/lustandlove.eu\/et\/wp-json\/wp\/v2\/types\/product"}],"wp:featuredmedia":[{"embeddable":true,"href":"https:\/\/lustandlove.eu\/et\/wp-json\/wp\/v2\/media\/93546"}],"wp:attachment":[{"href":"https:\/\/lustandlove.eu\/et\/wp-json\/wp\/v2\/media?parent=93639"}],"wp:term":[{"taxonomy":"product_brand","embeddable":true,"href":"https:\/\/lustandlove.eu\/et\/wp-json\/wp\/v2\/product_brand?post=93639"},{"taxonomy":"product_cat","embeddable":true,"href":"https:\/\/lustandlove.eu\/et\/wp-json\/wp\/v2\/product_cat?post=93639"},{"taxonomy":"product_tag","embeddable":true,"href":"https:\/\/lustandlove.eu\/et\/wp-json\/wp\/v2\/product_tag?post=93639"}],"curies":[{"name":"wp","href":"https:\/\/api.w.org\/{rel}","templated":true}]}}