{"id":93658,"date":"2025-05-29T11:08:06","date_gmt":"2025-05-29T08:08:06","guid":{"rendered":"https:\/\/www.lustandlove.eu\/?post_type=product&#038;p=93658"},"modified":"2026-04-13T10:26:33","modified_gmt":"2026-04-13T07:26:33","slug":"peach-sparkling-wine-massaazioli-copy","status":"publish","type":"product","link":"https:\/\/lustandlove.eu\/et\/toode\/peach-sparkling-wine-massaazioli-copy\/","title":{"rendered":"Sensuaalne Massaa\u017ei\u00f5li 50ml"},"content":{"rendered":"<h2>Lase end valla selle massaa\u017ei\u00f5liga, mis laseb su k\u00e4tel ja huultel m\u00f5nusalt \u00fcle partneri v\u00f5i sinu keha libiseda.<\/h2>\n<p>Nahk on k\u00f5ige olulisem meeleelund ja seet\u00f5ttu on selle eest hoolitsemine \u00fclioluline. See \u00f5li pakub lisaks siidisele v\u00e4limusele ka niisutamist.<\/p>\n<p>Oma disaini ja pumba abil, mis kontrollib kasutatavat kogust, saad nautida erootilist massaa\u017ei, mis on t\u00e4is naudinguid. Sa armastad seda nii palju, et sellest saab sinu seksuaalse m\u00e4ngu lahutamatu osa.<\/p>\n<p>Need sobivad ideaalselt k\u00f5ige kuumemate massaa\u017eide jaoks ja \u00e4ratavad k\u00f5ik su meeled, tekitades iha, t\u00f5stes kehatemperatuuri ja erogeensete tsoonide temperatuuri.<\/p>\n<p>Kasutusjuhend: Kanna rikkalikult soovitud kehapiirkonnale ja masseeri \u00f5rnalt.<\/p>\n<p>Ettevaatusabin\u00f5ud:<br \/>\n-Kosmeetikatoode ainult v\u00e4lispidiseks kasutamiseks.<br \/>\n-\u00c4ra kasuta, kui oled m\u00f5ne koostisosa suhtes \u00fclitundlik v\u00f5i allergiline.<br \/>\n-\u00c4rrituse korral l\u00f5peta kasutamine.<br \/>\n-\u00c4ra kanna silma ega haavadele.<br \/>\n-\u00c4ra neela alla.<br \/>\n-Hoida lastele k\u00e4ttesaamatus kohas.<br \/>\n-Hoida jahedas, kuivas ja p\u00e4ikesevalguse eest kaitstult.<\/p>\n<p>\u00d5huvaba pakend<br \/>\nLihtne pealekandmine<br \/>\nMaht: 50 ml<br \/>\nKaal: 0,1 kg \/ 100 g<br \/>\nM\u00f5\u00f5tmed: 3,5 (\u00d8) (l\u00e4bim\u00f5\u00f5t) x 16 (k\u00f5rgus)<\/p>\n","protected":false},"excerpt":{"rendered":"<p>Massaa\u017ei\u00f5lidel on palju kasutusv\u00f5imalusi. Neid saab kasutada meeleolu t\u00f5stmiseks, lihtsalt l\u00f5\u00f5gastumiseks p\u00e4rast pikka t\u00f6\u00f6p\u00e4eva v\u00f5i lihtsalt massaa\u017einaudingu nautimiseks.<\/p>\n<p>Paljud meist on lummatud massaa\u017eist, eriti selle saamisest, ja mis oleks parem viis kui partneri k\u00e4te vahel?<\/p>\n<p>Sellel massaa\u017ei\u00f5lil on libisev tekstuur, mis stimuleerib massaa\u017ei kaudu k\u00f5iki meeli.<\/p>\n","protected":false},"featured_media":93668,"template":"","meta":[],"product_brand":[4239],"product_cat":[1460,1468],"product_tag":[3093,1574,3083,4133,3067],"class_list":{"0":"post-93658","1":"product","2":"type-product","3":"status-publish","4":"has-post-thumbnail","6":"product_brand-secret-play-et","7":"product_cat-apteek","8":"product_cat-massaaziolid-ja-geelid","9":"product_tag-aftercare-et","10":"product_tag-massaaz-et","11":"product_tag-massaazioli","12":"product_tag-natural-et","13":"product_tag-oli","14":"pa_brand-secret-play-et","16":"first","17":"instock","18":"taxable","19":"shipping-taxable","20":"purchasable","21":"product-type-variable"},"yoast_head":"<!-- This site is optimized with the Yoast SEO plugin v27.3 - https:\/\/yoast.com\/product\/yoast-seo-wordpress\/ -->\n<title>Sensuaalne Massaa\u017ei\u00f5li 50ml | Lust and Love<\/title>\n<meta name=\"description\" content=\"Massaa\u017ei\u00f5lidel on palju kasutusv\u00f5imalusi. Neid saab kasutada meeleolu t\u00f5stmiseks v\u00f5i lihtsalt l\u00f5\u00f5gastumiseks p\u00e4rast pikka t\u00f6\u00f6p\u00e4eva.\" \/>\n<meta name=\"robots\" content=\"index,follow,max-snippet:-1,max-image-preview:large,max-video-preview:-1\" \/>\n<link rel=\"canonical\" href=\"https:\/\/lustandlove.eu\/et\/toode\/peach-sparkling-wine-massaazioli-copy\/\" \/>\n<meta name=\"twitter:card\" content=\"summary_large_image\" \/>\n<meta name=\"twitter:title\" content=\"Sensuaalne Massaa\u017ei\u00f5li 50ml | Lust and Love\" \/>\n<meta name=\"twitter:description\" content=\"Massaa\u017ei\u00f5lidel on palju kasutusv\u00f5imalusi. Neid saab kasutada meeleolu t\u00f5stmiseks v\u00f5i lihtsalt l\u00f5\u00f5gastumiseks p\u00e4rast pikka t\u00f6\u00f6p\u00e4eva.\" \/>\n<meta name=\"twitter:image\" content=\"https:\/\/lustandlove.eu\/wp-content\/uploads\/sensual_fruits_1.jpg\" \/>\n<meta name=\"twitter:label1\" content=\"Est. reading time\" \/>\n\t<meta name=\"twitter:data1\" content=\"1 minut\" \/>\n<script type=\"application\/ld+json\" class=\"yoast-schema-graph\">{\"@context\":\"https:\\\/\\\/schema.org\",\"@graph\":[{\"@type\":[\"WebPage\",\"ItemPage\"],\"@id\":\"https:\\\/\\\/lustandlove.eu\\\/et\\\/toode\\\/peach-sparkling-wine-massaazioli-copy\\\/\",\"url\":\"https:\\\/\\\/lustandlove.eu\\\/et\\\/toode\\\/peach-sparkling-wine-massaazioli-copy\\\/\",\"name\":\"Sensuaalne Massaa\u017ei\u00f5li 50ml | Lust and Love\",\"isPartOf\":{\"@id\":\"https:\\\/\\\/lustandlove.eu\\\/et\\\/#website\"},\"primaryImageOfPage\":{\"@id\":\"https:\\\/\\\/lustandlove.eu\\\/et\\\/toode\\\/peach-sparkling-wine-massaazioli-copy\\\/#primaryimage\"},\"image\":{\"@id\":\"https:\\\/\\\/lustandlove.eu\\\/et\\\/toode\\\/peach-sparkling-wine-massaazioli-copy\\\/#primaryimage\"},\"thumbnailUrl\":\"https:\\\/\\\/lustandlove.eu\\\/wp-content\\\/uploads\\\/sensual_fruits_1.jpg\",\"datePublished\":\"2025-05-29T08:08:06+00:00\",\"dateModified\":\"2026-04-13T07:26:33+00:00\",\"description\":\"Massaa\u017ei\u00f5lidel on palju kasutusv\u00f5imalusi. Neid saab kasutada meeleolu t\u00f5stmiseks v\u00f5i lihtsalt l\u00f5\u00f5gastumiseks p\u00e4rast pikka t\u00f6\u00f6p\u00e4eva.\",\"breadcrumb\":{\"@id\":\"https:\\\/\\\/lustandlove.eu\\\/et\\\/toode\\\/peach-sparkling-wine-massaazioli-copy\\\/#breadcrumb\"},\"inLanguage\":\"et\",\"potentialAction\":[{\"@type\":\"ReadAction\",\"target\":[\"https:\\\/\\\/lustandlove.eu\\\/et\\\/toode\\\/peach-sparkling-wine-massaazioli-copy\\\/\"]}]},{\"@type\":\"ImageObject\",\"inLanguage\":\"et\",\"@id\":\"https:\\\/\\\/lustandlove.eu\\\/et\\\/toode\\\/peach-sparkling-wine-massaazioli-copy\\\/#primaryimage\",\"url\":\"https:\\\/\\\/lustandlove.eu\\\/wp-content\\\/uploads\\\/sensual_fruits_1.jpg\",\"contentUrl\":\"https:\\\/\\\/lustandlove.eu\\\/wp-content\\\/uploads\\\/sensual_fruits_1.jpg\",\"width\":1024,\"height\":1024},{\"@type\":\"BreadcrumbList\",\"@id\":\"https:\\\/\\\/lustandlove.eu\\\/et\\\/toode\\\/peach-sparkling-wine-massaazioli-copy\\\/#breadcrumb\",\"itemListElement\":[{\"@type\":\"ListItem\",\"position\":1,\"name\":\"Lust and Love\",\"item\":\"https:\\\/\\\/lustandlove.eu\\\/et\\\/\"},{\"@type\":\"ListItem\",\"position\":2,\"name\":\"Pood\",\"item\":\"https:\\\/\\\/lustandlove.eu\\\/et\\\/pood\\\/\"},{\"@type\":\"ListItem\",\"position\":3,\"name\":\"Libestid ja kehahooldus\",\"item\":\"https:\\\/\\\/lustandlove.eu\\\/et\\\/pood\\\/apteek\\\/\"},{\"@type\":\"ListItem\",\"position\":4,\"name\":\"Sensuaalne Massaa\u017ei\u00f5li 50ml\"}]},{\"@type\":\"WebSite\",\"@id\":\"https:\\\/\\\/lustandlove.eu\\\/et\\\/#website\",\"url\":\"https:\\\/\\\/lustandlove.eu\\\/et\\\/\",\"name\":\"Lust &amp; Love\",\"description\":\"Online erootikapood tervise, ilu ja armastuse jaoks\",\"publisher\":{\"@id\":\"https:\\\/\\\/lustandlove.eu\\\/et\\\/#organization\"},\"potentialAction\":[{\"@type\":\"SearchAction\",\"target\":{\"@type\":\"EntryPoint\",\"urlTemplate\":\"https:\\\/\\\/lustandlove.eu\\\/et\\\/?s={search_term_string}\"},\"query-input\":{\"@type\":\"PropertyValueSpecification\",\"valueRequired\":true,\"valueName\":\"search_term_string\"}}],\"inLanguage\":\"et\"},{\"@type\":\"Organization\",\"@id\":\"https:\\\/\\\/lustandlove.eu\\\/et\\\/#organization\",\"name\":\"Bioconcept Baltics O\u00dc\",\"url\":\"https:\\\/\\\/lustandlove.eu\\\/et\\\/\",\"logo\":{\"@type\":\"ImageObject\",\"inLanguage\":\"et\",\"@id\":\"https:\\\/\\\/lustandlove.eu\\\/et\\\/#\\\/schema\\\/logo\\\/image\\\/\",\"url\":\"\",\"contentUrl\":\"\",\"caption\":\"Bioconcept Baltics O\u00dc\"},\"image\":{\"@id\":\"https:\\\/\\\/lustandlove.eu\\\/et\\\/#\\\/schema\\\/logo\\\/image\\\/\"},\"sameAs\":[\"https:\\\/\\\/www.facebook.com\\\/LustandLoveEU\\\/\",\"https:\\\/\\\/www.instagram.com\\\/lustandloveeu\\\/\"]}]}<\/script>\n<!-- \/ Yoast SEO plugin. -->","yoast_head_json":{"title":"Sensuaalne Massaa\u017ei\u00f5li 50ml | Lust and Love","description":"Massaa\u017ei\u00f5lidel on palju kasutusv\u00f5imalusi. Neid saab kasutada meeleolu t\u00f5stmiseks v\u00f5i lihtsalt l\u00f5\u00f5gastumiseks p\u00e4rast pikka t\u00f6\u00f6p\u00e4eva.","robots":{"index,follow,max-snippet":"index,follow,max-snippet:-1,max-image-preview:large,max-video-preview:-1"},"canonical":"https:\/\/lustandlove.eu\/et\/toode\/peach-sparkling-wine-massaazioli-copy\/","twitter_card":"summary_large_image","twitter_title":"Sensuaalne Massaa\u017ei\u00f5li 50ml | Lust and Love","twitter_description":"Massaa\u017ei\u00f5lidel on palju kasutusv\u00f5imalusi. Neid saab kasutada meeleolu t\u00f5stmiseks v\u00f5i lihtsalt l\u00f5\u00f5gastumiseks p\u00e4rast pikka t\u00f6\u00f6p\u00e4eva.","twitter_image":"https:\/\/lustandlove.eu\/wp-content\/uploads\/sensual_fruits_1.jpg","twitter_misc":{"Est. reading time":"1 minut"},"schema":{"@context":"https:\/\/schema.org","@graph":[{"@type":["WebPage","ItemPage"],"@id":"https:\/\/lustandlove.eu\/et\/toode\/peach-sparkling-wine-massaazioli-copy\/","url":"https:\/\/lustandlove.eu\/et\/toode\/peach-sparkling-wine-massaazioli-copy\/","name":"Sensuaalne Massaa\u017ei\u00f5li 50ml | Lust and Love","isPartOf":{"@id":"https:\/\/lustandlove.eu\/et\/#website"},"primaryImageOfPage":{"@id":"https:\/\/lustandlove.eu\/et\/toode\/peach-sparkling-wine-massaazioli-copy\/#primaryimage"},"image":{"@id":"https:\/\/lustandlove.eu\/et\/toode\/peach-sparkling-wine-massaazioli-copy\/#primaryimage"},"thumbnailUrl":"https:\/\/lustandlove.eu\/wp-content\/uploads\/sensual_fruits_1.jpg","datePublished":"2025-05-29T08:08:06+00:00","dateModified":"2026-04-13T07:26:33+00:00","description":"Massaa\u017ei\u00f5lidel on palju kasutusv\u00f5imalusi. Neid saab kasutada meeleolu t\u00f5stmiseks v\u00f5i lihtsalt l\u00f5\u00f5gastumiseks p\u00e4rast pikka t\u00f6\u00f6p\u00e4eva.","breadcrumb":{"@id":"https:\/\/lustandlove.eu\/et\/toode\/peach-sparkling-wine-massaazioli-copy\/#breadcrumb"},"inLanguage":"et","potentialAction":[{"@type":"ReadAction","target":["https:\/\/lustandlove.eu\/et\/toode\/peach-sparkling-wine-massaazioli-copy\/"]}]},{"@type":"ImageObject","inLanguage":"et","@id":"https:\/\/lustandlove.eu\/et\/toode\/peach-sparkling-wine-massaazioli-copy\/#primaryimage","url":"https:\/\/lustandlove.eu\/wp-content\/uploads\/sensual_fruits_1.jpg","contentUrl":"https:\/\/lustandlove.eu\/wp-content\/uploads\/sensual_fruits_1.jpg","width":1024,"height":1024},{"@type":"BreadcrumbList","@id":"https:\/\/lustandlove.eu\/et\/toode\/peach-sparkling-wine-massaazioli-copy\/#breadcrumb","itemListElement":[{"@type":"ListItem","position":1,"name":"Lust and Love","item":"https:\/\/lustandlove.eu\/et\/"},{"@type":"ListItem","position":2,"name":"Pood","item":"https:\/\/lustandlove.eu\/et\/pood\/"},{"@type":"ListItem","position":3,"name":"Libestid ja kehahooldus","item":"https:\/\/lustandlove.eu\/et\/pood\/apteek\/"},{"@type":"ListItem","position":4,"name":"Sensuaalne Massaa\u017ei\u00f5li 50ml"}]},{"@type":"WebSite","@id":"https:\/\/lustandlove.eu\/et\/#website","url":"https:\/\/lustandlove.eu\/et\/","name":"Lust &amp; Love","description":"Online erootikapood tervise, ilu ja armastuse jaoks","publisher":{"@id":"https:\/\/lustandlove.eu\/et\/#organization"},"potentialAction":[{"@type":"SearchAction","target":{"@type":"EntryPoint","urlTemplate":"https:\/\/lustandlove.eu\/et\/?s={search_term_string}"},"query-input":{"@type":"PropertyValueSpecification","valueRequired":true,"valueName":"search_term_string"}}],"inLanguage":"et"},{"@type":"Organization","@id":"https:\/\/lustandlove.eu\/et\/#organization","name":"Bioconcept Baltics O\u00dc","url":"https:\/\/lustandlove.eu\/et\/","logo":{"@type":"ImageObject","inLanguage":"et","@id":"https:\/\/lustandlove.eu\/et\/#\/schema\/logo\/image\/","url":"","contentUrl":"","caption":"Bioconcept Baltics O\u00dc"},"image":{"@id":"https:\/\/lustandlove.eu\/et\/#\/schema\/logo\/image\/"},"sameAs":["https:\/\/www.facebook.com\/LustandLoveEU\/","https:\/\/www.instagram.com\/lustandloveeu\/"]}]}},"_links":{"self":[{"href":"https:\/\/lustandlove.eu\/et\/wp-json\/wp\/v2\/product\/93658","targetHints":{"allow":["GET"]}}],"collection":[{"href":"https:\/\/lustandlove.eu\/et\/wp-json\/wp\/v2\/product"}],"about":[{"href":"https:\/\/lustandlove.eu\/et\/wp-json\/wp\/v2\/types\/product"}],"wp:featuredmedia":[{"embeddable":true,"href":"https:\/\/lustandlove.eu\/et\/wp-json\/wp\/v2\/media\/93668"}],"wp:attachment":[{"href":"https:\/\/lustandlove.eu\/et\/wp-json\/wp\/v2\/media?parent=93658"}],"wp:term":[{"taxonomy":"product_brand","embeddable":true,"href":"https:\/\/lustandlove.eu\/et\/wp-json\/wp\/v2\/product_brand?post=93658"},{"taxonomy":"product_cat","embeddable":true,"href":"https:\/\/lustandlove.eu\/et\/wp-json\/wp\/v2\/product_cat?post=93658"},{"taxonomy":"product_tag","embeddable":true,"href":"https:\/\/lustandlove.eu\/et\/wp-json\/wp\/v2\/product_tag?post=93658"}],"curies":[{"name":"wp","href":"https:\/\/api.w.org\/{rel}","templated":true}]}}