{"id":93767,"date":"2025-06-25T11:19:41","date_gmt":"2025-06-25T08:19:42","guid":{"rendered":"https:\/\/www.lustandlove.eu\/?post_type=product&#038;p=93767"},"modified":"2026-04-13T10:26:32","modified_gmt":"2026-04-13T07:26:32","slug":"fusion-2-0-vibreeriv-copy","status":"publish","type":"product","link":"https:\/\/lustandlove.eu\/et\/toode\/fusion-2-0-vibreeriv-copy\/","title":{"rendered":"Fusion1.0 Painutatav"},"content":{"rendered":"<div class=\"wpb-content-wrapper\"><p>[vc_row][vc_column][vc_column_text css=&#8221;&#8221; woodmart_inline=&#8221;no&#8221; text_larger=&#8221;no&#8221;]Kombineeri see mis tahes rakmetega \u2013 bokserite, alusp\u00fckste v\u00f5i sportp\u00fckstega \u2013, et saada sujuv ja k\u00e4ed-vabad kogemus, mis v\u00f5imaldab sul samaaegselt nii anda kui ka vastu v\u00f5tta.<\/p>\n<p>Wet For Her eksklusiivne Fusion strap-on sekslelu on loodud neile, kes ihkavad s\u00fcgavamat sidet, mida pakub samaaegne nauding.<\/p>\n<p>Naudingubaasi k\u00f5rgendatud silikoonribad on siin t\u00f5elised t\u00e4hed, pakkudes sihip\u00e4rast kliitori stimulatsiooni, mis muudab iga liigutuse rabavaks. Koos ergonoomilise disainiga tunneb kandja iga liigutust, muutes m\u00e4nguaja filtreerimata ekstaasiks teie m\u00f5lema jaoks.<\/p>\n<p>Saadaval kolmes suuruses (v\u00e4ike, keskmine ja suur) \u2013 iga\u00fchele leidub sobiv Fusion. Mugavust ja naudingut silmas pidades loodud siidine ja kehas\u00f5bralik silikoon tundub jumalik isegi k\u00f5ige tundlikuma naha vastas ning on vaba kahjulikest kemikaalidest, nagu ftalaadid ja parabeenid, nii et saad mured unustada ja keskenduda ilutulestikule.<\/p>\n<p>Detailid:<br \/>\n&#8211; Naudingualus: Tekstureeritud disain pakub kandjale enneolematut kliitori stimulatsiooni<br \/>\n&#8211; Kehas\u00f5bralikud materjalid: Valmistatud 100% meditsiinilise kvaliteediga silikoonist ning ei sisalda ftalaate, lateksit, parabeene ega l\u00f5hnaaineid<br \/>\n&#8211; Rakmetega \u00fchilduv: Sobib bokserite, alusp\u00fckste ja sportlike rakmetega<br \/>\n&#8211; Ideaalne sobivus k\u00f5igile: Saadaval kolmes suuruses \u2013 v\u00e4ike, keskmine ja suur<\/p>\n<p>Materjalid:<br \/>\n100% meditsiinilise kvaliteediga silikoon<br \/>\nFtalaadivaba<\/p>\n<p>Suuruste tabel:<br \/>\nV\u00e4ike: Kogupikkus 198 mm, sisestatav pikkus 152 mm, l\u00e4bim\u00f5\u00f5t 30 mm (umbes kaks s\u00f5rme)<br \/>\nKeskmine: Kogupikkus 198 mm, sisestatav pikkus 152 mm, l\u00e4bim\u00f5\u00f5t 35 mm (umbes kolm s\u00f5rme)<br \/>\nSuur: Kogupikkus 216 mm, sisestatav pikkus 173 mm, l\u00e4bim\u00f5\u00f5t 39 mm (umbes neli s\u00f5rme)[\/vc_column_text][\/vc_column][\/vc_row]<\/p>\n<\/div>","protected":false},"excerpt":{"rendered":"<p>J\u00e4ta h\u00fcvasti kordam\u00f6\u00f6da seksimisega ja tervita jagatud naudingut Fusioniga \u2013 see on murranguline lesbide sekslelu, mis on loodud samaaegseks rahulduseks. Selle painduv vars ja silikoonkonstruktsioon tagavad m\u00f5nusa libisemise, mis on igas m\u00f5ttes hea tunne, samas kui ainulaadne naudingualus stimuleerib kandja kliitorit, muutes iga liigutuse jagatud naudinguks.<\/p>\n","protected":false},"featured_media":93801,"template":"","meta":[],"product_brand":[4246],"product_cat":[1485,1496,1484,4066,1499],"product_tag":[4088,3781],"class_list":{"0":"post-93767","1":"product","2":"type-product","3":"status-publish","4":"has-post-thumbnail","6":"product_brand-wet-for-her-et","7":"product_cat-dildod","8":"product_cat-lgbtq-et","9":"product_cat-sekslelud","10":"product_cat-strap-on-et","11":"product_cat-strap-on-dildod","12":"product_tag-bf30-et","13":"product_tag-must-reede","14":"pa_brand-wet-for-her-et","16":"first","17":"instock","18":"taxable","19":"shipping-taxable","20":"purchasable","21":"product-type-variable"},"yoast_head":"<!-- This site is optimized with the Yoast SEO plugin v27.3 - https:\/\/yoast.com\/product\/yoast-seo-wordpress\/ -->\n<title>Fusion1.0 Painutatav | Lust&amp;Love Sex Shop<\/title>\n<meta name=\"description\" content=\"J\u00e4ta h\u00fcvasti kordam\u00f6\u00f6da seksimisega ja tervita jagatud naudingut Fusioniga \u2013 see on revolutsiooniline lesbide sekslelu, mis on loodud samaaegseks rahulduseks.\" \/>\n<meta name=\"robots\" content=\"index,follow,max-snippet:-1,max-image-preview:large,max-video-preview:-1\" \/>\n<link rel=\"canonical\" href=\"https:\/\/lustandlove.eu\/et\/toode\/fusion-2-0-vibreeriv-copy\/\" \/>\n<meta name=\"twitter:card\" content=\"summary_large_image\" \/>\n<meta name=\"twitter:title\" content=\"Fusion1.0 Painutatav | Lust&amp;Love Sex Shop\" \/>\n<meta name=\"twitter:description\" content=\"J\u00e4ta h\u00fcvasti kordam\u00f6\u00f6da seksimisega ja tervita jagatud naudingut Fusioniga \u2013 see on revolutsiooniline lesbide sekslelu, mis on loodud samaaegseks rahulduseks.\" \/>\n<meta name=\"twitter:image\" content=\"https:\/\/lustandlove.eu\/wp-content\/uploads\/WFH_Fusion_Purple_07.png\" \/>\n<meta name=\"twitter:label1\" content=\"Est. reading time\" \/>\n\t<meta name=\"twitter:data1\" content=\"1 minut\" \/>\n<script type=\"application\/ld+json\" class=\"yoast-schema-graph\">{\"@context\":\"https:\\\/\\\/schema.org\",\"@graph\":[{\"@type\":[\"WebPage\",\"ItemPage\"],\"@id\":\"https:\\\/\\\/lustandlove.eu\\\/et\\\/toode\\\/fusion-2-0-vibreeriv-copy\\\/\",\"url\":\"https:\\\/\\\/lustandlove.eu\\\/et\\\/toode\\\/fusion-2-0-vibreeriv-copy\\\/\",\"name\":\"Fusion1.0 Painutatav | Lust&Love Sex Shop\",\"isPartOf\":{\"@id\":\"https:\\\/\\\/lustandlove.eu\\\/et\\\/#website\"},\"primaryImageOfPage\":{\"@id\":\"https:\\\/\\\/lustandlove.eu\\\/et\\\/toode\\\/fusion-2-0-vibreeriv-copy\\\/#primaryimage\"},\"image\":{\"@id\":\"https:\\\/\\\/lustandlove.eu\\\/et\\\/toode\\\/fusion-2-0-vibreeriv-copy\\\/#primaryimage\"},\"thumbnailUrl\":\"https:\\\/\\\/lustandlove.eu\\\/wp-content\\\/uploads\\\/WFH_Fusion_Purple_07.png\",\"datePublished\":\"2025-06-25T08:19:42+00:00\",\"dateModified\":\"2026-04-13T07:26:32+00:00\",\"description\":\"J\u00e4ta h\u00fcvasti kordam\u00f6\u00f6da seksimisega ja tervita jagatud naudingut Fusioniga \u2013 see on revolutsiooniline lesbide sekslelu, mis on loodud samaaegseks rahulduseks.\",\"breadcrumb\":{\"@id\":\"https:\\\/\\\/lustandlove.eu\\\/et\\\/toode\\\/fusion-2-0-vibreeriv-copy\\\/#breadcrumb\"},\"inLanguage\":\"et\",\"potentialAction\":[{\"@type\":\"ReadAction\",\"target\":[\"https:\\\/\\\/lustandlove.eu\\\/et\\\/toode\\\/fusion-2-0-vibreeriv-copy\\\/\"]}]},{\"@type\":\"ImageObject\",\"inLanguage\":\"et\",\"@id\":\"https:\\\/\\\/lustandlove.eu\\\/et\\\/toode\\\/fusion-2-0-vibreeriv-copy\\\/#primaryimage\",\"url\":\"https:\\\/\\\/lustandlove.eu\\\/wp-content\\\/uploads\\\/WFH_Fusion_Purple_07.png\",\"contentUrl\":\"https:\\\/\\\/lustandlove.eu\\\/wp-content\\\/uploads\\\/WFH_Fusion_Purple_07.png\",\"width\":640,\"height\":799},{\"@type\":\"BreadcrumbList\",\"@id\":\"https:\\\/\\\/lustandlove.eu\\\/et\\\/toode\\\/fusion-2-0-vibreeriv-copy\\\/#breadcrumb\",\"itemListElement\":[{\"@type\":\"ListItem\",\"position\":1,\"name\":\"Lust and Love\",\"item\":\"https:\\\/\\\/lustandlove.eu\\\/et\\\/\"},{\"@type\":\"ListItem\",\"position\":2,\"name\":\"Pood\",\"item\":\"https:\\\/\\\/lustandlove.eu\\\/et\\\/pood\\\/\"},{\"@type\":\"ListItem\",\"position\":3,\"name\":\"Sekslelud\",\"item\":\"https:\\\/\\\/lustandlove.eu\\\/et\\\/pood\\\/sekslelud\\\/\"},{\"@type\":\"ListItem\",\"position\":4,\"name\":\"LGBTQ\",\"item\":\"https:\\\/\\\/lustandlove.eu\\\/et\\\/pood\\\/sekslelud\\\/lgbtq-et\\\/\"},{\"@type\":\"ListItem\",\"position\":5,\"name\":\"Fusion1.0 Painutatav\"}]},{\"@type\":\"WebSite\",\"@id\":\"https:\\\/\\\/lustandlove.eu\\\/et\\\/#website\",\"url\":\"https:\\\/\\\/lustandlove.eu\\\/et\\\/\",\"name\":\"Lust &amp; Love\",\"description\":\"Online erootikapood tervise, ilu ja armastuse jaoks\",\"publisher\":{\"@id\":\"https:\\\/\\\/lustandlove.eu\\\/et\\\/#organization\"},\"potentialAction\":[{\"@type\":\"SearchAction\",\"target\":{\"@type\":\"EntryPoint\",\"urlTemplate\":\"https:\\\/\\\/lustandlove.eu\\\/et\\\/?s={search_term_string}\"},\"query-input\":{\"@type\":\"PropertyValueSpecification\",\"valueRequired\":true,\"valueName\":\"search_term_string\"}}],\"inLanguage\":\"et\"},{\"@type\":\"Organization\",\"@id\":\"https:\\\/\\\/lustandlove.eu\\\/et\\\/#organization\",\"name\":\"Bioconcept Baltics O\u00dc\",\"url\":\"https:\\\/\\\/lustandlove.eu\\\/et\\\/\",\"logo\":{\"@type\":\"ImageObject\",\"inLanguage\":\"et\",\"@id\":\"https:\\\/\\\/lustandlove.eu\\\/et\\\/#\\\/schema\\\/logo\\\/image\\\/\",\"url\":\"\",\"contentUrl\":\"\",\"caption\":\"Bioconcept Baltics O\u00dc\"},\"image\":{\"@id\":\"https:\\\/\\\/lustandlove.eu\\\/et\\\/#\\\/schema\\\/logo\\\/image\\\/\"},\"sameAs\":[\"https:\\\/\\\/www.facebook.com\\\/LustandLoveEU\\\/\",\"https:\\\/\\\/www.instagram.com\\\/lustandloveeu\\\/\"]}]}<\/script>\n<!-- \/ Yoast SEO plugin. -->","yoast_head_json":{"title":"Fusion1.0 Painutatav | Lust&Love Sex Shop","description":"J\u00e4ta h\u00fcvasti kordam\u00f6\u00f6da seksimisega ja tervita jagatud naudingut Fusioniga \u2013 see on revolutsiooniline lesbide sekslelu, mis on loodud samaaegseks rahulduseks.","robots":{"index,follow,max-snippet":"index,follow,max-snippet:-1,max-image-preview:large,max-video-preview:-1"},"canonical":"https:\/\/lustandlove.eu\/et\/toode\/fusion-2-0-vibreeriv-copy\/","twitter_card":"summary_large_image","twitter_title":"Fusion1.0 Painutatav | Lust&Love Sex Shop","twitter_description":"J\u00e4ta h\u00fcvasti kordam\u00f6\u00f6da seksimisega ja tervita jagatud naudingut Fusioniga \u2013 see on revolutsiooniline lesbide sekslelu, mis on loodud samaaegseks rahulduseks.","twitter_image":"https:\/\/lustandlove.eu\/wp-content\/uploads\/WFH_Fusion_Purple_07.png","twitter_misc":{"Est. reading time":"1 minut"},"schema":{"@context":"https:\/\/schema.org","@graph":[{"@type":["WebPage","ItemPage"],"@id":"https:\/\/lustandlove.eu\/et\/toode\/fusion-2-0-vibreeriv-copy\/","url":"https:\/\/lustandlove.eu\/et\/toode\/fusion-2-0-vibreeriv-copy\/","name":"Fusion1.0 Painutatav | Lust&Love Sex Shop","isPartOf":{"@id":"https:\/\/lustandlove.eu\/et\/#website"},"primaryImageOfPage":{"@id":"https:\/\/lustandlove.eu\/et\/toode\/fusion-2-0-vibreeriv-copy\/#primaryimage"},"image":{"@id":"https:\/\/lustandlove.eu\/et\/toode\/fusion-2-0-vibreeriv-copy\/#primaryimage"},"thumbnailUrl":"https:\/\/lustandlove.eu\/wp-content\/uploads\/WFH_Fusion_Purple_07.png","datePublished":"2025-06-25T08:19:42+00:00","dateModified":"2026-04-13T07:26:32+00:00","description":"J\u00e4ta h\u00fcvasti kordam\u00f6\u00f6da seksimisega ja tervita jagatud naudingut Fusioniga \u2013 see on revolutsiooniline lesbide sekslelu, mis on loodud samaaegseks rahulduseks.","breadcrumb":{"@id":"https:\/\/lustandlove.eu\/et\/toode\/fusion-2-0-vibreeriv-copy\/#breadcrumb"},"inLanguage":"et","potentialAction":[{"@type":"ReadAction","target":["https:\/\/lustandlove.eu\/et\/toode\/fusion-2-0-vibreeriv-copy\/"]}]},{"@type":"ImageObject","inLanguage":"et","@id":"https:\/\/lustandlove.eu\/et\/toode\/fusion-2-0-vibreeriv-copy\/#primaryimage","url":"https:\/\/lustandlove.eu\/wp-content\/uploads\/WFH_Fusion_Purple_07.png","contentUrl":"https:\/\/lustandlove.eu\/wp-content\/uploads\/WFH_Fusion_Purple_07.png","width":640,"height":799},{"@type":"BreadcrumbList","@id":"https:\/\/lustandlove.eu\/et\/toode\/fusion-2-0-vibreeriv-copy\/#breadcrumb","itemListElement":[{"@type":"ListItem","position":1,"name":"Lust and Love","item":"https:\/\/lustandlove.eu\/et\/"},{"@type":"ListItem","position":2,"name":"Pood","item":"https:\/\/lustandlove.eu\/et\/pood\/"},{"@type":"ListItem","position":3,"name":"Sekslelud","item":"https:\/\/lustandlove.eu\/et\/pood\/sekslelud\/"},{"@type":"ListItem","position":4,"name":"LGBTQ","item":"https:\/\/lustandlove.eu\/et\/pood\/sekslelud\/lgbtq-et\/"},{"@type":"ListItem","position":5,"name":"Fusion1.0 Painutatav"}]},{"@type":"WebSite","@id":"https:\/\/lustandlove.eu\/et\/#website","url":"https:\/\/lustandlove.eu\/et\/","name":"Lust &amp; Love","description":"Online erootikapood tervise, ilu ja armastuse jaoks","publisher":{"@id":"https:\/\/lustandlove.eu\/et\/#organization"},"potentialAction":[{"@type":"SearchAction","target":{"@type":"EntryPoint","urlTemplate":"https:\/\/lustandlove.eu\/et\/?s={search_term_string}"},"query-input":{"@type":"PropertyValueSpecification","valueRequired":true,"valueName":"search_term_string"}}],"inLanguage":"et"},{"@type":"Organization","@id":"https:\/\/lustandlove.eu\/et\/#organization","name":"Bioconcept Baltics O\u00dc","url":"https:\/\/lustandlove.eu\/et\/","logo":{"@type":"ImageObject","inLanguage":"et","@id":"https:\/\/lustandlove.eu\/et\/#\/schema\/logo\/image\/","url":"","contentUrl":"","caption":"Bioconcept Baltics O\u00dc"},"image":{"@id":"https:\/\/lustandlove.eu\/et\/#\/schema\/logo\/image\/"},"sameAs":["https:\/\/www.facebook.com\/LustandLoveEU\/","https:\/\/www.instagram.com\/lustandloveeu\/"]}]}},"_links":{"self":[{"href":"https:\/\/lustandlove.eu\/et\/wp-json\/wp\/v2\/product\/93767","targetHints":{"allow":["GET"]}}],"collection":[{"href":"https:\/\/lustandlove.eu\/et\/wp-json\/wp\/v2\/product"}],"about":[{"href":"https:\/\/lustandlove.eu\/et\/wp-json\/wp\/v2\/types\/product"}],"wp:featuredmedia":[{"embeddable":true,"href":"https:\/\/lustandlove.eu\/et\/wp-json\/wp\/v2\/media\/93801"}],"wp:attachment":[{"href":"https:\/\/lustandlove.eu\/et\/wp-json\/wp\/v2\/media?parent=93767"}],"wp:term":[{"taxonomy":"product_brand","embeddable":true,"href":"https:\/\/lustandlove.eu\/et\/wp-json\/wp\/v2\/product_brand?post=93767"},{"taxonomy":"product_cat","embeddable":true,"href":"https:\/\/lustandlove.eu\/et\/wp-json\/wp\/v2\/product_cat?post=93767"},{"taxonomy":"product_tag","embeddable":true,"href":"https:\/\/lustandlove.eu\/et\/wp-json\/wp\/v2\/product_tag?post=93767"}],"curies":[{"name":"wp","href":"https:\/\/api.w.org\/{rel}","templated":true}]}}