{"id":93861,"date":"2025-07-21T10:15:15","date_gmt":"2025-07-21T07:15:15","guid":{"rendered":"https:\/\/www.lustandlove.eu\/?post_type=product&#038;p=93861"},"modified":"2026-04-13T10:26:30","modified_gmt":"2026-04-13T07:26:30","slug":"kondoomid-custom-fit-suurus-49e-12tk-49mm-x-144mm-copy","status":"publish","type":"product","link":"https:\/\/lustandlove.eu\/et\/toode\/kondoomid-custom-fit-suurus-49e-12tk-49mm-x-144mm-copy\/","title":{"rendered":"Kondoomid Custom Fit Suurus 55G 12tk (55mm x 168mm)"},"content":{"rendered":"<p>MyONE \u00abCustom Fit\u00bb kondoomid suuruses 55G pakuvad t\u00e4pset sobivust 58 suurusega, kombineerides 10 pikkust ja 9 laiust. Nominaallaiusega 55 mm ja pikkusega 168 mm vastavad need individuaalsetele vajadustele. Sensatex\u2122 lateksist valmistatud kondoomid on 30% \u00f5hemad kui standardtooted, paksusega 0,055 mm. Silindriline kuju ja hoolikalt libestamine tagavad lihtsa lahtirullimise, samas kui reservuaar pakub t\u00e4iendavat ohutust. Iga kondoom l\u00e4bib kolmekordse elektroonilise testimise, et tagada j\u00e4rjepidev kvaliteet. Karbis on 12 l\u00e4bipaistvat premium-kondoomi.<\/p>\n","protected":false},"excerpt":{"rendered":"<p>MyONE m\u00f5\u00f5tude j\u00e4rgi valmistatud kondoomid suuruses 55G. Laius: 55 mm, pikkus: 168 mm. Libestiga kaetud, l\u00e4bipaistev, silindrikujuline reservuaariga. Eriti \u00f5hukesed (0,055 mm)!<\/p>\n","protected":false},"featured_media":93855,"template":"","meta":[],"product_brand":[4226],"product_cat":[1462,1460],"product_tag":[],"class_list":{"0":"post-93861","1":"product","2":"type-product","3":"status-publish","4":"has-post-thumbnail","6":"product_brand-my-one-et","7":"product_cat-kondoomid","8":"product_cat-apteek","9":"pa_brand-my-one-et","11":"first","12":"instock","13":"taxable","14":"shipping-taxable","15":"purchasable","16":"product-type-simple"},"yoast_head":"<!-- This site is optimized with the Yoast SEO plugin v27.4 - https:\/\/yoast.com\/product\/yoast-seo-wordpress\/ -->\n<title>Kondoomid Custom Fit Suurus 55G 12tk (55mm x 168mm)<\/title>\n<meta name=\"description\" content=\"MyONE \u00abCustom Fit\u00bb kondoomid suuruses 49E pakuvad t\u00e4pset sobivust 58 suuruses, kombineerides 10 pikkust ja 9 laiust. Leia oma ideaalne suurus!\" \/>\n<meta name=\"robots\" content=\"index,follow,max-snippet:-1,max-image-preview:large,max-video-preview:-1\" \/>\n<link rel=\"canonical\" href=\"https:\/\/lustandlove.eu\/et\/toode\/kondoomid-custom-fit-suurus-49e-12tk-49mm-x-144mm-copy\/\" \/>\n<script type=\"application\/ld+json\" class=\"yoast-schema-graph\">{\"@context\":\"https:\\\/\\\/schema.org\",\"@graph\":[{\"@type\":[\"WebPage\",\"ItemPage\"],\"@id\":\"https:\\\/\\\/lustandlove.eu\\\/et\\\/toode\\\/kondoomid-custom-fit-suurus-49e-12tk-49mm-x-144mm-copy\\\/\",\"url\":\"https:\\\/\\\/lustandlove.eu\\\/et\\\/toode\\\/kondoomid-custom-fit-suurus-49e-12tk-49mm-x-144mm-copy\\\/\",\"name\":\"Kondoomid Custom Fit Suurus 55G 12tk (55mm x 168mm)\",\"isPartOf\":{\"@id\":\"https:\\\/\\\/lustandlove.eu\\\/et\\\/#website\"},\"primaryImageOfPage\":{\"@id\":\"https:\\\/\\\/lustandlove.eu\\\/et\\\/toode\\\/kondoomid-custom-fit-suurus-49e-12tk-49mm-x-144mm-copy\\\/#primaryimage\"},\"image\":{\"@id\":\"https:\\\/\\\/lustandlove.eu\\\/et\\\/toode\\\/kondoomid-custom-fit-suurus-49e-12tk-49mm-x-144mm-copy\\\/#primaryimage\"},\"thumbnailUrl\":\"https:\\\/\\\/lustandlove.eu\\\/wp-content\\\/uploads\\\/kondomotheke_myone_12_202307.png\",\"datePublished\":\"2025-07-21T07:15:15+00:00\",\"dateModified\":\"2026-04-13T07:26:30+00:00\",\"description\":\"MyONE \u00abCustom Fit\u00bb kondoomid suuruses 49E pakuvad t\u00e4pset sobivust 58 suuruses, kombineerides 10 pikkust ja 9 laiust. Leia oma ideaalne suurus!\",\"breadcrumb\":{\"@id\":\"https:\\\/\\\/lustandlove.eu\\\/et\\\/toode\\\/kondoomid-custom-fit-suurus-49e-12tk-49mm-x-144mm-copy\\\/#breadcrumb\"},\"inLanguage\":\"et\",\"potentialAction\":[{\"@type\":\"ReadAction\",\"target\":[\"https:\\\/\\\/lustandlove.eu\\\/et\\\/toode\\\/kondoomid-custom-fit-suurus-49e-12tk-49mm-x-144mm-copy\\\/\"]}]},{\"@type\":\"ImageObject\",\"inLanguage\":\"et\",\"@id\":\"https:\\\/\\\/lustandlove.eu\\\/et\\\/toode\\\/kondoomid-custom-fit-suurus-49e-12tk-49mm-x-144mm-copy\\\/#primaryimage\",\"url\":\"https:\\\/\\\/lustandlove.eu\\\/wp-content\\\/uploads\\\/kondomotheke_myone_12_202307.png\",\"contentUrl\":\"https:\\\/\\\/lustandlove.eu\\\/wp-content\\\/uploads\\\/kondomotheke_myone_12_202307.png\",\"width\":1200,\"height\":1200},{\"@type\":\"BreadcrumbList\",\"@id\":\"https:\\\/\\\/lustandlove.eu\\\/et\\\/toode\\\/kondoomid-custom-fit-suurus-49e-12tk-49mm-x-144mm-copy\\\/#breadcrumb\",\"itemListElement\":[{\"@type\":\"ListItem\",\"position\":1,\"name\":\"Lust and Love\",\"item\":\"https:\\\/\\\/lustandlove.eu\\\/et\\\/\"},{\"@type\":\"ListItem\",\"position\":2,\"name\":\"Pood\",\"item\":\"https:\\\/\\\/lustandlove.eu\\\/et\\\/pood\\\/\"},{\"@type\":\"ListItem\",\"position\":3,\"name\":\"Libestid ja kehahooldus\",\"item\":\"https:\\\/\\\/lustandlove.eu\\\/et\\\/pood\\\/apteek\\\/\"},{\"@type\":\"ListItem\",\"position\":4,\"name\":\"Kondoomid\",\"item\":\"https:\\\/\\\/lustandlove.eu\\\/et\\\/pood\\\/apteek\\\/kondoomid\\\/\"},{\"@type\":\"ListItem\",\"position\":5,\"name\":\"Kondoomid Custom Fit Suurus 55G 12tk (55mm x 168mm)\"}]},{\"@type\":\"WebSite\",\"@id\":\"https:\\\/\\\/lustandlove.eu\\\/et\\\/#website\",\"url\":\"https:\\\/\\\/lustandlove.eu\\\/et\\\/\",\"name\":\"Lust & Love\",\"description\":\"Online erootikapood tervise, ilu ja armastuse jaoks\",\"publisher\":{\"@id\":\"https:\\\/\\\/lustandlove.eu\\\/et\\\/#organization\"},\"potentialAction\":[{\"@type\":\"SearchAction\",\"target\":{\"@type\":\"EntryPoint\",\"urlTemplate\":\"https:\\\/\\\/lustandlove.eu\\\/et\\\/?s={search_term_string}\"},\"query-input\":{\"@type\":\"PropertyValueSpecification\",\"valueRequired\":true,\"valueName\":\"search_term_string\"}}],\"inLanguage\":\"et\"},{\"@type\":\"Organization\",\"@id\":\"https:\\\/\\\/lustandlove.eu\\\/et\\\/#organization\",\"name\":\"Bioconcept Baltics O\u00dc\",\"url\":\"https:\\\/\\\/lustandlove.eu\\\/et\\\/\",\"logo\":{\"@type\":\"ImageObject\",\"inLanguage\":\"et\",\"@id\":\"https:\\\/\\\/lustandlove.eu\\\/et\\\/#\\\/schema\\\/logo\\\/image\\\/\",\"url\":\"https:\\\/\\\/lustandlove.eu\\\/wp-content\\\/uploads\\\/logo-full-2.png\",\"contentUrl\":\"https:\\\/\\\/lustandlove.eu\\\/wp-content\\\/uploads\\\/logo-full-2.png\",\"width\":837,\"height\":200,\"caption\":\"Bioconcept Baltics O\u00dc\"},\"image\":{\"@id\":\"https:\\\/\\\/lustandlove.eu\\\/et\\\/#\\\/schema\\\/logo\\\/image\\\/\"},\"sameAs\":[\"https:\\\/\\\/www.facebook.com\\\/LustandLoveEU\\\/\",\"https:\\\/\\\/www.instagram.com\\\/lustandloveeu\\\/\"]}]}<\/script>\n<!-- \/ Yoast SEO plugin. -->","yoast_head_json":{"title":"Kondoomid Custom Fit Suurus 55G 12tk (55mm x 168mm)","description":"MyONE \u00abCustom Fit\u00bb kondoomid suuruses 49E pakuvad t\u00e4pset sobivust 58 suuruses, kombineerides 10 pikkust ja 9 laiust. Leia oma ideaalne suurus!","robots":{"index,follow,max-snippet":"index,follow,max-snippet:-1,max-image-preview:large,max-video-preview:-1"},"canonical":"https:\/\/lustandlove.eu\/et\/toode\/kondoomid-custom-fit-suurus-49e-12tk-49mm-x-144mm-copy\/","schema":{"@context":"https:\/\/schema.org","@graph":[{"@type":["WebPage","ItemPage"],"@id":"https:\/\/lustandlove.eu\/et\/toode\/kondoomid-custom-fit-suurus-49e-12tk-49mm-x-144mm-copy\/","url":"https:\/\/lustandlove.eu\/et\/toode\/kondoomid-custom-fit-suurus-49e-12tk-49mm-x-144mm-copy\/","name":"Kondoomid Custom Fit Suurus 55G 12tk (55mm x 168mm)","isPartOf":{"@id":"https:\/\/lustandlove.eu\/et\/#website"},"primaryImageOfPage":{"@id":"https:\/\/lustandlove.eu\/et\/toode\/kondoomid-custom-fit-suurus-49e-12tk-49mm-x-144mm-copy\/#primaryimage"},"image":{"@id":"https:\/\/lustandlove.eu\/et\/toode\/kondoomid-custom-fit-suurus-49e-12tk-49mm-x-144mm-copy\/#primaryimage"},"thumbnailUrl":"https:\/\/lustandlove.eu\/wp-content\/uploads\/kondomotheke_myone_12_202307.png","datePublished":"2025-07-21T07:15:15+00:00","dateModified":"2026-04-13T07:26:30+00:00","description":"MyONE \u00abCustom Fit\u00bb kondoomid suuruses 49E pakuvad t\u00e4pset sobivust 58 suuruses, kombineerides 10 pikkust ja 9 laiust. Leia oma ideaalne suurus!","breadcrumb":{"@id":"https:\/\/lustandlove.eu\/et\/toode\/kondoomid-custom-fit-suurus-49e-12tk-49mm-x-144mm-copy\/#breadcrumb"},"inLanguage":"et","potentialAction":[{"@type":"ReadAction","target":["https:\/\/lustandlove.eu\/et\/toode\/kondoomid-custom-fit-suurus-49e-12tk-49mm-x-144mm-copy\/"]}]},{"@type":"ImageObject","inLanguage":"et","@id":"https:\/\/lustandlove.eu\/et\/toode\/kondoomid-custom-fit-suurus-49e-12tk-49mm-x-144mm-copy\/#primaryimage","url":"https:\/\/lustandlove.eu\/wp-content\/uploads\/kondomotheke_myone_12_202307.png","contentUrl":"https:\/\/lustandlove.eu\/wp-content\/uploads\/kondomotheke_myone_12_202307.png","width":1200,"height":1200},{"@type":"BreadcrumbList","@id":"https:\/\/lustandlove.eu\/et\/toode\/kondoomid-custom-fit-suurus-49e-12tk-49mm-x-144mm-copy\/#breadcrumb","itemListElement":[{"@type":"ListItem","position":1,"name":"Lust and Love","item":"https:\/\/lustandlove.eu\/et\/"},{"@type":"ListItem","position":2,"name":"Pood","item":"https:\/\/lustandlove.eu\/et\/pood\/"},{"@type":"ListItem","position":3,"name":"Libestid ja kehahooldus","item":"https:\/\/lustandlove.eu\/et\/pood\/apteek\/"},{"@type":"ListItem","position":4,"name":"Kondoomid","item":"https:\/\/lustandlove.eu\/et\/pood\/apteek\/kondoomid\/"},{"@type":"ListItem","position":5,"name":"Kondoomid Custom Fit Suurus 55G 12tk (55mm x 168mm)"}]},{"@type":"WebSite","@id":"https:\/\/lustandlove.eu\/et\/#website","url":"https:\/\/lustandlove.eu\/et\/","name":"Lust & Love","description":"Online erootikapood tervise, ilu ja armastuse jaoks","publisher":{"@id":"https:\/\/lustandlove.eu\/et\/#organization"},"potentialAction":[{"@type":"SearchAction","target":{"@type":"EntryPoint","urlTemplate":"https:\/\/lustandlove.eu\/et\/?s={search_term_string}"},"query-input":{"@type":"PropertyValueSpecification","valueRequired":true,"valueName":"search_term_string"}}],"inLanguage":"et"},{"@type":"Organization","@id":"https:\/\/lustandlove.eu\/et\/#organization","name":"Bioconcept Baltics O\u00dc","url":"https:\/\/lustandlove.eu\/et\/","logo":{"@type":"ImageObject","inLanguage":"et","@id":"https:\/\/lustandlove.eu\/et\/#\/schema\/logo\/image\/","url":"https:\/\/lustandlove.eu\/wp-content\/uploads\/logo-full-2.png","contentUrl":"https:\/\/lustandlove.eu\/wp-content\/uploads\/logo-full-2.png","width":837,"height":200,"caption":"Bioconcept Baltics O\u00dc"},"image":{"@id":"https:\/\/lustandlove.eu\/et\/#\/schema\/logo\/image\/"},"sameAs":["https:\/\/www.facebook.com\/LustandLoveEU\/","https:\/\/www.instagram.com\/lustandloveeu\/"]}]}},"_links":{"self":[{"href":"https:\/\/lustandlove.eu\/et\/wp-json\/wp\/v2\/product\/93861","targetHints":{"allow":["GET"]}}],"collection":[{"href":"https:\/\/lustandlove.eu\/et\/wp-json\/wp\/v2\/product"}],"about":[{"href":"https:\/\/lustandlove.eu\/et\/wp-json\/wp\/v2\/types\/product"}],"wp:featuredmedia":[{"embeddable":true,"href":"https:\/\/lustandlove.eu\/et\/wp-json\/wp\/v2\/media\/93855"}],"wp:attachment":[{"href":"https:\/\/lustandlove.eu\/et\/wp-json\/wp\/v2\/media?parent=93861"}],"wp:term":[{"taxonomy":"product_brand","embeddable":true,"href":"https:\/\/lustandlove.eu\/et\/wp-json\/wp\/v2\/product_brand?post=93861"},{"taxonomy":"product_cat","embeddable":true,"href":"https:\/\/lustandlove.eu\/et\/wp-json\/wp\/v2\/product_cat?post=93861"},{"taxonomy":"product_tag","embeddable":true,"href":"https:\/\/lustandlove.eu\/et\/wp-json\/wp\/v2\/product_tag?post=93861"}],"curies":[{"name":"wp","href":"https:\/\/api.w.org\/{rel}","templated":true}]}}