{"id":94020,"date":"2025-07-16T09:06:40","date_gmt":"2025-08-12T06:06:40","guid":{"rendered":"https:\/\/www.lustandlove.eu\/?post_type=product&#038;p=94020"},"modified":"2026-04-13T10:26:32","modified_gmt":"2026-04-13T07:26:32","slug":"minivibraator-taaslaetav-copy","status":"publish","type":"product","link":"https:\/\/lustandlove.eu\/et\/toode\/minivibraator-taaslaetav-copy\/","title":{"rendered":"Kuulvibraator 10 Kiirust"},"content":{"rendered":"<p>See Bullet Vibe 2.0 \u00fchildub ClickHer puldiga ja on USB kaudu laetav, patareisid pole vaja! 10 kiirusevalikuga leiate kindlasti kiiruse, mis sobib teile ja teie partnerile. Seda on lihtne kasutada ja see sobib suurep\u00e4raselt algajatele.<\/p>\n<p>Kasutamine:<br \/>\nV\u00f5ite seda kasutada \u00fcksi v\u00f5i panna see \u00fcksk\u00f5ik millisesse meie strap-on rakmetesse, et lisada vibratsiooni. Kontrollige, kas saate rakmetesse lisada 1 v\u00f5i 2 kuuli.<\/p>\n<p>Olulised omadused:<br \/>\nAku: USB-laetav, komplektis<br \/>\nVibratsioonire\u017eiimid: 10<br \/>\nVeekindlus: Veekindel<br \/>\n\u00dchildub ClickHer puldiga (m\u00fc\u00fcgil eraldi)<\/p>\n<p>Materjalid:<br \/>\nK\u00f5va plastik<\/p>\n<p>Suurus:<br \/>\nSee Bullet on 7,6 cm pikk ja 2 cm l\u00e4bim\u00f5\u00f5duga.<\/p>\n","protected":false},"excerpt":{"rendered":"<p>Pange oma strap-on rakmed selle USB-laetava kuuliga vibreerima. Saate selle reisides h\u00f5lpsalt oma k\u00e4ekotti v\u00f5i seljakotti pista.<\/p>\n","protected":false},"featured_media":94030,"template":"","meta":[],"product_brand":[4246],"product_cat":[3981,1484,1488],"product_tag":[1515,1543],"class_list":{"0":"post-94020","1":"product","2":"type-product","3":"status-publish","4":"has-post-thumbnail","6":"product_brand-wet-for-her-et","7":"product_cat-kuulvibraator","8":"product_cat-sekslelud","9":"product_cat-vibraatorid","10":"product_tag-bullet-vibraator","11":"product_tag-vibraator","12":"pa_brand-wet-for-her-et","14":"first","15":"instock","16":"taxable","17":"shipping-taxable","18":"purchasable","19":"product-type-simple"},"yoast_head":"<!-- This site is optimized with the Yoast SEO plugin v27.3 - https:\/\/yoast.com\/product\/yoast-seo-wordpress\/ -->\n<title>Kuulvibraator 10 Kiirust | Lust &amp; Love<\/title>\n<meta name=\"description\" content=\"Pange oma strap-on rakmed selle USB-laetava kuuliga vibreerima. Saate selle reisides h\u00f5lpsalt oma k\u00e4ekotti v\u00f5i seljakotti pista.\" \/>\n<meta name=\"robots\" content=\"index,follow,max-snippet:-1,max-image-preview:large,max-video-preview:-1\" \/>\n<link rel=\"canonical\" href=\"https:\/\/lustandlove.eu\/et\/toode\/minivibraator-taaslaetav-copy\/\" \/>\n<meta name=\"twitter:card\" content=\"summary_large_image\" \/>\n<meta name=\"twitter:title\" content=\"Kuulvibraator 10 Kiirust | Lust &amp; Love\" \/>\n<meta name=\"twitter:description\" content=\"Pange oma strap-on rakmed selle USB-laetava kuuliga vibreerima. Saate selle reisides h\u00f5lpsalt oma k\u00e4ekotti v\u00f5i seljakotti pista.\" \/>\n<meta name=\"twitter:image\" content=\"https:\/\/lustandlove.eu\/wp-content\/uploads\/WFH_Black_Bullet_1.png\" \/>\n<meta name=\"twitter:label1\" content=\"Est. reading time\" \/>\n\t<meta name=\"twitter:data1\" content=\"1 minut\" \/>\n<script type=\"application\/ld+json\" class=\"yoast-schema-graph\">{\"@context\":\"https:\\\/\\\/schema.org\",\"@graph\":[{\"@type\":[\"WebPage\",\"ItemPage\"],\"@id\":\"https:\\\/\\\/lustandlove.eu\\\/et\\\/toode\\\/minivibraator-taaslaetav-copy\\\/\",\"url\":\"https:\\\/\\\/lustandlove.eu\\\/et\\\/toode\\\/minivibraator-taaslaetav-copy\\\/\",\"name\":\"Kuulvibraator 10 Kiirust | Lust & Love\",\"isPartOf\":{\"@id\":\"https:\\\/\\\/lustandlove.eu\\\/et\\\/#website\"},\"primaryImageOfPage\":{\"@id\":\"https:\\\/\\\/lustandlove.eu\\\/et\\\/toode\\\/minivibraator-taaslaetav-copy\\\/#primaryimage\"},\"image\":{\"@id\":\"https:\\\/\\\/lustandlove.eu\\\/et\\\/toode\\\/minivibraator-taaslaetav-copy\\\/#primaryimage\"},\"thumbnailUrl\":\"https:\\\/\\\/lustandlove.eu\\\/wp-content\\\/uploads\\\/WFH_Black_Bullet_1.png\",\"datePublished\":\"2025-08-12T06:06:40+00:00\",\"dateModified\":\"2026-04-13T07:26:32+00:00\",\"description\":\"Pange oma strap-on rakmed selle USB-laetava kuuliga vibreerima. Saate selle reisides h\u00f5lpsalt oma k\u00e4ekotti v\u00f5i seljakotti pista.\",\"breadcrumb\":{\"@id\":\"https:\\\/\\\/lustandlove.eu\\\/et\\\/toode\\\/minivibraator-taaslaetav-copy\\\/#breadcrumb\"},\"inLanguage\":\"et\",\"potentialAction\":[{\"@type\":\"ReadAction\",\"target\":[\"https:\\\/\\\/lustandlove.eu\\\/et\\\/toode\\\/minivibraator-taaslaetav-copy\\\/\"]}]},{\"@type\":\"ImageObject\",\"inLanguage\":\"et\",\"@id\":\"https:\\\/\\\/lustandlove.eu\\\/et\\\/toode\\\/minivibraator-taaslaetav-copy\\\/#primaryimage\",\"url\":\"https:\\\/\\\/lustandlove.eu\\\/wp-content\\\/uploads\\\/WFH_Black_Bullet_1.png\",\"contentUrl\":\"https:\\\/\\\/lustandlove.eu\\\/wp-content\\\/uploads\\\/WFH_Black_Bullet_1.png\",\"width\":640,\"height\":799},{\"@type\":\"BreadcrumbList\",\"@id\":\"https:\\\/\\\/lustandlove.eu\\\/et\\\/toode\\\/minivibraator-taaslaetav-copy\\\/#breadcrumb\",\"itemListElement\":[{\"@type\":\"ListItem\",\"position\":1,\"name\":\"Lust and Love\",\"item\":\"https:\\\/\\\/lustandlove.eu\\\/et\\\/\"},{\"@type\":\"ListItem\",\"position\":2,\"name\":\"Pood\",\"item\":\"https:\\\/\\\/lustandlove.eu\\\/et\\\/pood\\\/\"},{\"@type\":\"ListItem\",\"position\":3,\"name\":\"Sekslelud\",\"item\":\"https:\\\/\\\/lustandlove.eu\\\/et\\\/pood\\\/sekslelud\\\/\"},{\"@type\":\"ListItem\",\"position\":4,\"name\":\"Kuulvibraator 10 Kiirust\"}]},{\"@type\":\"WebSite\",\"@id\":\"https:\\\/\\\/lustandlove.eu\\\/et\\\/#website\",\"url\":\"https:\\\/\\\/lustandlove.eu\\\/et\\\/\",\"name\":\"Lust &amp; Love\",\"description\":\"Online erootikapood tervise, ilu ja armastuse jaoks\",\"publisher\":{\"@id\":\"https:\\\/\\\/lustandlove.eu\\\/et\\\/#organization\"},\"potentialAction\":[{\"@type\":\"SearchAction\",\"target\":{\"@type\":\"EntryPoint\",\"urlTemplate\":\"https:\\\/\\\/lustandlove.eu\\\/et\\\/?s={search_term_string}\"},\"query-input\":{\"@type\":\"PropertyValueSpecification\",\"valueRequired\":true,\"valueName\":\"search_term_string\"}}],\"inLanguage\":\"et\"},{\"@type\":\"Organization\",\"@id\":\"https:\\\/\\\/lustandlove.eu\\\/et\\\/#organization\",\"name\":\"Bioconcept Baltics O\u00dc\",\"url\":\"https:\\\/\\\/lustandlove.eu\\\/et\\\/\",\"logo\":{\"@type\":\"ImageObject\",\"inLanguage\":\"et\",\"@id\":\"https:\\\/\\\/lustandlove.eu\\\/et\\\/#\\\/schema\\\/logo\\\/image\\\/\",\"url\":\"\",\"contentUrl\":\"\",\"caption\":\"Bioconcept Baltics O\u00dc\"},\"image\":{\"@id\":\"https:\\\/\\\/lustandlove.eu\\\/et\\\/#\\\/schema\\\/logo\\\/image\\\/\"},\"sameAs\":[\"https:\\\/\\\/www.facebook.com\\\/LustandLoveEU\\\/\",\"https:\\\/\\\/www.instagram.com\\\/lustandloveeu\\\/\"]}]}<\/script>\n<!-- \/ Yoast SEO plugin. -->","yoast_head_json":{"title":"Kuulvibraator 10 Kiirust | Lust & Love","description":"Pange oma strap-on rakmed selle USB-laetava kuuliga vibreerima. Saate selle reisides h\u00f5lpsalt oma k\u00e4ekotti v\u00f5i seljakotti pista.","robots":{"index,follow,max-snippet":"index,follow,max-snippet:-1,max-image-preview:large,max-video-preview:-1"},"canonical":"https:\/\/lustandlove.eu\/et\/toode\/minivibraator-taaslaetav-copy\/","twitter_card":"summary_large_image","twitter_title":"Kuulvibraator 10 Kiirust | Lust & Love","twitter_description":"Pange oma strap-on rakmed selle USB-laetava kuuliga vibreerima. Saate selle reisides h\u00f5lpsalt oma k\u00e4ekotti v\u00f5i seljakotti pista.","twitter_image":"https:\/\/lustandlove.eu\/wp-content\/uploads\/WFH_Black_Bullet_1.png","twitter_misc":{"Est. reading time":"1 minut"},"schema":{"@context":"https:\/\/schema.org","@graph":[{"@type":["WebPage","ItemPage"],"@id":"https:\/\/lustandlove.eu\/et\/toode\/minivibraator-taaslaetav-copy\/","url":"https:\/\/lustandlove.eu\/et\/toode\/minivibraator-taaslaetav-copy\/","name":"Kuulvibraator 10 Kiirust | Lust & Love","isPartOf":{"@id":"https:\/\/lustandlove.eu\/et\/#website"},"primaryImageOfPage":{"@id":"https:\/\/lustandlove.eu\/et\/toode\/minivibraator-taaslaetav-copy\/#primaryimage"},"image":{"@id":"https:\/\/lustandlove.eu\/et\/toode\/minivibraator-taaslaetav-copy\/#primaryimage"},"thumbnailUrl":"https:\/\/lustandlove.eu\/wp-content\/uploads\/WFH_Black_Bullet_1.png","datePublished":"2025-08-12T06:06:40+00:00","dateModified":"2026-04-13T07:26:32+00:00","description":"Pange oma strap-on rakmed selle USB-laetava kuuliga vibreerima. Saate selle reisides h\u00f5lpsalt oma k\u00e4ekotti v\u00f5i seljakotti pista.","breadcrumb":{"@id":"https:\/\/lustandlove.eu\/et\/toode\/minivibraator-taaslaetav-copy\/#breadcrumb"},"inLanguage":"et","potentialAction":[{"@type":"ReadAction","target":["https:\/\/lustandlove.eu\/et\/toode\/minivibraator-taaslaetav-copy\/"]}]},{"@type":"ImageObject","inLanguage":"et","@id":"https:\/\/lustandlove.eu\/et\/toode\/minivibraator-taaslaetav-copy\/#primaryimage","url":"https:\/\/lustandlove.eu\/wp-content\/uploads\/WFH_Black_Bullet_1.png","contentUrl":"https:\/\/lustandlove.eu\/wp-content\/uploads\/WFH_Black_Bullet_1.png","width":640,"height":799},{"@type":"BreadcrumbList","@id":"https:\/\/lustandlove.eu\/et\/toode\/minivibraator-taaslaetav-copy\/#breadcrumb","itemListElement":[{"@type":"ListItem","position":1,"name":"Lust and Love","item":"https:\/\/lustandlove.eu\/et\/"},{"@type":"ListItem","position":2,"name":"Pood","item":"https:\/\/lustandlove.eu\/et\/pood\/"},{"@type":"ListItem","position":3,"name":"Sekslelud","item":"https:\/\/lustandlove.eu\/et\/pood\/sekslelud\/"},{"@type":"ListItem","position":4,"name":"Kuulvibraator 10 Kiirust"}]},{"@type":"WebSite","@id":"https:\/\/lustandlove.eu\/et\/#website","url":"https:\/\/lustandlove.eu\/et\/","name":"Lust &amp; Love","description":"Online erootikapood tervise, ilu ja armastuse jaoks","publisher":{"@id":"https:\/\/lustandlove.eu\/et\/#organization"},"potentialAction":[{"@type":"SearchAction","target":{"@type":"EntryPoint","urlTemplate":"https:\/\/lustandlove.eu\/et\/?s={search_term_string}"},"query-input":{"@type":"PropertyValueSpecification","valueRequired":true,"valueName":"search_term_string"}}],"inLanguage":"et"},{"@type":"Organization","@id":"https:\/\/lustandlove.eu\/et\/#organization","name":"Bioconcept Baltics O\u00dc","url":"https:\/\/lustandlove.eu\/et\/","logo":{"@type":"ImageObject","inLanguage":"et","@id":"https:\/\/lustandlove.eu\/et\/#\/schema\/logo\/image\/","url":"","contentUrl":"","caption":"Bioconcept Baltics O\u00dc"},"image":{"@id":"https:\/\/lustandlove.eu\/et\/#\/schema\/logo\/image\/"},"sameAs":["https:\/\/www.facebook.com\/LustandLoveEU\/","https:\/\/www.instagram.com\/lustandloveeu\/"]}]}},"_links":{"self":[{"href":"https:\/\/lustandlove.eu\/et\/wp-json\/wp\/v2\/product\/94020","targetHints":{"allow":["GET"]}}],"collection":[{"href":"https:\/\/lustandlove.eu\/et\/wp-json\/wp\/v2\/product"}],"about":[{"href":"https:\/\/lustandlove.eu\/et\/wp-json\/wp\/v2\/types\/product"}],"wp:featuredmedia":[{"embeddable":true,"href":"https:\/\/lustandlove.eu\/et\/wp-json\/wp\/v2\/media\/94030"}],"wp:attachment":[{"href":"https:\/\/lustandlove.eu\/et\/wp-json\/wp\/v2\/media?parent=94020"}],"wp:term":[{"taxonomy":"product_brand","embeddable":true,"href":"https:\/\/lustandlove.eu\/et\/wp-json\/wp\/v2\/product_brand?post=94020"},{"taxonomy":"product_cat","embeddable":true,"href":"https:\/\/lustandlove.eu\/et\/wp-json\/wp\/v2\/product_cat?post=94020"},{"taxonomy":"product_tag","embeddable":true,"href":"https:\/\/lustandlove.eu\/et\/wp-json\/wp\/v2\/product_tag?post=94020"}],"curies":[{"name":"wp","href":"https:\/\/api.w.org\/{rel}","templated":true}]}}