{"id":94325,"date":"2025-09-25T09:40:47","date_gmt":"2025-09-25T06:40:48","guid":{"rendered":"https:\/\/lustandlove.eu\/?post_type=product&#038;p=94325"},"modified":"2026-04-13T10:26:29","modified_gmt":"2026-04-13T07:26:29","slug":"fusion1-0-painutatav-copy","status":"publish","type":"product","link":"https:\/\/lustandlove.eu\/et\/toode\/fusion1-0-painutatav-copy\/","title":{"rendered":"Fusion Feelskin Strap-on dildo"},"content":{"rendered":"<div class=\"wpb-content-wrapper\"><p>[vc_row][vc_column][vc_column_text css=&#8221;&#8221; woodmart_inline=&#8221;no&#8221; text_larger=&#8221;no&#8221;]Painduv vars liigub koos sinuga ja tabab k\u00f5iki \u00f5igeid kohti, samas kui ainulaadne naudingualus stimuleerib kandja kliitorit iga t\u00f5ukega, muutes iga liigutuse vastastikuseks naudinguks.<\/p>\n<p>FeelSkin\u2122 tehnoloogia: Topelttihedusega \u00fclirealistlik ja elutruu tekstuur.<\/p>\n<p>Naudingu-alus: Tekstureeritud disain pakub kandjale enneolematut kliitori stimulatsiooni.<br \/>\nKehas\u00f5bralikud materjalid: Valmistatud 100% meditsiinilisest silikoonist ning ei sisalda ftalaate, lateksit, parabeene ega l\u00f5hnaaineid.<br \/>\nSobib ideaalselt k\u00f5igile: Saadaval kolmes suuruses \u2013 v\u00e4ike, keskmine ja suur.<\/p>\n<p>Meie \u00fclirealistliku FeelSkin\u2122 tehnoloogiaga vars ja <em>pleasure base<\/em> tunduvad uskumatult pehmed, siidised ja elutruud, nagu p\u00e4ris nahk sinu vastas.<br \/>\nPainduv vars paindub vastavalt sinu vajadustele \u2013 ja p\u00fcsib t\u00e4pselt seal, kuhu sa selle asetad \u2013, nii et \u00fcksk\u00f5ik milline liigutus, mis sul m\u00f5ttes on, on ametlikult laual.<br \/>\nOlenemata sellest, kas sa <em>grindid<\/em>, t\u00f5ukad v\u00f5i katsetad poosidega, liigub Fusion koos sinu keha ja kujutlusv\u00f5imega.<br \/>\nJa mis veelgi silmatorkavam? Naudingualusel on t\u00f5stetud silikoonribid. Iga liigutusega stimuleerivad need kandjat kliitoriga, muutes m\u00e4ngu filtreerimata, keha raputavaks ekstaasiks. Ergonoomiline disain tagab nii mugavuse kui ka kontrolli, muutes iga hetke vastastikuseks eufooriaks.<\/p>\n<p>Kolmes suuruses saadaval olev Fusion sobib igale kehale ja igat t\u00fc\u00fcpi m\u00e4ngule. Selle kehas\u00f5bralik silikoon on ftalaatide- ja parabeenidevaba ning tundub jumalik isegi tundlikul nahal, nii et saate mured vahele j\u00e4tta ja keskenduda ilutulestikule.[\/vc_column_text][\/vc_column][\/vc_row]<\/p>\n<\/div>","protected":false},"excerpt":{"rendered":"<p>Sest kordam\u00f6\u00f6da seksimine on \u00fclehinnatud! J\u00e4ta kordam\u00f6\u00f6da seksimisega h\u00fcvasti ja tere tulemast jagatud naudingule Fusioniga \u2013 meie revolutsioonilise LGBTQ seksleluga, mis on loodud samaaegseks rahulduseks. FeelSkin\u2122 tehnoloogiaga valmistatud, tunne end uskumatult pehme, elastse ja nahasarnase tekstuuriga \u2013 nagu p\u00e4ris liikuv keha.<\/p>\n","protected":false},"featured_media":94335,"template":"","meta":[],"product_brand":[4246],"product_cat":[1485,1496,1484,4066,1499],"product_tag":[4024,4023],"class_list":{"0":"post-94325","1":"product","2":"type-product","3":"status-publish","4":"has-post-thumbnail","6":"product_brand-wet-for-her-et","7":"product_cat-dildod","8":"product_cat-lgbtq-et","9":"product_cat-sekslelud","10":"product_cat-strap-on-et","11":"product_cat-strap-on-dildod","12":"product_tag-pegging-et","13":"product_tag-strapon-et","14":"pa_brand-wet-for-her-et","16":"first","17":"instock","18":"taxable","19":"shipping-taxable","20":"purchasable","21":"product-type-variable"},"yoast_head":"<!-- This site is optimized with the Yoast SEO plugin v27.3 - https:\/\/yoast.com\/product\/yoast-seo-wordpress\/ -->\n<title>Fusion Feelskin Strap-on dildo | Lust&amp;Love Sex Shop<\/title>\n<meta name=\"description\" content=\"J\u00e4ta h\u00fcvasti kordam\u00f6\u00f6da seksimisega ja tervita jagatud naudingut Fusioniga \u2013 see on revolutsiooniline lesbide sekslelu, mis on loodud samaaegseks rahulduseks.\" \/>\n<meta name=\"robots\" content=\"index,follow,max-snippet:-1,max-image-preview:large,max-video-preview:-1\" \/>\n<link rel=\"canonical\" href=\"https:\/\/lustandlove.eu\/et\/toode\/fusion1-0-painutatav-copy\/\" \/>\n<meta name=\"twitter:card\" content=\"summary_large_image\" \/>\n<meta name=\"twitter:title\" content=\"Fusion Feelskin Strap-on dildo | Lust&amp;Love Sex Shop\" \/>\n<meta name=\"twitter:description\" content=\"J\u00e4ta h\u00fcvasti kordam\u00f6\u00f6da seksimisega ja tervita jagatud naudingut Fusioniga \u2013 see on revolutsiooniline lesbide sekslelu, mis on loodud samaaegseks rahulduseks.\" \/>\n<meta name=\"twitter:image\" content=\"https:\/\/lustandlove.eu\/wp-content\/uploads\/WFH_Fusion_2.0_Black_M_06.webp\" \/>\n<meta name=\"twitter:label1\" content=\"Est. reading time\" \/>\n\t<meta name=\"twitter:data1\" content=\"1 minut\" \/>\n<script type=\"application\/ld+json\" class=\"yoast-schema-graph\">{\"@context\":\"https:\\\/\\\/schema.org\",\"@graph\":[{\"@type\":[\"WebPage\",\"ItemPage\"],\"@id\":\"https:\\\/\\\/lustandlove.eu\\\/et\\\/toode\\\/fusion1-0-painutatav-copy\\\/\",\"url\":\"https:\\\/\\\/lustandlove.eu\\\/et\\\/toode\\\/fusion1-0-painutatav-copy\\\/\",\"name\":\"Fusion Feelskin Strap-on dildo | Lust&Love Sex Shop\",\"isPartOf\":{\"@id\":\"https:\\\/\\\/lustandlove.eu\\\/et\\\/#website\"},\"primaryImageOfPage\":{\"@id\":\"https:\\\/\\\/lustandlove.eu\\\/et\\\/toode\\\/fusion1-0-painutatav-copy\\\/#primaryimage\"},\"image\":{\"@id\":\"https:\\\/\\\/lustandlove.eu\\\/et\\\/toode\\\/fusion1-0-painutatav-copy\\\/#primaryimage\"},\"thumbnailUrl\":\"https:\\\/\\\/lustandlove.eu\\\/wp-content\\\/uploads\\\/WFH_Fusion_2.0_Black_M_06.webp\",\"datePublished\":\"2025-09-25T06:40:48+00:00\",\"dateModified\":\"2026-04-13T07:26:29+00:00\",\"description\":\"J\u00e4ta h\u00fcvasti kordam\u00f6\u00f6da seksimisega ja tervita jagatud naudingut Fusioniga \u2013 see on revolutsiooniline lesbide sekslelu, mis on loodud samaaegseks rahulduseks.\",\"breadcrumb\":{\"@id\":\"https:\\\/\\\/lustandlove.eu\\\/et\\\/toode\\\/fusion1-0-painutatav-copy\\\/#breadcrumb\"},\"inLanguage\":\"et\",\"potentialAction\":[{\"@type\":\"ReadAction\",\"target\":[\"https:\\\/\\\/lustandlove.eu\\\/et\\\/toode\\\/fusion1-0-painutatav-copy\\\/\"]}]},{\"@type\":\"ImageObject\",\"inLanguage\":\"et\",\"@id\":\"https:\\\/\\\/lustandlove.eu\\\/et\\\/toode\\\/fusion1-0-painutatav-copy\\\/#primaryimage\",\"url\":\"https:\\\/\\\/lustandlove.eu\\\/wp-content\\\/uploads\\\/WFH_Fusion_2.0_Black_M_06.webp\",\"contentUrl\":\"https:\\\/\\\/lustandlove.eu\\\/wp-content\\\/uploads\\\/WFH_Fusion_2.0_Black_M_06.webp\",\"width\":740,\"height\":924},{\"@type\":\"BreadcrumbList\",\"@id\":\"https:\\\/\\\/lustandlove.eu\\\/et\\\/toode\\\/fusion1-0-painutatav-copy\\\/#breadcrumb\",\"itemListElement\":[{\"@type\":\"ListItem\",\"position\":1,\"name\":\"Lust and Love\",\"item\":\"https:\\\/\\\/lustandlove.eu\\\/et\\\/\"},{\"@type\":\"ListItem\",\"position\":2,\"name\":\"Pood\",\"item\":\"https:\\\/\\\/lustandlove.eu\\\/et\\\/pood\\\/\"},{\"@type\":\"ListItem\",\"position\":3,\"name\":\"Sekslelud\",\"item\":\"https:\\\/\\\/lustandlove.eu\\\/et\\\/pood\\\/sekslelud\\\/\"},{\"@type\":\"ListItem\",\"position\":4,\"name\":\"LGBTQ\",\"item\":\"https:\\\/\\\/lustandlove.eu\\\/et\\\/pood\\\/sekslelud\\\/lgbtq-et\\\/\"},{\"@type\":\"ListItem\",\"position\":5,\"name\":\"Fusion Feelskin Strap-on dildo\"}]},{\"@type\":\"WebSite\",\"@id\":\"https:\\\/\\\/lustandlove.eu\\\/et\\\/#website\",\"url\":\"https:\\\/\\\/lustandlove.eu\\\/et\\\/\",\"name\":\"Lust &amp; Love\",\"description\":\"Online erootikapood tervise, ilu ja armastuse jaoks\",\"publisher\":{\"@id\":\"https:\\\/\\\/lustandlove.eu\\\/et\\\/#organization\"},\"potentialAction\":[{\"@type\":\"SearchAction\",\"target\":{\"@type\":\"EntryPoint\",\"urlTemplate\":\"https:\\\/\\\/lustandlove.eu\\\/et\\\/?s={search_term_string}\"},\"query-input\":{\"@type\":\"PropertyValueSpecification\",\"valueRequired\":true,\"valueName\":\"search_term_string\"}}],\"inLanguage\":\"et\"},{\"@type\":\"Organization\",\"@id\":\"https:\\\/\\\/lustandlove.eu\\\/et\\\/#organization\",\"name\":\"Bioconcept Baltics O\u00dc\",\"url\":\"https:\\\/\\\/lustandlove.eu\\\/et\\\/\",\"logo\":{\"@type\":\"ImageObject\",\"inLanguage\":\"et\",\"@id\":\"https:\\\/\\\/lustandlove.eu\\\/et\\\/#\\\/schema\\\/logo\\\/image\\\/\",\"url\":\"\",\"contentUrl\":\"\",\"caption\":\"Bioconcept Baltics O\u00dc\"},\"image\":{\"@id\":\"https:\\\/\\\/lustandlove.eu\\\/et\\\/#\\\/schema\\\/logo\\\/image\\\/\"},\"sameAs\":[\"https:\\\/\\\/www.facebook.com\\\/LustandLoveEU\\\/\",\"https:\\\/\\\/www.instagram.com\\\/lustandloveeu\\\/\"]}]}<\/script>\n<!-- \/ Yoast SEO plugin. -->","yoast_head_json":{"title":"Fusion Feelskin Strap-on dildo | Lust&Love Sex Shop","description":"J\u00e4ta h\u00fcvasti kordam\u00f6\u00f6da seksimisega ja tervita jagatud naudingut Fusioniga \u2013 see on revolutsiooniline lesbide sekslelu, mis on loodud samaaegseks rahulduseks.","robots":{"index,follow,max-snippet":"index,follow,max-snippet:-1,max-image-preview:large,max-video-preview:-1"},"canonical":"https:\/\/lustandlove.eu\/et\/toode\/fusion1-0-painutatav-copy\/","twitter_card":"summary_large_image","twitter_title":"Fusion Feelskin Strap-on dildo | Lust&Love Sex Shop","twitter_description":"J\u00e4ta h\u00fcvasti kordam\u00f6\u00f6da seksimisega ja tervita jagatud naudingut Fusioniga \u2013 see on revolutsiooniline lesbide sekslelu, mis on loodud samaaegseks rahulduseks.","twitter_image":"https:\/\/lustandlove.eu\/wp-content\/uploads\/WFH_Fusion_2.0_Black_M_06.webp","twitter_misc":{"Est. reading time":"1 minut"},"schema":{"@context":"https:\/\/schema.org","@graph":[{"@type":["WebPage","ItemPage"],"@id":"https:\/\/lustandlove.eu\/et\/toode\/fusion1-0-painutatav-copy\/","url":"https:\/\/lustandlove.eu\/et\/toode\/fusion1-0-painutatav-copy\/","name":"Fusion Feelskin Strap-on dildo | Lust&Love Sex Shop","isPartOf":{"@id":"https:\/\/lustandlove.eu\/et\/#website"},"primaryImageOfPage":{"@id":"https:\/\/lustandlove.eu\/et\/toode\/fusion1-0-painutatav-copy\/#primaryimage"},"image":{"@id":"https:\/\/lustandlove.eu\/et\/toode\/fusion1-0-painutatav-copy\/#primaryimage"},"thumbnailUrl":"https:\/\/lustandlove.eu\/wp-content\/uploads\/WFH_Fusion_2.0_Black_M_06.webp","datePublished":"2025-09-25T06:40:48+00:00","dateModified":"2026-04-13T07:26:29+00:00","description":"J\u00e4ta h\u00fcvasti kordam\u00f6\u00f6da seksimisega ja tervita jagatud naudingut Fusioniga \u2013 see on revolutsiooniline lesbide sekslelu, mis on loodud samaaegseks rahulduseks.","breadcrumb":{"@id":"https:\/\/lustandlove.eu\/et\/toode\/fusion1-0-painutatav-copy\/#breadcrumb"},"inLanguage":"et","potentialAction":[{"@type":"ReadAction","target":["https:\/\/lustandlove.eu\/et\/toode\/fusion1-0-painutatav-copy\/"]}]},{"@type":"ImageObject","inLanguage":"et","@id":"https:\/\/lustandlove.eu\/et\/toode\/fusion1-0-painutatav-copy\/#primaryimage","url":"https:\/\/lustandlove.eu\/wp-content\/uploads\/WFH_Fusion_2.0_Black_M_06.webp","contentUrl":"https:\/\/lustandlove.eu\/wp-content\/uploads\/WFH_Fusion_2.0_Black_M_06.webp","width":740,"height":924},{"@type":"BreadcrumbList","@id":"https:\/\/lustandlove.eu\/et\/toode\/fusion1-0-painutatav-copy\/#breadcrumb","itemListElement":[{"@type":"ListItem","position":1,"name":"Lust and Love","item":"https:\/\/lustandlove.eu\/et\/"},{"@type":"ListItem","position":2,"name":"Pood","item":"https:\/\/lustandlove.eu\/et\/pood\/"},{"@type":"ListItem","position":3,"name":"Sekslelud","item":"https:\/\/lustandlove.eu\/et\/pood\/sekslelud\/"},{"@type":"ListItem","position":4,"name":"LGBTQ","item":"https:\/\/lustandlove.eu\/et\/pood\/sekslelud\/lgbtq-et\/"},{"@type":"ListItem","position":5,"name":"Fusion Feelskin Strap-on dildo"}]},{"@type":"WebSite","@id":"https:\/\/lustandlove.eu\/et\/#website","url":"https:\/\/lustandlove.eu\/et\/","name":"Lust &amp; Love","description":"Online erootikapood tervise, ilu ja armastuse jaoks","publisher":{"@id":"https:\/\/lustandlove.eu\/et\/#organization"},"potentialAction":[{"@type":"SearchAction","target":{"@type":"EntryPoint","urlTemplate":"https:\/\/lustandlove.eu\/et\/?s={search_term_string}"},"query-input":{"@type":"PropertyValueSpecification","valueRequired":true,"valueName":"search_term_string"}}],"inLanguage":"et"},{"@type":"Organization","@id":"https:\/\/lustandlove.eu\/et\/#organization","name":"Bioconcept Baltics O\u00dc","url":"https:\/\/lustandlove.eu\/et\/","logo":{"@type":"ImageObject","inLanguage":"et","@id":"https:\/\/lustandlove.eu\/et\/#\/schema\/logo\/image\/","url":"","contentUrl":"","caption":"Bioconcept Baltics O\u00dc"},"image":{"@id":"https:\/\/lustandlove.eu\/et\/#\/schema\/logo\/image\/"},"sameAs":["https:\/\/www.facebook.com\/LustandLoveEU\/","https:\/\/www.instagram.com\/lustandloveeu\/"]}]}},"_links":{"self":[{"href":"https:\/\/lustandlove.eu\/et\/wp-json\/wp\/v2\/product\/94325","targetHints":{"allow":["GET"]}}],"collection":[{"href":"https:\/\/lustandlove.eu\/et\/wp-json\/wp\/v2\/product"}],"about":[{"href":"https:\/\/lustandlove.eu\/et\/wp-json\/wp\/v2\/types\/product"}],"wp:featuredmedia":[{"embeddable":true,"href":"https:\/\/lustandlove.eu\/et\/wp-json\/wp\/v2\/media\/94335"}],"wp:attachment":[{"href":"https:\/\/lustandlove.eu\/et\/wp-json\/wp\/v2\/media?parent=94325"}],"wp:term":[{"taxonomy":"product_brand","embeddable":true,"href":"https:\/\/lustandlove.eu\/et\/wp-json\/wp\/v2\/product_brand?post=94325"},{"taxonomy":"product_cat","embeddable":true,"href":"https:\/\/lustandlove.eu\/et\/wp-json\/wp\/v2\/product_cat?post=94325"},{"taxonomy":"product_tag","embeddable":true,"href":"https:\/\/lustandlove.eu\/et\/wp-json\/wp\/v2\/product_tag?post=94325"}],"curies":[{"name":"wp","href":"https:\/\/api.w.org\/{rel}","templated":true}]}}