{"id":94360,"date":"2025-09-25T09:55:20","date_gmt":"2025-09-25T06:55:21","guid":{"rendered":"https:\/\/lustandlove.eu\/?post_type=product&#038;p=94360"},"modified":"2026-04-13T10:26:28","modified_gmt":"2026-04-13T07:26:28","slug":"milo-feelskin-pack-n-play-with-ftm-stroker-base","status":"publish","type":"product","link":"https:\/\/lustandlove.eu\/et\/toode\/milo-feelskin-pack-n-play-with-ftm-stroker-base\/","title":{"rendered":"Milo FeelSkin Pack n Play with FTM Stroker Base"},"content":{"rendered":"<div class=\"wpb-content-wrapper\"><p>[vc_row][vc_column][vc_column_text css=&#8221;&#8221; woodmart_inline=&#8221;no&#8221; text_larger=&#8221;no&#8221;]Kiusa, eruta ja korda seda Milo Pack n Play dildoga.<\/p>\n<p>Milo pole lihtsalt m\u00e4nguasi \u2013 see on sinu naudingut pakkuv kaaslane, loodud sind l\u00e4hemale tooma, sind valjemini karjuma panema ja iga \u00f5htu unustamatuks muutma.<\/p>\n<p>Miks valida Milo?<\/p>\n<p>Muuda oma intiimsed hetked unustamatuks Miloga \u2013 see <em>pack n play<\/em> dildo, mis teab, kuidas meeldida nii sulle kui ka su partnerile. Kandjale pakub Milo tekstuuriga lohk imelist ja t\u00e4iskontaktset stimulatsiooni sinu alumisele kasvule v\u00f5i kliitorile, tundes end samal ajal keha pikendusena. Elutruu disain koos peenikeste soontega ja sileda, kahe tihedusega silikoonpinnaga suurendab sinu enesekindlust, hoides samal ajal asjad \u00fclimugavana.<\/p>\n<p>Ka sinu partner ei j\u00e4\u00e4 l\u00f5bust ilma. Milo painduv vars on loodud leidma k\u00f5ik tema k\u00f5ige tundlikumad kohad, olgu selleks G-punkt, P-punkt v\u00f5i midagi nende vahel.<\/p>\n<p>Loodud paigal p\u00fcsima, mitte jalge vahele j\u00e4\u00e4ma, sobib Milo pingutuseta paljude rakmetega, et saaksite keskenduda sellele, mis on t\u00f5eliselt oluline \u2013 kiusamisele, puudutamisele ja aja v\u00f5tmisele teineteise iga sentimeetri avastamiseks.<\/p>\n<p>Ja kui on aeg asju veelgi paremaks muuta, muudab v\u00e4ike veep\u00f5hine libesti Milo sileda ja kehas\u00f5braliku silikooni puhtaks m\u00f5nuks. H\u00fcpoallergeensest, mittepoorsest plaatinasilikoonist valmistatud Milo on vastupidav, kergesti puhastatav ja valmis teie fantaasiaid ikka ja j\u00e4lle ellu \u00e4ratama.<\/p>\n<p>See pole lihtsalt m\u00e4nguasi \u2013 see on teie kutse enesekindlusele, \u00fchendusele ja sellistele \u00f6\u00f6dele, mis j\u00e4\u00e4vad teie m\u00e4llu kauaks p\u00e4rast linade jahtumist.<\/p>\n<p>Pack \u2018n Play disain: Realistlik kahe tihedusega dildo silikoonp\u00f5hjaga.<br \/>\nSilikoonp\u00f5hi: Loodud stimuleerima alumist kasvu tekstuurilise naudinguga.<br \/>\nPaindlik vars: Painduv m\u00e4luga s\u00fcdamik G- v\u00f5i P-punkti stimuleerimiseks.<br \/>\nRealistlikud detailid: Peened veenid ja loomulik kuju elutruu tunde tagamiseks.<br \/>\nH\u00fcpoallergeensed materjalid: Valmistatud 100% meditsiinilisest plaatinasilikoonist ohutuks ja mugavaks kogemuseks.<br \/>\nRakmetega \u00fchilduv: Sobib ideaalselt iga rakmega.<br \/>\nMitmek\u00fclgne kasutus: Sobib vaginaalseks ja anaalseks penetratsiooniks.<\/p>\n<p>Materjalid:<br \/>\nKahekordse tihedusega 100% plaatinasilikoon<\/p>\n<p>Suuruste tabel:<\/p>\n<p><em>Strokeri<\/em> augu m\u00f5\u00f5tmed:<br \/>\nL\u00e4bim\u00f5\u00f5t: 1,5 cm<br \/>\nS\u00fcgavus: 2,5 cm<\/p>\n<p>M\u00e4nguasja m\u00f5\u00f5tmed <strong>V\u00e4ike<\/strong>:<br \/>\nDiameeter: 3 cm<br \/>\nSisestatav pikkus: 13 cm<br \/>\nKogupikkus: 18 cm<\/p>\n<p>M\u00e4nguasja m\u00f5\u00f5tmed <strong>Kesmine<\/strong>:<br \/>\nDiameeter: 3.5 cm<br \/>\nSisestatav pikkus: 15 cm<br \/>\nKogupikkus: 19 cm<\/p>\n<p>M\u00e4nguasja m\u00f5\u00f5tmed <strong>Suur<\/strong>:<br \/>\nDiameeter: 4 cm<br \/>\nSisestatav pikkus: 16 cm<br \/>\nKogupikkus: 20 cm[\/vc_column_text][\/vc_column][\/vc_row]<\/p>\n<\/div>","protected":false},"excerpt":{"rendered":"<p>Sinu seksikad sessioonid saavad Miloga uue ja s\u00e4rava t\u00e4ienduse. See Wet For Her eksklusiivne <em>packing<\/em> dildo sisseehitatud <em>stroker<\/em>-iga on loodud armastuse jagamiseks ja tagamaks, et sina ja su partner saate t\u00e4pselt seda, mida ihaldate. Tekstuuriga <em>stroker<\/em>-alus \u00fcmbritseb teie kliitorit v\u00f5i alumist kasvu, saates v\u00e4risema panevaid m\u00f5nusid l\u00e4bi kogu keha, tundudes samal ajal teie loomuliku osana. Ja samal ajal kui teie olete \u00f5ndsuses kadunud, on teie partner v\u00f5lutud painduvast dildost. See on loodud selleks, et tabada tema G-punkti, P-punkti v\u00f5i seda t\u00e4pselt \u00f5iget kohta, mis paneb nad enama j\u00e4rele paluma.<\/p>\n","protected":false},"featured_media":94378,"template":"","meta":[],"product_brand":[4246],"product_cat":[1485,1496,4065,1484,4066,1499],"product_tag":[4028,4024,4023,4027],"class_list":{"0":"post-94360","1":"product","2":"type-product","3":"status-publish","4":"has-post-thumbnail","6":"product_brand-wet-for-her-et","7":"product_cat-dildod","8":"product_cat-lgbtq-et","9":"product_cat-realistlik","10":"product_cat-sekslelud","11":"product_cat-strap-on-et","12":"product_cat-strap-on-dildod","13":"product_tag-ftm-et","14":"product_tag-pegging-et","15":"product_tag-strapon-et","16":"product_tag-stroker-et","17":"pa_brand-wet-for-her-et","19":"first","20":"instock","21":"taxable","22":"shipping-taxable","23":"purchasable","24":"product-type-variable"},"yoast_head":"<!-- This site is optimized with the Yoast SEO plugin v27.3 - https:\/\/yoast.com\/product\/yoast-seo-wordpress\/ -->\n<title>Milo Pack n Play with FTM Stroker Base | Lust&amp;Love Sex Shop<\/title>\n<meta name=\"description\" content=\"Sisseehitatud stroker-iga packing dildo armastuse jagamiseks. Tekstuuriga stroker alus \u00fcmbritseb teie kliitorit v\u00f5i alumist kasvu.\" \/>\n<meta name=\"robots\" content=\"index,follow,max-snippet:-1,max-image-preview:large,max-video-preview:-1\" \/>\n<link rel=\"canonical\" href=\"https:\/\/lustandlove.eu\/et\/toode\/milo-feelskin-pack-n-play-with-ftm-stroker-base\/\" \/>\n<meta name=\"twitter:card\" content=\"summary_large_image\" \/>\n<meta name=\"twitter:title\" content=\"Milo Pack n Play with FTM Stroker Base | Lust&amp;Love Sex Shop\" \/>\n<meta name=\"twitter:description\" content=\"Sisseehitatud stroker-iga packing dildo armastuse jagamiseks. Tekstuuriga stroker alus \u00fcmbritseb teie kliitorit v\u00f5i alumist kasvu.\" \/>\n<meta name=\"twitter:image\" content=\"https:\/\/lustandlove.eu\/wp-content\/uploads\/WFH_Milo_with_Box_V3.webp\" \/>\n<meta name=\"twitter:label1\" content=\"Est. reading time\" \/>\n\t<meta name=\"twitter:data1\" content=\"2 minutit\" \/>\n<script type=\"application\/ld+json\" class=\"yoast-schema-graph\">{\"@context\":\"https:\\\/\\\/schema.org\",\"@graph\":[{\"@type\":[\"WebPage\",\"ItemPage\"],\"@id\":\"https:\\\/\\\/lustandlove.eu\\\/et\\\/toode\\\/milo-feelskin-pack-n-play-with-ftm-stroker-base\\\/\",\"url\":\"https:\\\/\\\/lustandlove.eu\\\/et\\\/toode\\\/milo-feelskin-pack-n-play-with-ftm-stroker-base\\\/\",\"name\":\"Milo Pack n Play with FTM Stroker Base | Lust&Love Sex Shop\",\"isPartOf\":{\"@id\":\"https:\\\/\\\/lustandlove.eu\\\/et\\\/#website\"},\"primaryImageOfPage\":{\"@id\":\"https:\\\/\\\/lustandlove.eu\\\/et\\\/toode\\\/milo-feelskin-pack-n-play-with-ftm-stroker-base\\\/#primaryimage\"},\"image\":{\"@id\":\"https:\\\/\\\/lustandlove.eu\\\/et\\\/toode\\\/milo-feelskin-pack-n-play-with-ftm-stroker-base\\\/#primaryimage\"},\"thumbnailUrl\":\"https:\\\/\\\/lustandlove.eu\\\/wp-content\\\/uploads\\\/WFH_Milo_with_Box_V3.webp\",\"datePublished\":\"2025-09-25T06:55:21+00:00\",\"dateModified\":\"2026-04-13T07:26:28+00:00\",\"description\":\"Sisseehitatud stroker-iga packing dildo armastuse jagamiseks. Tekstuuriga stroker alus \u00fcmbritseb teie kliitorit v\u00f5i alumist kasvu.\",\"breadcrumb\":{\"@id\":\"https:\\\/\\\/lustandlove.eu\\\/et\\\/toode\\\/milo-feelskin-pack-n-play-with-ftm-stroker-base\\\/#breadcrumb\"},\"inLanguage\":\"et\",\"potentialAction\":[{\"@type\":\"ReadAction\",\"target\":[\"https:\\\/\\\/lustandlove.eu\\\/et\\\/toode\\\/milo-feelskin-pack-n-play-with-ftm-stroker-base\\\/\"]}]},{\"@type\":\"ImageObject\",\"inLanguage\":\"et\",\"@id\":\"https:\\\/\\\/lustandlove.eu\\\/et\\\/toode\\\/milo-feelskin-pack-n-play-with-ftm-stroker-base\\\/#primaryimage\",\"url\":\"https:\\\/\\\/lustandlove.eu\\\/wp-content\\\/uploads\\\/WFH_Milo_with_Box_V3.webp\",\"contentUrl\":\"https:\\\/\\\/lustandlove.eu\\\/wp-content\\\/uploads\\\/WFH_Milo_with_Box_V3.webp\",\"width\":740,\"height\":924},{\"@type\":\"BreadcrumbList\",\"@id\":\"https:\\\/\\\/lustandlove.eu\\\/et\\\/toode\\\/milo-feelskin-pack-n-play-with-ftm-stroker-base\\\/#breadcrumb\",\"itemListElement\":[{\"@type\":\"ListItem\",\"position\":1,\"name\":\"Lust and Love\",\"item\":\"https:\\\/\\\/lustandlove.eu\\\/et\\\/\"},{\"@type\":\"ListItem\",\"position\":2,\"name\":\"Pood\",\"item\":\"https:\\\/\\\/lustandlove.eu\\\/et\\\/pood\\\/\"},{\"@type\":\"ListItem\",\"position\":3,\"name\":\"Sekslelud\",\"item\":\"https:\\\/\\\/lustandlove.eu\\\/et\\\/pood\\\/sekslelud\\\/\"},{\"@type\":\"ListItem\",\"position\":4,\"name\":\"LGBTQ\",\"item\":\"https:\\\/\\\/lustandlove.eu\\\/et\\\/pood\\\/sekslelud\\\/lgbtq-et\\\/\"},{\"@type\":\"ListItem\",\"position\":5,\"name\":\"Milo FeelSkin Pack n Play with FTM Stroker Base\"}]},{\"@type\":\"WebSite\",\"@id\":\"https:\\\/\\\/lustandlove.eu\\\/et\\\/#website\",\"url\":\"https:\\\/\\\/lustandlove.eu\\\/et\\\/\",\"name\":\"Lust &amp; Love\",\"description\":\"Online erootikapood tervise, ilu ja armastuse jaoks\",\"publisher\":{\"@id\":\"https:\\\/\\\/lustandlove.eu\\\/et\\\/#organization\"},\"potentialAction\":[{\"@type\":\"SearchAction\",\"target\":{\"@type\":\"EntryPoint\",\"urlTemplate\":\"https:\\\/\\\/lustandlove.eu\\\/et\\\/?s={search_term_string}\"},\"query-input\":{\"@type\":\"PropertyValueSpecification\",\"valueRequired\":true,\"valueName\":\"search_term_string\"}}],\"inLanguage\":\"et\"},{\"@type\":\"Organization\",\"@id\":\"https:\\\/\\\/lustandlove.eu\\\/et\\\/#organization\",\"name\":\"Bioconcept Baltics O\u00dc\",\"url\":\"https:\\\/\\\/lustandlove.eu\\\/et\\\/\",\"logo\":{\"@type\":\"ImageObject\",\"inLanguage\":\"et\",\"@id\":\"https:\\\/\\\/lustandlove.eu\\\/et\\\/#\\\/schema\\\/logo\\\/image\\\/\",\"url\":\"\",\"contentUrl\":\"\",\"caption\":\"Bioconcept Baltics O\u00dc\"},\"image\":{\"@id\":\"https:\\\/\\\/lustandlove.eu\\\/et\\\/#\\\/schema\\\/logo\\\/image\\\/\"},\"sameAs\":[\"https:\\\/\\\/www.facebook.com\\\/LustandLoveEU\\\/\",\"https:\\\/\\\/www.instagram.com\\\/lustandloveeu\\\/\"]}]}<\/script>\n<!-- \/ Yoast SEO plugin. -->","yoast_head_json":{"title":"Milo Pack n Play with FTM Stroker Base | Lust&Love Sex Shop","description":"Sisseehitatud stroker-iga packing dildo armastuse jagamiseks. Tekstuuriga stroker alus \u00fcmbritseb teie kliitorit v\u00f5i alumist kasvu.","robots":{"index,follow,max-snippet":"index,follow,max-snippet:-1,max-image-preview:large,max-video-preview:-1"},"canonical":"https:\/\/lustandlove.eu\/et\/toode\/milo-feelskin-pack-n-play-with-ftm-stroker-base\/","twitter_card":"summary_large_image","twitter_title":"Milo Pack n Play with FTM Stroker Base | Lust&Love Sex Shop","twitter_description":"Sisseehitatud stroker-iga packing dildo armastuse jagamiseks. Tekstuuriga stroker alus \u00fcmbritseb teie kliitorit v\u00f5i alumist kasvu.","twitter_image":"https:\/\/lustandlove.eu\/wp-content\/uploads\/WFH_Milo_with_Box_V3.webp","twitter_misc":{"Est. reading time":"2 minutit"},"schema":{"@context":"https:\/\/schema.org","@graph":[{"@type":["WebPage","ItemPage"],"@id":"https:\/\/lustandlove.eu\/et\/toode\/milo-feelskin-pack-n-play-with-ftm-stroker-base\/","url":"https:\/\/lustandlove.eu\/et\/toode\/milo-feelskin-pack-n-play-with-ftm-stroker-base\/","name":"Milo Pack n Play with FTM Stroker Base | Lust&Love Sex Shop","isPartOf":{"@id":"https:\/\/lustandlove.eu\/et\/#website"},"primaryImageOfPage":{"@id":"https:\/\/lustandlove.eu\/et\/toode\/milo-feelskin-pack-n-play-with-ftm-stroker-base\/#primaryimage"},"image":{"@id":"https:\/\/lustandlove.eu\/et\/toode\/milo-feelskin-pack-n-play-with-ftm-stroker-base\/#primaryimage"},"thumbnailUrl":"https:\/\/lustandlove.eu\/wp-content\/uploads\/WFH_Milo_with_Box_V3.webp","datePublished":"2025-09-25T06:55:21+00:00","dateModified":"2026-04-13T07:26:28+00:00","description":"Sisseehitatud stroker-iga packing dildo armastuse jagamiseks. Tekstuuriga stroker alus \u00fcmbritseb teie kliitorit v\u00f5i alumist kasvu.","breadcrumb":{"@id":"https:\/\/lustandlove.eu\/et\/toode\/milo-feelskin-pack-n-play-with-ftm-stroker-base\/#breadcrumb"},"inLanguage":"et","potentialAction":[{"@type":"ReadAction","target":["https:\/\/lustandlove.eu\/et\/toode\/milo-feelskin-pack-n-play-with-ftm-stroker-base\/"]}]},{"@type":"ImageObject","inLanguage":"et","@id":"https:\/\/lustandlove.eu\/et\/toode\/milo-feelskin-pack-n-play-with-ftm-stroker-base\/#primaryimage","url":"https:\/\/lustandlove.eu\/wp-content\/uploads\/WFH_Milo_with_Box_V3.webp","contentUrl":"https:\/\/lustandlove.eu\/wp-content\/uploads\/WFH_Milo_with_Box_V3.webp","width":740,"height":924},{"@type":"BreadcrumbList","@id":"https:\/\/lustandlove.eu\/et\/toode\/milo-feelskin-pack-n-play-with-ftm-stroker-base\/#breadcrumb","itemListElement":[{"@type":"ListItem","position":1,"name":"Lust and Love","item":"https:\/\/lustandlove.eu\/et\/"},{"@type":"ListItem","position":2,"name":"Pood","item":"https:\/\/lustandlove.eu\/et\/pood\/"},{"@type":"ListItem","position":3,"name":"Sekslelud","item":"https:\/\/lustandlove.eu\/et\/pood\/sekslelud\/"},{"@type":"ListItem","position":4,"name":"LGBTQ","item":"https:\/\/lustandlove.eu\/et\/pood\/sekslelud\/lgbtq-et\/"},{"@type":"ListItem","position":5,"name":"Milo FeelSkin Pack n Play with FTM Stroker Base"}]},{"@type":"WebSite","@id":"https:\/\/lustandlove.eu\/et\/#website","url":"https:\/\/lustandlove.eu\/et\/","name":"Lust &amp; Love","description":"Online erootikapood tervise, ilu ja armastuse jaoks","publisher":{"@id":"https:\/\/lustandlove.eu\/et\/#organization"},"potentialAction":[{"@type":"SearchAction","target":{"@type":"EntryPoint","urlTemplate":"https:\/\/lustandlove.eu\/et\/?s={search_term_string}"},"query-input":{"@type":"PropertyValueSpecification","valueRequired":true,"valueName":"search_term_string"}}],"inLanguage":"et"},{"@type":"Organization","@id":"https:\/\/lustandlove.eu\/et\/#organization","name":"Bioconcept Baltics O\u00dc","url":"https:\/\/lustandlove.eu\/et\/","logo":{"@type":"ImageObject","inLanguage":"et","@id":"https:\/\/lustandlove.eu\/et\/#\/schema\/logo\/image\/","url":"","contentUrl":"","caption":"Bioconcept Baltics O\u00dc"},"image":{"@id":"https:\/\/lustandlove.eu\/et\/#\/schema\/logo\/image\/"},"sameAs":["https:\/\/www.facebook.com\/LustandLoveEU\/","https:\/\/www.instagram.com\/lustandloveeu\/"]}]}},"_links":{"self":[{"href":"https:\/\/lustandlove.eu\/et\/wp-json\/wp\/v2\/product\/94360","targetHints":{"allow":["GET"]}}],"collection":[{"href":"https:\/\/lustandlove.eu\/et\/wp-json\/wp\/v2\/product"}],"about":[{"href":"https:\/\/lustandlove.eu\/et\/wp-json\/wp\/v2\/types\/product"}],"wp:featuredmedia":[{"embeddable":true,"href":"https:\/\/lustandlove.eu\/et\/wp-json\/wp\/v2\/media\/94378"}],"wp:attachment":[{"href":"https:\/\/lustandlove.eu\/et\/wp-json\/wp\/v2\/media?parent=94360"}],"wp:term":[{"taxonomy":"product_brand","embeddable":true,"href":"https:\/\/lustandlove.eu\/et\/wp-json\/wp\/v2\/product_brand?post=94360"},{"taxonomy":"product_cat","embeddable":true,"href":"https:\/\/lustandlove.eu\/et\/wp-json\/wp\/v2\/product_cat?post=94360"},{"taxonomy":"product_tag","embeddable":true,"href":"https:\/\/lustandlove.eu\/et\/wp-json\/wp\/v2\/product_tag?post=94360"}],"curies":[{"name":"wp","href":"https:\/\/api.w.org\/{rel}","templated":true}]}}