{"id":94401,"date":"2025-09-25T13:41:25","date_gmt":"2025-09-25T10:41:26","guid":{"rendered":"https:\/\/lustandlove.eu\/?post_type=product&#038;p=94401"},"modified":"2026-04-13T10:26:28","modified_gmt":"2026-04-13T07:26:28","slug":"packer-by-wetforher","status":"publish","type":"product","link":"https:\/\/lustandlove.eu\/et\/toode\/packer-by-wetforher\/","title":{"rendered":"Packer by WetForHer"},"content":{"rendered":"<div class=\"wpb-content-wrapper\"><p>[vc_row][vc_column][vc_column_text css=&#8221;&#8221; woodmart_inline=&#8221;no&#8221; text_larger=&#8221;no&#8221;]Packer, mis sobib just sulle.<\/p>\n<p>Quinn (S) on ideaalne packer igap\u00e4evaseks mugavaks kandmiseks. Elutruu ja detailne disain, mis on valmistatud \u00fclipehmest TPE-st, loob realistliku kumeruse, mis soojeneb keha soojusest ja tagab mugavuse kogu p\u00e4eva v\u00e4ltel. Suurus 9 cm teeb selle ideaalseks packer-algajatele v\u00f5i k\u00f5igile, kes soovivad oma igap\u00e4evasele riietusele veidi enesekindlust lisada.<\/p>\n<p>Hunter (M) on sinu lemmikpakker, mis tagab enesekindla ja loomuliku v\u00e4limuse, mis paistab silma, ilma et oleks liiga \u00fclepingutatud. Selle keskmine suurus 10,8 cm on ideaalne tasakaal tagasihoidlikkuse ja julguse vahel, muutes selle mitmek\u00fclgseks valikuks nii igap\u00e4evaseks kandmiseks kui ka erilisteks s\u00fcndmusteks. Hunter on valmistatud \u00fclipehmest TPE-st ja sellel on elutruud detailid \u2013 realistlik pea, veeniline vars ja pehmed munandid. Need elemendid loovad loomuliku k\u00fchmu, mis soojeneb keha soojusest ja tagab kogu p\u00e4eva kestva mugavuse.<\/p>\n<p>Jack (L) on parim pakker neile, kes soovivad muljet avaldada. Suurusega 12,7 cm loob see julge k\u00fchmu, mis on ideaalne enesekindlaks kandmiseks. Elutruud detailid h\u00f5lmavad skulptureeritud pead, veenilist keha ja munandeid. Jack ei n\u00e4e mitte ainult realistlik v\u00e4lja, vaid tundub ka teie keha loomuliku pikendusena. K\u00f5ik t\u00e4nu \u00fclipehmele, kehale ohutule TPE-materjalile. Jack soojeneb kandes, sulandudes sujuvalt teie kehaga \u2013 v\u00f5ite isegi unustada, et see on seal!<\/p>\n<p><strong>Materjalid:<\/strong><\/p>\n<p>100% kehale ohutu TPE<\/p>\n<p><strong>Quinn \/ v\u00e4ike suurus:<\/strong><\/p>\n<p>\u201eQuinn\u201c on ideaalne valik neile, kes alles alustavad pakkimisega. See v\u00e4ike pakker on kogupikkusega 9 cm ja pakub p\u00fckste all tagasihoidlikku, kuid m\u00e4rgatavat t\u00e4iendust.<\/p>\n<ul>\n<li>Kogupikkus: 9 cm<\/li>\n<li>L\u00e4bim\u00f5\u00f5t: 3,2 cm<\/li>\n<li>\u00dcmberm\u00f5\u00f5t: 10 cm<\/li>\n<\/ul>\n<p><strong>Hunter \/ keskmine suurus:<\/strong><\/p>\n<p>Kogupikkusega 10,8 cm loob Hunter Packer p\u00fckste all kandes silmatorkava k\u00fchmu.<\/p>\n<ul>\n<li>Kogupikkus: 10,8 cm<\/li>\n<li>L\u00e4bim\u00f5\u00f5t: 3,5 cm<\/li>\n<li>\u00dcmberm\u00f5\u00f5t: 10,8 cm<\/li>\n<\/ul>\n<p><strong>Jack \/ Suur suurus:<\/strong><\/p>\n<p>M\u00e4rkimisv\u00e4\u00e4rse kogupikkusega 12,7 cm loob suurem\u00f5\u00f5tmeline ja elutruu \u201eJack\u201d Packer p\u00fckste all n\u00e4htava k\u00fchmu.<\/p>\n<ul>\n<li>Kogupikkus: 12,7 cm<\/li>\n<li>L\u00e4bim\u00f5\u00f5t: 3,8 cm<\/li>\n<li>\u00dcmberm\u00f5\u00f5t: 12,7 cm<\/li>\n<\/ul>\n<p>M\u00e4rkus: Quinn ja Hunter on m\u00f5eldud ainult pakkimiseks ega ole m\u00f5eldud penetratsiooniks.[\/vc_column_text][\/vc_column][\/vc_row]<\/p>\n<\/div>","protected":false},"excerpt":{"rendered":"<p>Mis on Packing?<\/p>\n<p>Inglise keelest p\u00e4rit s\u00f5na <em>Packing<\/em> t\u00e4hendab tavaliselt trans meeste v\u00f5i transmaskuliinsete inimeste poolt p\u00fckstesse peenise v\u00e4limuse loomist. K\u00f5ige tihedamini kasutatakse selleks <em>packerit<\/em>, mis on v\u00e4limuselt natuke nagu pehme dildo &#8211; realistliku v\u00e4limusega, aga loomuliku suurusega, mis tundub naturaalne.<\/p>\n<p>Wetofrher on loonud <em>Packer-i<\/em>, mis tundub nagu sina! Saadaval kolmes suuruses, iga\u00fcks kolmes v\u00e4rvitoonis, et aidata sul leida endale ideaalne vaste.<\/p>\n<ul>\n<li>\u00dclirealistlik disain: Valmistatud elutruude detailidega, sh loomuliku v\u00e4limusega pea, sooneline keha ja realistlikud munandid.<\/li>\n<li>Pehme ja painduv: Valmistatud \u00fclipehmest TPE-st, mugav kogu p\u00e4evaks kandmiseks, kohandub sujuvalt sinu kehaga.<\/li>\n<li>Temperatuurile reageeriv: Materjal soojeneb sinu kehasoojusega, pakkudes realistlikku tunnet ja lisamugavust.<\/li>\n<li>Mitmek\u00fclgne sobivus: Sobib liibuvate aluspesude v\u00f5i spetsiaalselt <a href=\"https:\/\/lustandlove.eu\/et\/toode\/pete-briefs-by-spareparts\/\">disainitud packer-rakmetega<\/a><\/li>\n<\/ul>\n","protected":false},"featured_media":94428,"template":"","meta":[],"product_brand":[4246],"product_cat":[1497,1496,1484],"product_tag":[4028,4032,4031],"class_list":{"0":"post-94401","1":"product","2":"type-product","3":"status-publish","4":"has-post-thumbnail","6":"product_brand-wet-for-her-et","7":"product_cat-aksessuaarid","8":"product_cat-lgbtq-et","9":"product_cat-sekslelud","10":"product_tag-ftm-et","11":"product_tag-packer-et","12":"product_tag-packing-et","13":"pa_brand-wet-for-her-et","15":"first","16":"instock","17":"taxable","18":"shipping-taxable","19":"purchasable","20":"product-type-variable"},"yoast_head":"<!-- This site is optimized with the Yoast SEO plugin v27.3 - https:\/\/yoast.com\/product\/yoast-seo-wordpress\/ -->\n<title>Packer by WetForHer | Lust&amp;Love Sex Shop<\/title>\n<meta name=\"description\" content=\"FTM Packer, mis tundub nagu sina! Mugav kanda terve p\u00e4eva ning saadaval kolmes suuruses ja v\u00e4rvitoonis, et aidata sul leida endale ideaalne variant.\" \/>\n<meta name=\"robots\" content=\"index,follow,max-snippet:-1,max-image-preview:large,max-video-preview:-1\" \/>\n<link rel=\"canonical\" href=\"https:\/\/lustandlove.eu\/et\/toode\/packer-by-wetforher\/\" \/>\n<meta name=\"twitter:card\" content=\"summary_large_image\" \/>\n<meta name=\"twitter:title\" content=\"Packer by WetForHer | Lust&amp;Love Sex Shop\" \/>\n<meta name=\"twitter:description\" content=\"FTM Packer, mis tundub nagu sina! Mugav kanda terve p\u00e4eva ning saadaval kolmes suuruses ja v\u00e4rvitoonis, et aidata sul leida endale ideaalne variant.\" \/>\n<meta name=\"twitter:image\" content=\"https:\/\/lustandlove.eu\/wp-content\/uploads\/WFH-Packer_3colors.webp\" \/>\n<meta name=\"twitter:label1\" content=\"Est. reading time\" \/>\n\t<meta name=\"twitter:data1\" content=\"2 minutit\" \/>\n<script type=\"application\/ld+json\" class=\"yoast-schema-graph\">{\"@context\":\"https:\\\/\\\/schema.org\",\"@graph\":[{\"@type\":[\"WebPage\",\"ItemPage\"],\"@id\":\"https:\\\/\\\/lustandlove.eu\\\/et\\\/toode\\\/packer-by-wetforher\\\/\",\"url\":\"https:\\\/\\\/lustandlove.eu\\\/et\\\/toode\\\/packer-by-wetforher\\\/\",\"name\":\"Packer by WetForHer | Lust&Love Sex Shop\",\"isPartOf\":{\"@id\":\"https:\\\/\\\/lustandlove.eu\\\/et\\\/#website\"},\"primaryImageOfPage\":{\"@id\":\"https:\\\/\\\/lustandlove.eu\\\/et\\\/toode\\\/packer-by-wetforher\\\/#primaryimage\"},\"image\":{\"@id\":\"https:\\\/\\\/lustandlove.eu\\\/et\\\/toode\\\/packer-by-wetforher\\\/#primaryimage\"},\"thumbnailUrl\":\"https:\\\/\\\/lustandlove.eu\\\/wp-content\\\/uploads\\\/WFH-Packer_3colors.webp\",\"datePublished\":\"2025-09-25T10:41:26+00:00\",\"dateModified\":\"2026-04-13T07:26:28+00:00\",\"description\":\"FTM Packer, mis tundub nagu sina! Mugav kanda terve p\u00e4eva ning saadaval kolmes suuruses ja v\u00e4rvitoonis, et aidata sul leida endale ideaalne variant.\",\"breadcrumb\":{\"@id\":\"https:\\\/\\\/lustandlove.eu\\\/et\\\/toode\\\/packer-by-wetforher\\\/#breadcrumb\"},\"inLanguage\":\"et\",\"potentialAction\":[{\"@type\":\"ReadAction\",\"target\":[\"https:\\\/\\\/lustandlove.eu\\\/et\\\/toode\\\/packer-by-wetforher\\\/\"]}]},{\"@type\":\"ImageObject\",\"inLanguage\":\"et\",\"@id\":\"https:\\\/\\\/lustandlove.eu\\\/et\\\/toode\\\/packer-by-wetforher\\\/#primaryimage\",\"url\":\"https:\\\/\\\/lustandlove.eu\\\/wp-content\\\/uploads\\\/WFH-Packer_3colors.webp\",\"contentUrl\":\"https:\\\/\\\/lustandlove.eu\\\/wp-content\\\/uploads\\\/WFH-Packer_3colors.webp\",\"width\":740,\"height\":924},{\"@type\":\"BreadcrumbList\",\"@id\":\"https:\\\/\\\/lustandlove.eu\\\/et\\\/toode\\\/packer-by-wetforher\\\/#breadcrumb\",\"itemListElement\":[{\"@type\":\"ListItem\",\"position\":1,\"name\":\"Lust and Love\",\"item\":\"https:\\\/\\\/lustandlove.eu\\\/et\\\/\"},{\"@type\":\"ListItem\",\"position\":2,\"name\":\"Pood\",\"item\":\"https:\\\/\\\/lustandlove.eu\\\/et\\\/pood\\\/\"},{\"@type\":\"ListItem\",\"position\":3,\"name\":\"Sekslelud\",\"item\":\"https:\\\/\\\/lustandlove.eu\\\/et\\\/pood\\\/sekslelud\\\/\"},{\"@type\":\"ListItem\",\"position\":4,\"name\":\"LGBTQ\",\"item\":\"https:\\\/\\\/lustandlove.eu\\\/et\\\/pood\\\/sekslelud\\\/lgbtq-et\\\/\"},{\"@type\":\"ListItem\",\"position\":5,\"name\":\"Aksessuaarid\",\"item\":\"https:\\\/\\\/lustandlove.eu\\\/et\\\/pood\\\/sekslelud\\\/lgbtq-et\\\/aksessuaarid\\\/\"},{\"@type\":\"ListItem\",\"position\":6,\"name\":\"Packer by WetForHer\"}]},{\"@type\":\"WebSite\",\"@id\":\"https:\\\/\\\/lustandlove.eu\\\/et\\\/#website\",\"url\":\"https:\\\/\\\/lustandlove.eu\\\/et\\\/\",\"name\":\"Lust &amp; Love\",\"description\":\"Online erootikapood tervise, ilu ja armastuse jaoks\",\"publisher\":{\"@id\":\"https:\\\/\\\/lustandlove.eu\\\/et\\\/#organization\"},\"potentialAction\":[{\"@type\":\"SearchAction\",\"target\":{\"@type\":\"EntryPoint\",\"urlTemplate\":\"https:\\\/\\\/lustandlove.eu\\\/et\\\/?s={search_term_string}\"},\"query-input\":{\"@type\":\"PropertyValueSpecification\",\"valueRequired\":true,\"valueName\":\"search_term_string\"}}],\"inLanguage\":\"et\"},{\"@type\":\"Organization\",\"@id\":\"https:\\\/\\\/lustandlove.eu\\\/et\\\/#organization\",\"name\":\"Bioconcept Baltics O\u00dc\",\"url\":\"https:\\\/\\\/lustandlove.eu\\\/et\\\/\",\"logo\":{\"@type\":\"ImageObject\",\"inLanguage\":\"et\",\"@id\":\"https:\\\/\\\/lustandlove.eu\\\/et\\\/#\\\/schema\\\/logo\\\/image\\\/\",\"url\":\"\",\"contentUrl\":\"\",\"caption\":\"Bioconcept Baltics O\u00dc\"},\"image\":{\"@id\":\"https:\\\/\\\/lustandlove.eu\\\/et\\\/#\\\/schema\\\/logo\\\/image\\\/\"},\"sameAs\":[\"https:\\\/\\\/www.facebook.com\\\/LustandLoveEU\\\/\",\"https:\\\/\\\/www.instagram.com\\\/lustandloveeu\\\/\"]}]}<\/script>\n<!-- \/ Yoast SEO plugin. -->","yoast_head_json":{"title":"Packer by WetForHer | Lust&Love Sex Shop","description":"FTM Packer, mis tundub nagu sina! Mugav kanda terve p\u00e4eva ning saadaval kolmes suuruses ja v\u00e4rvitoonis, et aidata sul leida endale ideaalne variant.","robots":{"index,follow,max-snippet":"index,follow,max-snippet:-1,max-image-preview:large,max-video-preview:-1"},"canonical":"https:\/\/lustandlove.eu\/et\/toode\/packer-by-wetforher\/","twitter_card":"summary_large_image","twitter_title":"Packer by WetForHer | Lust&Love Sex Shop","twitter_description":"FTM Packer, mis tundub nagu sina! Mugav kanda terve p\u00e4eva ning saadaval kolmes suuruses ja v\u00e4rvitoonis, et aidata sul leida endale ideaalne variant.","twitter_image":"https:\/\/lustandlove.eu\/wp-content\/uploads\/WFH-Packer_3colors.webp","twitter_misc":{"Est. reading time":"2 minutit"},"schema":{"@context":"https:\/\/schema.org","@graph":[{"@type":["WebPage","ItemPage"],"@id":"https:\/\/lustandlove.eu\/et\/toode\/packer-by-wetforher\/","url":"https:\/\/lustandlove.eu\/et\/toode\/packer-by-wetforher\/","name":"Packer by WetForHer | Lust&Love Sex Shop","isPartOf":{"@id":"https:\/\/lustandlove.eu\/et\/#website"},"primaryImageOfPage":{"@id":"https:\/\/lustandlove.eu\/et\/toode\/packer-by-wetforher\/#primaryimage"},"image":{"@id":"https:\/\/lustandlove.eu\/et\/toode\/packer-by-wetforher\/#primaryimage"},"thumbnailUrl":"https:\/\/lustandlove.eu\/wp-content\/uploads\/WFH-Packer_3colors.webp","datePublished":"2025-09-25T10:41:26+00:00","dateModified":"2026-04-13T07:26:28+00:00","description":"FTM Packer, mis tundub nagu sina! Mugav kanda terve p\u00e4eva ning saadaval kolmes suuruses ja v\u00e4rvitoonis, et aidata sul leida endale ideaalne variant.","breadcrumb":{"@id":"https:\/\/lustandlove.eu\/et\/toode\/packer-by-wetforher\/#breadcrumb"},"inLanguage":"et","potentialAction":[{"@type":"ReadAction","target":["https:\/\/lustandlove.eu\/et\/toode\/packer-by-wetforher\/"]}]},{"@type":"ImageObject","inLanguage":"et","@id":"https:\/\/lustandlove.eu\/et\/toode\/packer-by-wetforher\/#primaryimage","url":"https:\/\/lustandlove.eu\/wp-content\/uploads\/WFH-Packer_3colors.webp","contentUrl":"https:\/\/lustandlove.eu\/wp-content\/uploads\/WFH-Packer_3colors.webp","width":740,"height":924},{"@type":"BreadcrumbList","@id":"https:\/\/lustandlove.eu\/et\/toode\/packer-by-wetforher\/#breadcrumb","itemListElement":[{"@type":"ListItem","position":1,"name":"Lust and Love","item":"https:\/\/lustandlove.eu\/et\/"},{"@type":"ListItem","position":2,"name":"Pood","item":"https:\/\/lustandlove.eu\/et\/pood\/"},{"@type":"ListItem","position":3,"name":"Sekslelud","item":"https:\/\/lustandlove.eu\/et\/pood\/sekslelud\/"},{"@type":"ListItem","position":4,"name":"LGBTQ","item":"https:\/\/lustandlove.eu\/et\/pood\/sekslelud\/lgbtq-et\/"},{"@type":"ListItem","position":5,"name":"Aksessuaarid","item":"https:\/\/lustandlove.eu\/et\/pood\/sekslelud\/lgbtq-et\/aksessuaarid\/"},{"@type":"ListItem","position":6,"name":"Packer by WetForHer"}]},{"@type":"WebSite","@id":"https:\/\/lustandlove.eu\/et\/#website","url":"https:\/\/lustandlove.eu\/et\/","name":"Lust &amp; Love","description":"Online erootikapood tervise, ilu ja armastuse jaoks","publisher":{"@id":"https:\/\/lustandlove.eu\/et\/#organization"},"potentialAction":[{"@type":"SearchAction","target":{"@type":"EntryPoint","urlTemplate":"https:\/\/lustandlove.eu\/et\/?s={search_term_string}"},"query-input":{"@type":"PropertyValueSpecification","valueRequired":true,"valueName":"search_term_string"}}],"inLanguage":"et"},{"@type":"Organization","@id":"https:\/\/lustandlove.eu\/et\/#organization","name":"Bioconcept Baltics O\u00dc","url":"https:\/\/lustandlove.eu\/et\/","logo":{"@type":"ImageObject","inLanguage":"et","@id":"https:\/\/lustandlove.eu\/et\/#\/schema\/logo\/image\/","url":"","contentUrl":"","caption":"Bioconcept Baltics O\u00dc"},"image":{"@id":"https:\/\/lustandlove.eu\/et\/#\/schema\/logo\/image\/"},"sameAs":["https:\/\/www.facebook.com\/LustandLoveEU\/","https:\/\/www.instagram.com\/lustandloveeu\/"]}]}},"_links":{"self":[{"href":"https:\/\/lustandlove.eu\/et\/wp-json\/wp\/v2\/product\/94401","targetHints":{"allow":["GET"]}}],"collection":[{"href":"https:\/\/lustandlove.eu\/et\/wp-json\/wp\/v2\/product"}],"about":[{"href":"https:\/\/lustandlove.eu\/et\/wp-json\/wp\/v2\/types\/product"}],"wp:featuredmedia":[{"embeddable":true,"href":"https:\/\/lustandlove.eu\/et\/wp-json\/wp\/v2\/media\/94428"}],"wp:attachment":[{"href":"https:\/\/lustandlove.eu\/et\/wp-json\/wp\/v2\/media?parent=94401"}],"wp:term":[{"taxonomy":"product_brand","embeddable":true,"href":"https:\/\/lustandlove.eu\/et\/wp-json\/wp\/v2\/product_brand?post=94401"},{"taxonomy":"product_cat","embeddable":true,"href":"https:\/\/lustandlove.eu\/et\/wp-json\/wp\/v2\/product_cat?post=94401"},{"taxonomy":"product_tag","embeddable":true,"href":"https:\/\/lustandlove.eu\/et\/wp-json\/wp\/v2\/product_tag?post=94401"}],"curies":[{"name":"wp","href":"https:\/\/api.w.org\/{rel}","templated":true}]}}