{"id":94502,"date":"2025-10-16T12:37:18","date_gmt":"2025-10-16T09:37:19","guid":{"rendered":"https:\/\/lustandlove.eu\/?post_type=product&#038;p=94502"},"modified":"2026-04-13T10:26:27","modified_gmt":"2026-04-13T07:26:27","slug":"joydrops-aromaatiline-libesti-125ml","status":"publish","type":"product","link":"https:\/\/lustandlove.eu\/et\/toode\/joydrops-aromaatiline-libesti-125ml\/","title":{"rendered":"Joydrops aromaatiline libesti 125ml"},"content":{"rendered":"<p>JoyDropsi aromaatne libesti suurendab tundlikkust ja naudingut, pakkudes intensiivsemat ja rahuldustpakkuvamat seksuaalset kogemust. Seda soovitatakse kasutada vaginaalse kuivuse korral. See sobib kasutamiseks kondoomide, sekslelude ja muude latekstoodetega. See on h\u00fcpoallergeenne, kergesti puhastatav ja ei m\u00e4\u00e4ri.<\/p>\n<p>Koostis:<br \/>\nDeioniseeritud vesi, h\u00fcdroks\u00fcet\u00fc\u00fcltselluloos, looduslik gl\u00fctseriin, sidrunhape, naatriumsahhariin, met\u00fc\u00fclh\u00fcdroks\u00fcbensoaat, prop\u00fc\u00fclh\u00fcdroks\u00fcbensoaat.<\/p>\n<p>Libesti on toodetud vastavalt ELi meditsiiniseadmete direktiivile 93\/42\/EM\u00dc ja omab CE-m\u00e4rgist.<\/p>\n","protected":false},"excerpt":{"rendered":"<p>JoyDrops Aroma libestigeel lisab teie seksuaalellu v\u00e4rvikaid fantaasiaid. Meeldiv l\u00f5hn v\u00e4rskendab tuju. T\u00e4nu looduslikele aroomidele saate nautida imelisi maitseid. See sobib naha loomuliku pH-ga.<\/p>\n","protected":false},"featured_media":94534,"template":"","meta":[],"product_brand":[4216],"product_cat":[1467,1460,3976],"product_tag":[4051,4055,4054,4128,4052,4053,4133],"class_list":{"0":"post-94502","1":"product","2":"type-product","3":"status-publish","4":"has-post-thumbnail","6":"product_brand-joydrops-et","7":"product_cat-libestid","8":"product_cat-apteek","9":"product_cat-vee-baasil","10":"product_tag-aroom","11":"product_tag-ilma-maitsestuseta","12":"product_tag-ilma-maitseta","13":"product_tag-lubricant-et","14":"product_tag-maitse","15":"product_tag-maitsetu","16":"product_tag-natural-et","17":"pa_brand-joydrops-et","19":"first","20":"instock","21":"taxable","22":"shipping-taxable","23":"purchasable","24":"product-type-variable"},"yoast_head":"<!-- This site is optimized with the Yoast SEO plugin v27.3 - https:\/\/yoast.com\/product\/yoast-seo-wordpress\/ -->\n<title>Joydrops aromaatiline libesti 125ml | Lust &amp; Love<\/title>\n<meta name=\"description\" content=\"JoyDrops aromaatne libesti suurendab tundlikkust ja naudingut, pakkudes iga kord intensiivsemat ja rahuldustpakkuvamat seksuaalset kogemust.\" \/>\n<meta name=\"robots\" content=\"index,follow,max-snippet:-1,max-image-preview:large,max-video-preview:-1\" \/>\n<link rel=\"canonical\" href=\"https:\/\/lustandlove.eu\/et\/toode\/joydrops-aromaatiline-libesti-125ml\/\" \/>\n<meta name=\"twitter:card\" content=\"summary_large_image\" \/>\n<meta name=\"twitter:title\" content=\"Joydrops aromaatiline libesti 125ml | Lust &amp; Love\" \/>\n<meta name=\"twitter:description\" content=\"JoyDrops aromaatne libesti suurendab tundlikkust ja naudingut, pakkudes iga kord intensiivsemat ja rahuldustpakkuvamat seksuaalset kogemust.\" \/>\n<meta name=\"twitter:image\" content=\"https:\/\/lustandlove.eu\/wp-content\/uploads\/KooliKohvik-1.png\" \/>\n<meta name=\"twitter:label1\" content=\"Est. reading time\" \/>\n\t<meta name=\"twitter:data1\" content=\"1 minut\" \/>\n<script type=\"application\/ld+json\" class=\"yoast-schema-graph\">{\"@context\":\"https:\\\/\\\/schema.org\",\"@graph\":[{\"@type\":[\"WebPage\",\"ItemPage\"],\"@id\":\"https:\\\/\\\/lustandlove.eu\\\/et\\\/toode\\\/joydrops-aromaatiline-libesti-125ml\\\/\",\"url\":\"https:\\\/\\\/lustandlove.eu\\\/et\\\/toode\\\/joydrops-aromaatiline-libesti-125ml\\\/\",\"name\":\"Joydrops aromaatiline libesti 125ml | Lust &amp; Love\",\"isPartOf\":{\"@id\":\"https:\\\/\\\/lustandlove.eu\\\/et\\\/#website\"},\"primaryImageOfPage\":{\"@id\":\"https:\\\/\\\/lustandlove.eu\\\/et\\\/toode\\\/joydrops-aromaatiline-libesti-125ml\\\/#primaryimage\"},\"image\":{\"@id\":\"https:\\\/\\\/lustandlove.eu\\\/et\\\/toode\\\/joydrops-aromaatiline-libesti-125ml\\\/#primaryimage\"},\"thumbnailUrl\":\"https:\\\/\\\/lustandlove.eu\\\/wp-content\\\/uploads\\\/KooliKohvik-1.png\",\"datePublished\":\"2025-10-16T09:37:19+00:00\",\"dateModified\":\"2026-04-13T07:26:27+00:00\",\"description\":\"JoyDrops aromaatne libesti suurendab tundlikkust ja naudingut, pakkudes iga kord intensiivsemat ja rahuldustpakkuvamat seksuaalset kogemust.\",\"breadcrumb\":{\"@id\":\"https:\\\/\\\/lustandlove.eu\\\/et\\\/toode\\\/joydrops-aromaatiline-libesti-125ml\\\/#breadcrumb\"},\"inLanguage\":\"et\",\"potentialAction\":[{\"@type\":\"ReadAction\",\"target\":[\"https:\\\/\\\/lustandlove.eu\\\/et\\\/toode\\\/joydrops-aromaatiline-libesti-125ml\\\/\"]}]},{\"@type\":\"ImageObject\",\"inLanguage\":\"et\",\"@id\":\"https:\\\/\\\/lustandlove.eu\\\/et\\\/toode\\\/joydrops-aromaatiline-libesti-125ml\\\/#primaryimage\",\"url\":\"https:\\\/\\\/lustandlove.eu\\\/wp-content\\\/uploads\\\/KooliKohvik-1.png\",\"contentUrl\":\"https:\\\/\\\/lustandlove.eu\\\/wp-content\\\/uploads\\\/KooliKohvik-1.png\",\"width\":500,\"height\":500},{\"@type\":\"BreadcrumbList\",\"@id\":\"https:\\\/\\\/lustandlove.eu\\\/et\\\/toode\\\/joydrops-aromaatiline-libesti-125ml\\\/#breadcrumb\",\"itemListElement\":[{\"@type\":\"ListItem\",\"position\":1,\"name\":\"Lust and Love\",\"item\":\"https:\\\/\\\/lustandlove.eu\\\/et\\\/\"},{\"@type\":\"ListItem\",\"position\":2,\"name\":\"Pood\",\"item\":\"https:\\\/\\\/lustandlove.eu\\\/et\\\/pood\\\/\"},{\"@type\":\"ListItem\",\"position\":3,\"name\":\"Libestid ja kehahooldus\",\"item\":\"https:\\\/\\\/lustandlove.eu\\\/et\\\/pood\\\/apteek\\\/\"},{\"@type\":\"ListItem\",\"position\":4,\"name\":\"Joydrops aromaatiline libesti 125ml\"}]},{\"@type\":\"WebSite\",\"@id\":\"https:\\\/\\\/lustandlove.eu\\\/et\\\/#website\",\"url\":\"https:\\\/\\\/lustandlove.eu\\\/et\\\/\",\"name\":\"Lust &amp; Love\",\"description\":\"Online erootikapood tervise, ilu ja armastuse jaoks\",\"publisher\":{\"@id\":\"https:\\\/\\\/lustandlove.eu\\\/et\\\/#organization\"},\"potentialAction\":[{\"@type\":\"SearchAction\",\"target\":{\"@type\":\"EntryPoint\",\"urlTemplate\":\"https:\\\/\\\/lustandlove.eu\\\/et\\\/?s={search_term_string}\"},\"query-input\":{\"@type\":\"PropertyValueSpecification\",\"valueRequired\":true,\"valueName\":\"search_term_string\"}}],\"inLanguage\":\"et\"},{\"@type\":\"Organization\",\"@id\":\"https:\\\/\\\/lustandlove.eu\\\/et\\\/#organization\",\"name\":\"Bioconcept Baltics O\u00dc\",\"url\":\"https:\\\/\\\/lustandlove.eu\\\/et\\\/\",\"logo\":{\"@type\":\"ImageObject\",\"inLanguage\":\"et\",\"@id\":\"https:\\\/\\\/lustandlove.eu\\\/et\\\/#\\\/schema\\\/logo\\\/image\\\/\",\"url\":\"\",\"contentUrl\":\"\",\"caption\":\"Bioconcept Baltics O\u00dc\"},\"image\":{\"@id\":\"https:\\\/\\\/lustandlove.eu\\\/et\\\/#\\\/schema\\\/logo\\\/image\\\/\"},\"sameAs\":[\"https:\\\/\\\/www.facebook.com\\\/LustandLoveEU\\\/\",\"https:\\\/\\\/www.instagram.com\\\/lustandloveeu\\\/\"]}]}<\/script>\n<!-- \/ Yoast SEO plugin. -->","yoast_head_json":{"title":"Joydrops aromaatiline libesti 125ml | Lust &amp; Love","description":"JoyDrops aromaatne libesti suurendab tundlikkust ja naudingut, pakkudes iga kord intensiivsemat ja rahuldustpakkuvamat seksuaalset kogemust.","robots":{"index,follow,max-snippet":"index,follow,max-snippet:-1,max-image-preview:large,max-video-preview:-1"},"canonical":"https:\/\/lustandlove.eu\/et\/toode\/joydrops-aromaatiline-libesti-125ml\/","twitter_card":"summary_large_image","twitter_title":"Joydrops aromaatiline libesti 125ml | Lust &amp; Love","twitter_description":"JoyDrops aromaatne libesti suurendab tundlikkust ja naudingut, pakkudes iga kord intensiivsemat ja rahuldustpakkuvamat seksuaalset kogemust.","twitter_image":"https:\/\/lustandlove.eu\/wp-content\/uploads\/KooliKohvik-1.png","twitter_misc":{"Est. reading time":"1 minut"},"schema":{"@context":"https:\/\/schema.org","@graph":[{"@type":["WebPage","ItemPage"],"@id":"https:\/\/lustandlove.eu\/et\/toode\/joydrops-aromaatiline-libesti-125ml\/","url":"https:\/\/lustandlove.eu\/et\/toode\/joydrops-aromaatiline-libesti-125ml\/","name":"Joydrops aromaatiline libesti 125ml | Lust &amp; Love","isPartOf":{"@id":"https:\/\/lustandlove.eu\/et\/#website"},"primaryImageOfPage":{"@id":"https:\/\/lustandlove.eu\/et\/toode\/joydrops-aromaatiline-libesti-125ml\/#primaryimage"},"image":{"@id":"https:\/\/lustandlove.eu\/et\/toode\/joydrops-aromaatiline-libesti-125ml\/#primaryimage"},"thumbnailUrl":"https:\/\/lustandlove.eu\/wp-content\/uploads\/KooliKohvik-1.png","datePublished":"2025-10-16T09:37:19+00:00","dateModified":"2026-04-13T07:26:27+00:00","description":"JoyDrops aromaatne libesti suurendab tundlikkust ja naudingut, pakkudes iga kord intensiivsemat ja rahuldustpakkuvamat seksuaalset kogemust.","breadcrumb":{"@id":"https:\/\/lustandlove.eu\/et\/toode\/joydrops-aromaatiline-libesti-125ml\/#breadcrumb"},"inLanguage":"et","potentialAction":[{"@type":"ReadAction","target":["https:\/\/lustandlove.eu\/et\/toode\/joydrops-aromaatiline-libesti-125ml\/"]}]},{"@type":"ImageObject","inLanguage":"et","@id":"https:\/\/lustandlove.eu\/et\/toode\/joydrops-aromaatiline-libesti-125ml\/#primaryimage","url":"https:\/\/lustandlove.eu\/wp-content\/uploads\/KooliKohvik-1.png","contentUrl":"https:\/\/lustandlove.eu\/wp-content\/uploads\/KooliKohvik-1.png","width":500,"height":500},{"@type":"BreadcrumbList","@id":"https:\/\/lustandlove.eu\/et\/toode\/joydrops-aromaatiline-libesti-125ml\/#breadcrumb","itemListElement":[{"@type":"ListItem","position":1,"name":"Lust and Love","item":"https:\/\/lustandlove.eu\/et\/"},{"@type":"ListItem","position":2,"name":"Pood","item":"https:\/\/lustandlove.eu\/et\/pood\/"},{"@type":"ListItem","position":3,"name":"Libestid ja kehahooldus","item":"https:\/\/lustandlove.eu\/et\/pood\/apteek\/"},{"@type":"ListItem","position":4,"name":"Joydrops aromaatiline libesti 125ml"}]},{"@type":"WebSite","@id":"https:\/\/lustandlove.eu\/et\/#website","url":"https:\/\/lustandlove.eu\/et\/","name":"Lust &amp; Love","description":"Online erootikapood tervise, ilu ja armastuse jaoks","publisher":{"@id":"https:\/\/lustandlove.eu\/et\/#organization"},"potentialAction":[{"@type":"SearchAction","target":{"@type":"EntryPoint","urlTemplate":"https:\/\/lustandlove.eu\/et\/?s={search_term_string}"},"query-input":{"@type":"PropertyValueSpecification","valueRequired":true,"valueName":"search_term_string"}}],"inLanguage":"et"},{"@type":"Organization","@id":"https:\/\/lustandlove.eu\/et\/#organization","name":"Bioconcept Baltics O\u00dc","url":"https:\/\/lustandlove.eu\/et\/","logo":{"@type":"ImageObject","inLanguage":"et","@id":"https:\/\/lustandlove.eu\/et\/#\/schema\/logo\/image\/","url":"","contentUrl":"","caption":"Bioconcept Baltics O\u00dc"},"image":{"@id":"https:\/\/lustandlove.eu\/et\/#\/schema\/logo\/image\/"},"sameAs":["https:\/\/www.facebook.com\/LustandLoveEU\/","https:\/\/www.instagram.com\/lustandloveeu\/"]}]}},"_links":{"self":[{"href":"https:\/\/lustandlove.eu\/et\/wp-json\/wp\/v2\/product\/94502","targetHints":{"allow":["GET"]}}],"collection":[{"href":"https:\/\/lustandlove.eu\/et\/wp-json\/wp\/v2\/product"}],"about":[{"href":"https:\/\/lustandlove.eu\/et\/wp-json\/wp\/v2\/types\/product"}],"wp:featuredmedia":[{"embeddable":true,"href":"https:\/\/lustandlove.eu\/et\/wp-json\/wp\/v2\/media\/94534"}],"wp:attachment":[{"href":"https:\/\/lustandlove.eu\/et\/wp-json\/wp\/v2\/media?parent=94502"}],"wp:term":[{"taxonomy":"product_brand","embeddable":true,"href":"https:\/\/lustandlove.eu\/et\/wp-json\/wp\/v2\/product_brand?post=94502"},{"taxonomy":"product_cat","embeddable":true,"href":"https:\/\/lustandlove.eu\/et\/wp-json\/wp\/v2\/product_cat?post=94502"},{"taxonomy":"product_tag","embeddable":true,"href":"https:\/\/lustandlove.eu\/et\/wp-json\/wp\/v2\/product_tag?post=94502"}],"curies":[{"name":"wp","href":"https:\/\/api.w.org\/{rel}","templated":true}]}}