{"id":94590,"date":"2025-10-17T11:03:31","date_gmt":"2025-10-17T08:03:31","guid":{"rendered":"https:\/\/lustandlove.eu\/?post_type=product&#038;p=94590"},"modified":"2026-04-13T10:26:26","modified_gmt":"2026-04-13T07:26:26","slug":"joydrops-silikooni-baasil-libesti-50ml","status":"publish","type":"product","link":"https:\/\/lustandlove.eu\/et\/toode\/joydrops-silikooni-baasil-libesti-50ml\/","title":{"rendered":"Joydrops silikooni baasil libesti 50ml"},"content":{"rendered":"<p>Joydropsi silikoonlibesti t\u00e4iustatud koostist saab kasutada ka vee all. Seksuaalelu nautimine vannitoas, vannis v\u00f5i basseinis pole kunagi varem olnud nii lihtne. Seal, kus teised libestid on aeglased, s\u00e4ilitab see oma libeda toime t\u00e4iel m\u00e4\u00e4ral.<\/p>\n<p>Koostis:<br \/>\ndimetikoon, ts\u00fcklometikoon ja dimetikonool.<br \/>\nM\u00e4\u00e4rdegeel on toodetud vastavalt ELi meditsiiniseadmete direktiivile 93\/42\/EM\u00dc ja omab CE-m\u00e4rgist.<\/p>\n","protected":false},"excerpt":{"rendered":"<p>JoyDrops silikoonlibesti ei j\u00e4ta sind h\u00e4tta, kui naudid armastusehetki vees, n\u00e4iteks vannis v\u00f5i basseinis.<\/p>\n","protected":false},"featured_media":94594,"template":"","meta":[],"product_brand":[4216],"product_cat":[1467,1460,3975],"product_tag":[],"class_list":{"0":"post-94590","1":"product","2":"type-product","3":"status-publish","4":"has-post-thumbnail","6":"product_brand-joydrops-et","7":"product_cat-libestid","8":"product_cat-apteek","9":"product_cat-silikooni-baasil","10":"pa_brand-joydrops-et","12":"first","13":"instock","14":"taxable","15":"shipping-taxable","16":"purchasable","17":"product-type-simple"},"yoast_head":"<!-- This site is optimized with the Yoast SEO plugin v27.3 - https:\/\/yoast.com\/product\/yoast-seo-wordpress\/ -->\n<title>Joydrops silikooni baasil libesti 50ml | Lust &amp; Love<\/title>\n<meta name=\"description\" content=\"JoyDrops silikoonlibesti ei j\u00e4ta sind h\u00e4tta, kui naudid armastusehetki vees, n\u00e4iteks vannis v\u00f5i basseinis.\" \/>\n<meta name=\"robots\" content=\"index,follow,max-snippet:-1,max-image-preview:large,max-video-preview:-1\" \/>\n<link rel=\"canonical\" href=\"https:\/\/lustandlove.eu\/et\/toode\/joydrops-silikooni-baasil-libesti-50ml\/\" \/>\n<meta name=\"twitter:card\" content=\"summary_large_image\" \/>\n<meta name=\"twitter:title\" content=\"Joydrops silikooni baasil libesti 50ml | Lust &amp; Love\" \/>\n<meta name=\"twitter:description\" content=\"JoyDrops silikoonlibesti ei j\u00e4ta sind h\u00e4tta, kui naudid armastusehetki vees, n\u00e4iteks vannis v\u00f5i basseinis.\" \/>\n<meta name=\"twitter:image\" content=\"https:\/\/lustandlove.eu\/wp-content\/uploads\/Joydrop_Silicone_1.webp\" \/>\n<meta name=\"twitter:label1\" content=\"Est. reading time\" \/>\n\t<meta name=\"twitter:data1\" content=\"1 minut\" \/>\n<script type=\"application\/ld+json\" class=\"yoast-schema-graph\">{\"@context\":\"https:\\\/\\\/schema.org\",\"@graph\":[{\"@type\":[\"WebPage\",\"ItemPage\"],\"@id\":\"https:\\\/\\\/lustandlove.eu\\\/et\\\/toode\\\/joydrops-silikooni-baasil-libesti-50ml\\\/\",\"url\":\"https:\\\/\\\/lustandlove.eu\\\/et\\\/toode\\\/joydrops-silikooni-baasil-libesti-50ml\\\/\",\"name\":\"Joydrops silikooni baasil libesti 50ml | Lust &amp; Love\",\"isPartOf\":{\"@id\":\"https:\\\/\\\/lustandlove.eu\\\/et\\\/#website\"},\"primaryImageOfPage\":{\"@id\":\"https:\\\/\\\/lustandlove.eu\\\/et\\\/toode\\\/joydrops-silikooni-baasil-libesti-50ml\\\/#primaryimage\"},\"image\":{\"@id\":\"https:\\\/\\\/lustandlove.eu\\\/et\\\/toode\\\/joydrops-silikooni-baasil-libesti-50ml\\\/#primaryimage\"},\"thumbnailUrl\":\"https:\\\/\\\/lustandlove.eu\\\/wp-content\\\/uploads\\\/Joydrop_Silicone_1.webp\",\"datePublished\":\"2025-10-17T08:03:31+00:00\",\"dateModified\":\"2026-04-13T07:26:26+00:00\",\"description\":\"JoyDrops silikoonlibesti ei j\u00e4ta sind h\u00e4tta, kui naudid armastusehetki vees, n\u00e4iteks vannis v\u00f5i basseinis.\",\"breadcrumb\":{\"@id\":\"https:\\\/\\\/lustandlove.eu\\\/et\\\/toode\\\/joydrops-silikooni-baasil-libesti-50ml\\\/#breadcrumb\"},\"inLanguage\":\"et\",\"potentialAction\":[{\"@type\":\"ReadAction\",\"target\":[\"https:\\\/\\\/lustandlove.eu\\\/et\\\/toode\\\/joydrops-silikooni-baasil-libesti-50ml\\\/\"]}]},{\"@type\":\"ImageObject\",\"inLanguage\":\"et\",\"@id\":\"https:\\\/\\\/lustandlove.eu\\\/et\\\/toode\\\/joydrops-silikooni-baasil-libesti-50ml\\\/#primaryimage\",\"url\":\"https:\\\/\\\/lustandlove.eu\\\/wp-content\\\/uploads\\\/Joydrop_Silicone_1.webp\",\"contentUrl\":\"https:\\\/\\\/lustandlove.eu\\\/wp-content\\\/uploads\\\/Joydrop_Silicone_1.webp\",\"width\":1445,\"height\":1445},{\"@type\":\"BreadcrumbList\",\"@id\":\"https:\\\/\\\/lustandlove.eu\\\/et\\\/toode\\\/joydrops-silikooni-baasil-libesti-50ml\\\/#breadcrumb\",\"itemListElement\":[{\"@type\":\"ListItem\",\"position\":1,\"name\":\"Lust and Love\",\"item\":\"https:\\\/\\\/lustandlove.eu\\\/et\\\/\"},{\"@type\":\"ListItem\",\"position\":2,\"name\":\"Pood\",\"item\":\"https:\\\/\\\/lustandlove.eu\\\/et\\\/pood\\\/\"},{\"@type\":\"ListItem\",\"position\":3,\"name\":\"Libestid ja kehahooldus\",\"item\":\"https:\\\/\\\/lustandlove.eu\\\/et\\\/pood\\\/apteek\\\/\"},{\"@type\":\"ListItem\",\"position\":4,\"name\":\"Joydrops silikooni baasil libesti 50ml\"}]},{\"@type\":\"WebSite\",\"@id\":\"https:\\\/\\\/lustandlove.eu\\\/et\\\/#website\",\"url\":\"https:\\\/\\\/lustandlove.eu\\\/et\\\/\",\"name\":\"Lust &amp; Love\",\"description\":\"Online erootikapood tervise, ilu ja armastuse jaoks\",\"publisher\":{\"@id\":\"https:\\\/\\\/lustandlove.eu\\\/et\\\/#organization\"},\"potentialAction\":[{\"@type\":\"SearchAction\",\"target\":{\"@type\":\"EntryPoint\",\"urlTemplate\":\"https:\\\/\\\/lustandlove.eu\\\/et\\\/?s={search_term_string}\"},\"query-input\":{\"@type\":\"PropertyValueSpecification\",\"valueRequired\":true,\"valueName\":\"search_term_string\"}}],\"inLanguage\":\"et\"},{\"@type\":\"Organization\",\"@id\":\"https:\\\/\\\/lustandlove.eu\\\/et\\\/#organization\",\"name\":\"Bioconcept Baltics O\u00dc\",\"url\":\"https:\\\/\\\/lustandlove.eu\\\/et\\\/\",\"logo\":{\"@type\":\"ImageObject\",\"inLanguage\":\"et\",\"@id\":\"https:\\\/\\\/lustandlove.eu\\\/et\\\/#\\\/schema\\\/logo\\\/image\\\/\",\"url\":\"\",\"contentUrl\":\"\",\"caption\":\"Bioconcept Baltics O\u00dc\"},\"image\":{\"@id\":\"https:\\\/\\\/lustandlove.eu\\\/et\\\/#\\\/schema\\\/logo\\\/image\\\/\"},\"sameAs\":[\"https:\\\/\\\/www.facebook.com\\\/LustandLoveEU\\\/\",\"https:\\\/\\\/www.instagram.com\\\/lustandloveeu\\\/\"]}]}<\/script>\n<!-- \/ Yoast SEO plugin. -->","yoast_head_json":{"title":"Joydrops silikooni baasil libesti 50ml | Lust &amp; Love","description":"JoyDrops silikoonlibesti ei j\u00e4ta sind h\u00e4tta, kui naudid armastusehetki vees, n\u00e4iteks vannis v\u00f5i basseinis.","robots":{"index,follow,max-snippet":"index,follow,max-snippet:-1,max-image-preview:large,max-video-preview:-1"},"canonical":"https:\/\/lustandlove.eu\/et\/toode\/joydrops-silikooni-baasil-libesti-50ml\/","twitter_card":"summary_large_image","twitter_title":"Joydrops silikooni baasil libesti 50ml | Lust &amp; Love","twitter_description":"JoyDrops silikoonlibesti ei j\u00e4ta sind h\u00e4tta, kui naudid armastusehetki vees, n\u00e4iteks vannis v\u00f5i basseinis.","twitter_image":"https:\/\/lustandlove.eu\/wp-content\/uploads\/Joydrop_Silicone_1.webp","twitter_misc":{"Est. reading time":"1 minut"},"schema":{"@context":"https:\/\/schema.org","@graph":[{"@type":["WebPage","ItemPage"],"@id":"https:\/\/lustandlove.eu\/et\/toode\/joydrops-silikooni-baasil-libesti-50ml\/","url":"https:\/\/lustandlove.eu\/et\/toode\/joydrops-silikooni-baasil-libesti-50ml\/","name":"Joydrops silikooni baasil libesti 50ml | Lust &amp; Love","isPartOf":{"@id":"https:\/\/lustandlove.eu\/et\/#website"},"primaryImageOfPage":{"@id":"https:\/\/lustandlove.eu\/et\/toode\/joydrops-silikooni-baasil-libesti-50ml\/#primaryimage"},"image":{"@id":"https:\/\/lustandlove.eu\/et\/toode\/joydrops-silikooni-baasil-libesti-50ml\/#primaryimage"},"thumbnailUrl":"https:\/\/lustandlove.eu\/wp-content\/uploads\/Joydrop_Silicone_1.webp","datePublished":"2025-10-17T08:03:31+00:00","dateModified":"2026-04-13T07:26:26+00:00","description":"JoyDrops silikoonlibesti ei j\u00e4ta sind h\u00e4tta, kui naudid armastusehetki vees, n\u00e4iteks vannis v\u00f5i basseinis.","breadcrumb":{"@id":"https:\/\/lustandlove.eu\/et\/toode\/joydrops-silikooni-baasil-libesti-50ml\/#breadcrumb"},"inLanguage":"et","potentialAction":[{"@type":"ReadAction","target":["https:\/\/lustandlove.eu\/et\/toode\/joydrops-silikooni-baasil-libesti-50ml\/"]}]},{"@type":"ImageObject","inLanguage":"et","@id":"https:\/\/lustandlove.eu\/et\/toode\/joydrops-silikooni-baasil-libesti-50ml\/#primaryimage","url":"https:\/\/lustandlove.eu\/wp-content\/uploads\/Joydrop_Silicone_1.webp","contentUrl":"https:\/\/lustandlove.eu\/wp-content\/uploads\/Joydrop_Silicone_1.webp","width":1445,"height":1445},{"@type":"BreadcrumbList","@id":"https:\/\/lustandlove.eu\/et\/toode\/joydrops-silikooni-baasil-libesti-50ml\/#breadcrumb","itemListElement":[{"@type":"ListItem","position":1,"name":"Lust and Love","item":"https:\/\/lustandlove.eu\/et\/"},{"@type":"ListItem","position":2,"name":"Pood","item":"https:\/\/lustandlove.eu\/et\/pood\/"},{"@type":"ListItem","position":3,"name":"Libestid ja kehahooldus","item":"https:\/\/lustandlove.eu\/et\/pood\/apteek\/"},{"@type":"ListItem","position":4,"name":"Joydrops silikooni baasil libesti 50ml"}]},{"@type":"WebSite","@id":"https:\/\/lustandlove.eu\/et\/#website","url":"https:\/\/lustandlove.eu\/et\/","name":"Lust &amp; Love","description":"Online erootikapood tervise, ilu ja armastuse jaoks","publisher":{"@id":"https:\/\/lustandlove.eu\/et\/#organization"},"potentialAction":[{"@type":"SearchAction","target":{"@type":"EntryPoint","urlTemplate":"https:\/\/lustandlove.eu\/et\/?s={search_term_string}"},"query-input":{"@type":"PropertyValueSpecification","valueRequired":true,"valueName":"search_term_string"}}],"inLanguage":"et"},{"@type":"Organization","@id":"https:\/\/lustandlove.eu\/et\/#organization","name":"Bioconcept Baltics O\u00dc","url":"https:\/\/lustandlove.eu\/et\/","logo":{"@type":"ImageObject","inLanguage":"et","@id":"https:\/\/lustandlove.eu\/et\/#\/schema\/logo\/image\/","url":"","contentUrl":"","caption":"Bioconcept Baltics O\u00dc"},"image":{"@id":"https:\/\/lustandlove.eu\/et\/#\/schema\/logo\/image\/"},"sameAs":["https:\/\/www.facebook.com\/LustandLoveEU\/","https:\/\/www.instagram.com\/lustandloveeu\/"]}]}},"_links":{"self":[{"href":"https:\/\/lustandlove.eu\/et\/wp-json\/wp\/v2\/product\/94590","targetHints":{"allow":["GET"]}}],"collection":[{"href":"https:\/\/lustandlove.eu\/et\/wp-json\/wp\/v2\/product"}],"about":[{"href":"https:\/\/lustandlove.eu\/et\/wp-json\/wp\/v2\/types\/product"}],"wp:featuredmedia":[{"embeddable":true,"href":"https:\/\/lustandlove.eu\/et\/wp-json\/wp\/v2\/media\/94594"}],"wp:attachment":[{"href":"https:\/\/lustandlove.eu\/et\/wp-json\/wp\/v2\/media?parent=94590"}],"wp:term":[{"taxonomy":"product_brand","embeddable":true,"href":"https:\/\/lustandlove.eu\/et\/wp-json\/wp\/v2\/product_brand?post=94590"},{"taxonomy":"product_cat","embeddable":true,"href":"https:\/\/lustandlove.eu\/et\/wp-json\/wp\/v2\/product_cat?post=94590"},{"taxonomy":"product_tag","embeddable":true,"href":"https:\/\/lustandlove.eu\/et\/wp-json\/wp\/v2\/product_tag?post=94590"}],"curies":[{"name":"wp","href":"https:\/\/api.w.org\/{rel}","templated":true}]}}