{"id":94596,"date":"2025-10-17T11:11:05","date_gmt":"2025-10-17T08:11:05","guid":{"rendered":"https:\/\/lustandlove.eu\/?post_type=product&#038;p=94596"},"modified":"2026-04-13T10:26:26","modified_gmt":"2026-04-13T07:26:26","slug":"meeste-genitaalide-hooldussprei-30ml","status":"publish","type":"product","link":"https:\/\/lustandlove.eu\/et\/toode\/meeste-genitaalide-hooldussprei-30ml\/","title":{"rendered":"Meeste Genitaalide Hooldussprei 30ml"},"content":{"rendered":"<p>KIIRESTI TOIMIV KULMINATSIOONI KONTROLLIV SPREI<br \/>\nKogege pikemaajalist intiimsust meie lidokaiinip\u00f5hise koostisega, mis hakkab toimima m\u00f5ne minuti jooksul. Parandab sooritusv\u00f5imet, l\u00fckates \u00f5rnalt kulminatsiooni edasi ja suurendades vastupidavust.<\/p>\n<p>PIKENDAGE INTIIMSUST JA VASTUPIDAVUST LOOMULIKULT<br \/>\nJoy Drops on loodud tundlikkuse v\u00e4hendamiseks ilma partnerit tuimastamata, aidates pikendada intiimsust, toetada enesekindlust ja parandada m\u00f5lema partneri seksuaalset rahulolu.<\/p>\n<p>OHUTUD JA FDA-N\u00d5UETELE VASTAVAD KOOSTISOSAD<br \/>\nValmistatud k\u00f5rgekvaliteedilisest lidokaiinist ja toorainetest vastavalt FDA standarditele. Dermatoloogiliselt testitud, nahale ohutu ja usaldusv\u00e4\u00e4rne efektiivseks kliimaksi kontrolliks.<\/p>\n<p>LIHTSALT JA DISKREETSELT KASUTATAV<br \/>\nKompaktne pihustipudel kiireks ja puhtaks kasutamiseks. Reisik\u00f5lblik ja diskreetne, teie partner ei m\u00e4rka midagi. Ideaalne spontaanseteks hetkedeks.<\/p>\n<p>KONDOOMIDE JA LIBESTITEGA \u00dcHILDUVA<br \/>\nKasutage julgelt koos k\u00f5igi juhtivate kondoomide ja lubrikantidega. Oodake p\u00e4rast pealekandmist vaid 5 minutit ja olete valmis tegutsema, ohutust ja tunnetust ohustamata.<\/p>\n","protected":false},"excerpt":{"rendered":"<p>JoyDrops\u00ae meeste v\u00e4liste suguelundite hooldusspray aitab edasi l\u00fckata ejakulatsiooni, v\u00e4hendades erektsiooni ajal peenise tundlikkust. T\u00e4nu rikkalikele looduslikele koostisosadele, nagu ingver\u00f5li, toetab see vereringet ja pikendab teie v\u00f5imekust, samal ajal kui Spilanthes Acmella lilleekstrakt annab peenisele pikaajalise tuimastava toime ja Mentha Arvensis lehe\u00f5li toetab selle piirkonna tundlikkuse v\u00e4henemist. See hooldab nahka, niisutades seda. Kasutamine: Kandke otse peale ja h\u00f5\u00f5ruge sisse, katmaks mehe v\u00e4lised suguelundid.<\/p>\n","protected":false},"featured_media":94598,"template":"","meta":[],"product_brand":[4216],"product_cat":[1464,1460],"product_tag":[],"class_list":{"0":"post-94596","1":"product","2":"type-product","3":"status-publish","4":"has-post-thumbnail","6":"product_brand-joydrops-et","7":"product_cat-erutavad-geelid","8":"product_cat-apteek","9":"pa_brand-joydrops-et","11":"first","12":"instock","13":"taxable","14":"shipping-taxable","15":"purchasable","16":"product-type-simple"},"yoast_head":"<!-- This site is optimized with the Yoast SEO plugin v27.3 - https:\/\/yoast.com\/product\/yoast-seo-wordpress\/ -->\n<title>Meeste Genitaalide Hooldussprei 30ml | Lust &amp; Love<\/title>\n<meta name=\"description\" content=\"JoyDrops\u00ae meeste v\u00e4liste suguelundite hooldusspray aitab edasi l\u00fckata ejakulatsiooni, v\u00e4hendades erektsiooni ajal peenise tundlikkust.\" \/>\n<meta name=\"robots\" content=\"index,follow,max-snippet:-1,max-image-preview:large,max-video-preview:-1\" \/>\n<link rel=\"canonical\" href=\"https:\/\/lustandlove.eu\/et\/toode\/meeste-genitaalide-hooldussprei-30ml\/\" \/>\n<meta name=\"twitter:card\" content=\"summary_large_image\" \/>\n<meta name=\"twitter:title\" content=\"Meeste Genitaalide Hooldussprei 30ml | Lust &amp; Love\" \/>\n<meta name=\"twitter:description\" content=\"JoyDrops\u00ae meeste v\u00e4liste suguelundite hooldusspray aitab edasi l\u00fckata ejakulatsiooni, v\u00e4hendades erektsiooni ajal peenise tundlikkust.\" \/>\n<meta name=\"twitter:image\" content=\"https:\/\/lustandlove.eu\/wp-content\/uploads\/Joydrop_delay.jpg\" \/>\n<meta name=\"twitter:label1\" content=\"Est. reading time\" \/>\n\t<meta name=\"twitter:data1\" content=\"1 minut\" \/>\n<script type=\"application\/ld+json\" class=\"yoast-schema-graph\">{\"@context\":\"https:\\\/\\\/schema.org\",\"@graph\":[{\"@type\":[\"WebPage\",\"ItemPage\"],\"@id\":\"https:\\\/\\\/lustandlove.eu\\\/et\\\/toode\\\/meeste-genitaalide-hooldussprei-30ml\\\/\",\"url\":\"https:\\\/\\\/lustandlove.eu\\\/et\\\/toode\\\/meeste-genitaalide-hooldussprei-30ml\\\/\",\"name\":\"Meeste Genitaalide Hooldussprei 30ml | Lust &amp; Love\",\"isPartOf\":{\"@id\":\"https:\\\/\\\/lustandlove.eu\\\/et\\\/#website\"},\"primaryImageOfPage\":{\"@id\":\"https:\\\/\\\/lustandlove.eu\\\/et\\\/toode\\\/meeste-genitaalide-hooldussprei-30ml\\\/#primaryimage\"},\"image\":{\"@id\":\"https:\\\/\\\/lustandlove.eu\\\/et\\\/toode\\\/meeste-genitaalide-hooldussprei-30ml\\\/#primaryimage\"},\"thumbnailUrl\":\"https:\\\/\\\/lustandlove.eu\\\/wp-content\\\/uploads\\\/Joydrop_delay.jpg\",\"datePublished\":\"2025-10-17T08:11:05+00:00\",\"dateModified\":\"2026-04-13T07:26:26+00:00\",\"description\":\"JoyDrops\u00ae meeste v\u00e4liste suguelundite hooldusspray aitab edasi l\u00fckata ejakulatsiooni, v\u00e4hendades erektsiooni ajal peenise tundlikkust.\",\"breadcrumb\":{\"@id\":\"https:\\\/\\\/lustandlove.eu\\\/et\\\/toode\\\/meeste-genitaalide-hooldussprei-30ml\\\/#breadcrumb\"},\"inLanguage\":\"et\",\"potentialAction\":[{\"@type\":\"ReadAction\",\"target\":[\"https:\\\/\\\/lustandlove.eu\\\/et\\\/toode\\\/meeste-genitaalide-hooldussprei-30ml\\\/\"]}]},{\"@type\":\"ImageObject\",\"inLanguage\":\"et\",\"@id\":\"https:\\\/\\\/lustandlove.eu\\\/et\\\/toode\\\/meeste-genitaalide-hooldussprei-30ml\\\/#primaryimage\",\"url\":\"https:\\\/\\\/lustandlove.eu\\\/wp-content\\\/uploads\\\/Joydrop_delay.jpg\",\"contentUrl\":\"https:\\\/\\\/lustandlove.eu\\\/wp-content\\\/uploads\\\/Joydrop_delay.jpg\",\"width\":1218,\"height\":1218},{\"@type\":\"BreadcrumbList\",\"@id\":\"https:\\\/\\\/lustandlove.eu\\\/et\\\/toode\\\/meeste-genitaalide-hooldussprei-30ml\\\/#breadcrumb\",\"itemListElement\":[{\"@type\":\"ListItem\",\"position\":1,\"name\":\"Lust and Love\",\"item\":\"https:\\\/\\\/lustandlove.eu\\\/et\\\/\"},{\"@type\":\"ListItem\",\"position\":2,\"name\":\"Pood\",\"item\":\"https:\\\/\\\/lustandlove.eu\\\/et\\\/pood\\\/\"},{\"@type\":\"ListItem\",\"position\":3,\"name\":\"Libestid ja kehahooldus\",\"item\":\"https:\\\/\\\/lustandlove.eu\\\/et\\\/pood\\\/apteek\\\/\"},{\"@type\":\"ListItem\",\"position\":4,\"name\":\"Meeste Genitaalide Hooldussprei 30ml\"}]},{\"@type\":\"WebSite\",\"@id\":\"https:\\\/\\\/lustandlove.eu\\\/et\\\/#website\",\"url\":\"https:\\\/\\\/lustandlove.eu\\\/et\\\/\",\"name\":\"Lust &amp; Love\",\"description\":\"Online erootikapood tervise, ilu ja armastuse jaoks\",\"publisher\":{\"@id\":\"https:\\\/\\\/lustandlove.eu\\\/et\\\/#organization\"},\"potentialAction\":[{\"@type\":\"SearchAction\",\"target\":{\"@type\":\"EntryPoint\",\"urlTemplate\":\"https:\\\/\\\/lustandlove.eu\\\/et\\\/?s={search_term_string}\"},\"query-input\":{\"@type\":\"PropertyValueSpecification\",\"valueRequired\":true,\"valueName\":\"search_term_string\"}}],\"inLanguage\":\"et\"},{\"@type\":\"Organization\",\"@id\":\"https:\\\/\\\/lustandlove.eu\\\/et\\\/#organization\",\"name\":\"Bioconcept Baltics O\u00dc\",\"url\":\"https:\\\/\\\/lustandlove.eu\\\/et\\\/\",\"logo\":{\"@type\":\"ImageObject\",\"inLanguage\":\"et\",\"@id\":\"https:\\\/\\\/lustandlove.eu\\\/et\\\/#\\\/schema\\\/logo\\\/image\\\/\",\"url\":\"\",\"contentUrl\":\"\",\"caption\":\"Bioconcept Baltics O\u00dc\"},\"image\":{\"@id\":\"https:\\\/\\\/lustandlove.eu\\\/et\\\/#\\\/schema\\\/logo\\\/image\\\/\"},\"sameAs\":[\"https:\\\/\\\/www.facebook.com\\\/LustandLoveEU\\\/\",\"https:\\\/\\\/www.instagram.com\\\/lustandloveeu\\\/\"]}]}<\/script>\n<!-- \/ Yoast SEO plugin. -->","yoast_head_json":{"title":"Meeste Genitaalide Hooldussprei 30ml | Lust &amp; Love","description":"JoyDrops\u00ae meeste v\u00e4liste suguelundite hooldusspray aitab edasi l\u00fckata ejakulatsiooni, v\u00e4hendades erektsiooni ajal peenise tundlikkust.","robots":{"index,follow,max-snippet":"index,follow,max-snippet:-1,max-image-preview:large,max-video-preview:-1"},"canonical":"https:\/\/lustandlove.eu\/et\/toode\/meeste-genitaalide-hooldussprei-30ml\/","twitter_card":"summary_large_image","twitter_title":"Meeste Genitaalide Hooldussprei 30ml | Lust &amp; Love","twitter_description":"JoyDrops\u00ae meeste v\u00e4liste suguelundite hooldusspray aitab edasi l\u00fckata ejakulatsiooni, v\u00e4hendades erektsiooni ajal peenise tundlikkust.","twitter_image":"https:\/\/lustandlove.eu\/wp-content\/uploads\/Joydrop_delay.jpg","twitter_misc":{"Est. reading time":"1 minut"},"schema":{"@context":"https:\/\/schema.org","@graph":[{"@type":["WebPage","ItemPage"],"@id":"https:\/\/lustandlove.eu\/et\/toode\/meeste-genitaalide-hooldussprei-30ml\/","url":"https:\/\/lustandlove.eu\/et\/toode\/meeste-genitaalide-hooldussprei-30ml\/","name":"Meeste Genitaalide Hooldussprei 30ml | Lust &amp; Love","isPartOf":{"@id":"https:\/\/lustandlove.eu\/et\/#website"},"primaryImageOfPage":{"@id":"https:\/\/lustandlove.eu\/et\/toode\/meeste-genitaalide-hooldussprei-30ml\/#primaryimage"},"image":{"@id":"https:\/\/lustandlove.eu\/et\/toode\/meeste-genitaalide-hooldussprei-30ml\/#primaryimage"},"thumbnailUrl":"https:\/\/lustandlove.eu\/wp-content\/uploads\/Joydrop_delay.jpg","datePublished":"2025-10-17T08:11:05+00:00","dateModified":"2026-04-13T07:26:26+00:00","description":"JoyDrops\u00ae meeste v\u00e4liste suguelundite hooldusspray aitab edasi l\u00fckata ejakulatsiooni, v\u00e4hendades erektsiooni ajal peenise tundlikkust.","breadcrumb":{"@id":"https:\/\/lustandlove.eu\/et\/toode\/meeste-genitaalide-hooldussprei-30ml\/#breadcrumb"},"inLanguage":"et","potentialAction":[{"@type":"ReadAction","target":["https:\/\/lustandlove.eu\/et\/toode\/meeste-genitaalide-hooldussprei-30ml\/"]}]},{"@type":"ImageObject","inLanguage":"et","@id":"https:\/\/lustandlove.eu\/et\/toode\/meeste-genitaalide-hooldussprei-30ml\/#primaryimage","url":"https:\/\/lustandlove.eu\/wp-content\/uploads\/Joydrop_delay.jpg","contentUrl":"https:\/\/lustandlove.eu\/wp-content\/uploads\/Joydrop_delay.jpg","width":1218,"height":1218},{"@type":"BreadcrumbList","@id":"https:\/\/lustandlove.eu\/et\/toode\/meeste-genitaalide-hooldussprei-30ml\/#breadcrumb","itemListElement":[{"@type":"ListItem","position":1,"name":"Lust and Love","item":"https:\/\/lustandlove.eu\/et\/"},{"@type":"ListItem","position":2,"name":"Pood","item":"https:\/\/lustandlove.eu\/et\/pood\/"},{"@type":"ListItem","position":3,"name":"Libestid ja kehahooldus","item":"https:\/\/lustandlove.eu\/et\/pood\/apteek\/"},{"@type":"ListItem","position":4,"name":"Meeste Genitaalide Hooldussprei 30ml"}]},{"@type":"WebSite","@id":"https:\/\/lustandlove.eu\/et\/#website","url":"https:\/\/lustandlove.eu\/et\/","name":"Lust &amp; Love","description":"Online erootikapood tervise, ilu ja armastuse jaoks","publisher":{"@id":"https:\/\/lustandlove.eu\/et\/#organization"},"potentialAction":[{"@type":"SearchAction","target":{"@type":"EntryPoint","urlTemplate":"https:\/\/lustandlove.eu\/et\/?s={search_term_string}"},"query-input":{"@type":"PropertyValueSpecification","valueRequired":true,"valueName":"search_term_string"}}],"inLanguage":"et"},{"@type":"Organization","@id":"https:\/\/lustandlove.eu\/et\/#organization","name":"Bioconcept Baltics O\u00dc","url":"https:\/\/lustandlove.eu\/et\/","logo":{"@type":"ImageObject","inLanguage":"et","@id":"https:\/\/lustandlove.eu\/et\/#\/schema\/logo\/image\/","url":"","contentUrl":"","caption":"Bioconcept Baltics O\u00dc"},"image":{"@id":"https:\/\/lustandlove.eu\/et\/#\/schema\/logo\/image\/"},"sameAs":["https:\/\/www.facebook.com\/LustandLoveEU\/","https:\/\/www.instagram.com\/lustandloveeu\/"]}]}},"_links":{"self":[{"href":"https:\/\/lustandlove.eu\/et\/wp-json\/wp\/v2\/product\/94596","targetHints":{"allow":["GET"]}}],"collection":[{"href":"https:\/\/lustandlove.eu\/et\/wp-json\/wp\/v2\/product"}],"about":[{"href":"https:\/\/lustandlove.eu\/et\/wp-json\/wp\/v2\/types\/product"}],"wp:featuredmedia":[{"embeddable":true,"href":"https:\/\/lustandlove.eu\/et\/wp-json\/wp\/v2\/media\/94598"}],"wp:attachment":[{"href":"https:\/\/lustandlove.eu\/et\/wp-json\/wp\/v2\/media?parent=94596"}],"wp:term":[{"taxonomy":"product_brand","embeddable":true,"href":"https:\/\/lustandlove.eu\/et\/wp-json\/wp\/v2\/product_brand?post=94596"},{"taxonomy":"product_cat","embeddable":true,"href":"https:\/\/lustandlove.eu\/et\/wp-json\/wp\/v2\/product_cat?post=94596"},{"taxonomy":"product_tag","embeddable":true,"href":"https:\/\/lustandlove.eu\/et\/wp-json\/wp\/v2\/product_tag?post=94596"}],"curies":[{"name":"wp","href":"https:\/\/api.w.org\/{rel}","templated":true}]}}