{"id":94660,"date":"2025-11-13T09:27:45","date_gmt":"2025-11-13T07:27:45","guid":{"rendered":"https:\/\/lustandlove.eu\/?post_type=product&#038;p=94660"},"modified":"2026-04-13T10:26:25","modified_gmt":"2026-04-13T07:26:25","slug":"flirty-kiss-soodav-erutusgeel-maasika-ja-piparmundi","status":"publish","type":"product","link":"https:\/\/lustandlove.eu\/et\/toode\/flirty-kiss-soodav-erutusgeel-maasika-ja-piparmundi\/","title":{"rendered":"Flirty Kiss S\u00f6\u00f6dav Erutusgeel &#8211; Maasika ja Piparm\u00fcndi"},"content":{"rendered":"<p>Oraalseks ja eelm\u00e4ng on t\u00f5eliselt p\u00f5nevad, kuid kui lisada neile veidi ekstra, v\u00f5ivad need saada teie lemmikuks.<\/p>\n<p>Flirty Kiss sisaldab 2 eraldi geeli:<\/p>\n<p>&#8211; 1 maasika geel v\u00fcrtsika kuumuse efektiga<\/p>\n<p>&#8211; 1 piparm\u00fcndi geel elavda ja jahutava efektiga.<\/p>\n<p><strong>Miks proovida Flirty Kiss?<\/strong><\/p>\n<p>&#8211; Lisab uudsust ja \u00fcllatust = p\u00f5nevust<\/p>\n<p>&#8211; L\u00f5bus oma \u00fcllatavate efektidega (v\u00fcrtsikas kuumus + jahedus ja vibratsioon)<\/p>\n<p>&#8211; Meeldivad 100% s\u00f6\u00f6davad maasika- ja piparm\u00fcndimaitsed<\/p>\n<p>&#8211; Uus vahend intiimsuse loomiseks partneriga<\/p>\n<p>Kasutamine: kanna huultele, m\u00f5ne sekundi p\u00e4rast tunned erinevaid efekte.<\/p>\n<p>Pakend: 8 g x 2 = 16 g<\/p>\n<p>Maitse: maasikas ja piparm\u00fcnt<\/p>\n<p>100% s\u00f6\u00f6dav<br \/>\nGl\u00fctseriinip\u00f5hine<br \/>\nValmistatud Hispaanias<br \/>\nSobib kondoomide ja seksim\u00e4nguasjadega<br \/>\nSobib veganitele \u2013 veganis\u00f5bralik<br \/>\nSobib ts\u00f6liaakikutele \u2013 gluteenivaba<br \/>\nSobib laktoositalumatutele \u2013 laktoosivaba<br \/>\nSuhkruvaba<br \/>\nLoomkatseteta<\/p>\n<p>Flirty Kiss Maasika koostisosad: gl\u00fctseriin E422, vesi, niisutaja E420, maitseaine, v\u00e4rvaine E124, happesuse regulaator E330, s\u00e4ilitusained E202, E211, paksendaja E415, stabilisaator E1520, magusaine E954, paprika ekstrakt.<\/p>\n<p>Flirty Kiss Piparm\u00fcndi koostisosad: gl\u00fctseriin E422, vesi, niisutaja E420, maitseained, Acmella Oleracea ekstrakt, v\u00e4rvained E102, E131, mentool, happesuse regulaator E330, s\u00e4ilitusained<\/p>\n","protected":false},"excerpt":{"rendered":"<p>Need geelid on ideaalsed kasutamiseks koos partneriga. \u00dcks paarist kogeb p\u00f5nevat maasika kuumust ja stimuleerivat v\u00fcrtsikat efekti, teine aga v\u00e4rskendavat piparm\u00fcndimaitselist vibreerivat efekti.<\/p>\n<p>Tundete plahvatus unustamatuteks suudlusteks ja suuseksiks.<\/p>\n","protected":false},"featured_media":94666,"template":"","meta":[],"product_brand":[4239],"product_cat":[1464,4011,1460,4009],"product_tag":[4074,4073],"class_list":{"0":"post-94660","1":"product","2":"type-product","3":"status-publish","4":"has-post-thumbnail","6":"product_brand-secret-play-et","7":"product_cat-erutavad-geelid","8":"product_cat-kingiideed","9":"product_cat-apteek","10":"product_cat-lobu-mangud","11":"product_tag-marg-suu","12":"product_tag-oraalseks","13":"pa_brand-secret-play-et","15":"first","16":"instock","17":"taxable","18":"shipping-taxable","19":"purchasable","20":"product-type-simple"},"yoast_head":"<!-- This site is optimized with the Yoast SEO plugin v27.4 - https:\/\/yoast.com\/product\/yoast-seo-wordpress\/ -->\n<title>Flirty Kiss S\u00f6\u00f6dav Erutusgeel - Maasika ja Piparm\u00fcndi | Lust and Love<\/title>\n<meta name=\"description\" content=\"Need geelid on ideaalsed kasutamiseks koos partneriga. Tundete plahvatus unustamatuteks suudlusteks ja suuseksiks.\" \/>\n<meta name=\"robots\" content=\"index,follow,max-snippet:-1,max-image-preview:large,max-video-preview:-1\" \/>\n<link rel=\"canonical\" href=\"https:\/\/lustandlove.eu\/et\/toode\/flirty-kiss-soodav-erutusgeel-maasika-ja-piparmundi\/\" \/>\n<script type=\"application\/ld+json\" class=\"yoast-schema-graph\">{\"@context\":\"https:\\\/\\\/schema.org\",\"@graph\":[{\"@type\":[\"WebPage\",\"ItemPage\"],\"@id\":\"https:\\\/\\\/lustandlove.eu\\\/et\\\/toode\\\/flirty-kiss-soodav-erutusgeel-maasika-ja-piparmundi\\\/\",\"url\":\"https:\\\/\\\/lustandlove.eu\\\/et\\\/toode\\\/flirty-kiss-soodav-erutusgeel-maasika-ja-piparmundi\\\/\",\"name\":\"Flirty Kiss S\u00f6\u00f6dav Erutusgeel - Maasika ja Piparm\u00fcndi | Lust and Love\",\"isPartOf\":{\"@id\":\"https:\\\/\\\/lustandlove.eu\\\/et\\\/#website\"},\"primaryImageOfPage\":{\"@id\":\"https:\\\/\\\/lustandlove.eu\\\/et\\\/toode\\\/flirty-kiss-soodav-erutusgeel-maasika-ja-piparmundi\\\/#primaryimage\"},\"image\":{\"@id\":\"https:\\\/\\\/lustandlove.eu\\\/et\\\/toode\\\/flirty-kiss-soodav-erutusgeel-maasika-ja-piparmundi\\\/#primaryimage\"},\"thumbnailUrl\":\"https:\\\/\\\/lustandlove.eu\\\/wp-content\\\/uploads\\\/3743_04.jpg\",\"datePublished\":\"2025-11-13T07:27:45+00:00\",\"dateModified\":\"2026-04-13T07:26:25+00:00\",\"description\":\"Need geelid on ideaalsed kasutamiseks koos partneriga. Tundete plahvatus unustamatuteks suudlusteks ja suuseksiks.\",\"breadcrumb\":{\"@id\":\"https:\\\/\\\/lustandlove.eu\\\/et\\\/toode\\\/flirty-kiss-soodav-erutusgeel-maasika-ja-piparmundi\\\/#breadcrumb\"},\"inLanguage\":\"et\",\"potentialAction\":[{\"@type\":\"ReadAction\",\"target\":[\"https:\\\/\\\/lustandlove.eu\\\/et\\\/toode\\\/flirty-kiss-soodav-erutusgeel-maasika-ja-piparmundi\\\/\"]}]},{\"@type\":\"ImageObject\",\"inLanguage\":\"et\",\"@id\":\"https:\\\/\\\/lustandlove.eu\\\/et\\\/toode\\\/flirty-kiss-soodav-erutusgeel-maasika-ja-piparmundi\\\/#primaryimage\",\"url\":\"https:\\\/\\\/lustandlove.eu\\\/wp-content\\\/uploads\\\/3743_04.jpg\",\"contentUrl\":\"https:\\\/\\\/lustandlove.eu\\\/wp-content\\\/uploads\\\/3743_04.jpg\",\"width\":1080,\"height\":1080},{\"@type\":\"BreadcrumbList\",\"@id\":\"https:\\\/\\\/lustandlove.eu\\\/et\\\/toode\\\/flirty-kiss-soodav-erutusgeel-maasika-ja-piparmundi\\\/#breadcrumb\",\"itemListElement\":[{\"@type\":\"ListItem\",\"position\":1,\"name\":\"Lust and Love\",\"item\":\"https:\\\/\\\/lustandlove.eu\\\/et\\\/\"},{\"@type\":\"ListItem\",\"position\":2,\"name\":\"Pood\",\"item\":\"https:\\\/\\\/lustandlove.eu\\\/et\\\/pood\\\/\"},{\"@type\":\"ListItem\",\"position\":3,\"name\":\"Libestid ja kehahooldus\",\"item\":\"https:\\\/\\\/lustandlove.eu\\\/et\\\/pood\\\/apteek\\\/\"},{\"@type\":\"ListItem\",\"position\":4,\"name\":\"Erutavad Geelid\",\"item\":\"https:\\\/\\\/lustandlove.eu\\\/et\\\/pood\\\/apteek\\\/erutavad-geelid\\\/\"},{\"@type\":\"ListItem\",\"position\":5,\"name\":\"Flirty Kiss S\u00f6\u00f6dav Erutusgeel &#8211; Maasika ja Piparm\u00fcndi\"}]},{\"@type\":\"WebSite\",\"@id\":\"https:\\\/\\\/lustandlove.eu\\\/et\\\/#website\",\"url\":\"https:\\\/\\\/lustandlove.eu\\\/et\\\/\",\"name\":\"Lust & Love\",\"description\":\"Online erootikapood tervise, ilu ja armastuse jaoks\",\"publisher\":{\"@id\":\"https:\\\/\\\/lustandlove.eu\\\/et\\\/#organization\"},\"potentialAction\":[{\"@type\":\"SearchAction\",\"target\":{\"@type\":\"EntryPoint\",\"urlTemplate\":\"https:\\\/\\\/lustandlove.eu\\\/et\\\/?s={search_term_string}\"},\"query-input\":{\"@type\":\"PropertyValueSpecification\",\"valueRequired\":true,\"valueName\":\"search_term_string\"}}],\"inLanguage\":\"et\"},{\"@type\":\"Organization\",\"@id\":\"https:\\\/\\\/lustandlove.eu\\\/et\\\/#organization\",\"name\":\"Bioconcept Baltics O\u00dc\",\"url\":\"https:\\\/\\\/lustandlove.eu\\\/et\\\/\",\"logo\":{\"@type\":\"ImageObject\",\"inLanguage\":\"et\",\"@id\":\"https:\\\/\\\/lustandlove.eu\\\/et\\\/#\\\/schema\\\/logo\\\/image\\\/\",\"url\":\"https:\\\/\\\/lustandlove.eu\\\/wp-content\\\/uploads\\\/logo-full-2.png\",\"contentUrl\":\"https:\\\/\\\/lustandlove.eu\\\/wp-content\\\/uploads\\\/logo-full-2.png\",\"width\":837,\"height\":200,\"caption\":\"Bioconcept Baltics O\u00dc\"},\"image\":{\"@id\":\"https:\\\/\\\/lustandlove.eu\\\/et\\\/#\\\/schema\\\/logo\\\/image\\\/\"},\"sameAs\":[\"https:\\\/\\\/www.facebook.com\\\/LustandLoveEU\\\/\",\"https:\\\/\\\/www.instagram.com\\\/lustandloveeu\\\/\"]}]}<\/script>\n<!-- \/ Yoast SEO plugin. -->","yoast_head_json":{"title":"Flirty Kiss S\u00f6\u00f6dav Erutusgeel - Maasika ja Piparm\u00fcndi | Lust and Love","description":"Need geelid on ideaalsed kasutamiseks koos partneriga. Tundete plahvatus unustamatuteks suudlusteks ja suuseksiks.","robots":{"index,follow,max-snippet":"index,follow,max-snippet:-1,max-image-preview:large,max-video-preview:-1"},"canonical":"https:\/\/lustandlove.eu\/et\/toode\/flirty-kiss-soodav-erutusgeel-maasika-ja-piparmundi\/","schema":{"@context":"https:\/\/schema.org","@graph":[{"@type":["WebPage","ItemPage"],"@id":"https:\/\/lustandlove.eu\/et\/toode\/flirty-kiss-soodav-erutusgeel-maasika-ja-piparmundi\/","url":"https:\/\/lustandlove.eu\/et\/toode\/flirty-kiss-soodav-erutusgeel-maasika-ja-piparmundi\/","name":"Flirty Kiss S\u00f6\u00f6dav Erutusgeel - Maasika ja Piparm\u00fcndi | Lust and Love","isPartOf":{"@id":"https:\/\/lustandlove.eu\/et\/#website"},"primaryImageOfPage":{"@id":"https:\/\/lustandlove.eu\/et\/toode\/flirty-kiss-soodav-erutusgeel-maasika-ja-piparmundi\/#primaryimage"},"image":{"@id":"https:\/\/lustandlove.eu\/et\/toode\/flirty-kiss-soodav-erutusgeel-maasika-ja-piparmundi\/#primaryimage"},"thumbnailUrl":"https:\/\/lustandlove.eu\/wp-content\/uploads\/3743_04.jpg","datePublished":"2025-11-13T07:27:45+00:00","dateModified":"2026-04-13T07:26:25+00:00","description":"Need geelid on ideaalsed kasutamiseks koos partneriga. Tundete plahvatus unustamatuteks suudlusteks ja suuseksiks.","breadcrumb":{"@id":"https:\/\/lustandlove.eu\/et\/toode\/flirty-kiss-soodav-erutusgeel-maasika-ja-piparmundi\/#breadcrumb"},"inLanguage":"et","potentialAction":[{"@type":"ReadAction","target":["https:\/\/lustandlove.eu\/et\/toode\/flirty-kiss-soodav-erutusgeel-maasika-ja-piparmundi\/"]}]},{"@type":"ImageObject","inLanguage":"et","@id":"https:\/\/lustandlove.eu\/et\/toode\/flirty-kiss-soodav-erutusgeel-maasika-ja-piparmundi\/#primaryimage","url":"https:\/\/lustandlove.eu\/wp-content\/uploads\/3743_04.jpg","contentUrl":"https:\/\/lustandlove.eu\/wp-content\/uploads\/3743_04.jpg","width":1080,"height":1080},{"@type":"BreadcrumbList","@id":"https:\/\/lustandlove.eu\/et\/toode\/flirty-kiss-soodav-erutusgeel-maasika-ja-piparmundi\/#breadcrumb","itemListElement":[{"@type":"ListItem","position":1,"name":"Lust and Love","item":"https:\/\/lustandlove.eu\/et\/"},{"@type":"ListItem","position":2,"name":"Pood","item":"https:\/\/lustandlove.eu\/et\/pood\/"},{"@type":"ListItem","position":3,"name":"Libestid ja kehahooldus","item":"https:\/\/lustandlove.eu\/et\/pood\/apteek\/"},{"@type":"ListItem","position":4,"name":"Erutavad Geelid","item":"https:\/\/lustandlove.eu\/et\/pood\/apteek\/erutavad-geelid\/"},{"@type":"ListItem","position":5,"name":"Flirty Kiss S\u00f6\u00f6dav Erutusgeel &#8211; Maasika ja Piparm\u00fcndi"}]},{"@type":"WebSite","@id":"https:\/\/lustandlove.eu\/et\/#website","url":"https:\/\/lustandlove.eu\/et\/","name":"Lust & Love","description":"Online erootikapood tervise, ilu ja armastuse jaoks","publisher":{"@id":"https:\/\/lustandlove.eu\/et\/#organization"},"potentialAction":[{"@type":"SearchAction","target":{"@type":"EntryPoint","urlTemplate":"https:\/\/lustandlove.eu\/et\/?s={search_term_string}"},"query-input":{"@type":"PropertyValueSpecification","valueRequired":true,"valueName":"search_term_string"}}],"inLanguage":"et"},{"@type":"Organization","@id":"https:\/\/lustandlove.eu\/et\/#organization","name":"Bioconcept Baltics O\u00dc","url":"https:\/\/lustandlove.eu\/et\/","logo":{"@type":"ImageObject","inLanguage":"et","@id":"https:\/\/lustandlove.eu\/et\/#\/schema\/logo\/image\/","url":"https:\/\/lustandlove.eu\/wp-content\/uploads\/logo-full-2.png","contentUrl":"https:\/\/lustandlove.eu\/wp-content\/uploads\/logo-full-2.png","width":837,"height":200,"caption":"Bioconcept Baltics O\u00dc"},"image":{"@id":"https:\/\/lustandlove.eu\/et\/#\/schema\/logo\/image\/"},"sameAs":["https:\/\/www.facebook.com\/LustandLoveEU\/","https:\/\/www.instagram.com\/lustandloveeu\/"]}]}},"_links":{"self":[{"href":"https:\/\/lustandlove.eu\/et\/wp-json\/wp\/v2\/product\/94660","targetHints":{"allow":["GET"]}}],"collection":[{"href":"https:\/\/lustandlove.eu\/et\/wp-json\/wp\/v2\/product"}],"about":[{"href":"https:\/\/lustandlove.eu\/et\/wp-json\/wp\/v2\/types\/product"}],"wp:featuredmedia":[{"embeddable":true,"href":"https:\/\/lustandlove.eu\/et\/wp-json\/wp\/v2\/media\/94666"}],"wp:attachment":[{"href":"https:\/\/lustandlove.eu\/et\/wp-json\/wp\/v2\/media?parent=94660"}],"wp:term":[{"taxonomy":"product_brand","embeddable":true,"href":"https:\/\/lustandlove.eu\/et\/wp-json\/wp\/v2\/product_brand?post=94660"},{"taxonomy":"product_cat","embeddable":true,"href":"https:\/\/lustandlove.eu\/et\/wp-json\/wp\/v2\/product_cat?post=94660"},{"taxonomy":"product_tag","embeddable":true,"href":"https:\/\/lustandlove.eu\/et\/wp-json\/wp\/v2\/product_tag?post=94660"}],"curies":[{"name":"wp","href":"https:\/\/api.w.org\/{rel}","templated":true}]}}