{"id":94686,"date":"2025-11-14T09:20:51","date_gmt":"2025-11-14T07:20:51","guid":{"rendered":"https:\/\/lustandlove.eu\/?post_type=product&#038;p=94686"},"modified":"2026-04-13T10:26:25","modified_gmt":"2026-04-13T07:26:25","slug":"trainy-anaaltappide-komplekt","status":"publish","type":"product","link":"https:\/\/lustandlove.eu\/et\/toode\/trainy-anaaltappide-komplekt\/","title":{"rendered":"Trainy Anaaltappide komplekt"},"content":{"rendered":"<p>See anaaltappide komplekt on loodud ohutuks ja mugavaks anaal-maailma avastamiseks. Anaaltappe saab kasutada mitmel suurep\u00e4rasel viisil. \u00dcks populaarsemaid viise on neid kanda penetratiivse seksi ajal, et tunneksid, kuidas anaaltapp surub ja stimuleerib p\u00e4raku piirkonda. P\u00e4raku nahk on \u00f5hem, mist\u00f5ttu v\u00f5ib see puudutustele eriti tundlik olla. Teine v\u00f5imalus on neid kanda igap\u00e4evaseid tegevusi tehes, justkui sinu enda ulakas saladus. Alguses v\u00f5id need sisse j\u00e4tta l\u00fchikesteks tegevusteks, ning tasapidi kandmisaega aina pikendada. Kui hilisemad plaanid h\u00f5lmavad ka anaalseksi, on anaaltapi kandmine hea viis ennast selleks ette valmistada.<\/p>\n<p>T\u00e4nu oma teravale kujule saab Trainyt kasutada aeglaseks laiendamiseks, surudes ja stimuleerides samal ajal p\u00e4raku paljusid n\u00e4rvil\u00f5pmeid. K\u00f5ik kolm tappi on varustatud nutikalt disainitud v\u00e4ljat\u00f5mbe-k\u00e4epidemega, mis tagab turvalisema kasutamise.<\/p>\n<p>Trainy on valmistatud pehmest silikoonist, mis on imeliselt pehme, paindlik ja lausa libiseb ise sisse. Kasuta anaaltappidega m\u00e4ngides alati vee baasil libestit. Eriti sobivad anaalm\u00e4ngudeks tihkemad ja kauakestvad libestid, n\u00e4iteks <a href=\"https:\/\/lustandlove.eu\/et\/toode\/sutil-rich\/\">Sutil Rich<\/a>. See orgaaniline vee baasil libesti kestab kaua, pakub pikaajalist niisutust ja on t\u00e4iesti ohutu silikoonist seksleludega.<\/p>\n<p>P\u00e4rast m\u00e4ngimist saab anaaltappe h\u00f5lpsasti puhastada vee ja lelupuhastusvahendi v\u00f5i kerge antibakteriaalse seebiga.<\/p>\n<ul>\n<li>Valmistatud kehale ohutust silikoonist<\/li>\n<li>Lihtne puhastada<\/li>\n<li>Sobib veep\u00f5hise libestiga<\/li>\n<li>Anaaltappide komplekt on hea viis teha tutvust anaalm\u00e4ngude maailmaga<\/li>\n<\/ul>\n<p>M\u00f5\u00f5tmed:<\/p>\n<p>Kogu pikkus: 12,3 cm \/ 9,8 cm \/ 8,3 cm<\/p>\n<p>Sisestuspikkus: 8,3 cm \/ 6,5 cm \/ 5,6 cm<\/p>\n<p>Maksimaalne l\u00e4bim\u00f5\u00f5t: 3,1 cm \/ 2,4 cm \/ 1,9 cm<\/p>\n<p>&nbsp;<\/p>\n","protected":false},"excerpt":{"rendered":"<p>Anaaltappide komplekt algajatele ja kogenud kasutajatele!<\/p>\n<p>See 3-osaline Anaaltappide komplekt on t\u00e4nu 3 erinevale suurusele ideaalne nii algajatele kui ka kogenud kasutajatele. Sisesta see veep\u00f5hise libesti abil ja lase p\u00e4rakul t\u00e4ituda. See tunne v\u00f5ib muuta penetreeriva seksi veelgi nauditavamaks ja tugevdada orgasmi.<\/p>\n","protected":false},"featured_media":94688,"template":"","meta":[],"product_brand":[4229],"product_cat":[1491,1484],"product_tag":[4080,4082,4081],"class_list":{"0":"post-94686","1":"product","2":"type-product","3":"status-publish","4":"has-post-thumbnail","6":"product_brand-peech-et","7":"product_cat-anaallelud","8":"product_cat-sekslelud","9":"product_tag-algaja","10":"product_tag-anaal-tappi-komplekt","11":"product_tag-anaaltappi-komplekt","12":"pa_brand-peech-et","14":"first","15":"instock","16":"taxable","17":"shipping-taxable","18":"purchasable","19":"product-type-simple"},"yoast_head":"<!-- This site is optimized with the Yoast SEO plugin v27.3 - https:\/\/yoast.com\/product\/yoast-seo-wordpress\/ -->\n<title>Trainy Anaaltappide komplekt | Lust and Love<\/title>\n<meta name=\"description\" content=\"See silikoonist valmistatud 3-osaline anaaltappide komplekt on t\u00e4nu 3 erinevale suurusele ideaalne nii algajatele kui ka kogenud kasutajatele.\" \/>\n<meta name=\"robots\" content=\"index,follow,max-snippet:-1,max-image-preview:large,max-video-preview:-1\" \/>\n<link rel=\"canonical\" href=\"https:\/\/lustandlove.eu\/et\/toode\/trainy-anaaltappide-komplekt\/\" \/>\n<meta name=\"twitter:card\" content=\"summary_large_image\" \/>\n<meta name=\"twitter:title\" content=\"Trainy Anaaltappide komplekt | Lust and Love\" \/>\n<meta name=\"twitter:description\" content=\"See silikoonist valmistatud 3-osaline anaaltappide komplekt on t\u00e4nu 3 erinevale suurusele ideaalne nii algajatele kui ka kogenud kasutajatele.\" \/>\n<meta name=\"twitter:image\" content=\"https:\/\/lustandlove.eu\/wp-content\/uploads\/peech-butt-plug-petroleum-trainy-buttplug-saet-1166675478.png\" \/>\n<meta name=\"twitter:label1\" content=\"Est. reading time\" \/>\n\t<meta name=\"twitter:data1\" content=\"1 minut\" \/>\n<script type=\"application\/ld+json\" class=\"yoast-schema-graph\">{\"@context\":\"https:\\\/\\\/schema.org\",\"@graph\":[{\"@type\":[\"WebPage\",\"ItemPage\"],\"@id\":\"https:\\\/\\\/lustandlove.eu\\\/et\\\/toode\\\/trainy-anaaltappide-komplekt\\\/\",\"url\":\"https:\\\/\\\/lustandlove.eu\\\/et\\\/toode\\\/trainy-anaaltappide-komplekt\\\/\",\"name\":\"Trainy Anaaltappide komplekt | Lust and Love\",\"isPartOf\":{\"@id\":\"https:\\\/\\\/lustandlove.eu\\\/et\\\/#website\"},\"primaryImageOfPage\":{\"@id\":\"https:\\\/\\\/lustandlove.eu\\\/et\\\/toode\\\/trainy-anaaltappide-komplekt\\\/#primaryimage\"},\"image\":{\"@id\":\"https:\\\/\\\/lustandlove.eu\\\/et\\\/toode\\\/trainy-anaaltappide-komplekt\\\/#primaryimage\"},\"thumbnailUrl\":\"https:\\\/\\\/lustandlove.eu\\\/wp-content\\\/uploads\\\/peech-butt-plug-petroleum-trainy-buttplug-saet-1166675478.png\",\"datePublished\":\"2025-11-14T07:20:51+00:00\",\"dateModified\":\"2026-04-13T07:26:25+00:00\",\"description\":\"See silikoonist valmistatud 3-osaline anaaltappide komplekt on t\u00e4nu 3 erinevale suurusele ideaalne nii algajatele kui ka kogenud kasutajatele.\",\"breadcrumb\":{\"@id\":\"https:\\\/\\\/lustandlove.eu\\\/et\\\/toode\\\/trainy-anaaltappide-komplekt\\\/#breadcrumb\"},\"inLanguage\":\"et\",\"potentialAction\":[{\"@type\":\"ReadAction\",\"target\":[\"https:\\\/\\\/lustandlove.eu\\\/et\\\/toode\\\/trainy-anaaltappide-komplekt\\\/\"]}]},{\"@type\":\"ImageObject\",\"inLanguage\":\"et\",\"@id\":\"https:\\\/\\\/lustandlove.eu\\\/et\\\/toode\\\/trainy-anaaltappide-komplekt\\\/#primaryimage\",\"url\":\"https:\\\/\\\/lustandlove.eu\\\/wp-content\\\/uploads\\\/peech-butt-plug-petroleum-trainy-buttplug-saet-1166675478.png\",\"contentUrl\":\"https:\\\/\\\/lustandlove.eu\\\/wp-content\\\/uploads\\\/peech-butt-plug-petroleum-trainy-buttplug-saet-1166675478.png\",\"width\":713,\"height\":713},{\"@type\":\"BreadcrumbList\",\"@id\":\"https:\\\/\\\/lustandlove.eu\\\/et\\\/toode\\\/trainy-anaaltappide-komplekt\\\/#breadcrumb\",\"itemListElement\":[{\"@type\":\"ListItem\",\"position\":1,\"name\":\"Lust and Love\",\"item\":\"https:\\\/\\\/lustandlove.eu\\\/et\\\/\"},{\"@type\":\"ListItem\",\"position\":2,\"name\":\"Pood\",\"item\":\"https:\\\/\\\/lustandlove.eu\\\/et\\\/pood\\\/\"},{\"@type\":\"ListItem\",\"position\":3,\"name\":\"Sekslelud\",\"item\":\"https:\\\/\\\/lustandlove.eu\\\/et\\\/pood\\\/sekslelud\\\/\"},{\"@type\":\"ListItem\",\"position\":4,\"name\":\"Anaallelud\",\"item\":\"https:\\\/\\\/lustandlove.eu\\\/et\\\/pood\\\/sekslelud\\\/anaallelud\\\/\"},{\"@type\":\"ListItem\",\"position\":5,\"name\":\"Trainy Anaaltappide komplekt\"}]},{\"@type\":\"WebSite\",\"@id\":\"https:\\\/\\\/lustandlove.eu\\\/et\\\/#website\",\"url\":\"https:\\\/\\\/lustandlove.eu\\\/et\\\/\",\"name\":\"Lust &amp; Love\",\"description\":\"Online erootikapood tervise, ilu ja armastuse jaoks\",\"publisher\":{\"@id\":\"https:\\\/\\\/lustandlove.eu\\\/et\\\/#organization\"},\"potentialAction\":[{\"@type\":\"SearchAction\",\"target\":{\"@type\":\"EntryPoint\",\"urlTemplate\":\"https:\\\/\\\/lustandlove.eu\\\/et\\\/?s={search_term_string}\"},\"query-input\":{\"@type\":\"PropertyValueSpecification\",\"valueRequired\":true,\"valueName\":\"search_term_string\"}}],\"inLanguage\":\"et\"},{\"@type\":\"Organization\",\"@id\":\"https:\\\/\\\/lustandlove.eu\\\/et\\\/#organization\",\"name\":\"Bioconcept Baltics O\u00dc\",\"url\":\"https:\\\/\\\/lustandlove.eu\\\/et\\\/\",\"logo\":{\"@type\":\"ImageObject\",\"inLanguage\":\"et\",\"@id\":\"https:\\\/\\\/lustandlove.eu\\\/et\\\/#\\\/schema\\\/logo\\\/image\\\/\",\"url\":\"\",\"contentUrl\":\"\",\"caption\":\"Bioconcept Baltics O\u00dc\"},\"image\":{\"@id\":\"https:\\\/\\\/lustandlove.eu\\\/et\\\/#\\\/schema\\\/logo\\\/image\\\/\"},\"sameAs\":[\"https:\\\/\\\/www.facebook.com\\\/LustandLoveEU\\\/\",\"https:\\\/\\\/www.instagram.com\\\/lustandloveeu\\\/\"]}]}<\/script>\n<!-- \/ Yoast SEO plugin. -->","yoast_head_json":{"title":"Trainy Anaaltappide komplekt | Lust and Love","description":"See silikoonist valmistatud 3-osaline anaaltappide komplekt on t\u00e4nu 3 erinevale suurusele ideaalne nii algajatele kui ka kogenud kasutajatele.","robots":{"index,follow,max-snippet":"index,follow,max-snippet:-1,max-image-preview:large,max-video-preview:-1"},"canonical":"https:\/\/lustandlove.eu\/et\/toode\/trainy-anaaltappide-komplekt\/","twitter_card":"summary_large_image","twitter_title":"Trainy Anaaltappide komplekt | Lust and Love","twitter_description":"See silikoonist valmistatud 3-osaline anaaltappide komplekt on t\u00e4nu 3 erinevale suurusele ideaalne nii algajatele kui ka kogenud kasutajatele.","twitter_image":"https:\/\/lustandlove.eu\/wp-content\/uploads\/peech-butt-plug-petroleum-trainy-buttplug-saet-1166675478.png","twitter_misc":{"Est. reading time":"1 minut"},"schema":{"@context":"https:\/\/schema.org","@graph":[{"@type":["WebPage","ItemPage"],"@id":"https:\/\/lustandlove.eu\/et\/toode\/trainy-anaaltappide-komplekt\/","url":"https:\/\/lustandlove.eu\/et\/toode\/trainy-anaaltappide-komplekt\/","name":"Trainy Anaaltappide komplekt | Lust and Love","isPartOf":{"@id":"https:\/\/lustandlove.eu\/et\/#website"},"primaryImageOfPage":{"@id":"https:\/\/lustandlove.eu\/et\/toode\/trainy-anaaltappide-komplekt\/#primaryimage"},"image":{"@id":"https:\/\/lustandlove.eu\/et\/toode\/trainy-anaaltappide-komplekt\/#primaryimage"},"thumbnailUrl":"https:\/\/lustandlove.eu\/wp-content\/uploads\/peech-butt-plug-petroleum-trainy-buttplug-saet-1166675478.png","datePublished":"2025-11-14T07:20:51+00:00","dateModified":"2026-04-13T07:26:25+00:00","description":"See silikoonist valmistatud 3-osaline anaaltappide komplekt on t\u00e4nu 3 erinevale suurusele ideaalne nii algajatele kui ka kogenud kasutajatele.","breadcrumb":{"@id":"https:\/\/lustandlove.eu\/et\/toode\/trainy-anaaltappide-komplekt\/#breadcrumb"},"inLanguage":"et","potentialAction":[{"@type":"ReadAction","target":["https:\/\/lustandlove.eu\/et\/toode\/trainy-anaaltappide-komplekt\/"]}]},{"@type":"ImageObject","inLanguage":"et","@id":"https:\/\/lustandlove.eu\/et\/toode\/trainy-anaaltappide-komplekt\/#primaryimage","url":"https:\/\/lustandlove.eu\/wp-content\/uploads\/peech-butt-plug-petroleum-trainy-buttplug-saet-1166675478.png","contentUrl":"https:\/\/lustandlove.eu\/wp-content\/uploads\/peech-butt-plug-petroleum-trainy-buttplug-saet-1166675478.png","width":713,"height":713},{"@type":"BreadcrumbList","@id":"https:\/\/lustandlove.eu\/et\/toode\/trainy-anaaltappide-komplekt\/#breadcrumb","itemListElement":[{"@type":"ListItem","position":1,"name":"Lust and Love","item":"https:\/\/lustandlove.eu\/et\/"},{"@type":"ListItem","position":2,"name":"Pood","item":"https:\/\/lustandlove.eu\/et\/pood\/"},{"@type":"ListItem","position":3,"name":"Sekslelud","item":"https:\/\/lustandlove.eu\/et\/pood\/sekslelud\/"},{"@type":"ListItem","position":4,"name":"Anaallelud","item":"https:\/\/lustandlove.eu\/et\/pood\/sekslelud\/anaallelud\/"},{"@type":"ListItem","position":5,"name":"Trainy Anaaltappide komplekt"}]},{"@type":"WebSite","@id":"https:\/\/lustandlove.eu\/et\/#website","url":"https:\/\/lustandlove.eu\/et\/","name":"Lust &amp; Love","description":"Online erootikapood tervise, ilu ja armastuse jaoks","publisher":{"@id":"https:\/\/lustandlove.eu\/et\/#organization"},"potentialAction":[{"@type":"SearchAction","target":{"@type":"EntryPoint","urlTemplate":"https:\/\/lustandlove.eu\/et\/?s={search_term_string}"},"query-input":{"@type":"PropertyValueSpecification","valueRequired":true,"valueName":"search_term_string"}}],"inLanguage":"et"},{"@type":"Organization","@id":"https:\/\/lustandlove.eu\/et\/#organization","name":"Bioconcept Baltics O\u00dc","url":"https:\/\/lustandlove.eu\/et\/","logo":{"@type":"ImageObject","inLanguage":"et","@id":"https:\/\/lustandlove.eu\/et\/#\/schema\/logo\/image\/","url":"","contentUrl":"","caption":"Bioconcept Baltics O\u00dc"},"image":{"@id":"https:\/\/lustandlove.eu\/et\/#\/schema\/logo\/image\/"},"sameAs":["https:\/\/www.facebook.com\/LustandLoveEU\/","https:\/\/www.instagram.com\/lustandloveeu\/"]}]}},"_links":{"self":[{"href":"https:\/\/lustandlove.eu\/et\/wp-json\/wp\/v2\/product\/94686","targetHints":{"allow":["GET"]}}],"collection":[{"href":"https:\/\/lustandlove.eu\/et\/wp-json\/wp\/v2\/product"}],"about":[{"href":"https:\/\/lustandlove.eu\/et\/wp-json\/wp\/v2\/types\/product"}],"wp:featuredmedia":[{"embeddable":true,"href":"https:\/\/lustandlove.eu\/et\/wp-json\/wp\/v2\/media\/94688"}],"wp:attachment":[{"href":"https:\/\/lustandlove.eu\/et\/wp-json\/wp\/v2\/media?parent=94686"}],"wp:term":[{"taxonomy":"product_brand","embeddable":true,"href":"https:\/\/lustandlove.eu\/et\/wp-json\/wp\/v2\/product_brand?post=94686"},{"taxonomy":"product_cat","embeddable":true,"href":"https:\/\/lustandlove.eu\/et\/wp-json\/wp\/v2\/product_cat?post=94686"},{"taxonomy":"product_tag","embeddable":true,"href":"https:\/\/lustandlove.eu\/et\/wp-json\/wp\/v2\/product_tag?post=94686"}],"curies":[{"name":"wp","href":"https:\/\/api.w.org\/{rel}","templated":true}]}}