{"id":94734,"date":"2025-11-18T14:16:52","date_gmt":"2025-11-18T12:16:52","guid":{"rendered":"https:\/\/lustandlove.eu\/?post_type=product&#038;p=94734"},"modified":"2026-04-13T10:26:24","modified_gmt":"2026-04-13T07:26:24","slug":"brain-hacked-dx-aju-kujuline-masturbaator","status":"publish","type":"product","link":"https:\/\/lustandlove.eu\/et\/toode\/brain-hacked-dx-aju-kujuline-masturbaator\/","title":{"rendered":"Brain Hacked DX Aju kujuline Masturbaator"},"content":{"rendered":"<p>Ta on Maa olend, kelle ripsmetes on t\u00e4htede tolmu ja kelle peas keerlevad r\u00e4pased m\u00f5tted. Ta istub kuuvalguses ristis jalgadega, nagu oleks ta s\u00fcndinud aja painutamiseks. Viimasel ajal on ta mediteerinud oma sensuaalse t\u0161akra \u00fcle, k\u00e4ed \u00fclespoole, silmad suletud, rinnad paljastatud ja s\u00fcda h\u00e4\u00e4lestatud sagedustele, mida ainult universum kuuleb, p\u00fc\u00fcdes libiseda m\u00f6\u00f6da selle dimensiooni loori ja suunduda midagi veelgi eeterlikumasse ja sensuaalsemasse.<\/p>\n<p>Ta \u00fctleb, et tunneb seda peaaegu juba: s\u00e4ra oma meele serval, t\u00f5mme kuskilt ilusast ja kummalisest kohast, mis tekitab tal niiske tunde jalgevahel. V\u00f5ib-olla on see viiruk, v\u00f5ib-olla on see kuufaas, v\u00f5i v\u00f5ib-olla on ta tegelikult midagi avastanud, s\u00e4rades iga \u00f6\u00f6ga veidi rohkem, nagu oleks ta poolel teel siit orgasmilise reisi \u00e4\u00e4rele.<\/p>\n<p>M\u00f5istus v\u00f5idab aine: loe tema m\u00f5tteid ja kontrolli tema meelt<br \/>\n\u00dchel \u00f6\u00f6l, kui ta istus kuuvalguses, lauldes taevaseid sagedusi t\u00fchjusesse, juhtus midagi ootamatut: sina. Sinu energia s\u00e4rab l\u00e4bi kosmoses nagu signaal, mida ta ei tahtnud kinni p\u00fc\u00fcda, kuid millele ta ei suutnud vastu panna. Pilguheitega s\u00fcttib tema kolmas silm ja tema hingamine s\u00fcveneb, ta silmad avanevad ja seal oled sina: mitte tema ees, vaid tema teadvuses, elektriline ja eitamatu.<\/p>\n<p>Mine ajureisile seitsme unikaalse naudingupunktiga<\/p>\n<p>Spetsifikatsioonid:<\/p>\n<p>Kaal: 1200 g<br \/>\nMaterjal: TPE<br \/>\nPikkus: 18 cm<br \/>\nLaius: 14 cm<br \/>\nK\u00f5rgus: 10 cm<br \/>\nTagant ette \u00fcmberm\u00f5\u00f5t: 52 cm<br \/>\n\u00dclevalt alla \u00fcmberm\u00f5\u00f5t: 40 cm<br \/>\nTunnel: 18 cm<\/p>\n","protected":false},"excerpt":{"rendered":"<p><strong>Pehme materjal viib sind teise dimensiooni<\/strong><br \/>\nBrain Hacker DX \u00fcletab f\u00fc\u00fcsilise maailma piirid ja kutsub sind valitsema seda kosmilist armsakest seestpoolt, kontrollides tema meelt ja keha. Valmista end ette sensatsiooniliseks, taktiliseks reisiks, mis j\u00e4tab sulle tunde, nagu oleksid puudutanud tema kolmandat silma ja suudaksid lugeda k\u00f5iki tema soove, jagades samal ajal omaenda erootilisi m\u00f5tteid.<\/p>\n","protected":false},"featured_media":94760,"template":"","meta":[],"product_brand":[4142],"product_cat":[3525,4005,1477],"product_tag":[],"class_list":{"0":"post-94734","1":"product","2":"type-product","3":"status-publish","4":"has-post-thumbnail","6":"product_brand-motsutoys-et","7":"product_cat-hentai","8":"product_cat-masturbaatorid-et","9":"product_cat-meestele","10":"pa_brand-motsutoys-et","12":"first","13":"instock","14":"taxable","15":"shipping-taxable","16":"purchasable","17":"product-type-simple"},"yoast_head":"<!-- This site is optimized with the Yoast SEO plugin v27.4 - https:\/\/yoast.com\/product\/yoast-seo-wordpress\/ -->\n<title>Brain Hacked DX Aju kujuline Masturbaator Brain Onahole | Lust and Love<\/title>\n<meta name=\"description\" content=\"Brain Hacker DX on aju kujuline onahole, mis \u00fcletab f\u00fc\u00fcsilise maailma piirid ja kutsub sind domineerima seda kosmilist armsakest seestpoolt.\" \/>\n<meta name=\"robots\" content=\"index,follow,max-snippet:-1,max-image-preview:large,max-video-preview:-1\" \/>\n<link rel=\"canonical\" href=\"https:\/\/lustandlove.eu\/et\/toode\/brain-hacked-dx-aju-kujuline-masturbaator\/\" \/>\n<script type=\"application\/ld+json\" class=\"yoast-schema-graph\">{\"@context\":\"https:\\\/\\\/schema.org\",\"@graph\":[{\"@type\":[\"WebPage\",\"ItemPage\"],\"@id\":\"https:\\\/\\\/lustandlove.eu\\\/et\\\/toode\\\/brain-hacked-dx-aju-kujuline-masturbaator\\\/\",\"url\":\"https:\\\/\\\/lustandlove.eu\\\/et\\\/toode\\\/brain-hacked-dx-aju-kujuline-masturbaator\\\/\",\"name\":\"Brain Hacked DX Aju kujuline Masturbaator Brain Onahole | Lust and Love\",\"isPartOf\":{\"@id\":\"https:\\\/\\\/lustandlove.eu\\\/et\\\/#website\"},\"primaryImageOfPage\":{\"@id\":\"https:\\\/\\\/lustandlove.eu\\\/et\\\/toode\\\/brain-hacked-dx-aju-kujuline-masturbaator\\\/#primaryimage\"},\"image\":{\"@id\":\"https:\\\/\\\/lustandlove.eu\\\/et\\\/toode\\\/brain-hacked-dx-aju-kujuline-masturbaator\\\/#primaryimage\"},\"thumbnailUrl\":\"https:\\\/\\\/lustandlove.eu\\\/wp-content\\\/uploads\\\/1_brain_hacker.jpg.jpeg\",\"datePublished\":\"2025-11-18T12:16:52+00:00\",\"dateModified\":\"2026-04-13T07:26:24+00:00\",\"description\":\"Brain Hacker DX on aju kujuline onahole, mis \u00fcletab f\u00fc\u00fcsilise maailma piirid ja kutsub sind domineerima seda kosmilist armsakest seestpoolt.\",\"breadcrumb\":{\"@id\":\"https:\\\/\\\/lustandlove.eu\\\/et\\\/toode\\\/brain-hacked-dx-aju-kujuline-masturbaator\\\/#breadcrumb\"},\"inLanguage\":\"et\",\"potentialAction\":[{\"@type\":\"ReadAction\",\"target\":[\"https:\\\/\\\/lustandlove.eu\\\/et\\\/toode\\\/brain-hacked-dx-aju-kujuline-masturbaator\\\/\"]}]},{\"@type\":\"ImageObject\",\"inLanguage\":\"et\",\"@id\":\"https:\\\/\\\/lustandlove.eu\\\/et\\\/toode\\\/brain-hacked-dx-aju-kujuline-masturbaator\\\/#primaryimage\",\"url\":\"https:\\\/\\\/lustandlove.eu\\\/wp-content\\\/uploads\\\/1_brain_hacker.jpg.jpeg\",\"contentUrl\":\"https:\\\/\\\/lustandlove.eu\\\/wp-content\\\/uploads\\\/1_brain_hacker.jpg.jpeg\",\"width\":1400,\"height\":1400},{\"@type\":\"BreadcrumbList\",\"@id\":\"https:\\\/\\\/lustandlove.eu\\\/et\\\/toode\\\/brain-hacked-dx-aju-kujuline-masturbaator\\\/#breadcrumb\",\"itemListElement\":[{\"@type\":\"ListItem\",\"position\":1,\"name\":\"Lust and Love\",\"item\":\"https:\\\/\\\/lustandlove.eu\\\/et\\\/\"},{\"@type\":\"ListItem\",\"position\":2,\"name\":\"Pood\",\"item\":\"https:\\\/\\\/lustandlove.eu\\\/et\\\/pood\\\/\"},{\"@type\":\"ListItem\",\"position\":3,\"name\":\"Meestele\",\"item\":\"https:\\\/\\\/lustandlove.eu\\\/et\\\/pood\\\/meestele\\\/\"},{\"@type\":\"ListItem\",\"position\":4,\"name\":\"Hentai\",\"item\":\"https:\\\/\\\/lustandlove.eu\\\/et\\\/pood\\\/meestele\\\/hentai\\\/\"},{\"@type\":\"ListItem\",\"position\":5,\"name\":\"Masturbaatorid\",\"item\":\"https:\\\/\\\/lustandlove.eu\\\/et\\\/pood\\\/meestele\\\/hentai\\\/masturbaatorid-et\\\/\"},{\"@type\":\"ListItem\",\"position\":6,\"name\":\"Brain Hacked DX Aju kujuline Masturbaator\"}]},{\"@type\":\"WebSite\",\"@id\":\"https:\\\/\\\/lustandlove.eu\\\/et\\\/#website\",\"url\":\"https:\\\/\\\/lustandlove.eu\\\/et\\\/\",\"name\":\"Lust & Love\",\"description\":\"Online erootikapood tervise, ilu ja armastuse jaoks\",\"publisher\":{\"@id\":\"https:\\\/\\\/lustandlove.eu\\\/et\\\/#organization\"},\"potentialAction\":[{\"@type\":\"SearchAction\",\"target\":{\"@type\":\"EntryPoint\",\"urlTemplate\":\"https:\\\/\\\/lustandlove.eu\\\/et\\\/?s={search_term_string}\"},\"query-input\":{\"@type\":\"PropertyValueSpecification\",\"valueRequired\":true,\"valueName\":\"search_term_string\"}}],\"inLanguage\":\"et\"},{\"@type\":\"Organization\",\"@id\":\"https:\\\/\\\/lustandlove.eu\\\/et\\\/#organization\",\"name\":\"Bioconcept Baltics O\u00dc\",\"url\":\"https:\\\/\\\/lustandlove.eu\\\/et\\\/\",\"logo\":{\"@type\":\"ImageObject\",\"inLanguage\":\"et\",\"@id\":\"https:\\\/\\\/lustandlove.eu\\\/et\\\/#\\\/schema\\\/logo\\\/image\\\/\",\"url\":\"https:\\\/\\\/lustandlove.eu\\\/wp-content\\\/uploads\\\/logo-full-2.png\",\"contentUrl\":\"https:\\\/\\\/lustandlove.eu\\\/wp-content\\\/uploads\\\/logo-full-2.png\",\"width\":837,\"height\":200,\"caption\":\"Bioconcept Baltics O\u00dc\"},\"image\":{\"@id\":\"https:\\\/\\\/lustandlove.eu\\\/et\\\/#\\\/schema\\\/logo\\\/image\\\/\"},\"sameAs\":[\"https:\\\/\\\/www.facebook.com\\\/LustandLoveEU\\\/\",\"https:\\\/\\\/www.instagram.com\\\/lustandloveeu\\\/\"]}]}<\/script>\n<!-- \/ Yoast SEO plugin. -->","yoast_head_json":{"title":"Brain Hacked DX Aju kujuline Masturbaator Brain Onahole | Lust and Love","description":"Brain Hacker DX on aju kujuline onahole, mis \u00fcletab f\u00fc\u00fcsilise maailma piirid ja kutsub sind domineerima seda kosmilist armsakest seestpoolt.","robots":{"index,follow,max-snippet":"index,follow,max-snippet:-1,max-image-preview:large,max-video-preview:-1"},"canonical":"https:\/\/lustandlove.eu\/et\/toode\/brain-hacked-dx-aju-kujuline-masturbaator\/","schema":{"@context":"https:\/\/schema.org","@graph":[{"@type":["WebPage","ItemPage"],"@id":"https:\/\/lustandlove.eu\/et\/toode\/brain-hacked-dx-aju-kujuline-masturbaator\/","url":"https:\/\/lustandlove.eu\/et\/toode\/brain-hacked-dx-aju-kujuline-masturbaator\/","name":"Brain Hacked DX Aju kujuline Masturbaator Brain Onahole | Lust and Love","isPartOf":{"@id":"https:\/\/lustandlove.eu\/et\/#website"},"primaryImageOfPage":{"@id":"https:\/\/lustandlove.eu\/et\/toode\/brain-hacked-dx-aju-kujuline-masturbaator\/#primaryimage"},"image":{"@id":"https:\/\/lustandlove.eu\/et\/toode\/brain-hacked-dx-aju-kujuline-masturbaator\/#primaryimage"},"thumbnailUrl":"https:\/\/lustandlove.eu\/wp-content\/uploads\/1_brain_hacker.jpg.jpeg","datePublished":"2025-11-18T12:16:52+00:00","dateModified":"2026-04-13T07:26:24+00:00","description":"Brain Hacker DX on aju kujuline onahole, mis \u00fcletab f\u00fc\u00fcsilise maailma piirid ja kutsub sind domineerima seda kosmilist armsakest seestpoolt.","breadcrumb":{"@id":"https:\/\/lustandlove.eu\/et\/toode\/brain-hacked-dx-aju-kujuline-masturbaator\/#breadcrumb"},"inLanguage":"et","potentialAction":[{"@type":"ReadAction","target":["https:\/\/lustandlove.eu\/et\/toode\/brain-hacked-dx-aju-kujuline-masturbaator\/"]}]},{"@type":"ImageObject","inLanguage":"et","@id":"https:\/\/lustandlove.eu\/et\/toode\/brain-hacked-dx-aju-kujuline-masturbaator\/#primaryimage","url":"https:\/\/lustandlove.eu\/wp-content\/uploads\/1_brain_hacker.jpg.jpeg","contentUrl":"https:\/\/lustandlove.eu\/wp-content\/uploads\/1_brain_hacker.jpg.jpeg","width":1400,"height":1400},{"@type":"BreadcrumbList","@id":"https:\/\/lustandlove.eu\/et\/toode\/brain-hacked-dx-aju-kujuline-masturbaator\/#breadcrumb","itemListElement":[{"@type":"ListItem","position":1,"name":"Lust and Love","item":"https:\/\/lustandlove.eu\/et\/"},{"@type":"ListItem","position":2,"name":"Pood","item":"https:\/\/lustandlove.eu\/et\/pood\/"},{"@type":"ListItem","position":3,"name":"Meestele","item":"https:\/\/lustandlove.eu\/et\/pood\/meestele\/"},{"@type":"ListItem","position":4,"name":"Hentai","item":"https:\/\/lustandlove.eu\/et\/pood\/meestele\/hentai\/"},{"@type":"ListItem","position":5,"name":"Masturbaatorid","item":"https:\/\/lustandlove.eu\/et\/pood\/meestele\/hentai\/masturbaatorid-et\/"},{"@type":"ListItem","position":6,"name":"Brain Hacked DX Aju kujuline Masturbaator"}]},{"@type":"WebSite","@id":"https:\/\/lustandlove.eu\/et\/#website","url":"https:\/\/lustandlove.eu\/et\/","name":"Lust & Love","description":"Online erootikapood tervise, ilu ja armastuse jaoks","publisher":{"@id":"https:\/\/lustandlove.eu\/et\/#organization"},"potentialAction":[{"@type":"SearchAction","target":{"@type":"EntryPoint","urlTemplate":"https:\/\/lustandlove.eu\/et\/?s={search_term_string}"},"query-input":{"@type":"PropertyValueSpecification","valueRequired":true,"valueName":"search_term_string"}}],"inLanguage":"et"},{"@type":"Organization","@id":"https:\/\/lustandlove.eu\/et\/#organization","name":"Bioconcept Baltics O\u00dc","url":"https:\/\/lustandlove.eu\/et\/","logo":{"@type":"ImageObject","inLanguage":"et","@id":"https:\/\/lustandlove.eu\/et\/#\/schema\/logo\/image\/","url":"https:\/\/lustandlove.eu\/wp-content\/uploads\/logo-full-2.png","contentUrl":"https:\/\/lustandlove.eu\/wp-content\/uploads\/logo-full-2.png","width":837,"height":200,"caption":"Bioconcept Baltics O\u00dc"},"image":{"@id":"https:\/\/lustandlove.eu\/et\/#\/schema\/logo\/image\/"},"sameAs":["https:\/\/www.facebook.com\/LustandLoveEU\/","https:\/\/www.instagram.com\/lustandloveeu\/"]}]}},"_links":{"self":[{"href":"https:\/\/lustandlove.eu\/et\/wp-json\/wp\/v2\/product\/94734","targetHints":{"allow":["GET"]}}],"collection":[{"href":"https:\/\/lustandlove.eu\/et\/wp-json\/wp\/v2\/product"}],"about":[{"href":"https:\/\/lustandlove.eu\/et\/wp-json\/wp\/v2\/types\/product"}],"wp:featuredmedia":[{"embeddable":true,"href":"https:\/\/lustandlove.eu\/et\/wp-json\/wp\/v2\/media\/94760"}],"wp:attachment":[{"href":"https:\/\/lustandlove.eu\/et\/wp-json\/wp\/v2\/media?parent=94734"}],"wp:term":[{"taxonomy":"product_brand","embeddable":true,"href":"https:\/\/lustandlove.eu\/et\/wp-json\/wp\/v2\/product_brand?post=94734"},{"taxonomy":"product_cat","embeddable":true,"href":"https:\/\/lustandlove.eu\/et\/wp-json\/wp\/v2\/product_cat?post=94734"},{"taxonomy":"product_tag","embeddable":true,"href":"https:\/\/lustandlove.eu\/et\/wp-json\/wp\/v2\/product_tag?post=94734"}],"curies":[{"name":"wp","href":"https:\/\/api.w.org\/{rel}","templated":true}]}}