{"id":94770,"date":"2025-11-18T14:29:18","date_gmt":"2025-11-18T12:29:18","guid":{"rendered":"https:\/\/lustandlove.eu\/?post_type=product&#038;p=94770"},"modified":"2026-04-13T10:26:24","modified_gmt":"2026-04-13T07:26:24","slug":"mikrofiiber-kuivatuspulgad","status":"publish","type":"product","link":"https:\/\/lustandlove.eu\/et\/toode\/mikrofiiber-kuivatuspulgad\/","title":{"rendered":"Mikrofiiber Kuivatuspulgad"},"content":{"rendered":"<p>Aukudega m\u00e4nguasjade puhastamine on lihtne t\u00e4nu nendele pikkadele, spetsiaalselt selleks otstarbeks loodud mikrokiust kuivatamispulkadele. Need tungivad isegi s\u00fcgavaimatesse tunnelisse, et neid oleks lihtne kuivatada.<\/p>\n<p>\u00c4ra lase haiseval onahole&#8217;il oma sooloseansse rikkuda! Hoia oma m\u00e4nguasi tipp-topp korras j\u00e4rgmiste lihtsate sammude abil:<\/p>\n<p>\u2b9e P\u00e4rast onahole&#8217;i pesemist ja loputamist sisesta kuivatamispulk ettevaatlikult l\u00f5puni.<\/p>\n<p>\u2b9e Suru ja masseeri oma m\u00e4nguasja pulga \u00fcmber, veendumaks, et k\u00f5ik nurgad ja praod on kuivad. See tagab, et k\u00f5ik materjali osad puutuvad kokku imava riidega.<\/p>\n<p>\u2b9e Kui su onahole&#8217;il on suur v\u00f5i tekstuuriga tunnel, v\u00f5id kasutada teist pulka. Igas pakendis on kaheksa korduvkasutatavat mikrokiust kuivatuspulka.<\/p>\n<p>\u2b9e XTC-Japan kuivatuspuud on korduvkasutatavad, nii et v\u00f5id neid kasutada nii palju kordi, kui soovid. Eemalda mikrokiust kate puidust pulgalt, pese see hoolikalt ja see on valmis teiseks vooruks.<\/p>\n<p>J\u00e4rgides neid samme, saad tagada, et su onahole j\u00e4\u00e4b puhas ja kuivaks, mis aitab pikendada selle eluiga.<\/p>\n<p>Profi n\u00f5uanne: enne kui hakkate oma onahole&#8217;i uue kuivatuspulkadega kuivatama, raputage mikrofiiberkangast kiiresti ja eemaldage k\u00e4tega k\u00f5ik t\u00fc\u00fctud kangaj\u00e4\u00e4gid, mis v\u00f5ivad olla j\u00e4\u00e4nud tootmisprotsessist.<\/p>\n","protected":false},"excerpt":{"rendered":"<p>Hoidke oma seksim\u00e4nguasjad puhtad ja hallitusvabad mikrokiust kuivatuspulkadega! Puhastamine v\u00f5ib olla t\u00fc\u00fctu, kuid need pulgad muudavad taskutusside, onahole&#8217;ide v\u00f5i Fleshlightide kuivatamise lihtsaks ja kiireks. Hoolitsedes oma m\u00e4nguasjade eest hoolikalt, tagate, et need on alati valmis j\u00e4rgmiseks kasutamiseks \u2013 seega hankige endale juba t\u00e4na!<\/p>\n","protected":false},"featured_media":94774,"template":"","meta":[],"product_brand":[4142],"product_cat":[3525,1486,4004,1477,1484],"product_tag":[],"class_list":{"0":"post-94770","1":"product","2":"type-product","3":"status-publish","4":"has-post-thumbnail","6":"product_brand-motsutoys-et","7":"product_cat-hentai","8":"product_cat-lelude-aksessuaarid","9":"product_cat-lisad-ja-hooldus","10":"product_cat-meestele","11":"product_cat-sekslelud","12":"pa_brand-motsutoys-et","14":"first","15":"instock","16":"taxable","17":"shipping-taxable","18":"purchasable","19":"product-type-simple"},"yoast_head":"<!-- This site is optimized with the Yoast SEO plugin v27.4 - https:\/\/yoast.com\/product\/yoast-seo-wordpress\/ -->\n<title>Mikrofiiber Kuivatuspulgad | Lust and Love<\/title>\n<meta name=\"description\" content=\"Hoidke oma seksim\u00e4nguasjad puhtad ja hallitusvabad mikrokiust kuivatuspulkadega! Puhastamine v\u00f5ib olla t\u00fc\u00fctu, kuid need pulgad muudavad k\u00f5ikide m\u00e4nguasjade kuivatamise lihtsaks.\" \/>\n<meta name=\"robots\" content=\"index,follow,max-snippet:-1,max-image-preview:large,max-video-preview:-1\" \/>\n<link rel=\"canonical\" href=\"https:\/\/lustandlove.eu\/et\/toode\/mikrofiiber-kuivatuspulgad\/\" \/>\n<script type=\"application\/ld+json\" class=\"yoast-schema-graph\">{\"@context\":\"https:\\\/\\\/schema.org\",\"@graph\":[{\"@type\":[\"WebPage\",\"ItemPage\"],\"@id\":\"https:\\\/\\\/lustandlove.eu\\\/et\\\/toode\\\/mikrofiiber-kuivatuspulgad\\\/\",\"url\":\"https:\\\/\\\/lustandlove.eu\\\/et\\\/toode\\\/mikrofiiber-kuivatuspulgad\\\/\",\"name\":\"Mikrofiiber Kuivatuspulgad | Lust and Love\",\"isPartOf\":{\"@id\":\"https:\\\/\\\/lustandlove.eu\\\/et\\\/#website\"},\"primaryImageOfPage\":{\"@id\":\"https:\\\/\\\/lustandlove.eu\\\/et\\\/toode\\\/mikrofiiber-kuivatuspulgad\\\/#primaryimage\"},\"image\":{\"@id\":\"https:\\\/\\\/lustandlove.eu\\\/et\\\/toode\\\/mikrofiiber-kuivatuspulgad\\\/#primaryimage\"},\"thumbnailUrl\":\"https:\\\/\\\/lustandlove.eu\\\/wp-content\\\/uploads\\\/microfiber-drying-sticks-main.jpg.jpeg\",\"datePublished\":\"2025-11-18T12:29:18+00:00\",\"dateModified\":\"2026-04-13T07:26:24+00:00\",\"description\":\"Hoidke oma seksim\u00e4nguasjad puhtad ja hallitusvabad mikrokiust kuivatuspulkadega! Puhastamine v\u00f5ib olla t\u00fc\u00fctu, kuid need pulgad muudavad k\u00f5ikide m\u00e4nguasjade kuivatamise lihtsaks.\",\"breadcrumb\":{\"@id\":\"https:\\\/\\\/lustandlove.eu\\\/et\\\/toode\\\/mikrofiiber-kuivatuspulgad\\\/#breadcrumb\"},\"inLanguage\":\"et\",\"potentialAction\":[{\"@type\":\"ReadAction\",\"target\":[\"https:\\\/\\\/lustandlove.eu\\\/et\\\/toode\\\/mikrofiiber-kuivatuspulgad\\\/\"]}]},{\"@type\":\"ImageObject\",\"inLanguage\":\"et\",\"@id\":\"https:\\\/\\\/lustandlove.eu\\\/et\\\/toode\\\/mikrofiiber-kuivatuspulgad\\\/#primaryimage\",\"url\":\"https:\\\/\\\/lustandlove.eu\\\/wp-content\\\/uploads\\\/microfiber-drying-sticks-main.jpg.jpeg\",\"contentUrl\":\"https:\\\/\\\/lustandlove.eu\\\/wp-content\\\/uploads\\\/microfiber-drying-sticks-main.jpg.jpeg\",\"width\":800,\"height\":800},{\"@type\":\"BreadcrumbList\",\"@id\":\"https:\\\/\\\/lustandlove.eu\\\/et\\\/toode\\\/mikrofiiber-kuivatuspulgad\\\/#breadcrumb\",\"itemListElement\":[{\"@type\":\"ListItem\",\"position\":1,\"name\":\"Lust and Love\",\"item\":\"https:\\\/\\\/lustandlove.eu\\\/et\\\/\"},{\"@type\":\"ListItem\",\"position\":2,\"name\":\"Pood\",\"item\":\"https:\\\/\\\/lustandlove.eu\\\/et\\\/pood\\\/\"},{\"@type\":\"ListItem\",\"position\":3,\"name\":\"Meestele\",\"item\":\"https:\\\/\\\/lustandlove.eu\\\/et\\\/pood\\\/meestele\\\/\"},{\"@type\":\"ListItem\",\"position\":4,\"name\":\"Hentai\",\"item\":\"https:\\\/\\\/lustandlove.eu\\\/et\\\/pood\\\/meestele\\\/hentai\\\/\"},{\"@type\":\"ListItem\",\"position\":5,\"name\":\"Lisad ja hooldus\",\"item\":\"https:\\\/\\\/lustandlove.eu\\\/et\\\/pood\\\/meestele\\\/hentai\\\/lisad-ja-hooldus\\\/\"},{\"@type\":\"ListItem\",\"position\":6,\"name\":\"Mikrofiiber Kuivatuspulgad\"}]},{\"@type\":\"WebSite\",\"@id\":\"https:\\\/\\\/lustandlove.eu\\\/et\\\/#website\",\"url\":\"https:\\\/\\\/lustandlove.eu\\\/et\\\/\",\"name\":\"Lust & Love\",\"description\":\"Online erootikapood tervise, ilu ja armastuse jaoks\",\"publisher\":{\"@id\":\"https:\\\/\\\/lustandlove.eu\\\/et\\\/#organization\"},\"potentialAction\":[{\"@type\":\"SearchAction\",\"target\":{\"@type\":\"EntryPoint\",\"urlTemplate\":\"https:\\\/\\\/lustandlove.eu\\\/et\\\/?s={search_term_string}\"},\"query-input\":{\"@type\":\"PropertyValueSpecification\",\"valueRequired\":true,\"valueName\":\"search_term_string\"}}],\"inLanguage\":\"et\"},{\"@type\":\"Organization\",\"@id\":\"https:\\\/\\\/lustandlove.eu\\\/et\\\/#organization\",\"name\":\"Bioconcept Baltics O\u00dc\",\"url\":\"https:\\\/\\\/lustandlove.eu\\\/et\\\/\",\"logo\":{\"@type\":\"ImageObject\",\"inLanguage\":\"et\",\"@id\":\"https:\\\/\\\/lustandlove.eu\\\/et\\\/#\\\/schema\\\/logo\\\/image\\\/\",\"url\":\"https:\\\/\\\/lustandlove.eu\\\/wp-content\\\/uploads\\\/logo-full-2.png\",\"contentUrl\":\"https:\\\/\\\/lustandlove.eu\\\/wp-content\\\/uploads\\\/logo-full-2.png\",\"width\":837,\"height\":200,\"caption\":\"Bioconcept Baltics O\u00dc\"},\"image\":{\"@id\":\"https:\\\/\\\/lustandlove.eu\\\/et\\\/#\\\/schema\\\/logo\\\/image\\\/\"},\"sameAs\":[\"https:\\\/\\\/www.facebook.com\\\/LustandLoveEU\\\/\",\"https:\\\/\\\/www.instagram.com\\\/lustandloveeu\\\/\"]}]}<\/script>\n<!-- \/ Yoast SEO plugin. -->","yoast_head_json":{"title":"Mikrofiiber Kuivatuspulgad | Lust and Love","description":"Hoidke oma seksim\u00e4nguasjad puhtad ja hallitusvabad mikrokiust kuivatuspulkadega! Puhastamine v\u00f5ib olla t\u00fc\u00fctu, kuid need pulgad muudavad k\u00f5ikide m\u00e4nguasjade kuivatamise lihtsaks.","robots":{"index,follow,max-snippet":"index,follow,max-snippet:-1,max-image-preview:large,max-video-preview:-1"},"canonical":"https:\/\/lustandlove.eu\/et\/toode\/mikrofiiber-kuivatuspulgad\/","schema":{"@context":"https:\/\/schema.org","@graph":[{"@type":["WebPage","ItemPage"],"@id":"https:\/\/lustandlove.eu\/et\/toode\/mikrofiiber-kuivatuspulgad\/","url":"https:\/\/lustandlove.eu\/et\/toode\/mikrofiiber-kuivatuspulgad\/","name":"Mikrofiiber Kuivatuspulgad | Lust and Love","isPartOf":{"@id":"https:\/\/lustandlove.eu\/et\/#website"},"primaryImageOfPage":{"@id":"https:\/\/lustandlove.eu\/et\/toode\/mikrofiiber-kuivatuspulgad\/#primaryimage"},"image":{"@id":"https:\/\/lustandlove.eu\/et\/toode\/mikrofiiber-kuivatuspulgad\/#primaryimage"},"thumbnailUrl":"https:\/\/lustandlove.eu\/wp-content\/uploads\/microfiber-drying-sticks-main.jpg.jpeg","datePublished":"2025-11-18T12:29:18+00:00","dateModified":"2026-04-13T07:26:24+00:00","description":"Hoidke oma seksim\u00e4nguasjad puhtad ja hallitusvabad mikrokiust kuivatuspulkadega! Puhastamine v\u00f5ib olla t\u00fc\u00fctu, kuid need pulgad muudavad k\u00f5ikide m\u00e4nguasjade kuivatamise lihtsaks.","breadcrumb":{"@id":"https:\/\/lustandlove.eu\/et\/toode\/mikrofiiber-kuivatuspulgad\/#breadcrumb"},"inLanguage":"et","potentialAction":[{"@type":"ReadAction","target":["https:\/\/lustandlove.eu\/et\/toode\/mikrofiiber-kuivatuspulgad\/"]}]},{"@type":"ImageObject","inLanguage":"et","@id":"https:\/\/lustandlove.eu\/et\/toode\/mikrofiiber-kuivatuspulgad\/#primaryimage","url":"https:\/\/lustandlove.eu\/wp-content\/uploads\/microfiber-drying-sticks-main.jpg.jpeg","contentUrl":"https:\/\/lustandlove.eu\/wp-content\/uploads\/microfiber-drying-sticks-main.jpg.jpeg","width":800,"height":800},{"@type":"BreadcrumbList","@id":"https:\/\/lustandlove.eu\/et\/toode\/mikrofiiber-kuivatuspulgad\/#breadcrumb","itemListElement":[{"@type":"ListItem","position":1,"name":"Lust and Love","item":"https:\/\/lustandlove.eu\/et\/"},{"@type":"ListItem","position":2,"name":"Pood","item":"https:\/\/lustandlove.eu\/et\/pood\/"},{"@type":"ListItem","position":3,"name":"Meestele","item":"https:\/\/lustandlove.eu\/et\/pood\/meestele\/"},{"@type":"ListItem","position":4,"name":"Hentai","item":"https:\/\/lustandlove.eu\/et\/pood\/meestele\/hentai\/"},{"@type":"ListItem","position":5,"name":"Lisad ja hooldus","item":"https:\/\/lustandlove.eu\/et\/pood\/meestele\/hentai\/lisad-ja-hooldus\/"},{"@type":"ListItem","position":6,"name":"Mikrofiiber Kuivatuspulgad"}]},{"@type":"WebSite","@id":"https:\/\/lustandlove.eu\/et\/#website","url":"https:\/\/lustandlove.eu\/et\/","name":"Lust & Love","description":"Online erootikapood tervise, ilu ja armastuse jaoks","publisher":{"@id":"https:\/\/lustandlove.eu\/et\/#organization"},"potentialAction":[{"@type":"SearchAction","target":{"@type":"EntryPoint","urlTemplate":"https:\/\/lustandlove.eu\/et\/?s={search_term_string}"},"query-input":{"@type":"PropertyValueSpecification","valueRequired":true,"valueName":"search_term_string"}}],"inLanguage":"et"},{"@type":"Organization","@id":"https:\/\/lustandlove.eu\/et\/#organization","name":"Bioconcept Baltics O\u00dc","url":"https:\/\/lustandlove.eu\/et\/","logo":{"@type":"ImageObject","inLanguage":"et","@id":"https:\/\/lustandlove.eu\/et\/#\/schema\/logo\/image\/","url":"https:\/\/lustandlove.eu\/wp-content\/uploads\/logo-full-2.png","contentUrl":"https:\/\/lustandlove.eu\/wp-content\/uploads\/logo-full-2.png","width":837,"height":200,"caption":"Bioconcept Baltics O\u00dc"},"image":{"@id":"https:\/\/lustandlove.eu\/et\/#\/schema\/logo\/image\/"},"sameAs":["https:\/\/www.facebook.com\/LustandLoveEU\/","https:\/\/www.instagram.com\/lustandloveeu\/"]}]}},"_links":{"self":[{"href":"https:\/\/lustandlove.eu\/et\/wp-json\/wp\/v2\/product\/94770","targetHints":{"allow":["GET"]}}],"collection":[{"href":"https:\/\/lustandlove.eu\/et\/wp-json\/wp\/v2\/product"}],"about":[{"href":"https:\/\/lustandlove.eu\/et\/wp-json\/wp\/v2\/types\/product"}],"wp:featuredmedia":[{"embeddable":true,"href":"https:\/\/lustandlove.eu\/et\/wp-json\/wp\/v2\/media\/94774"}],"wp:attachment":[{"href":"https:\/\/lustandlove.eu\/et\/wp-json\/wp\/v2\/media?parent=94770"}],"wp:term":[{"taxonomy":"product_brand","embeddable":true,"href":"https:\/\/lustandlove.eu\/et\/wp-json\/wp\/v2\/product_brand?post=94770"},{"taxonomy":"product_cat","embeddable":true,"href":"https:\/\/lustandlove.eu\/et\/wp-json\/wp\/v2\/product_cat?post=94770"},{"taxonomy":"product_tag","embeddable":true,"href":"https:\/\/lustandlove.eu\/et\/wp-json\/wp\/v2\/product_tag?post=94770"}],"curies":[{"name":"wp","href":"https:\/\/api.w.org\/{rel}","templated":true}]}}