{"id":94834,"date":"2025-12-01T11:46:04","date_gmt":"2025-12-01T09:46:04","guid":{"rendered":"https:\/\/lustandlove.eu\/?post_type=product&#038;p=94834"},"modified":"2026-04-13T10:26:24","modified_gmt":"2026-04-13T07:26:24","slug":"neoon-vikerkaarevarvilised-sukkpuksid","status":"publish","type":"product","link":"https:\/\/lustandlove.eu\/et\/toode\/neoon-vikerkaarevarvilised-sukkpuksid\/","title":{"rendered":"Neoon Vikerkaarev\u00e4rvilised Sukkp\u00fcksid"},"content":{"rendered":"<p>Mitmev\u00e4rvilised sukkp\u00fcksid vahvas neoonis vikerkaarev\u00e4rvides<\/p>\n","protected":false},"excerpt":{"rendered":"<p>Mitmev\u00e4rvilised sukkp\u00fcksid vahvas neoonis vikerkaarev\u00e4rvides<\/p>\n","protected":false},"featured_media":94836,"template":"","meta":[],"product_brand":[4220],"product_cat":[4013,1489],"product_tag":[],"class_list":{"0":"post-94834","1":"product","2":"type-product","3":"status-publish","4":"has-post-thumbnail","6":"product_brand-leg-avenue-et","7":"product_cat-aksessuaarid-et","8":"product_cat-pesu","9":"pa_brand-leg-avenue-et","11":"first","12":"instock","13":"sale","14":"taxable","15":"shipping-taxable","16":"purchasable","17":"product-type-simple"},"yoast_head":"<!-- This site is optimized with the Yoast SEO plugin v27.3 - https:\/\/yoast.com\/product\/yoast-seo-wordpress\/ -->\n<title>Neoon Vikerkaarev\u00e4rvilised Sukkp\u00fcksid | Lust &amp; Love<\/title>\n<meta name=\"description\" content=\"Lustakad kootud gepardimustriga sukkp\u00fcksid, \u00f5hukesest spandeksist.\" \/>\n<meta name=\"robots\" content=\"index,follow,max-snippet:-1,max-image-preview:large,max-video-preview:-1\" \/>\n<link rel=\"canonical\" href=\"https:\/\/lustandlove.eu\/et\/toode\/neoon-vikerkaarevarvilised-sukkpuksid\/\" \/>\n<meta name=\"twitter:card\" content=\"summary_large_image\" \/>\n<meta name=\"twitter:title\" content=\"Neoon Vikerkaarev\u00e4rvilised Sukkp\u00fcksid | Lust &amp; Love\" \/>\n<meta name=\"twitter:description\" content=\"Lustakad kootud gepardimustriga sukkp\u00fcksid, \u00f5hukesest spandeksist.\" \/>\n<meta name=\"twitter:image\" content=\"https:\/\/lustandlove.eu\/wp-content\/uploads\/Neon-Rainbow-Tights-7286-Leg-Avenue-Multi-Color_f6e21014-587a-4ccd-a75f-30764b5d7a76.7e3c3db45843a94068467f92b0f5ca9a.jpg\" \/>\n<script type=\"application\/ld+json\" class=\"yoast-schema-graph\">{\"@context\":\"https:\\\/\\\/schema.org\",\"@graph\":[{\"@type\":[\"WebPage\",\"ItemPage\"],\"@id\":\"https:\\\/\\\/lustandlove.eu\\\/et\\\/toode\\\/neoon-vikerkaarevarvilised-sukkpuksid\\\/\",\"url\":\"https:\\\/\\\/lustandlove.eu\\\/et\\\/toode\\\/neoon-vikerkaarevarvilised-sukkpuksid\\\/\",\"name\":\"Neoon Vikerkaarev\u00e4rvilised Sukkp\u00fcksid | Lust & Love\",\"isPartOf\":{\"@id\":\"https:\\\/\\\/lustandlove.eu\\\/et\\\/#website\"},\"primaryImageOfPage\":{\"@id\":\"https:\\\/\\\/lustandlove.eu\\\/et\\\/toode\\\/neoon-vikerkaarevarvilised-sukkpuksid\\\/#primaryimage\"},\"image\":{\"@id\":\"https:\\\/\\\/lustandlove.eu\\\/et\\\/toode\\\/neoon-vikerkaarevarvilised-sukkpuksid\\\/#primaryimage\"},\"thumbnailUrl\":\"https:\\\/\\\/lustandlove.eu\\\/wp-content\\\/uploads\\\/Neon-Rainbow-Tights-7286-Leg-Avenue-Multi-Color_f6e21014-587a-4ccd-a75f-30764b5d7a76.7e3c3db45843a94068467f92b0f5ca9a.jpg\",\"datePublished\":\"2025-12-01T09:46:04+00:00\",\"dateModified\":\"2026-04-13T07:26:24+00:00\",\"description\":\"Lustakad kootud gepardimustriga sukkp\u00fcksid, \u00f5hukesest spandeksist.\",\"breadcrumb\":{\"@id\":\"https:\\\/\\\/lustandlove.eu\\\/et\\\/toode\\\/neoon-vikerkaarevarvilised-sukkpuksid\\\/#breadcrumb\"},\"inLanguage\":\"et\",\"potentialAction\":[{\"@type\":\"ReadAction\",\"target\":[\"https:\\\/\\\/lustandlove.eu\\\/et\\\/toode\\\/neoon-vikerkaarevarvilised-sukkpuksid\\\/\"]}]},{\"@type\":\"ImageObject\",\"inLanguage\":\"et\",\"@id\":\"https:\\\/\\\/lustandlove.eu\\\/et\\\/toode\\\/neoon-vikerkaarevarvilised-sukkpuksid\\\/#primaryimage\",\"url\":\"https:\\\/\\\/lustandlove.eu\\\/wp-content\\\/uploads\\\/Neon-Rainbow-Tights-7286-Leg-Avenue-Multi-Color_f6e21014-587a-4ccd-a75f-30764b5d7a76.7e3c3db45843a94068467f92b0f5ca9a.jpg\",\"contentUrl\":\"https:\\\/\\\/lustandlove.eu\\\/wp-content\\\/uploads\\\/Neon-Rainbow-Tights-7286-Leg-Avenue-Multi-Color_f6e21014-587a-4ccd-a75f-30764b5d7a76.7e3c3db45843a94068467f92b0f5ca9a.jpg\",\"width\":768,\"height\":768},{\"@type\":\"BreadcrumbList\",\"@id\":\"https:\\\/\\\/lustandlove.eu\\\/et\\\/toode\\\/neoon-vikerkaarevarvilised-sukkpuksid\\\/#breadcrumb\",\"itemListElement\":[{\"@type\":\"ListItem\",\"position\":1,\"name\":\"Lust and Love\",\"item\":\"https:\\\/\\\/lustandlove.eu\\\/et\\\/\"},{\"@type\":\"ListItem\",\"position\":2,\"name\":\"Pood\",\"item\":\"https:\\\/\\\/lustandlove.eu\\\/et\\\/pood\\\/\"},{\"@type\":\"ListItem\",\"position\":3,\"name\":\"Pesu\",\"item\":\"https:\\\/\\\/lustandlove.eu\\\/et\\\/pood\\\/pesu\\\/\"},{\"@type\":\"ListItem\",\"position\":4,\"name\":\"Aksessuaarid\",\"item\":\"https:\\\/\\\/lustandlove.eu\\\/et\\\/pood\\\/pesu\\\/aksessuaarid-et\\\/\"},{\"@type\":\"ListItem\",\"position\":5,\"name\":\"Neoon Vikerkaarev\u00e4rvilised Sukkp\u00fcksid\"}]},{\"@type\":\"WebSite\",\"@id\":\"https:\\\/\\\/lustandlove.eu\\\/et\\\/#website\",\"url\":\"https:\\\/\\\/lustandlove.eu\\\/et\\\/\",\"name\":\"Lust &amp; Love\",\"description\":\"Online erootikapood tervise, ilu ja armastuse jaoks\",\"publisher\":{\"@id\":\"https:\\\/\\\/lustandlove.eu\\\/et\\\/#organization\"},\"potentialAction\":[{\"@type\":\"SearchAction\",\"target\":{\"@type\":\"EntryPoint\",\"urlTemplate\":\"https:\\\/\\\/lustandlove.eu\\\/et\\\/?s={search_term_string}\"},\"query-input\":{\"@type\":\"PropertyValueSpecification\",\"valueRequired\":true,\"valueName\":\"search_term_string\"}}],\"inLanguage\":\"et\"},{\"@type\":\"Organization\",\"@id\":\"https:\\\/\\\/lustandlove.eu\\\/et\\\/#organization\",\"name\":\"Bioconcept Baltics O\u00dc\",\"url\":\"https:\\\/\\\/lustandlove.eu\\\/et\\\/\",\"logo\":{\"@type\":\"ImageObject\",\"inLanguage\":\"et\",\"@id\":\"https:\\\/\\\/lustandlove.eu\\\/et\\\/#\\\/schema\\\/logo\\\/image\\\/\",\"url\":\"\",\"contentUrl\":\"\",\"caption\":\"Bioconcept Baltics O\u00dc\"},\"image\":{\"@id\":\"https:\\\/\\\/lustandlove.eu\\\/et\\\/#\\\/schema\\\/logo\\\/image\\\/\"},\"sameAs\":[\"https:\\\/\\\/www.facebook.com\\\/LustandLoveEU\\\/\",\"https:\\\/\\\/www.instagram.com\\\/lustandloveeu\\\/\"]}]}<\/script>\n<!-- \/ Yoast SEO plugin. -->","yoast_head_json":{"title":"Neoon Vikerkaarev\u00e4rvilised Sukkp\u00fcksid | Lust & Love","description":"Lustakad kootud gepardimustriga sukkp\u00fcksid, \u00f5hukesest spandeksist.","robots":{"index,follow,max-snippet":"index,follow,max-snippet:-1,max-image-preview:large,max-video-preview:-1"},"canonical":"https:\/\/lustandlove.eu\/et\/toode\/neoon-vikerkaarevarvilised-sukkpuksid\/","twitter_card":"summary_large_image","twitter_title":"Neoon Vikerkaarev\u00e4rvilised Sukkp\u00fcksid | Lust & Love","twitter_description":"Lustakad kootud gepardimustriga sukkp\u00fcksid, \u00f5hukesest spandeksist.","twitter_image":"https:\/\/lustandlove.eu\/wp-content\/uploads\/Neon-Rainbow-Tights-7286-Leg-Avenue-Multi-Color_f6e21014-587a-4ccd-a75f-30764b5d7a76.7e3c3db45843a94068467f92b0f5ca9a.jpg","schema":{"@context":"https:\/\/schema.org","@graph":[{"@type":["WebPage","ItemPage"],"@id":"https:\/\/lustandlove.eu\/et\/toode\/neoon-vikerkaarevarvilised-sukkpuksid\/","url":"https:\/\/lustandlove.eu\/et\/toode\/neoon-vikerkaarevarvilised-sukkpuksid\/","name":"Neoon Vikerkaarev\u00e4rvilised Sukkp\u00fcksid | Lust & Love","isPartOf":{"@id":"https:\/\/lustandlove.eu\/et\/#website"},"primaryImageOfPage":{"@id":"https:\/\/lustandlove.eu\/et\/toode\/neoon-vikerkaarevarvilised-sukkpuksid\/#primaryimage"},"image":{"@id":"https:\/\/lustandlove.eu\/et\/toode\/neoon-vikerkaarevarvilised-sukkpuksid\/#primaryimage"},"thumbnailUrl":"https:\/\/lustandlove.eu\/wp-content\/uploads\/Neon-Rainbow-Tights-7286-Leg-Avenue-Multi-Color_f6e21014-587a-4ccd-a75f-30764b5d7a76.7e3c3db45843a94068467f92b0f5ca9a.jpg","datePublished":"2025-12-01T09:46:04+00:00","dateModified":"2026-04-13T07:26:24+00:00","description":"Lustakad kootud gepardimustriga sukkp\u00fcksid, \u00f5hukesest spandeksist.","breadcrumb":{"@id":"https:\/\/lustandlove.eu\/et\/toode\/neoon-vikerkaarevarvilised-sukkpuksid\/#breadcrumb"},"inLanguage":"et","potentialAction":[{"@type":"ReadAction","target":["https:\/\/lustandlove.eu\/et\/toode\/neoon-vikerkaarevarvilised-sukkpuksid\/"]}]},{"@type":"ImageObject","inLanguage":"et","@id":"https:\/\/lustandlove.eu\/et\/toode\/neoon-vikerkaarevarvilised-sukkpuksid\/#primaryimage","url":"https:\/\/lustandlove.eu\/wp-content\/uploads\/Neon-Rainbow-Tights-7286-Leg-Avenue-Multi-Color_f6e21014-587a-4ccd-a75f-30764b5d7a76.7e3c3db45843a94068467f92b0f5ca9a.jpg","contentUrl":"https:\/\/lustandlove.eu\/wp-content\/uploads\/Neon-Rainbow-Tights-7286-Leg-Avenue-Multi-Color_f6e21014-587a-4ccd-a75f-30764b5d7a76.7e3c3db45843a94068467f92b0f5ca9a.jpg","width":768,"height":768},{"@type":"BreadcrumbList","@id":"https:\/\/lustandlove.eu\/et\/toode\/neoon-vikerkaarevarvilised-sukkpuksid\/#breadcrumb","itemListElement":[{"@type":"ListItem","position":1,"name":"Lust and Love","item":"https:\/\/lustandlove.eu\/et\/"},{"@type":"ListItem","position":2,"name":"Pood","item":"https:\/\/lustandlove.eu\/et\/pood\/"},{"@type":"ListItem","position":3,"name":"Pesu","item":"https:\/\/lustandlove.eu\/et\/pood\/pesu\/"},{"@type":"ListItem","position":4,"name":"Aksessuaarid","item":"https:\/\/lustandlove.eu\/et\/pood\/pesu\/aksessuaarid-et\/"},{"@type":"ListItem","position":5,"name":"Neoon Vikerkaarev\u00e4rvilised Sukkp\u00fcksid"}]},{"@type":"WebSite","@id":"https:\/\/lustandlove.eu\/et\/#website","url":"https:\/\/lustandlove.eu\/et\/","name":"Lust &amp; Love","description":"Online erootikapood tervise, ilu ja armastuse jaoks","publisher":{"@id":"https:\/\/lustandlove.eu\/et\/#organization"},"potentialAction":[{"@type":"SearchAction","target":{"@type":"EntryPoint","urlTemplate":"https:\/\/lustandlove.eu\/et\/?s={search_term_string}"},"query-input":{"@type":"PropertyValueSpecification","valueRequired":true,"valueName":"search_term_string"}}],"inLanguage":"et"},{"@type":"Organization","@id":"https:\/\/lustandlove.eu\/et\/#organization","name":"Bioconcept Baltics O\u00dc","url":"https:\/\/lustandlove.eu\/et\/","logo":{"@type":"ImageObject","inLanguage":"et","@id":"https:\/\/lustandlove.eu\/et\/#\/schema\/logo\/image\/","url":"","contentUrl":"","caption":"Bioconcept Baltics O\u00dc"},"image":{"@id":"https:\/\/lustandlove.eu\/et\/#\/schema\/logo\/image\/"},"sameAs":["https:\/\/www.facebook.com\/LustandLoveEU\/","https:\/\/www.instagram.com\/lustandloveeu\/"]}]}},"_links":{"self":[{"href":"https:\/\/lustandlove.eu\/et\/wp-json\/wp\/v2\/product\/94834","targetHints":{"allow":["GET"]}}],"collection":[{"href":"https:\/\/lustandlove.eu\/et\/wp-json\/wp\/v2\/product"}],"about":[{"href":"https:\/\/lustandlove.eu\/et\/wp-json\/wp\/v2\/types\/product"}],"wp:featuredmedia":[{"embeddable":true,"href":"https:\/\/lustandlove.eu\/et\/wp-json\/wp\/v2\/media\/94836"}],"wp:attachment":[{"href":"https:\/\/lustandlove.eu\/et\/wp-json\/wp\/v2\/media?parent=94834"}],"wp:term":[{"taxonomy":"product_brand","embeddable":true,"href":"https:\/\/lustandlove.eu\/et\/wp-json\/wp\/v2\/product_brand?post=94834"},{"taxonomy":"product_cat","embeddable":true,"href":"https:\/\/lustandlove.eu\/et\/wp-json\/wp\/v2\/product_cat?post=94834"},{"taxonomy":"product_tag","embeddable":true,"href":"https:\/\/lustandlove.eu\/et\/wp-json\/wp\/v2\/product_tag?post=94834"}],"curies":[{"name":"wp","href":"https:\/\/api.w.org\/{rel}","templated":true}]}}