{"id":94888,"date":"2025-12-17T09:23:41","date_gmt":"2025-12-17T07:23:41","guid":{"rendered":"https:\/\/lustandlove.eu\/?post_type=product&#038;p=94888"},"modified":"2026-04-13T10:26:23","modified_gmt":"2026-04-13T07:26:23","slug":"vibreeriv-masturbaator-virsik","status":"publish","type":"product","link":"https:\/\/lustandlove.eu\/et\/toode\/vibreeriv-masturbaator-virsik\/","title":{"rendered":"Vibreeriv Masturbaator Virsik"},"content":{"rendered":"<p>See virsiku v\u00e4limusega vibreeriv masturbaator on pakitud vaikse, USB-C-laetava mootoriga ja pakub 5 kiirust masturbeerimiseks v\u00f5i pigistamiseks. Pehme tekstuuriga \u00fcmbris on loodud hellitamiseks ja naudinguks, samas kui vibratsioonid toovad naudingulained l\u00e4bi iga sentimeetri. Sisemine \u00fcmbris on ka \u00f5rnalt sooniline, et pakkuda lisastimulatsiooni. See on lihtsalt liiga hea, et sellele vastu panna! Kasutage seda \u00fcksi v\u00f5i partneriga, vibreeriv stroker lisab p\u00f5nevust igasse olukorda. Kasutage seda koos pikaajalise veep\u00f5hise libestiga, nagu <a href=\"https:\/\/lustandlove.eu\/et\/toode\/sutil-rich\/\">Sutil Rich<\/a>, et saada peatamatu nauding.<\/p>\n<p><strong>Omadused<\/strong>:<\/p>\n<p>Meditsiinilise kvaliteediga silikoon<br \/>\n5 kiirust<br \/>\nMadala aku taseme indikaator<br \/>\nVeekindel IPX7<br \/>\nReisilukk<br \/>\nUniversaalne USB-C laadija<\/p>\n<p><strong>Materjal<\/strong>:<\/p>\n<p>Meditsiinilise kvaliteediga silikoon<br \/>\nKeha jaoks ohutu<br \/>\nSuperpehme siidine tunne<\/p>\n<p><strong>Suurus<\/strong>:<\/p>\n<p>K\u00f5rgus 7,60 cm<br \/>\nV\u00e4lisl\u00e4bim\u00f5\u00f5t 6,6 cm<br \/>\nSisemine l\u00e4bim\u00f5\u00f5t 3,5 cm<\/p>\n","protected":false},"excerpt":{"rendered":"<p>Mahlane, pehme ja oi-kui-rahuldav, see virsik on k\u00fcpse naudingute jaoks. Emojibator Virsik on peopesa suurune vibreeriv masturbaator peenise omanikele.<\/p>\n","protected":false},"featured_media":94902,"template":"","meta":[],"product_brand":[4140],"product_cat":[4007,1480,1477],"product_tag":[],"class_list":{"0":"post-94888","1":"product","2":"type-product","3":"status-publish","4":"has-post-thumbnail","6":"product_brand-emojibator-et","7":"product_cat-automaatsed","8":"product_cat-masturbaatorid","9":"product_cat-meestele","10":"pa_brand-emojibator-et","12":"first","13":"instock","14":"taxable","15":"shipping-taxable","16":"purchasable","17":"product-type-simple"},"yoast_head":"<!-- This site is optimized with the Yoast SEO plugin v27.3 - https:\/\/yoast.com\/product\/yoast-seo-wordpress\/ -->\n<title>Vibreeriv Masturbaator Virsik | Lust &amp; Love Adult Toy Store<\/title>\n<meta name=\"description\" content=\"Mahlane, pehme ja oi-kui-rahuldav, see virsik on k\u00fcpse naudingute jaoks. Emojibator Virsik on peopesa suurune vibreeriv masturbaator.\" \/>\n<meta name=\"robots\" content=\"index,follow,max-snippet:-1,max-image-preview:large,max-video-preview:-1\" \/>\n<link rel=\"canonical\" href=\"https:\/\/lustandlove.eu\/et\/toode\/vibreeriv-masturbaator-virsik\/\" \/>\n<meta name=\"twitter:card\" content=\"summary_large_image\" \/>\n<meta name=\"twitter:title\" content=\"Vibreeriv Masturbaator Virsik | Lust &amp; Love Adult Toy Store\" \/>\n<meta name=\"twitter:description\" content=\"Mahlane, pehme ja oi-kui-rahuldav, see virsik on k\u00fcpse naudingute jaoks. Emojibator Virsik on peopesa suurune vibreeriv masturbaator.\" \/>\n<meta name=\"twitter:image\" content=\"https:\/\/lustandlove.eu\/wp-content\/uploads\/Peach_Front.jpg.jpeg\" \/>\n<meta name=\"twitter:label1\" content=\"Est. reading time\" \/>\n\t<meta name=\"twitter:data1\" content=\"2 minutit\" \/>\n<script type=\"application\/ld+json\" class=\"yoast-schema-graph\">{\"@context\":\"https:\\\/\\\/schema.org\",\"@graph\":[{\"@type\":[\"WebPage\",\"ItemPage\"],\"@id\":\"https:\\\/\\\/lustandlove.eu\\\/et\\\/toode\\\/vibreeriv-masturbaator-virsik\\\/\",\"url\":\"https:\\\/\\\/lustandlove.eu\\\/et\\\/toode\\\/vibreeriv-masturbaator-virsik\\\/\",\"name\":\"Vibreeriv Masturbaator Virsik | Lust & Love Adult Toy Store\",\"isPartOf\":{\"@id\":\"https:\\\/\\\/lustandlove.eu\\\/et\\\/#website\"},\"primaryImageOfPage\":{\"@id\":\"https:\\\/\\\/lustandlove.eu\\\/et\\\/toode\\\/vibreeriv-masturbaator-virsik\\\/#primaryimage\"},\"image\":{\"@id\":\"https:\\\/\\\/lustandlove.eu\\\/et\\\/toode\\\/vibreeriv-masturbaator-virsik\\\/#primaryimage\"},\"thumbnailUrl\":\"https:\\\/\\\/lustandlove.eu\\\/wp-content\\\/uploads\\\/Peach_Front.jpg.jpeg\",\"datePublished\":\"2025-12-17T07:23:41+00:00\",\"dateModified\":\"2026-04-13T07:26:23+00:00\",\"description\":\"Mahlane, pehme ja oi-kui-rahuldav, see virsik on k\u00fcpse naudingute jaoks. Emojibator Virsik on peopesa suurune vibreeriv masturbaator.\",\"breadcrumb\":{\"@id\":\"https:\\\/\\\/lustandlove.eu\\\/et\\\/toode\\\/vibreeriv-masturbaator-virsik\\\/#breadcrumb\"},\"inLanguage\":\"et\",\"potentialAction\":[{\"@type\":\"ReadAction\",\"target\":[\"https:\\\/\\\/lustandlove.eu\\\/et\\\/toode\\\/vibreeriv-masturbaator-virsik\\\/\"]}]},{\"@type\":\"ImageObject\",\"inLanguage\":\"et\",\"@id\":\"https:\\\/\\\/lustandlove.eu\\\/et\\\/toode\\\/vibreeriv-masturbaator-virsik\\\/#primaryimage\",\"url\":\"https:\\\/\\\/lustandlove.eu\\\/wp-content\\\/uploads\\\/Peach_Front.jpg.jpeg\",\"contentUrl\":\"https:\\\/\\\/lustandlove.eu\\\/wp-content\\\/uploads\\\/Peach_Front.jpg.jpeg\",\"width\":1919,\"height\":1920,\"caption\":\"vibreeriv masturbaator\"},{\"@type\":\"BreadcrumbList\",\"@id\":\"https:\\\/\\\/lustandlove.eu\\\/et\\\/toode\\\/vibreeriv-masturbaator-virsik\\\/#breadcrumb\",\"itemListElement\":[{\"@type\":\"ListItem\",\"position\":1,\"name\":\"Lust and Love\",\"item\":\"https:\\\/\\\/lustandlove.eu\\\/et\\\/\"},{\"@type\":\"ListItem\",\"position\":2,\"name\":\"Pood\",\"item\":\"https:\\\/\\\/lustandlove.eu\\\/et\\\/pood\\\/\"},{\"@type\":\"ListItem\",\"position\":3,\"name\":\"Meestele\",\"item\":\"https:\\\/\\\/lustandlove.eu\\\/et\\\/pood\\\/meestele\\\/\"},{\"@type\":\"ListItem\",\"position\":4,\"name\":\"Masturbaatorid\",\"item\":\"https:\\\/\\\/lustandlove.eu\\\/et\\\/pood\\\/meestele\\\/masturbaatorid\\\/\"},{\"@type\":\"ListItem\",\"position\":5,\"name\":\"Automaatsed\",\"item\":\"https:\\\/\\\/lustandlove.eu\\\/et\\\/pood\\\/meestele\\\/masturbaatorid\\\/automaatsed\\\/\"},{\"@type\":\"ListItem\",\"position\":6,\"name\":\"Vibreeriv Masturbaator Virsik\"}]},{\"@type\":\"WebSite\",\"@id\":\"https:\\\/\\\/lustandlove.eu\\\/et\\\/#website\",\"url\":\"https:\\\/\\\/lustandlove.eu\\\/et\\\/\",\"name\":\"Lust &amp; Love\",\"description\":\"Online erootikapood tervise, ilu ja armastuse jaoks\",\"publisher\":{\"@id\":\"https:\\\/\\\/lustandlove.eu\\\/et\\\/#organization\"},\"potentialAction\":[{\"@type\":\"SearchAction\",\"target\":{\"@type\":\"EntryPoint\",\"urlTemplate\":\"https:\\\/\\\/lustandlove.eu\\\/et\\\/?s={search_term_string}\"},\"query-input\":{\"@type\":\"PropertyValueSpecification\",\"valueRequired\":true,\"valueName\":\"search_term_string\"}}],\"inLanguage\":\"et\"},{\"@type\":\"Organization\",\"@id\":\"https:\\\/\\\/lustandlove.eu\\\/et\\\/#organization\",\"name\":\"Bioconcept Baltics O\u00dc\",\"url\":\"https:\\\/\\\/lustandlove.eu\\\/et\\\/\",\"logo\":{\"@type\":\"ImageObject\",\"inLanguage\":\"et\",\"@id\":\"https:\\\/\\\/lustandlove.eu\\\/et\\\/#\\\/schema\\\/logo\\\/image\\\/\",\"url\":\"\",\"contentUrl\":\"\",\"caption\":\"Bioconcept Baltics O\u00dc\"},\"image\":{\"@id\":\"https:\\\/\\\/lustandlove.eu\\\/et\\\/#\\\/schema\\\/logo\\\/image\\\/\"},\"sameAs\":[\"https:\\\/\\\/www.facebook.com\\\/LustandLoveEU\\\/\",\"https:\\\/\\\/www.instagram.com\\\/lustandloveeu\\\/\"]}]}<\/script>\n<!-- \/ Yoast SEO plugin. -->","yoast_head_json":{"title":"Vibreeriv Masturbaator Virsik | Lust & Love Adult Toy Store","description":"Mahlane, pehme ja oi-kui-rahuldav, see virsik on k\u00fcpse naudingute jaoks. Emojibator Virsik on peopesa suurune vibreeriv masturbaator.","robots":{"index,follow,max-snippet":"index,follow,max-snippet:-1,max-image-preview:large,max-video-preview:-1"},"canonical":"https:\/\/lustandlove.eu\/et\/toode\/vibreeriv-masturbaator-virsik\/","twitter_card":"summary_large_image","twitter_title":"Vibreeriv Masturbaator Virsik | Lust & Love Adult Toy Store","twitter_description":"Mahlane, pehme ja oi-kui-rahuldav, see virsik on k\u00fcpse naudingute jaoks. Emojibator Virsik on peopesa suurune vibreeriv masturbaator.","twitter_image":"https:\/\/lustandlove.eu\/wp-content\/uploads\/Peach_Front.jpg.jpeg","twitter_misc":{"Est. reading time":"2 minutit"},"schema":{"@context":"https:\/\/schema.org","@graph":[{"@type":["WebPage","ItemPage"],"@id":"https:\/\/lustandlove.eu\/et\/toode\/vibreeriv-masturbaator-virsik\/","url":"https:\/\/lustandlove.eu\/et\/toode\/vibreeriv-masturbaator-virsik\/","name":"Vibreeriv Masturbaator Virsik | Lust & Love Adult Toy Store","isPartOf":{"@id":"https:\/\/lustandlove.eu\/et\/#website"},"primaryImageOfPage":{"@id":"https:\/\/lustandlove.eu\/et\/toode\/vibreeriv-masturbaator-virsik\/#primaryimage"},"image":{"@id":"https:\/\/lustandlove.eu\/et\/toode\/vibreeriv-masturbaator-virsik\/#primaryimage"},"thumbnailUrl":"https:\/\/lustandlove.eu\/wp-content\/uploads\/Peach_Front.jpg.jpeg","datePublished":"2025-12-17T07:23:41+00:00","dateModified":"2026-04-13T07:26:23+00:00","description":"Mahlane, pehme ja oi-kui-rahuldav, see virsik on k\u00fcpse naudingute jaoks. Emojibator Virsik on peopesa suurune vibreeriv masturbaator.","breadcrumb":{"@id":"https:\/\/lustandlove.eu\/et\/toode\/vibreeriv-masturbaator-virsik\/#breadcrumb"},"inLanguage":"et","potentialAction":[{"@type":"ReadAction","target":["https:\/\/lustandlove.eu\/et\/toode\/vibreeriv-masturbaator-virsik\/"]}]},{"@type":"ImageObject","inLanguage":"et","@id":"https:\/\/lustandlove.eu\/et\/toode\/vibreeriv-masturbaator-virsik\/#primaryimage","url":"https:\/\/lustandlove.eu\/wp-content\/uploads\/Peach_Front.jpg.jpeg","contentUrl":"https:\/\/lustandlove.eu\/wp-content\/uploads\/Peach_Front.jpg.jpeg","width":1919,"height":1920,"caption":"vibreeriv masturbaator"},{"@type":"BreadcrumbList","@id":"https:\/\/lustandlove.eu\/et\/toode\/vibreeriv-masturbaator-virsik\/#breadcrumb","itemListElement":[{"@type":"ListItem","position":1,"name":"Lust and Love","item":"https:\/\/lustandlove.eu\/et\/"},{"@type":"ListItem","position":2,"name":"Pood","item":"https:\/\/lustandlove.eu\/et\/pood\/"},{"@type":"ListItem","position":3,"name":"Meestele","item":"https:\/\/lustandlove.eu\/et\/pood\/meestele\/"},{"@type":"ListItem","position":4,"name":"Masturbaatorid","item":"https:\/\/lustandlove.eu\/et\/pood\/meestele\/masturbaatorid\/"},{"@type":"ListItem","position":5,"name":"Automaatsed","item":"https:\/\/lustandlove.eu\/et\/pood\/meestele\/masturbaatorid\/automaatsed\/"},{"@type":"ListItem","position":6,"name":"Vibreeriv Masturbaator Virsik"}]},{"@type":"WebSite","@id":"https:\/\/lustandlove.eu\/et\/#website","url":"https:\/\/lustandlove.eu\/et\/","name":"Lust &amp; Love","description":"Online erootikapood tervise, ilu ja armastuse jaoks","publisher":{"@id":"https:\/\/lustandlove.eu\/et\/#organization"},"potentialAction":[{"@type":"SearchAction","target":{"@type":"EntryPoint","urlTemplate":"https:\/\/lustandlove.eu\/et\/?s={search_term_string}"},"query-input":{"@type":"PropertyValueSpecification","valueRequired":true,"valueName":"search_term_string"}}],"inLanguage":"et"},{"@type":"Organization","@id":"https:\/\/lustandlove.eu\/et\/#organization","name":"Bioconcept Baltics O\u00dc","url":"https:\/\/lustandlove.eu\/et\/","logo":{"@type":"ImageObject","inLanguage":"et","@id":"https:\/\/lustandlove.eu\/et\/#\/schema\/logo\/image\/","url":"","contentUrl":"","caption":"Bioconcept Baltics O\u00dc"},"image":{"@id":"https:\/\/lustandlove.eu\/et\/#\/schema\/logo\/image\/"},"sameAs":["https:\/\/www.facebook.com\/LustandLoveEU\/","https:\/\/www.instagram.com\/lustandloveeu\/"]}]}},"_links":{"self":[{"href":"https:\/\/lustandlove.eu\/et\/wp-json\/wp\/v2\/product\/94888","targetHints":{"allow":["GET"]}}],"collection":[{"href":"https:\/\/lustandlove.eu\/et\/wp-json\/wp\/v2\/product"}],"about":[{"href":"https:\/\/lustandlove.eu\/et\/wp-json\/wp\/v2\/types\/product"}],"wp:featuredmedia":[{"embeddable":true,"href":"https:\/\/lustandlove.eu\/et\/wp-json\/wp\/v2\/media\/94902"}],"wp:attachment":[{"href":"https:\/\/lustandlove.eu\/et\/wp-json\/wp\/v2\/media?parent=94888"}],"wp:term":[{"taxonomy":"product_brand","embeddable":true,"href":"https:\/\/lustandlove.eu\/et\/wp-json\/wp\/v2\/product_brand?post=94888"},{"taxonomy":"product_cat","embeddable":true,"href":"https:\/\/lustandlove.eu\/et\/wp-json\/wp\/v2\/product_cat?post=94888"},{"taxonomy":"product_tag","embeddable":true,"href":"https:\/\/lustandlove.eu\/et\/wp-json\/wp\/v2\/product_tag?post=94888"}],"curies":[{"name":"wp","href":"https:\/\/api.w.org\/{rel}","templated":true}]}}