{"id":94906,"date":"2025-12-17T09:43:58","date_gmt":"2025-12-17T07:43:59","guid":{"rendered":"https:\/\/lustandlove.eu\/?post_type=product&#038;p=94906"},"modified":"2026-03-20T15:02:13","modified_gmt":"2026-03-20T13:02:13","slug":"morrie-vibraator","status":"publish","type":"product","link":"https:\/\/lustandlove.eu\/et\/toode\/morrie-vibraator\/","title":{"rendered":"Morrie Vibraator"},"content":{"rendered":"<p>Morrie vibreeriv pea on nii pehme ja paindlik, et see painub teie keha j\u00e4rgi t\u00e4pselt nii, nagu see on, olgu see siis teie vulva kontuuride j\u00e4rgi v\u00f5i teie peenise v\u00f5i alumise kasvu \u00fcmber. M\u00e4nguasja servad pakuvad h\u00e4mmastavat t\u00e4pset stimulatsiooni ja selle kuju annab teile palju ergonoomilisi ja madala haardega v\u00f5imalusi selle m\u00e4nguasjaga tundide kaupa m\u00e4ngida. Morrie&#8217;l on midagi erilist pakkuda igale kehale, eriti teie omale. Ja \u00e4ra j\u00e4ta m\u00e4rkamata, kui armas on tema pehme tagumik! Kasuta koos veebaasil libestiga, nagu n\u00e4iteks <a href=\"https:\/\/lustandlove.eu\/et\/toode\/wow-veebaasil-libesti\/\">Egzo WOW<\/a> et l\u00f5bu kestaks tundide kaupa.<\/p>\n<p>Omadused<br \/>\n&#8211; 5 kiirust ja 5 mustrit<br \/>\n&#8211; Tugevad vibratsioonid, mis m\u00fcrisevad, mitte suminavad<br \/>\n&#8211; Vaikne ja diskreetne disain<br \/>\n&#8211; Laetav<br \/>\n&#8211; Veekindel<\/p>\n<p>Materjalid + hooldus<br \/>\n&#8211; 100% silikoon<br \/>\n&#8211; Peske k\u00e4sitsi seebi ja veega<br \/>\n&#8211; Eemaldage elektroonika ja keetke v\u00f5i pange n\u00f5udepesumasinasse p\u00f5hjalikuks puhastamiseks<\/p>\n<p>Suurus<br \/>\n&#8211; M\u00f5\u00f5tmed: \u00fclemine osa on 7,6 cm x 6,8 cm, k\u00f5rgus 8 cm<\/p>\n","protected":false},"excerpt":{"rendered":"<p>Tutvuge Morriega (v\u00f5i m\u00f5nikord Morelle&#8217;iga), v\u00e4ikese seenega, mis v\u00f5ib olla k\u00f5ige sooliselt kaasavam seksim\u00e4nguasi, mis eales loodud. Meie eesm\u00e4rk selle m\u00e4nguasja disainimisel oli luua midagi, mis oleks v\u00f5rdselt l\u00f5bus k\u00f5igile suguelunditele, ja me t\u00f5esti saavutasime sellega midagi erilist!<\/p>\n","protected":false},"featured_media":94914,"template":"","meta":[],"product_cat":[1484,1488,3979],"product_tag":[3388],"yoast_head":"<!-- This site is optimized with the Yoast SEO plugin v22.9 - https:\/\/yoast.com\/wordpress\/plugins\/seo\/ -->\n<title>Morrie Vibraator | Lust and Love Sex Shop<\/title>\n<meta name=\"description\" content=\"Morrie vibraator on unisex ja ergonoomiline seenekujuline vibraator, mis on loodud kasutamiseks igale kehale. Pehme vibreeriv pea sobitud iga kehakujuga.\" \/>\n<meta name=\"robots\" content=\"index,follow,max-snippet:-1,max-image-preview:large,max-video-preview:-1\" \/>\n<link rel=\"canonical\" href=\"https:\/\/lustandlove.eu\/et\/toode\/morrie-vibraator\/\" \/>\n<meta name=\"twitter:card\" content=\"summary_large_image\" \/>\n<meta name=\"twitter:title\" content=\"Morrie Vibraator | Lust and Love Sex Shop\" \/>\n<meta name=\"twitter:description\" content=\"Morrie vibraator on unisex ja ergonoomiline seenekujuline vibraator, mis on loodud kasutamiseks igale kehale. Pehme vibreeriv pea sobitud iga kehakujuga.\" \/>\n<meta name=\"twitter:image\" content=\"https:\/\/lustandlove.eu\/wp-content\/uploads\/morrie-main_d1f314e1-3333-4391-b420-8531442ad479_2048x2048.png\" \/>\n<meta name=\"twitter:label1\" content=\"Est. reading time\" \/>\n\t<meta name=\"twitter:data1\" content=\"1 minut\" \/>\n<script type=\"application\/ld+json\" class=\"yoast-schema-graph\">{\"@context\":\"https:\/\/schema.org\",\"@graph\":[{\"@type\":[\"WebPage\",\"ItemPage\"],\"@id\":\"https:\/\/lustandlove.eu\/et\/toode\/morrie-vibraator\/\",\"url\":\"https:\/\/lustandlove.eu\/et\/toode\/morrie-vibraator\/\",\"name\":\"Morrie Vibraator | Lust and Love Sex Shop\",\"isPartOf\":{\"@id\":\"https:\/\/lustandlove.eu\/et\/#website\"},\"primaryImageOfPage\":{\"@id\":\"https:\/\/lustandlove.eu\/et\/toode\/morrie-vibraator\/#primaryimage\"},\"image\":{\"@id\":\"https:\/\/lustandlove.eu\/et\/toode\/morrie-vibraator\/#primaryimage\"},\"thumbnailUrl\":\"https:\/\/lustandlove.eu\/wp-content\/uploads\/morrie-main_d1f314e1-3333-4391-b420-8531442ad479_2048x2048.png\",\"datePublished\":\"2025-12-17T07:43:59+00:00\",\"dateModified\":\"2026-03-20T13:02:13+00:00\",\"description\":\"Morrie vibraator on unisex ja ergonoomiline seenekujuline vibraator, mis on loodud kasutamiseks igale kehale. Pehme vibreeriv pea sobitud iga kehakujuga.\",\"breadcrumb\":{\"@id\":\"https:\/\/lustandlove.eu\/et\/toode\/morrie-vibraator\/#breadcrumb\"},\"inLanguage\":\"et\",\"potentialAction\":[{\"@type\":\"ReadAction\",\"target\":[\"https:\/\/lustandlove.eu\/et\/toode\/morrie-vibraator\/\"]}]},{\"@type\":\"ImageObject\",\"inLanguage\":\"et\",\"@id\":\"https:\/\/lustandlove.eu\/et\/toode\/morrie-vibraator\/#primaryimage\",\"url\":\"https:\/\/lustandlove.eu\/wp-content\/uploads\/morrie-main_d1f314e1-3333-4391-b420-8531442ad479_2048x2048.png\",\"contentUrl\":\"https:\/\/lustandlove.eu\/wp-content\/uploads\/morrie-main_d1f314e1-3333-4391-b420-8531442ad479_2048x2048.png\",\"width\":1000,\"height\":1000,\"caption\":\"Ergonomic vibrator\"},{\"@type\":\"BreadcrumbList\",\"@id\":\"https:\/\/lustandlove.eu\/et\/toode\/morrie-vibraator\/#breadcrumb\",\"itemListElement\":[{\"@type\":\"ListItem\",\"position\":1,\"name\":\"Lust and Love\",\"item\":\"https:\/\/lustandlove.eu\/et\/\"},{\"@type\":\"ListItem\",\"position\":2,\"name\":\"Pood\",\"item\":\"https:\/\/lustandlove.eu\/et\/pood\/\"},{\"@type\":\"ListItem\",\"position\":3,\"name\":\"Sekslelud\",\"item\":\"https:\/\/lustandlove.eu\/et\/pood\/sekslelud\/\"},{\"@type\":\"ListItem\",\"position\":4,\"name\":\"Vibraatorid\",\"item\":\"https:\/\/lustandlove.eu\/et\/pood\/sekslelud\/vibraatorid\/\"},{\"@type\":\"ListItem\",\"position\":5,\"name\":\"V\u00e4lispidised\",\"item\":\"https:\/\/lustandlove.eu\/et\/pood\/sekslelud\/vibraatorid\/valispidised\/\"},{\"@type\":\"ListItem\",\"position\":6,\"name\":\"Morrie Vibraator\"}]},{\"@type\":\"WebSite\",\"@id\":\"https:\/\/lustandlove.eu\/et\/#website\",\"url\":\"https:\/\/lustandlove.eu\/et\/\",\"name\":\"Lust &amp; Love\",\"description\":\"Online erootikapood tervise, ilu ja armastuse jaoks\",\"publisher\":{\"@id\":\"https:\/\/lustandlove.eu\/et\/#organization\"},\"potentialAction\":[{\"@type\":\"SearchAction\",\"target\":{\"@type\":\"EntryPoint\",\"urlTemplate\":\"https:\/\/lustandlove.eu\/et\/?s={search_term_string}\"},\"query-input\":\"required name=search_term_string\"}],\"inLanguage\":\"et\"},{\"@type\":\"Organization\",\"@id\":\"https:\/\/lustandlove.eu\/et\/#organization\",\"name\":\"Bioconcept Baltics O\u00dc\",\"url\":\"https:\/\/lustandlove.eu\/et\/\",\"logo\":{\"@type\":\"ImageObject\",\"inLanguage\":\"et\",\"@id\":\"https:\/\/lustandlove.eu\/et\/#\/schema\/logo\/image\/\",\"url\":\"\",\"contentUrl\":\"\",\"caption\":\"Bioconcept Baltics O\u00dc\"},\"image\":{\"@id\":\"https:\/\/lustandlove.eu\/et\/#\/schema\/logo\/image\/\"},\"sameAs\":[\"https:\/\/www.facebook.com\/LustandLoveEU\/\",\"https:\/\/www.instagram.com\/lustandloveeu\/\"]}]}<\/script>\n<!-- \/ Yoast SEO plugin. -->","yoast_head_json":{"title":"Morrie Vibraator | Lust and Love Sex Shop","description":"Morrie vibraator on unisex ja ergonoomiline seenekujuline vibraator, mis on loodud kasutamiseks igale kehale. Pehme vibreeriv pea sobitud iga kehakujuga.","robots":{"index,follow,max-snippet":"index,follow,max-snippet:-1,max-image-preview:large,max-video-preview:-1"},"canonical":"https:\/\/lustandlove.eu\/et\/toode\/morrie-vibraator\/","twitter_card":"summary_large_image","twitter_title":"Morrie Vibraator | Lust and Love Sex Shop","twitter_description":"Morrie vibraator on unisex ja ergonoomiline seenekujuline vibraator, mis on loodud kasutamiseks igale kehale. Pehme vibreeriv pea sobitud iga kehakujuga.","twitter_image":"https:\/\/lustandlove.eu\/wp-content\/uploads\/morrie-main_d1f314e1-3333-4391-b420-8531442ad479_2048x2048.png","twitter_misc":{"Est. reading time":"1 minut"},"schema":{"@context":"https:\/\/schema.org","@graph":[{"@type":["WebPage","ItemPage"],"@id":"https:\/\/lustandlove.eu\/et\/toode\/morrie-vibraator\/","url":"https:\/\/lustandlove.eu\/et\/toode\/morrie-vibraator\/","name":"Morrie Vibraator | Lust and Love Sex Shop","isPartOf":{"@id":"https:\/\/lustandlove.eu\/et\/#website"},"primaryImageOfPage":{"@id":"https:\/\/lustandlove.eu\/et\/toode\/morrie-vibraator\/#primaryimage"},"image":{"@id":"https:\/\/lustandlove.eu\/et\/toode\/morrie-vibraator\/#primaryimage"},"thumbnailUrl":"https:\/\/lustandlove.eu\/wp-content\/uploads\/morrie-main_d1f314e1-3333-4391-b420-8531442ad479_2048x2048.png","datePublished":"2025-12-17T07:43:59+00:00","dateModified":"2026-03-20T13:02:13+00:00","description":"Morrie vibraator on unisex ja ergonoomiline seenekujuline vibraator, mis on loodud kasutamiseks igale kehale. Pehme vibreeriv pea sobitud iga kehakujuga.","breadcrumb":{"@id":"https:\/\/lustandlove.eu\/et\/toode\/morrie-vibraator\/#breadcrumb"},"inLanguage":"et","potentialAction":[{"@type":"ReadAction","target":["https:\/\/lustandlove.eu\/et\/toode\/morrie-vibraator\/"]}]},{"@type":"ImageObject","inLanguage":"et","@id":"https:\/\/lustandlove.eu\/et\/toode\/morrie-vibraator\/#primaryimage","url":"https:\/\/lustandlove.eu\/wp-content\/uploads\/morrie-main_d1f314e1-3333-4391-b420-8531442ad479_2048x2048.png","contentUrl":"https:\/\/lustandlove.eu\/wp-content\/uploads\/morrie-main_d1f314e1-3333-4391-b420-8531442ad479_2048x2048.png","width":1000,"height":1000,"caption":"Ergonomic vibrator"},{"@type":"BreadcrumbList","@id":"https:\/\/lustandlove.eu\/et\/toode\/morrie-vibraator\/#breadcrumb","itemListElement":[{"@type":"ListItem","position":1,"name":"Lust and Love","item":"https:\/\/lustandlove.eu\/et\/"},{"@type":"ListItem","position":2,"name":"Pood","item":"https:\/\/lustandlove.eu\/et\/pood\/"},{"@type":"ListItem","position":3,"name":"Sekslelud","item":"https:\/\/lustandlove.eu\/et\/pood\/sekslelud\/"},{"@type":"ListItem","position":4,"name":"Vibraatorid","item":"https:\/\/lustandlove.eu\/et\/pood\/sekslelud\/vibraatorid\/"},{"@type":"ListItem","position":5,"name":"V\u00e4lispidised","item":"https:\/\/lustandlove.eu\/et\/pood\/sekslelud\/vibraatorid\/valispidised\/"},{"@type":"ListItem","position":6,"name":"Morrie Vibraator"}]},{"@type":"WebSite","@id":"https:\/\/lustandlove.eu\/et\/#website","url":"https:\/\/lustandlove.eu\/et\/","name":"Lust &amp; Love","description":"Online erootikapood tervise, ilu ja armastuse jaoks","publisher":{"@id":"https:\/\/lustandlove.eu\/et\/#organization"},"potentialAction":[{"@type":"SearchAction","target":{"@type":"EntryPoint","urlTemplate":"https:\/\/lustandlove.eu\/et\/?s={search_term_string}"},"query-input":"required name=search_term_string"}],"inLanguage":"et"},{"@type":"Organization","@id":"https:\/\/lustandlove.eu\/et\/#organization","name":"Bioconcept Baltics O\u00dc","url":"https:\/\/lustandlove.eu\/et\/","logo":{"@type":"ImageObject","inLanguage":"et","@id":"https:\/\/lustandlove.eu\/et\/#\/schema\/logo\/image\/","url":"","contentUrl":"","caption":"Bioconcept Baltics O\u00dc"},"image":{"@id":"https:\/\/lustandlove.eu\/et\/#\/schema\/logo\/image\/"},"sameAs":["https:\/\/www.facebook.com\/LustandLoveEU\/","https:\/\/www.instagram.com\/lustandloveeu\/"]}]}},"_links":{"self":[{"href":"https:\/\/lustandlove.eu\/et\/wp-json\/wp\/v2\/product\/94906"}],"collection":[{"href":"https:\/\/lustandlove.eu\/et\/wp-json\/wp\/v2\/product"}],"about":[{"href":"https:\/\/lustandlove.eu\/et\/wp-json\/wp\/v2\/types\/product"}],"wp:featuredmedia":[{"embeddable":true,"href":"https:\/\/lustandlove.eu\/et\/wp-json\/wp\/v2\/media\/94914"}],"wp:attachment":[{"href":"https:\/\/lustandlove.eu\/et\/wp-json\/wp\/v2\/media?parent=94906"}],"wp:term":[{"taxonomy":"product_cat","embeddable":true,"href":"https:\/\/lustandlove.eu\/et\/wp-json\/wp\/v2\/product_cat?post=94906"},{"taxonomy":"product_tag","embeddable":true,"href":"https:\/\/lustandlove.eu\/et\/wp-json\/wp\/v2\/product_tag?post=94906"}],"curies":[{"name":"wp","href":"https:\/\/api.w.org\/{rel}","templated":true}]}}