{"id":95049,"date":"2026-01-28T10:01:26","date_gmt":"2026-01-28T08:01:26","guid":{"rendered":"https:\/\/lustandlove.eu\/?post_type=product&#038;p=95049"},"modified":"2026-04-13T10:26:21","modified_gmt":"2026-04-13T07:26:21","slug":"ily-bullet-kuulvibraator%f0%9f%a9%b7","status":"publish","type":"product","link":"https:\/\/lustandlove.eu\/et\/toode\/ily-bullet-kuulvibraator%f0%9f%a9%b7\/","title":{"rendered":"ILY Bullet kuulvibraator\ud83e\ude77"},"content":{"rendered":"<p>ILY Bullet on sinu valik enesearmastuseks, iseseisvaks avastamiseks ja naudinguks ilma surveta. See on loodud just sulle\u00a0 inimeste poolt, kes sellest aru saavad. Kuulvibraatoril on 3 kiirust ja 7 mustrit ning see on valmistatud \u00fclipehmest ja kehas\u00f5bralikust silikoonist. Vaikne mootor ja pritsmekindel korpus muudavad selle ideaalseks m\u00e4nguasjaks k\u00f5igile.<\/p>\n<p><strong>Miks sa seda armastama hakkad<\/strong> \ud83d\udc96<\/p>\n<p>Laetav: Vaikne, kuid intensiivne \u2013 just nagu sinu hilis\u00f5htused m\u00f5tted. 90 minutit laadimist annab sulle 90 minutit m\u00e4nguaega!<\/p>\n<p>Reisis\u00f5bralik: Mahub kotti, taskusse v\u00f5i padja alla (me ei \u00fctle kellegile).<\/p>\n<p>Kehas\u00f5bralik + kaasav: Loodud igat t\u00fc\u00fcpi kehadele, igat t\u00fc\u00fcpi headele tunnetele.<\/p>\n<p>Pritsmekindel: Du\u0161im\u00f5tted muutusid just palju huvitavamaks.<\/p>\n<p>Olenemata sellest, kas oled naudingute alal uus v\u00f5i juba oma kehaga rahul, on ILY Bullet siin, et sulle meelde tuletada: sinu nauding on heaolu. Sinu keha on avastamist v\u00e4\u00e4rt.<\/p>\n","protected":false},"excerpt":{"rendered":"<p>V\u00e4ike kuulvibraator, mis viib teie m\u00e4ngulisuse ja enesearmastuse uuele tasemele. Varustatud m\u00fcriseva mootori ja \u00fclipehme silikooniga, on see mitmeotstarbeline m\u00e4nguasi ideaalne t\u00e4iendus teie seksuaalse heaolu rutiinile \ud83e\ude77<\/p>\n","protected":false},"featured_media":95061,"template":"","meta":[],"product_brand":[4212,4211],"product_cat":[3981,1484,1488],"product_tag":[],"class_list":{"0":"post-95049","1":"product","2":"type-product","3":"status-publish","4":"has-post-thumbnail","6":"product_brand-ily-et","7":"product_brand-je-joue-et","8":"product_cat-kuulvibraator","9":"product_cat-sekslelud","10":"product_cat-vibraatorid","11":"pa_brand-je-joue-et","13":"first","14":"instock","15":"taxable","16":"shipping-taxable","17":"purchasable","18":"product-type-simple"},"yoast_head":"<!-- This site is optimized with the Yoast SEO plugin v27.4 - https:\/\/yoast.com\/product\/yoast-seo-wordpress\/ -->\n<title>ILY Bullet kuulvibraator\ud83e\ude77 | Lust and Love<\/title>\n<meta name=\"description\" content=\"V\u00e4ike kuulvibraator, mis viib teie m\u00e4ngu ja enesearmastuse uuele tasemele. M\u00fcriseva mootori ja \u00fclipehme silikooniga m\u00e4nguasi on teie uus parim s\u00f5ber.\" \/>\n<meta name=\"robots\" content=\"index,follow,max-snippet:-1,max-image-preview:large,max-video-preview:-1\" \/>\n<link rel=\"canonical\" href=\"https:\/\/lustandlove.eu\/et\/toode\/ily-bullet-kuulvibraator%f0%9f%a9%b7\/\" \/>\n<script type=\"application\/ld+json\" class=\"yoast-schema-graph\">{\"@context\":\"https:\\\/\\\/schema.org\",\"@graph\":[{\"@type\":[\"WebPage\",\"ItemPage\"],\"@id\":\"https:\\\/\\\/lustandlove.eu\\\/et\\\/toode\\\/ily-bullet-kuulvibraator%f0%9f%a9%b7\\\/\",\"url\":\"https:\\\/\\\/lustandlove.eu\\\/et\\\/toode\\\/ily-bullet-kuulvibraator%f0%9f%a9%b7\\\/\",\"name\":\"ILY Bullet kuulvibraator\ud83e\ude77 | Lust and Love\",\"isPartOf\":{\"@id\":\"https:\\\/\\\/lustandlove.eu\\\/et\\\/#website\"},\"primaryImageOfPage\":{\"@id\":\"https:\\\/\\\/lustandlove.eu\\\/et\\\/toode\\\/ily-bullet-kuulvibraator%f0%9f%a9%b7\\\/#primaryimage\"},\"image\":{\"@id\":\"https:\\\/\\\/lustandlove.eu\\\/et\\\/toode\\\/ily-bullet-kuulvibraator%f0%9f%a9%b7\\\/#primaryimage\"},\"thumbnailUrl\":\"https:\\\/\\\/lustandlove.eu\\\/wp-content\\\/uploads\\\/Bullet_1.jpg.jpeg\",\"datePublished\":\"2026-01-28T08:01:26+00:00\",\"dateModified\":\"2026-04-13T07:26:21+00:00\",\"description\":\"V\u00e4ike kuulvibraator, mis viib teie m\u00e4ngu ja enesearmastuse uuele tasemele. M\u00fcriseva mootori ja \u00fclipehme silikooniga m\u00e4nguasi on teie uus parim s\u00f5ber.\",\"breadcrumb\":{\"@id\":\"https:\\\/\\\/lustandlove.eu\\\/et\\\/toode\\\/ily-bullet-kuulvibraator%f0%9f%a9%b7\\\/#breadcrumb\"},\"inLanguage\":\"et\",\"potentialAction\":[{\"@type\":\"ReadAction\",\"target\":[\"https:\\\/\\\/lustandlove.eu\\\/et\\\/toode\\\/ily-bullet-kuulvibraator%f0%9f%a9%b7\\\/\"]}]},{\"@type\":\"ImageObject\",\"inLanguage\":\"et\",\"@id\":\"https:\\\/\\\/lustandlove.eu\\\/et\\\/toode\\\/ily-bullet-kuulvibraator%f0%9f%a9%b7\\\/#primaryimage\",\"url\":\"https:\\\/\\\/lustandlove.eu\\\/wp-content\\\/uploads\\\/Bullet_1.jpg.jpeg\",\"contentUrl\":\"https:\\\/\\\/lustandlove.eu\\\/wp-content\\\/uploads\\\/Bullet_1.jpg.jpeg\",\"width\":1000,\"height\":1000},{\"@type\":\"BreadcrumbList\",\"@id\":\"https:\\\/\\\/lustandlove.eu\\\/et\\\/toode\\\/ily-bullet-kuulvibraator%f0%9f%a9%b7\\\/#breadcrumb\",\"itemListElement\":[{\"@type\":\"ListItem\",\"position\":1,\"name\":\"Lust and Love\",\"item\":\"https:\\\/\\\/lustandlove.eu\\\/et\\\/\"},{\"@type\":\"ListItem\",\"position\":2,\"name\":\"Pood\",\"item\":\"https:\\\/\\\/lustandlove.eu\\\/et\\\/pood\\\/\"},{\"@type\":\"ListItem\",\"position\":3,\"name\":\"Sekslelud\",\"item\":\"https:\\\/\\\/lustandlove.eu\\\/et\\\/pood\\\/sekslelud\\\/\"},{\"@type\":\"ListItem\",\"position\":4,\"name\":\"Vibraatorid\",\"item\":\"https:\\\/\\\/lustandlove.eu\\\/et\\\/pood\\\/sekslelud\\\/vibraatorid\\\/\"},{\"@type\":\"ListItem\",\"position\":5,\"name\":\"Kuulvibraator\",\"item\":\"https:\\\/\\\/lustandlove.eu\\\/et\\\/pood\\\/sekslelud\\\/vibraatorid\\\/kuulvibraator\\\/\"},{\"@type\":\"ListItem\",\"position\":6,\"name\":\"ILY Bullet kuulvibraator\ud83e\ude77\"}]},{\"@type\":\"WebSite\",\"@id\":\"https:\\\/\\\/lustandlove.eu\\\/et\\\/#website\",\"url\":\"https:\\\/\\\/lustandlove.eu\\\/et\\\/\",\"name\":\"Lust & Love\",\"description\":\"Online erootikapood tervise, ilu ja armastuse jaoks\",\"publisher\":{\"@id\":\"https:\\\/\\\/lustandlove.eu\\\/et\\\/#organization\"},\"potentialAction\":[{\"@type\":\"SearchAction\",\"target\":{\"@type\":\"EntryPoint\",\"urlTemplate\":\"https:\\\/\\\/lustandlove.eu\\\/et\\\/?s={search_term_string}\"},\"query-input\":{\"@type\":\"PropertyValueSpecification\",\"valueRequired\":true,\"valueName\":\"search_term_string\"}}],\"inLanguage\":\"et\"},{\"@type\":\"Organization\",\"@id\":\"https:\\\/\\\/lustandlove.eu\\\/et\\\/#organization\",\"name\":\"Bioconcept Baltics O\u00dc\",\"url\":\"https:\\\/\\\/lustandlove.eu\\\/et\\\/\",\"logo\":{\"@type\":\"ImageObject\",\"inLanguage\":\"et\",\"@id\":\"https:\\\/\\\/lustandlove.eu\\\/et\\\/#\\\/schema\\\/logo\\\/image\\\/\",\"url\":\"https:\\\/\\\/lustandlove.eu\\\/wp-content\\\/uploads\\\/logo-full-2.png\",\"contentUrl\":\"https:\\\/\\\/lustandlove.eu\\\/wp-content\\\/uploads\\\/logo-full-2.png\",\"width\":837,\"height\":200,\"caption\":\"Bioconcept Baltics O\u00dc\"},\"image\":{\"@id\":\"https:\\\/\\\/lustandlove.eu\\\/et\\\/#\\\/schema\\\/logo\\\/image\\\/\"},\"sameAs\":[\"https:\\\/\\\/www.facebook.com\\\/LustandLoveEU\\\/\",\"https:\\\/\\\/www.instagram.com\\\/lustandloveeu\\\/\"]}]}<\/script>\n<!-- \/ Yoast SEO plugin. -->","yoast_head_json":{"title":"ILY Bullet kuulvibraator\ud83e\ude77 | Lust and Love","description":"V\u00e4ike kuulvibraator, mis viib teie m\u00e4ngu ja enesearmastuse uuele tasemele. M\u00fcriseva mootori ja \u00fclipehme silikooniga m\u00e4nguasi on teie uus parim s\u00f5ber.","robots":{"index,follow,max-snippet":"index,follow,max-snippet:-1,max-image-preview:large,max-video-preview:-1"},"canonical":"https:\/\/lustandlove.eu\/et\/toode\/ily-bullet-kuulvibraator%f0%9f%a9%b7\/","schema":{"@context":"https:\/\/schema.org","@graph":[{"@type":["WebPage","ItemPage"],"@id":"https:\/\/lustandlove.eu\/et\/toode\/ily-bullet-kuulvibraator%f0%9f%a9%b7\/","url":"https:\/\/lustandlove.eu\/et\/toode\/ily-bullet-kuulvibraator%f0%9f%a9%b7\/","name":"ILY Bullet kuulvibraator\ud83e\ude77 | Lust and Love","isPartOf":{"@id":"https:\/\/lustandlove.eu\/et\/#website"},"primaryImageOfPage":{"@id":"https:\/\/lustandlove.eu\/et\/toode\/ily-bullet-kuulvibraator%f0%9f%a9%b7\/#primaryimage"},"image":{"@id":"https:\/\/lustandlove.eu\/et\/toode\/ily-bullet-kuulvibraator%f0%9f%a9%b7\/#primaryimage"},"thumbnailUrl":"https:\/\/lustandlove.eu\/wp-content\/uploads\/Bullet_1.jpg.jpeg","datePublished":"2026-01-28T08:01:26+00:00","dateModified":"2026-04-13T07:26:21+00:00","description":"V\u00e4ike kuulvibraator, mis viib teie m\u00e4ngu ja enesearmastuse uuele tasemele. M\u00fcriseva mootori ja \u00fclipehme silikooniga m\u00e4nguasi on teie uus parim s\u00f5ber.","breadcrumb":{"@id":"https:\/\/lustandlove.eu\/et\/toode\/ily-bullet-kuulvibraator%f0%9f%a9%b7\/#breadcrumb"},"inLanguage":"et","potentialAction":[{"@type":"ReadAction","target":["https:\/\/lustandlove.eu\/et\/toode\/ily-bullet-kuulvibraator%f0%9f%a9%b7\/"]}]},{"@type":"ImageObject","inLanguage":"et","@id":"https:\/\/lustandlove.eu\/et\/toode\/ily-bullet-kuulvibraator%f0%9f%a9%b7\/#primaryimage","url":"https:\/\/lustandlove.eu\/wp-content\/uploads\/Bullet_1.jpg.jpeg","contentUrl":"https:\/\/lustandlove.eu\/wp-content\/uploads\/Bullet_1.jpg.jpeg","width":1000,"height":1000},{"@type":"BreadcrumbList","@id":"https:\/\/lustandlove.eu\/et\/toode\/ily-bullet-kuulvibraator%f0%9f%a9%b7\/#breadcrumb","itemListElement":[{"@type":"ListItem","position":1,"name":"Lust and Love","item":"https:\/\/lustandlove.eu\/et\/"},{"@type":"ListItem","position":2,"name":"Pood","item":"https:\/\/lustandlove.eu\/et\/pood\/"},{"@type":"ListItem","position":3,"name":"Sekslelud","item":"https:\/\/lustandlove.eu\/et\/pood\/sekslelud\/"},{"@type":"ListItem","position":4,"name":"Vibraatorid","item":"https:\/\/lustandlove.eu\/et\/pood\/sekslelud\/vibraatorid\/"},{"@type":"ListItem","position":5,"name":"Kuulvibraator","item":"https:\/\/lustandlove.eu\/et\/pood\/sekslelud\/vibraatorid\/kuulvibraator\/"},{"@type":"ListItem","position":6,"name":"ILY Bullet kuulvibraator\ud83e\ude77"}]},{"@type":"WebSite","@id":"https:\/\/lustandlove.eu\/et\/#website","url":"https:\/\/lustandlove.eu\/et\/","name":"Lust & Love","description":"Online erootikapood tervise, ilu ja armastuse jaoks","publisher":{"@id":"https:\/\/lustandlove.eu\/et\/#organization"},"potentialAction":[{"@type":"SearchAction","target":{"@type":"EntryPoint","urlTemplate":"https:\/\/lustandlove.eu\/et\/?s={search_term_string}"},"query-input":{"@type":"PropertyValueSpecification","valueRequired":true,"valueName":"search_term_string"}}],"inLanguage":"et"},{"@type":"Organization","@id":"https:\/\/lustandlove.eu\/et\/#organization","name":"Bioconcept Baltics O\u00dc","url":"https:\/\/lustandlove.eu\/et\/","logo":{"@type":"ImageObject","inLanguage":"et","@id":"https:\/\/lustandlove.eu\/et\/#\/schema\/logo\/image\/","url":"https:\/\/lustandlove.eu\/wp-content\/uploads\/logo-full-2.png","contentUrl":"https:\/\/lustandlove.eu\/wp-content\/uploads\/logo-full-2.png","width":837,"height":200,"caption":"Bioconcept Baltics O\u00dc"},"image":{"@id":"https:\/\/lustandlove.eu\/et\/#\/schema\/logo\/image\/"},"sameAs":["https:\/\/www.facebook.com\/LustandLoveEU\/","https:\/\/www.instagram.com\/lustandloveeu\/"]}]}},"_links":{"self":[{"href":"https:\/\/lustandlove.eu\/et\/wp-json\/wp\/v2\/product\/95049","targetHints":{"allow":["GET"]}}],"collection":[{"href":"https:\/\/lustandlove.eu\/et\/wp-json\/wp\/v2\/product"}],"about":[{"href":"https:\/\/lustandlove.eu\/et\/wp-json\/wp\/v2\/types\/product"}],"wp:featuredmedia":[{"embeddable":true,"href":"https:\/\/lustandlove.eu\/et\/wp-json\/wp\/v2\/media\/95061"}],"wp:attachment":[{"href":"https:\/\/lustandlove.eu\/et\/wp-json\/wp\/v2\/media?parent=95049"}],"wp:term":[{"taxonomy":"product_brand","embeddable":true,"href":"https:\/\/lustandlove.eu\/et\/wp-json\/wp\/v2\/product_brand?post=95049"},{"taxonomy":"product_cat","embeddable":true,"href":"https:\/\/lustandlove.eu\/et\/wp-json\/wp\/v2\/product_cat?post=95049"},{"taxonomy":"product_tag","embeddable":true,"href":"https:\/\/lustandlove.eu\/et\/wp-json\/wp\/v2\/product_tag?post=95049"}],"curies":[{"name":"wp","href":"https:\/\/api.w.org\/{rel}","templated":true}]}}