{"id":95069,"date":"2026-01-30T14:11:08","date_gmt":"2026-01-30T12:11:09","guid":{"rendered":"https:\/\/lustandlove.eu\/?post_type=product&#038;p=95069"},"modified":"2026-04-13T10:26:20","modified_gmt":"2026-04-13T07:26:20","slug":"30-paeva-sidumise-valjakutsete-mang-copy","status":"publish","type":"product","link":"https:\/\/lustandlove.eu\/et\/toode\/30-paeva-sidumise-valjakutsete-mang-copy\/","title":{"rendered":"30 P\u00e4eva Eelm\u00e4ngu V\u00e4ljakutsete M\u00e4ng"},"content":{"rendered":"<p>Kas sa suudaksid vastu pidada 29 p\u00e4eva ainult eelm\u00e4nguga? Esita endale selle m\u00e4nguga v\u00e4ljakutse. Sa avastad uuesti seksimaailma, mis ulatub penetratsioonist kaugemale. M\u00e4ng muutub intensiivsuse poolest madalamast k\u00f5rgemani, seega viivad need igap\u00e4evased v\u00e4ljakutsed sind teekonnale, mille k\u00e4igus suurendad erutustaset kuni 30. p\u00e4eva kogemuse l\u00f5ppauhinnani. Sa saavutad maksimaalse erutustaseme.<\/p>\n<p>Kui soovid endale ka p\u00e4rast 30 p\u00e4eva l\u00f5ppu v\u00e4ljakutseid esitada, proovi <a href=\"https:\/\/lustandlove.eu\/et\/toode\/30-day-romantic-challenge\/\">30-p\u00e4evast romantilist v\u00e4ljakutset<\/a>, et tunda end armunumana kui kunagi varem.<\/p>\n<p>30 kaarti &#8211; 110 x 110 mm. V\u00e4ljakutsekaardid on inglise ja hispaania keeles.<\/p>\n","protected":false},"excerpt":{"rendered":"<p>Kas suudad vastu pidada 29 p\u00e4eva ainult eelm\u00e4nguga? Pange ennast selle m\u00e4nguga proovile ja avastage maailm ilma penetratsioonita.<\/p>\n","protected":false},"featured_media":95071,"template":"","meta":[],"product_brand":[4239],"product_cat":[4009,4010],"product_tag":[3013,3014],"class_list":{"0":"post-95069","1":"product","2":"type-product","3":"status-publish","4":"has-post-thumbnail","6":"product_brand-secret-play-et","7":"product_cat-lobu-mangud","8":"product_cat-mangud","9":"product_tag-secret-play-et","10":"product_tag-secretplay-et","11":"pa_brand-secret-play-et","13":"first","14":"instock","15":"taxable","16":"shipping-taxable","17":"purchasable","18":"product-type-simple"},"yoast_head":"<!-- This site is optimized with the Yoast SEO plugin v27.4 - https:\/\/yoast.com\/product\/yoast-seo-wordpress\/ -->\n<title>30 P\u00e4eva Eelm\u00e4ngu V\u00e4ljakutsete M\u00e4ng | Lust and Love<\/title>\n<meta name=\"description\" content=\"Kas pead vastu 29 p\u00e4eva ainult eelm\u00e4nguga? Pane ennast selle m\u00e4nguga proovile. Avastage seksimaailma t\u00e4iesti eemal penetratsioonist\" \/>\n<meta name=\"robots\" content=\"index,follow,max-snippet:-1,max-image-preview:large,max-video-preview:-1\" \/>\n<link rel=\"canonical\" href=\"https:\/\/lustandlove.eu\/et\/toode\/30-paeva-sidumise-valjakutsete-mang-copy\/\" \/>\n<script type=\"application\/ld+json\" class=\"yoast-schema-graph\">{\"@context\":\"https:\\\/\\\/schema.org\",\"@graph\":[{\"@type\":[\"WebPage\",\"ItemPage\"],\"@id\":\"https:\\\/\\\/lustandlove.eu\\\/et\\\/toode\\\/30-paeva-sidumise-valjakutsete-mang-copy\\\/\",\"url\":\"https:\\\/\\\/lustandlove.eu\\\/et\\\/toode\\\/30-paeva-sidumise-valjakutsete-mang-copy\\\/\",\"name\":\"30 P\u00e4eva Eelm\u00e4ngu V\u00e4ljakutsete M\u00e4ng | Lust and Love\",\"isPartOf\":{\"@id\":\"https:\\\/\\\/lustandlove.eu\\\/et\\\/#website\"},\"primaryImageOfPage\":{\"@id\":\"https:\\\/\\\/lustandlove.eu\\\/et\\\/toode\\\/30-paeva-sidumise-valjakutsete-mang-copy\\\/#primaryimage\"},\"image\":{\"@id\":\"https:\\\/\\\/lustandlove.eu\\\/et\\\/toode\\\/30-paeva-sidumise-valjakutsete-mang-copy\\\/#primaryimage\"},\"thumbnailUrl\":\"https:\\\/\\\/lustandlove.eu\\\/wp-content\\\/uploads\\\/foreplay_1.jpg\",\"datePublished\":\"2026-01-30T12:11:09+00:00\",\"dateModified\":\"2026-04-13T07:26:20+00:00\",\"description\":\"Kas pead vastu 29 p\u00e4eva ainult eelm\u00e4nguga? Pane ennast selle m\u00e4nguga proovile. Avastage seksimaailma t\u00e4iesti eemal penetratsioonist\",\"breadcrumb\":{\"@id\":\"https:\\\/\\\/lustandlove.eu\\\/et\\\/toode\\\/30-paeva-sidumise-valjakutsete-mang-copy\\\/#breadcrumb\"},\"inLanguage\":\"et\",\"potentialAction\":[{\"@type\":\"ReadAction\",\"target\":[\"https:\\\/\\\/lustandlove.eu\\\/et\\\/toode\\\/30-paeva-sidumise-valjakutsete-mang-copy\\\/\"]}]},{\"@type\":\"ImageObject\",\"inLanguage\":\"et\",\"@id\":\"https:\\\/\\\/lustandlove.eu\\\/et\\\/toode\\\/30-paeva-sidumise-valjakutsete-mang-copy\\\/#primaryimage\",\"url\":\"https:\\\/\\\/lustandlove.eu\\\/wp-content\\\/uploads\\\/foreplay_1.jpg\",\"contentUrl\":\"https:\\\/\\\/lustandlove.eu\\\/wp-content\\\/uploads\\\/foreplay_1.jpg\",\"width\":1024,\"height\":1024,\"caption\":\"30 day foreplay challenge\"},{\"@type\":\"BreadcrumbList\",\"@id\":\"https:\\\/\\\/lustandlove.eu\\\/et\\\/toode\\\/30-paeva-sidumise-valjakutsete-mang-copy\\\/#breadcrumb\",\"itemListElement\":[{\"@type\":\"ListItem\",\"position\":1,\"name\":\"Lust and Love\",\"item\":\"https:\\\/\\\/lustandlove.eu\\\/et\\\/\"},{\"@type\":\"ListItem\",\"position\":2,\"name\":\"Pood\",\"item\":\"https:\\\/\\\/lustandlove.eu\\\/et\\\/pood\\\/\"},{\"@type\":\"ListItem\",\"position\":3,\"name\":\"L\u00f5bu &amp; M\u00e4ngud\",\"item\":\"https:\\\/\\\/lustandlove.eu\\\/et\\\/pood\\\/lobu-mangud\\\/\"},{\"@type\":\"ListItem\",\"position\":4,\"name\":\"M\u00e4ngud\",\"item\":\"https:\\\/\\\/lustandlove.eu\\\/et\\\/pood\\\/lobu-mangud\\\/mangud\\\/\"},{\"@type\":\"ListItem\",\"position\":5,\"name\":\"30 P\u00e4eva Eelm\u00e4ngu V\u00e4ljakutsete M\u00e4ng\"}]},{\"@type\":\"WebSite\",\"@id\":\"https:\\\/\\\/lustandlove.eu\\\/et\\\/#website\",\"url\":\"https:\\\/\\\/lustandlove.eu\\\/et\\\/\",\"name\":\"Lust & Love\",\"description\":\"Online erootikapood tervise, ilu ja armastuse jaoks\",\"publisher\":{\"@id\":\"https:\\\/\\\/lustandlove.eu\\\/et\\\/#organization\"},\"potentialAction\":[{\"@type\":\"SearchAction\",\"target\":{\"@type\":\"EntryPoint\",\"urlTemplate\":\"https:\\\/\\\/lustandlove.eu\\\/et\\\/?s={search_term_string}\"},\"query-input\":{\"@type\":\"PropertyValueSpecification\",\"valueRequired\":true,\"valueName\":\"search_term_string\"}}],\"inLanguage\":\"et\"},{\"@type\":\"Organization\",\"@id\":\"https:\\\/\\\/lustandlove.eu\\\/et\\\/#organization\",\"name\":\"Bioconcept Baltics O\u00dc\",\"url\":\"https:\\\/\\\/lustandlove.eu\\\/et\\\/\",\"logo\":{\"@type\":\"ImageObject\",\"inLanguage\":\"et\",\"@id\":\"https:\\\/\\\/lustandlove.eu\\\/et\\\/#\\\/schema\\\/logo\\\/image\\\/\",\"url\":\"https:\\\/\\\/lustandlove.eu\\\/wp-content\\\/uploads\\\/logo-full-2.png\",\"contentUrl\":\"https:\\\/\\\/lustandlove.eu\\\/wp-content\\\/uploads\\\/logo-full-2.png\",\"width\":837,\"height\":200,\"caption\":\"Bioconcept Baltics O\u00dc\"},\"image\":{\"@id\":\"https:\\\/\\\/lustandlove.eu\\\/et\\\/#\\\/schema\\\/logo\\\/image\\\/\"},\"sameAs\":[\"https:\\\/\\\/www.facebook.com\\\/LustandLoveEU\\\/\",\"https:\\\/\\\/www.instagram.com\\\/lustandloveeu\\\/\"]}]}<\/script>\n<!-- \/ Yoast SEO plugin. -->","yoast_head_json":{"title":"30 P\u00e4eva Eelm\u00e4ngu V\u00e4ljakutsete M\u00e4ng | Lust and Love","description":"Kas pead vastu 29 p\u00e4eva ainult eelm\u00e4nguga? Pane ennast selle m\u00e4nguga proovile. Avastage seksimaailma t\u00e4iesti eemal penetratsioonist","robots":{"index,follow,max-snippet":"index,follow,max-snippet:-1,max-image-preview:large,max-video-preview:-1"},"canonical":"https:\/\/lustandlove.eu\/et\/toode\/30-paeva-sidumise-valjakutsete-mang-copy\/","schema":{"@context":"https:\/\/schema.org","@graph":[{"@type":["WebPage","ItemPage"],"@id":"https:\/\/lustandlove.eu\/et\/toode\/30-paeva-sidumise-valjakutsete-mang-copy\/","url":"https:\/\/lustandlove.eu\/et\/toode\/30-paeva-sidumise-valjakutsete-mang-copy\/","name":"30 P\u00e4eva Eelm\u00e4ngu V\u00e4ljakutsete M\u00e4ng | Lust and Love","isPartOf":{"@id":"https:\/\/lustandlove.eu\/et\/#website"},"primaryImageOfPage":{"@id":"https:\/\/lustandlove.eu\/et\/toode\/30-paeva-sidumise-valjakutsete-mang-copy\/#primaryimage"},"image":{"@id":"https:\/\/lustandlove.eu\/et\/toode\/30-paeva-sidumise-valjakutsete-mang-copy\/#primaryimage"},"thumbnailUrl":"https:\/\/lustandlove.eu\/wp-content\/uploads\/foreplay_1.jpg","datePublished":"2026-01-30T12:11:09+00:00","dateModified":"2026-04-13T07:26:20+00:00","description":"Kas pead vastu 29 p\u00e4eva ainult eelm\u00e4nguga? Pane ennast selle m\u00e4nguga proovile. Avastage seksimaailma t\u00e4iesti eemal penetratsioonist","breadcrumb":{"@id":"https:\/\/lustandlove.eu\/et\/toode\/30-paeva-sidumise-valjakutsete-mang-copy\/#breadcrumb"},"inLanguage":"et","potentialAction":[{"@type":"ReadAction","target":["https:\/\/lustandlove.eu\/et\/toode\/30-paeva-sidumise-valjakutsete-mang-copy\/"]}]},{"@type":"ImageObject","inLanguage":"et","@id":"https:\/\/lustandlove.eu\/et\/toode\/30-paeva-sidumise-valjakutsete-mang-copy\/#primaryimage","url":"https:\/\/lustandlove.eu\/wp-content\/uploads\/foreplay_1.jpg","contentUrl":"https:\/\/lustandlove.eu\/wp-content\/uploads\/foreplay_1.jpg","width":1024,"height":1024,"caption":"30 day foreplay challenge"},{"@type":"BreadcrumbList","@id":"https:\/\/lustandlove.eu\/et\/toode\/30-paeva-sidumise-valjakutsete-mang-copy\/#breadcrumb","itemListElement":[{"@type":"ListItem","position":1,"name":"Lust and Love","item":"https:\/\/lustandlove.eu\/et\/"},{"@type":"ListItem","position":2,"name":"Pood","item":"https:\/\/lustandlove.eu\/et\/pood\/"},{"@type":"ListItem","position":3,"name":"L\u00f5bu &amp; M\u00e4ngud","item":"https:\/\/lustandlove.eu\/et\/pood\/lobu-mangud\/"},{"@type":"ListItem","position":4,"name":"M\u00e4ngud","item":"https:\/\/lustandlove.eu\/et\/pood\/lobu-mangud\/mangud\/"},{"@type":"ListItem","position":5,"name":"30 P\u00e4eva Eelm\u00e4ngu V\u00e4ljakutsete M\u00e4ng"}]},{"@type":"WebSite","@id":"https:\/\/lustandlove.eu\/et\/#website","url":"https:\/\/lustandlove.eu\/et\/","name":"Lust & Love","description":"Online erootikapood tervise, ilu ja armastuse jaoks","publisher":{"@id":"https:\/\/lustandlove.eu\/et\/#organization"},"potentialAction":[{"@type":"SearchAction","target":{"@type":"EntryPoint","urlTemplate":"https:\/\/lustandlove.eu\/et\/?s={search_term_string}"},"query-input":{"@type":"PropertyValueSpecification","valueRequired":true,"valueName":"search_term_string"}}],"inLanguage":"et"},{"@type":"Organization","@id":"https:\/\/lustandlove.eu\/et\/#organization","name":"Bioconcept Baltics O\u00dc","url":"https:\/\/lustandlove.eu\/et\/","logo":{"@type":"ImageObject","inLanguage":"et","@id":"https:\/\/lustandlove.eu\/et\/#\/schema\/logo\/image\/","url":"https:\/\/lustandlove.eu\/wp-content\/uploads\/logo-full-2.png","contentUrl":"https:\/\/lustandlove.eu\/wp-content\/uploads\/logo-full-2.png","width":837,"height":200,"caption":"Bioconcept Baltics O\u00dc"},"image":{"@id":"https:\/\/lustandlove.eu\/et\/#\/schema\/logo\/image\/"},"sameAs":["https:\/\/www.facebook.com\/LustandLoveEU\/","https:\/\/www.instagram.com\/lustandloveeu\/"]}]}},"_links":{"self":[{"href":"https:\/\/lustandlove.eu\/et\/wp-json\/wp\/v2\/product\/95069","targetHints":{"allow":["GET"]}}],"collection":[{"href":"https:\/\/lustandlove.eu\/et\/wp-json\/wp\/v2\/product"}],"about":[{"href":"https:\/\/lustandlove.eu\/et\/wp-json\/wp\/v2\/types\/product"}],"wp:featuredmedia":[{"embeddable":true,"href":"https:\/\/lustandlove.eu\/et\/wp-json\/wp\/v2\/media\/95071"}],"wp:attachment":[{"href":"https:\/\/lustandlove.eu\/et\/wp-json\/wp\/v2\/media?parent=95069"}],"wp:term":[{"taxonomy":"product_brand","embeddable":true,"href":"https:\/\/lustandlove.eu\/et\/wp-json\/wp\/v2\/product_brand?post=95069"},{"taxonomy":"product_cat","embeddable":true,"href":"https:\/\/lustandlove.eu\/et\/wp-json\/wp\/v2\/product_cat?post=95069"},{"taxonomy":"product_tag","embeddable":true,"href":"https:\/\/lustandlove.eu\/et\/wp-json\/wp\/v2\/product_tag?post=95069"}],"curies":[{"name":"wp","href":"https:\/\/api.w.org\/{rel}","templated":true}]}}