{"id":95102,"date":"2026-02-17T13:01:11","date_gmt":"2026-02-17T11:01:11","guid":{"rendered":"https:\/\/lustandlove.eu\/?post_type=product&#038;p=95102"},"modified":"2026-04-13T10:26:20","modified_gmt":"2026-04-13T07:26:20","slug":"kiotos-seksimasin-mini-allure","status":"publish","type":"product","link":"https:\/\/lustandlove.eu\/et\/toode\/kiotos-seksimasin-mini-allure\/","title":{"rendered":"Kiotos Seksimasin &#8211; Mini Allure"},"content":{"rendered":"<p>Reguleerige h\u00f5lpsasti seksimasina nurga oma lemmikpositsioonidele sobivaks ja nautige tugeva mootori poolt tagatud sujuvat ja \u00fchtlast t\u00f5ukamist. Nelja kaasasoleva iminapaga saab masina kindlalt siledale pinnale kinnitada, kiir\u00fchendusega \u00fchendusdetailiga on aga lihtne vahetada lisaseadmeid.<\/p>\n<p>Mini Allure seksimasinat saab h\u00f5lpsasti juhtida juhtmeta puldiga v\u00f5i iToys rakenduse kaudu \u2013 ideaalne nii \u00fcksinda seiklemiseks kui ka p\u00f5nevaks partneriga m\u00e4ngimiseks.<\/p>\n<p><strong>Toote omadused:<\/strong><\/p>\n<p>Kompaktne premium-klassi seksimasin alumiiniumisulamist<br \/>\nReguleeritav nurk kohandatud positsioneerimiseks<br \/>\nV\u00f5imas, vaikselt t\u00f6\u00f6tav mootor<br \/>\nKiirvabastuskonnektor kiireks lisaseadmete vahetamiseks<br \/>\n\u00dchilduv iminappadega dildodega<br \/>\n4 v\u00f5imsat iminappi kindlaks kinnitamiseks siledatele pindadele<br \/>\nJuhtimine juhtmeta pulti ja iToys rakendusega<br \/>\nLihtne kokku panna ja hoiustada<\/p>\n<p><strong>Tehnilised andmed<\/strong>:<\/p>\n<p>Aluse suurus: 27,7 \u00d7 18,5 \u00d7 22,2 cm<br \/>\nK\u00f5rgus: 22,2 cm<br \/>\nT\u00f5uke pikkus: 5 cm<br \/>\nDildo 1: 22 cm \u00d7 3 cm<br \/>\nMaterjal: alumiiniumisulam, silikoonist dildo<\/p>\n<p><strong>Komplektis<\/strong>:<\/p>\n<p>1 seksimasin<br \/>\n1 silikoonist dildo kiirvabastuse s\u00fcsteemiga<br \/>\nIminapi kinnitusplaat<br \/>\n4 tugevat iminapaga kinnitust<br \/>\nPainduv vedruvarras<br \/>\nToitekaabel ja adapter<br \/>\nJuhtmevaba kaugjuhtimispult<\/p>\n<p><strong>Hooldusjuhised<\/strong>:<\/p>\n<p>Kiotos Love Machine &#8211; Mini Allure \u00f5ige hoolduse ja hoiustamise tagamiseks m\u00e4\u00e4rige liugurid regulaarselt kuumuskindla k\u00e4igukasti\u00f5liga, et tagada sujuv t\u00f6\u00f6 ja pikendada kasutusiga.<\/p>\n","protected":false},"excerpt":{"rendered":"<p>Avasta Kiotos Fuck Machine Mini Allure kompaktne v\u00f5imsus \u2013 see on k\u00f5rgekvaliteetne seksimasin, mis on valmistatud vastupidavast alumiiniumsulamist. Vaatamata oma elegantsele ja kaasaskantavale suurusele pakub see seksimasin intensiivset, t\u00e4pselt kontrollitavat stimulatsiooni ja on \u00fclimalt vaikne.<\/p>\n","protected":false},"featured_media":95104,"template":"","meta":[],"product_brand":[4218],"product_cat":[4115,1484],"product_tag":[4127,4125,4126],"class_list":{"0":"post-95102","1":"product","2":"type-product","3":"status-publish","4":"has-post-thumbnail","6":"product_brand-kiotos-et","7":"product_cat-seksimasinad","8":"product_cat-sekslelud","9":"product_tag-fuck-machine-et","10":"product_tag-love-machine-et","11":"product_tag-sex-machine-et","12":"pa_brand-kiotos-et","14":"first","15":"instock","16":"taxable","17":"shipping-taxable","18":"purchasable","19":"product-type-simple"},"yoast_head":"<!-- This site is optimized with the Yoast SEO plugin v27.4 - https:\/\/yoast.com\/product\/yoast-seo-wordpress\/ -->\n<title>Kiotos Seksimasin - Mini Allure | Lust &amp; Love Sex Shop<\/title>\n<meta name=\"description\" content=\"Avasta Kiotos Fuck Machine Mini Allure kompaktne v\u00f5imsus \u2013 see on k\u00f5rgekvaliteetne seksimasin, mis on valmistatud vastupidavast alumiiniumsulamist.\" \/>\n<meta name=\"robots\" content=\"index,follow,max-snippet:-1,max-image-preview:large,max-video-preview:-1\" \/>\n<link rel=\"canonical\" href=\"https:\/\/lustandlove.eu\/et\/toode\/kiotos-seksimasin-mini-allure\/\" \/>\n<script type=\"application\/ld+json\" class=\"yoast-schema-graph\">{\"@context\":\"https:\\\/\\\/schema.org\",\"@graph\":[{\"@type\":[\"WebPage\",\"ItemPage\"],\"@id\":\"https:\\\/\\\/lustandlove.eu\\\/et\\\/toode\\\/kiotos-seksimasin-mini-allure\\\/\",\"url\":\"https:\\\/\\\/lustandlove.eu\\\/et\\\/toode\\\/kiotos-seksimasin-mini-allure\\\/\",\"name\":\"Kiotos Seksimasin - Mini Allure | Lust & Love Sex Shop\",\"isPartOf\":{\"@id\":\"https:\\\/\\\/lustandlove.eu\\\/et\\\/#website\"},\"primaryImageOfPage\":{\"@id\":\"https:\\\/\\\/lustandlove.eu\\\/et\\\/toode\\\/kiotos-seksimasin-mini-allure\\\/#primaryimage\"},\"image\":{\"@id\":\"https:\\\/\\\/lustandlove.eu\\\/et\\\/toode\\\/kiotos-seksimasin-mini-allure\\\/#primaryimage\"},\"thumbnailUrl\":\"https:\\\/\\\/lustandlove.eu\\\/wp-content\\\/uploads\\\/kiotos_love_machine_-_mini_allure_opr-401003_0.jpg_1.jpeg\",\"datePublished\":\"2026-02-17T11:01:11+00:00\",\"dateModified\":\"2026-04-13T07:26:20+00:00\",\"description\":\"Avasta Kiotos Fuck Machine Mini Allure kompaktne v\u00f5imsus \u2013 see on k\u00f5rgekvaliteetne seksimasin, mis on valmistatud vastupidavast alumiiniumsulamist.\",\"breadcrumb\":{\"@id\":\"https:\\\/\\\/lustandlove.eu\\\/et\\\/toode\\\/kiotos-seksimasin-mini-allure\\\/#breadcrumb\"},\"inLanguage\":\"et\",\"potentialAction\":[{\"@type\":\"ReadAction\",\"target\":[\"https:\\\/\\\/lustandlove.eu\\\/et\\\/toode\\\/kiotos-seksimasin-mini-allure\\\/\"]}]},{\"@type\":\"ImageObject\",\"inLanguage\":\"et\",\"@id\":\"https:\\\/\\\/lustandlove.eu\\\/et\\\/toode\\\/kiotos-seksimasin-mini-allure\\\/#primaryimage\",\"url\":\"https:\\\/\\\/lustandlove.eu\\\/wp-content\\\/uploads\\\/kiotos_love_machine_-_mini_allure_opr-401003_0.jpg_1.jpeg\",\"contentUrl\":\"https:\\\/\\\/lustandlove.eu\\\/wp-content\\\/uploads\\\/kiotos_love_machine_-_mini_allure_opr-401003_0.jpg_1.jpeg\",\"width\":700,\"height\":450},{\"@type\":\"BreadcrumbList\",\"@id\":\"https:\\\/\\\/lustandlove.eu\\\/et\\\/toode\\\/kiotos-seksimasin-mini-allure\\\/#breadcrumb\",\"itemListElement\":[{\"@type\":\"ListItem\",\"position\":1,\"name\":\"Lust and Love\",\"item\":\"https:\\\/\\\/lustandlove.eu\\\/et\\\/\"},{\"@type\":\"ListItem\",\"position\":2,\"name\":\"Pood\",\"item\":\"https:\\\/\\\/lustandlove.eu\\\/et\\\/pood\\\/\"},{\"@type\":\"ListItem\",\"position\":3,\"name\":\"Sekslelud\",\"item\":\"https:\\\/\\\/lustandlove.eu\\\/et\\\/pood\\\/sekslelud\\\/\"},{\"@type\":\"ListItem\",\"position\":4,\"name\":\"Seksimasinad\",\"item\":\"https:\\\/\\\/lustandlove.eu\\\/et\\\/pood\\\/sekslelud\\\/seksimasinad\\\/\"},{\"@type\":\"ListItem\",\"position\":5,\"name\":\"Kiotos Seksimasin &#8211; Mini Allure\"}]},{\"@type\":\"WebSite\",\"@id\":\"https:\\\/\\\/lustandlove.eu\\\/et\\\/#website\",\"url\":\"https:\\\/\\\/lustandlove.eu\\\/et\\\/\",\"name\":\"Lust & Love\",\"description\":\"Online erootikapood tervise, ilu ja armastuse jaoks\",\"publisher\":{\"@id\":\"https:\\\/\\\/lustandlove.eu\\\/et\\\/#organization\"},\"potentialAction\":[{\"@type\":\"SearchAction\",\"target\":{\"@type\":\"EntryPoint\",\"urlTemplate\":\"https:\\\/\\\/lustandlove.eu\\\/et\\\/?s={search_term_string}\"},\"query-input\":{\"@type\":\"PropertyValueSpecification\",\"valueRequired\":true,\"valueName\":\"search_term_string\"}}],\"inLanguage\":\"et\"},{\"@type\":\"Organization\",\"@id\":\"https:\\\/\\\/lustandlove.eu\\\/et\\\/#organization\",\"name\":\"Bioconcept Baltics O\u00dc\",\"url\":\"https:\\\/\\\/lustandlove.eu\\\/et\\\/\",\"logo\":{\"@type\":\"ImageObject\",\"inLanguage\":\"et\",\"@id\":\"https:\\\/\\\/lustandlove.eu\\\/et\\\/#\\\/schema\\\/logo\\\/image\\\/\",\"url\":\"https:\\\/\\\/lustandlove.eu\\\/wp-content\\\/uploads\\\/logo-full-2.png\",\"contentUrl\":\"https:\\\/\\\/lustandlove.eu\\\/wp-content\\\/uploads\\\/logo-full-2.png\",\"width\":837,\"height\":200,\"caption\":\"Bioconcept Baltics O\u00dc\"},\"image\":{\"@id\":\"https:\\\/\\\/lustandlove.eu\\\/et\\\/#\\\/schema\\\/logo\\\/image\\\/\"},\"sameAs\":[\"https:\\\/\\\/www.facebook.com\\\/LustandLoveEU\\\/\",\"https:\\\/\\\/www.instagram.com\\\/lustandloveeu\\\/\"]}]}<\/script>\n<!-- \/ Yoast SEO plugin. -->","yoast_head_json":{"title":"Kiotos Seksimasin - Mini Allure | Lust & Love Sex Shop","description":"Avasta Kiotos Fuck Machine Mini Allure kompaktne v\u00f5imsus \u2013 see on k\u00f5rgekvaliteetne seksimasin, mis on valmistatud vastupidavast alumiiniumsulamist.","robots":{"index,follow,max-snippet":"index,follow,max-snippet:-1,max-image-preview:large,max-video-preview:-1"},"canonical":"https:\/\/lustandlove.eu\/et\/toode\/kiotos-seksimasin-mini-allure\/","schema":{"@context":"https:\/\/schema.org","@graph":[{"@type":["WebPage","ItemPage"],"@id":"https:\/\/lustandlove.eu\/et\/toode\/kiotos-seksimasin-mini-allure\/","url":"https:\/\/lustandlove.eu\/et\/toode\/kiotos-seksimasin-mini-allure\/","name":"Kiotos Seksimasin - Mini Allure | Lust & Love Sex Shop","isPartOf":{"@id":"https:\/\/lustandlove.eu\/et\/#website"},"primaryImageOfPage":{"@id":"https:\/\/lustandlove.eu\/et\/toode\/kiotos-seksimasin-mini-allure\/#primaryimage"},"image":{"@id":"https:\/\/lustandlove.eu\/et\/toode\/kiotos-seksimasin-mini-allure\/#primaryimage"},"thumbnailUrl":"https:\/\/lustandlove.eu\/wp-content\/uploads\/kiotos_love_machine_-_mini_allure_opr-401003_0.jpg_1.jpeg","datePublished":"2026-02-17T11:01:11+00:00","dateModified":"2026-04-13T07:26:20+00:00","description":"Avasta Kiotos Fuck Machine Mini Allure kompaktne v\u00f5imsus \u2013 see on k\u00f5rgekvaliteetne seksimasin, mis on valmistatud vastupidavast alumiiniumsulamist.","breadcrumb":{"@id":"https:\/\/lustandlove.eu\/et\/toode\/kiotos-seksimasin-mini-allure\/#breadcrumb"},"inLanguage":"et","potentialAction":[{"@type":"ReadAction","target":["https:\/\/lustandlove.eu\/et\/toode\/kiotos-seksimasin-mini-allure\/"]}]},{"@type":"ImageObject","inLanguage":"et","@id":"https:\/\/lustandlove.eu\/et\/toode\/kiotos-seksimasin-mini-allure\/#primaryimage","url":"https:\/\/lustandlove.eu\/wp-content\/uploads\/kiotos_love_machine_-_mini_allure_opr-401003_0.jpg_1.jpeg","contentUrl":"https:\/\/lustandlove.eu\/wp-content\/uploads\/kiotos_love_machine_-_mini_allure_opr-401003_0.jpg_1.jpeg","width":700,"height":450},{"@type":"BreadcrumbList","@id":"https:\/\/lustandlove.eu\/et\/toode\/kiotos-seksimasin-mini-allure\/#breadcrumb","itemListElement":[{"@type":"ListItem","position":1,"name":"Lust and Love","item":"https:\/\/lustandlove.eu\/et\/"},{"@type":"ListItem","position":2,"name":"Pood","item":"https:\/\/lustandlove.eu\/et\/pood\/"},{"@type":"ListItem","position":3,"name":"Sekslelud","item":"https:\/\/lustandlove.eu\/et\/pood\/sekslelud\/"},{"@type":"ListItem","position":4,"name":"Seksimasinad","item":"https:\/\/lustandlove.eu\/et\/pood\/sekslelud\/seksimasinad\/"},{"@type":"ListItem","position":5,"name":"Kiotos Seksimasin &#8211; Mini Allure"}]},{"@type":"WebSite","@id":"https:\/\/lustandlove.eu\/et\/#website","url":"https:\/\/lustandlove.eu\/et\/","name":"Lust & Love","description":"Online erootikapood tervise, ilu ja armastuse jaoks","publisher":{"@id":"https:\/\/lustandlove.eu\/et\/#organization"},"potentialAction":[{"@type":"SearchAction","target":{"@type":"EntryPoint","urlTemplate":"https:\/\/lustandlove.eu\/et\/?s={search_term_string}"},"query-input":{"@type":"PropertyValueSpecification","valueRequired":true,"valueName":"search_term_string"}}],"inLanguage":"et"},{"@type":"Organization","@id":"https:\/\/lustandlove.eu\/et\/#organization","name":"Bioconcept Baltics O\u00dc","url":"https:\/\/lustandlove.eu\/et\/","logo":{"@type":"ImageObject","inLanguage":"et","@id":"https:\/\/lustandlove.eu\/et\/#\/schema\/logo\/image\/","url":"https:\/\/lustandlove.eu\/wp-content\/uploads\/logo-full-2.png","contentUrl":"https:\/\/lustandlove.eu\/wp-content\/uploads\/logo-full-2.png","width":837,"height":200,"caption":"Bioconcept Baltics O\u00dc"},"image":{"@id":"https:\/\/lustandlove.eu\/et\/#\/schema\/logo\/image\/"},"sameAs":["https:\/\/www.facebook.com\/LustandLoveEU\/","https:\/\/www.instagram.com\/lustandloveeu\/"]}]}},"_links":{"self":[{"href":"https:\/\/lustandlove.eu\/et\/wp-json\/wp\/v2\/product\/95102","targetHints":{"allow":["GET"]}}],"collection":[{"href":"https:\/\/lustandlove.eu\/et\/wp-json\/wp\/v2\/product"}],"about":[{"href":"https:\/\/lustandlove.eu\/et\/wp-json\/wp\/v2\/types\/product"}],"wp:featuredmedia":[{"embeddable":true,"href":"https:\/\/lustandlove.eu\/et\/wp-json\/wp\/v2\/media\/95104"}],"wp:attachment":[{"href":"https:\/\/lustandlove.eu\/et\/wp-json\/wp\/v2\/media?parent=95102"}],"wp:term":[{"taxonomy":"product_brand","embeddable":true,"href":"https:\/\/lustandlove.eu\/et\/wp-json\/wp\/v2\/product_brand?post=95102"},{"taxonomy":"product_cat","embeddable":true,"href":"https:\/\/lustandlove.eu\/et\/wp-json\/wp\/v2\/product_cat?post=95102"},{"taxonomy":"product_tag","embeddable":true,"href":"https:\/\/lustandlove.eu\/et\/wp-json\/wp\/v2\/product_tag?post=95102"}],"curies":[{"name":"wp","href":"https:\/\/api.w.org\/{rel}","templated":true}]}}