{"id":95124,"date":"2026-02-17T13:45:54","date_gmt":"2026-02-17T11:21:22","guid":{"rendered":"https:\/\/lustandlove.eu\/?post_type=product&#038;p=95124"},"modified":"2026-04-13T10:26:20","modified_gmt":"2026-04-13T07:26:20","slug":"kiotos-seksimasin-duo-nova","status":"publish","type":"product","link":"https:\/\/lustandlove.eu\/et\/toode\/kiotos-seksimasin-duo-nova\/","title":{"rendered":"Kiotos Seksimasin &#8211; Duo Nova"},"content":{"rendered":"<p>Reguleerige h\u00f5lpsasti seksimasina nurga oma lemmikpositsioonidele sobivaks ja nautige tugeva mootori poolt tagatud sujuvat ja \u00fchtlast t\u00f5ukamist. Nelja kaasasoleva iminapaga saab masina kindlalt siledale pinnale kinnitada, kiir\u00fchendusega \u00fchendusdetailiga on aga lihtne vahetada lisaseadmeid.<\/p>\n<p>Duo Nova seksimasinat saab h\u00f5lpsasti juhtida juhtmeta puldiga v\u00f5i iToys rakenduse kaudu \u2013 ideaalne nii \u00fcksinda seiklemiseks kui ka p\u00f5nevaks partneriga m\u00e4ngimiseks.<\/p>\n<p><strong>Toote omadused:<\/strong><\/p>\n<p>Kompaktne premium-klassi seksimasin alumiiniumisulamist<br \/>\nReguleeritav nurk kohandatud positsioneerimiseks<br \/>\nV\u00f5imas, vaikselt t\u00f6\u00f6tav mootor<br \/>\nKiirvabastuskonnektor kiireks lisaseadmete vahetamiseks<br \/>\n\u00dchilduv iminappadega dildodega<br \/>\n4 v\u00f5imsat iminappi kindlaks kinnitamiseks siledatele pindadele<br \/>\nJuhtimine juhtmeta pulti ja iToys rakendusega<br \/>\nLihtne kokku panna ja hoiustada<br \/>\nV\u00e4ga hea stabiilsusega<br \/>\nKaasas diskreetne hoiukott<\/p>\n<p><strong>Tehnilised andmed<\/strong>:<\/p>\n<p>Aluse suurus: 44.9 \u00d7 32 x 46cm<br \/>\nK\u00f5rgus muudetav kuni: 46 cm<br \/>\nT\u00f5uke pikkus: 3.5 &#8211; 15 cm<br \/>\nDildo 1: 22 cm \u00d7 3 cm<br \/>\nMaterjal: alumiiniumisulam, silikoonist dildo<\/p>\n<p><strong>Komplektis<\/strong>:<\/p>\n<p>1 seksimasin<br \/>\n1 silikoonist dildo kiirvabastuse s\u00fcsteemiga<br \/>\nIminapi kinnitusplaat<br \/>\n4 tugevat iminapaga kinnitust<br \/>\nPainduv vedruvarras<br \/>\nToitekaabel ja adapter<br \/>\nJuhtmevaba kaugjuhtimispult<br \/>\nHoiukott<\/p>\n<p><strong>Hooldusjuhised<\/strong>:<\/p>\n<p>Kiotos Love Machine &#8211; Duo Nova \u00f5ige hoolduse ja hoiustamise tagamiseks m\u00e4\u00e4rige liugurid regulaarselt kuumuskindla k\u00e4igukasti\u00f5liga, et tagada sujuv t\u00f6\u00f6 ja pikendada kasutusiga.<\/p>\n<p>&nbsp;<\/p>\n","protected":false},"excerpt":{"rendered":"<p>Kiotos Love Machine Duo Nova pakub v\u00f5imsat, t\u00e4ielikult reguleeritavat naudingut sinu k\u00e4sul. See k\u00f5rgekvaliteediline, t\u00f5ukav seksimasin on valmistatud esmaklassilisest alumiiniumsulamist ja \u00fchendab endas t\u00e4pse insenerit\u00f6\u00f6 ning sujuva, vaikse t\u00f6\u00f6kindluse.<\/p>\n<p>&nbsp;<\/p>\n","protected":false},"featured_media":95142,"template":"","meta":[],"product_brand":[4218],"product_cat":[4115,1484],"product_tag":[4127,4125,4126],"class_list":{"0":"post-95124","1":"product","2":"type-product","3":"status-publish","4":"has-post-thumbnail","6":"product_brand-kiotos-et","7":"product_cat-seksimasinad","8":"product_cat-sekslelud","9":"product_tag-fuck-machine-et","10":"product_tag-love-machine-et","11":"product_tag-sex-machine-et","12":"pa_brand-kiotos-et","14":"first","15":"instock","16":"taxable","17":"shipping-taxable","18":"purchasable","19":"product-type-simple"},"yoast_head":"<!-- This site is optimized with the Yoast SEO plugin v27.3 - https:\/\/yoast.com\/product\/yoast-seo-wordpress\/ -->\n<title>Kiotos Seksimasin - Duo Nova | Lust &amp; Love Sex Shop<\/title>\n<meta name=\"description\" content=\"Kiotos Love Machine Duo Nova pakub v\u00f5imsat, t\u00e4ielikult reguleeritavat naudingut sinu k\u00e4sul.\" \/>\n<meta name=\"robots\" content=\"index,follow,max-snippet:-1,max-image-preview:large,max-video-preview:-1\" \/>\n<link rel=\"canonical\" href=\"https:\/\/lustandlove.eu\/et\/toode\/kiotos-seksimasin-duo-nova\/\" \/>\n<meta name=\"twitter:card\" content=\"summary_large_image\" \/>\n<meta name=\"twitter:title\" content=\"Kiotos Seksimasin - Duo Nova | Lust &amp; Love Sex Shop\" \/>\n<meta name=\"twitter:description\" content=\"Kiotos Love Machine Duo Nova pakub v\u00f5imsat, t\u00e4ielikult reguleeritavat naudingut sinu k\u00e4sul.\" \/>\n<meta name=\"twitter:image\" content=\"https:\/\/lustandlove.eu\/wp-content\/uploads\/kiotos_love_machine_-_duo_nova_opr-401002_0.jpg_1.jpeg\" \/>\n<meta name=\"twitter:label1\" content=\"Est. reading time\" \/>\n\t<meta name=\"twitter:data1\" content=\"2 minutit\" \/>\n<script type=\"application\/ld+json\" class=\"yoast-schema-graph\">{\"@context\":\"https:\\\/\\\/schema.org\",\"@graph\":[{\"@type\":[\"WebPage\",\"ItemPage\"],\"@id\":\"https:\\\/\\\/lustandlove.eu\\\/et\\\/toode\\\/kiotos-seksimasin-duo-nova\\\/\",\"url\":\"https:\\\/\\\/lustandlove.eu\\\/et\\\/toode\\\/kiotos-seksimasin-duo-nova\\\/\",\"name\":\"Kiotos Seksimasin - Duo Nova | Lust & Love Sex Shop\",\"isPartOf\":{\"@id\":\"https:\\\/\\\/lustandlove.eu\\\/et\\\/#website\"},\"primaryImageOfPage\":{\"@id\":\"https:\\\/\\\/lustandlove.eu\\\/et\\\/toode\\\/kiotos-seksimasin-duo-nova\\\/#primaryimage\"},\"image\":{\"@id\":\"https:\\\/\\\/lustandlove.eu\\\/et\\\/toode\\\/kiotos-seksimasin-duo-nova\\\/#primaryimage\"},\"thumbnailUrl\":\"https:\\\/\\\/lustandlove.eu\\\/wp-content\\\/uploads\\\/kiotos_love_machine_-_duo_nova_opr-401002_0.jpg_1.jpeg\",\"datePublished\":\"2026-02-17T11:21:22+00:00\",\"dateModified\":\"2026-04-13T07:26:20+00:00\",\"description\":\"Kiotos Love Machine Duo Nova pakub v\u00f5imsat, t\u00e4ielikult reguleeritavat naudingut sinu k\u00e4sul.\",\"breadcrumb\":{\"@id\":\"https:\\\/\\\/lustandlove.eu\\\/et\\\/toode\\\/kiotos-seksimasin-duo-nova\\\/#breadcrumb\"},\"inLanguage\":\"et\",\"potentialAction\":[{\"@type\":\"ReadAction\",\"target\":[\"https:\\\/\\\/lustandlove.eu\\\/et\\\/toode\\\/kiotos-seksimasin-duo-nova\\\/\"]}]},{\"@type\":\"ImageObject\",\"inLanguage\":\"et\",\"@id\":\"https:\\\/\\\/lustandlove.eu\\\/et\\\/toode\\\/kiotos-seksimasin-duo-nova\\\/#primaryimage\",\"url\":\"https:\\\/\\\/lustandlove.eu\\\/wp-content\\\/uploads\\\/kiotos_love_machine_-_duo_nova_opr-401002_0.jpg_1.jpeg\",\"contentUrl\":\"https:\\\/\\\/lustandlove.eu\\\/wp-content\\\/uploads\\\/kiotos_love_machine_-_duo_nova_opr-401002_0.jpg_1.jpeg\",\"width\":265,\"height\":265},{\"@type\":\"BreadcrumbList\",\"@id\":\"https:\\\/\\\/lustandlove.eu\\\/et\\\/toode\\\/kiotos-seksimasin-duo-nova\\\/#breadcrumb\",\"itemListElement\":[{\"@type\":\"ListItem\",\"position\":1,\"name\":\"Lust and Love\",\"item\":\"https:\\\/\\\/lustandlove.eu\\\/et\\\/\"},{\"@type\":\"ListItem\",\"position\":2,\"name\":\"Pood\",\"item\":\"https:\\\/\\\/lustandlove.eu\\\/et\\\/pood\\\/\"},{\"@type\":\"ListItem\",\"position\":3,\"name\":\"Sekslelud\",\"item\":\"https:\\\/\\\/lustandlove.eu\\\/et\\\/pood\\\/sekslelud\\\/\"},{\"@type\":\"ListItem\",\"position\":4,\"name\":\"Seksimasinad\",\"item\":\"https:\\\/\\\/lustandlove.eu\\\/et\\\/pood\\\/sekslelud\\\/seksimasinad\\\/\"},{\"@type\":\"ListItem\",\"position\":5,\"name\":\"Kiotos Seksimasin &#8211; Duo Nova\"}]},{\"@type\":\"WebSite\",\"@id\":\"https:\\\/\\\/lustandlove.eu\\\/et\\\/#website\",\"url\":\"https:\\\/\\\/lustandlove.eu\\\/et\\\/\",\"name\":\"Lust &amp; Love\",\"description\":\"Online erootikapood tervise, ilu ja armastuse jaoks\",\"publisher\":{\"@id\":\"https:\\\/\\\/lustandlove.eu\\\/et\\\/#organization\"},\"potentialAction\":[{\"@type\":\"SearchAction\",\"target\":{\"@type\":\"EntryPoint\",\"urlTemplate\":\"https:\\\/\\\/lustandlove.eu\\\/et\\\/?s={search_term_string}\"},\"query-input\":{\"@type\":\"PropertyValueSpecification\",\"valueRequired\":true,\"valueName\":\"search_term_string\"}}],\"inLanguage\":\"et\"},{\"@type\":\"Organization\",\"@id\":\"https:\\\/\\\/lustandlove.eu\\\/et\\\/#organization\",\"name\":\"Bioconcept Baltics O\u00dc\",\"url\":\"https:\\\/\\\/lustandlove.eu\\\/et\\\/\",\"logo\":{\"@type\":\"ImageObject\",\"inLanguage\":\"et\",\"@id\":\"https:\\\/\\\/lustandlove.eu\\\/et\\\/#\\\/schema\\\/logo\\\/image\\\/\",\"url\":\"\",\"contentUrl\":\"\",\"caption\":\"Bioconcept Baltics O\u00dc\"},\"image\":{\"@id\":\"https:\\\/\\\/lustandlove.eu\\\/et\\\/#\\\/schema\\\/logo\\\/image\\\/\"},\"sameAs\":[\"https:\\\/\\\/www.facebook.com\\\/LustandLoveEU\\\/\",\"https:\\\/\\\/www.instagram.com\\\/lustandloveeu\\\/\"]}]}<\/script>\n<!-- \/ Yoast SEO plugin. -->","yoast_head_json":{"title":"Kiotos Seksimasin - Duo Nova | Lust & Love Sex Shop","description":"Kiotos Love Machine Duo Nova pakub v\u00f5imsat, t\u00e4ielikult reguleeritavat naudingut sinu k\u00e4sul.","robots":{"index,follow,max-snippet":"index,follow,max-snippet:-1,max-image-preview:large,max-video-preview:-1"},"canonical":"https:\/\/lustandlove.eu\/et\/toode\/kiotos-seksimasin-duo-nova\/","twitter_card":"summary_large_image","twitter_title":"Kiotos Seksimasin - Duo Nova | Lust & Love Sex Shop","twitter_description":"Kiotos Love Machine Duo Nova pakub v\u00f5imsat, t\u00e4ielikult reguleeritavat naudingut sinu k\u00e4sul.","twitter_image":"https:\/\/lustandlove.eu\/wp-content\/uploads\/kiotos_love_machine_-_duo_nova_opr-401002_0.jpg_1.jpeg","twitter_misc":{"Est. reading time":"2 minutit"},"schema":{"@context":"https:\/\/schema.org","@graph":[{"@type":["WebPage","ItemPage"],"@id":"https:\/\/lustandlove.eu\/et\/toode\/kiotos-seksimasin-duo-nova\/","url":"https:\/\/lustandlove.eu\/et\/toode\/kiotos-seksimasin-duo-nova\/","name":"Kiotos Seksimasin - Duo Nova | Lust & Love Sex Shop","isPartOf":{"@id":"https:\/\/lustandlove.eu\/et\/#website"},"primaryImageOfPage":{"@id":"https:\/\/lustandlove.eu\/et\/toode\/kiotos-seksimasin-duo-nova\/#primaryimage"},"image":{"@id":"https:\/\/lustandlove.eu\/et\/toode\/kiotos-seksimasin-duo-nova\/#primaryimage"},"thumbnailUrl":"https:\/\/lustandlove.eu\/wp-content\/uploads\/kiotos_love_machine_-_duo_nova_opr-401002_0.jpg_1.jpeg","datePublished":"2026-02-17T11:21:22+00:00","dateModified":"2026-04-13T07:26:20+00:00","description":"Kiotos Love Machine Duo Nova pakub v\u00f5imsat, t\u00e4ielikult reguleeritavat naudingut sinu k\u00e4sul.","breadcrumb":{"@id":"https:\/\/lustandlove.eu\/et\/toode\/kiotos-seksimasin-duo-nova\/#breadcrumb"},"inLanguage":"et","potentialAction":[{"@type":"ReadAction","target":["https:\/\/lustandlove.eu\/et\/toode\/kiotos-seksimasin-duo-nova\/"]}]},{"@type":"ImageObject","inLanguage":"et","@id":"https:\/\/lustandlove.eu\/et\/toode\/kiotos-seksimasin-duo-nova\/#primaryimage","url":"https:\/\/lustandlove.eu\/wp-content\/uploads\/kiotos_love_machine_-_duo_nova_opr-401002_0.jpg_1.jpeg","contentUrl":"https:\/\/lustandlove.eu\/wp-content\/uploads\/kiotos_love_machine_-_duo_nova_opr-401002_0.jpg_1.jpeg","width":265,"height":265},{"@type":"BreadcrumbList","@id":"https:\/\/lustandlove.eu\/et\/toode\/kiotos-seksimasin-duo-nova\/#breadcrumb","itemListElement":[{"@type":"ListItem","position":1,"name":"Lust and Love","item":"https:\/\/lustandlove.eu\/et\/"},{"@type":"ListItem","position":2,"name":"Pood","item":"https:\/\/lustandlove.eu\/et\/pood\/"},{"@type":"ListItem","position":3,"name":"Sekslelud","item":"https:\/\/lustandlove.eu\/et\/pood\/sekslelud\/"},{"@type":"ListItem","position":4,"name":"Seksimasinad","item":"https:\/\/lustandlove.eu\/et\/pood\/sekslelud\/seksimasinad\/"},{"@type":"ListItem","position":5,"name":"Kiotos Seksimasin &#8211; Duo Nova"}]},{"@type":"WebSite","@id":"https:\/\/lustandlove.eu\/et\/#website","url":"https:\/\/lustandlove.eu\/et\/","name":"Lust &amp; Love","description":"Online erootikapood tervise, ilu ja armastuse jaoks","publisher":{"@id":"https:\/\/lustandlove.eu\/et\/#organization"},"potentialAction":[{"@type":"SearchAction","target":{"@type":"EntryPoint","urlTemplate":"https:\/\/lustandlove.eu\/et\/?s={search_term_string}"},"query-input":{"@type":"PropertyValueSpecification","valueRequired":true,"valueName":"search_term_string"}}],"inLanguage":"et"},{"@type":"Organization","@id":"https:\/\/lustandlove.eu\/et\/#organization","name":"Bioconcept Baltics O\u00dc","url":"https:\/\/lustandlove.eu\/et\/","logo":{"@type":"ImageObject","inLanguage":"et","@id":"https:\/\/lustandlove.eu\/et\/#\/schema\/logo\/image\/","url":"","contentUrl":"","caption":"Bioconcept Baltics O\u00dc"},"image":{"@id":"https:\/\/lustandlove.eu\/et\/#\/schema\/logo\/image\/"},"sameAs":["https:\/\/www.facebook.com\/LustandLoveEU\/","https:\/\/www.instagram.com\/lustandloveeu\/"]}]}},"_links":{"self":[{"href":"https:\/\/lustandlove.eu\/et\/wp-json\/wp\/v2\/product\/95124","targetHints":{"allow":["GET"]}}],"collection":[{"href":"https:\/\/lustandlove.eu\/et\/wp-json\/wp\/v2\/product"}],"about":[{"href":"https:\/\/lustandlove.eu\/et\/wp-json\/wp\/v2\/types\/product"}],"wp:featuredmedia":[{"embeddable":true,"href":"https:\/\/lustandlove.eu\/et\/wp-json\/wp\/v2\/media\/95142"}],"wp:attachment":[{"href":"https:\/\/lustandlove.eu\/et\/wp-json\/wp\/v2\/media?parent=95124"}],"wp:term":[{"taxonomy":"product_brand","embeddable":true,"href":"https:\/\/lustandlove.eu\/et\/wp-json\/wp\/v2\/product_brand?post=95124"},{"taxonomy":"product_cat","embeddable":true,"href":"https:\/\/lustandlove.eu\/et\/wp-json\/wp\/v2\/product_cat?post=95124"},{"taxonomy":"product_tag","embeddable":true,"href":"https:\/\/lustandlove.eu\/et\/wp-json\/wp\/v2\/product_tag?post=95124"}],"curies":[{"name":"wp","href":"https:\/\/api.w.org\/{rel}","templated":true}]}}