{"id":95144,"date":"2026-02-17T13:45:54","date_gmt":"2026-02-17T11:33:26","guid":{"rendered":"https:\/\/lustandlove.eu\/?post_type=product&#038;p=95144"},"modified":"2026-04-13T10:26:20","modified_gmt":"2026-04-13T07:26:20","slug":"kiotos-seksimasin-quattro-luxe","status":"publish","type":"product","link":"https:\/\/lustandlove.eu\/et\/toode\/kiotos-seksimasin-quattro-luxe\/","title":{"rendered":"Kiotos Seksimasin &#8211; Quattro Luxe"},"content":{"rendered":"<p>Kogege \u00fclimat naudingut Kiotos Love Machine Quattro Luxe abil, mis on k\u00f5rgekvaliteedilisest alumiiniumsulamist valmistatud premium-klassi t\u00f5ukemasin. See luksuslik seade on loodud v\u00f5imsuse, t\u00e4psuse ja mitmek\u00fclgsuse jaoks, v\u00f5imaldades teil iga seansi t\u00e4ielikult oma soovidele kohandada. K\u00f5rgust ja nurka on lihtne reguleerida, samal ajal kui v\u00f5imas ja vaikne mootor tagab sujuva ja \u00fchtlase liikumise.<\/p>\n<p>Masinat saab h\u00f5lpsasti juhtida juhtmeta puldiga v\u00f5i iToys rakenduse kaudu \u2013 ideaalne nii \u00fcksi kasutamiseks kui ka p\u00f5nevateks hetkedeks partneriga. Tugev alumiiniumraam tagab suurep\u00e4rase stabiilsuse ja t\u00e4nu vaiksele t\u00f6\u00f6tamisele saate igal ajal nautida diskreetseid m\u00e4nge.<\/p>\n<p><strong>Toote omadused:<\/strong><\/p>\n<p>Kompaktne premium-klassi seksimasin alumiiniumisulamist<br \/>\nReguleeritav nurk kohandatud positsioneerimiseks<br \/>\nV\u00f5imas, vaikselt t\u00f6\u00f6tav mootor<br \/>\nKiirvabastuskonnektor kiireks lisaseadmete vahetamiseks<br \/>\n\u00dchilduv iminappadega dildodega<br \/>\n4 v\u00f5imsat iminappi kindlaks kinnitamiseks siledatele pindadele<br \/>\nJuhtimine juhtmeta pulti ja iToys rakendusega<br \/>\nV\u00e4ga hea stabiilsusega<br \/>\nKaasas diskreetne hoiukott<\/p>\n<p><strong>Tehnilised andmed<\/strong>:<\/p>\n<p>Aluse suurus: 54 \u00d7 27 \u00d7 31 cm<br \/>\nK\u00f5rgus muudetav kuni: 31 cm<br \/>\nT\u00f5uke pikkus: 3.5 &#8211; 15 cm<br \/>\nDildo 1: 22 cm \u00d7 3 cm<br \/>\nMaterjal: alumiiniumisulam, silikoonist dildo<\/p>\n<p><strong>Komplektis<\/strong>:<\/p>\n<p>1 seksimasin<br \/>\n1 silikoonist dildo kiirvabastuse s\u00fcsteemiga<br \/>\nIminapi kinnitusplaat<br \/>\n4 tugevat iminapaga kinnitust<br \/>\nPainduv vedruvarras<br \/>\nToitekaabel ja adapter<br \/>\nJuhtmevaba kaugjuhtimispult<br \/>\nHoiukott<\/p>\n<p><strong>Hooldusjuhised<\/strong>:<\/p>\n<p>Kiotos Love Machine &#8211; Quattro Luxe \u00f5ige hoolduse ja hoiustamise tagamiseks m\u00e4\u00e4rige liugurid regulaarselt kuumuskindla k\u00e4igukasti\u00f5liga, et tagada sujuv t\u00f6\u00f6 ja pikendada kasutusiga.<\/p>\n<p>&nbsp;<\/p>\n","protected":false},"excerpt":{"rendered":"<p>Kogege \u00fclimat naudingut Kiotos Love Machine Quattro Luxe abil, mis on k\u00f5rgekvaliteedilisest alumiiniumsulamist valmistatud premium-klassi t\u00f5ukemasin. See luksuslik seade on loodud v\u00f5imsuse, t\u00e4psuse ja mitmek\u00fclgsuse jaoks, v\u00f5imaldades teil iga seansi t\u00e4ielikult oma soovidele kohandada. K\u00f5rgust ja nurka on lihtne reguleerida, samal ajal kui v\u00f5imas ja vaikne mootor tagab sujuva ja \u00fchtlase liikumise.<\/p>\n","protected":false},"featured_media":95162,"template":"","meta":[],"product_brand":[4218],"product_cat":[4115,1484],"product_tag":[4127,4125,4126],"class_list":{"0":"post-95144","1":"product","2":"type-product","3":"status-publish","4":"has-post-thumbnail","6":"product_brand-kiotos-et","7":"product_cat-seksimasinad","8":"product_cat-sekslelud","9":"product_tag-fuck-machine-et","10":"product_tag-love-machine-et","11":"product_tag-sex-machine-et","12":"pa_brand-kiotos-et","14":"first","15":"instock","16":"taxable","17":"shipping-taxable","18":"purchasable","19":"product-type-simple"},"yoast_head":"<!-- This site is optimized with the Yoast SEO plugin v27.3 - https:\/\/yoast.com\/product\/yoast-seo-wordpress\/ -->\n<title>Kiotos Seksimasin - Quattro Luxe | Lust &amp; Love Sex Shop<\/title>\n<meta name=\"description\" content=\"Kogege \u00fclimat naudingut Kiotos Love Machine Quattro Luxe abil, mis on k\u00f5rgekvaliteedilisest alumiiniumsulamist valmistatud premium-klassi seksimasin.\" \/>\n<meta name=\"robots\" content=\"index,follow,max-snippet:-1,max-image-preview:large,max-video-preview:-1\" \/>\n<link rel=\"canonical\" href=\"https:\/\/lustandlove.eu\/et\/toode\/kiotos-seksimasin-quattro-luxe\/\" \/>\n<meta name=\"twitter:card\" content=\"summary_large_image\" \/>\n<meta name=\"twitter:title\" content=\"Kiotos Seksimasin - Quattro Luxe | Lust &amp; Love Sex Shop\" \/>\n<meta name=\"twitter:description\" content=\"Kogege \u00fclimat naudingut Kiotos Love Machine Quattro Luxe abil, mis on k\u00f5rgekvaliteedilisest alumiiniumsulamist valmistatud premium-klassi seksimasin.\" \/>\n<meta name=\"twitter:image\" content=\"https:\/\/lustandlove.eu\/wp-content\/uploads\/kiotos_love_machine_-_quattro_luxe_opr-401001_0.jpg.jpeg\" \/>\n<meta name=\"twitter:label1\" content=\"Est. reading time\" \/>\n\t<meta name=\"twitter:data1\" content=\"2 minutit\" \/>\n<script type=\"application\/ld+json\" class=\"yoast-schema-graph\">{\"@context\":\"https:\\\/\\\/schema.org\",\"@graph\":[{\"@type\":[\"WebPage\",\"ItemPage\"],\"@id\":\"https:\\\/\\\/lustandlove.eu\\\/et\\\/toode\\\/kiotos-seksimasin-quattro-luxe\\\/\",\"url\":\"https:\\\/\\\/lustandlove.eu\\\/et\\\/toode\\\/kiotos-seksimasin-quattro-luxe\\\/\",\"name\":\"Kiotos Seksimasin - Quattro Luxe | Lust & Love Sex Shop\",\"isPartOf\":{\"@id\":\"https:\\\/\\\/lustandlove.eu\\\/et\\\/#website\"},\"primaryImageOfPage\":{\"@id\":\"https:\\\/\\\/lustandlove.eu\\\/et\\\/toode\\\/kiotos-seksimasin-quattro-luxe\\\/#primaryimage\"},\"image\":{\"@id\":\"https:\\\/\\\/lustandlove.eu\\\/et\\\/toode\\\/kiotos-seksimasin-quattro-luxe\\\/#primaryimage\"},\"thumbnailUrl\":\"https:\\\/\\\/lustandlove.eu\\\/wp-content\\\/uploads\\\/kiotos_love_machine_-_quattro_luxe_opr-401001_0.jpg.jpeg\",\"datePublished\":\"2026-02-17T11:33:26+00:00\",\"dateModified\":\"2026-04-13T07:26:20+00:00\",\"description\":\"Kogege \u00fclimat naudingut Kiotos Love Machine Quattro Luxe abil, mis on k\u00f5rgekvaliteedilisest alumiiniumsulamist valmistatud premium-klassi seksimasin.\",\"breadcrumb\":{\"@id\":\"https:\\\/\\\/lustandlove.eu\\\/et\\\/toode\\\/kiotos-seksimasin-quattro-luxe\\\/#breadcrumb\"},\"inLanguage\":\"et\",\"potentialAction\":[{\"@type\":\"ReadAction\",\"target\":[\"https:\\\/\\\/lustandlove.eu\\\/et\\\/toode\\\/kiotos-seksimasin-quattro-luxe\\\/\"]}]},{\"@type\":\"ImageObject\",\"inLanguage\":\"et\",\"@id\":\"https:\\\/\\\/lustandlove.eu\\\/et\\\/toode\\\/kiotos-seksimasin-quattro-luxe\\\/#primaryimage\",\"url\":\"https:\\\/\\\/lustandlove.eu\\\/wp-content\\\/uploads\\\/kiotos_love_machine_-_quattro_luxe_opr-401001_0.jpg.jpeg\",\"contentUrl\":\"https:\\\/\\\/lustandlove.eu\\\/wp-content\\\/uploads\\\/kiotos_love_machine_-_quattro_luxe_opr-401001_0.jpg.jpeg\",\"width\":265,\"height\":265},{\"@type\":\"BreadcrumbList\",\"@id\":\"https:\\\/\\\/lustandlove.eu\\\/et\\\/toode\\\/kiotos-seksimasin-quattro-luxe\\\/#breadcrumb\",\"itemListElement\":[{\"@type\":\"ListItem\",\"position\":1,\"name\":\"Lust and Love\",\"item\":\"https:\\\/\\\/lustandlove.eu\\\/et\\\/\"},{\"@type\":\"ListItem\",\"position\":2,\"name\":\"Pood\",\"item\":\"https:\\\/\\\/lustandlove.eu\\\/et\\\/pood\\\/\"},{\"@type\":\"ListItem\",\"position\":3,\"name\":\"Sekslelud\",\"item\":\"https:\\\/\\\/lustandlove.eu\\\/et\\\/pood\\\/sekslelud\\\/\"},{\"@type\":\"ListItem\",\"position\":4,\"name\":\"Seksimasinad\",\"item\":\"https:\\\/\\\/lustandlove.eu\\\/et\\\/pood\\\/sekslelud\\\/seksimasinad\\\/\"},{\"@type\":\"ListItem\",\"position\":5,\"name\":\"Kiotos Seksimasin &#8211; Quattro Luxe\"}]},{\"@type\":\"WebSite\",\"@id\":\"https:\\\/\\\/lustandlove.eu\\\/et\\\/#website\",\"url\":\"https:\\\/\\\/lustandlove.eu\\\/et\\\/\",\"name\":\"Lust &amp; Love\",\"description\":\"Online erootikapood tervise, ilu ja armastuse jaoks\",\"publisher\":{\"@id\":\"https:\\\/\\\/lustandlove.eu\\\/et\\\/#organization\"},\"potentialAction\":[{\"@type\":\"SearchAction\",\"target\":{\"@type\":\"EntryPoint\",\"urlTemplate\":\"https:\\\/\\\/lustandlove.eu\\\/et\\\/?s={search_term_string}\"},\"query-input\":{\"@type\":\"PropertyValueSpecification\",\"valueRequired\":true,\"valueName\":\"search_term_string\"}}],\"inLanguage\":\"et\"},{\"@type\":\"Organization\",\"@id\":\"https:\\\/\\\/lustandlove.eu\\\/et\\\/#organization\",\"name\":\"Bioconcept Baltics O\u00dc\",\"url\":\"https:\\\/\\\/lustandlove.eu\\\/et\\\/\",\"logo\":{\"@type\":\"ImageObject\",\"inLanguage\":\"et\",\"@id\":\"https:\\\/\\\/lustandlove.eu\\\/et\\\/#\\\/schema\\\/logo\\\/image\\\/\",\"url\":\"\",\"contentUrl\":\"\",\"caption\":\"Bioconcept Baltics O\u00dc\"},\"image\":{\"@id\":\"https:\\\/\\\/lustandlove.eu\\\/et\\\/#\\\/schema\\\/logo\\\/image\\\/\"},\"sameAs\":[\"https:\\\/\\\/www.facebook.com\\\/LustandLoveEU\\\/\",\"https:\\\/\\\/www.instagram.com\\\/lustandloveeu\\\/\"]}]}<\/script>\n<!-- \/ Yoast SEO plugin. -->","yoast_head_json":{"title":"Kiotos Seksimasin - Quattro Luxe | Lust & Love Sex Shop","description":"Kogege \u00fclimat naudingut Kiotos Love Machine Quattro Luxe abil, mis on k\u00f5rgekvaliteedilisest alumiiniumsulamist valmistatud premium-klassi seksimasin.","robots":{"index,follow,max-snippet":"index,follow,max-snippet:-1,max-image-preview:large,max-video-preview:-1"},"canonical":"https:\/\/lustandlove.eu\/et\/toode\/kiotos-seksimasin-quattro-luxe\/","twitter_card":"summary_large_image","twitter_title":"Kiotos Seksimasin - Quattro Luxe | Lust & Love Sex Shop","twitter_description":"Kogege \u00fclimat naudingut Kiotos Love Machine Quattro Luxe abil, mis on k\u00f5rgekvaliteedilisest alumiiniumsulamist valmistatud premium-klassi seksimasin.","twitter_image":"https:\/\/lustandlove.eu\/wp-content\/uploads\/kiotos_love_machine_-_quattro_luxe_opr-401001_0.jpg.jpeg","twitter_misc":{"Est. reading time":"2 minutit"},"schema":{"@context":"https:\/\/schema.org","@graph":[{"@type":["WebPage","ItemPage"],"@id":"https:\/\/lustandlove.eu\/et\/toode\/kiotos-seksimasin-quattro-luxe\/","url":"https:\/\/lustandlove.eu\/et\/toode\/kiotos-seksimasin-quattro-luxe\/","name":"Kiotos Seksimasin - Quattro Luxe | Lust & Love Sex Shop","isPartOf":{"@id":"https:\/\/lustandlove.eu\/et\/#website"},"primaryImageOfPage":{"@id":"https:\/\/lustandlove.eu\/et\/toode\/kiotos-seksimasin-quattro-luxe\/#primaryimage"},"image":{"@id":"https:\/\/lustandlove.eu\/et\/toode\/kiotos-seksimasin-quattro-luxe\/#primaryimage"},"thumbnailUrl":"https:\/\/lustandlove.eu\/wp-content\/uploads\/kiotos_love_machine_-_quattro_luxe_opr-401001_0.jpg.jpeg","datePublished":"2026-02-17T11:33:26+00:00","dateModified":"2026-04-13T07:26:20+00:00","description":"Kogege \u00fclimat naudingut Kiotos Love Machine Quattro Luxe abil, mis on k\u00f5rgekvaliteedilisest alumiiniumsulamist valmistatud premium-klassi seksimasin.","breadcrumb":{"@id":"https:\/\/lustandlove.eu\/et\/toode\/kiotos-seksimasin-quattro-luxe\/#breadcrumb"},"inLanguage":"et","potentialAction":[{"@type":"ReadAction","target":["https:\/\/lustandlove.eu\/et\/toode\/kiotos-seksimasin-quattro-luxe\/"]}]},{"@type":"ImageObject","inLanguage":"et","@id":"https:\/\/lustandlove.eu\/et\/toode\/kiotos-seksimasin-quattro-luxe\/#primaryimage","url":"https:\/\/lustandlove.eu\/wp-content\/uploads\/kiotos_love_machine_-_quattro_luxe_opr-401001_0.jpg.jpeg","contentUrl":"https:\/\/lustandlove.eu\/wp-content\/uploads\/kiotos_love_machine_-_quattro_luxe_opr-401001_0.jpg.jpeg","width":265,"height":265},{"@type":"BreadcrumbList","@id":"https:\/\/lustandlove.eu\/et\/toode\/kiotos-seksimasin-quattro-luxe\/#breadcrumb","itemListElement":[{"@type":"ListItem","position":1,"name":"Lust and Love","item":"https:\/\/lustandlove.eu\/et\/"},{"@type":"ListItem","position":2,"name":"Pood","item":"https:\/\/lustandlove.eu\/et\/pood\/"},{"@type":"ListItem","position":3,"name":"Sekslelud","item":"https:\/\/lustandlove.eu\/et\/pood\/sekslelud\/"},{"@type":"ListItem","position":4,"name":"Seksimasinad","item":"https:\/\/lustandlove.eu\/et\/pood\/sekslelud\/seksimasinad\/"},{"@type":"ListItem","position":5,"name":"Kiotos Seksimasin &#8211; Quattro Luxe"}]},{"@type":"WebSite","@id":"https:\/\/lustandlove.eu\/et\/#website","url":"https:\/\/lustandlove.eu\/et\/","name":"Lust &amp; Love","description":"Online erootikapood tervise, ilu ja armastuse jaoks","publisher":{"@id":"https:\/\/lustandlove.eu\/et\/#organization"},"potentialAction":[{"@type":"SearchAction","target":{"@type":"EntryPoint","urlTemplate":"https:\/\/lustandlove.eu\/et\/?s={search_term_string}"},"query-input":{"@type":"PropertyValueSpecification","valueRequired":true,"valueName":"search_term_string"}}],"inLanguage":"et"},{"@type":"Organization","@id":"https:\/\/lustandlove.eu\/et\/#organization","name":"Bioconcept Baltics O\u00dc","url":"https:\/\/lustandlove.eu\/et\/","logo":{"@type":"ImageObject","inLanguage":"et","@id":"https:\/\/lustandlove.eu\/et\/#\/schema\/logo\/image\/","url":"","contentUrl":"","caption":"Bioconcept Baltics O\u00dc"},"image":{"@id":"https:\/\/lustandlove.eu\/et\/#\/schema\/logo\/image\/"},"sameAs":["https:\/\/www.facebook.com\/LustandLoveEU\/","https:\/\/www.instagram.com\/lustandloveeu\/"]}]}},"_links":{"self":[{"href":"https:\/\/lustandlove.eu\/et\/wp-json\/wp\/v2\/product\/95144","targetHints":{"allow":["GET"]}}],"collection":[{"href":"https:\/\/lustandlove.eu\/et\/wp-json\/wp\/v2\/product"}],"about":[{"href":"https:\/\/lustandlove.eu\/et\/wp-json\/wp\/v2\/types\/product"}],"wp:featuredmedia":[{"embeddable":true,"href":"https:\/\/lustandlove.eu\/et\/wp-json\/wp\/v2\/media\/95162"}],"wp:attachment":[{"href":"https:\/\/lustandlove.eu\/et\/wp-json\/wp\/v2\/media?parent=95144"}],"wp:term":[{"taxonomy":"product_brand","embeddable":true,"href":"https:\/\/lustandlove.eu\/et\/wp-json\/wp\/v2\/product_brand?post=95144"},{"taxonomy":"product_cat","embeddable":true,"href":"https:\/\/lustandlove.eu\/et\/wp-json\/wp\/v2\/product_cat?post=95144"},{"taxonomy":"product_tag","embeddable":true,"href":"https:\/\/lustandlove.eu\/et\/wp-json\/wp\/v2\/product_tag?post=95144"}],"curies":[{"name":"wp","href":"https:\/\/api.w.org\/{rel}","templated":true}]}}