{"id":95185,"date":"2026-02-19T09:01:49","date_gmt":"2026-02-19T07:01:49","guid":{"rendered":"https:\/\/lustandlove.eu\/?post_type=product&#038;p=95185"},"modified":"2026-04-13T10:26:19","modified_gmt":"2026-04-13T07:26:19","slug":"twist-vibreeriv-dildo","status":"publish","type":"product","link":"https:\/\/lustandlove.eu\/et\/toode\/twist-vibreeriv-dildo\/","title":{"rendered":"Twist Vibreeriv Dildo"},"content":{"rendered":"<p>Oma keeruka ja paindliku kujuga on Twist loodud s\u00fcgavaks ja intensiivseks massaa\u017eiks nii tupe- kui ka p\u00e4raku piirkonnas. Disain, mis paistab nii oma v\u00e4limuse kui ka v\u00e4rvi poolest teistest v\u00e4lja ja annab sulle v\u00f5imaluse avastada ennast v\u00f5i oma partnerit veelgi enam.<\/p>\n<p>Twisti spiraaljas muster pakub fantastilist sisemist massaa\u017ei ning <a href=\"https:\/\/lustandlove.eu\/et\/toode\/glide-slide-veebaasil-libesti-100ml\/\">veep\u00f5hise libesti<\/a> abil libiseb Twist ahvatlevalt sisse ja v\u00e4lja ning laseb sul katsetada selle 3 erinevat kiirust ja 7 erinevat mustrit.<\/p>\n<p>Twisti tugev iminapp muudab k\u00e4ed-vabad naudingud lihtsaks, olenemata sellest, kas kasutad seda \u00fcksi v\u00f5i koos teistega. Iminappa saab kinnitada vannitoa seinale, toolile, v\u00f5i muule siledale pinnale \u2013 v\u00f5i kasutada koos partneriga <a href=\"https:\/\/lustandlove.eu\/et\/toode\/strapher-strap-on-rakmed-jockstrap-stiilis\/\">strap-on rakmetes<\/a>.<\/p>\n<p>N\u00fc\u00fcd on k\u00fcsimus vaid selles: kas oled valmis saama uue lemmikdildo?<\/p>\n<ul>\n<li>Valmistatud kehale ohutust silikoonist<\/li>\n<li>Laetav (laadija kaasas)<\/li>\n<li>Sobib strap-on rihmade k\u00fclge kinnitamiseks<\/li>\n<li>Kasutada koos veep\u00f5hise libestiga<\/li>\n<li>3 vibratsioonikiirust<\/li>\n<li>7 vibratsioonimustrit<\/li>\n<\/ul>\n<p>M\u00f5\u00f5dud:<\/p>\n<ul>\n<li>Sisestatav pikkus: 17 cm<\/li>\n<li>Sisestatav l\u00e4bim\u00f5\u00f5t: 4 cm<\/li>\n<li>iminappa l\u00e4bim\u00f5\u00f5t: 7 cm<\/li>\n<\/ul>\n","protected":false},"excerpt":{"rendered":"<p><strong>Lisage oma kollektsiooni p\u00f5nev p\u00f6\u00f6ritus<\/strong><\/p>\n<p>Twist on oma keeruka, paindliku kujuga, 3 intensiivsuse ja 7 mustriga loodud s\u00fcgavaks, intensiivseks vaginaalseks v\u00f5i anaalseks massaa\u017eiks. Julge v\u00e4limusega ja v\u00e4rviga disainitud Twist eristub teistest ja paneb teid veelgi enam avastama ennast v\u00f5i oma partnerit\/partnereid.<\/p>\n","protected":false},"featured_media":95189,"template":"","meta":[],"product_brand":[4229],"product_cat":[1485,1484,4067],"product_tag":[],"class_list":{"0":"post-95185","1":"product","2":"type-product","3":"status-publish","4":"has-post-thumbnail","6":"product_brand-peech-et","7":"product_cat-dildod","8":"product_cat-sekslelud","9":"product_cat-vibreerivad","10":"pa_brand-peech-et","12":"first","13":"instock","14":"taxable","15":"shipping-taxable","16":"purchasable","17":"product-type-simple"},"yoast_head":"<!-- This site is optimized with the Yoast SEO plugin v27.3 - https:\/\/yoast.com\/product\/yoast-seo-wordpress\/ -->\n<title>Twist Vibreeriv Dildo | Lust and Love<\/title>\n<meta name=\"description\" content=\"Twist on oma keeruka, paindliku kujuga, 3 intensiivsuse ja 7 mustriga loodud s\u00fcgavaks, intensiivseks vaginaalseks v\u00f5i anaalseks massaa\u017eiks.\" \/>\n<meta name=\"robots\" content=\"index,follow,max-snippet:-1,max-image-preview:large,max-video-preview:-1\" \/>\n<link rel=\"canonical\" href=\"https:\/\/lustandlove.eu\/et\/toode\/twist-vibreeriv-dildo\/\" \/>\n<meta name=\"twitter:card\" content=\"summary_large_image\" \/>\n<meta name=\"twitter:title\" content=\"Twist Vibreeriv Dildo | Lust and Love\" \/>\n<meta name=\"twitter:description\" content=\"Twist on oma keeruka, paindliku kujuga, 3 intensiivsuse ja 7 mustriga loodud s\u00fcgavaks, intensiivseks vaginaalseks v\u00f5i anaalseks massaa\u017eiks.\" \/>\n<meta name=\"twitter:image\" content=\"https:\/\/lustandlove.eu\/wp-content\/uploads\/peech-dildo-twist-0745314060356-1218117441.png\" \/>\n<meta name=\"twitter:label1\" content=\"Est. reading time\" \/>\n\t<meta name=\"twitter:data1\" content=\"1 minut\" \/>\n<script type=\"application\/ld+json\" class=\"yoast-schema-graph\">{\"@context\":\"https:\\\/\\\/schema.org\",\"@graph\":[{\"@type\":[\"WebPage\",\"ItemPage\"],\"@id\":\"https:\\\/\\\/lustandlove.eu\\\/et\\\/toode\\\/twist-vibreeriv-dildo\\\/\",\"url\":\"https:\\\/\\\/lustandlove.eu\\\/et\\\/toode\\\/twist-vibreeriv-dildo\\\/\",\"name\":\"Twist Vibreeriv Dildo | Lust and Love\",\"isPartOf\":{\"@id\":\"https:\\\/\\\/lustandlove.eu\\\/et\\\/#website\"},\"primaryImageOfPage\":{\"@id\":\"https:\\\/\\\/lustandlove.eu\\\/et\\\/toode\\\/twist-vibreeriv-dildo\\\/#primaryimage\"},\"image\":{\"@id\":\"https:\\\/\\\/lustandlove.eu\\\/et\\\/toode\\\/twist-vibreeriv-dildo\\\/#primaryimage\"},\"thumbnailUrl\":\"https:\\\/\\\/lustandlove.eu\\\/wp-content\\\/uploads\\\/peech-dildo-twist-0745314060356-1218117441.png\",\"datePublished\":\"2026-02-19T07:01:49+00:00\",\"dateModified\":\"2026-04-13T07:26:19+00:00\",\"description\":\"Twist on oma keeruka, paindliku kujuga, 3 intensiivsuse ja 7 mustriga loodud s\u00fcgavaks, intensiivseks vaginaalseks v\u00f5i anaalseks massaa\u017eiks.\",\"breadcrumb\":{\"@id\":\"https:\\\/\\\/lustandlove.eu\\\/et\\\/toode\\\/twist-vibreeriv-dildo\\\/#breadcrumb\"},\"inLanguage\":\"et\",\"potentialAction\":[{\"@type\":\"ReadAction\",\"target\":[\"https:\\\/\\\/lustandlove.eu\\\/et\\\/toode\\\/twist-vibreeriv-dildo\\\/\"]}]},{\"@type\":\"ImageObject\",\"inLanguage\":\"et\",\"@id\":\"https:\\\/\\\/lustandlove.eu\\\/et\\\/toode\\\/twist-vibreeriv-dildo\\\/#primaryimage\",\"url\":\"https:\\\/\\\/lustandlove.eu\\\/wp-content\\\/uploads\\\/peech-dildo-twist-0745314060356-1218117441.png\",\"contentUrl\":\"https:\\\/\\\/lustandlove.eu\\\/wp-content\\\/uploads\\\/peech-dildo-twist-0745314060356-1218117441.png\",\"width\":1400,\"height\":1400},{\"@type\":\"BreadcrumbList\",\"@id\":\"https:\\\/\\\/lustandlove.eu\\\/et\\\/toode\\\/twist-vibreeriv-dildo\\\/#breadcrumb\",\"itemListElement\":[{\"@type\":\"ListItem\",\"position\":1,\"name\":\"Lust and Love\",\"item\":\"https:\\\/\\\/lustandlove.eu\\\/et\\\/\"},{\"@type\":\"ListItem\",\"position\":2,\"name\":\"Pood\",\"item\":\"https:\\\/\\\/lustandlove.eu\\\/et\\\/pood\\\/\"},{\"@type\":\"ListItem\",\"position\":3,\"name\":\"Sekslelud\",\"item\":\"https:\\\/\\\/lustandlove.eu\\\/et\\\/pood\\\/sekslelud\\\/\"},{\"@type\":\"ListItem\",\"position\":4,\"name\":\"Dildod\",\"item\":\"https:\\\/\\\/lustandlove.eu\\\/et\\\/pood\\\/sekslelud\\\/dildod\\\/\"},{\"@type\":\"ListItem\",\"position\":5,\"name\":\"Vibreerivad\",\"item\":\"https:\\\/\\\/lustandlove.eu\\\/et\\\/pood\\\/sekslelud\\\/dildod\\\/vibreerivad\\\/\"},{\"@type\":\"ListItem\",\"position\":6,\"name\":\"Twist Vibreeriv Dildo\"}]},{\"@type\":\"WebSite\",\"@id\":\"https:\\\/\\\/lustandlove.eu\\\/et\\\/#website\",\"url\":\"https:\\\/\\\/lustandlove.eu\\\/et\\\/\",\"name\":\"Lust &amp; Love\",\"description\":\"Online erootikapood tervise, ilu ja armastuse jaoks\",\"publisher\":{\"@id\":\"https:\\\/\\\/lustandlove.eu\\\/et\\\/#organization\"},\"potentialAction\":[{\"@type\":\"SearchAction\",\"target\":{\"@type\":\"EntryPoint\",\"urlTemplate\":\"https:\\\/\\\/lustandlove.eu\\\/et\\\/?s={search_term_string}\"},\"query-input\":{\"@type\":\"PropertyValueSpecification\",\"valueRequired\":true,\"valueName\":\"search_term_string\"}}],\"inLanguage\":\"et\"},{\"@type\":\"Organization\",\"@id\":\"https:\\\/\\\/lustandlove.eu\\\/et\\\/#organization\",\"name\":\"Bioconcept Baltics O\u00dc\",\"url\":\"https:\\\/\\\/lustandlove.eu\\\/et\\\/\",\"logo\":{\"@type\":\"ImageObject\",\"inLanguage\":\"et\",\"@id\":\"https:\\\/\\\/lustandlove.eu\\\/et\\\/#\\\/schema\\\/logo\\\/image\\\/\",\"url\":\"\",\"contentUrl\":\"\",\"caption\":\"Bioconcept Baltics O\u00dc\"},\"image\":{\"@id\":\"https:\\\/\\\/lustandlove.eu\\\/et\\\/#\\\/schema\\\/logo\\\/image\\\/\"},\"sameAs\":[\"https:\\\/\\\/www.facebook.com\\\/LustandLoveEU\\\/\",\"https:\\\/\\\/www.instagram.com\\\/lustandloveeu\\\/\"]}]}<\/script>\n<!-- \/ Yoast SEO plugin. -->","yoast_head_json":{"title":"Twist Vibreeriv Dildo | Lust and Love","description":"Twist on oma keeruka, paindliku kujuga, 3 intensiivsuse ja 7 mustriga loodud s\u00fcgavaks, intensiivseks vaginaalseks v\u00f5i anaalseks massaa\u017eiks.","robots":{"index,follow,max-snippet":"index,follow,max-snippet:-1,max-image-preview:large,max-video-preview:-1"},"canonical":"https:\/\/lustandlove.eu\/et\/toode\/twist-vibreeriv-dildo\/","twitter_card":"summary_large_image","twitter_title":"Twist Vibreeriv Dildo | Lust and Love","twitter_description":"Twist on oma keeruka, paindliku kujuga, 3 intensiivsuse ja 7 mustriga loodud s\u00fcgavaks, intensiivseks vaginaalseks v\u00f5i anaalseks massaa\u017eiks.","twitter_image":"https:\/\/lustandlove.eu\/wp-content\/uploads\/peech-dildo-twist-0745314060356-1218117441.png","twitter_misc":{"Est. reading time":"1 minut"},"schema":{"@context":"https:\/\/schema.org","@graph":[{"@type":["WebPage","ItemPage"],"@id":"https:\/\/lustandlove.eu\/et\/toode\/twist-vibreeriv-dildo\/","url":"https:\/\/lustandlove.eu\/et\/toode\/twist-vibreeriv-dildo\/","name":"Twist Vibreeriv Dildo | Lust and Love","isPartOf":{"@id":"https:\/\/lustandlove.eu\/et\/#website"},"primaryImageOfPage":{"@id":"https:\/\/lustandlove.eu\/et\/toode\/twist-vibreeriv-dildo\/#primaryimage"},"image":{"@id":"https:\/\/lustandlove.eu\/et\/toode\/twist-vibreeriv-dildo\/#primaryimage"},"thumbnailUrl":"https:\/\/lustandlove.eu\/wp-content\/uploads\/peech-dildo-twist-0745314060356-1218117441.png","datePublished":"2026-02-19T07:01:49+00:00","dateModified":"2026-04-13T07:26:19+00:00","description":"Twist on oma keeruka, paindliku kujuga, 3 intensiivsuse ja 7 mustriga loodud s\u00fcgavaks, intensiivseks vaginaalseks v\u00f5i anaalseks massaa\u017eiks.","breadcrumb":{"@id":"https:\/\/lustandlove.eu\/et\/toode\/twist-vibreeriv-dildo\/#breadcrumb"},"inLanguage":"et","potentialAction":[{"@type":"ReadAction","target":["https:\/\/lustandlove.eu\/et\/toode\/twist-vibreeriv-dildo\/"]}]},{"@type":"ImageObject","inLanguage":"et","@id":"https:\/\/lustandlove.eu\/et\/toode\/twist-vibreeriv-dildo\/#primaryimage","url":"https:\/\/lustandlove.eu\/wp-content\/uploads\/peech-dildo-twist-0745314060356-1218117441.png","contentUrl":"https:\/\/lustandlove.eu\/wp-content\/uploads\/peech-dildo-twist-0745314060356-1218117441.png","width":1400,"height":1400},{"@type":"BreadcrumbList","@id":"https:\/\/lustandlove.eu\/et\/toode\/twist-vibreeriv-dildo\/#breadcrumb","itemListElement":[{"@type":"ListItem","position":1,"name":"Lust and Love","item":"https:\/\/lustandlove.eu\/et\/"},{"@type":"ListItem","position":2,"name":"Pood","item":"https:\/\/lustandlove.eu\/et\/pood\/"},{"@type":"ListItem","position":3,"name":"Sekslelud","item":"https:\/\/lustandlove.eu\/et\/pood\/sekslelud\/"},{"@type":"ListItem","position":4,"name":"Dildod","item":"https:\/\/lustandlove.eu\/et\/pood\/sekslelud\/dildod\/"},{"@type":"ListItem","position":5,"name":"Vibreerivad","item":"https:\/\/lustandlove.eu\/et\/pood\/sekslelud\/dildod\/vibreerivad\/"},{"@type":"ListItem","position":6,"name":"Twist Vibreeriv Dildo"}]},{"@type":"WebSite","@id":"https:\/\/lustandlove.eu\/et\/#website","url":"https:\/\/lustandlove.eu\/et\/","name":"Lust &amp; Love","description":"Online erootikapood tervise, ilu ja armastuse jaoks","publisher":{"@id":"https:\/\/lustandlove.eu\/et\/#organization"},"potentialAction":[{"@type":"SearchAction","target":{"@type":"EntryPoint","urlTemplate":"https:\/\/lustandlove.eu\/et\/?s={search_term_string}"},"query-input":{"@type":"PropertyValueSpecification","valueRequired":true,"valueName":"search_term_string"}}],"inLanguage":"et"},{"@type":"Organization","@id":"https:\/\/lustandlove.eu\/et\/#organization","name":"Bioconcept Baltics O\u00dc","url":"https:\/\/lustandlove.eu\/et\/","logo":{"@type":"ImageObject","inLanguage":"et","@id":"https:\/\/lustandlove.eu\/et\/#\/schema\/logo\/image\/","url":"","contentUrl":"","caption":"Bioconcept Baltics O\u00dc"},"image":{"@id":"https:\/\/lustandlove.eu\/et\/#\/schema\/logo\/image\/"},"sameAs":["https:\/\/www.facebook.com\/LustandLoveEU\/","https:\/\/www.instagram.com\/lustandloveeu\/"]}]}},"_links":{"self":[{"href":"https:\/\/lustandlove.eu\/et\/wp-json\/wp\/v2\/product\/95185","targetHints":{"allow":["GET"]}}],"collection":[{"href":"https:\/\/lustandlove.eu\/et\/wp-json\/wp\/v2\/product"}],"about":[{"href":"https:\/\/lustandlove.eu\/et\/wp-json\/wp\/v2\/types\/product"}],"wp:featuredmedia":[{"embeddable":true,"href":"https:\/\/lustandlove.eu\/et\/wp-json\/wp\/v2\/media\/95189"}],"wp:attachment":[{"href":"https:\/\/lustandlove.eu\/et\/wp-json\/wp\/v2\/media?parent=95185"}],"wp:term":[{"taxonomy":"product_brand","embeddable":true,"href":"https:\/\/lustandlove.eu\/et\/wp-json\/wp\/v2\/product_brand?post=95185"},{"taxonomy":"product_cat","embeddable":true,"href":"https:\/\/lustandlove.eu\/et\/wp-json\/wp\/v2\/product_cat?post=95185"},{"taxonomy":"product_tag","embeddable":true,"href":"https:\/\/lustandlove.eu\/et\/wp-json\/wp\/v2\/product_tag?post=95185"}],"curies":[{"name":"wp","href":"https:\/\/api.w.org\/{rel}","templated":true}]}}