{"id":95192,"date":"2026-02-19T09:13:52","date_gmt":"2026-02-19T07:13:52","guid":{"rendered":"https:\/\/lustandlove.eu\/?post_type=product&#038;p=95192"},"modified":"2026-04-13T10:26:19","modified_gmt":"2026-04-13T07:26:19","slug":"toosie-vibreeriv-dildo","status":"publish","type":"product","link":"https:\/\/lustandlove.eu\/et\/toode\/toosie-vibreeriv-dildo\/","title":{"rendered":"Toosie Vibreeriv Dildo"},"content":{"rendered":"<p>Tunne, kuidas dildo \u00fcmar ja k\u00f5ver keha puudutab su k\u00f5ige tundlikumaid kohti, samal ajal kui v\u00f5imsad vibratsioonid saadavad su keha l\u00e4bi naudingulaineid. T\u00e4nu oma paindlikule ja k\u00f5verale kujule sobib Toosie nii su erogeensete tsoonide sisemiseks kui ka v\u00e4liseks stimuleerimiseks. Toosie on disainitud k\u00f5hna keha, k\u00f5vera varre ja v\u00e4ikese keskk\u00f5rgusega, mis teeb selle ideaalseks G-punkti, eesn\u00e4\u00e4rme v\u00f5i v\u00e4lise stimuleerimiseks, n\u00e4iteks kliitori vastu.<\/p>\n<p>Tugev iminapp muudab Toosie k\u00e4ed-vabaks kasutamise lihtsaks erinevates asendites ja seda saab kasutada koos strap-on rakmetega. Saad seda kasutada koos partneriga\/partneritega v\u00f5i n\u00e4iteks \u00fcksi du\u0161i all, kinnitades selle seinale v\u00f5i toolile, et ennast penetreerida. Iminapp on nii tugev, et see kleepub isegi k\u00f5ige siledamatele pindadele!<\/p>\n<p>Materjal on pehme, kehale ohutu silikoon ja selle pind on meeldiv, libiseb kergesti nahal \u2013 eriti kui lisada veep\u00f5hist libestit.<\/p>\n<p>M\u00f5\u00f5tmed:<br \/>\nSisestamise pikkus: 17 cm<br \/>\nSisestamise l\u00e4bim\u00f5\u00f5t: 4 cm<br \/>\nIminapa l\u00e4bim\u00f5\u00f5t: 7 cm<\/p>\n<p>Detailid:<br \/>\nValmistatud kehale ohutust silikoonist<br \/>\nTugev imikupp<br \/>\nUSB-laadija kaasas<br \/>\nSobib strap-on rakmetega kasutamiseks<br \/>\nKasutada veep\u00f5hise libestiga<\/p>\n","protected":false},"excerpt":{"rendered":"<p><strong>Intensiivne nauding ja v\u00f5imsus \u2013 proovi Peech vibreerivat dildot iminapaga!<\/strong><\/p>\n<p>Kas soovid ka vibreerivat dildot? Kas soovid, et see stimuleeriks G-punkti v\u00f5i eesn\u00e4\u00e4ret \u2013 v\u00f5i ehk m\u00f5lemat? Toosiega v\u00f5id oma fantaasiale vaba voli anda!<\/p>\n","protected":false},"featured_media":95196,"template":"","meta":[],"product_brand":[4229],"product_cat":[1485,1484,4067],"product_tag":[],"class_list":{"0":"post-95192","1":"product","2":"type-product","3":"status-publish","4":"has-post-thumbnail","6":"product_brand-peech-et","7":"product_cat-dildod","8":"product_cat-sekslelud","9":"product_cat-vibreerivad","10":"pa_brand-peech-et","12":"first","13":"instock","14":"taxable","15":"shipping-taxable","16":"purchasable","17":"product-type-simple"},"yoast_head":"<!-- This site is optimized with the Yoast SEO plugin v27.3 - https:\/\/yoast.com\/product\/yoast-seo-wordpress\/ -->\n<title>Toosie Vibreeriv Dildo | Lust and Love<\/title>\n<meta name=\"description\" content=\"Toosie on disainitud k\u00f5hna keha, k\u00f5vera varre ja v\u00e4ikese keskk\u00f5rgusega, mis teeb selle ideaalseks G-punkti, eesn\u00e4\u00e4rme v\u00f5i v\u00e4lise stimuleerimiseks, n\u00e4iteks kliitori vastu.\" \/>\n<meta name=\"robots\" content=\"index,follow,max-snippet:-1,max-image-preview:large,max-video-preview:-1\" \/>\n<link rel=\"canonical\" href=\"https:\/\/lustandlove.eu\/et\/toode\/toosie-vibreeriv-dildo\/\" \/>\n<meta name=\"twitter:card\" content=\"summary_large_image\" \/>\n<meta name=\"twitter:title\" content=\"Toosie Vibreeriv Dildo | Lust and Love\" \/>\n<meta name=\"twitter:description\" content=\"Toosie on disainitud k\u00f5hna keha, k\u00f5vera varre ja v\u00e4ikese keskk\u00f5rgusega, mis teeb selle ideaalseks G-punkti, eesn\u00e4\u00e4rme v\u00f5i v\u00e4lise stimuleerimiseks, n\u00e4iteks kliitori vastu.\" \/>\n<meta name=\"twitter:image\" content=\"https:\/\/lustandlove.eu\/wp-content\/uploads\/peech-tossie-0745314060363-1168874500.jpg.jpeg\" \/>\n<meta name=\"twitter:label1\" content=\"Est. reading time\" \/>\n\t<meta name=\"twitter:data1\" content=\"2 minutit\" \/>\n<script type=\"application\/ld+json\" class=\"yoast-schema-graph\">{\"@context\":\"https:\\\/\\\/schema.org\",\"@graph\":[{\"@type\":[\"WebPage\",\"ItemPage\"],\"@id\":\"https:\\\/\\\/lustandlove.eu\\\/et\\\/toode\\\/toosie-vibreeriv-dildo\\\/\",\"url\":\"https:\\\/\\\/lustandlove.eu\\\/et\\\/toode\\\/toosie-vibreeriv-dildo\\\/\",\"name\":\"Toosie Vibreeriv Dildo | Lust and Love\",\"isPartOf\":{\"@id\":\"https:\\\/\\\/lustandlove.eu\\\/et\\\/#website\"},\"primaryImageOfPage\":{\"@id\":\"https:\\\/\\\/lustandlove.eu\\\/et\\\/toode\\\/toosie-vibreeriv-dildo\\\/#primaryimage\"},\"image\":{\"@id\":\"https:\\\/\\\/lustandlove.eu\\\/et\\\/toode\\\/toosie-vibreeriv-dildo\\\/#primaryimage\"},\"thumbnailUrl\":\"https:\\\/\\\/lustandlove.eu\\\/wp-content\\\/uploads\\\/peech-tossie-0745314060363-1168874500.jpg.jpeg\",\"datePublished\":\"2026-02-19T07:13:52+00:00\",\"dateModified\":\"2026-04-13T07:26:19+00:00\",\"description\":\"Toosie on disainitud k\u00f5hna keha, k\u00f5vera varre ja v\u00e4ikese keskk\u00f5rgusega, mis teeb selle ideaalseks G-punkti, eesn\u00e4\u00e4rme v\u00f5i v\u00e4lise stimuleerimiseks, n\u00e4iteks kliitori vastu.\",\"breadcrumb\":{\"@id\":\"https:\\\/\\\/lustandlove.eu\\\/et\\\/toode\\\/toosie-vibreeriv-dildo\\\/#breadcrumb\"},\"inLanguage\":\"et\",\"potentialAction\":[{\"@type\":\"ReadAction\",\"target\":[\"https:\\\/\\\/lustandlove.eu\\\/et\\\/toode\\\/toosie-vibreeriv-dildo\\\/\"]}]},{\"@type\":\"ImageObject\",\"inLanguage\":\"et\",\"@id\":\"https:\\\/\\\/lustandlove.eu\\\/et\\\/toode\\\/toosie-vibreeriv-dildo\\\/#primaryimage\",\"url\":\"https:\\\/\\\/lustandlove.eu\\\/wp-content\\\/uploads\\\/peech-tossie-0745314060363-1168874500.jpg.jpeg\",\"contentUrl\":\"https:\\\/\\\/lustandlove.eu\\\/wp-content\\\/uploads\\\/peech-tossie-0745314060363-1168874500.jpg.jpeg\",\"width\":1400,\"height\":1400},{\"@type\":\"BreadcrumbList\",\"@id\":\"https:\\\/\\\/lustandlove.eu\\\/et\\\/toode\\\/toosie-vibreeriv-dildo\\\/#breadcrumb\",\"itemListElement\":[{\"@type\":\"ListItem\",\"position\":1,\"name\":\"Lust and Love\",\"item\":\"https:\\\/\\\/lustandlove.eu\\\/et\\\/\"},{\"@type\":\"ListItem\",\"position\":2,\"name\":\"Pood\",\"item\":\"https:\\\/\\\/lustandlove.eu\\\/et\\\/pood\\\/\"},{\"@type\":\"ListItem\",\"position\":3,\"name\":\"Sekslelud\",\"item\":\"https:\\\/\\\/lustandlove.eu\\\/et\\\/pood\\\/sekslelud\\\/\"},{\"@type\":\"ListItem\",\"position\":4,\"name\":\"Dildod\",\"item\":\"https:\\\/\\\/lustandlove.eu\\\/et\\\/pood\\\/sekslelud\\\/dildod\\\/\"},{\"@type\":\"ListItem\",\"position\":5,\"name\":\"Vibreerivad\",\"item\":\"https:\\\/\\\/lustandlove.eu\\\/et\\\/pood\\\/sekslelud\\\/dildod\\\/vibreerivad\\\/\"},{\"@type\":\"ListItem\",\"position\":6,\"name\":\"Toosie Vibreeriv Dildo\"}]},{\"@type\":\"WebSite\",\"@id\":\"https:\\\/\\\/lustandlove.eu\\\/et\\\/#website\",\"url\":\"https:\\\/\\\/lustandlove.eu\\\/et\\\/\",\"name\":\"Lust &amp; Love\",\"description\":\"Online erootikapood tervise, ilu ja armastuse jaoks\",\"publisher\":{\"@id\":\"https:\\\/\\\/lustandlove.eu\\\/et\\\/#organization\"},\"potentialAction\":[{\"@type\":\"SearchAction\",\"target\":{\"@type\":\"EntryPoint\",\"urlTemplate\":\"https:\\\/\\\/lustandlove.eu\\\/et\\\/?s={search_term_string}\"},\"query-input\":{\"@type\":\"PropertyValueSpecification\",\"valueRequired\":true,\"valueName\":\"search_term_string\"}}],\"inLanguage\":\"et\"},{\"@type\":\"Organization\",\"@id\":\"https:\\\/\\\/lustandlove.eu\\\/et\\\/#organization\",\"name\":\"Bioconcept Baltics O\u00dc\",\"url\":\"https:\\\/\\\/lustandlove.eu\\\/et\\\/\",\"logo\":{\"@type\":\"ImageObject\",\"inLanguage\":\"et\",\"@id\":\"https:\\\/\\\/lustandlove.eu\\\/et\\\/#\\\/schema\\\/logo\\\/image\\\/\",\"url\":\"\",\"contentUrl\":\"\",\"caption\":\"Bioconcept Baltics O\u00dc\"},\"image\":{\"@id\":\"https:\\\/\\\/lustandlove.eu\\\/et\\\/#\\\/schema\\\/logo\\\/image\\\/\"},\"sameAs\":[\"https:\\\/\\\/www.facebook.com\\\/LustandLoveEU\\\/\",\"https:\\\/\\\/www.instagram.com\\\/lustandloveeu\\\/\"]}]}<\/script>\n<!-- \/ Yoast SEO plugin. -->","yoast_head_json":{"title":"Toosie Vibreeriv Dildo | Lust and Love","description":"Toosie on disainitud k\u00f5hna keha, k\u00f5vera varre ja v\u00e4ikese keskk\u00f5rgusega, mis teeb selle ideaalseks G-punkti, eesn\u00e4\u00e4rme v\u00f5i v\u00e4lise stimuleerimiseks, n\u00e4iteks kliitori vastu.","robots":{"index,follow,max-snippet":"index,follow,max-snippet:-1,max-image-preview:large,max-video-preview:-1"},"canonical":"https:\/\/lustandlove.eu\/et\/toode\/toosie-vibreeriv-dildo\/","twitter_card":"summary_large_image","twitter_title":"Toosie Vibreeriv Dildo | Lust and Love","twitter_description":"Toosie on disainitud k\u00f5hna keha, k\u00f5vera varre ja v\u00e4ikese keskk\u00f5rgusega, mis teeb selle ideaalseks G-punkti, eesn\u00e4\u00e4rme v\u00f5i v\u00e4lise stimuleerimiseks, n\u00e4iteks kliitori vastu.","twitter_image":"https:\/\/lustandlove.eu\/wp-content\/uploads\/peech-tossie-0745314060363-1168874500.jpg.jpeg","twitter_misc":{"Est. reading time":"2 minutit"},"schema":{"@context":"https:\/\/schema.org","@graph":[{"@type":["WebPage","ItemPage"],"@id":"https:\/\/lustandlove.eu\/et\/toode\/toosie-vibreeriv-dildo\/","url":"https:\/\/lustandlove.eu\/et\/toode\/toosie-vibreeriv-dildo\/","name":"Toosie Vibreeriv Dildo | Lust and Love","isPartOf":{"@id":"https:\/\/lustandlove.eu\/et\/#website"},"primaryImageOfPage":{"@id":"https:\/\/lustandlove.eu\/et\/toode\/toosie-vibreeriv-dildo\/#primaryimage"},"image":{"@id":"https:\/\/lustandlove.eu\/et\/toode\/toosie-vibreeriv-dildo\/#primaryimage"},"thumbnailUrl":"https:\/\/lustandlove.eu\/wp-content\/uploads\/peech-tossie-0745314060363-1168874500.jpg.jpeg","datePublished":"2026-02-19T07:13:52+00:00","dateModified":"2026-04-13T07:26:19+00:00","description":"Toosie on disainitud k\u00f5hna keha, k\u00f5vera varre ja v\u00e4ikese keskk\u00f5rgusega, mis teeb selle ideaalseks G-punkti, eesn\u00e4\u00e4rme v\u00f5i v\u00e4lise stimuleerimiseks, n\u00e4iteks kliitori vastu.","breadcrumb":{"@id":"https:\/\/lustandlove.eu\/et\/toode\/toosie-vibreeriv-dildo\/#breadcrumb"},"inLanguage":"et","potentialAction":[{"@type":"ReadAction","target":["https:\/\/lustandlove.eu\/et\/toode\/toosie-vibreeriv-dildo\/"]}]},{"@type":"ImageObject","inLanguage":"et","@id":"https:\/\/lustandlove.eu\/et\/toode\/toosie-vibreeriv-dildo\/#primaryimage","url":"https:\/\/lustandlove.eu\/wp-content\/uploads\/peech-tossie-0745314060363-1168874500.jpg.jpeg","contentUrl":"https:\/\/lustandlove.eu\/wp-content\/uploads\/peech-tossie-0745314060363-1168874500.jpg.jpeg","width":1400,"height":1400},{"@type":"BreadcrumbList","@id":"https:\/\/lustandlove.eu\/et\/toode\/toosie-vibreeriv-dildo\/#breadcrumb","itemListElement":[{"@type":"ListItem","position":1,"name":"Lust and Love","item":"https:\/\/lustandlove.eu\/et\/"},{"@type":"ListItem","position":2,"name":"Pood","item":"https:\/\/lustandlove.eu\/et\/pood\/"},{"@type":"ListItem","position":3,"name":"Sekslelud","item":"https:\/\/lustandlove.eu\/et\/pood\/sekslelud\/"},{"@type":"ListItem","position":4,"name":"Dildod","item":"https:\/\/lustandlove.eu\/et\/pood\/sekslelud\/dildod\/"},{"@type":"ListItem","position":5,"name":"Vibreerivad","item":"https:\/\/lustandlove.eu\/et\/pood\/sekslelud\/dildod\/vibreerivad\/"},{"@type":"ListItem","position":6,"name":"Toosie Vibreeriv Dildo"}]},{"@type":"WebSite","@id":"https:\/\/lustandlove.eu\/et\/#website","url":"https:\/\/lustandlove.eu\/et\/","name":"Lust &amp; Love","description":"Online erootikapood tervise, ilu ja armastuse jaoks","publisher":{"@id":"https:\/\/lustandlove.eu\/et\/#organization"},"potentialAction":[{"@type":"SearchAction","target":{"@type":"EntryPoint","urlTemplate":"https:\/\/lustandlove.eu\/et\/?s={search_term_string}"},"query-input":{"@type":"PropertyValueSpecification","valueRequired":true,"valueName":"search_term_string"}}],"inLanguage":"et"},{"@type":"Organization","@id":"https:\/\/lustandlove.eu\/et\/#organization","name":"Bioconcept Baltics O\u00dc","url":"https:\/\/lustandlove.eu\/et\/","logo":{"@type":"ImageObject","inLanguage":"et","@id":"https:\/\/lustandlove.eu\/et\/#\/schema\/logo\/image\/","url":"","contentUrl":"","caption":"Bioconcept Baltics O\u00dc"},"image":{"@id":"https:\/\/lustandlove.eu\/et\/#\/schema\/logo\/image\/"},"sameAs":["https:\/\/www.facebook.com\/LustandLoveEU\/","https:\/\/www.instagram.com\/lustandloveeu\/"]}]}},"_links":{"self":[{"href":"https:\/\/lustandlove.eu\/et\/wp-json\/wp\/v2\/product\/95192","targetHints":{"allow":["GET"]}}],"collection":[{"href":"https:\/\/lustandlove.eu\/et\/wp-json\/wp\/v2\/product"}],"about":[{"href":"https:\/\/lustandlove.eu\/et\/wp-json\/wp\/v2\/types\/product"}],"wp:featuredmedia":[{"embeddable":true,"href":"https:\/\/lustandlove.eu\/et\/wp-json\/wp\/v2\/media\/95196"}],"wp:attachment":[{"href":"https:\/\/lustandlove.eu\/et\/wp-json\/wp\/v2\/media?parent=95192"}],"wp:term":[{"taxonomy":"product_brand","embeddable":true,"href":"https:\/\/lustandlove.eu\/et\/wp-json\/wp\/v2\/product_brand?post=95192"},{"taxonomy":"product_cat","embeddable":true,"href":"https:\/\/lustandlove.eu\/et\/wp-json\/wp\/v2\/product_cat?post=95192"},{"taxonomy":"product_tag","embeddable":true,"href":"https:\/\/lustandlove.eu\/et\/wp-json\/wp\/v2\/product_tag?post=95192"}],"curies":[{"name":"wp","href":"https:\/\/api.w.org\/{rel}","templated":true}]}}