{"id":95204,"date":"2026-02-19T09:23:41","date_gmt":"2026-02-19T07:23:41","guid":{"rendered":"https:\/\/lustandlove.eu\/?post_type=product&#038;p=95204"},"modified":"2026-04-13T10:26:19","modified_gmt":"2026-04-13T07:26:19","slug":"tickly-sormevibraator","status":"publish","type":"product","link":"https:\/\/lustandlove.eu\/et\/toode\/tickly-sormevibraator\/","title":{"rendered":"Tickly S\u00f5rmevibraator"},"content":{"rendered":"<p>V\u00e4ike ja taskukohane, kuid v\u00f5imas s\u00f5rmevibraator<\/p>\n<p>Tickly on v\u00e4ike vibraator, mille saab s\u00f5rme \u00fcmber panna. S\u00f5rmevibraatoriga saad t\u00e4pselt kontrollida nii survet kui ka liikumisi m\u00f6\u00f6da keha. Tickly pakub veelgi t\u00e4psemat stimulatsiooni t\u00e4nu \u00fcmarale otsale, mida on l\u00f5bus libistada \u00fcle erogeensete tsoonide. Nupule vajutades saab h\u00f5lpsasti muuta nii vibratsioonimustrit kui ka intensiivsust.<\/p>\n<p>Tickly on valmistatud pehmest, kehale ohutust silikoonist ning seda v\u00f5ib kasutada koos veep\u00f5hise libestiga, n\u00e4iteks Peech br\u00e4ndi enda <a href=\"https:\/\/lustandlove.eu\/et\/toode\/glide-slide-veebaasil-libesti-100ml\/\">Glide &amp; Slide.<\/a> Libesti kasutamisega saab veelgi m\u00f5nusama tunde. Vibraatoril on 10 erinevat vibratsiooniseadet ja see on t\u00e4iesti veekindel.<\/p>\n<p>S\u00f5rmevibraatoriga v\u00f5id m\u00e4ngida nii \u00fcksi kui koos partneriga, avastades k\u00f5iki p\u00f5nevaid erogeenseid piirkondi, n\u00e4iteks nibud, reied, ja k\u00f5ik, mis jalge vahele j\u00e4\u00e4b. V\u00e4ikse trikina v\u00f5id vibraatori s\u00f5rme peal \u00fcmber keerata, niiet see asetseb s\u00f5rme peal. See muudab sinu enda s\u00f5rme kergelt vibreerivaks, tuues teid \u00fcksteisele v\u00f5i endale veelgi l\u00e4hemale.<\/p>\n<p><strong>M\u00f5\u00f5dud:<\/strong><\/p>\n<ul>\n<li>Kogupikkus: 8.6 cm<\/li>\n<li>Laius: 3.4 cm<\/li>\n<li>S\u00f5rmeaas on pehmest silikoonist ja mahub k\u00f5igi s\u00f5rmede \u00fcmber. Vajadusel kasuta natuke libestit.<\/li>\n<\/ul>\n","protected":false},"excerpt":{"rendered":"<p><strong>V\u00e4ike ja kasulik s\u00f5rmevibraator<\/strong><\/p>\n<p>Tickly on v\u00e4ike vibraator, mida saab kinnitada s\u00f5rmele. S\u00f5rmvibraatoriga saad t\u00e4psemalt kontrollida nii survet kui ka liikumist. Tickly pakub veelgi t\u00e4psemat stimulatsiooni t\u00e4nu oma \u00fcmarale, piklikule otsale.<\/p>\n","protected":false},"featured_media":95206,"template":"","meta":[],"product_brand":[4229],"product_cat":[3981,3978,1484,1488],"product_tag":[],"class_list":{"0":"post-95204","1":"product","2":"type-product","3":"status-publish","4":"has-post-thumbnail","6":"product_brand-peech-et","7":"product_cat-kuulvibraator","8":"product_cat-lobu-kahele","9":"product_cat-sekslelud","10":"product_cat-vibraatorid","11":"pa_brand-peech-et","13":"first","14":"instock","15":"taxable","16":"shipping-taxable","17":"purchasable","18":"product-type-simple"},"yoast_head":"<!-- This site is optimized with the Yoast SEO plugin v27.3 - https:\/\/yoast.com\/product\/yoast-seo-wordpress\/ -->\n<title>Tickly S\u00f5rmevibraator | Lust and Love<\/title>\n<meta name=\"description\" content=\"Tickly on v\u00e4ike vibraator, mida saab kinnitada s\u00f5rmele. S\u00f5rmvibraatoriga saad t\u00e4psemalt kontrollida nii survet kui ka liikumist.\" \/>\n<meta name=\"robots\" content=\"index,follow,max-snippet:-1,max-image-preview:large,max-video-preview:-1\" \/>\n<link rel=\"canonical\" href=\"https:\/\/lustandlove.eu\/et\/toode\/tickly-sormevibraator\/\" \/>\n<meta name=\"twitter:card\" content=\"summary_large_image\" \/>\n<meta name=\"twitter:title\" content=\"Tickly S\u00f5rmevibraator | Lust and Love\" \/>\n<meta name=\"twitter:description\" content=\"Tickly on v\u00e4ike vibraator, mida saab kinnitada s\u00f5rmele. S\u00f5rmvibraatoriga saad t\u00e4psemalt kontrollida nii survet kui ka liikumist.\" \/>\n<meta name=\"twitter:image\" content=\"https:\/\/lustandlove.eu\/wp-content\/uploads\/peech-vibrator-tickly-0796554105390-55449973195095.jpg.jpeg\" \/>\n<meta name=\"twitter:label1\" content=\"Est. reading time\" \/>\n\t<meta name=\"twitter:data1\" content=\"1 minut\" \/>\n<script type=\"application\/ld+json\" class=\"yoast-schema-graph\">{\"@context\":\"https:\\\/\\\/schema.org\",\"@graph\":[{\"@type\":[\"WebPage\",\"ItemPage\"],\"@id\":\"https:\\\/\\\/lustandlove.eu\\\/et\\\/toode\\\/tickly-sormevibraator\\\/\",\"url\":\"https:\\\/\\\/lustandlove.eu\\\/et\\\/toode\\\/tickly-sormevibraator\\\/\",\"name\":\"Tickly S\u00f5rmevibraator | Lust and Love\",\"isPartOf\":{\"@id\":\"https:\\\/\\\/lustandlove.eu\\\/et\\\/#website\"},\"primaryImageOfPage\":{\"@id\":\"https:\\\/\\\/lustandlove.eu\\\/et\\\/toode\\\/tickly-sormevibraator\\\/#primaryimage\"},\"image\":{\"@id\":\"https:\\\/\\\/lustandlove.eu\\\/et\\\/toode\\\/tickly-sormevibraator\\\/#primaryimage\"},\"thumbnailUrl\":\"https:\\\/\\\/lustandlove.eu\\\/wp-content\\\/uploads\\\/peech-vibrator-tickly-0796554105390-55449973195095.jpg.jpeg\",\"datePublished\":\"2026-02-19T07:23:41+00:00\",\"dateModified\":\"2026-04-13T07:26:19+00:00\",\"description\":\"Tickly on v\u00e4ike vibraator, mida saab kinnitada s\u00f5rmele. S\u00f5rmvibraatoriga saad t\u00e4psemalt kontrollida nii survet kui ka liikumist.\",\"breadcrumb\":{\"@id\":\"https:\\\/\\\/lustandlove.eu\\\/et\\\/toode\\\/tickly-sormevibraator\\\/#breadcrumb\"},\"inLanguage\":\"et\",\"potentialAction\":[{\"@type\":\"ReadAction\",\"target\":[\"https:\\\/\\\/lustandlove.eu\\\/et\\\/toode\\\/tickly-sormevibraator\\\/\"]}]},{\"@type\":\"ImageObject\",\"inLanguage\":\"et\",\"@id\":\"https:\\\/\\\/lustandlove.eu\\\/et\\\/toode\\\/tickly-sormevibraator\\\/#primaryimage\",\"url\":\"https:\\\/\\\/lustandlove.eu\\\/wp-content\\\/uploads\\\/peech-vibrator-tickly-0796554105390-55449973195095.jpg.jpeg\",\"contentUrl\":\"https:\\\/\\\/lustandlove.eu\\\/wp-content\\\/uploads\\\/peech-vibrator-tickly-0796554105390-55449973195095.jpg.jpeg\",\"width\":1600,\"height\":1600},{\"@type\":\"BreadcrumbList\",\"@id\":\"https:\\\/\\\/lustandlove.eu\\\/et\\\/toode\\\/tickly-sormevibraator\\\/#breadcrumb\",\"itemListElement\":[{\"@type\":\"ListItem\",\"position\":1,\"name\":\"Lust and Love\",\"item\":\"https:\\\/\\\/lustandlove.eu\\\/et\\\/\"},{\"@type\":\"ListItem\",\"position\":2,\"name\":\"Pood\",\"item\":\"https:\\\/\\\/lustandlove.eu\\\/et\\\/pood\\\/\"},{\"@type\":\"ListItem\",\"position\":3,\"name\":\"Sekslelud\",\"item\":\"https:\\\/\\\/lustandlove.eu\\\/et\\\/pood\\\/sekslelud\\\/\"},{\"@type\":\"ListItem\",\"position\":4,\"name\":\"Vibraatorid\",\"item\":\"https:\\\/\\\/lustandlove.eu\\\/et\\\/pood\\\/sekslelud\\\/vibraatorid\\\/\"},{\"@type\":\"ListItem\",\"position\":5,\"name\":\"Kuulvibraator\",\"item\":\"https:\\\/\\\/lustandlove.eu\\\/et\\\/pood\\\/sekslelud\\\/vibraatorid\\\/kuulvibraator\\\/\"},{\"@type\":\"ListItem\",\"position\":6,\"name\":\"Tickly S\u00f5rmevibraator\"}]},{\"@type\":\"WebSite\",\"@id\":\"https:\\\/\\\/lustandlove.eu\\\/et\\\/#website\",\"url\":\"https:\\\/\\\/lustandlove.eu\\\/et\\\/\",\"name\":\"Lust &amp; Love\",\"description\":\"Online erootikapood tervise, ilu ja armastuse jaoks\",\"publisher\":{\"@id\":\"https:\\\/\\\/lustandlove.eu\\\/et\\\/#organization\"},\"potentialAction\":[{\"@type\":\"SearchAction\",\"target\":{\"@type\":\"EntryPoint\",\"urlTemplate\":\"https:\\\/\\\/lustandlove.eu\\\/et\\\/?s={search_term_string}\"},\"query-input\":{\"@type\":\"PropertyValueSpecification\",\"valueRequired\":true,\"valueName\":\"search_term_string\"}}],\"inLanguage\":\"et\"},{\"@type\":\"Organization\",\"@id\":\"https:\\\/\\\/lustandlove.eu\\\/et\\\/#organization\",\"name\":\"Bioconcept Baltics O\u00dc\",\"url\":\"https:\\\/\\\/lustandlove.eu\\\/et\\\/\",\"logo\":{\"@type\":\"ImageObject\",\"inLanguage\":\"et\",\"@id\":\"https:\\\/\\\/lustandlove.eu\\\/et\\\/#\\\/schema\\\/logo\\\/image\\\/\",\"url\":\"\",\"contentUrl\":\"\",\"caption\":\"Bioconcept Baltics O\u00dc\"},\"image\":{\"@id\":\"https:\\\/\\\/lustandlove.eu\\\/et\\\/#\\\/schema\\\/logo\\\/image\\\/\"},\"sameAs\":[\"https:\\\/\\\/www.facebook.com\\\/LustandLoveEU\\\/\",\"https:\\\/\\\/www.instagram.com\\\/lustandloveeu\\\/\"]}]}<\/script>\n<!-- \/ Yoast SEO plugin. -->","yoast_head_json":{"title":"Tickly S\u00f5rmevibraator | Lust and Love","description":"Tickly on v\u00e4ike vibraator, mida saab kinnitada s\u00f5rmele. S\u00f5rmvibraatoriga saad t\u00e4psemalt kontrollida nii survet kui ka liikumist.","robots":{"index,follow,max-snippet":"index,follow,max-snippet:-1,max-image-preview:large,max-video-preview:-1"},"canonical":"https:\/\/lustandlove.eu\/et\/toode\/tickly-sormevibraator\/","twitter_card":"summary_large_image","twitter_title":"Tickly S\u00f5rmevibraator | Lust and Love","twitter_description":"Tickly on v\u00e4ike vibraator, mida saab kinnitada s\u00f5rmele. S\u00f5rmvibraatoriga saad t\u00e4psemalt kontrollida nii survet kui ka liikumist.","twitter_image":"https:\/\/lustandlove.eu\/wp-content\/uploads\/peech-vibrator-tickly-0796554105390-55449973195095.jpg.jpeg","twitter_misc":{"Est. reading time":"1 minut"},"schema":{"@context":"https:\/\/schema.org","@graph":[{"@type":["WebPage","ItemPage"],"@id":"https:\/\/lustandlove.eu\/et\/toode\/tickly-sormevibraator\/","url":"https:\/\/lustandlove.eu\/et\/toode\/tickly-sormevibraator\/","name":"Tickly S\u00f5rmevibraator | Lust and Love","isPartOf":{"@id":"https:\/\/lustandlove.eu\/et\/#website"},"primaryImageOfPage":{"@id":"https:\/\/lustandlove.eu\/et\/toode\/tickly-sormevibraator\/#primaryimage"},"image":{"@id":"https:\/\/lustandlove.eu\/et\/toode\/tickly-sormevibraator\/#primaryimage"},"thumbnailUrl":"https:\/\/lustandlove.eu\/wp-content\/uploads\/peech-vibrator-tickly-0796554105390-55449973195095.jpg.jpeg","datePublished":"2026-02-19T07:23:41+00:00","dateModified":"2026-04-13T07:26:19+00:00","description":"Tickly on v\u00e4ike vibraator, mida saab kinnitada s\u00f5rmele. S\u00f5rmvibraatoriga saad t\u00e4psemalt kontrollida nii survet kui ka liikumist.","breadcrumb":{"@id":"https:\/\/lustandlove.eu\/et\/toode\/tickly-sormevibraator\/#breadcrumb"},"inLanguage":"et","potentialAction":[{"@type":"ReadAction","target":["https:\/\/lustandlove.eu\/et\/toode\/tickly-sormevibraator\/"]}]},{"@type":"ImageObject","inLanguage":"et","@id":"https:\/\/lustandlove.eu\/et\/toode\/tickly-sormevibraator\/#primaryimage","url":"https:\/\/lustandlove.eu\/wp-content\/uploads\/peech-vibrator-tickly-0796554105390-55449973195095.jpg.jpeg","contentUrl":"https:\/\/lustandlove.eu\/wp-content\/uploads\/peech-vibrator-tickly-0796554105390-55449973195095.jpg.jpeg","width":1600,"height":1600},{"@type":"BreadcrumbList","@id":"https:\/\/lustandlove.eu\/et\/toode\/tickly-sormevibraator\/#breadcrumb","itemListElement":[{"@type":"ListItem","position":1,"name":"Lust and Love","item":"https:\/\/lustandlove.eu\/et\/"},{"@type":"ListItem","position":2,"name":"Pood","item":"https:\/\/lustandlove.eu\/et\/pood\/"},{"@type":"ListItem","position":3,"name":"Sekslelud","item":"https:\/\/lustandlove.eu\/et\/pood\/sekslelud\/"},{"@type":"ListItem","position":4,"name":"Vibraatorid","item":"https:\/\/lustandlove.eu\/et\/pood\/sekslelud\/vibraatorid\/"},{"@type":"ListItem","position":5,"name":"Kuulvibraator","item":"https:\/\/lustandlove.eu\/et\/pood\/sekslelud\/vibraatorid\/kuulvibraator\/"},{"@type":"ListItem","position":6,"name":"Tickly S\u00f5rmevibraator"}]},{"@type":"WebSite","@id":"https:\/\/lustandlove.eu\/et\/#website","url":"https:\/\/lustandlove.eu\/et\/","name":"Lust &amp; Love","description":"Online erootikapood tervise, ilu ja armastuse jaoks","publisher":{"@id":"https:\/\/lustandlove.eu\/et\/#organization"},"potentialAction":[{"@type":"SearchAction","target":{"@type":"EntryPoint","urlTemplate":"https:\/\/lustandlove.eu\/et\/?s={search_term_string}"},"query-input":{"@type":"PropertyValueSpecification","valueRequired":true,"valueName":"search_term_string"}}],"inLanguage":"et"},{"@type":"Organization","@id":"https:\/\/lustandlove.eu\/et\/#organization","name":"Bioconcept Baltics O\u00dc","url":"https:\/\/lustandlove.eu\/et\/","logo":{"@type":"ImageObject","inLanguage":"et","@id":"https:\/\/lustandlove.eu\/et\/#\/schema\/logo\/image\/","url":"","contentUrl":"","caption":"Bioconcept Baltics O\u00dc"},"image":{"@id":"https:\/\/lustandlove.eu\/et\/#\/schema\/logo\/image\/"},"sameAs":["https:\/\/www.facebook.com\/LustandLoveEU\/","https:\/\/www.instagram.com\/lustandloveeu\/"]}]}},"_links":{"self":[{"href":"https:\/\/lustandlove.eu\/et\/wp-json\/wp\/v2\/product\/95204","targetHints":{"allow":["GET"]}}],"collection":[{"href":"https:\/\/lustandlove.eu\/et\/wp-json\/wp\/v2\/product"}],"about":[{"href":"https:\/\/lustandlove.eu\/et\/wp-json\/wp\/v2\/types\/product"}],"wp:featuredmedia":[{"embeddable":true,"href":"https:\/\/lustandlove.eu\/et\/wp-json\/wp\/v2\/media\/95206"}],"wp:attachment":[{"href":"https:\/\/lustandlove.eu\/et\/wp-json\/wp\/v2\/media?parent=95204"}],"wp:term":[{"taxonomy":"product_brand","embeddable":true,"href":"https:\/\/lustandlove.eu\/et\/wp-json\/wp\/v2\/product_brand?post=95204"},{"taxonomy":"product_cat","embeddable":true,"href":"https:\/\/lustandlove.eu\/et\/wp-json\/wp\/v2\/product_cat?post=95204"},{"taxonomy":"product_tag","embeddable":true,"href":"https:\/\/lustandlove.eu\/et\/wp-json\/wp\/v2\/product_tag?post=95204"}],"curies":[{"name":"wp","href":"https:\/\/api.w.org\/{rel}","templated":true}]}}