{"id":95225,"date":"2026-02-20T08:50:54","date_gmt":"2026-02-20T06:50:55","guid":{"rendered":"https:\/\/lustandlove.eu\/?post_type=product&#038;p=95225"},"modified":"2026-04-13T10:26:18","modified_gmt":"2026-04-13T07:26:18","slug":"strive-vibreeriv-anaaltapp","status":"publish","type":"product","link":"https:\/\/lustandlove.eu\/et\/toode\/strive-vibreeriv-anaaltapp\/","title":{"rendered":"Strive vibreeriv anaaltapp"},"content":{"rendered":"<p>Strive on t\u00e4nu oma ergonoomilisele k\u00e4epidemele ja mugavale suurusele ideaalne vibreeriv anaaltapp algajatele. Aga see ei t\u00e4henda, et see oleks m\u00f5eldud ainult selleks. Liiguta seda v\u00e4liste ja sisemiste erogeensete tsoonide \u00fcle ja tunne selle meeldivaid vibratsioone kliitoril, reitel, peenisel, nibudel v\u00f5i muudel piirkondadel, mida soovid ergutada. Kui painutad seda oma peopesas ja lisad veep\u00f5hise libesti, v\u00f5ib see aidata ka vibreeriva <em>blowjob<\/em>-iga.<\/p>\n<p>Strive&#8217;i m\u00f5nusat vibratsiooni saab tunda ka anaalselt. Selle lai k\u00e4epide toimib anaalseksi ajal turvalise pidurina. Strive&#8217;iga on v\u00f5imalused l\u00f5putud!<\/p>\n<p>Strive on kaetud siidise silikooniga ja soovitame kasutada veep\u00f5hist libestit, kui kasutate seda \u00fcksi v\u00f5i koos partneriga\/partneritega. Glide &amp; Slide veep\u00f5hine libesti on selleks ideaalne, t\u00e4nu oma pikaajalisele ja \u00f5rnale konsistentsile.<\/p>\n<p>Strive vibreeriv anaaltapp on ka veekindel, nii et v\u00f5ite seda ohutult du\u0161i alla kaasa v\u00f5tta. Vesi pakub vibratsioonidele teistsugust kogemust ja lisab du\u0161i all veedetud ajale uue m\u00f5\u00f5tme.<\/p>\n<p>M\u00f5\u00f5tmed:<br \/>\nPikkus: 12,7 cm<br \/>\nMaksimaalne l\u00e4bim\u00f5\u00f5t: 4,5 cm<\/p>\n<p>Valmistatud kehale ohutust silikoonist<br \/>\nVeekindel ja lihtne puhastada<br \/>\n3 intensiivsust, 7 erinevat vibratsioonimustrit<br \/>\nSobib nii vaginaalsele kui ka anaalseksile<br \/>\nPuhasta kerge antibakteriaalse seebi v\u00f5i m\u00e4nguasjade puhastusvahendiga<br \/>\nLaadija kaasas<\/p>\n","protected":false},"excerpt":{"rendered":"<p><strong>V\u00f5ta nauding oma k\u00e4tesse Strive&#8217;iga!<\/strong><\/p>\n<p>Otsid mitmek\u00fclgset, vibreerivat dildot, mis suudab kohanduda sinu kehaga? Strive on vibreeriv, painutatav dildo laia, ergonoomilise k\u00e4epidemega.<\/p>\n","protected":false},"featured_media":95239,"template":"","meta":[],"product_brand":[4229],"product_cat":[1491,3980,1484,1488],"product_tag":[],"class_list":{"0":"post-95225","1":"product","2":"type-product","3":"status-publish","4":"has-post-thumbnail","6":"product_brand-peech-et","7":"product_cat-anaallelud","8":"product_cat-klassikalised","9":"product_cat-sekslelud","10":"product_cat-vibraatorid","11":"pa_brand-peech-et","13":"first","14":"instock","15":"taxable","16":"shipping-taxable","17":"purchasable","18":"product-type-simple"},"yoast_head":"<!-- This site is optimized with the Yoast SEO plugin v27.3 - https:\/\/yoast.com\/product\/yoast-seo-wordpress\/ -->\n<title>Strive vibreeriv anaaltapp | Lust and Love<\/title>\n<meta name=\"description\" content=\"Otsid mitmek\u00fclgset, vibreerivat dildot, mis suudab kohanduda sinu kehaga? Strive on vibreeriv, painutatav dildo laia, ergonoomilise k\u00e4epidemega.\" \/>\n<meta name=\"robots\" content=\"index,follow,max-snippet:-1,max-image-preview:large,max-video-preview:-1\" \/>\n<link rel=\"canonical\" href=\"https:\/\/lustandlove.eu\/et\/toode\/strive-vibreeriv-anaaltapp\/\" \/>\n<meta name=\"twitter:card\" content=\"summary_large_image\" \/>\n<meta name=\"twitter:title\" content=\"Strive vibreeriv anaaltapp | Lust and Love\" \/>\n<meta name=\"twitter:description\" content=\"Otsid mitmek\u00fclgset, vibreerivat dildot, mis suudab kohanduda sinu kehaga? Strive on vibreeriv, painutatav dildo laia, ergonoomilise k\u00e4epidemega.\" \/>\n<meta name=\"twitter:image\" content=\"https:\/\/lustandlove.eu\/wp-content\/uploads\/peech-strive-0745314060370-1168874492.png\" \/>\n<meta name=\"twitter:label1\" content=\"Est. reading time\" \/>\n\t<meta name=\"twitter:data1\" content=\"1 minut\" \/>\n<script type=\"application\/ld+json\" class=\"yoast-schema-graph\">{\"@context\":\"https:\\\/\\\/schema.org\",\"@graph\":[{\"@type\":[\"WebPage\",\"ItemPage\"],\"@id\":\"https:\\\/\\\/lustandlove.eu\\\/et\\\/toode\\\/strive-vibreeriv-anaaltapp\\\/\",\"url\":\"https:\\\/\\\/lustandlove.eu\\\/et\\\/toode\\\/strive-vibreeriv-anaaltapp\\\/\",\"name\":\"Strive vibreeriv anaaltapp | Lust and Love\",\"isPartOf\":{\"@id\":\"https:\\\/\\\/lustandlove.eu\\\/et\\\/#website\"},\"primaryImageOfPage\":{\"@id\":\"https:\\\/\\\/lustandlove.eu\\\/et\\\/toode\\\/strive-vibreeriv-anaaltapp\\\/#primaryimage\"},\"image\":{\"@id\":\"https:\\\/\\\/lustandlove.eu\\\/et\\\/toode\\\/strive-vibreeriv-anaaltapp\\\/#primaryimage\"},\"thumbnailUrl\":\"https:\\\/\\\/lustandlove.eu\\\/wp-content\\\/uploads\\\/peech-strive-0745314060370-1168874492.png\",\"datePublished\":\"2026-02-20T06:50:55+00:00\",\"dateModified\":\"2026-04-13T07:26:18+00:00\",\"description\":\"Otsid mitmek\u00fclgset, vibreerivat dildot, mis suudab kohanduda sinu kehaga? Strive on vibreeriv, painutatav dildo laia, ergonoomilise k\u00e4epidemega.\",\"breadcrumb\":{\"@id\":\"https:\\\/\\\/lustandlove.eu\\\/et\\\/toode\\\/strive-vibreeriv-anaaltapp\\\/#breadcrumb\"},\"inLanguage\":\"et\",\"potentialAction\":[{\"@type\":\"ReadAction\",\"target\":[\"https:\\\/\\\/lustandlove.eu\\\/et\\\/toode\\\/strive-vibreeriv-anaaltapp\\\/\"]}]},{\"@type\":\"ImageObject\",\"inLanguage\":\"et\",\"@id\":\"https:\\\/\\\/lustandlove.eu\\\/et\\\/toode\\\/strive-vibreeriv-anaaltapp\\\/#primaryimage\",\"url\":\"https:\\\/\\\/lustandlove.eu\\\/wp-content\\\/uploads\\\/peech-strive-0745314060370-1168874492.png\",\"contentUrl\":\"https:\\\/\\\/lustandlove.eu\\\/wp-content\\\/uploads\\\/peech-strive-0745314060370-1168874492.png\",\"width\":990,\"height\":990},{\"@type\":\"BreadcrumbList\",\"@id\":\"https:\\\/\\\/lustandlove.eu\\\/et\\\/toode\\\/strive-vibreeriv-anaaltapp\\\/#breadcrumb\",\"itemListElement\":[{\"@type\":\"ListItem\",\"position\":1,\"name\":\"Lust and Love\",\"item\":\"https:\\\/\\\/lustandlove.eu\\\/et\\\/\"},{\"@type\":\"ListItem\",\"position\":2,\"name\":\"Pood\",\"item\":\"https:\\\/\\\/lustandlove.eu\\\/et\\\/pood\\\/\"},{\"@type\":\"ListItem\",\"position\":3,\"name\":\"Sekslelud\",\"item\":\"https:\\\/\\\/lustandlove.eu\\\/et\\\/pood\\\/sekslelud\\\/\"},{\"@type\":\"ListItem\",\"position\":4,\"name\":\"Vibraatorid\",\"item\":\"https:\\\/\\\/lustandlove.eu\\\/et\\\/pood\\\/sekslelud\\\/vibraatorid\\\/\"},{\"@type\":\"ListItem\",\"position\":5,\"name\":\"Klassikalised\",\"item\":\"https:\\\/\\\/lustandlove.eu\\\/et\\\/pood\\\/sekslelud\\\/vibraatorid\\\/klassikalised\\\/\"},{\"@type\":\"ListItem\",\"position\":6,\"name\":\"Strive vibreeriv anaaltapp\"}]},{\"@type\":\"WebSite\",\"@id\":\"https:\\\/\\\/lustandlove.eu\\\/et\\\/#website\",\"url\":\"https:\\\/\\\/lustandlove.eu\\\/et\\\/\",\"name\":\"Lust &amp; Love\",\"description\":\"Online erootikapood tervise, ilu ja armastuse jaoks\",\"publisher\":{\"@id\":\"https:\\\/\\\/lustandlove.eu\\\/et\\\/#organization\"},\"potentialAction\":[{\"@type\":\"SearchAction\",\"target\":{\"@type\":\"EntryPoint\",\"urlTemplate\":\"https:\\\/\\\/lustandlove.eu\\\/et\\\/?s={search_term_string}\"},\"query-input\":{\"@type\":\"PropertyValueSpecification\",\"valueRequired\":true,\"valueName\":\"search_term_string\"}}],\"inLanguage\":\"et\"},{\"@type\":\"Organization\",\"@id\":\"https:\\\/\\\/lustandlove.eu\\\/et\\\/#organization\",\"name\":\"Bioconcept Baltics O\u00dc\",\"url\":\"https:\\\/\\\/lustandlove.eu\\\/et\\\/\",\"logo\":{\"@type\":\"ImageObject\",\"inLanguage\":\"et\",\"@id\":\"https:\\\/\\\/lustandlove.eu\\\/et\\\/#\\\/schema\\\/logo\\\/image\\\/\",\"url\":\"\",\"contentUrl\":\"\",\"caption\":\"Bioconcept Baltics O\u00dc\"},\"image\":{\"@id\":\"https:\\\/\\\/lustandlove.eu\\\/et\\\/#\\\/schema\\\/logo\\\/image\\\/\"},\"sameAs\":[\"https:\\\/\\\/www.facebook.com\\\/LustandLoveEU\\\/\",\"https:\\\/\\\/www.instagram.com\\\/lustandloveeu\\\/\"]}]}<\/script>\n<!-- \/ Yoast SEO plugin. -->","yoast_head_json":{"title":"Strive vibreeriv anaaltapp | Lust and Love","description":"Otsid mitmek\u00fclgset, vibreerivat dildot, mis suudab kohanduda sinu kehaga? Strive on vibreeriv, painutatav dildo laia, ergonoomilise k\u00e4epidemega.","robots":{"index,follow,max-snippet":"index,follow,max-snippet:-1,max-image-preview:large,max-video-preview:-1"},"canonical":"https:\/\/lustandlove.eu\/et\/toode\/strive-vibreeriv-anaaltapp\/","twitter_card":"summary_large_image","twitter_title":"Strive vibreeriv anaaltapp | Lust and Love","twitter_description":"Otsid mitmek\u00fclgset, vibreerivat dildot, mis suudab kohanduda sinu kehaga? Strive on vibreeriv, painutatav dildo laia, ergonoomilise k\u00e4epidemega.","twitter_image":"https:\/\/lustandlove.eu\/wp-content\/uploads\/peech-strive-0745314060370-1168874492.png","twitter_misc":{"Est. reading time":"1 minut"},"schema":{"@context":"https:\/\/schema.org","@graph":[{"@type":["WebPage","ItemPage"],"@id":"https:\/\/lustandlove.eu\/et\/toode\/strive-vibreeriv-anaaltapp\/","url":"https:\/\/lustandlove.eu\/et\/toode\/strive-vibreeriv-anaaltapp\/","name":"Strive vibreeriv anaaltapp | Lust and Love","isPartOf":{"@id":"https:\/\/lustandlove.eu\/et\/#website"},"primaryImageOfPage":{"@id":"https:\/\/lustandlove.eu\/et\/toode\/strive-vibreeriv-anaaltapp\/#primaryimage"},"image":{"@id":"https:\/\/lustandlove.eu\/et\/toode\/strive-vibreeriv-anaaltapp\/#primaryimage"},"thumbnailUrl":"https:\/\/lustandlove.eu\/wp-content\/uploads\/peech-strive-0745314060370-1168874492.png","datePublished":"2026-02-20T06:50:55+00:00","dateModified":"2026-04-13T07:26:18+00:00","description":"Otsid mitmek\u00fclgset, vibreerivat dildot, mis suudab kohanduda sinu kehaga? Strive on vibreeriv, painutatav dildo laia, ergonoomilise k\u00e4epidemega.","breadcrumb":{"@id":"https:\/\/lustandlove.eu\/et\/toode\/strive-vibreeriv-anaaltapp\/#breadcrumb"},"inLanguage":"et","potentialAction":[{"@type":"ReadAction","target":["https:\/\/lustandlove.eu\/et\/toode\/strive-vibreeriv-anaaltapp\/"]}]},{"@type":"ImageObject","inLanguage":"et","@id":"https:\/\/lustandlove.eu\/et\/toode\/strive-vibreeriv-anaaltapp\/#primaryimage","url":"https:\/\/lustandlove.eu\/wp-content\/uploads\/peech-strive-0745314060370-1168874492.png","contentUrl":"https:\/\/lustandlove.eu\/wp-content\/uploads\/peech-strive-0745314060370-1168874492.png","width":990,"height":990},{"@type":"BreadcrumbList","@id":"https:\/\/lustandlove.eu\/et\/toode\/strive-vibreeriv-anaaltapp\/#breadcrumb","itemListElement":[{"@type":"ListItem","position":1,"name":"Lust and Love","item":"https:\/\/lustandlove.eu\/et\/"},{"@type":"ListItem","position":2,"name":"Pood","item":"https:\/\/lustandlove.eu\/et\/pood\/"},{"@type":"ListItem","position":3,"name":"Sekslelud","item":"https:\/\/lustandlove.eu\/et\/pood\/sekslelud\/"},{"@type":"ListItem","position":4,"name":"Vibraatorid","item":"https:\/\/lustandlove.eu\/et\/pood\/sekslelud\/vibraatorid\/"},{"@type":"ListItem","position":5,"name":"Klassikalised","item":"https:\/\/lustandlove.eu\/et\/pood\/sekslelud\/vibraatorid\/klassikalised\/"},{"@type":"ListItem","position":6,"name":"Strive vibreeriv anaaltapp"}]},{"@type":"WebSite","@id":"https:\/\/lustandlove.eu\/et\/#website","url":"https:\/\/lustandlove.eu\/et\/","name":"Lust &amp; Love","description":"Online erootikapood tervise, ilu ja armastuse jaoks","publisher":{"@id":"https:\/\/lustandlove.eu\/et\/#organization"},"potentialAction":[{"@type":"SearchAction","target":{"@type":"EntryPoint","urlTemplate":"https:\/\/lustandlove.eu\/et\/?s={search_term_string}"},"query-input":{"@type":"PropertyValueSpecification","valueRequired":true,"valueName":"search_term_string"}}],"inLanguage":"et"},{"@type":"Organization","@id":"https:\/\/lustandlove.eu\/et\/#organization","name":"Bioconcept Baltics O\u00dc","url":"https:\/\/lustandlove.eu\/et\/","logo":{"@type":"ImageObject","inLanguage":"et","@id":"https:\/\/lustandlove.eu\/et\/#\/schema\/logo\/image\/","url":"","contentUrl":"","caption":"Bioconcept Baltics O\u00dc"},"image":{"@id":"https:\/\/lustandlove.eu\/et\/#\/schema\/logo\/image\/"},"sameAs":["https:\/\/www.facebook.com\/LustandLoveEU\/","https:\/\/www.instagram.com\/lustandloveeu\/"]}]}},"_links":{"self":[{"href":"https:\/\/lustandlove.eu\/et\/wp-json\/wp\/v2\/product\/95225","targetHints":{"allow":["GET"]}}],"collection":[{"href":"https:\/\/lustandlove.eu\/et\/wp-json\/wp\/v2\/product"}],"about":[{"href":"https:\/\/lustandlove.eu\/et\/wp-json\/wp\/v2\/types\/product"}],"wp:featuredmedia":[{"embeddable":true,"href":"https:\/\/lustandlove.eu\/et\/wp-json\/wp\/v2\/media\/95239"}],"wp:attachment":[{"href":"https:\/\/lustandlove.eu\/et\/wp-json\/wp\/v2\/media?parent=95225"}],"wp:term":[{"taxonomy":"product_brand","embeddable":true,"href":"https:\/\/lustandlove.eu\/et\/wp-json\/wp\/v2\/product_brand?post=95225"},{"taxonomy":"product_cat","embeddable":true,"href":"https:\/\/lustandlove.eu\/et\/wp-json\/wp\/v2\/product_cat?post=95225"},{"taxonomy":"product_tag","embeddable":true,"href":"https:\/\/lustandlove.eu\/et\/wp-json\/wp\/v2\/product_tag?post=95225"}],"curies":[{"name":"wp","href":"https:\/\/api.w.org\/{rel}","templated":true}]}}