{"id":95276,"date":"2026-02-20T15:21:37","date_gmt":"2026-02-20T13:21:37","guid":{"rendered":"https:\/\/lustandlove.eu\/?post_type=product&#038;p=95276"},"modified":"2026-04-13T10:26:17","modified_gmt":"2026-04-13T07:26:17","slug":"grip-silikoonist-kaerauad","status":"publish","type":"product","link":"https:\/\/lustandlove.eu\/et\/toode\/grip-silikoonist-kaerauad\/","title":{"rendered":"Grip Silikoonist K\u00e4erauad"},"content":{"rendered":"<p>Grip on piisavalt tugev, et kinni hoida, aga samas pehme ja paindlik, mist\u00f5ttu on seda lihtne eemaldada, mis teeb selle suurep\u00e4raseks nii algajatele kui ka kogenumatele kasutajatele. Grip&#8217;i saab kasutada kinnipidamism\u00e4ngudes ja see on suurep\u00e4rane viis usalduse ja suhtlemise loomiseks partneriga. Samal ajal on grip&#8217;id hea viis keha tundma \u00f5ppida, kuna nende kandmine paneb sind seksimise ajal oma liigutusi \u00fcmber m\u00f5tlema. Proovi panna need randmete \u00fcmber ja asetada k\u00e4ed peatsi kohale, et anda kontroll oma partnerile (partneritele).<\/p>\n<p>Grip k\u00e4erauad on ohutum viis sidumism\u00e4ngude harrastamiseks ja tegelikult ohutumad kui sidemed ja k\u00f6ied, mis v\u00f5ivad p\u00f5hjustada p\u00f5letusi.<\/p>\n","protected":false},"excerpt":{"rendered":"<p><strong>Ohutu ja p\u00f5nev bondage nii algajatele kui ka kogenutele<\/strong><\/p>\n<p>Grip k\u00e4erauad on ideaalsed k\u00e4erauad neile, kes soovivad proovida bondage&#8217;i m\u00e4ngu. Paindlikud Grip k\u00e4erauad sobivad enamikule randmetele ja on valmistatud meditsiiniliselt heakskiidetud silikoonist, seega ei p\u00f5hjusta need sulle ega su partnerile (partneritele) p\u00f5letusi ega ebamugavust.<\/p>\n","protected":false},"featured_media":95280,"template":"","meta":[],"product_brand":[4229],"product_cat":[1470,1474,4000],"product_tag":[],"class_list":{"0":"post-95276","1":"product","2":"type-product","3":"status-publish","4":"has-post-thumbnail","6":"product_brand-peech-et","7":"product_cat-bdsm-et","8":"product_cat-kaerauad-ja-rakmed","9":"product_cat-sidumine","10":"pa_brand-peech-et","12":"first","13":"instock","14":"taxable","15":"shipping-taxable","16":"purchasable","17":"product-type-simple"},"yoast_head":"<!-- This site is optimized with the Yoast SEO plugin v27.4 - https:\/\/yoast.com\/product\/yoast-seo-wordpress\/ -->\n<title>Grip Silikoonist K\u00e4erauad | Lust and Love<\/title>\n<meta name=\"description\" content=\"Grip k\u00e4erauad on ideaalsed k\u00e4erauad neile, kes soovivad proovida bondage&#039;i m\u00e4ngu. Paindlikud Grip k\u00e4erauad sobivad enamikule randmetele ja on valmistatud pehmest silikoonist.\" \/>\n<meta name=\"robots\" content=\"index,follow,max-snippet:-1,max-image-preview:large,max-video-preview:-1\" \/>\n<link rel=\"canonical\" href=\"https:\/\/lustandlove.eu\/et\/toode\/grip-silikoonist-kaerauad\/\" \/>\n<script type=\"application\/ld+json\" class=\"yoast-schema-graph\">{\"@context\":\"https:\\\/\\\/schema.org\",\"@graph\":[{\"@type\":[\"WebPage\",\"ItemPage\"],\"@id\":\"https:\\\/\\\/lustandlove.eu\\\/et\\\/toode\\\/grip-silikoonist-kaerauad\\\/\",\"url\":\"https:\\\/\\\/lustandlove.eu\\\/et\\\/toode\\\/grip-silikoonist-kaerauad\\\/\",\"name\":\"Grip Silikoonist K\u00e4erauad | Lust and Love\",\"isPartOf\":{\"@id\":\"https:\\\/\\\/lustandlove.eu\\\/et\\\/#website\"},\"primaryImageOfPage\":{\"@id\":\"https:\\\/\\\/lustandlove.eu\\\/et\\\/toode\\\/grip-silikoonist-kaerauad\\\/#primaryimage\"},\"image\":{\"@id\":\"https:\\\/\\\/lustandlove.eu\\\/et\\\/toode\\\/grip-silikoonist-kaerauad\\\/#primaryimage\"},\"thumbnailUrl\":\"https:\\\/\\\/lustandlove.eu\\\/wp-content\\\/uploads\\\/peech-andet-grip-handcuffs-1167240785.jpg.jpeg\",\"datePublished\":\"2026-02-20T13:21:37+00:00\",\"dateModified\":\"2026-04-13T07:26:17+00:00\",\"description\":\"Grip k\u00e4erauad on ideaalsed k\u00e4erauad neile, kes soovivad proovida bondage'i m\u00e4ngu. Paindlikud Grip k\u00e4erauad sobivad enamikule randmetele ja on valmistatud pehmest silikoonist.\",\"breadcrumb\":{\"@id\":\"https:\\\/\\\/lustandlove.eu\\\/et\\\/toode\\\/grip-silikoonist-kaerauad\\\/#breadcrumb\"},\"inLanguage\":\"et\",\"potentialAction\":[{\"@type\":\"ReadAction\",\"target\":[\"https:\\\/\\\/lustandlove.eu\\\/et\\\/toode\\\/grip-silikoonist-kaerauad\\\/\"]}]},{\"@type\":\"ImageObject\",\"inLanguage\":\"et\",\"@id\":\"https:\\\/\\\/lustandlove.eu\\\/et\\\/toode\\\/grip-silikoonist-kaerauad\\\/#primaryimage\",\"url\":\"https:\\\/\\\/lustandlove.eu\\\/wp-content\\\/uploads\\\/peech-andet-grip-handcuffs-1167240785.jpg.jpeg\",\"contentUrl\":\"https:\\\/\\\/lustandlove.eu\\\/wp-content\\\/uploads\\\/peech-andet-grip-handcuffs-1167240785.jpg.jpeg\",\"width\":1400,\"height\":1400},{\"@type\":\"BreadcrumbList\",\"@id\":\"https:\\\/\\\/lustandlove.eu\\\/et\\\/toode\\\/grip-silikoonist-kaerauad\\\/#breadcrumb\",\"itemListElement\":[{\"@type\":\"ListItem\",\"position\":1,\"name\":\"Lust and Love\",\"item\":\"https:\\\/\\\/lustandlove.eu\\\/et\\\/\"},{\"@type\":\"ListItem\",\"position\":2,\"name\":\"Pood\",\"item\":\"https:\\\/\\\/lustandlove.eu\\\/et\\\/pood\\\/\"},{\"@type\":\"ListItem\",\"position\":3,\"name\":\"BDSM\",\"item\":\"https:\\\/\\\/lustandlove.eu\\\/et\\\/pood\\\/bdsm-et\\\/\"},{\"@type\":\"ListItem\",\"position\":4,\"name\":\"Sidumine\",\"item\":\"https:\\\/\\\/lustandlove.eu\\\/et\\\/pood\\\/bdsm-et\\\/sidumine\\\/\"},{\"@type\":\"ListItem\",\"position\":5,\"name\":\"K\u00e4erauad ja Rakmed\",\"item\":\"https:\\\/\\\/lustandlove.eu\\\/et\\\/pood\\\/bdsm-et\\\/sidumine\\\/kaerauad-ja-rakmed\\\/\"},{\"@type\":\"ListItem\",\"position\":6,\"name\":\"Grip Silikoonist K\u00e4erauad\"}]},{\"@type\":\"WebSite\",\"@id\":\"https:\\\/\\\/lustandlove.eu\\\/et\\\/#website\",\"url\":\"https:\\\/\\\/lustandlove.eu\\\/et\\\/\",\"name\":\"Lust & Love\",\"description\":\"Online erootikapood tervise, ilu ja armastuse jaoks\",\"publisher\":{\"@id\":\"https:\\\/\\\/lustandlove.eu\\\/et\\\/#organization\"},\"potentialAction\":[{\"@type\":\"SearchAction\",\"target\":{\"@type\":\"EntryPoint\",\"urlTemplate\":\"https:\\\/\\\/lustandlove.eu\\\/et\\\/?s={search_term_string}\"},\"query-input\":{\"@type\":\"PropertyValueSpecification\",\"valueRequired\":true,\"valueName\":\"search_term_string\"}}],\"inLanguage\":\"et\"},{\"@type\":\"Organization\",\"@id\":\"https:\\\/\\\/lustandlove.eu\\\/et\\\/#organization\",\"name\":\"Bioconcept Baltics O\u00dc\",\"url\":\"https:\\\/\\\/lustandlove.eu\\\/et\\\/\",\"logo\":{\"@type\":\"ImageObject\",\"inLanguage\":\"et\",\"@id\":\"https:\\\/\\\/lustandlove.eu\\\/et\\\/#\\\/schema\\\/logo\\\/image\\\/\",\"url\":\"https:\\\/\\\/lustandlove.eu\\\/wp-content\\\/uploads\\\/logo-full-2.png\",\"contentUrl\":\"https:\\\/\\\/lustandlove.eu\\\/wp-content\\\/uploads\\\/logo-full-2.png\",\"width\":837,\"height\":200,\"caption\":\"Bioconcept Baltics O\u00dc\"},\"image\":{\"@id\":\"https:\\\/\\\/lustandlove.eu\\\/et\\\/#\\\/schema\\\/logo\\\/image\\\/\"},\"sameAs\":[\"https:\\\/\\\/www.facebook.com\\\/LustandLoveEU\\\/\",\"https:\\\/\\\/www.instagram.com\\\/lustandloveeu\\\/\"]}]}<\/script>\n<!-- \/ Yoast SEO plugin. -->","yoast_head_json":{"title":"Grip Silikoonist K\u00e4erauad | Lust and Love","description":"Grip k\u00e4erauad on ideaalsed k\u00e4erauad neile, kes soovivad proovida bondage'i m\u00e4ngu. Paindlikud Grip k\u00e4erauad sobivad enamikule randmetele ja on valmistatud pehmest silikoonist.","robots":{"index,follow,max-snippet":"index,follow,max-snippet:-1,max-image-preview:large,max-video-preview:-1"},"canonical":"https:\/\/lustandlove.eu\/et\/toode\/grip-silikoonist-kaerauad\/","schema":{"@context":"https:\/\/schema.org","@graph":[{"@type":["WebPage","ItemPage"],"@id":"https:\/\/lustandlove.eu\/et\/toode\/grip-silikoonist-kaerauad\/","url":"https:\/\/lustandlove.eu\/et\/toode\/grip-silikoonist-kaerauad\/","name":"Grip Silikoonist K\u00e4erauad | Lust and Love","isPartOf":{"@id":"https:\/\/lustandlove.eu\/et\/#website"},"primaryImageOfPage":{"@id":"https:\/\/lustandlove.eu\/et\/toode\/grip-silikoonist-kaerauad\/#primaryimage"},"image":{"@id":"https:\/\/lustandlove.eu\/et\/toode\/grip-silikoonist-kaerauad\/#primaryimage"},"thumbnailUrl":"https:\/\/lustandlove.eu\/wp-content\/uploads\/peech-andet-grip-handcuffs-1167240785.jpg.jpeg","datePublished":"2026-02-20T13:21:37+00:00","dateModified":"2026-04-13T07:26:17+00:00","description":"Grip k\u00e4erauad on ideaalsed k\u00e4erauad neile, kes soovivad proovida bondage'i m\u00e4ngu. Paindlikud Grip k\u00e4erauad sobivad enamikule randmetele ja on valmistatud pehmest silikoonist.","breadcrumb":{"@id":"https:\/\/lustandlove.eu\/et\/toode\/grip-silikoonist-kaerauad\/#breadcrumb"},"inLanguage":"et","potentialAction":[{"@type":"ReadAction","target":["https:\/\/lustandlove.eu\/et\/toode\/grip-silikoonist-kaerauad\/"]}]},{"@type":"ImageObject","inLanguage":"et","@id":"https:\/\/lustandlove.eu\/et\/toode\/grip-silikoonist-kaerauad\/#primaryimage","url":"https:\/\/lustandlove.eu\/wp-content\/uploads\/peech-andet-grip-handcuffs-1167240785.jpg.jpeg","contentUrl":"https:\/\/lustandlove.eu\/wp-content\/uploads\/peech-andet-grip-handcuffs-1167240785.jpg.jpeg","width":1400,"height":1400},{"@type":"BreadcrumbList","@id":"https:\/\/lustandlove.eu\/et\/toode\/grip-silikoonist-kaerauad\/#breadcrumb","itemListElement":[{"@type":"ListItem","position":1,"name":"Lust and Love","item":"https:\/\/lustandlove.eu\/et\/"},{"@type":"ListItem","position":2,"name":"Pood","item":"https:\/\/lustandlove.eu\/et\/pood\/"},{"@type":"ListItem","position":3,"name":"BDSM","item":"https:\/\/lustandlove.eu\/et\/pood\/bdsm-et\/"},{"@type":"ListItem","position":4,"name":"Sidumine","item":"https:\/\/lustandlove.eu\/et\/pood\/bdsm-et\/sidumine\/"},{"@type":"ListItem","position":5,"name":"K\u00e4erauad ja Rakmed","item":"https:\/\/lustandlove.eu\/et\/pood\/bdsm-et\/sidumine\/kaerauad-ja-rakmed\/"},{"@type":"ListItem","position":6,"name":"Grip Silikoonist K\u00e4erauad"}]},{"@type":"WebSite","@id":"https:\/\/lustandlove.eu\/et\/#website","url":"https:\/\/lustandlove.eu\/et\/","name":"Lust & Love","description":"Online erootikapood tervise, ilu ja armastuse jaoks","publisher":{"@id":"https:\/\/lustandlove.eu\/et\/#organization"},"potentialAction":[{"@type":"SearchAction","target":{"@type":"EntryPoint","urlTemplate":"https:\/\/lustandlove.eu\/et\/?s={search_term_string}"},"query-input":{"@type":"PropertyValueSpecification","valueRequired":true,"valueName":"search_term_string"}}],"inLanguage":"et"},{"@type":"Organization","@id":"https:\/\/lustandlove.eu\/et\/#organization","name":"Bioconcept Baltics O\u00dc","url":"https:\/\/lustandlove.eu\/et\/","logo":{"@type":"ImageObject","inLanguage":"et","@id":"https:\/\/lustandlove.eu\/et\/#\/schema\/logo\/image\/","url":"https:\/\/lustandlove.eu\/wp-content\/uploads\/logo-full-2.png","contentUrl":"https:\/\/lustandlove.eu\/wp-content\/uploads\/logo-full-2.png","width":837,"height":200,"caption":"Bioconcept Baltics O\u00dc"},"image":{"@id":"https:\/\/lustandlove.eu\/et\/#\/schema\/logo\/image\/"},"sameAs":["https:\/\/www.facebook.com\/LustandLoveEU\/","https:\/\/www.instagram.com\/lustandloveeu\/"]}]}},"_links":{"self":[{"href":"https:\/\/lustandlove.eu\/et\/wp-json\/wp\/v2\/product\/95276","targetHints":{"allow":["GET"]}}],"collection":[{"href":"https:\/\/lustandlove.eu\/et\/wp-json\/wp\/v2\/product"}],"about":[{"href":"https:\/\/lustandlove.eu\/et\/wp-json\/wp\/v2\/types\/product"}],"wp:featuredmedia":[{"embeddable":true,"href":"https:\/\/lustandlove.eu\/et\/wp-json\/wp\/v2\/media\/95280"}],"wp:attachment":[{"href":"https:\/\/lustandlove.eu\/et\/wp-json\/wp\/v2\/media?parent=95276"}],"wp:term":[{"taxonomy":"product_brand","embeddable":true,"href":"https:\/\/lustandlove.eu\/et\/wp-json\/wp\/v2\/product_brand?post=95276"},{"taxonomy":"product_cat","embeddable":true,"href":"https:\/\/lustandlove.eu\/et\/wp-json\/wp\/v2\/product_cat?post=95276"},{"taxonomy":"product_tag","embeddable":true,"href":"https:\/\/lustandlove.eu\/et\/wp-json\/wp\/v2\/product_tag?post=95276"}],"curies":[{"name":"wp","href":"https:\/\/api.w.org\/{rel}","templated":true}]}}