{"id":95289,"date":"2026-02-25T10:13:54","date_gmt":"2026-02-25T08:13:54","guid":{"rendered":"https:\/\/lustandlove.eu\/?post_type=product&#038;p=95289"},"modified":"2026-04-13T10:26:17","modified_gmt":"2026-04-13T07:26:17","slug":"corny-vibraator","status":"publish","type":"product","link":"https:\/\/lustandlove.eu\/et\/toode\/corny-vibraator\/","title":{"rendered":"Corny Vibraator"},"content":{"rendered":"<p>Corny on koonusekujuline vibraator, mille pinnal on sooned, mis eristab seda teistest vibraatoritest. Kasutage seda veep\u00f5hise libestiga ja tunnetage, kuidas sooned annavad t\u00e4iesti erineva ja meeldiva tunde, kui seda kasutatakse sisemiselt v\u00f5i v\u00e4liselt. Cornyl on 10 erinevat vibratsiooniseadet ja veelgi fokuseerituma stimuleerimise jaoks v\u00f5id lasta soontega k\u00fclgedel v\u00f5i teraval tipul libiseda \u00fcle keha v\u00f5i tundlike piirkondade \u2013 Corny on rohkem kui t\u00fckike silmailu.<\/p>\n<p>M\u00f5\u00f5tmed:<\/p>\n<p>Pikkus: 12,8 cm<br \/>\nMaksimaalne l\u00e4bim\u00f5\u00f5t: 3 cm<\/p>\n<p>10 vibratsiooniseadet<br \/>\nValmistatud kehale ohutust silikoonist<br \/>\nVeekindel<br \/>\nLihtne puhastada veega ja m\u00e4nguasjade puhastusvahendiga v\u00f5i pehme seebiga<br \/>\nLaetav<i><\/i><\/p>\n","protected":false},"excerpt":{"rendered":"<p>Corny ei ole ainult v\u00e4ga ilus \u2013 see vibraator on valmistatud imeliselt pehmest, kehale ohutust silikoonist ja t\u00e4iesti veekindel, nii et v\u00f5id selle puhta s\u00fcdametunnistusega du\u0161i alla kaasa v\u00f5tta.<\/p>\n","protected":false},"featured_media":95301,"template":"","meta":[],"product_brand":[4229],"product_cat":[3980,1484,1488],"product_tag":[],"class_list":{"0":"post-95289","1":"product","2":"type-product","3":"status-publish","4":"has-post-thumbnail","6":"product_brand-peech-et","7":"product_cat-klassikalised","8":"product_cat-sekslelud","9":"product_cat-vibraatorid","10":"pa_brand-peech-et","12":"first","13":"instock","14":"taxable","15":"shipping-taxable","16":"purchasable","17":"product-type-simple"},"yoast_head":"<!-- This site is optimized with the Yoast SEO plugin v27.3 - https:\/\/yoast.com\/product\/yoast-seo-wordpress\/ -->\n<title>Corny Vibraator | Lust and Love<\/title>\n<meta name=\"description\" content=\"Corny ei ole ainult v\u00e4ga ilus \u2013 see on m\u00f5eldud nii sisemiseks kui ka v\u00e4liseks naudinguks ning on valmistatud pehmest, kehale ohutust silikoonist ja on t\u00e4iesti veekindel.\" \/>\n<meta name=\"robots\" content=\"index,follow,max-snippet:-1,max-image-preview:large,max-video-preview:-1\" \/>\n<link rel=\"canonical\" href=\"https:\/\/lustandlove.eu\/et\/toode\/corny-vibraator\/\" \/>\n<meta name=\"twitter:card\" content=\"summary_large_image\" \/>\n<meta name=\"twitter:title\" content=\"Corny Vibraator | Lust and Love\" \/>\n<meta name=\"twitter:description\" content=\"Corny ei ole ainult v\u00e4ga ilus \u2013 see on m\u00f5eldud nii sisemiseks kui ka v\u00e4liseks naudinguks ning on valmistatud pehmest, kehale ohutust silikoonist ja on t\u00e4iesti veekindel.\" \/>\n<meta name=\"twitter:image\" content=\"https:\/\/lustandlove.eu\/wp-content\/uploads\/peech-vibrator-corny-0764460998115-29206040379426.jpg.jpeg\" \/>\n<meta name=\"twitter:label1\" content=\"Est. reading time\" \/>\n\t<meta name=\"twitter:data1\" content=\"1 minut\" \/>\n<script type=\"application\/ld+json\" class=\"yoast-schema-graph\">{\"@context\":\"https:\\\/\\\/schema.org\",\"@graph\":[{\"@type\":[\"WebPage\",\"ItemPage\"],\"@id\":\"https:\\\/\\\/lustandlove.eu\\\/et\\\/toode\\\/corny-vibraator\\\/\",\"url\":\"https:\\\/\\\/lustandlove.eu\\\/et\\\/toode\\\/corny-vibraator\\\/\",\"name\":\"Corny Vibraator | Lust and Love\",\"isPartOf\":{\"@id\":\"https:\\\/\\\/lustandlove.eu\\\/et\\\/#website\"},\"primaryImageOfPage\":{\"@id\":\"https:\\\/\\\/lustandlove.eu\\\/et\\\/toode\\\/corny-vibraator\\\/#primaryimage\"},\"image\":{\"@id\":\"https:\\\/\\\/lustandlove.eu\\\/et\\\/toode\\\/corny-vibraator\\\/#primaryimage\"},\"thumbnailUrl\":\"https:\\\/\\\/lustandlove.eu\\\/wp-content\\\/uploads\\\/peech-vibrator-corny-0764460998115-29206040379426.jpg.jpeg\",\"datePublished\":\"2026-02-25T08:13:54+00:00\",\"dateModified\":\"2026-04-13T07:26:17+00:00\",\"description\":\"Corny ei ole ainult v\u00e4ga ilus \u2013 see on m\u00f5eldud nii sisemiseks kui ka v\u00e4liseks naudinguks ning on valmistatud pehmest, kehale ohutust silikoonist ja on t\u00e4iesti veekindel.\",\"breadcrumb\":{\"@id\":\"https:\\\/\\\/lustandlove.eu\\\/et\\\/toode\\\/corny-vibraator\\\/#breadcrumb\"},\"inLanguage\":\"et\",\"potentialAction\":[{\"@type\":\"ReadAction\",\"target\":[\"https:\\\/\\\/lustandlove.eu\\\/et\\\/toode\\\/corny-vibraator\\\/\"]}]},{\"@type\":\"ImageObject\",\"inLanguage\":\"et\",\"@id\":\"https:\\\/\\\/lustandlove.eu\\\/et\\\/toode\\\/corny-vibraator\\\/#primaryimage\",\"url\":\"https:\\\/\\\/lustandlove.eu\\\/wp-content\\\/uploads\\\/peech-vibrator-corny-0764460998115-29206040379426.jpg.jpeg\",\"contentUrl\":\"https:\\\/\\\/lustandlove.eu\\\/wp-content\\\/uploads\\\/peech-vibrator-corny-0764460998115-29206040379426.jpg.jpeg\",\"width\":1400,\"height\":1400},{\"@type\":\"BreadcrumbList\",\"@id\":\"https:\\\/\\\/lustandlove.eu\\\/et\\\/toode\\\/corny-vibraator\\\/#breadcrumb\",\"itemListElement\":[{\"@type\":\"ListItem\",\"position\":1,\"name\":\"Lust and Love\",\"item\":\"https:\\\/\\\/lustandlove.eu\\\/et\\\/\"},{\"@type\":\"ListItem\",\"position\":2,\"name\":\"Pood\",\"item\":\"https:\\\/\\\/lustandlove.eu\\\/et\\\/pood\\\/\"},{\"@type\":\"ListItem\",\"position\":3,\"name\":\"Sekslelud\",\"item\":\"https:\\\/\\\/lustandlove.eu\\\/et\\\/pood\\\/sekslelud\\\/\"},{\"@type\":\"ListItem\",\"position\":4,\"name\":\"Vibraatorid\",\"item\":\"https:\\\/\\\/lustandlove.eu\\\/et\\\/pood\\\/sekslelud\\\/vibraatorid\\\/\"},{\"@type\":\"ListItem\",\"position\":5,\"name\":\"Klassikalised\",\"item\":\"https:\\\/\\\/lustandlove.eu\\\/et\\\/pood\\\/sekslelud\\\/vibraatorid\\\/klassikalised\\\/\"},{\"@type\":\"ListItem\",\"position\":6,\"name\":\"Corny Vibraator\"}]},{\"@type\":\"WebSite\",\"@id\":\"https:\\\/\\\/lustandlove.eu\\\/et\\\/#website\",\"url\":\"https:\\\/\\\/lustandlove.eu\\\/et\\\/\",\"name\":\"Lust &amp; Love\",\"description\":\"Online erootikapood tervise, ilu ja armastuse jaoks\",\"publisher\":{\"@id\":\"https:\\\/\\\/lustandlove.eu\\\/et\\\/#organization\"},\"potentialAction\":[{\"@type\":\"SearchAction\",\"target\":{\"@type\":\"EntryPoint\",\"urlTemplate\":\"https:\\\/\\\/lustandlove.eu\\\/et\\\/?s={search_term_string}\"},\"query-input\":{\"@type\":\"PropertyValueSpecification\",\"valueRequired\":true,\"valueName\":\"search_term_string\"}}],\"inLanguage\":\"et\"},{\"@type\":\"Organization\",\"@id\":\"https:\\\/\\\/lustandlove.eu\\\/et\\\/#organization\",\"name\":\"Bioconcept Baltics O\u00dc\",\"url\":\"https:\\\/\\\/lustandlove.eu\\\/et\\\/\",\"logo\":{\"@type\":\"ImageObject\",\"inLanguage\":\"et\",\"@id\":\"https:\\\/\\\/lustandlove.eu\\\/et\\\/#\\\/schema\\\/logo\\\/image\\\/\",\"url\":\"\",\"contentUrl\":\"\",\"caption\":\"Bioconcept Baltics O\u00dc\"},\"image\":{\"@id\":\"https:\\\/\\\/lustandlove.eu\\\/et\\\/#\\\/schema\\\/logo\\\/image\\\/\"},\"sameAs\":[\"https:\\\/\\\/www.facebook.com\\\/LustandLoveEU\\\/\",\"https:\\\/\\\/www.instagram.com\\\/lustandloveeu\\\/\"]}]}<\/script>\n<!-- \/ Yoast SEO plugin. -->","yoast_head_json":{"title":"Corny Vibraator | Lust and Love","description":"Corny ei ole ainult v\u00e4ga ilus \u2013 see on m\u00f5eldud nii sisemiseks kui ka v\u00e4liseks naudinguks ning on valmistatud pehmest, kehale ohutust silikoonist ja on t\u00e4iesti veekindel.","robots":{"index,follow,max-snippet":"index,follow,max-snippet:-1,max-image-preview:large,max-video-preview:-1"},"canonical":"https:\/\/lustandlove.eu\/et\/toode\/corny-vibraator\/","twitter_card":"summary_large_image","twitter_title":"Corny Vibraator | Lust and Love","twitter_description":"Corny ei ole ainult v\u00e4ga ilus \u2013 see on m\u00f5eldud nii sisemiseks kui ka v\u00e4liseks naudinguks ning on valmistatud pehmest, kehale ohutust silikoonist ja on t\u00e4iesti veekindel.","twitter_image":"https:\/\/lustandlove.eu\/wp-content\/uploads\/peech-vibrator-corny-0764460998115-29206040379426.jpg.jpeg","twitter_misc":{"Est. reading time":"1 minut"},"schema":{"@context":"https:\/\/schema.org","@graph":[{"@type":["WebPage","ItemPage"],"@id":"https:\/\/lustandlove.eu\/et\/toode\/corny-vibraator\/","url":"https:\/\/lustandlove.eu\/et\/toode\/corny-vibraator\/","name":"Corny Vibraator | Lust and Love","isPartOf":{"@id":"https:\/\/lustandlove.eu\/et\/#website"},"primaryImageOfPage":{"@id":"https:\/\/lustandlove.eu\/et\/toode\/corny-vibraator\/#primaryimage"},"image":{"@id":"https:\/\/lustandlove.eu\/et\/toode\/corny-vibraator\/#primaryimage"},"thumbnailUrl":"https:\/\/lustandlove.eu\/wp-content\/uploads\/peech-vibrator-corny-0764460998115-29206040379426.jpg.jpeg","datePublished":"2026-02-25T08:13:54+00:00","dateModified":"2026-04-13T07:26:17+00:00","description":"Corny ei ole ainult v\u00e4ga ilus \u2013 see on m\u00f5eldud nii sisemiseks kui ka v\u00e4liseks naudinguks ning on valmistatud pehmest, kehale ohutust silikoonist ja on t\u00e4iesti veekindel.","breadcrumb":{"@id":"https:\/\/lustandlove.eu\/et\/toode\/corny-vibraator\/#breadcrumb"},"inLanguage":"et","potentialAction":[{"@type":"ReadAction","target":["https:\/\/lustandlove.eu\/et\/toode\/corny-vibraator\/"]}]},{"@type":"ImageObject","inLanguage":"et","@id":"https:\/\/lustandlove.eu\/et\/toode\/corny-vibraator\/#primaryimage","url":"https:\/\/lustandlove.eu\/wp-content\/uploads\/peech-vibrator-corny-0764460998115-29206040379426.jpg.jpeg","contentUrl":"https:\/\/lustandlove.eu\/wp-content\/uploads\/peech-vibrator-corny-0764460998115-29206040379426.jpg.jpeg","width":1400,"height":1400},{"@type":"BreadcrumbList","@id":"https:\/\/lustandlove.eu\/et\/toode\/corny-vibraator\/#breadcrumb","itemListElement":[{"@type":"ListItem","position":1,"name":"Lust and Love","item":"https:\/\/lustandlove.eu\/et\/"},{"@type":"ListItem","position":2,"name":"Pood","item":"https:\/\/lustandlove.eu\/et\/pood\/"},{"@type":"ListItem","position":3,"name":"Sekslelud","item":"https:\/\/lustandlove.eu\/et\/pood\/sekslelud\/"},{"@type":"ListItem","position":4,"name":"Vibraatorid","item":"https:\/\/lustandlove.eu\/et\/pood\/sekslelud\/vibraatorid\/"},{"@type":"ListItem","position":5,"name":"Klassikalised","item":"https:\/\/lustandlove.eu\/et\/pood\/sekslelud\/vibraatorid\/klassikalised\/"},{"@type":"ListItem","position":6,"name":"Corny Vibraator"}]},{"@type":"WebSite","@id":"https:\/\/lustandlove.eu\/et\/#website","url":"https:\/\/lustandlove.eu\/et\/","name":"Lust &amp; Love","description":"Online erootikapood tervise, ilu ja armastuse jaoks","publisher":{"@id":"https:\/\/lustandlove.eu\/et\/#organization"},"potentialAction":[{"@type":"SearchAction","target":{"@type":"EntryPoint","urlTemplate":"https:\/\/lustandlove.eu\/et\/?s={search_term_string}"},"query-input":{"@type":"PropertyValueSpecification","valueRequired":true,"valueName":"search_term_string"}}],"inLanguage":"et"},{"@type":"Organization","@id":"https:\/\/lustandlove.eu\/et\/#organization","name":"Bioconcept Baltics O\u00dc","url":"https:\/\/lustandlove.eu\/et\/","logo":{"@type":"ImageObject","inLanguage":"et","@id":"https:\/\/lustandlove.eu\/et\/#\/schema\/logo\/image\/","url":"","contentUrl":"","caption":"Bioconcept Baltics O\u00dc"},"image":{"@id":"https:\/\/lustandlove.eu\/et\/#\/schema\/logo\/image\/"},"sameAs":["https:\/\/www.facebook.com\/LustandLoveEU\/","https:\/\/www.instagram.com\/lustandloveeu\/"]}]}},"_links":{"self":[{"href":"https:\/\/lustandlove.eu\/et\/wp-json\/wp\/v2\/product\/95289","targetHints":{"allow":["GET"]}}],"collection":[{"href":"https:\/\/lustandlove.eu\/et\/wp-json\/wp\/v2\/product"}],"about":[{"href":"https:\/\/lustandlove.eu\/et\/wp-json\/wp\/v2\/types\/product"}],"wp:featuredmedia":[{"embeddable":true,"href":"https:\/\/lustandlove.eu\/et\/wp-json\/wp\/v2\/media\/95301"}],"wp:attachment":[{"href":"https:\/\/lustandlove.eu\/et\/wp-json\/wp\/v2\/media?parent=95289"}],"wp:term":[{"taxonomy":"product_brand","embeddable":true,"href":"https:\/\/lustandlove.eu\/et\/wp-json\/wp\/v2\/product_brand?post=95289"},{"taxonomy":"product_cat","embeddable":true,"href":"https:\/\/lustandlove.eu\/et\/wp-json\/wp\/v2\/product_cat?post=95289"},{"taxonomy":"product_tag","embeddable":true,"href":"https:\/\/lustandlove.eu\/et\/wp-json\/wp\/v2\/product_tag?post=95289"}],"curies":[{"name":"wp","href":"https:\/\/api.w.org\/{rel}","templated":true}]}}