{"id":95305,"date":"2026-02-25T10:21:58","date_gmt":"2026-02-25T08:21:58","guid":{"rendered":"https:\/\/lustandlove.eu\/?post_type=product&#038;p=95305"},"modified":"2026-04-13T10:26:17","modified_gmt":"2026-04-13T07:26:17","slug":"clamy-ohusurvestimulaator","status":"publish","type":"product","link":"https:\/\/lustandlove.eu\/et\/toode\/clamy-ohusurvestimulaator\/","title":{"rendered":"Clamy \u00f5husurvestimulaator"},"content":{"rendered":"<p>Clamy on valmistatud siidpehmest silikoonist ja on v\u00e4ike ning ergonoomilise disainiga, mist\u00f5ttu saate seda h\u00f5lpsasti liigutada ja leida endale sobivaima koha. Veidi v\u00e4iksema stimulaatori eeliseks v\u00f5rreldes n\u00e4iteks Satisfyer Proga on see, et v\u00e4iksem ava tagab t\u00e4psema stimuleerimise \u2013 nii saate t\u00f5esti tunda, kui olete leidnud \u00f5ige koha.<\/p>\n<p>Clamy on ka veekindel, nii et saad seda proovida vannis ja tunda, kuidas vesi muudab \u00f5hulaineid. Samal ajal muutub puhastamine veelgi lihtsamaks \u2013 v\u00f5ta vannis olles lihtsalt m\u00e4nguasjade puhastusvahend v\u00f5i pehme antibakteriaalne seep, et saaksid p\u00e4rast kasutamist kiiresti ja lihtsalt puhastada.<\/p>\n<p>Kogege, kuidas 7 erineva intensiivsuse tasemega pulseeriv ja imemisj\u00f5ud liigub s\u00fcgavamale ja stimuleerib kliitori sisemist osa! Kasutage Clamy&#8217;t koos veep\u00f5hise libestiga, et saada veelgi meeldivam libisemistunne.<\/p>\n<p>M\u00f5\u00f5tmed:<br \/>\n6,4 x 5,5 cm<br \/>\nAva l\u00e4bim\u00f5\u00f5t: 1,3 cm<\/p>\n<p>Miks osta Clamy?<\/p>\n<p>Clamy on t\u00e4nu oma v\u00e4iksele ja ergonoomilisele kujule ideaalne stimulaator nii algajatele kui ka kogenud kasutajatele. Pulsseerivad \u00f5hulaineid voolavad v\u00e4ikesest avausest, pakkudes t\u00e4pset ja intensiivset stimulatsiooni, nii et sa ei pea kunagi kahtlema, kas oled \u00f5igel kohal. Lisaks on Clamy:<\/p>\n<p>Valmistatud kehale ohutust meditsiinilisest silikoonist ja ABS-ist<br \/>\nVeekindel<br \/>\nLaetav kaasasoleva USB-laadijaga<br \/>\nSobiv veep\u00f5hise libestiga<\/p>\n<p>&nbsp;<\/p>\n","protected":false},"excerpt":{"rendered":"<p><strong>K\u00f5ige armsam v\u00e4ike vaakumvibraator, mis on kujult nagu v\u00e4ike merekarp<\/strong><\/p>\n<p>Lase Clamy pulbitsevatel \u00f5hulaineil l\u00e4bi enda voolata ja saada parimat kliitori stimulatsiooni. Clamy on kliitori stimulaator, mis t\u00f6\u00f6tab kliitori suunas vibratsiooni asemel \u00f5hulaineid tekitades. Sellega saate stimuleerida nii kliitori n\u00e4htavat osa kui ka n\u00e4htamatut osa, kuna \u00f5hulaineid liiguvad \u00fcles l\u00e4bi kliitori harude, mis ulatuvad vaagnasse. See muudab tunnetuse veelgi intensiivsemaks, nii et kui saavutate Clamyga orgasmi, tundub see nagu naudingulaine \u00fcle uhtumine.<\/p>\n<p>&nbsp;<\/p>\n","protected":false},"featured_media":95313,"template":"","meta":[],"product_brand":[4229],"product_cat":[3982,1484,1488],"product_tag":[],"class_list":{"0":"post-95305","1":"product","2":"type-product","3":"status-publish","4":"has-post-thumbnail","6":"product_brand-peech-et","7":"product_cat-ohksurve-simulaator","8":"product_cat-sekslelud","9":"product_cat-vibraatorid","10":"pa_brand-peech-et","12":"first","13":"instock","14":"taxable","15":"shipping-taxable","16":"purchasable","17":"product-type-simple"},"yoast_head":"<!-- This site is optimized with the Yoast SEO plugin v27.3 - https:\/\/yoast.com\/product\/yoast-seo-wordpress\/ -->\n<title>Clamy \u00f5husurvestimulaator | Lust and Love<\/title>\n<meta name=\"description\" content=\"Clamy on ergonoomiline kliitori stimulaator, mis t\u00f6\u00f6tab kliitori suunas \u00f5hulaineid tekitades, ning sobib ideaalselt nii algajatele kui ka kogenud kasutajatele.\" \/>\n<meta name=\"robots\" content=\"index,follow,max-snippet:-1,max-image-preview:large,max-video-preview:-1\" \/>\n<link rel=\"canonical\" href=\"https:\/\/lustandlove.eu\/et\/toode\/clamy-ohusurvestimulaator\/\" \/>\n<meta name=\"twitter:card\" content=\"summary_large_image\" \/>\n<meta name=\"twitter:title\" content=\"Clamy \u00f5husurvestimulaator | Lust and Love\" \/>\n<meta name=\"twitter:description\" content=\"Clamy on ergonoomiline kliitori stimulaator, mis t\u00f6\u00f6tab kliitori suunas \u00f5hulaineid tekitades, ning sobib ideaalselt nii algajatele kui ka kogenud kasutajatele.\" \/>\n<meta name=\"twitter:image\" content=\"https:\/\/lustandlove.eu\/wp-content\/uploads\/peech-klitoris-stimulator-clamy-klitoris-vibrator-07255765983206-1167504785.jpg.jpeg\" \/>\n<meta name=\"twitter:label1\" content=\"Est. reading time\" \/>\n\t<meta name=\"twitter:data1\" content=\"1 minut\" \/>\n<script type=\"application\/ld+json\" class=\"yoast-schema-graph\">{\"@context\":\"https:\\\/\\\/schema.org\",\"@graph\":[{\"@type\":[\"WebPage\",\"ItemPage\"],\"@id\":\"https:\\\/\\\/lustandlove.eu\\\/et\\\/toode\\\/clamy-ohusurvestimulaator\\\/\",\"url\":\"https:\\\/\\\/lustandlove.eu\\\/et\\\/toode\\\/clamy-ohusurvestimulaator\\\/\",\"name\":\"Clamy \u00f5husurvestimulaator | Lust and Love\",\"isPartOf\":{\"@id\":\"https:\\\/\\\/lustandlove.eu\\\/et\\\/#website\"},\"primaryImageOfPage\":{\"@id\":\"https:\\\/\\\/lustandlove.eu\\\/et\\\/toode\\\/clamy-ohusurvestimulaator\\\/#primaryimage\"},\"image\":{\"@id\":\"https:\\\/\\\/lustandlove.eu\\\/et\\\/toode\\\/clamy-ohusurvestimulaator\\\/#primaryimage\"},\"thumbnailUrl\":\"https:\\\/\\\/lustandlove.eu\\\/wp-content\\\/uploads\\\/peech-klitoris-stimulator-clamy-klitoris-vibrator-07255765983206-1167504785.jpg.jpeg\",\"datePublished\":\"2026-02-25T08:21:58+00:00\",\"dateModified\":\"2026-04-13T07:26:17+00:00\",\"description\":\"Clamy on ergonoomiline kliitori stimulaator, mis t\u00f6\u00f6tab kliitori suunas \u00f5hulaineid tekitades, ning sobib ideaalselt nii algajatele kui ka kogenud kasutajatele.\",\"breadcrumb\":{\"@id\":\"https:\\\/\\\/lustandlove.eu\\\/et\\\/toode\\\/clamy-ohusurvestimulaator\\\/#breadcrumb\"},\"inLanguage\":\"et\",\"potentialAction\":[{\"@type\":\"ReadAction\",\"target\":[\"https:\\\/\\\/lustandlove.eu\\\/et\\\/toode\\\/clamy-ohusurvestimulaator\\\/\"]}]},{\"@type\":\"ImageObject\",\"inLanguage\":\"et\",\"@id\":\"https:\\\/\\\/lustandlove.eu\\\/et\\\/toode\\\/clamy-ohusurvestimulaator\\\/#primaryimage\",\"url\":\"https:\\\/\\\/lustandlove.eu\\\/wp-content\\\/uploads\\\/peech-klitoris-stimulator-clamy-klitoris-vibrator-07255765983206-1167504785.jpg.jpeg\",\"contentUrl\":\"https:\\\/\\\/lustandlove.eu\\\/wp-content\\\/uploads\\\/peech-klitoris-stimulator-clamy-klitoris-vibrator-07255765983206-1167504785.jpg.jpeg\",\"width\":1400,\"height\":1400},{\"@type\":\"BreadcrumbList\",\"@id\":\"https:\\\/\\\/lustandlove.eu\\\/et\\\/toode\\\/clamy-ohusurvestimulaator\\\/#breadcrumb\",\"itemListElement\":[{\"@type\":\"ListItem\",\"position\":1,\"name\":\"Lust and Love\",\"item\":\"https:\\\/\\\/lustandlove.eu\\\/et\\\/\"},{\"@type\":\"ListItem\",\"position\":2,\"name\":\"Pood\",\"item\":\"https:\\\/\\\/lustandlove.eu\\\/et\\\/pood\\\/\"},{\"@type\":\"ListItem\",\"position\":3,\"name\":\"Sekslelud\",\"item\":\"https:\\\/\\\/lustandlove.eu\\\/et\\\/pood\\\/sekslelud\\\/\"},{\"@type\":\"ListItem\",\"position\":4,\"name\":\"Vibraatorid\",\"item\":\"https:\\\/\\\/lustandlove.eu\\\/et\\\/pood\\\/sekslelud\\\/vibraatorid\\\/\"},{\"@type\":\"ListItem\",\"position\":5,\"name\":\"\u00d5hksurve simulaator\",\"item\":\"https:\\\/\\\/lustandlove.eu\\\/et\\\/pood\\\/sekslelud\\\/vibraatorid\\\/ohksurve-simulaator\\\/\"},{\"@type\":\"ListItem\",\"position\":6,\"name\":\"Clamy \u00f5husurvestimulaator\"}]},{\"@type\":\"WebSite\",\"@id\":\"https:\\\/\\\/lustandlove.eu\\\/et\\\/#website\",\"url\":\"https:\\\/\\\/lustandlove.eu\\\/et\\\/\",\"name\":\"Lust &amp; Love\",\"description\":\"Online erootikapood tervise, ilu ja armastuse jaoks\",\"publisher\":{\"@id\":\"https:\\\/\\\/lustandlove.eu\\\/et\\\/#organization\"},\"potentialAction\":[{\"@type\":\"SearchAction\",\"target\":{\"@type\":\"EntryPoint\",\"urlTemplate\":\"https:\\\/\\\/lustandlove.eu\\\/et\\\/?s={search_term_string}\"},\"query-input\":{\"@type\":\"PropertyValueSpecification\",\"valueRequired\":true,\"valueName\":\"search_term_string\"}}],\"inLanguage\":\"et\"},{\"@type\":\"Organization\",\"@id\":\"https:\\\/\\\/lustandlove.eu\\\/et\\\/#organization\",\"name\":\"Bioconcept Baltics O\u00dc\",\"url\":\"https:\\\/\\\/lustandlove.eu\\\/et\\\/\",\"logo\":{\"@type\":\"ImageObject\",\"inLanguage\":\"et\",\"@id\":\"https:\\\/\\\/lustandlove.eu\\\/et\\\/#\\\/schema\\\/logo\\\/image\\\/\",\"url\":\"\",\"contentUrl\":\"\",\"caption\":\"Bioconcept Baltics O\u00dc\"},\"image\":{\"@id\":\"https:\\\/\\\/lustandlove.eu\\\/et\\\/#\\\/schema\\\/logo\\\/image\\\/\"},\"sameAs\":[\"https:\\\/\\\/www.facebook.com\\\/LustandLoveEU\\\/\",\"https:\\\/\\\/www.instagram.com\\\/lustandloveeu\\\/\"]}]}<\/script>\n<!-- \/ Yoast SEO plugin. -->","yoast_head_json":{"title":"Clamy \u00f5husurvestimulaator | Lust and Love","description":"Clamy on ergonoomiline kliitori stimulaator, mis t\u00f6\u00f6tab kliitori suunas \u00f5hulaineid tekitades, ning sobib ideaalselt nii algajatele kui ka kogenud kasutajatele.","robots":{"index,follow,max-snippet":"index,follow,max-snippet:-1,max-image-preview:large,max-video-preview:-1"},"canonical":"https:\/\/lustandlove.eu\/et\/toode\/clamy-ohusurvestimulaator\/","twitter_card":"summary_large_image","twitter_title":"Clamy \u00f5husurvestimulaator | Lust and Love","twitter_description":"Clamy on ergonoomiline kliitori stimulaator, mis t\u00f6\u00f6tab kliitori suunas \u00f5hulaineid tekitades, ning sobib ideaalselt nii algajatele kui ka kogenud kasutajatele.","twitter_image":"https:\/\/lustandlove.eu\/wp-content\/uploads\/peech-klitoris-stimulator-clamy-klitoris-vibrator-07255765983206-1167504785.jpg.jpeg","twitter_misc":{"Est. reading time":"1 minut"},"schema":{"@context":"https:\/\/schema.org","@graph":[{"@type":["WebPage","ItemPage"],"@id":"https:\/\/lustandlove.eu\/et\/toode\/clamy-ohusurvestimulaator\/","url":"https:\/\/lustandlove.eu\/et\/toode\/clamy-ohusurvestimulaator\/","name":"Clamy \u00f5husurvestimulaator | Lust and Love","isPartOf":{"@id":"https:\/\/lustandlove.eu\/et\/#website"},"primaryImageOfPage":{"@id":"https:\/\/lustandlove.eu\/et\/toode\/clamy-ohusurvestimulaator\/#primaryimage"},"image":{"@id":"https:\/\/lustandlove.eu\/et\/toode\/clamy-ohusurvestimulaator\/#primaryimage"},"thumbnailUrl":"https:\/\/lustandlove.eu\/wp-content\/uploads\/peech-klitoris-stimulator-clamy-klitoris-vibrator-07255765983206-1167504785.jpg.jpeg","datePublished":"2026-02-25T08:21:58+00:00","dateModified":"2026-04-13T07:26:17+00:00","description":"Clamy on ergonoomiline kliitori stimulaator, mis t\u00f6\u00f6tab kliitori suunas \u00f5hulaineid tekitades, ning sobib ideaalselt nii algajatele kui ka kogenud kasutajatele.","breadcrumb":{"@id":"https:\/\/lustandlove.eu\/et\/toode\/clamy-ohusurvestimulaator\/#breadcrumb"},"inLanguage":"et","potentialAction":[{"@type":"ReadAction","target":["https:\/\/lustandlove.eu\/et\/toode\/clamy-ohusurvestimulaator\/"]}]},{"@type":"ImageObject","inLanguage":"et","@id":"https:\/\/lustandlove.eu\/et\/toode\/clamy-ohusurvestimulaator\/#primaryimage","url":"https:\/\/lustandlove.eu\/wp-content\/uploads\/peech-klitoris-stimulator-clamy-klitoris-vibrator-07255765983206-1167504785.jpg.jpeg","contentUrl":"https:\/\/lustandlove.eu\/wp-content\/uploads\/peech-klitoris-stimulator-clamy-klitoris-vibrator-07255765983206-1167504785.jpg.jpeg","width":1400,"height":1400},{"@type":"BreadcrumbList","@id":"https:\/\/lustandlove.eu\/et\/toode\/clamy-ohusurvestimulaator\/#breadcrumb","itemListElement":[{"@type":"ListItem","position":1,"name":"Lust and Love","item":"https:\/\/lustandlove.eu\/et\/"},{"@type":"ListItem","position":2,"name":"Pood","item":"https:\/\/lustandlove.eu\/et\/pood\/"},{"@type":"ListItem","position":3,"name":"Sekslelud","item":"https:\/\/lustandlove.eu\/et\/pood\/sekslelud\/"},{"@type":"ListItem","position":4,"name":"Vibraatorid","item":"https:\/\/lustandlove.eu\/et\/pood\/sekslelud\/vibraatorid\/"},{"@type":"ListItem","position":5,"name":"\u00d5hksurve simulaator","item":"https:\/\/lustandlove.eu\/et\/pood\/sekslelud\/vibraatorid\/ohksurve-simulaator\/"},{"@type":"ListItem","position":6,"name":"Clamy \u00f5husurvestimulaator"}]},{"@type":"WebSite","@id":"https:\/\/lustandlove.eu\/et\/#website","url":"https:\/\/lustandlove.eu\/et\/","name":"Lust &amp; Love","description":"Online erootikapood tervise, ilu ja armastuse jaoks","publisher":{"@id":"https:\/\/lustandlove.eu\/et\/#organization"},"potentialAction":[{"@type":"SearchAction","target":{"@type":"EntryPoint","urlTemplate":"https:\/\/lustandlove.eu\/et\/?s={search_term_string}"},"query-input":{"@type":"PropertyValueSpecification","valueRequired":true,"valueName":"search_term_string"}}],"inLanguage":"et"},{"@type":"Organization","@id":"https:\/\/lustandlove.eu\/et\/#organization","name":"Bioconcept Baltics O\u00dc","url":"https:\/\/lustandlove.eu\/et\/","logo":{"@type":"ImageObject","inLanguage":"et","@id":"https:\/\/lustandlove.eu\/et\/#\/schema\/logo\/image\/","url":"","contentUrl":"","caption":"Bioconcept Baltics O\u00dc"},"image":{"@id":"https:\/\/lustandlove.eu\/et\/#\/schema\/logo\/image\/"},"sameAs":["https:\/\/www.facebook.com\/LustandLoveEU\/","https:\/\/www.instagram.com\/lustandloveeu\/"]}]}},"_links":{"self":[{"href":"https:\/\/lustandlove.eu\/et\/wp-json\/wp\/v2\/product\/95305","targetHints":{"allow":["GET"]}}],"collection":[{"href":"https:\/\/lustandlove.eu\/et\/wp-json\/wp\/v2\/product"}],"about":[{"href":"https:\/\/lustandlove.eu\/et\/wp-json\/wp\/v2\/types\/product"}],"wp:featuredmedia":[{"embeddable":true,"href":"https:\/\/lustandlove.eu\/et\/wp-json\/wp\/v2\/media\/95313"}],"wp:attachment":[{"href":"https:\/\/lustandlove.eu\/et\/wp-json\/wp\/v2\/media?parent=95305"}],"wp:term":[{"taxonomy":"product_brand","embeddable":true,"href":"https:\/\/lustandlove.eu\/et\/wp-json\/wp\/v2\/product_brand?post=95305"},{"taxonomy":"product_cat","embeddable":true,"href":"https:\/\/lustandlove.eu\/et\/wp-json\/wp\/v2\/product_cat?post=95305"},{"taxonomy":"product_tag","embeddable":true,"href":"https:\/\/lustandlove.eu\/et\/wp-json\/wp\/v2\/product_tag?post=95305"}],"curies":[{"name":"wp","href":"https:\/\/api.w.org\/{rel}","templated":true}]}}